{"id":68223,"date":"2022-04-05T10:19:12","date_gmt":"2022-04-05T09:19:12","guid":{"rendered":"https:\/\/gojuteinternational.com\/sobre-nosotros\/politica-de-privacidad\/"},"modified":"2024-01-08T17:34:35","modified_gmt":"2024-01-08T16:34:35","slug":"politica-de-privacidad","status":"publish","type":"page","link":"https:\/\/gojuteinternational.com\/es\/sobre-nosotros\/politica-de-privacidad\/","title":{"rendered":"Pol\u00edtica de privacidad"},"content":{"rendered":"\t\t<div data-elementor-type=\"wp-page\" data-elementor-id=\"68223\" class=\"elementor elementor-68223 elementor-697\" data-elementor-post-type=\"page\">\n\t\t\t\t\t\t\t\t\t<section class=\"elementor-section elementor-top-section elementor-element elementor-element-638a529 elementor-section-boxed elementor-section-height-default elementor-section-height-default\" data-id=\"638a529\" data-element_type=\"section\" data-settings=\"{&quot;background_background&quot;:&quot;classic&quot;,&quot;shape_divider_bottom&quot;:&quot;tilt&quot;}\">\n\t\t\t\t\t<div class=\"elementor-shape elementor-shape-bottom\" data-negative=\"false\">\n\t\t\t<svg xmlns=\"http:\/\/www.w3.org\/2000\/svg\" viewBox=\"0 0 1000 100\" preserveAspectRatio=\"none\">\n\t<path class=\"elementor-shape-fill\" d=\"M0,6V0h1000v100L0,6z\"\/>\n<\/svg>\t\t<\/div>\n\t\t\t\t\t<div class=\"elementor-container elementor-column-gap-default\">\n\t\t\t\t\t<div class=\"elementor-column elementor-col-100 elementor-top-column elementor-element elementor-element-e076ab2\" data-id=\"e076ab2\" data-element_type=\"column\">\n\t\t\t<div class=\"elementor-widget-wrap elementor-element-populated\">\n\t\t\t\t\t\t\t\t<div class=\"elementor-element elementor-element-b18db86 elementor-widget elementor-widget-heading\" data-id=\"b18db86\" data-element_type=\"widget\" data-widget_type=\"heading.default\">\n\t\t\t\t<div class=\"elementor-widget-container\">\n\t\t\t<style>\/*! elementor - v3.18.0 - 20-12-2023 *\/\n.elementor-heading-title{padding:0;margin:0;line-height:1}.elementor-widget-heading .elementor-heading-title[class*=elementor-size-]>a{color:inherit;font-size:inherit;line-height:inherit}.elementor-widget-heading .elementor-heading-title.elementor-size-small{font-size:15px}.elementor-widget-heading .elementor-heading-title.elementor-size-medium{font-size:19px}.elementor-widget-heading .elementor-heading-title.elementor-size-large{font-size:29px}.elementor-widget-heading .elementor-heading-title.elementor-size-xl{font-size:39px}.elementor-widget-heading .elementor-heading-title.elementor-size-xxl{font-size:59px}<\/style><h2 class=\"elementor-heading-title elementor-size-default\">Pol\u00edtica de privacidad<\/h2>\t\t<\/div>\n\t\t\t\t<\/div>\n\t\t\t\t<div class=\"elementor-element elementor-element-a39f45e elementor-widget elementor-widget-heading\" data-id=\"a39f45e\" data-element_type=\"widget\" data-widget_type=\"heading.default\">\n\t\t\t\t<div class=\"elementor-widget-container\">\n\t\t\t<h2 class=\"elementor-heading-title elementor-size-default\">Esta pol\u00edtica establece c\u00f3mo utilizamos y protegemos su informaci\u00f3n cuando visita este sitio web<\/h2>\t\t<\/div>\n\t\t\t\t<\/div>\n\t\t\t\t<div class=\"elementor-element elementor-element-1d554a1 elementor-widget elementor-widget-text-editor\" data-id=\"1d554a1\" data-element_type=\"widget\" data-widget_type=\"text-editor.default\">\n\t\t\t\t<div class=\"elementor-widget-container\">\n\t\t\t<style>\/*! elementor - v3.18.0 - 20-12-2023 *\/\n.elementor-widget-text-editor.elementor-drop-cap-view-stacked .elementor-drop-cap{background-color:#69727d;color:#fff}.elementor-widget-text-editor.elementor-drop-cap-view-framed .elementor-drop-cap{color:#69727d;border:3px solid;background-color:transparent}.elementor-widget-text-editor:not(.elementor-drop-cap-view-default) .elementor-drop-cap{margin-top:8px}.elementor-widget-text-editor:not(.elementor-drop-cap-view-default) .elementor-drop-cap-letter{width:1em;height:1em}.elementor-widget-text-editor .elementor-drop-cap{float:left;text-align:center;line-height:1;font-size:50px}.elementor-widget-text-editor .elementor-drop-cap-letter{display:inline-block}<\/style>\t\t\t\t<p><strong>GoJute se compromete a garantizar la protecci\u00f3n de su privacidad. En caso de que le pidamos que facilite determinada informaci\u00f3n que permita identificarle al utilizar este sitio web, puede estar seguro de que s\u00f3lo se utilizar\u00e1 de acuerdo con esta declaraci\u00f3n de privacidad. GoJute puede cambiar esta pol\u00edtica de vez en cuando actualizando esta p\u00e1gina. Debe consultar esta p\u00e1gina para asegurarse de que est\u00e1 conforme con los cambios.<\/strong><\/p>\n<p><i>Esta pol\u00edtica entrar\u00e1 en vigor el 8 de mayo de 2019.<\/i><\/p>\n\t\t\t\t\t\t<\/div>\n\t\t\t\t<\/div>\n\t\t\t\t\t<\/div>\n\t\t<\/div>\n\t\t\t\t\t\t\t<\/div>\n\t\t<\/section>\n\t\t\t\t<section class=\"elementor-section elementor-top-section elementor-element elementor-element-46ba6ada elementor-section-content-middle elementor-section-boxed elementor-section-height-default elementor-section-height-default\" data-id=\"46ba6ada\" data-element_type=\"section\">\n\t\t\t\t\t\t<div class=\"elementor-container elementor-column-gap-no\">\n\t\t\t\t\t<div class=\"elementor-column elementor-col-100 elementor-top-column elementor-element elementor-element-7b174cf1\" data-id=\"7b174cf1\" data-element_type=\"column\">\n\t\t\t<div class=\"elementor-widget-wrap elementor-element-populated\">\n\t\t\t\t\t\t\t\t<div class=\"elementor-element elementor-element-59149f9c elementor-widget elementor-widget-text-editor\" data-id=\"59149f9c\" data-element_type=\"widget\" data-widget_type=\"text-editor.default\">\n\t\t\t\t<div class=\"elementor-widget-container\">\n\t\t\t\t\t\t\t<p><strong>Qu\u00e9 informaci\u00f3n personal recopilamos<\/strong><\/p>\n<p>A continuaci\u00f3n figura la lista completa de datos personales que podemos recopilar y almacenar de forma segura cuando usted se pone en contacto con GoJute a trav\u00e9s de este sitio web:<\/p>\n<p>Nombre y apellidos<br \/>Direcci\u00f3n de correo electr\u00f3nico<br \/>N\u00famero de tel\u00e9fono<br \/>Sector \/ Grupo de inter\u00e9s<\/p>\n<p>Si decide realizar una compra en l\u00ednea a trav\u00e9s de nuestra tienda Shopify (www.gojute.myshopify.com), se recopilar\u00e1n datos adicionales y deber\u00e1 consultar la pol\u00edtica de privacidad independiente aplicable a dicho sitio web.<\/p>\n<p><strong>C\u00f3mo y por qu\u00e9 recopilamos sus datos personales<\/strong><\/p>\n<p>La mayor\u00eda de nuestros servicios no requieren ning\u00fan tipo de dato personal, lo que le permite visitar nuestro sitio sin decirnos qui\u00e9n es. Sin embargo, algunos servicios requieren que nos facilite datos personales.<\/p>\n<p>GoJute s\u00f3lo recoger\u00e1 sus datos personales a trav\u00e9s de este sitio web en los formularios que figuran a continuaci\u00f3n:<\/p>\n<p>P\u00f3ngase en contacto con nosotros<br \/>Solicitar presupuesto<br \/>Solicitar una devoluci\u00f3n de llamada<br \/>Formularios de suscripci\u00f3n al bolet\u00edn<\/p>\n<p>Limitamos nuestra recopilaci\u00f3n de datos personales a la informaci\u00f3n b\u00e1sica que necesitamos para ofrecerle un presupuesto completo y, con su consentimiento, proporcionarle marketing mensual por correo electr\u00f3nico. Al enviar cualquiera de nuestros formularios en l\u00ednea, nos est\u00e1 dando su consentimiento para utilizar los datos personales que nos ha facilitado para ponernos en contacto con usted en relaci\u00f3n con su consulta. Estos datos se almacenan en la base de datos de nuestro sitio web, protegida por un certificado SSL v\u00e1lido. Sus datos podr\u00e1n almacenarse posteriormente en nuestro sistema CRM interno seguro para que podamos procesar su consulta.<\/p>\n<p>Si realiza una compra, guardaremos sus datos de compra, incluidos su nombre, direcci\u00f3n, direcci\u00f3n de correo electr\u00f3nico, n\u00famero de tel\u00e9fono e informaci\u00f3n de la empresa, incluida la informaci\u00f3n financiera de la empresa, en nuestro CRM seguro interno cuando sea necesario. Estos datos se conservar\u00e1n durante siete a\u00f1os, a menos que nos pida que los eliminemos.<\/p>\n<p><strong>C\u00f3mo procesamos y almacenamos sus datos personales<\/strong><\/p>\n<p>Todos los datos personales que proporcione a GoJute a trav\u00e9s de gojute.es se almacenar\u00e1n en la base de datos de nuestro sitio web. Nuestra base de datos est\u00e1 protegida mediante un certificado SSL est\u00e1ndar que garantiza la protecci\u00f3n y codificaci\u00f3n de sus datos. S\u00f3lo pueden acceder a sus datos los miembros verificados del equipo de GoJute. Si decide seguir adelante con su presupuesto, sus datos se transferir\u00e1n a nuestro sistema CRM interno seguro.<\/p>\n<p>Si opta por suscribirse a nuestro marketing por correo electr\u00f3nico, sus datos personales (direcci\u00f3n de correo electr\u00f3nico, nombre y apellidos) se almacenar\u00e1n y procesar\u00e1n de forma segura a trav\u00e9s de nuestra plataforma de marketing por correo electr\u00f3nico. Utilizamos MailChimp como plataforma de automatizaci\u00f3n de marketing. Al suscribirse a nuestra lista de contactos, usted reconoce que la informaci\u00f3n que proporcione ser\u00e1 transferida a MailChimp para su procesamiento de acuerdo con su Pol\u00edtica de Privacidad y Condiciones.<\/p>\n<p><strong>Nuestro procedimiento en caso de violaci\u00f3n de datos<\/strong><\/p>\n<p>Si sufrimos una violaci\u00f3n de los datos personales en GoJute, informaremos de ello a la autoridad supervisora pertinente en un plazo de 72 horas a partir del incidente. Si se determina que la infracci\u00f3n presenta un alto riesgo de afectar negativamente a los derechos y libertades de las personas, tambi\u00e9n informaremos a las personas afectadas sin demora indebida.<\/p>\n<p><strong>C\u00f3mo puede controlar sus datos personales<\/strong><\/p>\n<p>Puede actualizar sus datos personales poni\u00e9ndose directamente en contacto con nosotros. Tambi\u00e9n puede actualizar sus preferencias y datos de marketing por correo electr\u00f3nico seleccionando \u00abgestionar preferencias\u00bb en la parte inferior de cualquier bolet\u00edn que le enviemos. Si en alg\u00fan momento cambia de opini\u00f3n y no est\u00e1 de acuerdo con que sus datos sigan en nuestro sistema, tiene todo el derecho a darse de baja de nuestro marketing por correo electr\u00f3nico y eliminar cualquier dato personal que hayamos almacenado. Si lo solicita, eliminaremos cualquier registro que<br \/>requieren.<\/p>\n<p>P\u00f3ngase en contacto con nosotros en info@gojuteinternational.co.uk<\/p>\n<p><strong>Sus derechos en virtud del GDPR<\/strong><\/p>\n<p>El Reglamento General de Protecci\u00f3n de Datos (RGPD) (Reglamento (UE)2016\/679) le protege a usted y a sus datos.<\/p>\n<p>Para m\u00e1s informaci\u00f3n sobre el RGPD, visite el sitio web del Comisario de Informaci\u00f3n.<\/p>\n<p><strong>Pol\u00edtica de cookies<\/strong><\/p>\n<p>Para que nuestro sitio funcione correctamente, a veces colocamos peque\u00f1os archivos de datos llamados cookies en su dispositivo. La mayor\u00eda de los sitios web lo hacen.<\/p>\n<p>\u00bfQu\u00e9 son las cookies?<\/p>\n<p>Una cookie es un peque\u00f1o archivo de texto que un sitio web guarda en su ordenador o dispositivo m\u00f3vil cuando lo visita. Permite que el sitio web recuerde sus acciones y preferencias (como el inicio de sesi\u00f3n, el idioma, el tama\u00f1o de letra y otras preferencias de visualizaci\u00f3n) durante un periodo de tiempo, para que no tenga que volver a introducirlas cada vez que regrese al sitio o navegue de una p\u00e1gina a otra.<\/p>\n<p>\u00bfC\u00f3mo utilizamos las cookies?<\/p>\n<p>Utilizamos una serie de cookies diferentes para asegurarnos de que tenga una gran experiencia de usuario cuando visite gojute.es. A continuaci\u00f3n encontrar\u00e1 un resumen de los tipos de cookies que utilizamos.<\/p>\n<p>Cookies de rendimiento del sitio<\/p>\n<p>Este tipo de cookie recuerda sus preferencias para las herramientas que se encuentran en nuestro sitio web, para que no tenga que volver a configurarlas cada vez que lo visite.<\/p>\n<p>Cookies anal\u00edticas<\/p>\n<p>Estas cookies pueden decirnos si ha visitado el sitio anteriormente. Su navegador nos dir\u00e1 si tiene estas cookies y, si no las tiene, generaremos otras nuevas. Esto nos permite controlar c\u00f3mo los clientes utilizan nuestro sitio y nos ayuda a mejorar su experiencia.<\/p>\n<p>Cookies de marketing<\/p>\n<p>Estas cookies nos permiten hacer un seguimiento del \u00e9xito de nuestras campa\u00f1as de marketing. Por ejemplo, esto nos permite ver datos estad\u00edsticos que muestran c\u00f3mo nuestras campa\u00f1as de marketing han dado lugar a un aumento del tr\u00e1fico o de las ventas.<\/p>\n<p>Cookies de terceros<\/p>\n<p>Las \u00fanicas cookies que utilizamos que no proceden de GoJute son las que se enumeran a continuaci\u00f3n.<\/p>\n<p>Google Analytics<\/p>\n<p>Estas cookies de terceros nos permiten revisar el rendimiento de nuestro sitio y encontrar nuevas formas de mejorar su experiencia.<\/p>\n<p>Control de las cookies<\/p>\n<p>Para dejar de aceptar las cookies de nuestro sitio, s\u00f3lo tiene que hacer clic en \u00abcookies\u00bb en la esquina inferior izquierda de cualquier p\u00e1gina y seleccionar denegar. Tambi\u00e9n puede controlar y\/o eliminar las cookies a trav\u00e9s de su navegador &#8211; M\u00e1s informaci\u00f3n en aboutcookies.org. Puede eliminar todas las cookies que ya est\u00e1n en su ordenador y puede configurar la mayor\u00eda de los navegadores para que impidan su instalaci\u00f3n. Sin embargo, si lo hace, es posible que tenga que ajustar manualmente algunas preferencias cada vez que visite un sitio y que algunos servicios y funcionalidades no funcionen.<\/p>\n<p><strong>Enlaces a otros sitios web<\/strong><\/p>\n<p>Nuestro sitio web puede contener enlaces a otros sitios web de inter\u00e9s. Sin embargo, una vez que haya utilizado estos enlaces para salir de nuestro sitio, debe tener en cuenta que no tenemos ning\u00fan control sobre ese otro sitio web. Por lo tanto, no podemos responsabilizarnos de la protecci\u00f3n y privacidad de la informaci\u00f3n que proporcione al visitar dichos sitios, que no se rigen por la presente declaraci\u00f3n de privacidad.<\/p>\n<p>Debe actuar con cautela y consultar la declaraci\u00f3n de privacidad aplicable al sitio web en cuesti\u00f3n.<\/p>\n<p><strong>Registro ante el Comisario de Informaci\u00f3n<\/strong><\/p>\n<p>GoJute Ltd est\u00e1 registrada como responsable del tratamiento de datos ante el Comisionado de Informaci\u00f3n. Se trata de un requisito legal en el Reino Unido para las organizaciones que tratan datos personales.<\/p>\n<p>Puede encontrar nuestro registro aqu\u00ed: https:\/\/ico.org.uk\/esdwebpages\/search buscando GoJute Ltd.<\/p>\n<p>Recursos e informaci\u00f3n adicional<br \/>Ley de Protecci\u00f3n de Datos de 1998<br \/>Normativa sobre privacidad y comunicaciones electr\u00f3nicas de 2003<br \/>Normativa sobre privacidad y comunicaciones electr\u00f3nicas de 2003 &#8211; La Gu\u00eda<br \/>Pol\u00edtica de privacidad de Twitter<br \/>Pol\u00edtica de privacidad de Facebook<br \/>Pol\u00edtica de privacidad de Google<br \/>Pol\u00edtica de privacidad de Linkedin<br \/>Pol\u00edtica de privacidad de Mailchimp<br \/>Contacte con nosotros<\/p>\n<p>Si tiene alguna pregunta sobre nuestra pol\u00edtica de privacidad, p\u00f3ngase en contacto con info@gojuteinternational.co.uk.<\/p>\n\t\t\t\t\t\t<\/div>\n\t\t\t\t<\/div>\n\t\t\t\t\t<\/div>\n\t\t<\/div>\n\t\t\t\t\t\t\t<\/div>\n\t\t<\/section>\n\t\t\t\t\t\t\t<\/div>\n\t\t","protected":false},"excerpt":{"rendered":"<p>Pol\u00edtica de privacidad Esta pol\u00edtica establece c\u00f3mo utilizamos y protegemos su informaci\u00f3n cuando visita este sitio web GoJute se compromete a garantizar la protecci\u00f3n de su privacidad. En caso de que le pidamos que facilite determinada informaci\u00f3n que permita identificarle al utilizar este sitio web, puede estar seguro de que s\u00f3lo se utilizar\u00e1 de acuerdo [&hellip;]<\/p>\n","protected":false},"author":6996,"featured_media":0,"parent":68215,"menu_order":0,"comment_status":"closed","ping_status":"closed","template":"","meta":{"content-type":"","_monsterinsights_skip_tracking":false,"_monsterinsights_sitenote_active":false,"_monsterinsights_sitenote_note":"","_monsterinsights_sitenote_category":0,"footnotes":""},"class_list":["post-68223","page","type-page","status-publish","hentry"],"yoast_head":"<!-- This site is optimized with the Yoast SEO plugin v21.7 - https:\/\/yoast.com\/wordpress\/plugins\/seo\/ -->\n<title>Pol\u00edtica de privacidad - GoJute International<\/title>\n<meta name=\"description\" content=\"Esta es la pol\u00edtica de privacidad de GoJute, donde explicamos c\u00f3mo recopilamos, procesamos, almacenamos y utilizamos su informaci\u00f3n personal en l\u00ednea con GDPR.\" \/>\n<meta name=\"robots\" content=\"index, follow, max-snippet:-1, max-image-preview:large, max-video-preview:-1\" \/>\n<link rel=\"canonical\" href=\"https:\/\/gojuteinternational.com\/es\/sobre-nosotros\/politica-de-privacidad\/\" \/>\n<meta property=\"og:locale\" content=\"es_ES\" \/>\n<meta property=\"og:type\" content=\"article\" \/>\n<meta property=\"og:title\" content=\"Pol\u00edtica de privacidad - GoJute International\" \/>\n<meta property=\"og:description\" content=\"Esta es la pol\u00edtica de privacidad de GoJute, donde explicamos c\u00f3mo recopilamos, procesamos, almacenamos y utilizamos su informaci\u00f3n personal en l\u00ednea con GDPR.\" \/>\n<meta property=\"og:url\" content=\"https:\/\/gojuteinternational.com\/es\/sobre-nosotros\/politica-de-privacidad\/\" \/>\n<meta property=\"og:site_name\" content=\"GoJute International\" \/>\n<meta property=\"article:publisher\" content=\"https:\/\/www.facebook.com\/gojute\" \/>\n<meta property=\"article:modified_time\" content=\"2024-01-08T16:34:35+00:00\" \/>\n<meta name=\"twitter:card\" content=\"summary_large_image\" \/>\n<meta name=\"twitter:label1\" content=\"Tiempo de lectura\" \/>\n\t<meta name=\"twitter:data1\" content=\"8 minutos\" \/>\n<script type=\"application\/ld+json\" class=\"yoast-schema-graph\">{\"@context\":\"https:\/\/schema.org\",\"@graph\":[{\"@type\":\"WebPage\",\"@id\":\"https:\/\/gojuteinternational.com\/es\/sobre-nosotros\/politica-de-privacidad\/\",\"url\":\"https:\/\/gojuteinternational.com\/es\/sobre-nosotros\/politica-de-privacidad\/\",\"name\":\"Pol\u00edtica de privacidad - GoJute International\",\"isPartOf\":{\"@id\":\"https:\/\/gojuteinternational.com\/es\/#website\"},\"datePublished\":\"2022-04-05T09:19:12+00:00\",\"dateModified\":\"2024-01-08T16:34:35+00:00\",\"description\":\"Esta es la pol\u00edtica de privacidad de GoJute, donde explicamos c\u00f3mo recopilamos, procesamos, almacenamos y utilizamos su informaci\u00f3n personal en l\u00ednea con GDPR.\",\"breadcrumb\":{\"@id\":\"https:\/\/gojuteinternational.com\/es\/sobre-nosotros\/politica-de-privacidad\/#breadcrumb\"},\"inLanguage\":\"es\",\"potentialAction\":[{\"@type\":\"ReadAction\",\"target\":[\"https:\/\/gojuteinternational.com\/es\/sobre-nosotros\/politica-de-privacidad\/\"]}]},{\"@type\":\"BreadcrumbList\",\"@id\":\"https:\/\/gojuteinternational.com\/es\/sobre-nosotros\/politica-de-privacidad\/#breadcrumb\",\"itemListElement\":[{\"@type\":\"ListItem\",\"position\":1,\"name\":\"Home\",\"item\":\"https:\/\/gojuteinternational.com\/es\/\"},{\"@type\":\"ListItem\",\"position\":2,\"name\":\"Acerca de GoJute\",\"item\":\"https:\/\/gojuteinternational.com\/es\/about-gojute\/\"},{\"@type\":\"ListItem\",\"position\":3,\"name\":\"Pol\u00edtica de privacidad\"}]},{\"@type\":\"WebSite\",\"@id\":\"https:\/\/gojuteinternational.com\/es\/#website\",\"url\":\"https:\/\/gojuteinternational.com\/es\/\",\"name\":\"GoJute International\",\"description\":\"Printed bags for business\",\"publisher\":{\"@id\":\"https:\/\/gojuteinternational.com\/es\/#organization\"},\"alternateName\":\"GoJute\",\"potentialAction\":[{\"@type\":\"SearchAction\",\"target\":{\"@type\":\"EntryPoint\",\"urlTemplate\":\"https:\/\/gojuteinternational.com\/es\/?s={search_term_string}\"},\"query-input\":\"required name=search_term_string\"}],\"inLanguage\":\"es\"},{\"@type\":\"Organization\",\"@id\":\"https:\/\/gojuteinternational.com\/es\/#organization\",\"name\":\"GoJute International\",\"alternateName\":\"GoJute\",\"url\":\"https:\/\/gojuteinternational.com\/es\/\",\"logo\":{\"@type\":\"ImageObject\",\"inLanguage\":\"es\",\"@id\":\"https:\/\/gojuteinternational.com\/es\/#\/schema\/logo\/image\/\",\"url\":\"https:\/\/gojuteinternational.com\/wp-content\/uploads\/2022\/06\/GoJute-Logo-RGB.png\",\"contentUrl\":\"https:\/\/gojuteinternational.com\/wp-content\/uploads\/2022\/06\/GoJute-Logo-RGB.png\",\"width\":2000,\"height\":1809,\"caption\":\"GoJute International\"},\"image\":{\"@id\":\"https:\/\/gojuteinternational.com\/es\/#\/schema\/logo\/image\/\"},\"sameAs\":[\"https:\/\/www.facebook.com\/gojute\",\"https:\/\/www.instagram.com\/gojute\/\"]}]}<\/script>\n<!-- \/ Yoast SEO plugin. -->","yoast_head_json":{"title":"Pol\u00edtica de privacidad - GoJute International","description":"Esta es la pol\u00edtica de privacidad de GoJute, donde explicamos c\u00f3mo recopilamos, procesamos, almacenamos y utilizamos su informaci\u00f3n personal en l\u00ednea con GDPR.","robots":{"index":"index","follow":"follow","max-snippet":"max-snippet:-1","max-image-preview":"max-image-preview:large","max-video-preview":"max-video-preview:-1"},"canonical":"https:\/\/gojuteinternational.com\/es\/sobre-nosotros\/politica-de-privacidad\/","og_locale":"es_ES","og_type":"article","og_title":"Pol\u00edtica de privacidad - GoJute International","og_description":"Esta es la pol\u00edtica de privacidad de GoJute, donde explicamos c\u00f3mo recopilamos, procesamos, almacenamos y utilizamos su informaci\u00f3n personal en l\u00ednea con GDPR.","og_url":"https:\/\/gojuteinternational.com\/es\/sobre-nosotros\/politica-de-privacidad\/","og_site_name":"GoJute International","article_publisher":"https:\/\/www.facebook.com\/gojute","article_modified_time":"2024-01-08T16:34:35+00:00","twitter_card":"summary_large_image","twitter_misc":{"Tiempo de lectura":"8 minutos"},"schema":{"@context":"https:\/\/schema.org","@graph":[{"@type":"WebPage","@id":"https:\/\/gojuteinternational.com\/es\/sobre-nosotros\/politica-de-privacidad\/","url":"https:\/\/gojuteinternational.com\/es\/sobre-nosotros\/politica-de-privacidad\/","name":"Pol\u00edtica de privacidad - GoJute International","isPartOf":{"@id":"https:\/\/gojuteinternational.com\/es\/#website"},"datePublished":"2022-04-05T09:19:12+00:00","dateModified":"2024-01-08T16:34:35+00:00","description":"Esta es la pol\u00edtica de privacidad de GoJute, donde explicamos c\u00f3mo recopilamos, procesamos, almacenamos y utilizamos su informaci\u00f3n personal en l\u00ednea con GDPR.","breadcrumb":{"@id":"https:\/\/gojuteinternational.com\/es\/sobre-nosotros\/politica-de-privacidad\/#breadcrumb"},"inLanguage":"es","potentialAction":[{"@type":"ReadAction","target":["https:\/\/gojuteinternational.com\/es\/sobre-nosotros\/politica-de-privacidad\/"]}]},{"@type":"BreadcrumbList","@id":"https:\/\/gojuteinternational.com\/es\/sobre-nosotros\/politica-de-privacidad\/#breadcrumb","itemListElement":[{"@type":"ListItem","position":1,"name":"Home","item":"https:\/\/gojuteinternational.com\/es\/"},{"@type":"ListItem","position":2,"name":"Acerca de GoJute","item":"https:\/\/gojuteinternational.com\/es\/about-gojute\/"},{"@type":"ListItem","position":3,"name":"Pol\u00edtica de privacidad"}]},{"@type":"WebSite","@id":"https:\/\/gojuteinternational.com\/es\/#website","url":"https:\/\/gojuteinternational.com\/es\/","name":"GoJute International","description":"Printed bags for business","publisher":{"@id":"https:\/\/gojuteinternational.com\/es\/#organization"},"alternateName":"GoJute","potentialAction":[{"@type":"SearchAction","target":{"@type":"EntryPoint","urlTemplate":"https:\/\/gojuteinternational.com\/es\/?s={search_term_string}"},"query-input":"required name=search_term_string"}],"inLanguage":"es"},{"@type":"Organization","@id":"https:\/\/gojuteinternational.com\/es\/#organization","name":"GoJute International","alternateName":"GoJute","url":"https:\/\/gojuteinternational.com\/es\/","logo":{"@type":"ImageObject","inLanguage":"es","@id":"https:\/\/gojuteinternational.com\/es\/#\/schema\/logo\/image\/","url":"https:\/\/gojuteinternational.com\/wp-content\/uploads\/2022\/06\/GoJute-Logo-RGB.png","contentUrl":"https:\/\/gojuteinternational.com\/wp-content\/uploads\/2022\/06\/GoJute-Logo-RGB.png","width":2000,"height":1809,"caption":"GoJute International"},"image":{"@id":"https:\/\/gojuteinternational.com\/es\/#\/schema\/logo\/image\/"},"sameAs":["https:\/\/www.facebook.com\/gojute","https:\/\/www.instagram.com\/gojute\/"]}]}},"_links":{"self":[{"href":"https:\/\/gojuteinternational.com\/es\/wp-json\/wp\/v2\/pages\/68223","targetHints":{"allow":["GET"]}}],"collection":[{"href":"https:\/\/gojuteinternational.com\/es\/wp-json\/wp\/v2\/pages"}],"about":[{"href":"https:\/\/gojuteinternational.com\/es\/wp-json\/wp\/v2\/types\/page"}],"author":[{"embeddable":true,"href":"https:\/\/gojuteinternational.com\/es\/wp-json\/wp\/v2\/users\/6996"}],"replies":[{"embeddable":true,"href":"https:\/\/gojuteinternational.com\/es\/wp-json\/wp\/v2\/comments?post=68223"}],"version-history":[{"count":5,"href":"https:\/\/gojuteinternational.com\/es\/wp-json\/wp\/v2\/pages\/68223\/revisions"}],"predecessor-version":[{"id":79799,"href":"https:\/\/gojuteinternational.com\/es\/wp-json\/wp\/v2\/pages\/68223\/revisions\/79799"}],"up":[{"embeddable":true,"href":"https:\/\/gojuteinternational.com\/es\/wp-json\/wp\/v2\/pages\/68215"}],"wp:attachment":[{"href":"https:\/\/gojuteinternational.com\/es\/wp-json\/wp\/v2\/media?parent=68223"}],"curies":[{"name":"wp","href":"https:\/\/api.w.org\/{rel}","templated":true}]}}