{"id":68283,"date":"2022-06-06T13:04:50","date_gmt":"2022-06-06T12:04:50","guid":{"rendered":"https:\/\/gojuteinternational.com\/estudios-de-casos\/venta-al-por-menor\/"},"modified":"2024-01-09T15:59:00","modified_gmt":"2024-01-09T14:59:00","slug":"venta-al-por-menor","status":"publish","type":"page","link":"https:\/\/gojuteinternational.com\/es\/estudios-de-casos\/venta-al-por-menor\/","title":{"rendered":"Venta al por menor"},"content":{"rendered":"\t\t<div data-elementor-type=\"wp-page\" data-elementor-id=\"68283\" class=\"elementor elementor-68283 elementor-32836\" data-elementor-post-type=\"page\">\n\t\t\t\t\t\t\t\t\t<section class=\"elementor-section elementor-top-section elementor-element elementor-element-2dbb7e4 elementor-section-boxed elementor-section-height-default elementor-section-height-default\" data-id=\"2dbb7e4\" data-element_type=\"section\" data-settings=\"{&quot;background_background&quot;:&quot;classic&quot;,&quot;shape_divider_bottom&quot;:&quot;tilt&quot;}\">\n\t\t\t\t\t<div class=\"elementor-shape elementor-shape-bottom\" data-negative=\"false\">\n\t\t\t<svg xmlns=\"http:\/\/www.w3.org\/2000\/svg\" viewBox=\"0 0 1000 100\" preserveAspectRatio=\"none\">\n\t<path class=\"elementor-shape-fill\" d=\"M0,6V0h1000v100L0,6z\"\/>\n<\/svg>\t\t<\/div>\n\t\t\t\t\t<div class=\"elementor-container elementor-column-gap-default\">\n\t\t\t\t\t<div class=\"elementor-column elementor-col-100 elementor-top-column elementor-element elementor-element-dfadea6\" data-id=\"dfadea6\" data-element_type=\"column\">\n\t\t\t<div class=\"elementor-widget-wrap elementor-element-populated\">\n\t\t\t\t\t\t\t\t<div class=\"elementor-element elementor-element-bcb13c9 elementor-widget elementor-widget-heading\" data-id=\"bcb13c9\" data-element_type=\"widget\" data-widget_type=\"heading.default\">\n\t\t\t\t<div class=\"elementor-widget-container\">\n\t\t\t<style>\/*! elementor - v3.18.0 - 20-12-2023 *\/\n.elementor-heading-title{padding:0;margin:0;line-height:1}.elementor-widget-heading .elementor-heading-title[class*=elementor-size-]>a{color:inherit;font-size:inherit;line-height:inherit}.elementor-widget-heading .elementor-heading-title.elementor-size-small{font-size:15px}.elementor-widget-heading .elementor-heading-title.elementor-size-medium{font-size:19px}.elementor-widget-heading .elementor-heading-title.elementor-size-large{font-size:29px}.elementor-widget-heading .elementor-heading-title.elementor-size-xl{font-size:39px}.elementor-widget-heading .elementor-heading-title.elementor-size-xxl{font-size:59px}<\/style><h2 class=\"elementor-heading-title elementor-size-default\">Retail<\/h2>\t\t<\/div>\n\t\t\t\t<\/div>\n\t\t\t\t<div class=\"elementor-element elementor-element-6822ee1 elementor-widget elementor-widget-text-editor\" data-id=\"6822ee1\" data-element_type=\"widget\" data-widget_type=\"text-editor.default\">\n\t\t\t\t<div class=\"elementor-widget-container\">\n\t\t\t<style>\/*! elementor - v3.18.0 - 20-12-2023 *\/\n.elementor-widget-text-editor.elementor-drop-cap-view-stacked .elementor-drop-cap{background-color:#69727d;color:#fff}.elementor-widget-text-editor.elementor-drop-cap-view-framed .elementor-drop-cap{color:#69727d;border:3px solid;background-color:transparent}.elementor-widget-text-editor:not(.elementor-drop-cap-view-default) .elementor-drop-cap{margin-top:8px}.elementor-widget-text-editor:not(.elementor-drop-cap-view-default) .elementor-drop-cap-letter{width:1em;height:1em}.elementor-widget-text-editor .elementor-drop-cap{float:left;text-align:center;line-height:1;font-size:50px}.elementor-widget-text-editor .elementor-drop-cap-letter{display:inline-block}<\/style>\t\t\t\t<p>Case Studies<\/p>\n\t\t\t\t\t\t<\/div>\n\t\t\t\t<\/div>\n\t\t\t\t\t<\/div>\n\t\t<\/div>\n\t\t\t\t\t\t\t<\/div>\n\t\t<\/section>\n\t\t\t\t<section class=\"elementor-section elementor-top-section elementor-element elementor-element-a59a1f7 elementor-section-boxed elementor-section-height-default elementor-section-height-default\" data-id=\"a59a1f7\" data-element_type=\"section\" data-settings=\"{&quot;background_background&quot;:&quot;classic&quot;}\">\n\t\t\t\t\t\t<div class=\"elementor-container elementor-column-gap-default\">\n\t\t\t\t\t<div class=\"elementor-column elementor-col-100 elementor-top-column elementor-element elementor-element-ecc7a92\" data-id=\"ecc7a92\" data-element_type=\"column\">\n\t\t\t<div class=\"elementor-widget-wrap elementor-element-populated\">\n\t\t\t\t\t\t\t\t\t<\/div>\n\t\t<\/div>\n\t\t\t\t\t\t\t<\/div>\n\t\t<\/section>\n\t\t\t\t\t\t\t<\/div>\n\t\t","protected":false},"excerpt":{"rendered":"<p>Retail Case Studies<\/p>\n","protected":false},"author":6996,"featured_media":80575,"parent":68195,"menu_order":0,"comment_status":"closed","ping_status":"closed","template":"","meta":{"content-type":"","_monsterinsights_skip_tracking":false,"_monsterinsights_sitenote_active":false,"_monsterinsights_sitenote_note":"","_monsterinsights_sitenote_category":0,"footnotes":""},"class_list":["post-68283","page","type-page","status-publish","has-post-thumbnail","hentry"],"yoast_head":"<!-- This site is optimized with the Yoast SEO plugin v21.7 - https:\/\/yoast.com\/wordpress\/plugins\/seo\/ -->\n<title>Casos pr\u00e1cticos de minoristas | Bolsas de basura a granel para minoristas<\/title>\n<meta name=\"description\" content=\"Trabajamos con muchos minoristas de todo el mundo. Lea nuestros casos pr\u00e1cticos y descubra c\u00f3mo hemos ayudado a marcas del sector minorista a adoptar pr\u00e1cticas ecol\u00f3gicas con nuestra gama de productos.\" \/>\n<meta name=\"robots\" content=\"index, follow, max-snippet:-1, max-image-preview:large, max-video-preview:-1\" \/>\n<link rel=\"canonical\" href=\"https:\/\/gojuteinternational.com\/es\/estudios-de-casos\/venta-al-por-menor\/\" \/>\n<meta property=\"og:locale\" content=\"es_ES\" \/>\n<meta property=\"og:type\" content=\"article\" \/>\n<meta property=\"og:title\" content=\"Casos pr\u00e1cticos de minoristas | Bolsas de basura a granel para minoristas\" \/>\n<meta property=\"og:description\" content=\"Trabajamos con muchos minoristas de todo el mundo. Lea nuestros casos pr\u00e1cticos y descubra c\u00f3mo hemos ayudado a marcas del sector minorista a adoptar pr\u00e1cticas ecol\u00f3gicas con nuestra gama de productos.\" \/>\n<meta property=\"og:url\" content=\"https:\/\/gojuteinternational.com\/es\/estudios-de-casos\/venta-al-por-menor\/\" \/>\n<meta property=\"og:site_name\" content=\"GoJute International\" \/>\n<meta property=\"article:publisher\" content=\"https:\/\/www.facebook.com\/gojute\" \/>\n<meta property=\"article:modified_time\" content=\"2024-01-09T14:59:00+00:00\" \/>\n<meta name=\"twitter:card\" content=\"summary_large_image\" \/>\n<script type=\"application\/ld+json\" class=\"yoast-schema-graph\">{\"@context\":\"https:\/\/schema.org\",\"@graph\":[{\"@type\":\"WebPage\",\"@id\":\"https:\/\/gojuteinternational.com\/es\/estudios-de-casos\/venta-al-por-menor\/\",\"url\":\"https:\/\/gojuteinternational.com\/es\/estudios-de-casos\/venta-al-por-menor\/\",\"name\":\"Casos pr\u00e1cticos de minoristas | Bolsas de basura a granel para minoristas\",\"isPartOf\":{\"@id\":\"https:\/\/gojuteinternational.com\/es\/#website\"},\"datePublished\":\"2022-06-06T12:04:50+00:00\",\"dateModified\":\"2024-01-09T14:59:00+00:00\",\"description\":\"Trabajamos con muchos minoristas de todo el mundo. Lea nuestros casos pr\u00e1cticos y descubra c\u00f3mo hemos ayudado a marcas del sector minorista a adoptar pr\u00e1cticas ecol\u00f3gicas con nuestra gama de productos.\",\"breadcrumb\":{\"@id\":\"https:\/\/gojuteinternational.com\/es\/estudios-de-casos\/venta-al-por-menor\/#breadcrumb\"},\"inLanguage\":\"es\",\"potentialAction\":[{\"@type\":\"ReadAction\",\"target\":[\"https:\/\/gojuteinternational.com\/es\/estudios-de-casos\/venta-al-por-menor\/\"]}]},{\"@type\":\"BreadcrumbList\",\"@id\":\"https:\/\/gojuteinternational.com\/es\/estudios-de-casos\/venta-al-por-menor\/#breadcrumb\",\"itemListElement\":[{\"@type\":\"ListItem\",\"position\":1,\"name\":\"Home\",\"item\":\"https:\/\/gojuteinternational.com\/es\/\"},{\"@type\":\"ListItem\",\"position\":2,\"name\":\"Casos pr\u00e1cticos\",\"item\":\"https:\/\/gojuteinternational.com\/es\/estudios-de-casos\/\"},{\"@type\":\"ListItem\",\"position\":3,\"name\":\"Venta al por menor\"}]},{\"@type\":\"WebSite\",\"@id\":\"https:\/\/gojuteinternational.com\/es\/#website\",\"url\":\"https:\/\/gojuteinternational.com\/es\/\",\"name\":\"GoJute International\",\"description\":\"Printed bags for business\",\"publisher\":{\"@id\":\"https:\/\/gojuteinternational.com\/es\/#organization\"},\"alternateName\":\"GoJute\",\"potentialAction\":[{\"@type\":\"SearchAction\",\"target\":{\"@type\":\"EntryPoint\",\"urlTemplate\":\"https:\/\/gojuteinternational.com\/es\/?s={search_term_string}\"},\"query-input\":\"required name=search_term_string\"}],\"inLanguage\":\"es\"},{\"@type\":\"Organization\",\"@id\":\"https:\/\/gojuteinternational.com\/es\/#organization\",\"name\":\"GoJute International\",\"alternateName\":\"GoJute\",\"url\":\"https:\/\/gojuteinternational.com\/es\/\",\"logo\":{\"@type\":\"ImageObject\",\"inLanguage\":\"es\",\"@id\":\"https:\/\/gojuteinternational.com\/es\/#\/schema\/logo\/image\/\",\"url\":\"https:\/\/gojuteinternational.com\/wp-content\/uploads\/2022\/06\/GoJute-Logo-RGB.png\",\"contentUrl\":\"https:\/\/gojuteinternational.com\/wp-content\/uploads\/2022\/06\/GoJute-Logo-RGB.png\",\"width\":2000,\"height\":1809,\"caption\":\"GoJute International\"},\"image\":{\"@id\":\"https:\/\/gojuteinternational.com\/es\/#\/schema\/logo\/image\/\"},\"sameAs\":[\"https:\/\/www.facebook.com\/gojute\",\"https:\/\/www.instagram.com\/gojute\/\"]}]}<\/script>\n<!-- \/ Yoast SEO plugin. -->","yoast_head_json":{"title":"Casos pr\u00e1cticos de minoristas | Bolsas de basura a granel para minoristas","description":"Trabajamos con muchos minoristas de todo el mundo. Lea nuestros casos pr\u00e1cticos y descubra c\u00f3mo hemos ayudado a marcas del sector minorista a adoptar pr\u00e1cticas ecol\u00f3gicas con nuestra gama de productos.","robots":{"index":"index","follow":"follow","max-snippet":"max-snippet:-1","max-image-preview":"max-image-preview:large","max-video-preview":"max-video-preview:-1"},"canonical":"https:\/\/gojuteinternational.com\/es\/estudios-de-casos\/venta-al-por-menor\/","og_locale":"es_ES","og_type":"article","og_title":"Casos pr\u00e1cticos de minoristas | Bolsas de basura a granel para minoristas","og_description":"Trabajamos con muchos minoristas de todo el mundo. Lea nuestros casos pr\u00e1cticos y descubra c\u00f3mo hemos ayudado a marcas del sector minorista a adoptar pr\u00e1cticas ecol\u00f3gicas con nuestra gama de productos.","og_url":"https:\/\/gojuteinternational.com\/es\/estudios-de-casos\/venta-al-por-menor\/","og_site_name":"GoJute International","article_publisher":"https:\/\/www.facebook.com\/gojute","article_modified_time":"2024-01-09T14:59:00+00:00","twitter_card":"summary_large_image","schema":{"@context":"https:\/\/schema.org","@graph":[{"@type":"WebPage","@id":"https:\/\/gojuteinternational.com\/es\/estudios-de-casos\/venta-al-por-menor\/","url":"https:\/\/gojuteinternational.com\/es\/estudios-de-casos\/venta-al-por-menor\/","name":"Casos pr\u00e1cticos de minoristas | Bolsas de basura a granel para minoristas","isPartOf":{"@id":"https:\/\/gojuteinternational.com\/es\/#website"},"datePublished":"2022-06-06T12:04:50+00:00","dateModified":"2024-01-09T14:59:00+00:00","description":"Trabajamos con muchos minoristas de todo el mundo. Lea nuestros casos pr\u00e1cticos y descubra c\u00f3mo hemos ayudado a marcas del sector minorista a adoptar pr\u00e1cticas ecol\u00f3gicas con nuestra gama de productos.","breadcrumb":{"@id":"https:\/\/gojuteinternational.com\/es\/estudios-de-casos\/venta-al-por-menor\/#breadcrumb"},"inLanguage":"es","potentialAction":[{"@type":"ReadAction","target":["https:\/\/gojuteinternational.com\/es\/estudios-de-casos\/venta-al-por-menor\/"]}]},{"@type":"BreadcrumbList","@id":"https:\/\/gojuteinternational.com\/es\/estudios-de-casos\/venta-al-por-menor\/#breadcrumb","itemListElement":[{"@type":"ListItem","position":1,"name":"Home","item":"https:\/\/gojuteinternational.com\/es\/"},{"@type":"ListItem","position":2,"name":"Casos pr\u00e1cticos","item":"https:\/\/gojuteinternational.com\/es\/estudios-de-casos\/"},{"@type":"ListItem","position":3,"name":"Venta al por menor"}]},{"@type":"WebSite","@id":"https:\/\/gojuteinternational.com\/es\/#website","url":"https:\/\/gojuteinternational.com\/es\/","name":"GoJute International","description":"Printed bags for business","publisher":{"@id":"https:\/\/gojuteinternational.com\/es\/#organization"},"alternateName":"GoJute","potentialAction":[{"@type":"SearchAction","target":{"@type":"EntryPoint","urlTemplate":"https:\/\/gojuteinternational.com\/es\/?s={search_term_string}"},"query-input":"required name=search_term_string"}],"inLanguage":"es"},{"@type":"Organization","@id":"https:\/\/gojuteinternational.com\/es\/#organization","name":"GoJute International","alternateName":"GoJute","url":"https:\/\/gojuteinternational.com\/es\/","logo":{"@type":"ImageObject","inLanguage":"es","@id":"https:\/\/gojuteinternational.com\/es\/#\/schema\/logo\/image\/","url":"https:\/\/gojuteinternational.com\/wp-content\/uploads\/2022\/06\/GoJute-Logo-RGB.png","contentUrl":"https:\/\/gojuteinternational.com\/wp-content\/uploads\/2022\/06\/GoJute-Logo-RGB.png","width":2000,"height":1809,"caption":"GoJute International"},"image":{"@id":"https:\/\/gojuteinternational.com\/es\/#\/schema\/logo\/image\/"},"sameAs":["https:\/\/www.facebook.com\/gojute","https:\/\/www.instagram.com\/gojute\/"]}]}},"_links":{"self":[{"href":"https:\/\/gojuteinternational.com\/es\/wp-json\/wp\/v2\/pages\/68283","targetHints":{"allow":["GET"]}}],"collection":[{"href":"https:\/\/gojuteinternational.com\/es\/wp-json\/wp\/v2\/pages"}],"about":[{"href":"https:\/\/gojuteinternational.com\/es\/wp-json\/wp\/v2\/types\/page"}],"author":[{"embeddable":true,"href":"https:\/\/gojuteinternational.com\/es\/wp-json\/wp\/v2\/users\/6996"}],"replies":[{"embeddable":true,"href":"https:\/\/gojuteinternational.com\/es\/wp-json\/wp\/v2\/comments?post=68283"}],"version-history":[{"count":8,"href":"https:\/\/gojuteinternational.com\/es\/wp-json\/wp\/v2\/pages\/68283\/revisions"}],"predecessor-version":[{"id":80408,"href":"https:\/\/gojuteinternational.com\/es\/wp-json\/wp\/v2\/pages\/68283\/revisions\/80408"}],"up":[{"embeddable":true,"href":"https:\/\/gojuteinternational.com\/es\/wp-json\/wp\/v2\/pages\/68195"}],"wp:featuredmedia":[{"embeddable":true,"href":"https:\/\/gojuteinternational.com\/es\/wp-json\/wp\/v2\/media\/80575"}],"wp:attachment":[{"href":"https:\/\/gojuteinternational.com\/es\/wp-json\/wp\/v2\/media?parent=68283"}],"curies":[{"name":"wp","href":"https:\/\/api.w.org\/{rel}","templated":true}]}}