{"id":68347,"date":"2023-08-03T11:01:15","date_gmt":"2023-08-03T10:01:15","guid":{"rendered":"https:\/\/gojuteinternational.com\/gama-de-productos\/"},"modified":"2025-07-25T20:29:12","modified_gmt":"2025-07-25T19:29:12","slug":"gama-de-productos","status":"publish","type":"page","link":"https:\/\/gojuteinternational.com\/es\/gama-de-productos\/","title":{"rendered":"Productos"},"content":{"rendered":"\t\t<div data-elementor-type=\"wp-page\" data-elementor-id=\"68347\" class=\"elementor elementor-68347 elementor-52929\" data-elementor-post-type=\"page\">\n\t\t\t\t\t\t\t\t\t<section class=\"elementor-section elementor-top-section elementor-element elementor-element-e1a4694 elementor-section-boxed elementor-section-height-default elementor-section-height-default\" data-id=\"e1a4694\" data-element_type=\"section\" data-settings=\"{&quot;background_background&quot;:&quot;classic&quot;,&quot;shape_divider_bottom&quot;:&quot;tilt&quot;}\">\n\t\t\t\t\t<div class=\"elementor-shape elementor-shape-bottom\" data-negative=\"false\">\n\t\t\t<svg xmlns=\"http:\/\/www.w3.org\/2000\/svg\" viewBox=\"0 0 1000 100\" preserveAspectRatio=\"none\">\n\t<path class=\"elementor-shape-fill\" d=\"M0,6V0h1000v100L0,6z\"\/>\n<\/svg>\t\t<\/div>\n\t\t\t\t\t<div class=\"elementor-container elementor-column-gap-default\">\n\t\t\t\t\t<div class=\"elementor-column elementor-col-100 elementor-top-column elementor-element elementor-element-f1d554b\" data-id=\"f1d554b\" data-element_type=\"column\">\n\t\t\t<div class=\"elementor-widget-wrap elementor-element-populated\">\n\t\t\t\t\t\t\t\t<div class=\"elementor-element elementor-element-0a99aa3 elementor-widget elementor-widget-heading\" data-id=\"0a99aa3\" data-element_type=\"widget\" data-widget_type=\"heading.default\">\n\t\t\t\t<div class=\"elementor-widget-container\">\n\t\t\t<style>\/*! elementor - v3.18.0 - 20-12-2023 *\/\n.elementor-heading-title{padding:0;margin:0;line-height:1}.elementor-widget-heading .elementor-heading-title[class*=elementor-size-]>a{color:inherit;font-size:inherit;line-height:inherit}.elementor-widget-heading .elementor-heading-title.elementor-size-small{font-size:15px}.elementor-widget-heading .elementor-heading-title.elementor-size-medium{font-size:19px}.elementor-widget-heading .elementor-heading-title.elementor-size-large{font-size:29px}.elementor-widget-heading .elementor-heading-title.elementor-size-xl{font-size:39px}.elementor-widget-heading .elementor-heading-title.elementor-size-xxl{font-size:59px}<\/style><h2 class=\"elementor-heading-title elementor-size-default\">Productos<\/h2>\t\t<\/div>\n\t\t\t\t<\/div>\n\t\t\t\t<div class=\"elementor-element elementor-element-3ac3738 elementor-widget elementor-widget-heading\" data-id=\"3ac3738\" data-element_type=\"widget\" data-widget_type=\"heading.default\">\n\t\t\t\t<div class=\"elementor-widget-container\">\n\t\t\t<h2 class=\"elementor-heading-title elementor-size-default\">Estamos especializados en bolsas personalizadas con materiales naturales y biodegradables, como el yute, el algod\u00f3n y el juco.<\/h2>\t\t<\/div>\n\t\t\t\t<\/div>\n\t\t\t\t<div class=\"elementor-element elementor-element-d33565c elementor-widget elementor-widget-text-editor\" data-id=\"d33565c\" data-element_type=\"widget\" data-widget_type=\"text-editor.default\">\n\t\t\t\t<div class=\"elementor-widget-container\">\n\t\t\t<style>\/*! elementor - v3.18.0 - 20-12-2023 *\/\n.elementor-widget-text-editor.elementor-drop-cap-view-stacked .elementor-drop-cap{background-color:#69727d;color:#fff}.elementor-widget-text-editor.elementor-drop-cap-view-framed .elementor-drop-cap{color:#69727d;border:3px solid;background-color:transparent}.elementor-widget-text-editor:not(.elementor-drop-cap-view-default) .elementor-drop-cap{margin-top:8px}.elementor-widget-text-editor:not(.elementor-drop-cap-view-default) .elementor-drop-cap-letter{width:1em;height:1em}.elementor-widget-text-editor .elementor-drop-cap{float:left;text-align:center;line-height:1;font-size:50px}.elementor-widget-text-editor .elementor-drop-cap-letter{display:inline-block}<\/style>\t\t\t\t<p>Nuestros productos son totalmente personalizados y aceptamos pedidos desde tan s\u00f3lo 100 bolsas hasta pedidos palatalizados de decenas de miles. Como fabricantes de los productos que vendemos, controlamos la calidad en cada paso del proceso y podemos ofrecer plazos de entrega muy r\u00e1pidos.<\/p>\n\t\t\t\t\t\t<\/div>\n\t\t\t\t<\/div>\n\t\t\t\t<div class=\"elementor-element elementor-element-c1399aa elementor-widget elementor-widget-html\" data-id=\"c1399aa\" data-element_type=\"widget\" data-widget_type=\"html.default\">\n\t\t\t\t<div class=\"elementor-widget-container\">\n\t\t\t<!-- Hotjar Tracking Code for GoJute International -->\n<script>\n    (function(h,o,t,j,a,r){\n        h.hj=h.hj||function(){(h.hj.q=h.hj.q||[]).push(arguments)};\n        h._hjSettings={hjid:3813496,hjsv:6};\n        a=o.getElementsByTagName('head')[0];\n        r=o.createElement('script');r.async=1;\n        r.src=t+h._hjSettings.hjid+j+h._hjSettings.hjsv;\n        a.appendChild(r);\n    })(window,document,'https:\/\/static.hotjar.com\/c\/hotjar-','.js?sv=');\n<\/script>\t\t<\/div>\n\t\t\t\t<\/div>\n\t\t\t\t<section class=\"elementor-section elementor-inner-section elementor-element elementor-element-4ced5b0 elementor-section-boxed elementor-section-height-default elementor-section-height-default\" data-id=\"4ced5b0\" data-element_type=\"section\">\n\t\t\t\t\t\t<div class=\"elementor-container elementor-column-gap-default\">\n\t\t\t\t\t<div class=\"elementor-column elementor-col-33 elementor-inner-column elementor-element elementor-element-95034a6\" data-id=\"95034a6\" data-element_type=\"column\">\n\t\t\t<div class=\"elementor-widget-wrap elementor-element-populated\">\n\t\t\t\t\t\t\t\t<div class=\"elementor-element elementor-element-edc2129 elementor-widget elementor-widget-html\" data-id=\"edc2129\" data-element_type=\"widget\" data-widget_type=\"html.default\">\n\t\t\t\t<div class=\"elementor-widget-container\">\n\t\t\t<div class=\"hs-cta-embed hs-cta-simple-placeholder hs-cta-embed-258726588602\"\r\n  style=\"margin: 0 auto; text-align: center; max-width:100%; max-height:100%; width:230px;height:68.75px\" data-hubspot-wrapper-cta-id=\"258726588602\">\r\n  <a href=\"https:\/\/cta-eu1.hubspot.com\/web-interactives\/public\/v1\/track\/redirect?encryptedPayload=AVxigLJMtBQbeXRf%2FUH69NEZAAbtoIIvH57IKUf3a8fyPOVjeFyiQfnrIKEHcQGCdteQ4G4%2FkGIB%2FODBKfmtqq0i9KQYzW4Qhu6QDdSdvGaBNsWXb7hXPxHtsKu6pErd3ahuMQJuDyGvUjCBlDsDFvCGDdtheZIa8T6NIOTfHJHs%2F%2F872L6CAirfM1XHj6dVteUMlTkj9R%2BEdDQxokg6aDA58seegy%2FCZHz9&webInteractiveContentId=258726588602&portalId=145887237\" target=\"_blank\" rel=\"noopener\" crossorigin=\"anonymous\">\r\n    <img decoding=\"async\" alt=\"Bolsas de yute\" loading=\"lazy\" src=\"https:\/\/hubspot-no-cache-eu1-prod.s3.amazonaws.com\/cta\/default\/145887237\/interactive-258726588602.png\" style=\"height: 100%; width: 100%; object-fit: fill\"\r\n      onerror=\"this.style.display='none'\" \/>\r\n  <\/a>\r\n<\/div>\r\n\t\t<\/div>\n\t\t\t\t<\/div>\n\t\t\t\t\t<\/div>\n\t\t<\/div>\n\t\t\t\t<div class=\"elementor-column elementor-col-33 elementor-inner-column elementor-element elementor-element-515eee7\" data-id=\"515eee7\" data-element_type=\"column\">\n\t\t\t<div class=\"elementor-widget-wrap elementor-element-populated\">\n\t\t\t\t\t\t\t\t<div class=\"elementor-element elementor-element-64d9ff3 elementor-widget elementor-widget-html\" data-id=\"64d9ff3\" data-element_type=\"widget\" data-widget_type=\"html.default\">\n\t\t\t\t<div class=\"elementor-widget-container\">\n\t\t\t<div class=\"hs-cta-embed hs-cta-simple-placeholder hs-cta-embed-258735446205\"\r\n  style=\"margin: 0 auto; text-align: center; max-width:100%; max-height:100%; width:270px;height:68.75px\" data-hubspot-wrapper-cta-id=\"258735446205\">\r\n  <a href=\"https:\/\/cta-eu1.hubspot.com\/web-interactives\/public\/v1\/track\/redirect?encryptedPayload=AVxigLIHVW5Di4zuLQfkSf3PQfh9CqKVuCSNvwE45ZgR9CPIOuZtfFSiVfCwrs0FGGbmKQih4os2%2BXlgC1zgV0qy9TkBQHJZ0vLkhUhnCM4q%2FYT9UJT76blnAN39%2FV%2BBb4LPpnYt18V5NR9uNPCGLJoXCs7po1OriM2ZoLT1ujrYOYBJlRtRK93aO7RsPcouoPmJ%2F1tHk%2BJQoa2Gk%2BQtEJTu%2BIc%2FZsjY271Nc2HS&webInteractiveContentId=258735446205&portalId=145887237\" target=\"_blank\" rel=\"noopener\" crossorigin=\"anonymous\">\r\n    <img decoding=\"async\" alt=\"Bolsas de algod&oacute;n\" loading=\"lazy\" src=\"https:\/\/hubspot-no-cache-eu1-prod.s3.amazonaws.com\/cta\/default\/145887237\/interactive-258735446205.png\" style=\"height: 100%; width: 100%; object-fit: fill\"\r\n      onerror=\"this.style.display='none'\" \/>\r\n  <\/a>\r\n<\/div>\r\n\t\t<\/div>\n\t\t\t\t<\/div>\n\t\t\t\t\t<\/div>\n\t\t<\/div>\n\t\t\t\t<div class=\"elementor-column elementor-col-33 elementor-inner-column elementor-element elementor-element-10a34c7\" data-id=\"10a34c7\" data-element_type=\"column\">\n\t\t\t<div class=\"elementor-widget-wrap elementor-element-populated\">\n\t\t\t\t\t\t\t\t<div class=\"elementor-element elementor-element-5932e11 elementor-widget elementor-widget-html\" data-id=\"5932e11\" data-element_type=\"widget\" data-widget_type=\"html.default\">\n\t\t\t\t<div class=\"elementor-widget-container\">\n\t\t\t<div class=\"hs-cta-embed hs-cta-simple-placeholder hs-cta-embed-258735445225\"\r\n  style=\"margin: 0 auto; text-align: center; max-width:100%; max-height:100%; width:210px;height:68.75px\" data-hubspot-wrapper-cta-id=\"258735445225\">\r\n  <a href=\"https:\/\/cta-eu1.hubspot.com\/web-interactives\/public\/v1\/track\/redirect?encryptedPayload=AVxigLJs3vvUjigpTHwur58njPix85Bztc0g7gnfxMED7bOj1gy2N0E44yj8uBu2Rk89Ipy0K%2FZwICTfBlq0J6fzPXsxXMsHlgu1wDsv%2Bk36Y7VajC03GDiiYEp2kYf0k43iE4QZNDdM6ot8EImXUaVj1ONaX5ybBUkHpUpI7cTcSCk6zPJ%2FwrI7d0IkcG%2FHpxoBiNRyduzrpigKiT8K86m8YvrNyw%3D%3D&webInteractiveContentId=258735445225&portalId=145887237\" target=\"_blank\" rel=\"noopener\" crossorigin=\"anonymous\">\r\n    <img decoding=\"async\" alt=\"Bolsas Juco\" loading=\"lazy\" src=\"https:\/\/hubspot-no-cache-eu1-prod.s3.amazonaws.com\/cta\/default\/145887237\/interactive-258735445225.png\" style=\"height: 100%; width: 100%; object-fit: fill\"\r\n      onerror=\"this.style.display='none'\" \/>\r\n  <\/a>\r\n<\/div>\r\n\t\t<\/div>\n\t\t\t\t<\/div>\n\t\t\t\t\t<\/div>\n\t\t<\/div>\n\t\t\t\t\t\t\t<\/div>\n\t\t<\/section>\n\t\t\t\t\t<\/div>\n\t\t<\/div>\n\t\t\t\t\t\t\t<\/div>\n\t\t<\/section>\n\t\t\t\t<section class=\"elementor-section elementor-top-section elementor-element elementor-element-0f52d24 elementor-section-height-min-height elementor-section-full_width elementor-section-height-default elementor-section-items-middle\" data-id=\"0f52d24\" data-element_type=\"section\" data-settings=\"{&quot;background_background&quot;:&quot;classic&quot;,&quot;shape_divider_top&quot;:&quot;tilt&quot;,&quot;shape_divider_bottom&quot;:&quot;tilt&quot;}\">\n\t\t\t\t\t\t\t<div class=\"elementor-background-overlay\"><\/div>\n\t\t\t\t\t\t<div class=\"elementor-shape elementor-shape-top\" data-negative=\"false\">\n\t\t\t<svg xmlns=\"http:\/\/www.w3.org\/2000\/svg\" viewBox=\"0 0 1000 100\" preserveAspectRatio=\"none\">\n\t<path class=\"elementor-shape-fill\" d=\"M0,6V0h1000v100L0,6z\"\/>\n<\/svg>\t\t<\/div>\n\t\t\t\t<div class=\"elementor-shape elementor-shape-bottom\" data-negative=\"false\">\n\t\t\t<svg xmlns=\"http:\/\/www.w3.org\/2000\/svg\" viewBox=\"0 0 1000 100\" preserveAspectRatio=\"none\">\n\t<path class=\"elementor-shape-fill\" d=\"M0,6V0h1000v100L0,6z\"\/>\n<\/svg>\t\t<\/div>\n\t\t\t\t\t<div class=\"elementor-container elementor-column-gap-default\">\n\t\t\t\t\t<div class=\"elementor-column elementor-col-50 elementor-top-column elementor-element elementor-element-b5008fe\" data-id=\"b5008fe\" data-element_type=\"column\">\n\t\t\t<div class=\"elementor-widget-wrap elementor-element-populated\">\n\t\t\t\t\t\t\t\t<div class=\"elementor-element elementor-element-8121927 elementor-widget elementor-widget-heading\" data-id=\"8121927\" data-element_type=\"widget\" data-widget_type=\"heading.default\">\n\t\t\t\t<div class=\"elementor-widget-container\">\n\t\t\t<h1 class=\"elementor-heading-title elementor-size-default\">Personalizaci\u00f3n<\/h1>\t\t<\/div>\n\t\t\t\t<\/div>\n\t\t\t\t<div class=\"elementor-element elementor-element-0d262a7 elementor-widget elementor-widget-heading\" data-id=\"0d262a7\" data-element_type=\"widget\" data-widget_type=\"heading.default\">\n\t\t\t\t<div class=\"elementor-widget-container\">\n\t\t\t<h2 class=\"elementor-heading-title elementor-size-default\">Ofrecemos opciones de personalizaci\u00f3n inigualables para sus bolsas<\/h2>\t\t<\/div>\n\t\t\t\t<\/div>\n\t\t\t\t<div class=\"elementor-element elementor-element-241b855 elementor-widget elementor-widget-text-editor\" data-id=\"241b855\" data-element_type=\"widget\" data-widget_type=\"text-editor.default\">\n\t\t\t\t<div class=\"elementor-widget-container\">\n\t\t\t\t\t\t\t<p>Como nos encargamos de todas las fases del proceso de fabricaci\u00f3n, el cielo es el l\u00edmite cuando se trata de lo que puede hacer para personalizar sus bolsas. Adem\u00e1s de nuestros colores est\u00e1ndar en stock, y siempre que se cumpla un volumen m\u00ednimo de pedido, podemos ofrecer tejidos te\u00f1idos a medida para que coincidan con el pantone de su marca o la impresi\u00f3n de borde a borde antes del cosido. \u00bfHa pensado en imprimir en los bordes de sus bolsas? Otros elementos a tener en cuenta son un forro impreso personalizado, bolsillos laterales o interiores, asas personalizadas o la adici\u00f3n de una<a href=\"https:\/\/gojuteinternational.com\/es\/etiquetas-swing\/\"><strong> etiqueta de swing<\/strong><\/a>.<\/p>\t\t\t\t\t\t<\/div>\n\t\t\t\t<\/div>\n\t\t\t\t\t<\/div>\n\t\t<\/div>\n\t\t\t\t<div class=\"elementor-column elementor-col-50 elementor-top-column elementor-element elementor-element-5896b0e elementor-hidden-mobile\" data-id=\"5896b0e\" data-element_type=\"column\" data-settings=\"{&quot;background_background&quot;:&quot;classic&quot;}\">\n\t\t\t<div class=\"elementor-widget-wrap elementor-element-populated\">\n\t\t\t\t\t\t\t\t<div class=\"elementor-element elementor-element-fbe6d50 elementor-hidden-tablet elementor-widget elementor-widget-image\" data-id=\"fbe6d50\" data-element_type=\"widget\" data-settings=\"{&quot;motion_fx_motion_fx_scrolling&quot;:&quot;yes&quot;,&quot;motion_fx_translateY_effect&quot;:&quot;yes&quot;,&quot;motion_fx_translateY_speed&quot;:{&quot;unit&quot;:&quot;px&quot;,&quot;size&quot;:1,&quot;sizes&quot;:[]},&quot;motion_fx_translateY_affectedRange&quot;:{&quot;unit&quot;:&quot;%&quot;,&quot;size&quot;:&quot;&quot;,&quot;sizes&quot;:{&quot;start&quot;:0,&quot;end&quot;:100}},&quot;motion_fx_devices&quot;:[&quot;desktop&quot;,&quot;tablet&quot;,&quot;mobile&quot;]}\" data-widget_type=\"image.default\">\n\t\t\t\t<div class=\"elementor-widget-container\">\n\t\t\t<style>\/*! elementor - v3.18.0 - 20-12-2023 *\/\n.elementor-widget-image{text-align:center}.elementor-widget-image a{display:inline-block}.elementor-widget-image a img[src$=\".svg\"]{width:48px}.elementor-widget-image img{vertical-align:middle;display:inline-block}<\/style>\t\t\t\t\t\t\t\t\t\t\t\t<img decoding=\"async\" src=\"https:\/\/gojuteinternational.com\/wp-content\/uploads\/elementor\/thumbs\/kara-bag-swing-tag-jpg-qi0f2uz7wu1d4m46fjwivsvcu469g0456b06dozzlo.webp\" title=\"Bag,And,Flip,Flops,On,Tropical,Beach\" alt=\"swing tags\" loading=\"lazy\" \/>\t\t\t\t\t\t\t\t\t\t\t\t\t\t\t<\/div>\n\t\t\t\t<\/div>\n\t\t\t\t\t<\/div>\n\t\t<\/div>\n\t\t\t\t\t\t\t<\/div>\n\t\t<\/section>\n\t\t\t\t<section class=\"elementor-section elementor-top-section elementor-element elementor-element-5622b15 elementor-section-full_width elementor-section-height-default elementor-section-height-default\" data-id=\"5622b15\" data-element_type=\"section\" data-settings=\"{&quot;background_background&quot;:&quot;classic&quot;,&quot;shape_divider_top&quot;:&quot;tilt&quot;}\">\n\t\t\t\t\t<div class=\"elementor-shape elementor-shape-top\" data-negative=\"false\">\n\t\t\t<svg xmlns=\"http:\/\/www.w3.org\/2000\/svg\" viewBox=\"0 0 1000 100\" preserveAspectRatio=\"none\">\n\t<path class=\"elementor-shape-fill\" d=\"M0,6V0h1000v100L0,6z\"\/>\n<\/svg>\t\t<\/div>\n\t\t\t\t\t<div class=\"elementor-container elementor-column-gap-default\">\n\t\t\t\t\t<div class=\"elementor-column elementor-col-100 elementor-top-column elementor-element elementor-element-d999a4e\" data-id=\"d999a4e\" data-element_type=\"column\">\n\t\t\t<div class=\"elementor-widget-wrap elementor-element-populated\">\n\t\t\t\t\t\t\t\t<div class=\"elementor-element elementor-element-d4fad0b elementor-widget elementor-widget-heading\" data-id=\"d4fad0b\" data-element_type=\"widget\" data-widget_type=\"heading.default\">\n\t\t\t\t<div class=\"elementor-widget-container\">\n\t\t\t<h1 class=\"elementor-heading-title elementor-size-default\">Saluda<\/h1>\t\t<\/div>\n\t\t\t\t<\/div>\n\t\t\t\t<div class=\"elementor-element elementor-element-a787c55 elementor-widget elementor-widget-heading\" data-id=\"a787c55\" data-element_type=\"widget\" data-widget_type=\"heading.default\">\n\t\t\t\t<div class=\"elementor-widget-container\">\n\t\t\t<h3 class=\"elementor-heading-title elementor-size-default\">Nos encantar\u00eda saber de ti<br>sobre su pr\u00f3ximo proyecto de bolsa<\/h3>\t\t<\/div>\n\t\t\t\t<\/div>\n\t\t\t\t<div class=\"elementor-element elementor-element-844e7da elementor-widget elementor-widget-html\" data-id=\"844e7da\" data-element_type=\"widget\" data-widget_type=\"html.default\">\n\t\t\t\t<div class=\"elementor-widget-container\">\n\t\t\t<div class=\"hs-cta-embed hs-cta-simple-placeholder hs-cta-embed-258726587615\"\r\n  style=\"margin: 0 auto; text-align: center; max-width:100%; max-height:100%; width:400px;height:66.47135162353516px\" data-hubspot-wrapper-cta-id=\"258726587615\">\r\n  <a href=\"https:\/\/cta-eu1.hubspot.com\/web-interactives\/public\/v1\/track\/redirect?encryptedPayload=AVxigLIle%2BVhDfdZyOHvP1T76RpZTh4jgqJ8dWWv1swjOFNV8n4q%2BmDeGZOrfhacBDvsnAJcie54ULt7ON59m9AYvJHSIa1MAVHLB%2BlJF8R8u1h6DMbfIwLg%2FSdm1H5YNZ1x7Aoz6Y%2B%2Bkw%2BDmYSNDfa3cfqRvNmSvuEiWQ23MKLAcjopKbusZF1rnODkLisKPlB%2BcY88s0RTOsP863271w%3D%3D&webInteractiveContentId=258726587615&portalId=145887237\" target=\"_blank\" rel=\"noopener\" crossorigin=\"anonymous\">\r\n    <img decoding=\"async\" alt=\"Contacte con nosotros\" loading=\"lazy\" src=\"https:\/\/hubspot-no-cache-eu1-prod.s3.amazonaws.com\/cta\/default\/145887237\/interactive-258726587615.png\" style=\"height: 100%; width: 100%; object-fit: fill\"\r\n      onerror=\"this.style.display='none'\" \/>\r\n  <\/a>\r\n<\/div>\r\n\t\t<\/div>\n\t\t\t\t<\/div>\n\t\t\t\t\t<\/div>\n\t\t<\/div>\n\t\t\t\t\t\t\t<\/div>\n\t\t<\/section>\n\t\t\t\t\t\t\t<\/div>\n\t\t","protected":false},"excerpt":{"rendered":"<p>Productos Estamos especializados en bolsas personalizadas con materiales naturales y biodegradables, como el yute, el algod\u00f3n y el juco. Nuestros productos son totalmente personalizados y aceptamos pedidos desde tan s\u00f3lo 100 bolsas hasta pedidos palatalizados de decenas de miles. Como fabricantes de los productos que vendemos, controlamos la calidad en cada paso del proceso y [&hellip;]<\/p>\n","protected":false},"author":6996,"featured_media":0,"parent":0,"menu_order":0,"comment_status":"closed","ping_status":"closed","template":"","meta":{"content-type":"","_monsterinsights_skip_tracking":false,"_monsterinsights_sitenote_active":false,"_monsterinsights_sitenote_note":"","_monsterinsights_sitenote_category":0,"footnotes":""},"class_list":["post-68347","page","type-page","status-publish","hentry"],"yoast_head":"<!-- This site is optimized with the Yoast SEO plugin v21.7 - https:\/\/yoast.com\/wordpress\/plugins\/seo\/ -->\n<title>Productos - GoJute International<\/title>\n<meta name=\"description\" content=\"Eche un vistazo a nuestra gama completa de Bolsas en Go Jute International.\" \/>\n<meta name=\"robots\" content=\"index, follow, max-snippet:-1, max-image-preview:large, max-video-preview:-1\" \/>\n<link rel=\"canonical\" href=\"https:\/\/gojuteinternational.com\/es\/gama-de-productos\/\" \/>\n<meta property=\"og:locale\" content=\"es_ES\" \/>\n<meta property=\"og:type\" content=\"article\" \/>\n<meta property=\"og:title\" content=\"Productos - GoJute International\" \/>\n<meta property=\"og:description\" content=\"Eche un vistazo a nuestra gama completa de Bolsas en Go Jute International.\" \/>\n<meta property=\"og:url\" content=\"https:\/\/gojuteinternational.com\/es\/gama-de-productos\/\" \/>\n<meta property=\"og:site_name\" content=\"GoJute International\" \/>\n<meta property=\"article:publisher\" content=\"https:\/\/www.facebook.com\/gojute\" \/>\n<meta property=\"article:modified_time\" content=\"2025-07-25T19:29:12+00:00\" \/>\n<meta property=\"og:image\" content=\"https:\/\/hubspot-no-cache-eu1-prod.s3.amazonaws.com\/cta\/default\/145887237\/interactive-258726588602.png\" \/>\n<meta name=\"twitter:card\" content=\"summary_large_image\" \/>\n<meta name=\"twitter:label1\" content=\"Tiempo de lectura\" \/>\n\t<meta name=\"twitter:data1\" content=\"2 minutos\" \/>\n<script type=\"application\/ld+json\" class=\"yoast-schema-graph\">{\"@context\":\"https:\/\/schema.org\",\"@graph\":[{\"@type\":\"WebPage\",\"@id\":\"https:\/\/gojuteinternational.com\/es\/gama-de-productos\/\",\"url\":\"https:\/\/gojuteinternational.com\/es\/gama-de-productos\/\",\"name\":\"Productos - GoJute International\",\"isPartOf\":{\"@id\":\"https:\/\/gojuteinternational.com\/es\/#website\"},\"datePublished\":\"2023-08-03T10:01:15+00:00\",\"dateModified\":\"2025-07-25T19:29:12+00:00\",\"description\":\"Eche un vistazo a nuestra gama completa de Bolsas en Go Jute International.\",\"breadcrumb\":{\"@id\":\"https:\/\/gojuteinternational.com\/es\/gama-de-productos\/#breadcrumb\"},\"inLanguage\":\"es\",\"potentialAction\":[{\"@type\":\"ReadAction\",\"target\":[\"https:\/\/gojuteinternational.com\/es\/gama-de-productos\/\"]}]},{\"@type\":\"BreadcrumbList\",\"@id\":\"https:\/\/gojuteinternational.com\/es\/gama-de-productos\/#breadcrumb\",\"itemListElement\":[{\"@type\":\"ListItem\",\"position\":1,\"name\":\"Home\",\"item\":\"https:\/\/gojuteinternational.com\/es\/\"},{\"@type\":\"ListItem\",\"position\":2,\"name\":\"Productos\"}]},{\"@type\":\"WebSite\",\"@id\":\"https:\/\/gojuteinternational.com\/es\/#website\",\"url\":\"https:\/\/gojuteinternational.com\/es\/\",\"name\":\"GoJute International\",\"description\":\"Printed bags for business\",\"publisher\":{\"@id\":\"https:\/\/gojuteinternational.com\/es\/#organization\"},\"alternateName\":\"GoJute\",\"potentialAction\":[{\"@type\":\"SearchAction\",\"target\":{\"@type\":\"EntryPoint\",\"urlTemplate\":\"https:\/\/gojuteinternational.com\/es\/?s={search_term_string}\"},\"query-input\":\"required name=search_term_string\"}],\"inLanguage\":\"es\"},{\"@type\":\"Organization\",\"@id\":\"https:\/\/gojuteinternational.com\/es\/#organization\",\"name\":\"GoJute International\",\"alternateName\":\"GoJute\",\"url\":\"https:\/\/gojuteinternational.com\/es\/\",\"logo\":{\"@type\":\"ImageObject\",\"inLanguage\":\"es\",\"@id\":\"https:\/\/gojuteinternational.com\/es\/#\/schema\/logo\/image\/\",\"url\":\"https:\/\/gojuteinternational.com\/wp-content\/uploads\/2022\/06\/GoJute-Logo-RGB.png\",\"contentUrl\":\"https:\/\/gojuteinternational.com\/wp-content\/uploads\/2022\/06\/GoJute-Logo-RGB.png\",\"width\":2000,\"height\":1809,\"caption\":\"GoJute International\"},\"image\":{\"@id\":\"https:\/\/gojuteinternational.com\/es\/#\/schema\/logo\/image\/\"},\"sameAs\":[\"https:\/\/www.facebook.com\/gojute\",\"https:\/\/www.instagram.com\/gojute\/\"]}]}<\/script>\n<!-- \/ Yoast SEO plugin. -->","yoast_head_json":{"title":"Productos - GoJute International","description":"Eche un vistazo a nuestra gama completa de Bolsas en Go Jute International.","robots":{"index":"index","follow":"follow","max-snippet":"max-snippet:-1","max-image-preview":"max-image-preview:large","max-video-preview":"max-video-preview:-1"},"canonical":"https:\/\/gojuteinternational.com\/es\/gama-de-productos\/","og_locale":"es_ES","og_type":"article","og_title":"Productos - GoJute International","og_description":"Eche un vistazo a nuestra gama completa de Bolsas en Go Jute International.","og_url":"https:\/\/gojuteinternational.com\/es\/gama-de-productos\/","og_site_name":"GoJute International","article_publisher":"https:\/\/www.facebook.com\/gojute","article_modified_time":"2025-07-25T19:29:12+00:00","og_image":[{"url":"https:\/\/hubspot-no-cache-eu1-prod.s3.amazonaws.com\/cta\/default\/145887237\/interactive-258726588602.png"}],"twitter_card":"summary_large_image","twitter_misc":{"Tiempo de lectura":"2 minutos"},"schema":{"@context":"https:\/\/schema.org","@graph":[{"@type":"WebPage","@id":"https:\/\/gojuteinternational.com\/es\/gama-de-productos\/","url":"https:\/\/gojuteinternational.com\/es\/gama-de-productos\/","name":"Productos - GoJute International","isPartOf":{"@id":"https:\/\/gojuteinternational.com\/es\/#website"},"datePublished":"2023-08-03T10:01:15+00:00","dateModified":"2025-07-25T19:29:12+00:00","description":"Eche un vistazo a nuestra gama completa de Bolsas en Go Jute International.","breadcrumb":{"@id":"https:\/\/gojuteinternational.com\/es\/gama-de-productos\/#breadcrumb"},"inLanguage":"es","potentialAction":[{"@type":"ReadAction","target":["https:\/\/gojuteinternational.com\/es\/gama-de-productos\/"]}]},{"@type":"BreadcrumbList","@id":"https:\/\/gojuteinternational.com\/es\/gama-de-productos\/#breadcrumb","itemListElement":[{"@type":"ListItem","position":1,"name":"Home","item":"https:\/\/gojuteinternational.com\/es\/"},{"@type":"ListItem","position":2,"name":"Productos"}]},{"@type":"WebSite","@id":"https:\/\/gojuteinternational.com\/es\/#website","url":"https:\/\/gojuteinternational.com\/es\/","name":"GoJute International","description":"Printed bags for business","publisher":{"@id":"https:\/\/gojuteinternational.com\/es\/#organization"},"alternateName":"GoJute","potentialAction":[{"@type":"SearchAction","target":{"@type":"EntryPoint","urlTemplate":"https:\/\/gojuteinternational.com\/es\/?s={search_term_string}"},"query-input":"required name=search_term_string"}],"inLanguage":"es"},{"@type":"Organization","@id":"https:\/\/gojuteinternational.com\/es\/#organization","name":"GoJute International","alternateName":"GoJute","url":"https:\/\/gojuteinternational.com\/es\/","logo":{"@type":"ImageObject","inLanguage":"es","@id":"https:\/\/gojuteinternational.com\/es\/#\/schema\/logo\/image\/","url":"https:\/\/gojuteinternational.com\/wp-content\/uploads\/2022\/06\/GoJute-Logo-RGB.png","contentUrl":"https:\/\/gojuteinternational.com\/wp-content\/uploads\/2022\/06\/GoJute-Logo-RGB.png","width":2000,"height":1809,"caption":"GoJute International"},"image":{"@id":"https:\/\/gojuteinternational.com\/es\/#\/schema\/logo\/image\/"},"sameAs":["https:\/\/www.facebook.com\/gojute","https:\/\/www.instagram.com\/gojute\/"]}]}},"_links":{"self":[{"href":"https:\/\/gojuteinternational.com\/es\/wp-json\/wp\/v2\/pages\/68347","targetHints":{"allow":["GET"]}}],"collection":[{"href":"https:\/\/gojuteinternational.com\/es\/wp-json\/wp\/v2\/pages"}],"about":[{"href":"https:\/\/gojuteinternational.com\/es\/wp-json\/wp\/v2\/types\/page"}],"author":[{"embeddable":true,"href":"https:\/\/gojuteinternational.com\/es\/wp-json\/wp\/v2\/users\/6996"}],"replies":[{"embeddable":true,"href":"https:\/\/gojuteinternational.com\/es\/wp-json\/wp\/v2\/comments?post=68347"}],"version-history":[{"count":31,"href":"https:\/\/gojuteinternational.com\/es\/wp-json\/wp\/v2\/pages\/68347\/revisions"}],"predecessor-version":[{"id":89889,"href":"https:\/\/gojuteinternational.com\/es\/wp-json\/wp\/v2\/pages\/68347\/revisions\/89889"}],"wp:attachment":[{"href":"https:\/\/gojuteinternational.com\/es\/wp-json\/wp\/v2\/media?parent=68347"}],"curies":[{"name":"wp","href":"https:\/\/api.w.org\/{rel}","templated":true}]}}