{"id":68457,"date":"2023-08-04T09:59:40","date_gmt":"2023-08-04T08:59:40","guid":{"rendered":"https:\/\/gojuteinternational.com\/gama-de-productos\/juco-bags\/"},"modified":"2025-05-14T13:12:53","modified_gmt":"2025-05-14T12:12:53","slug":"juco-bags","status":"publish","type":"page","link":"https:\/\/gojuteinternational.com\/es\/gama-de-productos\/juco-bags\/","title":{"rendered":"Bolsas Juco"},"content":{"rendered":"\t\t<div data-elementor-type=\"wp-page\" data-elementor-id=\"68457\" class=\"elementor elementor-68457 elementor-53653\" data-elementor-post-type=\"page\">\n\t\t\t\t\t\t\t\t\t<section class=\"elementor-section elementor-top-section elementor-element elementor-element-50f7e8d elementor-section-boxed elementor-section-height-default elementor-section-height-default\" data-id=\"50f7e8d\" data-element_type=\"section\" data-settings=\"{&quot;background_background&quot;:&quot;classic&quot;}\">\n\t\t\t\t\t\t<div class=\"elementor-container elementor-column-gap-default\">\n\t\t\t\t\t<div class=\"elementor-column elementor-col-100 elementor-top-column elementor-element elementor-element-59fa008\" data-id=\"59fa008\" data-element_type=\"column\">\n\t\t\t<div class=\"elementor-widget-wrap elementor-element-populated\">\n\t\t\t\t\t\t\t\t<div class=\"elementor-element elementor-element-2fa3084 elementor-widget elementor-widget-heading\" data-id=\"2fa3084\" data-element_type=\"widget\" data-widget_type=\"heading.default\">\n\t\t\t\t<div class=\"elementor-widget-container\">\n\t\t\t<style>\/*! elementor - v3.18.0 - 20-12-2023 *\/\n.elementor-heading-title{padding:0;margin:0;line-height:1}.elementor-widget-heading .elementor-heading-title[class*=elementor-size-]>a{color:inherit;font-size:inherit;line-height:inherit}.elementor-widget-heading .elementor-heading-title.elementor-size-small{font-size:15px}.elementor-widget-heading .elementor-heading-title.elementor-size-medium{font-size:19px}.elementor-widget-heading .elementor-heading-title.elementor-size-large{font-size:29px}.elementor-widget-heading .elementor-heading-title.elementor-size-xl{font-size:39px}.elementor-widget-heading .elementor-heading-title.elementor-size-xxl{font-size:59px}<\/style><h2 class=\"elementor-heading-title elementor-size-default\">Bolsas Juco<\/h2>\t\t<\/div>\n\t\t\t\t<\/div>\n\t\t\t\t<section class=\"elementor-section elementor-inner-section elementor-element elementor-element-1d2f30d elementor-hidden-tablet elementor-hidden-mobile elementor-section-boxed elementor-section-height-default elementor-section-height-default\" data-id=\"1d2f30d\" data-element_type=\"section\">\n\t\t\t\t\t\t<div class=\"elementor-container elementor-column-gap-default\">\n\t\t\t\t\t<div class=\"elementor-column elementor-col-25 elementor-inner-column elementor-element elementor-element-55d8d6c\" data-id=\"55d8d6c\" data-element_type=\"column\">\n\t\t\t<div class=\"elementor-widget-wrap\">\n\t\t\t\t\t\t\t\t\t<\/div>\n\t\t<\/div>\n\t\t\t\t<div class=\"elementor-column elementor-col-25 elementor-inner-column elementor-element elementor-element-89a2f21\" data-id=\"89a2f21\" data-element_type=\"column\">\n\t\t\t<div class=\"elementor-widget-wrap elementor-element-populated\">\n\t\t\t\t\t\t\t\t<div class=\"elementor-element elementor-element-a9c53fe elementor-align-right elementor-widget elementor-widget-button\" data-id=\"a9c53fe\" data-element_type=\"widget\" data-widget_type=\"button.default\">\n\t\t\t\t<div class=\"elementor-widget-container\">\n\t\t\t\t\t<div class=\"elementor-button-wrapper\">\n\t\t\t<a class=\"elementor-button elementor-button-link elementor-size-sm elementor-animation-pulse\" href=\"https:\/\/gojuteinternational.com\/es\/gama-de-productos\/bolsas-de-yute\/\">\n\t\t\t\t\t\t<span class=\"elementor-button-content-wrapper\">\n\t\t\t\t\t\t<span class=\"elementor-button-text\">Bolsas de Yute<\/span>\n\t\t<\/span>\n\t\t\t\t\t<\/a>\n\t\t<\/div>\n\t\t\t\t<\/div>\n\t\t\t\t<\/div>\n\t\t\t\t\t<\/div>\n\t\t<\/div>\n\t\t\t\t<div class=\"elementor-column elementor-col-25 elementor-inner-column elementor-element elementor-element-985e857\" data-id=\"985e857\" data-element_type=\"column\">\n\t\t\t<div class=\"elementor-widget-wrap elementor-element-populated\">\n\t\t\t\t\t\t\t\t<div class=\"elementor-element elementor-element-61de24a elementor-align-left elementor-widget elementor-widget-button\" data-id=\"61de24a\" data-element_type=\"widget\" data-widget_type=\"button.default\">\n\t\t\t\t<div class=\"elementor-widget-container\">\n\t\t\t\t\t<div class=\"elementor-button-wrapper\">\n\t\t\t<a class=\"elementor-button elementor-button-link elementor-size-sm elementor-animation-pulse\" href=\"https:\/\/gojuteinternational.com\/es\/gama-de-productos\/bolsas-de-algodon\/\">\n\t\t\t\t\t\t<span class=\"elementor-button-content-wrapper\">\n\t\t\t\t\t\t<span class=\"elementor-button-text\">Bolsas de Algod\u00f3n<\/span>\n\t\t<\/span>\n\t\t\t\t\t<\/a>\n\t\t<\/div>\n\t\t\t\t<\/div>\n\t\t\t\t<\/div>\n\t\t\t\t\t<\/div>\n\t\t<\/div>\n\t\t\t\t<div class=\"elementor-column elementor-col-25 elementor-inner-column elementor-element elementor-element-0e1945e\" data-id=\"0e1945e\" data-element_type=\"column\">\n\t\t\t<div class=\"elementor-widget-wrap\">\n\t\t\t\t\t\t\t\t\t<\/div>\n\t\t<\/div>\n\t\t\t\t\t\t\t<\/div>\n\t\t<\/section>\n\t\t\t\t\t<\/div>\n\t\t<\/div>\n\t\t\t\t\t\t\t<\/div>\n\t\t<\/section>\n\t\t\t\t<section class=\"elementor-section elementor-top-section elementor-element elementor-element-e268d07 elementor-section-boxed elementor-section-height-default elementor-section-height-default\" data-id=\"e268d07\" data-element_type=\"section\" data-settings=\"{&quot;background_background&quot;:&quot;classic&quot;}\">\n\t\t\t\t\t\t<div class=\"elementor-container elementor-column-gap-default\">\n\t\t\t\t\t<div class=\"elementor-column elementor-col-100 elementor-top-column elementor-element elementor-element-6b820fb\" data-id=\"6b820fb\" data-element_type=\"column\">\n\t\t\t<div class=\"elementor-widget-wrap elementor-element-populated\">\n\t\t\t\t\t\t\t\t<div class=\"elementor-element elementor-element-839b1cd elementor-posts__hover-none elementor-grid-3 elementor-grid-tablet-2 elementor-grid-mobile-1 elementor-posts--thumbnail-top elementor-widget elementor-widget-posts\" data-id=\"839b1cd\" data-element_type=\"widget\" data-settings=\"{&quot;cards_columns&quot;:&quot;3&quot;,&quot;cards_columns_tablet&quot;:&quot;2&quot;,&quot;cards_columns_mobile&quot;:&quot;1&quot;,&quot;cards_row_gap&quot;:{&quot;unit&quot;:&quot;px&quot;,&quot;size&quot;:35,&quot;sizes&quot;:[]},&quot;cards_row_gap_tablet&quot;:{&quot;unit&quot;:&quot;px&quot;,&quot;size&quot;:&quot;&quot;,&quot;sizes&quot;:[]},&quot;cards_row_gap_mobile&quot;:{&quot;unit&quot;:&quot;px&quot;,&quot;size&quot;:&quot;&quot;,&quot;sizes&quot;:[]}}\" data-widget_type=\"posts.cards\">\n\t\t\t\t<div class=\"elementor-widget-container\">\n\t\t\t<link rel=\"stylesheet\" href=\"https:\/\/gojuteinternational.com\/wp-content\/plugins\/elementor-pro\/assets\/css\/widget-posts.min.css\">\t\t<div class=\"elementor-posts-container elementor-posts elementor-posts--skin-cards elementor-grid\">\n\t\t\t\t<article class=\"elementor-post elementor-grid-item post-71109 post type-post status-publish format-standard has-post-thumbnail hentry category-bolsas-juco category-catalogo-de-productos-es category-catalogue-des-produits category-product-catalogue tag-gj011-es tag-juco-es\">\n\t\t\t<div class=\"elementor-post__card\">\n\t\t\t\t<a class=\"elementor-post__thumbnail__link\" href=\"https:\/\/gojuteinternational.com\/es\/catalogo-de-productos-es\/bolsa-juco-gj011-grande\/\" tabindex=\"-1\" ><div class=\"elementor-post__thumbnail\"><img fetchpriority=\"high\" decoding=\"async\" width=\"300\" height=\"300\" src=\"https:\/\/gojuteinternational.com\/wp-content\/uploads\/2023\/08\/gj011-large-bag-with-white-juco-and-natural-jute-300x300.jpg\" class=\"attachment-medium size-medium wp-image-84819\" alt=\"gj011-large-bag-with-white-juco-and-natural-jute\" srcset=\"https:\/\/gojuteinternational.com\/wp-content\/uploads\/2023\/08\/gj011-large-bag-with-white-juco-and-natural-jute-300x300.jpg 300w, https:\/\/gojuteinternational.com\/wp-content\/uploads\/2023\/08\/gj011-large-bag-with-white-juco-and-natural-jute-150x150.jpg 150w, https:\/\/gojuteinternational.com\/wp-content\/uploads\/2023\/08\/gj011-large-bag-with-white-juco-and-natural-jute-768x768.jpg 768w, https:\/\/gojuteinternational.com\/wp-content\/uploads\/2023\/08\/gj011-large-bag-with-white-juco-and-natural-jute.jpg 1000w\" sizes=\"(max-width: 300px) 100vw, 300px\" \/><\/div><\/a>\n\t\t\t\t<div class=\"elementor-post__text\">\n\t\t\t\t<h3 class=\"elementor-post__title\">\n\t\t\t<a href=\"https:\/\/gojuteinternational.com\/es\/catalogo-de-productos-es\/bolsa-juco-gj011-grande\/\" >\n\t\t\t\tBolsa grande Juco GJ011\t\t\t<\/a>\n\t\t<\/h3>\n\t\t\t\t<div class=\"elementor-post__excerpt\">\n\t\t\t<p>Disponible en 7 colores diferentes<br \/>\nDimensiones de la bolsa: An:40cm x Al:36cm<\/p>\n\t\t<\/div>\n\t\t\n\t\t<a class=\"elementor-post__read-more\" href=\"https:\/\/gojuteinternational.com\/es\/catalogo-de-productos-es\/bolsa-juco-gj011-grande\/\" aria-label=\"M\u00e1s informaci\u00f3n sobre Bolsa grande Juco GJ011\" tabindex=\"-1\" >\n\t\t\tLeer M\u00e1s \"\t\t<\/a>\n\n\t\t\t\t<\/div>\n\t\t\t\t\t<\/div>\n\t\t<\/article>\n\t\t\t\t<article class=\"elementor-post elementor-grid-item post-84668 post type-post status-publish format-standard has-post-thumbnail hentry category-bolsas-juco category-catalogo-de-productos-es tag-gj012-es tag-juco-es\">\n\t\t\t<div class=\"elementor-post__card\">\n\t\t\t\t<a class=\"elementor-post__thumbnail__link\" href=\"https:\/\/gojuteinternational.com\/es\/catalogo-de-productos-es\/small-juco-bag-gj012\/\" tabindex=\"-1\" ><div class=\"elementor-post__thumbnail\"><img decoding=\"async\" width=\"300\" height=\"300\" src=\"https:\/\/gojuteinternational.com\/wp-content\/uploads\/2025\/01\/gj012-small-bag-with-forest-green-juco-and-jute-1-300x300.jpg\" class=\"attachment-medium size-medium wp-image-84861\" alt=\"gj012-small-bag-with-forest-green-juco-and-jute\" srcset=\"https:\/\/gojuteinternational.com\/wp-content\/uploads\/2025\/01\/gj012-small-bag-with-forest-green-juco-and-jute-1-300x300.jpg 300w, https:\/\/gojuteinternational.com\/wp-content\/uploads\/2025\/01\/gj012-small-bag-with-forest-green-juco-and-jute-1-150x150.jpg 150w, https:\/\/gojuteinternational.com\/wp-content\/uploads\/2025\/01\/gj012-small-bag-with-forest-green-juco-and-jute-1-768x768.jpg 768w, https:\/\/gojuteinternational.com\/wp-content\/uploads\/2025\/01\/gj012-small-bag-with-forest-green-juco-and-jute-1.jpg 1000w\" sizes=\"(max-width: 300px) 100vw, 300px\" \/><\/div><\/a>\n\t\t\t\t<div class=\"elementor-post__text\">\n\t\t\t\t<h3 class=\"elementor-post__title\">\n\t\t\t<a href=\"https:\/\/gojuteinternational.com\/es\/catalogo-de-productos-es\/small-juco-bag-gj012\/\" >\n\t\t\t\tBolsa Juco Peque\u00f1a GJ012\t\t\t<\/a>\n\t\t<\/h3>\n\t\t\t\t<div class=\"elementor-post__excerpt\">\n\t\t\t<p>Disponible en 12 colores de bolsa diferentes<br \/>\nDimensiones de la bolsa: An:26cm x Al:24cm x Pr:17cm<\/p>\n\t\t<\/div>\n\t\t\n\t\t<a class=\"elementor-post__read-more\" href=\"https:\/\/gojuteinternational.com\/es\/catalogo-de-productos-es\/small-juco-bag-gj012\/\" aria-label=\"M\u00e1s informaci\u00f3n sobre Bolsa Juco Peque\u00f1a GJ012\" tabindex=\"-1\" >\n\t\t\tLeer M\u00e1s \"\t\t<\/a>\n\n\t\t\t\t<\/div>\n\t\t\t\t\t<\/div>\n\t\t<\/article>\n\t\t\t\t<article class=\"elementor-post elementor-grid-item post-84739 post type-post status-publish format-standard has-post-thumbnail hentry category-bolsas-juco category-catalogo-de-productos-es tag-gj013-es tag-juco-es\">\n\t\t\t<div class=\"elementor-post__card\">\n\t\t\t\t<a class=\"elementor-post__thumbnail__link\" href=\"https:\/\/gojuteinternational.com\/es\/catalogo-de-productos-es\/square-juco-bag-gj013\/\" tabindex=\"-1\" ><div class=\"elementor-post__thumbnail\"><img decoding=\"async\" width=\"300\" height=\"300\" src=\"https:\/\/gojuteinternational.com\/wp-content\/uploads\/2025\/01\/gj013-square-bag-with-Natural-juco-and-black-jute-1-300x300.jpg\" class=\"attachment-medium size-medium wp-image-84858\" alt=\"gj013-square-bag-with-Natural-juco-and-black-jute\" srcset=\"https:\/\/gojuteinternational.com\/wp-content\/uploads\/2025\/01\/gj013-square-bag-with-Natural-juco-and-black-jute-1-300x300.jpg 300w, https:\/\/gojuteinternational.com\/wp-content\/uploads\/2025\/01\/gj013-square-bag-with-Natural-juco-and-black-jute-1-150x150.jpg 150w, https:\/\/gojuteinternational.com\/wp-content\/uploads\/2025\/01\/gj013-square-bag-with-Natural-juco-and-black-jute-1-768x768.jpg 768w, https:\/\/gojuteinternational.com\/wp-content\/uploads\/2025\/01\/gj013-square-bag-with-Natural-juco-and-black-jute-1.jpg 1000w\" sizes=\"(max-width: 300px) 100vw, 300px\" \/><\/div><\/a>\n\t\t\t\t<div class=\"elementor-post__text\">\n\t\t\t\t<h3 class=\"elementor-post__title\">\n\t\t\t<a href=\"https:\/\/gojuteinternational.com\/es\/catalogo-de-productos-es\/square-juco-bag-gj013\/\" >\n\t\t\t\tBolsa Juco Cuadrada GJ013\t\t\t<\/a>\n\t\t<\/h3>\n\t\t\t\t<div class=\"elementor-post__excerpt\">\n\t\t\t<p>Disponible en 11 colores de bolsa diferentes<br \/>\nDimensiones de la bolsa: An:30cm x Al:30cm x Pr:23cm<\/p>\n\t\t<\/div>\n\t\t\n\t\t<a class=\"elementor-post__read-more\" href=\"https:\/\/gojuteinternational.com\/es\/catalogo-de-productos-es\/square-juco-bag-gj013\/\" aria-label=\"M\u00e1s informaci\u00f3n sobre Bolsa Juco Cuadrada GJ013\" tabindex=\"-1\" >\n\t\t\tLeer M\u00e1s \"\t\t<\/a>\n\n\t\t\t\t<\/div>\n\t\t\t\t\t<\/div>\n\t\t<\/article>\n\t\t\t\t<\/div>\n\t\t\n\t\t\t\t<\/div>\n\t\t\t\t<\/div>\n\t\t\t\t\t<\/div>\n\t\t<\/div>\n\t\t\t\t\t\t\t<\/div>\n\t\t<\/section>\n\t\t\t\t\t\t\t<\/div>\n\t\t","protected":false},"excerpt":{"rendered":"<p>Bolsas Juco Bolsas de Yute Bolsas de Algod\u00f3n<\/p>\n","protected":false},"author":6996,"featured_media":68391,"parent":68347,"menu_order":3,"comment_status":"closed","ping_status":"closed","template":"","meta":{"content-type":"","_monsterinsights_skip_tracking":false,"_monsterinsights_sitenote_active":false,"_monsterinsights_sitenote_note":"","_monsterinsights_sitenote_category":0,"footnotes":""},"class_list":["post-68457","page","type-page","status-publish","has-post-thumbnail","hentry"],"yoast_head":"<!-- This site is optimized with the Yoast SEO plugin v21.7 - https:\/\/yoast.com\/wordpress\/plugins\/seo\/ -->\n<title>Bolsas Juco | Bolsas Juco al por mayor B2B | Bolsas Juco al por mayor<\/title>\n<meta name=\"description\" content=\"Go Jute ofrece bolsas de yute que le permiten, como marca, adoptar una moda respetuosa con el medio ambiente sin renunciar al estilo. Muestra tu marca con orgullo con nuestras bolsas juco.\" \/>\n<meta name=\"robots\" content=\"index, follow, max-snippet:-1, max-image-preview:large, max-video-preview:-1\" \/>\n<link rel=\"canonical\" href=\"https:\/\/gojuteinternational.com\/es\/gama-de-productos\/juco-bags\/\" \/>\n<meta property=\"og:locale\" content=\"es_ES\" \/>\n<meta property=\"og:type\" content=\"article\" \/>\n<meta property=\"og:title\" content=\"Bolsas Juco | Bolsas Juco al por mayor B2B | Bolsas Juco al por mayor\" \/>\n<meta property=\"og:description\" content=\"Go Jute ofrece bolsas de yute que le permiten, como marca, adoptar una moda respetuosa con el medio ambiente sin renunciar al estilo. Muestra tu marca con orgullo con nuestras bolsas juco.\" \/>\n<meta property=\"og:url\" content=\"https:\/\/gojuteinternational.com\/es\/gama-de-productos\/juco-bags\/\" \/>\n<meta property=\"og:site_name\" content=\"GoJute International\" \/>\n<meta property=\"article:publisher\" content=\"https:\/\/www.facebook.com\/gojute\" \/>\n<meta property=\"article:modified_time\" content=\"2025-05-14T12:12:53+00:00\" \/>\n<meta property=\"og:image\" content=\"https:\/\/gojuteinternational.com\/wp-content\/uploads\/2023\/07\/Juco-Bag-product-category-20230713-133425-jpg.webp\" \/>\n\t<meta property=\"og:image:width\" content=\"1157\" \/>\n\t<meta property=\"og:image:height\" content=\"1200\" \/>\n\t<meta property=\"og:image:type\" content=\"image\/jpeg\" \/>\n<meta name=\"twitter:card\" content=\"summary_large_image\" \/>\n<meta name=\"twitter:label1\" content=\"Tiempo de lectura\" \/>\n\t<meta name=\"twitter:data1\" content=\"1 minuto\" \/>\n<script type=\"application\/ld+json\" class=\"yoast-schema-graph\">{\"@context\":\"https:\/\/schema.org\",\"@graph\":[{\"@type\":\"WebPage\",\"@id\":\"https:\/\/gojuteinternational.com\/es\/gama-de-productos\/juco-bags\/\",\"url\":\"https:\/\/gojuteinternational.com\/es\/gama-de-productos\/juco-bags\/\",\"name\":\"Bolsas Juco | Bolsas Juco al por mayor B2B | Bolsas Juco al por mayor\",\"isPartOf\":{\"@id\":\"https:\/\/gojuteinternational.com\/es\/#website\"},\"datePublished\":\"2023-08-04T08:59:40+00:00\",\"dateModified\":\"2025-05-14T12:12:53+00:00\",\"description\":\"Go Jute ofrece bolsas de yute que le permiten, como marca, adoptar una moda respetuosa con el medio ambiente sin renunciar al estilo. Muestra tu marca con orgullo con nuestras bolsas juco.\",\"breadcrumb\":{\"@id\":\"https:\/\/gojuteinternational.com\/es\/gama-de-productos\/juco-bags\/#breadcrumb\"},\"inLanguage\":\"es\",\"potentialAction\":[{\"@type\":\"ReadAction\",\"target\":[\"https:\/\/gojuteinternational.com\/es\/gama-de-productos\/juco-bags\/\"]}]},{\"@type\":\"BreadcrumbList\",\"@id\":\"https:\/\/gojuteinternational.com\/es\/gama-de-productos\/juco-bags\/#breadcrumb\",\"itemListElement\":[{\"@type\":\"ListItem\",\"position\":1,\"name\":\"Home\",\"item\":\"https:\/\/gojuteinternational.com\/es\/\"},{\"@type\":\"ListItem\",\"position\":2,\"name\":\"Productos\",\"item\":\"https:\/\/gojuteinternational.com\/es\/product-range\/\"},{\"@type\":\"ListItem\",\"position\":3,\"name\":\"Bolsas Juco\"}]},{\"@type\":\"WebSite\",\"@id\":\"https:\/\/gojuteinternational.com\/es\/#website\",\"url\":\"https:\/\/gojuteinternational.com\/es\/\",\"name\":\"GoJute International\",\"description\":\"Printed bags for business\",\"publisher\":{\"@id\":\"https:\/\/gojuteinternational.com\/es\/#organization\"},\"alternateName\":\"GoJute\",\"potentialAction\":[{\"@type\":\"SearchAction\",\"target\":{\"@type\":\"EntryPoint\",\"urlTemplate\":\"https:\/\/gojuteinternational.com\/es\/?s={search_term_string}\"},\"query-input\":\"required name=search_term_string\"}],\"inLanguage\":\"es\"},{\"@type\":\"Organization\",\"@id\":\"https:\/\/gojuteinternational.com\/es\/#organization\",\"name\":\"GoJute International\",\"alternateName\":\"GoJute\",\"url\":\"https:\/\/gojuteinternational.com\/es\/\",\"logo\":{\"@type\":\"ImageObject\",\"inLanguage\":\"es\",\"@id\":\"https:\/\/gojuteinternational.com\/es\/#\/schema\/logo\/image\/\",\"url\":\"https:\/\/gojuteinternational.com\/wp-content\/uploads\/2022\/06\/GoJute-Logo-RGB.png\",\"contentUrl\":\"https:\/\/gojuteinternational.com\/wp-content\/uploads\/2022\/06\/GoJute-Logo-RGB.png\",\"width\":2000,\"height\":1809,\"caption\":\"GoJute International\"},\"image\":{\"@id\":\"https:\/\/gojuteinternational.com\/es\/#\/schema\/logo\/image\/\"},\"sameAs\":[\"https:\/\/www.facebook.com\/gojute\",\"https:\/\/www.instagram.com\/gojute\/\"]}]}<\/script>\n<!-- \/ Yoast SEO plugin. -->","yoast_head_json":{"title":"Bolsas Juco | Bolsas Juco al por mayor B2B | Bolsas Juco al por mayor","description":"Go Jute ofrece bolsas de yute que le permiten, como marca, adoptar una moda respetuosa con el medio ambiente sin renunciar al estilo. Muestra tu marca con orgullo con nuestras bolsas juco.","robots":{"index":"index","follow":"follow","max-snippet":"max-snippet:-1","max-image-preview":"max-image-preview:large","max-video-preview":"max-video-preview:-1"},"canonical":"https:\/\/gojuteinternational.com\/es\/gama-de-productos\/juco-bags\/","og_locale":"es_ES","og_type":"article","og_title":"Bolsas Juco | Bolsas Juco al por mayor B2B | Bolsas Juco al por mayor","og_description":"Go Jute ofrece bolsas de yute que le permiten, como marca, adoptar una moda respetuosa con el medio ambiente sin renunciar al estilo. Muestra tu marca con orgullo con nuestras bolsas juco.","og_url":"https:\/\/gojuteinternational.com\/es\/gama-de-productos\/juco-bags\/","og_site_name":"GoJute International","article_publisher":"https:\/\/www.facebook.com\/gojute","article_modified_time":"2025-05-14T12:12:53+00:00","og_image":[{"width":1157,"height":1200,"url":"https:\/\/gojuteinternational.com\/wp-content\/uploads\/2023\/07\/Juco-Bag-product-category-20230713-133425-jpg.webp","type":"image\/jpeg"}],"twitter_card":"summary_large_image","twitter_misc":{"Tiempo de lectura":"1 minuto"},"schema":{"@context":"https:\/\/schema.org","@graph":[{"@type":"WebPage","@id":"https:\/\/gojuteinternational.com\/es\/gama-de-productos\/juco-bags\/","url":"https:\/\/gojuteinternational.com\/es\/gama-de-productos\/juco-bags\/","name":"Bolsas Juco | Bolsas Juco al por mayor B2B | Bolsas Juco al por mayor","isPartOf":{"@id":"https:\/\/gojuteinternational.com\/es\/#website"},"datePublished":"2023-08-04T08:59:40+00:00","dateModified":"2025-05-14T12:12:53+00:00","description":"Go Jute ofrece bolsas de yute que le permiten, como marca, adoptar una moda respetuosa con el medio ambiente sin renunciar al estilo. Muestra tu marca con orgullo con nuestras bolsas juco.","breadcrumb":{"@id":"https:\/\/gojuteinternational.com\/es\/gama-de-productos\/juco-bags\/#breadcrumb"},"inLanguage":"es","potentialAction":[{"@type":"ReadAction","target":["https:\/\/gojuteinternational.com\/es\/gama-de-productos\/juco-bags\/"]}]},{"@type":"BreadcrumbList","@id":"https:\/\/gojuteinternational.com\/es\/gama-de-productos\/juco-bags\/#breadcrumb","itemListElement":[{"@type":"ListItem","position":1,"name":"Home","item":"https:\/\/gojuteinternational.com\/es\/"},{"@type":"ListItem","position":2,"name":"Productos","item":"https:\/\/gojuteinternational.com\/es\/product-range\/"},{"@type":"ListItem","position":3,"name":"Bolsas Juco"}]},{"@type":"WebSite","@id":"https:\/\/gojuteinternational.com\/es\/#website","url":"https:\/\/gojuteinternational.com\/es\/","name":"GoJute International","description":"Printed bags for business","publisher":{"@id":"https:\/\/gojuteinternational.com\/es\/#organization"},"alternateName":"GoJute","potentialAction":[{"@type":"SearchAction","target":{"@type":"EntryPoint","urlTemplate":"https:\/\/gojuteinternational.com\/es\/?s={search_term_string}"},"query-input":"required name=search_term_string"}],"inLanguage":"es"},{"@type":"Organization","@id":"https:\/\/gojuteinternational.com\/es\/#organization","name":"GoJute International","alternateName":"GoJute","url":"https:\/\/gojuteinternational.com\/es\/","logo":{"@type":"ImageObject","inLanguage":"es","@id":"https:\/\/gojuteinternational.com\/es\/#\/schema\/logo\/image\/","url":"https:\/\/gojuteinternational.com\/wp-content\/uploads\/2022\/06\/GoJute-Logo-RGB.png","contentUrl":"https:\/\/gojuteinternational.com\/wp-content\/uploads\/2022\/06\/GoJute-Logo-RGB.png","width":2000,"height":1809,"caption":"GoJute International"},"image":{"@id":"https:\/\/gojuteinternational.com\/es\/#\/schema\/logo\/image\/"},"sameAs":["https:\/\/www.facebook.com\/gojute","https:\/\/www.instagram.com\/gojute\/"]}]}},"_links":{"self":[{"href":"https:\/\/gojuteinternational.com\/es\/wp-json\/wp\/v2\/pages\/68457","targetHints":{"allow":["GET"]}}],"collection":[{"href":"https:\/\/gojuteinternational.com\/es\/wp-json\/wp\/v2\/pages"}],"about":[{"href":"https:\/\/gojuteinternational.com\/es\/wp-json\/wp\/v2\/types\/page"}],"author":[{"embeddable":true,"href":"https:\/\/gojuteinternational.com\/es\/wp-json\/wp\/v2\/users\/6996"}],"replies":[{"embeddable":true,"href":"https:\/\/gojuteinternational.com\/es\/wp-json\/wp\/v2\/comments?post=68457"}],"version-history":[{"count":31,"href":"https:\/\/gojuteinternational.com\/es\/wp-json\/wp\/v2\/pages\/68457\/revisions"}],"predecessor-version":[{"id":88154,"href":"https:\/\/gojuteinternational.com\/es\/wp-json\/wp\/v2\/pages\/68457\/revisions\/88154"}],"up":[{"embeddable":true,"href":"https:\/\/gojuteinternational.com\/es\/wp-json\/wp\/v2\/pages\/68347"}],"wp:featuredmedia":[{"embeddable":true,"href":"https:\/\/gojuteinternational.com\/es\/wp-json\/wp\/v2\/media\/68391"}],"wp:attachment":[{"href":"https:\/\/gojuteinternational.com\/es\/wp-json\/wp\/v2\/media?parent=68457"}],"curies":[{"name":"wp","href":"https:\/\/api.w.org\/{rel}","templated":true}]}}