{"id":68507,"date":"2023-08-04T09:59:16","date_gmt":"2023-08-04T08:59:16","guid":{"rendered":"https:\/\/gojuteinternational.com\/gama-de-productos\/bolsas-de-yute\/"},"modified":"2025-05-14T13:11:33","modified_gmt":"2025-05-14T12:11:33","slug":"bolsas-de-yute","status":"publish","type":"page","link":"https:\/\/gojuteinternational.com\/es\/gama-de-productos\/bolsas-de-yute\/","title":{"rendered":"Bolsas de yute"},"content":{"rendered":"\t\t<div data-elementor-type=\"wp-page\" data-elementor-id=\"68507\" class=\"elementor elementor-68507 elementor-53649\" data-elementor-post-type=\"page\">\n\t\t\t\t\t\t\t\t\t<section class=\"elementor-section elementor-top-section elementor-element elementor-element-34e438a elementor-section-boxed elementor-section-height-default elementor-section-height-default\" data-id=\"34e438a\" data-element_type=\"section\" data-settings=\"{&quot;background_background&quot;:&quot;classic&quot;}\">\n\t\t\t\t\t\t<div class=\"elementor-container elementor-column-gap-default\">\n\t\t\t\t\t<div class=\"elementor-column elementor-col-100 elementor-top-column elementor-element elementor-element-cdb0040\" data-id=\"cdb0040\" data-element_type=\"column\">\n\t\t\t<div class=\"elementor-widget-wrap elementor-element-populated\">\n\t\t\t\t\t\t\t\t<div class=\"elementor-element elementor-element-60ab813 elementor-widget elementor-widget-heading\" data-id=\"60ab813\" data-element_type=\"widget\" data-widget_type=\"heading.default\">\n\t\t\t\t<div class=\"elementor-widget-container\">\n\t\t\t<style>\/*! elementor - v3.18.0 - 20-12-2023 *\/\n.elementor-heading-title{padding:0;margin:0;line-height:1}.elementor-widget-heading .elementor-heading-title[class*=elementor-size-]>a{color:inherit;font-size:inherit;line-height:inherit}.elementor-widget-heading .elementor-heading-title.elementor-size-small{font-size:15px}.elementor-widget-heading .elementor-heading-title.elementor-size-medium{font-size:19px}.elementor-widget-heading .elementor-heading-title.elementor-size-large{font-size:29px}.elementor-widget-heading .elementor-heading-title.elementor-size-xl{font-size:39px}.elementor-widget-heading .elementor-heading-title.elementor-size-xxl{font-size:59px}<\/style><h2 class=\"elementor-heading-title elementor-size-default\">Bolsas de Yute<\/h2>\t\t<\/div>\n\t\t\t\t<\/div>\n\t\t\t\t<section class=\"elementor-section elementor-inner-section elementor-element elementor-element-a4e8e41 elementor-hidden-tablet elementor-hidden-mobile elementor-section-boxed elementor-section-height-default elementor-section-height-default\" data-id=\"a4e8e41\" data-element_type=\"section\">\n\t\t\t\t\t\t<div class=\"elementor-container elementor-column-gap-default\">\n\t\t\t\t\t<div class=\"elementor-column elementor-col-25 elementor-inner-column elementor-element elementor-element-588f673\" data-id=\"588f673\" data-element_type=\"column\">\n\t\t\t<div class=\"elementor-widget-wrap\">\n\t\t\t\t\t\t\t\t\t<\/div>\n\t\t<\/div>\n\t\t\t\t<div class=\"elementor-column elementor-col-25 elementor-inner-column elementor-element elementor-element-2dbc85a\" data-id=\"2dbc85a\" data-element_type=\"column\">\n\t\t\t<div class=\"elementor-widget-wrap elementor-element-populated\">\n\t\t\t\t\t\t\t\t<div class=\"elementor-element elementor-element-606a522 elementor-align-right elementor-widget elementor-widget-button\" data-id=\"606a522\" data-element_type=\"widget\" data-widget_type=\"button.default\">\n\t\t\t\t<div class=\"elementor-widget-container\">\n\t\t\t\t\t<div class=\"elementor-button-wrapper\">\n\t\t\t<a class=\"elementor-button elementor-button-link elementor-size-sm elementor-animation-pulse\" href=\"https:\/\/gojuteinternational.com\/es\/gama-de-productos\/bolsas-de-algodon\/\">\n\t\t\t\t\t\t<span class=\"elementor-button-content-wrapper\">\n\t\t\t\t\t\t<span class=\"elementor-button-text\">Bolsas de Algod\u00f3n<\/span>\n\t\t<\/span>\n\t\t\t\t\t<\/a>\n\t\t<\/div>\n\t\t\t\t<\/div>\n\t\t\t\t<\/div>\n\t\t\t\t\t<\/div>\n\t\t<\/div>\n\t\t\t\t<div class=\"elementor-column elementor-col-25 elementor-inner-column elementor-element elementor-element-d9b2172\" data-id=\"d9b2172\" data-element_type=\"column\">\n\t\t\t<div class=\"elementor-widget-wrap elementor-element-populated\">\n\t\t\t\t\t\t\t\t<div class=\"elementor-element elementor-element-1c57c14 elementor-align-left elementor-widget elementor-widget-button\" data-id=\"1c57c14\" data-element_type=\"widget\" data-widget_type=\"button.default\">\n\t\t\t\t<div class=\"elementor-widget-container\">\n\t\t\t\t\t<div class=\"elementor-button-wrapper\">\n\t\t\t<a class=\"elementor-button elementor-button-link elementor-size-sm elementor-animation-pulse\" href=\"https:\/\/gojuteinternational.com\/es\/gama-de-productos\/juco-bags\/\">\n\t\t\t\t\t\t<span class=\"elementor-button-content-wrapper\">\n\t\t\t\t\t\t<span class=\"elementor-button-text\">Bolsas Juco<\/span>\n\t\t<\/span>\n\t\t\t\t\t<\/a>\n\t\t<\/div>\n\t\t\t\t<\/div>\n\t\t\t\t<\/div>\n\t\t\t\t\t<\/div>\n\t\t<\/div>\n\t\t\t\t<div class=\"elementor-column elementor-col-25 elementor-inner-column elementor-element elementor-element-39b5d7f\" data-id=\"39b5d7f\" data-element_type=\"column\">\n\t\t\t<div class=\"elementor-widget-wrap elementor-element-populated\">\n\t\t\t\t\t\t\t\t<div class=\"elementor-element elementor-element-18da967 elementor-widget elementor-widget-html\" data-id=\"18da967\" data-element_type=\"widget\" data-widget_type=\"html.default\">\n\t\t\t\t<div class=\"elementor-widget-container\">\n\t\t\t<!-- Hotjar Tracking Code for GoJute International -->\n<script>\n    (function(h,o,t,j,a,r){\n        h.hj=h.hj||function(){(h.hj.q=h.hj.q||[]).push(arguments)};\n        h._hjSettings={hjid:3813496,hjsv:6};\n        a=o.getElementsByTagName('head')[0];\n        r=o.createElement('script');r.async=1;\n        r.src=t+h._hjSettings.hjid+j+h._hjSettings.hjsv;\n        a.appendChild(r);\n    })(window,document,'https:\/\/static.hotjar.com\/c\/hotjar-','.js?sv=');\n<\/script>\t\t<\/div>\n\t\t\t\t<\/div>\n\t\t\t\t\t<\/div>\n\t\t<\/div>\n\t\t\t\t\t\t\t<\/div>\n\t\t<\/section>\n\t\t\t\t\t<\/div>\n\t\t<\/div>\n\t\t\t\t\t\t\t<\/div>\n\t\t<\/section>\n\t\t\t\t<section class=\"elementor-section elementor-top-section elementor-element elementor-element-5876f4c elementor-section-boxed elementor-section-height-default elementor-section-height-default\" data-id=\"5876f4c\" data-element_type=\"section\" data-settings=\"{&quot;background_background&quot;:&quot;classic&quot;}\">\n\t\t\t\t\t\t<div class=\"elementor-container elementor-column-gap-default\">\n\t\t\t\t\t<div class=\"elementor-column elementor-col-100 elementor-top-column elementor-element elementor-element-b11e9a6\" data-id=\"b11e9a6\" data-element_type=\"column\">\n\t\t\t<div class=\"elementor-widget-wrap elementor-element-populated\">\n\t\t\t\t\t\t\t\t\t<\/div>\n\t\t<\/div>\n\t\t\t\t\t\t\t<\/div>\n\t\t<\/section>\n\t\t\t\t\t\t\t<\/div>\n\t\t","protected":false},"excerpt":{"rendered":"<p>Bolsas de Yute Bolsas de Algod\u00f3n Bolsas Juco<\/p>\n","protected":false},"author":6996,"featured_media":68393,"parent":68347,"menu_order":1,"comment_status":"closed","ping_status":"closed","template":"","meta":{"content-type":"","_monsterinsights_skip_tracking":false,"_monsterinsights_sitenote_active":false,"_monsterinsights_sitenote_note":"","_monsterinsights_sitenote_category":0,"footnotes":""},"class_list":["post-68507","page","type-page","status-publish","has-post-thumbnail","hentry"],"yoast_head":"<!-- This site is optimized with the Yoast SEO plugin v21.7 - https:\/\/yoast.com\/wordpress\/plugins\/seo\/ -->\n<title>Bolsas de Yute | Bolsas de Yute al por mayor | Bolsas de Yute a granel<\/title>\n<meta name=\"description\" content=\"Explore nuestra gama de impresionantes bolsas de yute sostenibles que combinan sin esfuerzo estilo y respeto por el medio ambiente. Por qu\u00e9 no presumir de marca con bolsas de yute a medida dise\u00f1adas seg\u00fan sus especificaciones exactas.\" \/>\n<meta name=\"robots\" content=\"index, follow, max-snippet:-1, max-image-preview:large, max-video-preview:-1\" \/>\n<link rel=\"canonical\" href=\"https:\/\/gojuteinternational.com\/es\/gama-de-productos\/bolsas-de-yute\/\" \/>\n<meta property=\"og:locale\" content=\"es_ES\" \/>\n<meta property=\"og:type\" content=\"article\" \/>\n<meta property=\"og:title\" content=\"Bolsas de Yute | Bolsas de Yute al por mayor | Bolsas de Yute a granel\" \/>\n<meta property=\"og:description\" content=\"Explore nuestra gama de impresionantes bolsas de yute sostenibles que combinan sin esfuerzo estilo y respeto por el medio ambiente. Por qu\u00e9 no presumir de marca con bolsas de yute a medida dise\u00f1adas seg\u00fan sus especificaciones exactas.\" \/>\n<meta property=\"og:url\" content=\"https:\/\/gojuteinternational.com\/es\/gama-de-productos\/bolsas-de-yute\/\" \/>\n<meta property=\"og:site_name\" content=\"GoJute International\" \/>\n<meta property=\"article:publisher\" content=\"https:\/\/www.facebook.com\/gojute\" \/>\n<meta property=\"article:modified_time\" content=\"2025-05-14T12:11:33+00:00\" \/>\n<meta property=\"og:image\" content=\"https:\/\/gojuteinternational.com\/wp-content\/uploads\/2023\/07\/Jute-Bag-product-category-20230713-133430-jpg.webp\" \/>\n\t<meta property=\"og:image:width\" content=\"1157\" \/>\n\t<meta property=\"og:image:height\" content=\"1200\" \/>\n\t<meta property=\"og:image:type\" content=\"image\/jpeg\" \/>\n<meta name=\"twitter:card\" content=\"summary_large_image\" \/>\n<meta name=\"twitter:label1\" content=\"Tiempo de lectura\" \/>\n\t<meta name=\"twitter:data1\" content=\"6 minutos\" \/>\n<script type=\"application\/ld+json\" class=\"yoast-schema-graph\">{\"@context\":\"https:\/\/schema.org\",\"@graph\":[{\"@type\":\"WebPage\",\"@id\":\"https:\/\/gojuteinternational.com\/es\/gama-de-productos\/bolsas-de-yute\/\",\"url\":\"https:\/\/gojuteinternational.com\/es\/gama-de-productos\/bolsas-de-yute\/\",\"name\":\"Bolsas de Yute | Bolsas de Yute al por mayor | Bolsas de Yute a granel\",\"isPartOf\":{\"@id\":\"https:\/\/gojuteinternational.com\/es\/#website\"},\"datePublished\":\"2023-08-04T08:59:16+00:00\",\"dateModified\":\"2025-05-14T12:11:33+00:00\",\"description\":\"Explore nuestra gama de impresionantes bolsas de yute sostenibles que combinan sin esfuerzo estilo y respeto por el medio ambiente. Por qu\u00e9 no presumir de marca con bolsas de yute a medida dise\u00f1adas seg\u00fan sus especificaciones exactas.\",\"breadcrumb\":{\"@id\":\"https:\/\/gojuteinternational.com\/es\/gama-de-productos\/bolsas-de-yute\/#breadcrumb\"},\"inLanguage\":\"es\",\"potentialAction\":[{\"@type\":\"ReadAction\",\"target\":[\"https:\/\/gojuteinternational.com\/es\/gama-de-productos\/bolsas-de-yute\/\"]}]},{\"@type\":\"BreadcrumbList\",\"@id\":\"https:\/\/gojuteinternational.com\/es\/gama-de-productos\/bolsas-de-yute\/#breadcrumb\",\"itemListElement\":[{\"@type\":\"ListItem\",\"position\":1,\"name\":\"Home\",\"item\":\"https:\/\/gojuteinternational.com\/es\/\"},{\"@type\":\"ListItem\",\"position\":2,\"name\":\"Productos\",\"item\":\"https:\/\/gojuteinternational.com\/es\/product-range\/\"},{\"@type\":\"ListItem\",\"position\":3,\"name\":\"Bolsas de yute\"}]},{\"@type\":\"WebSite\",\"@id\":\"https:\/\/gojuteinternational.com\/es\/#website\",\"url\":\"https:\/\/gojuteinternational.com\/es\/\",\"name\":\"GoJute International\",\"description\":\"Printed bags for business\",\"publisher\":{\"@id\":\"https:\/\/gojuteinternational.com\/es\/#organization\"},\"alternateName\":\"GoJute\",\"potentialAction\":[{\"@type\":\"SearchAction\",\"target\":{\"@type\":\"EntryPoint\",\"urlTemplate\":\"https:\/\/gojuteinternational.com\/es\/?s={search_term_string}\"},\"query-input\":\"required name=search_term_string\"}],\"inLanguage\":\"es\"},{\"@type\":\"Organization\",\"@id\":\"https:\/\/gojuteinternational.com\/es\/#organization\",\"name\":\"GoJute International\",\"alternateName\":\"GoJute\",\"url\":\"https:\/\/gojuteinternational.com\/es\/\",\"logo\":{\"@type\":\"ImageObject\",\"inLanguage\":\"es\",\"@id\":\"https:\/\/gojuteinternational.com\/es\/#\/schema\/logo\/image\/\",\"url\":\"https:\/\/gojuteinternational.com\/wp-content\/uploads\/2022\/06\/GoJute-Logo-RGB.png\",\"contentUrl\":\"https:\/\/gojuteinternational.com\/wp-content\/uploads\/2022\/06\/GoJute-Logo-RGB.png\",\"width\":2000,\"height\":1809,\"caption\":\"GoJute International\"},\"image\":{\"@id\":\"https:\/\/gojuteinternational.com\/es\/#\/schema\/logo\/image\/\"},\"sameAs\":[\"https:\/\/www.facebook.com\/gojute\",\"https:\/\/www.instagram.com\/gojute\/\"]}]}<\/script>\n<!-- \/ Yoast SEO plugin. -->","yoast_head_json":{"title":"Bolsas de Yute | Bolsas de Yute al por mayor | Bolsas de Yute a granel","description":"Explore nuestra gama de impresionantes bolsas de yute sostenibles que combinan sin esfuerzo estilo y respeto por el medio ambiente. Por qu\u00e9 no presumir de marca con bolsas de yute a medida dise\u00f1adas seg\u00fan sus especificaciones exactas.","robots":{"index":"index","follow":"follow","max-snippet":"max-snippet:-1","max-image-preview":"max-image-preview:large","max-video-preview":"max-video-preview:-1"},"canonical":"https:\/\/gojuteinternational.com\/es\/gama-de-productos\/bolsas-de-yute\/","og_locale":"es_ES","og_type":"article","og_title":"Bolsas de Yute | Bolsas de Yute al por mayor | Bolsas de Yute a granel","og_description":"Explore nuestra gama de impresionantes bolsas de yute sostenibles que combinan sin esfuerzo estilo y respeto por el medio ambiente. Por qu\u00e9 no presumir de marca con bolsas de yute a medida dise\u00f1adas seg\u00fan sus especificaciones exactas.","og_url":"https:\/\/gojuteinternational.com\/es\/gama-de-productos\/bolsas-de-yute\/","og_site_name":"GoJute International","article_publisher":"https:\/\/www.facebook.com\/gojute","article_modified_time":"2025-05-14T12:11:33+00:00","og_image":[{"width":1157,"height":1200,"url":"https:\/\/gojuteinternational.com\/wp-content\/uploads\/2023\/07\/Jute-Bag-product-category-20230713-133430-jpg.webp","type":"image\/jpeg"}],"twitter_card":"summary_large_image","twitter_misc":{"Tiempo de lectura":"6 minutos"},"schema":{"@context":"https:\/\/schema.org","@graph":[{"@type":"WebPage","@id":"https:\/\/gojuteinternational.com\/es\/gama-de-productos\/bolsas-de-yute\/","url":"https:\/\/gojuteinternational.com\/es\/gama-de-productos\/bolsas-de-yute\/","name":"Bolsas de Yute | Bolsas de Yute al por mayor | Bolsas de Yute a granel","isPartOf":{"@id":"https:\/\/gojuteinternational.com\/es\/#website"},"datePublished":"2023-08-04T08:59:16+00:00","dateModified":"2025-05-14T12:11:33+00:00","description":"Explore nuestra gama de impresionantes bolsas de yute sostenibles que combinan sin esfuerzo estilo y respeto por el medio ambiente. Por qu\u00e9 no presumir de marca con bolsas de yute a medida dise\u00f1adas seg\u00fan sus especificaciones exactas.","breadcrumb":{"@id":"https:\/\/gojuteinternational.com\/es\/gama-de-productos\/bolsas-de-yute\/#breadcrumb"},"inLanguage":"es","potentialAction":[{"@type":"ReadAction","target":["https:\/\/gojuteinternational.com\/es\/gama-de-productos\/bolsas-de-yute\/"]}]},{"@type":"BreadcrumbList","@id":"https:\/\/gojuteinternational.com\/es\/gama-de-productos\/bolsas-de-yute\/#breadcrumb","itemListElement":[{"@type":"ListItem","position":1,"name":"Home","item":"https:\/\/gojuteinternational.com\/es\/"},{"@type":"ListItem","position":2,"name":"Productos","item":"https:\/\/gojuteinternational.com\/es\/product-range\/"},{"@type":"ListItem","position":3,"name":"Bolsas de yute"}]},{"@type":"WebSite","@id":"https:\/\/gojuteinternational.com\/es\/#website","url":"https:\/\/gojuteinternational.com\/es\/","name":"GoJute International","description":"Printed bags for business","publisher":{"@id":"https:\/\/gojuteinternational.com\/es\/#organization"},"alternateName":"GoJute","potentialAction":[{"@type":"SearchAction","target":{"@type":"EntryPoint","urlTemplate":"https:\/\/gojuteinternational.com\/es\/?s={search_term_string}"},"query-input":"required name=search_term_string"}],"inLanguage":"es"},{"@type":"Organization","@id":"https:\/\/gojuteinternational.com\/es\/#organization","name":"GoJute International","alternateName":"GoJute","url":"https:\/\/gojuteinternational.com\/es\/","logo":{"@type":"ImageObject","inLanguage":"es","@id":"https:\/\/gojuteinternational.com\/es\/#\/schema\/logo\/image\/","url":"https:\/\/gojuteinternational.com\/wp-content\/uploads\/2022\/06\/GoJute-Logo-RGB.png","contentUrl":"https:\/\/gojuteinternational.com\/wp-content\/uploads\/2022\/06\/GoJute-Logo-RGB.png","width":2000,"height":1809,"caption":"GoJute International"},"image":{"@id":"https:\/\/gojuteinternational.com\/es\/#\/schema\/logo\/image\/"},"sameAs":["https:\/\/www.facebook.com\/gojute","https:\/\/www.instagram.com\/gojute\/"]}]}},"_links":{"self":[{"href":"https:\/\/gojuteinternational.com\/es\/wp-json\/wp\/v2\/pages\/68507","targetHints":{"allow":["GET"]}}],"collection":[{"href":"https:\/\/gojuteinternational.com\/es\/wp-json\/wp\/v2\/pages"}],"about":[{"href":"https:\/\/gojuteinternational.com\/es\/wp-json\/wp\/v2\/types\/page"}],"author":[{"embeddable":true,"href":"https:\/\/gojuteinternational.com\/es\/wp-json\/wp\/v2\/users\/6996"}],"replies":[{"embeddable":true,"href":"https:\/\/gojuteinternational.com\/es\/wp-json\/wp\/v2\/comments?post=68507"}],"version-history":[{"count":22,"href":"https:\/\/gojuteinternational.com\/es\/wp-json\/wp\/v2\/pages\/68507\/revisions"}],"predecessor-version":[{"id":88148,"href":"https:\/\/gojuteinternational.com\/es\/wp-json\/wp\/v2\/pages\/68507\/revisions\/88148"}],"up":[{"embeddable":true,"href":"https:\/\/gojuteinternational.com\/es\/wp-json\/wp\/v2\/pages\/68347"}],"wp:featuredmedia":[{"embeddable":true,"href":"https:\/\/gojuteinternational.com\/es\/wp-json\/wp\/v2\/media\/68393"}],"wp:attachment":[{"href":"https:\/\/gojuteinternational.com\/es\/wp-json\/wp\/v2\/media?parent=68507"}],"curies":[{"name":"wp","href":"https:\/\/api.w.org\/{rel}","templated":true}]}}