{"id":68539,"date":"2022-11-25T14:09:08","date_gmt":"2022-11-25T13:09:08","guid":{"rendered":"https:\/\/gojuteinternational.com\/estudios-de-casos\/frances\/"},"modified":"2024-01-09T11:31:28","modified_gmt":"2024-01-09T10:31:28","slug":"frances","status":"publish","type":"page","link":"https:\/\/gojuteinternational.com\/es\/estudios-de-casos\/frances\/","title":{"rendered":"Franc\u00e9s"},"content":{"rendered":"\t\t<div data-elementor-type=\"wp-page\" data-elementor-id=\"68539\" class=\"elementor elementor-68539 elementor-39865\" data-elementor-post-type=\"page\">\n\t\t\t\t\t\t\t\t\t<section class=\"elementor-section elementor-top-section elementor-element elementor-element-2d54977 elementor-section-full_width elementor-section-items-top elementor-section-height-min-height elementor-section-height-default\" data-id=\"2d54977\" data-element_type=\"section\" data-settings=\"{&quot;background_background&quot;:&quot;classic&quot;}\">\n\t\t\t\t\t\t\t<div class=\"elementor-background-overlay\"><\/div>\n\t\t\t\t\t\t\t<div class=\"elementor-container elementor-column-gap-narrow\">\n\t\t\t\t\t<div class=\"elementor-column elementor-col-100 elementor-top-column elementor-element elementor-element-3b1c230\" data-id=\"3b1c230\" data-element_type=\"column\" data-settings=\"{&quot;background_background&quot;:&quot;classic&quot;}\">\n\t\t\t<div class=\"elementor-widget-wrap elementor-element-populated\">\n\t\t\t\t\t<div class=\"elementor-background-overlay\"><\/div>\n\t\t\t\t\t\t\t\t<div class=\"elementor-element elementor-element-cbd5214 elementor-widget elementor-widget-heading\" data-id=\"cbd5214\" data-element_type=\"widget\" data-widget_type=\"heading.default\">\n\t\t\t\t<div class=\"elementor-widget-container\">\n\t\t\t<style>\/*! elementor - v3.18.0 - 20-12-2023 *\/\n.elementor-heading-title{padding:0;margin:0;line-height:1}.elementor-widget-heading .elementor-heading-title[class*=elementor-size-]>a{color:inherit;font-size:inherit;line-height:inherit}.elementor-widget-heading .elementor-heading-title.elementor-size-small{font-size:15px}.elementor-widget-heading .elementor-heading-title.elementor-size-medium{font-size:19px}.elementor-widget-heading .elementor-heading-title.elementor-size-large{font-size:29px}.elementor-widget-heading .elementor-heading-title.elementor-size-xl{font-size:39px}.elementor-widget-heading .elementor-heading-title.elementor-size-xxl{font-size:59px}<\/style><h2 class=\"elementor-heading-title elementor-size-default\">Casos pr\u00e1cticos<\/h2>\t\t<\/div>\n\t\t\t\t<\/div>\n\t\t\t\t\t<\/div>\n\t\t<\/div>\n\t\t\t\t\t\t\t<\/div>\n\t\t<\/section>\n\t\t\t\t<section class=\"elementor-section elementor-top-section elementor-element elementor-element-94019f5 elementor-section-full_width elementor-section-height-default elementor-section-height-default\" data-id=\"94019f5\" data-element_type=\"section\">\n\t\t\t\t\t\t<div class=\"elementor-container elementor-column-gap-default\">\n\t\t\t\t\t<div class=\"elementor-column elementor-col-100 elementor-top-column elementor-element elementor-element-40bc96f\" data-id=\"40bc96f\" data-element_type=\"column\">\n\t\t\t<div class=\"elementor-widget-wrap elementor-element-populated\">\n\t\t\t\t\t\t\t\t\t<\/div>\n\t\t<\/div>\n\t\t\t\t\t\t\t<\/div>\n\t\t<\/section>\n\t\t\t\t\t\t\t<\/div>\n\t\t","protected":false},"excerpt":{"rendered":"<p>Casos pr\u00e1cticos<\/p>\n","protected":false},"author":6996,"featured_media":0,"parent":68195,"menu_order":5,"comment_status":"closed","ping_status":"closed","template":"","meta":{"content-type":"","_monsterinsights_skip_tracking":false,"_monsterinsights_sitenote_active":false,"_monsterinsights_sitenote_note":"","_monsterinsights_sitenote_category":0,"footnotes":""},"class_list":["post-68539","page","type-page","status-publish","hentry"],"yoast_head":"<!-- This site is optimized with the Yoast SEO plugin v21.7 - https:\/\/yoast.com\/wordpress\/plugins\/seo\/ -->\n<title>Franc\u00e9s - GoJute International<\/title>\n<meta name=\"description\" content=\"Vea c\u00f3mo los supermercados, farmacias, minoristas y proveedores de alojamiento vacacional franceses utilizan bolsas ecol\u00f3gicas sostenibles en su marketing.\" \/>\n<meta name=\"robots\" content=\"index, follow, max-snippet:-1, max-image-preview:large, max-video-preview:-1\" \/>\n<link rel=\"canonical\" href=\"https:\/\/gojuteinternational.com\/es\/estudios-de-casos\/frances\/\" \/>\n<meta property=\"og:locale\" content=\"es_ES\" \/>\n<meta property=\"og:type\" content=\"article\" \/>\n<meta property=\"og:title\" content=\"Franc\u00e9s - GoJute International\" \/>\n<meta property=\"og:description\" content=\"Vea c\u00f3mo los supermercados, farmacias, minoristas y proveedores de alojamiento vacacional franceses utilizan bolsas ecol\u00f3gicas sostenibles en su marketing.\" \/>\n<meta property=\"og:url\" content=\"https:\/\/gojuteinternational.com\/es\/estudios-de-casos\/frances\/\" \/>\n<meta property=\"og:site_name\" content=\"GoJute International\" \/>\n<meta property=\"article:publisher\" content=\"https:\/\/www.facebook.com\/gojute\" \/>\n<meta property=\"article:modified_time\" content=\"2024-01-09T10:31:28+00:00\" \/>\n<meta name=\"twitter:card\" content=\"summary_large_image\" \/>\n<script type=\"application\/ld+json\" class=\"yoast-schema-graph\">{\"@context\":\"https:\/\/schema.org\",\"@graph\":[{\"@type\":\"WebPage\",\"@id\":\"https:\/\/gojuteinternational.com\/es\/estudios-de-casos\/frances\/\",\"url\":\"https:\/\/gojuteinternational.com\/es\/estudios-de-casos\/frances\/\",\"name\":\"Franc\u00e9s - GoJute International\",\"isPartOf\":{\"@id\":\"https:\/\/gojuteinternational.com\/es\/#website\"},\"datePublished\":\"2022-11-25T13:09:08+00:00\",\"dateModified\":\"2024-01-09T10:31:28+00:00\",\"description\":\"Vea c\u00f3mo los supermercados, farmacias, minoristas y proveedores de alojamiento vacacional franceses utilizan bolsas ecol\u00f3gicas sostenibles en su marketing.\",\"breadcrumb\":{\"@id\":\"https:\/\/gojuteinternational.com\/es\/estudios-de-casos\/frances\/#breadcrumb\"},\"inLanguage\":\"es\",\"potentialAction\":[{\"@type\":\"ReadAction\",\"target\":[\"https:\/\/gojuteinternational.com\/es\/estudios-de-casos\/frances\/\"]}]},{\"@type\":\"BreadcrumbList\",\"@id\":\"https:\/\/gojuteinternational.com\/es\/estudios-de-casos\/frances\/#breadcrumb\",\"itemListElement\":[{\"@type\":\"ListItem\",\"position\":1,\"name\":\"Home\",\"item\":\"https:\/\/gojuteinternational.com\/es\/\"},{\"@type\":\"ListItem\",\"position\":2,\"name\":\"Casos pr\u00e1cticos\",\"item\":\"https:\/\/gojuteinternational.com\/es\/estudios-de-casos\/\"},{\"@type\":\"ListItem\",\"position\":3,\"name\":\"Franc\u00e9s\"}]},{\"@type\":\"WebSite\",\"@id\":\"https:\/\/gojuteinternational.com\/es\/#website\",\"url\":\"https:\/\/gojuteinternational.com\/es\/\",\"name\":\"GoJute International\",\"description\":\"Printed bags for business\",\"publisher\":{\"@id\":\"https:\/\/gojuteinternational.com\/es\/#organization\"},\"alternateName\":\"GoJute\",\"potentialAction\":[{\"@type\":\"SearchAction\",\"target\":{\"@type\":\"EntryPoint\",\"urlTemplate\":\"https:\/\/gojuteinternational.com\/es\/?s={search_term_string}\"},\"query-input\":\"required name=search_term_string\"}],\"inLanguage\":\"es\"},{\"@type\":\"Organization\",\"@id\":\"https:\/\/gojuteinternational.com\/es\/#organization\",\"name\":\"GoJute International\",\"alternateName\":\"GoJute\",\"url\":\"https:\/\/gojuteinternational.com\/es\/\",\"logo\":{\"@type\":\"ImageObject\",\"inLanguage\":\"es\",\"@id\":\"https:\/\/gojuteinternational.com\/es\/#\/schema\/logo\/image\/\",\"url\":\"https:\/\/gojuteinternational.com\/wp-content\/uploads\/2022\/06\/GoJute-Logo-RGB.png\",\"contentUrl\":\"https:\/\/gojuteinternational.com\/wp-content\/uploads\/2022\/06\/GoJute-Logo-RGB.png\",\"width\":2000,\"height\":1809,\"caption\":\"GoJute International\"},\"image\":{\"@id\":\"https:\/\/gojuteinternational.com\/es\/#\/schema\/logo\/image\/\"},\"sameAs\":[\"https:\/\/www.facebook.com\/gojute\",\"https:\/\/www.instagram.com\/gojute\/\"]}]}<\/script>\n<!-- \/ Yoast SEO plugin. -->","yoast_head_json":{"title":"Franc\u00e9s - GoJute International","description":"Vea c\u00f3mo los supermercados, farmacias, minoristas y proveedores de alojamiento vacacional franceses utilizan bolsas ecol\u00f3gicas sostenibles en su marketing.","robots":{"index":"index","follow":"follow","max-snippet":"max-snippet:-1","max-image-preview":"max-image-preview:large","max-video-preview":"max-video-preview:-1"},"canonical":"https:\/\/gojuteinternational.com\/es\/estudios-de-casos\/frances\/","og_locale":"es_ES","og_type":"article","og_title":"Franc\u00e9s - GoJute International","og_description":"Vea c\u00f3mo los supermercados, farmacias, minoristas y proveedores de alojamiento vacacional franceses utilizan bolsas ecol\u00f3gicas sostenibles en su marketing.","og_url":"https:\/\/gojuteinternational.com\/es\/estudios-de-casos\/frances\/","og_site_name":"GoJute International","article_publisher":"https:\/\/www.facebook.com\/gojute","article_modified_time":"2024-01-09T10:31:28+00:00","twitter_card":"summary_large_image","schema":{"@context":"https:\/\/schema.org","@graph":[{"@type":"WebPage","@id":"https:\/\/gojuteinternational.com\/es\/estudios-de-casos\/frances\/","url":"https:\/\/gojuteinternational.com\/es\/estudios-de-casos\/frances\/","name":"Franc\u00e9s - GoJute International","isPartOf":{"@id":"https:\/\/gojuteinternational.com\/es\/#website"},"datePublished":"2022-11-25T13:09:08+00:00","dateModified":"2024-01-09T10:31:28+00:00","description":"Vea c\u00f3mo los supermercados, farmacias, minoristas y proveedores de alojamiento vacacional franceses utilizan bolsas ecol\u00f3gicas sostenibles en su marketing.","breadcrumb":{"@id":"https:\/\/gojuteinternational.com\/es\/estudios-de-casos\/frances\/#breadcrumb"},"inLanguage":"es","potentialAction":[{"@type":"ReadAction","target":["https:\/\/gojuteinternational.com\/es\/estudios-de-casos\/frances\/"]}]},{"@type":"BreadcrumbList","@id":"https:\/\/gojuteinternational.com\/es\/estudios-de-casos\/frances\/#breadcrumb","itemListElement":[{"@type":"ListItem","position":1,"name":"Home","item":"https:\/\/gojuteinternational.com\/es\/"},{"@type":"ListItem","position":2,"name":"Casos pr\u00e1cticos","item":"https:\/\/gojuteinternational.com\/es\/estudios-de-casos\/"},{"@type":"ListItem","position":3,"name":"Franc\u00e9s"}]},{"@type":"WebSite","@id":"https:\/\/gojuteinternational.com\/es\/#website","url":"https:\/\/gojuteinternational.com\/es\/","name":"GoJute International","description":"Printed bags for business","publisher":{"@id":"https:\/\/gojuteinternational.com\/es\/#organization"},"alternateName":"GoJute","potentialAction":[{"@type":"SearchAction","target":{"@type":"EntryPoint","urlTemplate":"https:\/\/gojuteinternational.com\/es\/?s={search_term_string}"},"query-input":"required name=search_term_string"}],"inLanguage":"es"},{"@type":"Organization","@id":"https:\/\/gojuteinternational.com\/es\/#organization","name":"GoJute International","alternateName":"GoJute","url":"https:\/\/gojuteinternational.com\/es\/","logo":{"@type":"ImageObject","inLanguage":"es","@id":"https:\/\/gojuteinternational.com\/es\/#\/schema\/logo\/image\/","url":"https:\/\/gojuteinternational.com\/wp-content\/uploads\/2022\/06\/GoJute-Logo-RGB.png","contentUrl":"https:\/\/gojuteinternational.com\/wp-content\/uploads\/2022\/06\/GoJute-Logo-RGB.png","width":2000,"height":1809,"caption":"GoJute International"},"image":{"@id":"https:\/\/gojuteinternational.com\/es\/#\/schema\/logo\/image\/"},"sameAs":["https:\/\/www.facebook.com\/gojute","https:\/\/www.instagram.com\/gojute\/"]}]}},"_links":{"self":[{"href":"https:\/\/gojuteinternational.com\/es\/wp-json\/wp\/v2\/pages\/68539","targetHints":{"allow":["GET"]}}],"collection":[{"href":"https:\/\/gojuteinternational.com\/es\/wp-json\/wp\/v2\/pages"}],"about":[{"href":"https:\/\/gojuteinternational.com\/es\/wp-json\/wp\/v2\/types\/page"}],"author":[{"embeddable":true,"href":"https:\/\/gojuteinternational.com\/es\/wp-json\/wp\/v2\/users\/6996"}],"replies":[{"embeddable":true,"href":"https:\/\/gojuteinternational.com\/es\/wp-json\/wp\/v2\/comments?post=68539"}],"version-history":[{"count":2,"href":"https:\/\/gojuteinternational.com\/es\/wp-json\/wp\/v2\/pages\/68539\/revisions"}],"predecessor-version":[{"id":80235,"href":"https:\/\/gojuteinternational.com\/es\/wp-json\/wp\/v2\/pages\/68539\/revisions\/80235"}],"up":[{"embeddable":true,"href":"https:\/\/gojuteinternational.com\/es\/wp-json\/wp\/v2\/pages\/68195"}],"wp:attachment":[{"href":"https:\/\/gojuteinternational.com\/es\/wp-json\/wp\/v2\/media?parent=68539"}],"curies":[{"name":"wp","href":"https:\/\/api.w.org\/{rel}","templated":true}]}}