{"id":85237,"date":"2025-02-11T12:10:27","date_gmt":"2025-02-11T11:10:27","guid":{"rendered":"https:\/\/gojuteinternational.com\/sustainability-certification\/"},"modified":"2025-02-11T12:20:08","modified_gmt":"2025-02-11T11:20:08","slug":"sustainability-certification","status":"publish","type":"page","link":"https:\/\/gojuteinternational.com\/es\/sustainability-certification\/","title":{"rendered":"Sostenibilidad y certificaci\u00f3n"},"content":{"rendered":"\t\t<div data-elementor-type=\"wp-page\" data-elementor-id=\"85237\" class=\"elementor elementor-85237 elementor-85233\" data-elementor-post-type=\"page\">\n\t\t\t\t\t\t\t\t\t<section class=\"elementor-section elementor-top-section elementor-element elementor-element-5570bb2 elementor-section-boxed elementor-section-height-default elementor-section-height-default\" data-id=\"5570bb2\" data-element_type=\"section\">\n\t\t\t\t\t\t<div class=\"elementor-container elementor-column-gap-default\">\n\t\t\t\t\t<div class=\"elementor-column elementor-col-100 elementor-top-column elementor-element elementor-element-65e25f7\" data-id=\"65e25f7\" data-element_type=\"column\">\n\t\t\t<div class=\"elementor-widget-wrap elementor-element-populated\">\n\t\t\t\t\t\t\t\t<div class=\"elementor-element elementor-element-1f615c3 elementor-widget elementor-widget-spacer\" data-id=\"1f615c3\" data-element_type=\"widget\" data-widget_type=\"spacer.default\">\n\t\t\t\t<div class=\"elementor-widget-container\">\n\t\t\t<style>\/*! elementor - v3.18.0 - 20-12-2023 *\/\n.elementor-column .elementor-spacer-inner{height:var(--spacer-size)}.e-con{--container-widget-width:100%}.e-con-inner>.elementor-widget-spacer,.e-con>.elementor-widget-spacer{width:var(--container-widget-width,var(--spacer-size));--align-self:var(--container-widget-align-self,initial);--flex-shrink:0}.e-con-inner>.elementor-widget-spacer>.elementor-widget-container,.e-con>.elementor-widget-spacer>.elementor-widget-container{height:100%;width:100%}.e-con-inner>.elementor-widget-spacer>.elementor-widget-container>.elementor-spacer,.e-con>.elementor-widget-spacer>.elementor-widget-container>.elementor-spacer{height:100%}.e-con-inner>.elementor-widget-spacer>.elementor-widget-container>.elementor-spacer>.elementor-spacer-inner,.e-con>.elementor-widget-spacer>.elementor-widget-container>.elementor-spacer>.elementor-spacer-inner{height:var(--container-widget-height,var(--spacer-size))}.e-con-inner>.elementor-widget-spacer.elementor-widget-empty,.e-con>.elementor-widget-spacer.elementor-widget-empty{position:relative;min-height:22px;min-width:22px}.e-con-inner>.elementor-widget-spacer.elementor-widget-empty .elementor-widget-empty-icon,.e-con>.elementor-widget-spacer.elementor-widget-empty .elementor-widget-empty-icon{position:absolute;top:0;bottom:0;left:0;right:0;margin:auto;padding:0;width:22px;height:22px}<\/style>\t\t<div class=\"elementor-spacer\">\n\t\t\t<div class=\"elementor-spacer-inner\"><\/div>\n\t\t<\/div>\n\t\t\t\t<\/div>\n\t\t\t\t<\/div>\n\t\t\t\t\t<\/div>\n\t\t<\/div>\n\t\t\t\t\t\t\t<\/div>\n\t\t<\/section>\n\t\t\t\t<section class=\"elementor-section elementor-top-section elementor-element elementor-element-9b8df9a elementor-section-boxed elementor-section-height-default elementor-section-height-default\" data-id=\"9b8df9a\" data-element_type=\"section\">\n\t\t\t\t\t\t<div class=\"elementor-container elementor-column-gap-default\">\n\t\t\t\t\t<div class=\"elementor-column elementor-col-100 elementor-top-column elementor-element elementor-element-cd20e83\" data-id=\"cd20e83\" data-element_type=\"column\">\n\t\t\t<div class=\"elementor-widget-wrap elementor-element-populated\">\n\t\t\t\t\t\t\t\t<div class=\"elementor-element elementor-element-a4f6cab elementor-widget elementor-widget-heading\" data-id=\"a4f6cab\" data-element_type=\"widget\" data-widget_type=\"heading.default\">\n\t\t\t\t<div class=\"elementor-widget-container\">\n\t\t\t<style>\/*! elementor - v3.18.0 - 20-12-2023 *\/\n.elementor-heading-title{padding:0;margin:0;line-height:1}.elementor-widget-heading .elementor-heading-title[class*=elementor-size-]>a{color:inherit;font-size:inherit;line-height:inherit}.elementor-widget-heading .elementor-heading-title.elementor-size-small{font-size:15px}.elementor-widget-heading .elementor-heading-title.elementor-size-medium{font-size:19px}.elementor-widget-heading .elementor-heading-title.elementor-size-large{font-size:29px}.elementor-widget-heading .elementor-heading-title.elementor-size-xl{font-size:39px}.elementor-widget-heading .elementor-heading-title.elementor-size-xxl{font-size:59px}<\/style><h1 class=\"elementor-heading-title elementor-size-default\"><p class=\"MsoNormal\"><span style=\"font-family:Montserrat;mso-fareast-font-family: Montserrat;mso-bidi-font-family:Montserrat\">Papel con certificaci\u00f3n FSC: Por qu\u00e9 es importante\npara un embalaje sostenible<o:p><\/o:p><\/span><\/p>\n\n<\/h1>\t\t<\/div>\n\t\t\t\t<\/div>\n\t\t\t\t<div class=\"elementor-element elementor-element-0935cbd elementor-widget elementor-widget-text-editor\" data-id=\"0935cbd\" data-element_type=\"widget\" data-widget_type=\"text-editor.default\">\n\t\t\t\t<div class=\"elementor-widget-container\">\n\t\t\t<style>\/*! elementor - v3.18.0 - 20-12-2023 *\/\n.elementor-widget-text-editor.elementor-drop-cap-view-stacked .elementor-drop-cap{background-color:#69727d;color:#fff}.elementor-widget-text-editor.elementor-drop-cap-view-framed .elementor-drop-cap{color:#69727d;border:3px solid;background-color:transparent}.elementor-widget-text-editor:not(.elementor-drop-cap-view-default) .elementor-drop-cap{margin-top:8px}.elementor-widget-text-editor:not(.elementor-drop-cap-view-default) .elementor-drop-cap-letter{width:1em;height:1em}.elementor-widget-text-editor .elementor-drop-cap{float:left;text-align:center;line-height:1;font-size:50px}.elementor-widget-text-editor .elementor-drop-cap-letter{display:inline-block}<\/style>\t\t\t\t<ul>\n<li>\n<p>A medida que las empresas y los consumidores adquieren una mayor conciencia ecol\u00f3gica, el origen y la sostenibilidad de los materiales de envasado nunca han sido tan importantes. Una etiqueta que puedes ver aparecer en los productos de papel es la certificaci\u00f3n FSC, concedida por el Consejo de Administraci\u00f3n Forestal. En este art\u00edculo te explicaremos qu\u00e9 es la certificaci\u00f3n FSC, por qu\u00e9 es importante y c\u00f3mo garantiza que tus bolsas de papel o tus opciones de envasado sean m\u00e1s respetuosas con el planeta.  <\/p>\n<h2> <\/h2>\n<h3>\u00bfQu\u00e9 es el Consejo de Administraci\u00f3n Forestal (FSC)?<\/h3>\n<ul>\n<li>Organizaci\u00f3n mundial: El FSC es un organismo internacional sin \u00e1nimo de lucro que establece normas para la gesti\u00f3n forestal responsable.<\/li>\n<li>Proteger la biodiversidad: Su certificaci\u00f3n garantiza que los bosques se gestionan de forma que se preserve la diversidad biol\u00f3gica y se beneficie a las comunidades locales.<\/li>\n<li>Cadena de custodia: Cada paso de la cadena de suministro -desde el bosque hasta la f\u00e1brica de papel- debe cumplir las normas del FSC.<\/li>\n<\/ul>\n<\/p>\n<h3>Por qu\u00e9 es importante la certificaci\u00f3n FSC<\/h3>\n<ul>\n<li>Integridad medioambiental: Los bosques con certificaci\u00f3n FSC se talan a un ritmo que les permite regenerarse de forma natural sin causar deforestaci\u00f3n.<\/li>\n<li>Responsabilidad social: Las comunidades que dependen de estos bosques para su subsistencia reciben compensaciones y beneficios justos.<\/li>\n<li>Normas de alta calidad: El papel con certificaci\u00f3n FSC cumple estrictas directrices, lo que a menudo se traduce en un producto final m\u00e1s duradero y fiable.<\/li>\n<\/ul>\n<\/p>\n<h3>C\u00f3mo identificar el papel con certificaci\u00f3n FSC<\/h3>\n<ul>\n<li>Busca el logotipo FSC: Una marca de verificaci\u00f3n en forma de \u00e1rbol.<\/li>\n<li>Diferentes etiquetas: FSC 100%, FSC Reciclado o FSC Mixto, cada una con porcentajes variables de contenido certificado o reciclado.<\/li>\n<li>Verifica el Certificado: En caso de duda, comprueba el c\u00f3digo \u00fanico del certificado FSC del producto en la base de datos oficial del FSC.<\/li>\n<\/ul>\n<\/p>\n<h3>Ventajas para las empresas<\/h3>\n<ul>\n<li>Impulsa la imagen de marca: Demuestra un compromiso con la gesti\u00f3n medioambiental.<\/li>\n<li>Confianza del consumidor: Los consumidores con conciencia ecol\u00f3gica buscan activamente productos certificados.<\/li>\n<li>Ventaja competitiva: Diferencia tu marca en un mercado saturado en el que la sostenibilidad es lo m\u00e1s importante.<\/li>\n<\/ul>\n<\/p>\n<h2>Conclusi\u00f3n<\/h2>\n<p>Optar por papel con certificaci\u00f3n FSC para tus bolsas o envases garantiza que tus elecciones apoyan la silvicultura responsable y el bienestar de la comunidad. Es una forma tangible de alinear tu marca con iniciativas positivas para el planeta, por lo que tanto las empresas como el medio ambiente salen ganando. <\/p>\n<\/li>\n<\/ul>\n\t\t\t\t\t\t<\/div>\n\t\t\t\t<\/div>\n\t\t\t\t\t<\/div>\n\t\t<\/div>\n\t\t\t\t\t\t\t<\/div>\n\t\t<\/section>\n\t\t\t\t<section class=\"elementor-section elementor-top-section elementor-element elementor-element-adffcbe elementor-section-boxed elementor-section-height-default elementor-section-height-default\" data-id=\"adffcbe\" data-element_type=\"section\">\n\t\t\t\t\t\t<div class=\"elementor-container elementor-column-gap-default\">\n\t\t\t\t\t<div class=\"elementor-column elementor-col-100 elementor-top-column elementor-element elementor-element-c92bd00\" data-id=\"c92bd00\" data-element_type=\"column\">\n\t\t\t<div class=\"elementor-widget-wrap\">\n\t\t\t\t\t\t\t\t\t<\/div>\n\t\t<\/div>\n\t\t\t\t\t\t\t<\/div>\n\t\t<\/section>\n\t\t\t\t\t\t\t<\/div>\n\t\t","protected":false},"excerpt":{"rendered":"<p>Papel con certificaci\u00f3n FSC: Por qu\u00e9 es importante para un embalaje sostenible A medida que las empresas y los consumidores adquieren una mayor conciencia ecol\u00f3gica, el origen y la sostenibilidad de los materiales de envasado nunca han sido tan importantes. Una etiqueta que puedes ver aparecer en los productos de papel es la certificaci\u00f3n FSC, [&hellip;]<\/p>\n","protected":false},"author":6996,"featured_media":0,"parent":0,"menu_order":0,"comment_status":"closed","ping_status":"closed","template":"elementor_header_footer","meta":{"content-type":"","_monsterinsights_skip_tracking":false,"_monsterinsights_sitenote_active":false,"_monsterinsights_sitenote_note":"","_monsterinsights_sitenote_category":0,"footnotes":""},"class_list":["post-85237","page","type-page","status-publish","hentry"],"yoast_head":"<!-- This site is optimized with the Yoast SEO plugin v21.7 - https:\/\/yoast.com\/wordpress\/plugins\/seo\/ -->\n<title>Papel con certificaci\u00f3n FSC: Por qu\u00e9 es importante para un embalaje sostenible<\/title>\n<meta name=\"description\" content=\"Descubre c\u00f3mo la certificaci\u00f3n FSC protege los bosques, apoya a las comunidades y garantiza productos de papel de alta calidad para un envasado verdaderamente ecol\u00f3gico.\" \/>\n<meta name=\"robots\" content=\"index, follow, max-snippet:-1, max-image-preview:large, max-video-preview:-1\" \/>\n<link rel=\"canonical\" href=\"https:\/\/gojuteinternational.com\/es\/sustainability-certification\/\" \/>\n<meta property=\"og:locale\" content=\"es_ES\" \/>\n<meta property=\"og:type\" content=\"article\" \/>\n<meta property=\"og:title\" content=\"Papel con certificaci\u00f3n FSC: Por qu\u00e9 es importante para un embalaje sostenible\" \/>\n<meta property=\"og:description\" content=\"Descubre c\u00f3mo la certificaci\u00f3n FSC protege los bosques, apoya a las comunidades y garantiza productos de papel de alta calidad para un envasado verdaderamente ecol\u00f3gico.\" \/>\n<meta property=\"og:url\" content=\"https:\/\/gojuteinternational.com\/es\/sustainability-certification\/\" \/>\n<meta property=\"og:site_name\" content=\"GoJute International\" \/>\n<meta property=\"article:publisher\" content=\"https:\/\/www.facebook.com\/gojute\" \/>\n<meta property=\"article:modified_time\" content=\"2025-02-11T11:20:08+00:00\" \/>\n<meta name=\"twitter:card\" content=\"summary_large_image\" \/>\n<meta name=\"twitter:label1\" content=\"Tiempo de lectura\" \/>\n\t<meta name=\"twitter:data1\" content=\"2 minutos\" \/>\n<script type=\"application\/ld+json\" class=\"yoast-schema-graph\">{\"@context\":\"https:\/\/schema.org\",\"@graph\":[{\"@type\":\"WebPage\",\"@id\":\"https:\/\/gojuteinternational.com\/es\/sustainability-certification\/\",\"url\":\"https:\/\/gojuteinternational.com\/es\/sustainability-certification\/\",\"name\":\"Papel con certificaci\u00f3n FSC: Por qu\u00e9 es importante para un embalaje sostenible\",\"isPartOf\":{\"@id\":\"https:\/\/gojuteinternational.com\/es\/#website\"},\"datePublished\":\"2025-02-11T11:10:27+00:00\",\"dateModified\":\"2025-02-11T11:20:08+00:00\",\"description\":\"Descubre c\u00f3mo la certificaci\u00f3n FSC protege los bosques, apoya a las comunidades y garantiza productos de papel de alta calidad para un envasado verdaderamente ecol\u00f3gico.\",\"breadcrumb\":{\"@id\":\"https:\/\/gojuteinternational.com\/es\/sustainability-certification\/#breadcrumb\"},\"inLanguage\":\"es\",\"potentialAction\":[{\"@type\":\"ReadAction\",\"target\":[\"https:\/\/gojuteinternational.com\/es\/sustainability-certification\/\"]}]},{\"@type\":\"BreadcrumbList\",\"@id\":\"https:\/\/gojuteinternational.com\/es\/sustainability-certification\/#breadcrumb\",\"itemListElement\":[{\"@type\":\"ListItem\",\"position\":1,\"name\":\"Home\",\"item\":\"https:\/\/gojuteinternational.com\/es\/\"},{\"@type\":\"ListItem\",\"position\":2,\"name\":\"Sostenibilidad y certificaci\u00f3n\"}]},{\"@type\":\"WebSite\",\"@id\":\"https:\/\/gojuteinternational.com\/es\/#website\",\"url\":\"https:\/\/gojuteinternational.com\/es\/\",\"name\":\"GoJute International\",\"description\":\"Printed bags for business\",\"publisher\":{\"@id\":\"https:\/\/gojuteinternational.com\/es\/#organization\"},\"alternateName\":\"GoJute\",\"potentialAction\":[{\"@type\":\"SearchAction\",\"target\":{\"@type\":\"EntryPoint\",\"urlTemplate\":\"https:\/\/gojuteinternational.com\/es\/?s={search_term_string}\"},\"query-input\":\"required name=search_term_string\"}],\"inLanguage\":\"es\"},{\"@type\":\"Organization\",\"@id\":\"https:\/\/gojuteinternational.com\/es\/#organization\",\"name\":\"GoJute International\",\"alternateName\":\"GoJute\",\"url\":\"https:\/\/gojuteinternational.com\/es\/\",\"logo\":{\"@type\":\"ImageObject\",\"inLanguage\":\"es\",\"@id\":\"https:\/\/gojuteinternational.com\/es\/#\/schema\/logo\/image\/\",\"url\":\"https:\/\/gojuteinternational.com\/wp-content\/uploads\/2022\/06\/GoJute-Logo-RGB.png\",\"contentUrl\":\"https:\/\/gojuteinternational.com\/wp-content\/uploads\/2022\/06\/GoJute-Logo-RGB.png\",\"width\":2000,\"height\":1809,\"caption\":\"GoJute International\"},\"image\":{\"@id\":\"https:\/\/gojuteinternational.com\/es\/#\/schema\/logo\/image\/\"},\"sameAs\":[\"https:\/\/www.facebook.com\/gojute\",\"https:\/\/www.instagram.com\/gojute\/\"]}]}<\/script>\n<!-- \/ Yoast SEO plugin. -->","yoast_head_json":{"title":"Papel con certificaci\u00f3n FSC: Por qu\u00e9 es importante para un embalaje sostenible","description":"Descubre c\u00f3mo la certificaci\u00f3n FSC protege los bosques, apoya a las comunidades y garantiza productos de papel de alta calidad para un envasado verdaderamente ecol\u00f3gico.","robots":{"index":"index","follow":"follow","max-snippet":"max-snippet:-1","max-image-preview":"max-image-preview:large","max-video-preview":"max-video-preview:-1"},"canonical":"https:\/\/gojuteinternational.com\/es\/sustainability-certification\/","og_locale":"es_ES","og_type":"article","og_title":"Papel con certificaci\u00f3n FSC: Por qu\u00e9 es importante para un embalaje sostenible","og_description":"Descubre c\u00f3mo la certificaci\u00f3n FSC protege los bosques, apoya a las comunidades y garantiza productos de papel de alta calidad para un envasado verdaderamente ecol\u00f3gico.","og_url":"https:\/\/gojuteinternational.com\/es\/sustainability-certification\/","og_site_name":"GoJute International","article_publisher":"https:\/\/www.facebook.com\/gojute","article_modified_time":"2025-02-11T11:20:08+00:00","twitter_card":"summary_large_image","twitter_misc":{"Tiempo de lectura":"2 minutos"},"schema":{"@context":"https:\/\/schema.org","@graph":[{"@type":"WebPage","@id":"https:\/\/gojuteinternational.com\/es\/sustainability-certification\/","url":"https:\/\/gojuteinternational.com\/es\/sustainability-certification\/","name":"Papel con certificaci\u00f3n FSC: Por qu\u00e9 es importante para un embalaje sostenible","isPartOf":{"@id":"https:\/\/gojuteinternational.com\/es\/#website"},"datePublished":"2025-02-11T11:10:27+00:00","dateModified":"2025-02-11T11:20:08+00:00","description":"Descubre c\u00f3mo la certificaci\u00f3n FSC protege los bosques, apoya a las comunidades y garantiza productos de papel de alta calidad para un envasado verdaderamente ecol\u00f3gico.","breadcrumb":{"@id":"https:\/\/gojuteinternational.com\/es\/sustainability-certification\/#breadcrumb"},"inLanguage":"es","potentialAction":[{"@type":"ReadAction","target":["https:\/\/gojuteinternational.com\/es\/sustainability-certification\/"]}]},{"@type":"BreadcrumbList","@id":"https:\/\/gojuteinternational.com\/es\/sustainability-certification\/#breadcrumb","itemListElement":[{"@type":"ListItem","position":1,"name":"Home","item":"https:\/\/gojuteinternational.com\/es\/"},{"@type":"ListItem","position":2,"name":"Sostenibilidad y certificaci\u00f3n"}]},{"@type":"WebSite","@id":"https:\/\/gojuteinternational.com\/es\/#website","url":"https:\/\/gojuteinternational.com\/es\/","name":"GoJute International","description":"Printed bags for business","publisher":{"@id":"https:\/\/gojuteinternational.com\/es\/#organization"},"alternateName":"GoJute","potentialAction":[{"@type":"SearchAction","target":{"@type":"EntryPoint","urlTemplate":"https:\/\/gojuteinternational.com\/es\/?s={search_term_string}"},"query-input":"required name=search_term_string"}],"inLanguage":"es"},{"@type":"Organization","@id":"https:\/\/gojuteinternational.com\/es\/#organization","name":"GoJute International","alternateName":"GoJute","url":"https:\/\/gojuteinternational.com\/es\/","logo":{"@type":"ImageObject","inLanguage":"es","@id":"https:\/\/gojuteinternational.com\/es\/#\/schema\/logo\/image\/","url":"https:\/\/gojuteinternational.com\/wp-content\/uploads\/2022\/06\/GoJute-Logo-RGB.png","contentUrl":"https:\/\/gojuteinternational.com\/wp-content\/uploads\/2022\/06\/GoJute-Logo-RGB.png","width":2000,"height":1809,"caption":"GoJute International"},"image":{"@id":"https:\/\/gojuteinternational.com\/es\/#\/schema\/logo\/image\/"},"sameAs":["https:\/\/www.facebook.com\/gojute","https:\/\/www.instagram.com\/gojute\/"]}]}},"_links":{"self":[{"href":"https:\/\/gojuteinternational.com\/es\/wp-json\/wp\/v2\/pages\/85237","targetHints":{"allow":["GET"]}}],"collection":[{"href":"https:\/\/gojuteinternational.com\/es\/wp-json\/wp\/v2\/pages"}],"about":[{"href":"https:\/\/gojuteinternational.com\/es\/wp-json\/wp\/v2\/types\/page"}],"author":[{"embeddable":true,"href":"https:\/\/gojuteinternational.com\/es\/wp-json\/wp\/v2\/users\/6996"}],"replies":[{"embeddable":true,"href":"https:\/\/gojuteinternational.com\/es\/wp-json\/wp\/v2\/comments?post=85237"}],"version-history":[{"count":7,"href":"https:\/\/gojuteinternational.com\/es\/wp-json\/wp\/v2\/pages\/85237\/revisions"}],"predecessor-version":[{"id":85260,"href":"https:\/\/gojuteinternational.com\/es\/wp-json\/wp\/v2\/pages\/85237\/revisions\/85260"}],"wp:attachment":[{"href":"https:\/\/gojuteinternational.com\/es\/wp-json\/wp\/v2\/media?parent=85237"}],"curies":[{"name":"wp","href":"https:\/\/api.w.org\/{rel}","templated":true}]}}