{"id":85264,"date":"2025-02-11T12:26:21","date_gmt":"2025-02-11T11:26:21","guid":{"rendered":"https:\/\/gojuteinternational.com\/care-maintenance\/"},"modified":"2025-02-25T06:59:11","modified_gmt":"2025-02-25T05:59:11","slug":"how-to-care-for-your-cotton-tote-bags","status":"publish","type":"page","link":"https:\/\/gojuteinternational.com\/es\/how-to-care-for-your-cotton-tote-bags\/","title":{"rendered":"C\u00f3mo cuidar tus bolsas de algod\u00f3n"},"content":{"rendered":"\t\t<div data-elementor-type=\"wp-page\" data-elementor-id=\"85264\" class=\"elementor elementor-85264 elementor-85262\" data-elementor-post-type=\"page\">\n\t\t\t\t\t\t\t\t\t<section class=\"elementor-section elementor-top-section elementor-element elementor-element-451f917 elementor-section-boxed elementor-section-height-default elementor-section-height-default\" data-id=\"451f917\" data-element_type=\"section\">\n\t\t\t\t\t\t<div class=\"elementor-container elementor-column-gap-default\">\n\t\t\t\t\t<div class=\"elementor-column elementor-col-100 elementor-top-column elementor-element elementor-element-af8eef5\" data-id=\"af8eef5\" data-element_type=\"column\">\n\t\t\t<div class=\"elementor-widget-wrap elementor-element-populated\">\n\t\t\t\t\t\t\t\t<div class=\"elementor-element elementor-element-ed0e0fb elementor-widget elementor-widget-spacer\" data-id=\"ed0e0fb\" data-element_type=\"widget\" data-widget_type=\"spacer.default\">\n\t\t\t\t<div class=\"elementor-widget-container\">\n\t\t\t<style>\/*! elementor - v3.18.0 - 20-12-2023 *\/\n.elementor-column .elementor-spacer-inner{height:var(--spacer-size)}.e-con{--container-widget-width:100%}.e-con-inner>.elementor-widget-spacer,.e-con>.elementor-widget-spacer{width:var(--container-widget-width,var(--spacer-size));--align-self:var(--container-widget-align-self,initial);--flex-shrink:0}.e-con-inner>.elementor-widget-spacer>.elementor-widget-container,.e-con>.elementor-widget-spacer>.elementor-widget-container{height:100%;width:100%}.e-con-inner>.elementor-widget-spacer>.elementor-widget-container>.elementor-spacer,.e-con>.elementor-widget-spacer>.elementor-widget-container>.elementor-spacer{height:100%}.e-con-inner>.elementor-widget-spacer>.elementor-widget-container>.elementor-spacer>.elementor-spacer-inner,.e-con>.elementor-widget-spacer>.elementor-widget-container>.elementor-spacer>.elementor-spacer-inner{height:var(--container-widget-height,var(--spacer-size))}.e-con-inner>.elementor-widget-spacer.elementor-widget-empty,.e-con>.elementor-widget-spacer.elementor-widget-empty{position:relative;min-height:22px;min-width:22px}.e-con-inner>.elementor-widget-spacer.elementor-widget-empty .elementor-widget-empty-icon,.e-con>.elementor-widget-spacer.elementor-widget-empty .elementor-widget-empty-icon{position:absolute;top:0;bottom:0;left:0;right:0;margin:auto;padding:0;width:22px;height:22px}<\/style>\t\t<div class=\"elementor-spacer\">\n\t\t\t<div class=\"elementor-spacer-inner\"><\/div>\n\t\t<\/div>\n\t\t\t\t<\/div>\n\t\t\t\t<\/div>\n\t\t\t\t\t<\/div>\n\t\t<\/div>\n\t\t\t\t\t\t\t<\/div>\n\t\t<\/section>\n\t\t\t\t<section class=\"elementor-section elementor-top-section elementor-element elementor-element-5abcac4 elementor-section-boxed elementor-section-height-default elementor-section-height-default\" data-id=\"5abcac4\" data-element_type=\"section\">\n\t\t\t\t\t\t<div class=\"elementor-container elementor-column-gap-default\">\n\t\t\t\t\t<div class=\"elementor-column elementor-col-100 elementor-top-column elementor-element elementor-element-8817060\" data-id=\"8817060\" data-element_type=\"column\">\n\t\t\t<div class=\"elementor-widget-wrap elementor-element-populated\">\n\t\t\t\t\t\t\t\t<div class=\"elementor-element elementor-element-033a5d4 elementor-widget elementor-widget-heading\" data-id=\"033a5d4\" data-element_type=\"widget\" data-widget_type=\"heading.default\">\n\t\t\t\t<div class=\"elementor-widget-container\">\n\t\t\t<style>\/*! elementor - v3.18.0 - 20-12-2023 *\/\n.elementor-heading-title{padding:0;margin:0;line-height:1}.elementor-widget-heading .elementor-heading-title[class*=elementor-size-]>a{color:inherit;font-size:inherit;line-height:inherit}.elementor-widget-heading .elementor-heading-title.elementor-size-small{font-size:15px}.elementor-widget-heading .elementor-heading-title.elementor-size-medium{font-size:19px}.elementor-widget-heading .elementor-heading-title.elementor-size-large{font-size:29px}.elementor-widget-heading .elementor-heading-title.elementor-size-xl{font-size:39px}.elementor-widget-heading .elementor-heading-title.elementor-size-xxl{font-size:59px}<\/style><h1 class=\"elementor-heading-title elementor-size-default\">Cuidado de las bolsas de algod\u00f3n 101: Lavado,\nSecado y m\u00e1s\n<\/h1>\t\t<\/div>\n\t\t\t\t<\/div>\n\t\t\t\t\t<\/div>\n\t\t<\/div>\n\t\t\t\t\t\t\t<\/div>\n\t\t<\/section>\n\t\t\t\t<section class=\"elementor-section elementor-top-section elementor-element elementor-element-bc0ef1b elementor-section-boxed elementor-section-height-default elementor-section-height-default\" data-id=\"bc0ef1b\" data-element_type=\"section\">\n\t\t\t\t\t\t<div class=\"elementor-container elementor-column-gap-default\">\n\t\t\t\t\t<div class=\"elementor-column elementor-col-100 elementor-top-column elementor-element elementor-element-5c25e5d\" data-id=\"5c25e5d\" data-element_type=\"column\">\n\t\t\t<div class=\"elementor-widget-wrap elementor-element-populated\">\n\t\t\t\t\t\t\t\t<div class=\"elementor-element elementor-element-422542d elementor-widget elementor-widget-text-editor\" data-id=\"422542d\" data-element_type=\"widget\" data-widget_type=\"text-editor.default\">\n\t\t\t\t<div class=\"elementor-widget-container\">\n\t\t\t<style>\/*! elementor - v3.18.0 - 20-12-2023 *\/\n.elementor-widget-text-editor.elementor-drop-cap-view-stacked .elementor-drop-cap{background-color:#69727d;color:#fff}.elementor-widget-text-editor.elementor-drop-cap-view-framed .elementor-drop-cap{color:#69727d;border:3px solid;background-color:transparent}.elementor-widget-text-editor:not(.elementor-drop-cap-view-default) .elementor-drop-cap{margin-top:8px}.elementor-widget-text-editor:not(.elementor-drop-cap-view-default) .elementor-drop-cap-letter{width:1em;height:1em}.elementor-widget-text-editor .elementor-drop-cap{float:left;text-align:center;line-height:1;font-size:50px}.elementor-widget-text-editor .elementor-drop-cap-letter{display:inline-block}<\/style>\t\t\t\t<p>Las bolsas de algod\u00f3n son una opci\u00f3n vers\u00e1til y lavable para el uso diario. Desde la compra hasta la ropa del gimnasio, est\u00e1n dise\u00f1adas para soportar un uso frecuente. Sin embargo, algunas pr\u00e1cticas recomendadas pueden preservar tanto el tejido como los dise\u00f1os que hayas impreso en ellas. Veamos c\u00f3mo limpiar y mantener tus bolsas de algod\u00f3n para que se mantengan frescas y funcionales.   <\/p>\n<h2> <\/h2>\n<h3>Pautas de lavado a m\u00e1quina<\/h3>\n<ul>\n<li>Comprueba la etiqueta: Si tu bolsa de algod\u00f3n tiene una etiqueta de cuidados, sigue primero esas instrucciones.<\/li>\n<li>Utiliza un detergente suave: Los productos qu\u00edmicos fuertes o la lej\u00eda pueden deste\u00f1ir los estampados y degradar las fibras.<\/li>\n<li>Temperatura del agua: El agua de fr\u00eda a templada suele funcionar mejor para evitar el encogimiento y la p\u00e9rdida de color.<\/li>\n<\/ul>\n<h3> <\/h3>\n<h3>M\u00e9todos de secado<\/h3>\n<ul>\n<li>Seca al aire cuando sea posible: Cuelga tu tote en un tendedero o sobre una rejilla de secado para que se seque lo m\u00e1s suavemente posible.<\/li>\n<li>Secadora a baja temperatura: Si tienes prisa, opta por una secadora a baja temperatura, pero ten cuidado con el posible encogimiento.<\/li>\n<li>Plancha con precauci\u00f3n: Si es necesario planchar, hazlo del rev\u00e9s, sobre todo si hay un dise\u00f1o estampado.<\/li>\n<\/ul>\n<h3> <\/h3>\n<h3>Consejos para quitar manchas<\/h3>\n<ul>\n<li>Tratamientos de manchas: Trata previamente las manchas dif\u00edciles (como las de vino o caf\u00e9) con un quitamanchas suave antes de lavar.<\/li>\n<li>Soluciones naturales: Para el algod\u00f3n org\u00e1nico, considera m\u00e9todos ecol\u00f3gicos (como una pasta de bicarbonato s\u00f3dico) para hacer frente a las manchas.<\/li>\n<\/ul>\n<h3> <\/h3>\n<h3>Almacenamiento adecuado<\/h3>\n<ul>\n<li>D\u00f3blalas ordenadamente: Gu\u00e1rdalas en un lugar fresco y seco, doblando las bolsas para evitar que se arruguen.<\/li>\n<li>Evita la luz solar directa: La exposici\u00f3n prolongada puede deste\u00f1ir los colores con el tiempo, especialmente en los dise\u00f1os impresos.<\/li>\n<\/ul>\n<h2> <\/h2>\n<h2>Conclusi\u00f3n<\/h2>\n<p>Las bolsas de algod\u00f3n son incre\u00edblemente f\u00e1ciles de mantener: s\u00f3lo tienes que recordar mantener una temperatura moderada del agua, utilizar detergente suave y secar al aire cuando sea posible. Con los cuidados adecuados, tu bolsa de algod\u00f3n se mantendr\u00e1 brillante, suave y lista para tu pr\u00f3ximo viaje de compras o para tus desplazamientos diarios. <\/p>\n\t\t\t\t\t\t<\/div>\n\t\t\t\t<\/div>\n\t\t\t\t\t<\/div>\n\t\t<\/div>\n\t\t\t\t\t\t\t<\/div>\n\t\t<\/section>\n\t\t\t\t\t\t\t<\/div>\n\t\t","protected":false},"excerpt":{"rendered":"<p>Cuidado de las bolsas de algod\u00f3n 101: Lavado, Secado y m\u00e1s Las bolsas de algod\u00f3n son una opci\u00f3n vers\u00e1til y lavable para el uso diario. Desde la compra hasta la ropa del gimnasio, est\u00e1n dise\u00f1adas para soportar un uso frecuente. Sin embargo, algunas pr\u00e1cticas recomendadas pueden preservar tanto el tejido como los dise\u00f1os que hayas [&hellip;]<\/p>\n","protected":false},"author":6996,"featured_media":0,"parent":0,"menu_order":0,"comment_status":"closed","ping_status":"closed","template":"elementor_header_footer","meta":{"content-type":"","_monsterinsights_skip_tracking":false,"_monsterinsights_sitenote_active":false,"_monsterinsights_sitenote_note":"","_monsterinsights_sitenote_category":0,"footnotes":""},"class_list":["post-85264","page","type-page","status-publish","hentry"],"yoast_head":"<!-- This site is optimized with the Yoast SEO plugin v21.7 - https:\/\/yoast.com\/wordpress\/plugins\/seo\/ -->\n<title>Cuidado de las bolsas de algod\u00f3n: Lavado, secado y eliminaci\u00f3n de manchas<\/title>\n<meta name=\"description\" content=\"Descubre sencillos pasos para limpiar y guardar tu bolsa de algod\u00f3n. Aprende las mejores pr\u00e1cticas de lavado, consejos de secado y tratamientos antimanchas para una bolsa m\u00e1s duradera.\" \/>\n<meta name=\"robots\" content=\"index, follow, max-snippet:-1, max-image-preview:large, max-video-preview:-1\" \/>\n<link rel=\"canonical\" href=\"https:\/\/gojuteinternational.com\/es\/how-to-care-for-your-cotton-tote-bags\/\" \/>\n<meta property=\"og:locale\" content=\"es_ES\" \/>\n<meta property=\"og:type\" content=\"article\" \/>\n<meta property=\"og:title\" content=\"Cuidado de las bolsas de algod\u00f3n: Lavado, secado y eliminaci\u00f3n de manchas\" \/>\n<meta property=\"og:description\" content=\"Descubre sencillos pasos para limpiar y guardar tu bolsa de algod\u00f3n. Aprende las mejores pr\u00e1cticas de lavado, consejos de secado y tratamientos antimanchas para una bolsa m\u00e1s duradera.\" \/>\n<meta property=\"og:url\" content=\"https:\/\/gojuteinternational.com\/es\/how-to-care-for-your-cotton-tote-bags\/\" \/>\n<meta property=\"og:site_name\" content=\"GoJute International\" \/>\n<meta property=\"article:publisher\" content=\"https:\/\/www.facebook.com\/gojute\" \/>\n<meta property=\"article:modified_time\" content=\"2025-02-25T05:59:11+00:00\" \/>\n<meta name=\"twitter:card\" content=\"summary_large_image\" \/>\n<meta name=\"twitter:label1\" content=\"Tiempo de lectura\" \/>\n\t<meta name=\"twitter:data1\" content=\"2 minutos\" \/>\n<script type=\"application\/ld+json\" class=\"yoast-schema-graph\">{\"@context\":\"https:\/\/schema.org\",\"@graph\":[{\"@type\":\"WebPage\",\"@id\":\"https:\/\/gojuteinternational.com\/es\/how-to-care-for-your-cotton-tote-bags\/\",\"url\":\"https:\/\/gojuteinternational.com\/es\/how-to-care-for-your-cotton-tote-bags\/\",\"name\":\"Cuidado de las bolsas de algod\u00f3n: Lavado, secado y eliminaci\u00f3n de manchas\",\"isPartOf\":{\"@id\":\"https:\/\/gojuteinternational.com\/es\/#website\"},\"datePublished\":\"2025-02-11T11:26:21+00:00\",\"dateModified\":\"2025-02-25T05:59:11+00:00\",\"description\":\"Descubre sencillos pasos para limpiar y guardar tu bolsa de algod\u00f3n. Aprende las mejores pr\u00e1cticas de lavado, consejos de secado y tratamientos antimanchas para una bolsa m\u00e1s duradera.\",\"breadcrumb\":{\"@id\":\"https:\/\/gojuteinternational.com\/es\/how-to-care-for-your-cotton-tote-bags\/#breadcrumb\"},\"inLanguage\":\"es\",\"potentialAction\":[{\"@type\":\"ReadAction\",\"target\":[\"https:\/\/gojuteinternational.com\/es\/how-to-care-for-your-cotton-tote-bags\/\"]}]},{\"@type\":\"BreadcrumbList\",\"@id\":\"https:\/\/gojuteinternational.com\/es\/how-to-care-for-your-cotton-tote-bags\/#breadcrumb\",\"itemListElement\":[{\"@type\":\"ListItem\",\"position\":1,\"name\":\"Home\",\"item\":\"https:\/\/gojuteinternational.com\/es\/\"},{\"@type\":\"ListItem\",\"position\":2,\"name\":\"C\u00f3mo cuidar tus bolsas de algod\u00f3n\"}]},{\"@type\":\"WebSite\",\"@id\":\"https:\/\/gojuteinternational.com\/es\/#website\",\"url\":\"https:\/\/gojuteinternational.com\/es\/\",\"name\":\"GoJute International\",\"description\":\"Printed bags for business\",\"publisher\":{\"@id\":\"https:\/\/gojuteinternational.com\/es\/#organization\"},\"alternateName\":\"GoJute\",\"potentialAction\":[{\"@type\":\"SearchAction\",\"target\":{\"@type\":\"EntryPoint\",\"urlTemplate\":\"https:\/\/gojuteinternational.com\/es\/?s={search_term_string}\"},\"query-input\":\"required name=search_term_string\"}],\"inLanguage\":\"es\"},{\"@type\":\"Organization\",\"@id\":\"https:\/\/gojuteinternational.com\/es\/#organization\",\"name\":\"GoJute International\",\"alternateName\":\"GoJute\",\"url\":\"https:\/\/gojuteinternational.com\/es\/\",\"logo\":{\"@type\":\"ImageObject\",\"inLanguage\":\"es\",\"@id\":\"https:\/\/gojuteinternational.com\/es\/#\/schema\/logo\/image\/\",\"url\":\"https:\/\/gojuteinternational.com\/wp-content\/uploads\/2022\/06\/GoJute-Logo-RGB.png\",\"contentUrl\":\"https:\/\/gojuteinternational.com\/wp-content\/uploads\/2022\/06\/GoJute-Logo-RGB.png\",\"width\":2000,\"height\":1809,\"caption\":\"GoJute International\"},\"image\":{\"@id\":\"https:\/\/gojuteinternational.com\/es\/#\/schema\/logo\/image\/\"},\"sameAs\":[\"https:\/\/www.facebook.com\/gojute\",\"https:\/\/www.instagram.com\/gojute\/\"]}]}<\/script>\n<!-- \/ Yoast SEO plugin. -->","yoast_head_json":{"title":"Cuidado de las bolsas de algod\u00f3n: Lavado, secado y eliminaci\u00f3n de manchas","description":"Descubre sencillos pasos para limpiar y guardar tu bolsa de algod\u00f3n. Aprende las mejores pr\u00e1cticas de lavado, consejos de secado y tratamientos antimanchas para una bolsa m\u00e1s duradera.","robots":{"index":"index","follow":"follow","max-snippet":"max-snippet:-1","max-image-preview":"max-image-preview:large","max-video-preview":"max-video-preview:-1"},"canonical":"https:\/\/gojuteinternational.com\/es\/how-to-care-for-your-cotton-tote-bags\/","og_locale":"es_ES","og_type":"article","og_title":"Cuidado de las bolsas de algod\u00f3n: Lavado, secado y eliminaci\u00f3n de manchas","og_description":"Descubre sencillos pasos para limpiar y guardar tu bolsa de algod\u00f3n. Aprende las mejores pr\u00e1cticas de lavado, consejos de secado y tratamientos antimanchas para una bolsa m\u00e1s duradera.","og_url":"https:\/\/gojuteinternational.com\/es\/how-to-care-for-your-cotton-tote-bags\/","og_site_name":"GoJute International","article_publisher":"https:\/\/www.facebook.com\/gojute","article_modified_time":"2025-02-25T05:59:11+00:00","twitter_card":"summary_large_image","twitter_misc":{"Tiempo de lectura":"2 minutos"},"schema":{"@context":"https:\/\/schema.org","@graph":[{"@type":"WebPage","@id":"https:\/\/gojuteinternational.com\/es\/how-to-care-for-your-cotton-tote-bags\/","url":"https:\/\/gojuteinternational.com\/es\/how-to-care-for-your-cotton-tote-bags\/","name":"Cuidado de las bolsas de algod\u00f3n: Lavado, secado y eliminaci\u00f3n de manchas","isPartOf":{"@id":"https:\/\/gojuteinternational.com\/es\/#website"},"datePublished":"2025-02-11T11:26:21+00:00","dateModified":"2025-02-25T05:59:11+00:00","description":"Descubre sencillos pasos para limpiar y guardar tu bolsa de algod\u00f3n. Aprende las mejores pr\u00e1cticas de lavado, consejos de secado y tratamientos antimanchas para una bolsa m\u00e1s duradera.","breadcrumb":{"@id":"https:\/\/gojuteinternational.com\/es\/how-to-care-for-your-cotton-tote-bags\/#breadcrumb"},"inLanguage":"es","potentialAction":[{"@type":"ReadAction","target":["https:\/\/gojuteinternational.com\/es\/how-to-care-for-your-cotton-tote-bags\/"]}]},{"@type":"BreadcrumbList","@id":"https:\/\/gojuteinternational.com\/es\/how-to-care-for-your-cotton-tote-bags\/#breadcrumb","itemListElement":[{"@type":"ListItem","position":1,"name":"Home","item":"https:\/\/gojuteinternational.com\/es\/"},{"@type":"ListItem","position":2,"name":"C\u00f3mo cuidar tus bolsas de algod\u00f3n"}]},{"@type":"WebSite","@id":"https:\/\/gojuteinternational.com\/es\/#website","url":"https:\/\/gojuteinternational.com\/es\/","name":"GoJute International","description":"Printed bags for business","publisher":{"@id":"https:\/\/gojuteinternational.com\/es\/#organization"},"alternateName":"GoJute","potentialAction":[{"@type":"SearchAction","target":{"@type":"EntryPoint","urlTemplate":"https:\/\/gojuteinternational.com\/es\/?s={search_term_string}"},"query-input":"required name=search_term_string"}],"inLanguage":"es"},{"@type":"Organization","@id":"https:\/\/gojuteinternational.com\/es\/#organization","name":"GoJute International","alternateName":"GoJute","url":"https:\/\/gojuteinternational.com\/es\/","logo":{"@type":"ImageObject","inLanguage":"es","@id":"https:\/\/gojuteinternational.com\/es\/#\/schema\/logo\/image\/","url":"https:\/\/gojuteinternational.com\/wp-content\/uploads\/2022\/06\/GoJute-Logo-RGB.png","contentUrl":"https:\/\/gojuteinternational.com\/wp-content\/uploads\/2022\/06\/GoJute-Logo-RGB.png","width":2000,"height":1809,"caption":"GoJute International"},"image":{"@id":"https:\/\/gojuteinternational.com\/es\/#\/schema\/logo\/image\/"},"sameAs":["https:\/\/www.facebook.com\/gojute","https:\/\/www.instagram.com\/gojute\/"]}]}},"_links":{"self":[{"href":"https:\/\/gojuteinternational.com\/es\/wp-json\/wp\/v2\/pages\/85264","targetHints":{"allow":["GET"]}}],"collection":[{"href":"https:\/\/gojuteinternational.com\/es\/wp-json\/wp\/v2\/pages"}],"about":[{"href":"https:\/\/gojuteinternational.com\/es\/wp-json\/wp\/v2\/types\/page"}],"author":[{"embeddable":true,"href":"https:\/\/gojuteinternational.com\/es\/wp-json\/wp\/v2\/users\/6996"}],"replies":[{"embeddable":true,"href":"https:\/\/gojuteinternational.com\/es\/wp-json\/wp\/v2\/comments?post=85264"}],"version-history":[{"count":10,"href":"https:\/\/gojuteinternational.com\/es\/wp-json\/wp\/v2\/pages\/85264\/revisions"}],"predecessor-version":[{"id":86064,"href":"https:\/\/gojuteinternational.com\/es\/wp-json\/wp\/v2\/pages\/85264\/revisions\/86064"}],"wp:attachment":[{"href":"https:\/\/gojuteinternational.com\/es\/wp-json\/wp\/v2\/media?parent=85264"}],"curies":[{"name":"wp","href":"https:\/\/api.w.org\/{rel}","templated":true}]}}