{"id":85323,"date":"2025-02-11T13:09:02","date_gmt":"2025-02-11T12:09:02","guid":{"rendered":"https:\/\/gojuteinternational.com\/all-about-jute-bags\/"},"modified":"2025-02-20T09:51:33","modified_gmt":"2025-02-20T08:51:33","slug":"all-about-jute-bags","status":"publish","type":"page","link":"https:\/\/gojuteinternational.com\/es\/all-about-jute-bags\/","title":{"rendered":"Todo sobre las bolsas de yute"},"content":{"rendered":"\t\t<div data-elementor-type=\"wp-page\" data-elementor-id=\"85323\" class=\"elementor elementor-85323 elementor-85321\" data-elementor-post-type=\"page\">\n\t\t\t\t\t\t\t\t\t<section class=\"elementor-section elementor-top-section elementor-element elementor-element-293eae5 elementor-section-boxed elementor-section-height-default elementor-section-height-default\" data-id=\"293eae5\" data-element_type=\"section\">\n\t\t\t\t\t\t<div class=\"elementor-container elementor-column-gap-default\">\n\t\t\t\t\t<div class=\"elementor-column elementor-col-100 elementor-top-column elementor-element elementor-element-abb4f3e\" data-id=\"abb4f3e\" data-element_type=\"column\">\n\t\t\t<div class=\"elementor-widget-wrap elementor-element-populated\">\n\t\t\t\t\t\t\t\t<div class=\"elementor-element elementor-element-ff20f28 elementor-widget elementor-widget-image\" data-id=\"ff20f28\" data-element_type=\"widget\" data-widget_type=\"image.default\">\n\t\t\t\t<div class=\"elementor-widget-container\">\n\t\t\t<style>\/*! elementor - v3.18.0 - 20-12-2023 *\/\n.elementor-widget-image{text-align:center}.elementor-widget-image a{display:inline-block}.elementor-widget-image a img[src$=\".svg\"]{width:48px}.elementor-widget-image img{vertical-align:middle;display:inline-block}<\/style>\t\t\t\t\t\t\t\t\t\t\t\t<img fetchpriority=\"high\" decoding=\"async\" width=\"2560\" height=\"1707\" src=\"https:\/\/gojuteinternational.com\/wp-content\/uploads\/2025\/02\/Multiple-Bags-GJ019-Natural-In-Situ-scaled.jpg\" class=\"attachment-full size-full wp-image-85419\" alt=\"\" srcset=\"https:\/\/gojuteinternational.com\/wp-content\/uploads\/2025\/02\/Multiple-Bags-GJ019-Natural-In-Situ-scaled.jpg 2560w, https:\/\/gojuteinternational.com\/wp-content\/uploads\/2025\/02\/Multiple-Bags-GJ019-Natural-In-Situ-300x200.jpg 300w, https:\/\/gojuteinternational.com\/wp-content\/uploads\/2025\/02\/Multiple-Bags-GJ019-Natural-In-Situ-1024x683.jpg 1024w, https:\/\/gojuteinternational.com\/wp-content\/uploads\/2025\/02\/Multiple-Bags-GJ019-Natural-In-Situ-768x512.jpg 768w, https:\/\/gojuteinternational.com\/wp-content\/uploads\/2025\/02\/Multiple-Bags-GJ019-Natural-In-Situ-1536x1024.jpg 1536w, https:\/\/gojuteinternational.com\/wp-content\/uploads\/2025\/02\/Multiple-Bags-GJ019-Natural-In-Situ-2048x1365.jpg 2048w\" sizes=\"(max-width: 2560px) 100vw, 2560px\" \/>\t\t\t\t\t\t\t\t\t\t\t\t\t\t\t<\/div>\n\t\t\t\t<\/div>\n\t\t\t\t\t<\/div>\n\t\t<\/div>\n\t\t\t\t\t\t\t<\/div>\n\t\t<\/section>\n\t\t\t\t<section class=\"elementor-section elementor-top-section elementor-element elementor-element-0d2f2d4 elementor-section-boxed elementor-section-height-default elementor-section-height-default\" data-id=\"0d2f2d4\" data-element_type=\"section\">\n\t\t\t\t\t\t<div class=\"elementor-container elementor-column-gap-default\">\n\t\t\t\t\t<div class=\"elementor-column elementor-col-100 elementor-top-column elementor-element elementor-element-59b2935\" data-id=\"59b2935\" data-element_type=\"column\">\n\t\t\t<div class=\"elementor-widget-wrap elementor-element-populated\">\n\t\t\t\t\t\t\t\t<div class=\"elementor-element elementor-element-efd04ce elementor-widget elementor-widget-spacer\" data-id=\"efd04ce\" data-element_type=\"widget\" data-widget_type=\"spacer.default\">\n\t\t\t\t<div class=\"elementor-widget-container\">\n\t\t\t<style>\/*! elementor - v3.18.0 - 20-12-2023 *\/\n.elementor-column .elementor-spacer-inner{height:var(--spacer-size)}.e-con{--container-widget-width:100%}.e-con-inner>.elementor-widget-spacer,.e-con>.elementor-widget-spacer{width:var(--container-widget-width,var(--spacer-size));--align-self:var(--container-widget-align-self,initial);--flex-shrink:0}.e-con-inner>.elementor-widget-spacer>.elementor-widget-container,.e-con>.elementor-widget-spacer>.elementor-widget-container{height:100%;width:100%}.e-con-inner>.elementor-widget-spacer>.elementor-widget-container>.elementor-spacer,.e-con>.elementor-widget-spacer>.elementor-widget-container>.elementor-spacer{height:100%}.e-con-inner>.elementor-widget-spacer>.elementor-widget-container>.elementor-spacer>.elementor-spacer-inner,.e-con>.elementor-widget-spacer>.elementor-widget-container>.elementor-spacer>.elementor-spacer-inner{height:var(--container-widget-height,var(--spacer-size))}.e-con-inner>.elementor-widget-spacer.elementor-widget-empty,.e-con>.elementor-widget-spacer.elementor-widget-empty{position:relative;min-height:22px;min-width:22px}.e-con-inner>.elementor-widget-spacer.elementor-widget-empty .elementor-widget-empty-icon,.e-con>.elementor-widget-spacer.elementor-widget-empty .elementor-widget-empty-icon{position:absolute;top:0;bottom:0;left:0;right:0;margin:auto;padding:0;width:22px;height:22px}<\/style>\t\t<div class=\"elementor-spacer\">\n\t\t\t<div class=\"elementor-spacer-inner\"><\/div>\n\t\t<\/div>\n\t\t\t\t<\/div>\n\t\t\t\t<\/div>\n\t\t\t\t\t<\/div>\n\t\t<\/div>\n\t\t\t\t\t\t\t<\/div>\n\t\t<\/section>\n\t\t\t\t<section class=\"elementor-section elementor-top-section elementor-element elementor-element-3a43b02 elementor-section-boxed elementor-section-height-default elementor-section-height-default\" data-id=\"3a43b02\" data-element_type=\"section\">\n\t\t\t\t\t\t<div class=\"elementor-container elementor-column-gap-default\">\n\t\t\t\t\t<div class=\"elementor-column elementor-col-100 elementor-top-column elementor-element elementor-element-0eadb37\" data-id=\"0eadb37\" data-element_type=\"column\">\n\t\t\t<div class=\"elementor-widget-wrap elementor-element-populated\">\n\t\t\t\t\t\t\t\t<div class=\"elementor-element elementor-element-72f3c68 elementor-widget elementor-widget-heading\" data-id=\"72f3c68\" data-element_type=\"widget\" data-widget_type=\"heading.default\">\n\t\t\t\t<div class=\"elementor-widget-container\">\n\t\t\t<style>\/*! elementor - v3.18.0 - 20-12-2023 *\/\n.elementor-heading-title{padding:0;margin:0;line-height:1}.elementor-widget-heading .elementor-heading-title[class*=elementor-size-]>a{color:inherit;font-size:inherit;line-height:inherit}.elementor-widget-heading .elementor-heading-title.elementor-size-small{font-size:15px}.elementor-widget-heading .elementor-heading-title.elementor-size-medium{font-size:19px}.elementor-widget-heading .elementor-heading-title.elementor-size-large{font-size:29px}.elementor-widget-heading .elementor-heading-title.elementor-size-xl{font-size:39px}.elementor-widget-heading .elementor-heading-title.elementor-size-xxl{font-size:59px}<\/style><h1 class=\"elementor-heading-title elementor-size-default\"><p class=\"MsoNormal\"><span style=\"font-family:Montserrat;mso-fareast-font-family: Montserrat;mso-bidi-font-family:Montserrat\">Todo sobre las bolsas de yute: La revoluci\u00f3n de los bolsos ecol\u00f3gicos\n<o:p><\/o:p><\/span><\/p>\n\n<\/h1>\t\t<\/div>\n\t\t\t\t<\/div>\n\t\t\t\t\t<\/div>\n\t\t<\/div>\n\t\t\t\t\t\t\t<\/div>\n\t\t<\/section>\n\t\t\t\t<section class=\"elementor-section elementor-top-section elementor-element elementor-element-39cfd8f elementor-section-boxed elementor-section-height-default elementor-section-height-default\" data-id=\"39cfd8f\" data-element_type=\"section\">\n\t\t\t\t\t\t<div class=\"elementor-container elementor-column-gap-default\">\n\t\t\t\t\t<div class=\"elementor-column elementor-col-100 elementor-top-column elementor-element elementor-element-b8c41c8\" data-id=\"b8c41c8\" data-element_type=\"column\">\n\t\t\t<div class=\"elementor-widget-wrap elementor-element-populated\">\n\t\t\t\t\t\t\t\t<div class=\"elementor-element elementor-element-cde2408 elementor-widget elementor-widget-text-editor\" data-id=\"cde2408\" data-element_type=\"widget\" data-widget_type=\"text-editor.default\">\n\t\t\t\t<div class=\"elementor-widget-container\">\n\t\t\t<style>\/*! elementor - v3.18.0 - 20-12-2023 *\/\n.elementor-widget-text-editor.elementor-drop-cap-view-stacked .elementor-drop-cap{background-color:#69727d;color:#fff}.elementor-widget-text-editor.elementor-drop-cap-view-framed .elementor-drop-cap{color:#69727d;border:3px solid;background-color:transparent}.elementor-widget-text-editor:not(.elementor-drop-cap-view-default) .elementor-drop-cap{margin-top:8px}.elementor-widget-text-editor:not(.elementor-drop-cap-view-default) .elementor-drop-cap-letter{width:1em;height:1em}.elementor-widget-text-editor .elementor-drop-cap{float:left;text-align:center;line-height:1;font-size:50px}.elementor-widget-text-editor .elementor-drop-cap-letter{display:inline-block}<\/style>\t\t\t\t<p>Las bolsas de yute son m\u00e1s populares que nunca entre los compradores con conciencia ecol\u00f3gica, los minoristas y las empresas que quieren reducir los residuos pl\u00e1sticos. Pero, \u00bfqu\u00e9 es exactamente el yute y por qu\u00e9 es tan apreciado en el mundo de la sostenibilidad? En este art\u00edculo, nos adentraremos en los or\u00edgenes del yute, sus ventajas medioambientales y c\u00f3mo cuidar adecuadamente las bolsas de yute para mantenerlas frescas a largo plazo.  <\/p>\n<\/p>\n<h2>\u00bfQu\u00e9 es el yute?<\/h2>\n<p>El yute es una fibra natural derivada de los tallos de la planta del yute, cultivada principalmente en regiones c\u00e1lidas y h\u00famedas como Bangladesh y la India. Las fibras son fuertes, transpirables y tienen una textura r\u00fastica caracter\u00edstica. Tradicionalmente, el yute se ha utilizado para art\u00edculos como cuerdas, sacos y arpillera. Sin embargo, su utilidad se ha ampliado para incluir las bolsas de mano contempor\u00e1neas, gracias a su durabilidad y a sus credenciales ecol\u00f3gicas.   <\/p>\n<\/p>\n<h3>Datos b\u00e1sicos sobre el yute<\/h3>\n<ul>\n<li>Crecimiento r\u00e1pido: Las plantas de yute maduran r\u00e1pidamente, a menudo en s\u00f3lo cuatro o seis meses.<\/li>\n<\/ul>\n<p>Bajo uso de productos qu\u00edmicos: Suelen requerir menos pesticidas y fertilizantes en comparaci\u00f3n con muchos otros cultivos.<\/p>\n<ul>\n<li>Biodegradable: Las fibras de yute se descomponen de forma natural, minimizando los residuos de los vertederos.<\/li>\n<\/ul>\n<h2>Por qu\u00e9 el yute es respetuoso con el medio ambiente<\/h2>\n<ul>\n<li>Baja huella h\u00eddrica: El cultivo del yute suele requerir menos agua que el del algod\u00f3n, lo que lo convierte en una opci\u00f3n m\u00e1s sostenible en las regiones con escasez de agua.<\/li>\n<li>Reducci\u00f3n de la huella de carbono: Como fibra de origen vegetal, el yute absorbe di\u00f3xido de carbono y libera ox\u00edgeno durante su ciclo de crecimiento, ayudando a combatir los gases de efecto invernadero.<\/li>\n<li>Biodegradabilidad: Cuando una bolsa de yute finalmente se gasta, se descompone de forma natural, en lugar de contribuir a la contaminaci\u00f3n por pl\u00e1stico.<\/li>\n<\/ul>\n<h2>Principales ventajas de los sacos de yute<\/h2>\n<ul>\n<li>Durabilidad excepcional: Las fibras de yute soportan cargas pesadas, perfectas para la compra, los libros o los objetos cotidianos.<\/li>\n<li>Estilo vers\u00e1til: Aunque el yute tiene naturalmente un aspecto r\u00fastico, los laminados, tintes o estampados pueden a\u00f1adir un toque moderno.<\/li>\n<li>Gran potencial de marca: Gracias a su textura natural, el yute proporciona un lienzo \u00fanico para logotipos y dise\u00f1os, lo que lo convierte en una opci\u00f3n para eventos promocionales.<\/li>\n<\/ul>\n<h2>Posibilidades de dise\u00f1o y personalizaci\u00f3n<\/h2>\n<ul>\n<li>Serigraf\u00eda: Una de las t\u00e9cnicas m\u00e1s comunes para transferir dise\u00f1os al yute.<\/li>\n<li>Bordado: A\u00f1ade un aspecto premium y texturizado, aunque es ligeramente m\u00e1s laborioso.<\/li>\n<li>Opciones de asas: La cuerda de algod\u00f3n, las cintas planas y las asas de bamb\u00fa pueden complementar la est\u00e9tica terrosa del yute.<\/li>\n<\/ul>\n<h2>C\u00f3mo cuidar las bolsas de yute<\/h2>\n<ul>\n<li>Limpieza de manchas: Utiliza un pa\u00f1o h\u00famedo y detergente suave para limpiar peque\u00f1as manchas. Evita empapar la bolsa, ya que el exceso de agua puede debilitar las fibras o encogerla. <\/li>\n<li>S\u00f3lo secar al aire: Si la bolsa se moja, cu\u00e9lgala en un lugar bien ventilado hasta que se seque por completo.<\/li>\n<li>Almacenamiento adecuado: Guarda los sacos de yute en un lugar seco para evitar la formaci\u00f3n de moho. Airearlas de vez en cuando puede ayudar a eliminar cualquier olor a humedad. <\/li>\n<\/ul>\n<h2>Conclusi\u00f3n<\/h2>\n<p>Las bolsas de yute ofrecen una combinaci\u00f3n casi perfecta de sostenibilidad, durabilidad y estilo. Tanto si eres un consumidor que busca una alternativa ecol\u00f3gica al pl\u00e1stico como si eres una empresa que quiere mostrar sus credenciales ecol\u00f3gicas, el yute cumple. Al elegir bolsas de yute, est\u00e1s haciendo una elecci\u00f3n consciente para el planeta, sin sacrificar la practicidad ni el atractivo visual.  <\/p>\n\t\t\t\t\t\t<\/div>\n\t\t\t\t<\/div>\n\t\t\t\t\t<\/div>\n\t\t<\/div>\n\t\t\t\t\t\t\t<\/div>\n\t\t<\/section>\n\t\t\t\t\t\t\t<\/div>\n\t\t","protected":false},"excerpt":{"rendered":"<p>Todo sobre las bolsas de yute: La revoluci\u00f3n de los bolsos ecol\u00f3gicos Las bolsas de yute son m\u00e1s populares que nunca entre los compradores con conciencia ecol\u00f3gica, los minoristas y las empresas que quieren reducir los residuos pl\u00e1sticos. Pero, \u00bfqu\u00e9 es exactamente el yute y por qu\u00e9 es tan apreciado en el mundo de la [&hellip;]<\/p>\n","protected":false},"author":6996,"featured_media":85419,"parent":0,"menu_order":0,"comment_status":"closed","ping_status":"closed","template":"elementor_header_footer","meta":{"content-type":"","_monsterinsights_skip_tracking":false,"_monsterinsights_sitenote_active":false,"_monsterinsights_sitenote_note":"","_monsterinsights_sitenote_category":0,"footnotes":""},"class_list":["post-85323","page","type-page","status-publish","has-post-thumbnail","hentry"],"yoast_head":"<!-- This site is optimized with the Yoast SEO plugin v21.7 - https:\/\/yoast.com\/wordpress\/plugins\/seo\/ -->\n<title>Todo sobre las bolsas de yute: La revoluci\u00f3n de las bolsas ecol\u00f3gicas<\/title>\n<meta name=\"description\" content=\"Descubre por qu\u00e9 se adoran las bolsas de yute por su sostenibilidad y durabilidad. Aprende c\u00f3mo se fabrican, sus ventajas ecol\u00f3gicas y consejos para su cuidado adecuado.\" \/>\n<meta name=\"robots\" content=\"index, follow, max-snippet:-1, max-image-preview:large, max-video-preview:-1\" \/>\n<link rel=\"canonical\" href=\"https:\/\/gojuteinternational.com\/es\/all-about-jute-bags\/\" \/>\n<meta property=\"og:locale\" content=\"es_ES\" \/>\n<meta property=\"og:type\" content=\"article\" \/>\n<meta property=\"og:title\" content=\"Todo sobre las bolsas de yute: La revoluci\u00f3n de las bolsas ecol\u00f3gicas\" \/>\n<meta property=\"og:description\" content=\"Descubre por qu\u00e9 se adoran las bolsas de yute por su sostenibilidad y durabilidad. Aprende c\u00f3mo se fabrican, sus ventajas ecol\u00f3gicas y consejos para su cuidado adecuado.\" \/>\n<meta property=\"og:url\" content=\"https:\/\/gojuteinternational.com\/es\/all-about-jute-bags\/\" \/>\n<meta property=\"og:site_name\" content=\"GoJute International\" \/>\n<meta property=\"article:publisher\" content=\"https:\/\/www.facebook.com\/gojute\" \/>\n<meta property=\"article:modified_time\" content=\"2025-02-20T08:51:33+00:00\" \/>\n<meta property=\"og:image\" content=\"https:\/\/gojuteinternational.com\/wp-content\/uploads\/2025\/02\/Multiple-Bags-GJ019-Natural-In-Situ-scaled.jpg\" \/>\n\t<meta property=\"og:image:width\" content=\"2560\" \/>\n\t<meta property=\"og:image:height\" content=\"1707\" \/>\n\t<meta property=\"og:image:type\" content=\"image\/jpeg\" \/>\n<meta name=\"twitter:card\" content=\"summary_large_image\" \/>\n<meta name=\"twitter:label1\" content=\"Tiempo de lectura\" \/>\n\t<meta name=\"twitter:data1\" content=\"3 minutos\" \/>\n<script type=\"application\/ld+json\" class=\"yoast-schema-graph\">{\"@context\":\"https:\/\/schema.org\",\"@graph\":[{\"@type\":\"WebPage\",\"@id\":\"https:\/\/gojuteinternational.com\/es\/all-about-jute-bags\/\",\"url\":\"https:\/\/gojuteinternational.com\/es\/all-about-jute-bags\/\",\"name\":\"Todo sobre las bolsas de yute: La revoluci\u00f3n de las bolsas ecol\u00f3gicas\",\"isPartOf\":{\"@id\":\"https:\/\/gojuteinternational.com\/es\/#website\"},\"datePublished\":\"2025-02-11T12:09:02+00:00\",\"dateModified\":\"2025-02-20T08:51:33+00:00\",\"description\":\"Descubre por qu\u00e9 se adoran las bolsas de yute por su sostenibilidad y durabilidad. Aprende c\u00f3mo se fabrican, sus ventajas ecol\u00f3gicas y consejos para su cuidado adecuado.\",\"breadcrumb\":{\"@id\":\"https:\/\/gojuteinternational.com\/es\/all-about-jute-bags\/#breadcrumb\"},\"inLanguage\":\"es\",\"potentialAction\":[{\"@type\":\"ReadAction\",\"target\":[\"https:\/\/gojuteinternational.com\/es\/all-about-jute-bags\/\"]}]},{\"@type\":\"BreadcrumbList\",\"@id\":\"https:\/\/gojuteinternational.com\/es\/all-about-jute-bags\/#breadcrumb\",\"itemListElement\":[{\"@type\":\"ListItem\",\"position\":1,\"name\":\"Home\",\"item\":\"https:\/\/gojuteinternational.com\/es\/\"},{\"@type\":\"ListItem\",\"position\":2,\"name\":\"Todo sobre las bolsas de yute\"}]},{\"@type\":\"WebSite\",\"@id\":\"https:\/\/gojuteinternational.com\/es\/#website\",\"url\":\"https:\/\/gojuteinternational.com\/es\/\",\"name\":\"GoJute International\",\"description\":\"Printed bags for business\",\"publisher\":{\"@id\":\"https:\/\/gojuteinternational.com\/es\/#organization\"},\"alternateName\":\"GoJute\",\"potentialAction\":[{\"@type\":\"SearchAction\",\"target\":{\"@type\":\"EntryPoint\",\"urlTemplate\":\"https:\/\/gojuteinternational.com\/es\/?s={search_term_string}\"},\"query-input\":\"required name=search_term_string\"}],\"inLanguage\":\"es\"},{\"@type\":\"Organization\",\"@id\":\"https:\/\/gojuteinternational.com\/es\/#organization\",\"name\":\"GoJute International\",\"alternateName\":\"GoJute\",\"url\":\"https:\/\/gojuteinternational.com\/es\/\",\"logo\":{\"@type\":\"ImageObject\",\"inLanguage\":\"es\",\"@id\":\"https:\/\/gojuteinternational.com\/es\/#\/schema\/logo\/image\/\",\"url\":\"https:\/\/gojuteinternational.com\/wp-content\/uploads\/2022\/06\/GoJute-Logo-RGB.png\",\"contentUrl\":\"https:\/\/gojuteinternational.com\/wp-content\/uploads\/2022\/06\/GoJute-Logo-RGB.png\",\"width\":2000,\"height\":1809,\"caption\":\"GoJute International\"},\"image\":{\"@id\":\"https:\/\/gojuteinternational.com\/es\/#\/schema\/logo\/image\/\"},\"sameAs\":[\"https:\/\/www.facebook.com\/gojute\",\"https:\/\/www.instagram.com\/gojute\/\"]}]}<\/script>\n<!-- \/ Yoast SEO plugin. -->","yoast_head_json":{"title":"Todo sobre las bolsas de yute: La revoluci\u00f3n de las bolsas ecol\u00f3gicas","description":"Descubre por qu\u00e9 se adoran las bolsas de yute por su sostenibilidad y durabilidad. Aprende c\u00f3mo se fabrican, sus ventajas ecol\u00f3gicas y consejos para su cuidado adecuado.","robots":{"index":"index","follow":"follow","max-snippet":"max-snippet:-1","max-image-preview":"max-image-preview:large","max-video-preview":"max-video-preview:-1"},"canonical":"https:\/\/gojuteinternational.com\/es\/all-about-jute-bags\/","og_locale":"es_ES","og_type":"article","og_title":"Todo sobre las bolsas de yute: La revoluci\u00f3n de las bolsas ecol\u00f3gicas","og_description":"Descubre por qu\u00e9 se adoran las bolsas de yute por su sostenibilidad y durabilidad. Aprende c\u00f3mo se fabrican, sus ventajas ecol\u00f3gicas y consejos para su cuidado adecuado.","og_url":"https:\/\/gojuteinternational.com\/es\/all-about-jute-bags\/","og_site_name":"GoJute International","article_publisher":"https:\/\/www.facebook.com\/gojute","article_modified_time":"2025-02-20T08:51:33+00:00","og_image":[{"width":2560,"height":1707,"url":"https:\/\/gojuteinternational.com\/wp-content\/uploads\/2025\/02\/Multiple-Bags-GJ019-Natural-In-Situ-scaled.jpg","type":"image\/jpeg"}],"twitter_card":"summary_large_image","twitter_misc":{"Tiempo de lectura":"3 minutos"},"schema":{"@context":"https:\/\/schema.org","@graph":[{"@type":"WebPage","@id":"https:\/\/gojuteinternational.com\/es\/all-about-jute-bags\/","url":"https:\/\/gojuteinternational.com\/es\/all-about-jute-bags\/","name":"Todo sobre las bolsas de yute: La revoluci\u00f3n de las bolsas ecol\u00f3gicas","isPartOf":{"@id":"https:\/\/gojuteinternational.com\/es\/#website"},"datePublished":"2025-02-11T12:09:02+00:00","dateModified":"2025-02-20T08:51:33+00:00","description":"Descubre por qu\u00e9 se adoran las bolsas de yute por su sostenibilidad y durabilidad. Aprende c\u00f3mo se fabrican, sus ventajas ecol\u00f3gicas y consejos para su cuidado adecuado.","breadcrumb":{"@id":"https:\/\/gojuteinternational.com\/es\/all-about-jute-bags\/#breadcrumb"},"inLanguage":"es","potentialAction":[{"@type":"ReadAction","target":["https:\/\/gojuteinternational.com\/es\/all-about-jute-bags\/"]}]},{"@type":"BreadcrumbList","@id":"https:\/\/gojuteinternational.com\/es\/all-about-jute-bags\/#breadcrumb","itemListElement":[{"@type":"ListItem","position":1,"name":"Home","item":"https:\/\/gojuteinternational.com\/es\/"},{"@type":"ListItem","position":2,"name":"Todo sobre las bolsas de yute"}]},{"@type":"WebSite","@id":"https:\/\/gojuteinternational.com\/es\/#website","url":"https:\/\/gojuteinternational.com\/es\/","name":"GoJute International","description":"Printed bags for business","publisher":{"@id":"https:\/\/gojuteinternational.com\/es\/#organization"},"alternateName":"GoJute","potentialAction":[{"@type":"SearchAction","target":{"@type":"EntryPoint","urlTemplate":"https:\/\/gojuteinternational.com\/es\/?s={search_term_string}"},"query-input":"required name=search_term_string"}],"inLanguage":"es"},{"@type":"Organization","@id":"https:\/\/gojuteinternational.com\/es\/#organization","name":"GoJute International","alternateName":"GoJute","url":"https:\/\/gojuteinternational.com\/es\/","logo":{"@type":"ImageObject","inLanguage":"es","@id":"https:\/\/gojuteinternational.com\/es\/#\/schema\/logo\/image\/","url":"https:\/\/gojuteinternational.com\/wp-content\/uploads\/2022\/06\/GoJute-Logo-RGB.png","contentUrl":"https:\/\/gojuteinternational.com\/wp-content\/uploads\/2022\/06\/GoJute-Logo-RGB.png","width":2000,"height":1809,"caption":"GoJute International"},"image":{"@id":"https:\/\/gojuteinternational.com\/es\/#\/schema\/logo\/image\/"},"sameAs":["https:\/\/www.facebook.com\/gojute","https:\/\/www.instagram.com\/gojute\/"]}]}},"_links":{"self":[{"href":"https:\/\/gojuteinternational.com\/es\/wp-json\/wp\/v2\/pages\/85323","targetHints":{"allow":["GET"]}}],"collection":[{"href":"https:\/\/gojuteinternational.com\/es\/wp-json\/wp\/v2\/pages"}],"about":[{"href":"https:\/\/gojuteinternational.com\/es\/wp-json\/wp\/v2\/types\/page"}],"author":[{"embeddable":true,"href":"https:\/\/gojuteinternational.com\/es\/wp-json\/wp\/v2\/users\/6996"}],"replies":[{"embeddable":true,"href":"https:\/\/gojuteinternational.com\/es\/wp-json\/wp\/v2\/comments?post=85323"}],"version-history":[{"count":7,"href":"https:\/\/gojuteinternational.com\/es\/wp-json\/wp\/v2\/pages\/85323\/revisions"}],"predecessor-version":[{"id":85876,"href":"https:\/\/gojuteinternational.com\/es\/wp-json\/wp\/v2\/pages\/85323\/revisions\/85876"}],"wp:featuredmedia":[{"embeddable":true,"href":"https:\/\/gojuteinternational.com\/es\/wp-json\/wp\/v2\/media\/85419"}],"wp:attachment":[{"href":"https:\/\/gojuteinternational.com\/es\/wp-json\/wp\/v2\/media?parent=85323"}],"curies":[{"name":"wp","href":"https:\/\/api.w.org\/{rel}","templated":true}]}}