{"id":85348,"date":"2025-02-11T13:22:17","date_gmt":"2025-02-11T12:22:17","guid":{"rendered":"https:\/\/gojuteinternational.com\/paper-bags-for-sustainable-packaging\/"},"modified":"2025-02-25T07:25:19","modified_gmt":"2025-02-25T06:25:19","slug":"paper-bags-for-sustainable-packaging","status":"publish","type":"page","link":"https:\/\/gojuteinternational.com\/es\/paper-bags-for-sustainable-packaging\/","title":{"rendered":"Bolsas de papel para envases sostenibles"},"content":{"rendered":"\t\t<div data-elementor-type=\"wp-page\" data-elementor-id=\"85348\" class=\"elementor elementor-85348 elementor-85342\" data-elementor-post-type=\"page\">\n\t\t\t\t\t\t\t\t\t<section class=\"elementor-section elementor-top-section elementor-element elementor-element-25a9ec8 elementor-section-boxed elementor-section-height-default elementor-section-height-default\" data-id=\"25a9ec8\" data-element_type=\"section\">\n\t\t\t\t\t\t<div class=\"elementor-container elementor-column-gap-default\">\n\t\t\t\t\t<div class=\"elementor-column elementor-col-100 elementor-top-column elementor-element elementor-element-9243577\" data-id=\"9243577\" data-element_type=\"column\">\n\t\t\t<div class=\"elementor-widget-wrap elementor-element-populated\">\n\t\t\t\t\t\t\t\t<div class=\"elementor-element elementor-element-3227b98 elementor-widget elementor-widget-spacer\" data-id=\"3227b98\" data-element_type=\"widget\" data-widget_type=\"spacer.default\">\n\t\t\t\t<div class=\"elementor-widget-container\">\n\t\t\t<style>\/*! elementor - v3.18.0 - 20-12-2023 *\/\n.elementor-column .elementor-spacer-inner{height:var(--spacer-size)}.e-con{--container-widget-width:100%}.e-con-inner>.elementor-widget-spacer,.e-con>.elementor-widget-spacer{width:var(--container-widget-width,var(--spacer-size));--align-self:var(--container-widget-align-self,initial);--flex-shrink:0}.e-con-inner>.elementor-widget-spacer>.elementor-widget-container,.e-con>.elementor-widget-spacer>.elementor-widget-container{height:100%;width:100%}.e-con-inner>.elementor-widget-spacer>.elementor-widget-container>.elementor-spacer,.e-con>.elementor-widget-spacer>.elementor-widget-container>.elementor-spacer{height:100%}.e-con-inner>.elementor-widget-spacer>.elementor-widget-container>.elementor-spacer>.elementor-spacer-inner,.e-con>.elementor-widget-spacer>.elementor-widget-container>.elementor-spacer>.elementor-spacer-inner{height:var(--container-widget-height,var(--spacer-size))}.e-con-inner>.elementor-widget-spacer.elementor-widget-empty,.e-con>.elementor-widget-spacer.elementor-widget-empty{position:relative;min-height:22px;min-width:22px}.e-con-inner>.elementor-widget-spacer.elementor-widget-empty .elementor-widget-empty-icon,.e-con>.elementor-widget-spacer.elementor-widget-empty .elementor-widget-empty-icon{position:absolute;top:0;bottom:0;left:0;right:0;margin:auto;padding:0;width:22px;height:22px}<\/style>\t\t<div class=\"elementor-spacer\">\n\t\t\t<div class=\"elementor-spacer-inner\"><\/div>\n\t\t<\/div>\n\t\t\t\t<\/div>\n\t\t\t\t<\/div>\n\t\t\t\t\t<\/div>\n\t\t<\/div>\n\t\t\t\t\t\t\t<\/div>\n\t\t<\/section>\n\t\t\t\t<section class=\"elementor-section elementor-top-section elementor-element elementor-element-daf8e95 elementor-section-boxed elementor-section-height-default elementor-section-height-default\" data-id=\"daf8e95\" data-element_type=\"section\">\n\t\t\t\t\t\t<div class=\"elementor-container elementor-column-gap-default\">\n\t\t\t\t\t<div class=\"elementor-column elementor-col-100 elementor-top-column elementor-element elementor-element-7807a0e\" data-id=\"7807a0e\" data-element_type=\"column\">\n\t\t\t<div class=\"elementor-widget-wrap elementor-element-populated\">\n\t\t\t\t\t\t\t\t<div class=\"elementor-element elementor-element-530da53 elementor-widget elementor-widget-heading\" data-id=\"530da53\" data-element_type=\"widget\" data-widget_type=\"heading.default\">\n\t\t\t\t<div class=\"elementor-widget-container\">\n\t\t\t<style>\/*! elementor - v3.18.0 - 20-12-2023 *\/\n.elementor-heading-title{padding:0;margin:0;line-height:1}.elementor-widget-heading .elementor-heading-title[class*=elementor-size-]>a{color:inherit;font-size:inherit;line-height:inherit}.elementor-widget-heading .elementor-heading-title.elementor-size-small{font-size:15px}.elementor-widget-heading .elementor-heading-title.elementor-size-medium{font-size:19px}.elementor-widget-heading .elementor-heading-title.elementor-size-large{font-size:29px}.elementor-widget-heading .elementor-heading-title.elementor-size-xl{font-size:39px}.elementor-widget-heading .elementor-heading-title.elementor-size-xxl{font-size:59px}<\/style><h1 class=\"elementor-heading-title elementor-size-default\">Bolsas de papel: La opci\u00f3n de envasado sencilla y sostenible\n\n\n<\/h1>\t\t<\/div>\n\t\t\t\t<\/div>\n\t\t\t\t\t<\/div>\n\t\t<\/div>\n\t\t\t\t\t\t\t<\/div>\n\t\t<\/section>\n\t\t\t\t<section class=\"elementor-section elementor-top-section elementor-element elementor-element-aa0f23a elementor-section-boxed elementor-section-height-default elementor-section-height-default\" data-id=\"aa0f23a\" data-element_type=\"section\">\n\t\t\t\t\t\t<div class=\"elementor-container elementor-column-gap-default\">\n\t\t\t\t\t<div class=\"elementor-column elementor-col-100 elementor-top-column elementor-element elementor-element-e456b5a\" data-id=\"e456b5a\" data-element_type=\"column\">\n\t\t\t<div class=\"elementor-widget-wrap elementor-element-populated\">\n\t\t\t\t\t\t\t\t<div class=\"elementor-element elementor-element-ae0f43e elementor-widget elementor-widget-text-editor\" data-id=\"ae0f43e\" data-element_type=\"widget\" data-widget_type=\"text-editor.default\">\n\t\t\t\t<div class=\"elementor-widget-container\">\n\t\t\t<style>\/*! elementor - v3.18.0 - 20-12-2023 *\/\n.elementor-widget-text-editor.elementor-drop-cap-view-stacked .elementor-drop-cap{background-color:#69727d;color:#fff}.elementor-widget-text-editor.elementor-drop-cap-view-framed .elementor-drop-cap{color:#69727d;border:3px solid;background-color:transparent}.elementor-widget-text-editor:not(.elementor-drop-cap-view-default) .elementor-drop-cap{margin-top:8px}.elementor-widget-text-editor:not(.elementor-drop-cap-view-default) .elementor-drop-cap-letter{width:1em;height:1em}.elementor-widget-text-editor .elementor-drop-cap{float:left;text-align:center;line-height:1;font-size:50px}.elementor-widget-text-editor .elementor-drop-cap-letter{display:inline-block}<\/style>\t\t\t\t<p>Las bolsas de papel han sido un pilar de los comercios y tiendas de comestibles durante d\u00e9cadas. En una \u00e9poca de creciente conciencia medioambiental, vuelven a estar en el candelero como alternativa sencilla y sostenible al pl\u00e1stico. Este art\u00edculo examina los tipos de bolsas de papel disponibles, sus credenciales ecol\u00f3gicas y c\u00f3mo sacarles el m\u00e1ximo partido, ya seas comprador o propietario de un negocio.  <\/p>\n<h2> <\/h2>\n<h2>Tipos de bolsas de papel<\/h2>\n<ul>\n<li>Bolsas de Papel Kraft: Hechas de pasta de madera, conocidas por su construcci\u00f3n resistente y su color marr\u00f3n natural.<\/li>\n<li>Bolsas de papel art\u00edsticas: Suelen tener un acabado de primera calidad, ideal para marcas de lujo o para envolver regalos.<\/li>\n<li>Bolsas de papel reciclado: Incorporan residuos postconsumo, reduciendo la necesidad de materiales v\u00edrgenes.<\/li>\n<\/ul>\n<\/p>\n<h2>\u00bfPor qu\u00e9 elegir papel?<\/h2>\n<ul>\n<li>Reciclables y biodegradables: Las bolsas de papel se pueden reciclar o incluso compostar, dependiendo de las instalaciones locales.<\/li>\n<li>Amigable con la marca: La superficie es f\u00e1cil de imprimir y ofrece un impacto visual de alta calidad.<\/li>\n<li>Confianza del consumidor: Muchos clientes ven los envases de papel como una opci\u00f3n m\u00e1s ecol\u00f3gica, lo que refuerza la imagen de marca.<\/li>\n<\/ul>\n<\/p>\n<h2>Factores de sostenibilidad<\/h2>\n<ul>\n<li>Certificaci\u00f3n FSC: Busca etiquetas del Consejo de Administraci\u00f3n Forestal (FSC) para asegurarte de que el papel procede de fuentes responsables.<\/li>\n<li>Contenido reciclado: Optar por papel reciclado reduce la presi\u00f3n sobre los bosques y los vertederos.<\/li>\n<li>Usos m\u00faltiples: Anima a los clientes a reutilizar las bolsas de papel antes de reciclarlas para maximizar su vida \u00fatil.<\/li>\n<\/ul>\n<\/p>\n<h2>Personalizaci\u00f3n y dise\u00f1o<\/h2>\n<ul>\n<li>Impresi\u00f3n de logotipos: Desde logotipos minimalistas hasta dise\u00f1os vibrantes a todo color, el papel se adapta a toda una gama de opciones de marca.<\/li>\n<li>Tipos de asas: Las asas de papel retorcido, las asas planas, las asas de cuerda o las formas troqueladas pueden encajar con la est\u00e9tica de tu marca.<\/li>\n<li>Acabados: Los laminados mates o brillantes, el estampado o los UV puntuales pueden a\u00f1adir un aspecto de primera calidad, pero ten en cuenta la reciclabilidad de esos complementos.<\/li>\n<\/ul>\n<\/p>\n<h2>Cuidado de las bolsas de papel<\/h2>\n<ul>\n<li>Reutiliza cuando sea posible: Refuerza las asas o las esquinas con cinta adhesiva si empiezan a desgastarse.<\/li>\n<li>Gu\u00e1rdalos planos: Evita los pliegues y roturas apil\u00e1ndolos ordenadamente en un espacio seco.<\/li>\n<li>Recicla correctamente: Aseg\u00farate de quitar todas las cintas o etiquetas de pl\u00e1stico antes de tirar la bolsa al contenedor de reciclaje.<\/li>\n<\/ul>\n<\/p>\n<h2>Conclusi\u00f3n<\/h2>\n<p>Las bolsas de papel son una forma sencilla pero eficaz de reducir los residuos pl\u00e1sticos. Tanto si eres un minorista que desea una soluci\u00f3n de envasado ecol\u00f3gica como un consumidor que quiere minimizar su impacto medioambiental, las bolsas de papel ofrecen funcionalidad y sostenibilidad. Con un dise\u00f1o bien pensado y un abastecimiento responsable, las bolsas de papel pueden ser una parte fiable -y ecol\u00f3gica- de tu vida cotidiana.  <\/p><\/p>\n\t\t\t\t\t\t<\/div>\n\t\t\t\t<\/div>\n\t\t\t\t\t<\/div>\n\t\t<\/div>\n\t\t\t\t\t\t\t<\/div>\n\t\t<\/section>\n\t\t\t\t\t\t\t<\/div>\n\t\t","protected":false},"excerpt":{"rendered":"<p>Bolsas de papel: La opci\u00f3n de envasado sencilla y sostenible Las bolsas de papel han sido un pilar de los comercios y tiendas de comestibles durante d\u00e9cadas. En una \u00e9poca de creciente conciencia medioambiental, vuelven a estar en el candelero como alternativa sencilla y sostenible al pl\u00e1stico. Este art\u00edculo examina los tipos de bolsas de [&hellip;]<\/p>\n","protected":false},"author":6996,"featured_media":0,"parent":0,"menu_order":0,"comment_status":"closed","ping_status":"closed","template":"elementor_header_footer","meta":{"content-type":"","_monsterinsights_skip_tracking":false,"_monsterinsights_sitenote_active":false,"_monsterinsights_sitenote_note":"","_monsterinsights_sitenote_category":0,"footnotes":""},"class_list":["post-85348","page","type-page","status-publish","hentry"],"yoast_head":"<!-- This site is optimized with the Yoast SEO plugin v21.7 - https:\/\/yoast.com\/wordpress\/plugins\/seo\/ -->\n<title>Bolsas de papel: Una soluci\u00f3n de embalaje sencilla y sostenible<\/title>\n<meta name=\"description\" content=\"Descubra c\u00f3mo las bolsas de papel son reciclables, biodegradables y f\u00e1ciles de personalizar. Compara tipos, descubre certificaciones ecol\u00f3gicas y aprende trucos de reutilizaci\u00f3n.\" \/>\n<meta name=\"robots\" content=\"index, follow, max-snippet:-1, max-image-preview:large, max-video-preview:-1\" \/>\n<link rel=\"canonical\" href=\"https:\/\/gojuteinternational.com\/es\/paper-bags-for-sustainable-packaging\/\" \/>\n<meta property=\"og:locale\" content=\"es_ES\" \/>\n<meta property=\"og:type\" content=\"article\" \/>\n<meta property=\"og:title\" content=\"Bolsas de papel: Una soluci\u00f3n de embalaje sencilla y sostenible\" \/>\n<meta property=\"og:description\" content=\"Descubra c\u00f3mo las bolsas de papel son reciclables, biodegradables y f\u00e1ciles de personalizar. Compara tipos, descubre certificaciones ecol\u00f3gicas y aprende trucos de reutilizaci\u00f3n.\" \/>\n<meta property=\"og:url\" content=\"https:\/\/gojuteinternational.com\/es\/paper-bags-for-sustainable-packaging\/\" \/>\n<meta property=\"og:site_name\" content=\"GoJute International\" \/>\n<meta property=\"article:publisher\" content=\"https:\/\/www.facebook.com\/gojute\" \/>\n<meta property=\"article:modified_time\" content=\"2025-02-25T06:25:19+00:00\" \/>\n<meta name=\"twitter:card\" content=\"summary_large_image\" \/>\n<meta name=\"twitter:label1\" content=\"Tiempo de lectura\" \/>\n\t<meta name=\"twitter:data1\" content=\"2 minutos\" \/>\n<script type=\"application\/ld+json\" class=\"yoast-schema-graph\">{\"@context\":\"https:\/\/schema.org\",\"@graph\":[{\"@type\":\"WebPage\",\"@id\":\"https:\/\/gojuteinternational.com\/es\/paper-bags-for-sustainable-packaging\/\",\"url\":\"https:\/\/gojuteinternational.com\/es\/paper-bags-for-sustainable-packaging\/\",\"name\":\"Bolsas de papel: Una soluci\u00f3n de embalaje sencilla y sostenible\",\"isPartOf\":{\"@id\":\"https:\/\/gojuteinternational.com\/es\/#website\"},\"datePublished\":\"2025-02-11T12:22:17+00:00\",\"dateModified\":\"2025-02-25T06:25:19+00:00\",\"description\":\"Descubra c\u00f3mo las bolsas de papel son reciclables, biodegradables y f\u00e1ciles de personalizar. Compara tipos, descubre certificaciones ecol\u00f3gicas y aprende trucos de reutilizaci\u00f3n.\",\"breadcrumb\":{\"@id\":\"https:\/\/gojuteinternational.com\/es\/paper-bags-for-sustainable-packaging\/#breadcrumb\"},\"inLanguage\":\"es\",\"potentialAction\":[{\"@type\":\"ReadAction\",\"target\":[\"https:\/\/gojuteinternational.com\/es\/paper-bags-for-sustainable-packaging\/\"]}]},{\"@type\":\"BreadcrumbList\",\"@id\":\"https:\/\/gojuteinternational.com\/es\/paper-bags-for-sustainable-packaging\/#breadcrumb\",\"itemListElement\":[{\"@type\":\"ListItem\",\"position\":1,\"name\":\"Home\",\"item\":\"https:\/\/gojuteinternational.com\/es\/\"},{\"@type\":\"ListItem\",\"position\":2,\"name\":\"Bolsas de papel para envases sostenibles\"}]},{\"@type\":\"WebSite\",\"@id\":\"https:\/\/gojuteinternational.com\/es\/#website\",\"url\":\"https:\/\/gojuteinternational.com\/es\/\",\"name\":\"GoJute International\",\"description\":\"Printed bags for business\",\"publisher\":{\"@id\":\"https:\/\/gojuteinternational.com\/es\/#organization\"},\"alternateName\":\"GoJute\",\"potentialAction\":[{\"@type\":\"SearchAction\",\"target\":{\"@type\":\"EntryPoint\",\"urlTemplate\":\"https:\/\/gojuteinternational.com\/es\/?s={search_term_string}\"},\"query-input\":\"required name=search_term_string\"}],\"inLanguage\":\"es\"},{\"@type\":\"Organization\",\"@id\":\"https:\/\/gojuteinternational.com\/es\/#organization\",\"name\":\"GoJute International\",\"alternateName\":\"GoJute\",\"url\":\"https:\/\/gojuteinternational.com\/es\/\",\"logo\":{\"@type\":\"ImageObject\",\"inLanguage\":\"es\",\"@id\":\"https:\/\/gojuteinternational.com\/es\/#\/schema\/logo\/image\/\",\"url\":\"https:\/\/gojuteinternational.com\/wp-content\/uploads\/2022\/06\/GoJute-Logo-RGB.png\",\"contentUrl\":\"https:\/\/gojuteinternational.com\/wp-content\/uploads\/2022\/06\/GoJute-Logo-RGB.png\",\"width\":2000,\"height\":1809,\"caption\":\"GoJute International\"},\"image\":{\"@id\":\"https:\/\/gojuteinternational.com\/es\/#\/schema\/logo\/image\/\"},\"sameAs\":[\"https:\/\/www.facebook.com\/gojute\",\"https:\/\/www.instagram.com\/gojute\/\"]}]}<\/script>\n<!-- \/ Yoast SEO plugin. -->","yoast_head_json":{"title":"Bolsas de papel: Una soluci\u00f3n de embalaje sencilla y sostenible","description":"Descubra c\u00f3mo las bolsas de papel son reciclables, biodegradables y f\u00e1ciles de personalizar. Compara tipos, descubre certificaciones ecol\u00f3gicas y aprende trucos de reutilizaci\u00f3n.","robots":{"index":"index","follow":"follow","max-snippet":"max-snippet:-1","max-image-preview":"max-image-preview:large","max-video-preview":"max-video-preview:-1"},"canonical":"https:\/\/gojuteinternational.com\/es\/paper-bags-for-sustainable-packaging\/","og_locale":"es_ES","og_type":"article","og_title":"Bolsas de papel: Una soluci\u00f3n de embalaje sencilla y sostenible","og_description":"Descubra c\u00f3mo las bolsas de papel son reciclables, biodegradables y f\u00e1ciles de personalizar. Compara tipos, descubre certificaciones ecol\u00f3gicas y aprende trucos de reutilizaci\u00f3n.","og_url":"https:\/\/gojuteinternational.com\/es\/paper-bags-for-sustainable-packaging\/","og_site_name":"GoJute International","article_publisher":"https:\/\/www.facebook.com\/gojute","article_modified_time":"2025-02-25T06:25:19+00:00","twitter_card":"summary_large_image","twitter_misc":{"Tiempo de lectura":"2 minutos"},"schema":{"@context":"https:\/\/schema.org","@graph":[{"@type":"WebPage","@id":"https:\/\/gojuteinternational.com\/es\/paper-bags-for-sustainable-packaging\/","url":"https:\/\/gojuteinternational.com\/es\/paper-bags-for-sustainable-packaging\/","name":"Bolsas de papel: Una soluci\u00f3n de embalaje sencilla y sostenible","isPartOf":{"@id":"https:\/\/gojuteinternational.com\/es\/#website"},"datePublished":"2025-02-11T12:22:17+00:00","dateModified":"2025-02-25T06:25:19+00:00","description":"Descubra c\u00f3mo las bolsas de papel son reciclables, biodegradables y f\u00e1ciles de personalizar. Compara tipos, descubre certificaciones ecol\u00f3gicas y aprende trucos de reutilizaci\u00f3n.","breadcrumb":{"@id":"https:\/\/gojuteinternational.com\/es\/paper-bags-for-sustainable-packaging\/#breadcrumb"},"inLanguage":"es","potentialAction":[{"@type":"ReadAction","target":["https:\/\/gojuteinternational.com\/es\/paper-bags-for-sustainable-packaging\/"]}]},{"@type":"BreadcrumbList","@id":"https:\/\/gojuteinternational.com\/es\/paper-bags-for-sustainable-packaging\/#breadcrumb","itemListElement":[{"@type":"ListItem","position":1,"name":"Home","item":"https:\/\/gojuteinternational.com\/es\/"},{"@type":"ListItem","position":2,"name":"Bolsas de papel para envases sostenibles"}]},{"@type":"WebSite","@id":"https:\/\/gojuteinternational.com\/es\/#website","url":"https:\/\/gojuteinternational.com\/es\/","name":"GoJute International","description":"Printed bags for business","publisher":{"@id":"https:\/\/gojuteinternational.com\/es\/#organization"},"alternateName":"GoJute","potentialAction":[{"@type":"SearchAction","target":{"@type":"EntryPoint","urlTemplate":"https:\/\/gojuteinternational.com\/es\/?s={search_term_string}"},"query-input":"required name=search_term_string"}],"inLanguage":"es"},{"@type":"Organization","@id":"https:\/\/gojuteinternational.com\/es\/#organization","name":"GoJute International","alternateName":"GoJute","url":"https:\/\/gojuteinternational.com\/es\/","logo":{"@type":"ImageObject","inLanguage":"es","@id":"https:\/\/gojuteinternational.com\/es\/#\/schema\/logo\/image\/","url":"https:\/\/gojuteinternational.com\/wp-content\/uploads\/2022\/06\/GoJute-Logo-RGB.png","contentUrl":"https:\/\/gojuteinternational.com\/wp-content\/uploads\/2022\/06\/GoJute-Logo-RGB.png","width":2000,"height":1809,"caption":"GoJute International"},"image":{"@id":"https:\/\/gojuteinternational.com\/es\/#\/schema\/logo\/image\/"},"sameAs":["https:\/\/www.facebook.com\/gojute","https:\/\/www.instagram.com\/gojute\/"]}]}},"_links":{"self":[{"href":"https:\/\/gojuteinternational.com\/es\/wp-json\/wp\/v2\/pages\/85348","targetHints":{"allow":["GET"]}}],"collection":[{"href":"https:\/\/gojuteinternational.com\/es\/wp-json\/wp\/v2\/pages"}],"about":[{"href":"https:\/\/gojuteinternational.com\/es\/wp-json\/wp\/v2\/types\/page"}],"author":[{"embeddable":true,"href":"https:\/\/gojuteinternational.com\/es\/wp-json\/wp\/v2\/users\/6996"}],"replies":[{"embeddable":true,"href":"https:\/\/gojuteinternational.com\/es\/wp-json\/wp\/v2\/comments?post=85348"}],"version-history":[{"count":3,"href":"https:\/\/gojuteinternational.com\/es\/wp-json\/wp\/v2\/pages\/85348\/revisions"}],"predecessor-version":[{"id":86107,"href":"https:\/\/gojuteinternational.com\/es\/wp-json\/wp\/v2\/pages\/85348\/revisions\/86107"}],"wp:attachment":[{"href":"https:\/\/gojuteinternational.com\/es\/wp-json\/wp\/v2\/media?parent=85348"}],"curies":[{"name":"wp","href":"https:\/\/api.w.org\/{rel}","templated":true}]}}