{"id":85355,"date":"2025-02-11T13:25:04","date_gmt":"2025-02-11T12:25:04","guid":{"rendered":"https:\/\/gojuteinternational.com\/budget-friendly-non-woven-pp-bags\/"},"modified":"2025-02-25T06:59:10","modified_gmt":"2025-02-25T05:59:10","slug":"budget-friendly-non-woven-pp-bags","status":"publish","type":"page","link":"https:\/\/gojuteinternational.com\/es\/budget-friendly-non-woven-pp-bags\/","title":{"rendered":"Bolsas de PP no tejidas econ\u00f3micas"},"content":{"rendered":"\t\t<div data-elementor-type=\"wp-page\" data-elementor-id=\"85355\" class=\"elementor elementor-85355 elementor-85353\" data-elementor-post-type=\"page\">\n\t\t\t\t\t\t\t\t\t<section class=\"elementor-section elementor-top-section elementor-element elementor-element-f3bc466 elementor-section-boxed elementor-section-height-default elementor-section-height-default\" data-id=\"f3bc466\" data-element_type=\"section\">\n\t\t\t\t\t\t<div class=\"elementor-container elementor-column-gap-default\">\n\t\t\t\t\t<div class=\"elementor-column elementor-col-100 elementor-top-column elementor-element elementor-element-3bd29c4\" data-id=\"3bd29c4\" data-element_type=\"column\">\n\t\t\t<div class=\"elementor-widget-wrap elementor-element-populated\">\n\t\t\t\t\t\t\t\t<div class=\"elementor-element elementor-element-90eb02b elementor-widget elementor-widget-spacer\" data-id=\"90eb02b\" data-element_type=\"widget\" data-widget_type=\"spacer.default\">\n\t\t\t\t<div class=\"elementor-widget-container\">\n\t\t\t<style>\/*! elementor - v3.18.0 - 20-12-2023 *\/\n.elementor-column .elementor-spacer-inner{height:var(--spacer-size)}.e-con{--container-widget-width:100%}.e-con-inner>.elementor-widget-spacer,.e-con>.elementor-widget-spacer{width:var(--container-widget-width,var(--spacer-size));--align-self:var(--container-widget-align-self,initial);--flex-shrink:0}.e-con-inner>.elementor-widget-spacer>.elementor-widget-container,.e-con>.elementor-widget-spacer>.elementor-widget-container{height:100%;width:100%}.e-con-inner>.elementor-widget-spacer>.elementor-widget-container>.elementor-spacer,.e-con>.elementor-widget-spacer>.elementor-widget-container>.elementor-spacer{height:100%}.e-con-inner>.elementor-widget-spacer>.elementor-widget-container>.elementor-spacer>.elementor-spacer-inner,.e-con>.elementor-widget-spacer>.elementor-widget-container>.elementor-spacer>.elementor-spacer-inner{height:var(--container-widget-height,var(--spacer-size))}.e-con-inner>.elementor-widget-spacer.elementor-widget-empty,.e-con>.elementor-widget-spacer.elementor-widget-empty{position:relative;min-height:22px;min-width:22px}.e-con-inner>.elementor-widget-spacer.elementor-widget-empty .elementor-widget-empty-icon,.e-con>.elementor-widget-spacer.elementor-widget-empty .elementor-widget-empty-icon{position:absolute;top:0;bottom:0;left:0;right:0;margin:auto;padding:0;width:22px;height:22px}<\/style>\t\t<div class=\"elementor-spacer\">\n\t\t\t<div class=\"elementor-spacer-inner\"><\/div>\n\t\t<\/div>\n\t\t\t\t<\/div>\n\t\t\t\t<\/div>\n\t\t\t\t\t<\/div>\n\t\t<\/div>\n\t\t\t\t\t\t\t<\/div>\n\t\t<\/section>\n\t\t\t\t<section class=\"elementor-section elementor-top-section elementor-element elementor-element-0be93f9 elementor-section-boxed elementor-section-height-default elementor-section-height-default\" data-id=\"0be93f9\" data-element_type=\"section\">\n\t\t\t\t\t\t<div class=\"elementor-container elementor-column-gap-default\">\n\t\t\t\t\t<div class=\"elementor-column elementor-col-100 elementor-top-column elementor-element elementor-element-dd37c0a\" data-id=\"dd37c0a\" data-element_type=\"column\">\n\t\t\t<div class=\"elementor-widget-wrap elementor-element-populated\">\n\t\t\t\t\t\t\t\t<div class=\"elementor-element elementor-element-89df2b4 elementor-widget elementor-widget-heading\" data-id=\"89df2b4\" data-element_type=\"widget\" data-widget_type=\"heading.default\">\n\t\t\t\t<div class=\"elementor-widget-container\">\n\t\t\t<style>\/*! elementor - v3.18.0 - 20-12-2023 *\/\n.elementor-heading-title{padding:0;margin:0;line-height:1}.elementor-widget-heading .elementor-heading-title[class*=elementor-size-]>a{color:inherit;font-size:inherit;line-height:inherit}.elementor-widget-heading .elementor-heading-title.elementor-size-small{font-size:15px}.elementor-widget-heading .elementor-heading-title.elementor-size-medium{font-size:19px}.elementor-widget-heading .elementor-heading-title.elementor-size-large{font-size:29px}.elementor-widget-heading .elementor-heading-title.elementor-size-xl{font-size:39px}.elementor-widget-heading .elementor-heading-title.elementor-size-xxl{font-size:59px}<\/style><h1 class=\"elementor-heading-title elementor-size-default\">Bolsas de PP no tejidas econ\u00f3micas<\/h1>\t\t<\/div>\n\t\t\t\t<\/div>\n\t\t\t\t\t<\/div>\n\t\t<\/div>\n\t\t\t\t\t\t\t<\/div>\n\t\t<\/section>\n\t\t\t\t<section class=\"elementor-section elementor-top-section elementor-element elementor-element-bccab6a elementor-section-boxed elementor-section-height-default elementor-section-height-default\" data-id=\"bccab6a\" data-element_type=\"section\">\n\t\t\t\t\t\t<div class=\"elementor-container elementor-column-gap-default\">\n\t\t\t\t\t<div class=\"elementor-column elementor-col-100 elementor-top-column elementor-element elementor-element-a702952\" data-id=\"a702952\" data-element_type=\"column\">\n\t\t\t<div class=\"elementor-widget-wrap elementor-element-populated\">\n\t\t\t\t\t\t\t\t<div class=\"elementor-element elementor-element-9291601 elementor-widget elementor-widget-text-editor\" data-id=\"9291601\" data-element_type=\"widget\" data-widget_type=\"text-editor.default\">\n\t\t\t\t<div class=\"elementor-widget-container\">\n\t\t\t<style>\/*! elementor - v3.18.0 - 20-12-2023 *\/\n.elementor-widget-text-editor.elementor-drop-cap-view-stacked .elementor-drop-cap{background-color:#69727d;color:#fff}.elementor-widget-text-editor.elementor-drop-cap-view-framed .elementor-drop-cap{color:#69727d;border:3px solid;background-color:transparent}.elementor-widget-text-editor:not(.elementor-drop-cap-view-default) .elementor-drop-cap{margin-top:8px}.elementor-widget-text-editor:not(.elementor-drop-cap-view-default) .elementor-drop-cap-letter{width:1em;height:1em}.elementor-widget-text-editor .elementor-drop-cap{float:left;text-align:center;line-height:1;font-size:50px}.elementor-widget-text-editor .elementor-drop-cap-letter{display:inline-block}<\/style>\t\t\t\t<p>Para las empresas y los particulares que buscan una alternativa rentable al pl\u00e1stico de un solo uso, las bolsas de polipropileno (PP) no tejido se han convertido en una opci\u00f3n popular. Estas bolsas ligeras pero duraderas son perfectas para todo, desde la compra hasta los regalos de empresa. En este art\u00edculo exploraremos qu\u00e9 es el PP no tejido, por qu\u00e9 es una opci\u00f3n m\u00e1s ecol\u00f3gica que el pl\u00e1stico desechable y c\u00f3mo prolongar su uso.  <\/p>\n<h2> <\/h2>\n<h2>\u00bfQu\u00e9 es el polipropileno no tejido?<\/h2>\n<p>A diferencia de los tejidos, los materiales no tejidos se fabrican uniendo fibras de polipropileno -mec\u00e1nica, qu\u00edmica o t\u00e9rmicamente-, lo que da lugar a una l\u00e1mina similar a un tejido. Este proceso utiliza menos material y energ\u00eda que la creaci\u00f3n de tejidos, lo que convierte al PP no tejido en una opci\u00f3n econ\u00f3mica y producible en masa. <\/p>\n<\/p>\n<h3>Caracter\u00edsticas principales<\/h3>\n<ul>\n<li>Ligera: F\u00e1cil de transportar y plegar para guardarla.<\/li>\n<li>Resistente al agua: Ideal para comestibles mojados o condiciones de humedad.<\/li>\n<li>Asequibles: Ideal para grandes campa\u00f1as promocionales o eventos en los que se necesita un gran volumen de bolsas.<\/li>\n<\/ul>\n<\/p>\n<h2>Ventajas medioambientales (en comparaci\u00f3n con los pl\u00e1sticos de un solo uso)<\/h2>\n<ul>\n<li>Reutilizables: Aunque el PP no tejido sigue siendo pl\u00e1stico, est\u00e1 dise\u00f1ado para un uso repetido, lo que reduce el n\u00famero de bolsas desechables que acaban en los vertederos.<\/li>\n<li>Menor impacto de la fabricaci\u00f3n: La producci\u00f3n de PP no tejido suele consumir menos energ\u00eda que la fabricaci\u00f3n de tejidos tradicionales.<\/li>\n<li>Potencial de reciclaje: Algunas instalaciones de reciclaje pueden procesar polipropileno, aunque la disponibilidad var\u00eda seg\u00fan la regi\u00f3n.<\/li>\n<\/ul>\n<\/p>\n<h2>Usos ideales de las bolsas de PP no tejido<\/h2>\n<ul>\n<li>Regalos promocionales: Como son rentables, las bolsas de PP no tejido se distribuyen a menudo en ferias y eventos.<\/li>\n<li>Compras cotidianas: Su ligereza las hace c\u00f3modas para hacer recados r\u00e1pidos.<\/li>\n<li>Almacenamiento y organizaci\u00f3n: Gu\u00e1rdalos en casa para organizar objetos en armarios o despensas.<\/li>\n<\/ul>\n<\/p>\n<h2>Cuidado y mantenimiento<\/h2>\n<ul>\n<li>L\u00edmpiala con regularidad: Utiliza un pa\u00f1o h\u00famedo o un jab\u00f3n suave para limpiar la superficie.<\/li>\n<li>S\u00e9cala completamente al aire: Evita el moho asegur\u00e1ndote de que la bolsa est\u00e9 completamente seca antes de guardarla.<\/li>\n<li>Evita la sobrecarga: Aunque duraderas, las costuras pueden desgarrarse con un peso excesivo.<\/li>\n<\/ul>\n<\/p>\n<h2>Conclusi\u00f3n<\/h2>\n<p>Las bolsas de polipropileno no tejido logran un equilibrio entre asequibilidad y sostenibilidad. Aunque no son tan biodegradables como las fibras naturales como el yute o el algod\u00f3n, su reutilizaci\u00f3n las convierte en una mejora respecto a los pl\u00e1sticos de un solo uso. Con el cuidado adecuado, estas bolsas pueden resistir un uso repetido, lo que las convierte en una opci\u00f3n pr\u00e1ctica tanto para las empresas como para los consumidores cotidianos.  <\/p><\/p>\n\t\t\t\t\t\t<\/div>\n\t\t\t\t<\/div>\n\t\t\t\t\t<\/div>\n\t\t<\/div>\n\t\t\t\t\t\t\t<\/div>\n\t\t<\/section>\n\t\t\t\t\t\t\t<\/div>\n\t\t","protected":false},"excerpt":{"rendered":"<p>Bolsas de PP no tejidas econ\u00f3micas Para las empresas y los particulares que buscan una alternativa rentable al pl\u00e1stico de un solo uso, las bolsas de polipropileno (PP) no tejido se han convertido en una opci\u00f3n popular. Estas bolsas ligeras pero duraderas son perfectas para todo, desde la compra hasta los regalos de empresa. En [&hellip;]<\/p>\n","protected":false},"author":6996,"featured_media":0,"parent":0,"menu_order":0,"comment_status":"closed","ping_status":"closed","template":"elementor_header_footer","meta":{"content-type":"","_monsterinsights_skip_tracking":false,"_monsterinsights_sitenote_active":false,"_monsterinsights_sitenote_note":"","_monsterinsights_sitenote_category":0,"footnotes":""},"class_list":["post-85355","page","type-page","status-publish","hentry"],"yoast_head":"<!-- This site is optimized with the Yoast SEO plugin v21.7 - https:\/\/yoast.com\/wordpress\/plugins\/seo\/ -->\n<title>Bolsas de PP no tejidas: La opci\u00f3n reutilizable m\u00e1s econ\u00f3mica<\/title>\n<meta name=\"description\" content=\"Descubre c\u00f3mo las bolsas de polipropileno no tejido combaten los residuos pl\u00e1sticos con un presupuesto ajustado. Inf\u00f3rmate sobre sus caracter\u00edsticas, usos ideales y recomendaciones de cuidado.\" \/>\n<meta name=\"robots\" content=\"index, follow, max-snippet:-1, max-image-preview:large, max-video-preview:-1\" \/>\n<link rel=\"canonical\" href=\"https:\/\/gojuteinternational.com\/es\/budget-friendly-non-woven-pp-bags\/\" \/>\n<meta property=\"og:locale\" content=\"es_ES\" \/>\n<meta property=\"og:type\" content=\"article\" \/>\n<meta property=\"og:title\" content=\"Bolsas de PP no tejidas: La opci\u00f3n reutilizable m\u00e1s econ\u00f3mica\" \/>\n<meta property=\"og:description\" content=\"Descubre c\u00f3mo las bolsas de polipropileno no tejido combaten los residuos pl\u00e1sticos con un presupuesto ajustado. Inf\u00f3rmate sobre sus caracter\u00edsticas, usos ideales y recomendaciones de cuidado.\" \/>\n<meta property=\"og:url\" content=\"https:\/\/gojuteinternational.com\/es\/budget-friendly-non-woven-pp-bags\/\" \/>\n<meta property=\"og:site_name\" content=\"GoJute International\" \/>\n<meta property=\"article:publisher\" content=\"https:\/\/www.facebook.com\/gojute\" \/>\n<meta property=\"article:modified_time\" content=\"2025-02-25T05:59:10+00:00\" \/>\n<meta name=\"twitter:card\" content=\"summary_large_image\" \/>\n<meta name=\"twitter:label1\" content=\"Tiempo de lectura\" \/>\n\t<meta name=\"twitter:data1\" content=\"2 minutos\" \/>\n<script type=\"application\/ld+json\" class=\"yoast-schema-graph\">{\"@context\":\"https:\/\/schema.org\",\"@graph\":[{\"@type\":\"WebPage\",\"@id\":\"https:\/\/gojuteinternational.com\/es\/budget-friendly-non-woven-pp-bags\/\",\"url\":\"https:\/\/gojuteinternational.com\/es\/budget-friendly-non-woven-pp-bags\/\",\"name\":\"Bolsas de PP no tejidas: La opci\u00f3n reutilizable m\u00e1s econ\u00f3mica\",\"isPartOf\":{\"@id\":\"https:\/\/gojuteinternational.com\/es\/#website\"},\"datePublished\":\"2025-02-11T12:25:04+00:00\",\"dateModified\":\"2025-02-25T05:59:10+00:00\",\"description\":\"Descubre c\u00f3mo las bolsas de polipropileno no tejido combaten los residuos pl\u00e1sticos con un presupuesto ajustado. Inf\u00f3rmate sobre sus caracter\u00edsticas, usos ideales y recomendaciones de cuidado.\",\"breadcrumb\":{\"@id\":\"https:\/\/gojuteinternational.com\/es\/budget-friendly-non-woven-pp-bags\/#breadcrumb\"},\"inLanguage\":\"es\",\"potentialAction\":[{\"@type\":\"ReadAction\",\"target\":[\"https:\/\/gojuteinternational.com\/es\/budget-friendly-non-woven-pp-bags\/\"]}]},{\"@type\":\"BreadcrumbList\",\"@id\":\"https:\/\/gojuteinternational.com\/es\/budget-friendly-non-woven-pp-bags\/#breadcrumb\",\"itemListElement\":[{\"@type\":\"ListItem\",\"position\":1,\"name\":\"Home\",\"item\":\"https:\/\/gojuteinternational.com\/es\/\"},{\"@type\":\"ListItem\",\"position\":2,\"name\":\"Bolsas de PP no tejidas econ\u00f3micas\"}]},{\"@type\":\"WebSite\",\"@id\":\"https:\/\/gojuteinternational.com\/es\/#website\",\"url\":\"https:\/\/gojuteinternational.com\/es\/\",\"name\":\"GoJute International\",\"description\":\"Printed bags for business\",\"publisher\":{\"@id\":\"https:\/\/gojuteinternational.com\/es\/#organization\"},\"alternateName\":\"GoJute\",\"potentialAction\":[{\"@type\":\"SearchAction\",\"target\":{\"@type\":\"EntryPoint\",\"urlTemplate\":\"https:\/\/gojuteinternational.com\/es\/?s={search_term_string}\"},\"query-input\":\"required name=search_term_string\"}],\"inLanguage\":\"es\"},{\"@type\":\"Organization\",\"@id\":\"https:\/\/gojuteinternational.com\/es\/#organization\",\"name\":\"GoJute International\",\"alternateName\":\"GoJute\",\"url\":\"https:\/\/gojuteinternational.com\/es\/\",\"logo\":{\"@type\":\"ImageObject\",\"inLanguage\":\"es\",\"@id\":\"https:\/\/gojuteinternational.com\/es\/#\/schema\/logo\/image\/\",\"url\":\"https:\/\/gojuteinternational.com\/wp-content\/uploads\/2022\/06\/GoJute-Logo-RGB.png\",\"contentUrl\":\"https:\/\/gojuteinternational.com\/wp-content\/uploads\/2022\/06\/GoJute-Logo-RGB.png\",\"width\":2000,\"height\":1809,\"caption\":\"GoJute International\"},\"image\":{\"@id\":\"https:\/\/gojuteinternational.com\/es\/#\/schema\/logo\/image\/\"},\"sameAs\":[\"https:\/\/www.facebook.com\/gojute\",\"https:\/\/www.instagram.com\/gojute\/\"]}]}<\/script>\n<!-- \/ Yoast SEO plugin. -->","yoast_head_json":{"title":"Bolsas de PP no tejidas: La opci\u00f3n reutilizable m\u00e1s econ\u00f3mica","description":"Descubre c\u00f3mo las bolsas de polipropileno no tejido combaten los residuos pl\u00e1sticos con un presupuesto ajustado. Inf\u00f3rmate sobre sus caracter\u00edsticas, usos ideales y recomendaciones de cuidado.","robots":{"index":"index","follow":"follow","max-snippet":"max-snippet:-1","max-image-preview":"max-image-preview:large","max-video-preview":"max-video-preview:-1"},"canonical":"https:\/\/gojuteinternational.com\/es\/budget-friendly-non-woven-pp-bags\/","og_locale":"es_ES","og_type":"article","og_title":"Bolsas de PP no tejidas: La opci\u00f3n reutilizable m\u00e1s econ\u00f3mica","og_description":"Descubre c\u00f3mo las bolsas de polipropileno no tejido combaten los residuos pl\u00e1sticos con un presupuesto ajustado. Inf\u00f3rmate sobre sus caracter\u00edsticas, usos ideales y recomendaciones de cuidado.","og_url":"https:\/\/gojuteinternational.com\/es\/budget-friendly-non-woven-pp-bags\/","og_site_name":"GoJute International","article_publisher":"https:\/\/www.facebook.com\/gojute","article_modified_time":"2025-02-25T05:59:10+00:00","twitter_card":"summary_large_image","twitter_misc":{"Tiempo de lectura":"2 minutos"},"schema":{"@context":"https:\/\/schema.org","@graph":[{"@type":"WebPage","@id":"https:\/\/gojuteinternational.com\/es\/budget-friendly-non-woven-pp-bags\/","url":"https:\/\/gojuteinternational.com\/es\/budget-friendly-non-woven-pp-bags\/","name":"Bolsas de PP no tejidas: La opci\u00f3n reutilizable m\u00e1s econ\u00f3mica","isPartOf":{"@id":"https:\/\/gojuteinternational.com\/es\/#website"},"datePublished":"2025-02-11T12:25:04+00:00","dateModified":"2025-02-25T05:59:10+00:00","description":"Descubre c\u00f3mo las bolsas de polipropileno no tejido combaten los residuos pl\u00e1sticos con un presupuesto ajustado. Inf\u00f3rmate sobre sus caracter\u00edsticas, usos ideales y recomendaciones de cuidado.","breadcrumb":{"@id":"https:\/\/gojuteinternational.com\/es\/budget-friendly-non-woven-pp-bags\/#breadcrumb"},"inLanguage":"es","potentialAction":[{"@type":"ReadAction","target":["https:\/\/gojuteinternational.com\/es\/budget-friendly-non-woven-pp-bags\/"]}]},{"@type":"BreadcrumbList","@id":"https:\/\/gojuteinternational.com\/es\/budget-friendly-non-woven-pp-bags\/#breadcrumb","itemListElement":[{"@type":"ListItem","position":1,"name":"Home","item":"https:\/\/gojuteinternational.com\/es\/"},{"@type":"ListItem","position":2,"name":"Bolsas de PP no tejidas econ\u00f3micas"}]},{"@type":"WebSite","@id":"https:\/\/gojuteinternational.com\/es\/#website","url":"https:\/\/gojuteinternational.com\/es\/","name":"GoJute International","description":"Printed bags for business","publisher":{"@id":"https:\/\/gojuteinternational.com\/es\/#organization"},"alternateName":"GoJute","potentialAction":[{"@type":"SearchAction","target":{"@type":"EntryPoint","urlTemplate":"https:\/\/gojuteinternational.com\/es\/?s={search_term_string}"},"query-input":"required name=search_term_string"}],"inLanguage":"es"},{"@type":"Organization","@id":"https:\/\/gojuteinternational.com\/es\/#organization","name":"GoJute International","alternateName":"GoJute","url":"https:\/\/gojuteinternational.com\/es\/","logo":{"@type":"ImageObject","inLanguage":"es","@id":"https:\/\/gojuteinternational.com\/es\/#\/schema\/logo\/image\/","url":"https:\/\/gojuteinternational.com\/wp-content\/uploads\/2022\/06\/GoJute-Logo-RGB.png","contentUrl":"https:\/\/gojuteinternational.com\/wp-content\/uploads\/2022\/06\/GoJute-Logo-RGB.png","width":2000,"height":1809,"caption":"GoJute International"},"image":{"@id":"https:\/\/gojuteinternational.com\/es\/#\/schema\/logo\/image\/"},"sameAs":["https:\/\/www.facebook.com\/gojute","https:\/\/www.instagram.com\/gojute\/"]}]}},"_links":{"self":[{"href":"https:\/\/gojuteinternational.com\/es\/wp-json\/wp\/v2\/pages\/85355","targetHints":{"allow":["GET"]}}],"collection":[{"href":"https:\/\/gojuteinternational.com\/es\/wp-json\/wp\/v2\/pages"}],"about":[{"href":"https:\/\/gojuteinternational.com\/es\/wp-json\/wp\/v2\/types\/page"}],"author":[{"embeddable":true,"href":"https:\/\/gojuteinternational.com\/es\/wp-json\/wp\/v2\/users\/6996"}],"replies":[{"embeddable":true,"href":"https:\/\/gojuteinternational.com\/es\/wp-json\/wp\/v2\/comments?post=85355"}],"version-history":[{"count":5,"href":"https:\/\/gojuteinternational.com\/es\/wp-json\/wp\/v2\/pages\/85355\/revisions"}],"predecessor-version":[{"id":86067,"href":"https:\/\/gojuteinternational.com\/es\/wp-json\/wp\/v2\/pages\/85355\/revisions\/86067"}],"wp:attachment":[{"href":"https:\/\/gojuteinternational.com\/es\/wp-json\/wp\/v2\/media?parent=85355"}],"curies":[{"name":"wp","href":"https:\/\/api.w.org\/{rel}","templated":true}]}}