{"id":85370,"date":"2025-02-11T13:52:31","date_gmt":"2025-02-11T12:52:31","guid":{"rendered":"https:\/\/gojuteinternational.com\/canvas-a-classic-choice\/"},"modified":"2025-02-25T06:59:10","modified_gmt":"2025-02-25T05:59:10","slug":"canvas-a-classic-choice","status":"publish","type":"page","link":"https:\/\/gojuteinternational.com\/es\/canvas-a-classic-choice\/","title":{"rendered":"Lienzo: Una elecci\u00f3n cl\u00e1sica"},"content":{"rendered":"\t\t<div data-elementor-type=\"wp-page\" data-elementor-id=\"85370\" class=\"elementor elementor-85370 elementor-85363\" data-elementor-post-type=\"page\">\n\t\t\t\t\t\t\t\t\t<section class=\"elementor-section elementor-top-section elementor-element elementor-element-48b569c elementor-section-boxed elementor-section-height-default elementor-section-height-default\" data-id=\"48b569c\" data-element_type=\"section\">\n\t\t\t\t\t\t<div class=\"elementor-container elementor-column-gap-default\">\n\t\t\t\t\t<div class=\"elementor-column elementor-col-100 elementor-top-column elementor-element elementor-element-868652d\" data-id=\"868652d\" data-element_type=\"column\">\n\t\t\t<div class=\"elementor-widget-wrap elementor-element-populated\">\n\t\t\t\t\t\t\t\t<div class=\"elementor-element elementor-element-350c71f elementor-widget elementor-widget-spacer\" data-id=\"350c71f\" data-element_type=\"widget\" data-widget_type=\"spacer.default\">\n\t\t\t\t<div class=\"elementor-widget-container\">\n\t\t\t<style>\/*! elementor - v3.18.0 - 20-12-2023 *\/\n.elementor-column .elementor-spacer-inner{height:var(--spacer-size)}.e-con{--container-widget-width:100%}.e-con-inner>.elementor-widget-spacer,.e-con>.elementor-widget-spacer{width:var(--container-widget-width,var(--spacer-size));--align-self:var(--container-widget-align-self,initial);--flex-shrink:0}.e-con-inner>.elementor-widget-spacer>.elementor-widget-container,.e-con>.elementor-widget-spacer>.elementor-widget-container{height:100%;width:100%}.e-con-inner>.elementor-widget-spacer>.elementor-widget-container>.elementor-spacer,.e-con>.elementor-widget-spacer>.elementor-widget-container>.elementor-spacer{height:100%}.e-con-inner>.elementor-widget-spacer>.elementor-widget-container>.elementor-spacer>.elementor-spacer-inner,.e-con>.elementor-widget-spacer>.elementor-widget-container>.elementor-spacer>.elementor-spacer-inner{height:var(--container-widget-height,var(--spacer-size))}.e-con-inner>.elementor-widget-spacer.elementor-widget-empty,.e-con>.elementor-widget-spacer.elementor-widget-empty{position:relative;min-height:22px;min-width:22px}.e-con-inner>.elementor-widget-spacer.elementor-widget-empty .elementor-widget-empty-icon,.e-con>.elementor-widget-spacer.elementor-widget-empty .elementor-widget-empty-icon{position:absolute;top:0;bottom:0;left:0;right:0;margin:auto;padding:0;width:22px;height:22px}<\/style>\t\t<div class=\"elementor-spacer\">\n\t\t\t<div class=\"elementor-spacer-inner\"><\/div>\n\t\t<\/div>\n\t\t\t\t<\/div>\n\t\t\t\t<\/div>\n\t\t\t\t\t<\/div>\n\t\t<\/div>\n\t\t\t\t\t\t\t<\/div>\n\t\t<\/section>\n\t\t\t\t<section class=\"elementor-section elementor-top-section elementor-element elementor-element-1c09624 elementor-section-boxed elementor-section-height-default elementor-section-height-default\" data-id=\"1c09624\" data-element_type=\"section\">\n\t\t\t\t\t\t<div class=\"elementor-container elementor-column-gap-default\">\n\t\t\t\t\t<div class=\"elementor-column elementor-col-100 elementor-top-column elementor-element elementor-element-4b5e519\" data-id=\"4b5e519\" data-element_type=\"column\">\n\t\t\t<div class=\"elementor-widget-wrap elementor-element-populated\">\n\t\t\t\t\t\t\t\t<div class=\"elementor-element elementor-element-f96629a elementor-widget elementor-widget-heading\" data-id=\"f96629a\" data-element_type=\"widget\" data-widget_type=\"heading.default\">\n\t\t\t\t<div class=\"elementor-widget-container\">\n\t\t\t<style>\/*! elementor - v3.18.0 - 20-12-2023 *\/\n.elementor-heading-title{padding:0;margin:0;line-height:1}.elementor-widget-heading .elementor-heading-title[class*=elementor-size-]>a{color:inherit;font-size:inherit;line-height:inherit}.elementor-widget-heading .elementor-heading-title.elementor-size-small{font-size:15px}.elementor-widget-heading .elementor-heading-title.elementor-size-medium{font-size:19px}.elementor-widget-heading .elementor-heading-title.elementor-size-large{font-size:29px}.elementor-widget-heading .elementor-heading-title.elementor-size-xl{font-size:39px}.elementor-widget-heading .elementor-heading-title.elementor-size-xxl{font-size:59px}<\/style><h1 class=\"elementor-heading-title elementor-size-default\">Bolsas de lona: Robustas, Elegantes,\ny Sostenibles\n\n<\/h1>\t\t<\/div>\n\t\t\t\t<\/div>\n\t\t\t\t\t<\/div>\n\t\t<\/div>\n\t\t\t\t\t\t\t<\/div>\n\t\t<\/section>\n\t\t\t\t<section class=\"elementor-section elementor-top-section elementor-element elementor-element-265d8d7 elementor-section-boxed elementor-section-height-default elementor-section-height-default\" data-id=\"265d8d7\" data-element_type=\"section\">\n\t\t\t\t\t\t<div class=\"elementor-container elementor-column-gap-default\">\n\t\t\t\t\t<div class=\"elementor-column elementor-col-100 elementor-top-column elementor-element elementor-element-dd08573\" data-id=\"dd08573\" data-element_type=\"column\">\n\t\t\t<div class=\"elementor-widget-wrap elementor-element-populated\">\n\t\t\t\t\t\t\t\t<div class=\"elementor-element elementor-element-5b468da elementor-widget elementor-widget-text-editor\" data-id=\"5b468da\" data-element_type=\"widget\" data-widget_type=\"text-editor.default\">\n\t\t\t\t<div class=\"elementor-widget-container\">\n\t\t\t<style>\/*! elementor - v3.18.0 - 20-12-2023 *\/\n.elementor-widget-text-editor.elementor-drop-cap-view-stacked .elementor-drop-cap{background-color:#69727d;color:#fff}.elementor-widget-text-editor.elementor-drop-cap-view-framed .elementor-drop-cap{color:#69727d;border:3px solid;background-color:transparent}.elementor-widget-text-editor:not(.elementor-drop-cap-view-default) .elementor-drop-cap{margin-top:8px}.elementor-widget-text-editor:not(.elementor-drop-cap-view-default) .elementor-drop-cap-letter{width:1em;height:1em}.elementor-widget-text-editor .elementor-drop-cap{float:left;text-align:center;line-height:1;font-size:50px}.elementor-widget-text-editor .elementor-drop-cap-letter{display:inline-block}<\/style>\t\t\t\t<p>Cuando se trata de bolsas de mano, pocos materiales tienen el poder duradero de la lona. Conocida por su durabilidad y atractivo atemporal, la lona ha sido un elemento b\u00e1sico en todo tipo de art\u00edculos, desde equipos militares hasta colecciones de alta costura. En este art\u00edculo, veremos por qu\u00e9 las bolsas de lona siguen siendo una opci\u00f3n muy apreciada tanto por compradores como por vendedores. <\/p>\n<h2> <\/h2>\n<h2>\u00bfQu\u00e9 hace especial al lienzo?<\/h2>\n<p>La lona se suele fabricar con algod\u00f3n de trama tupida (o a veces con mezclas de algod\u00f3n y lino), lo que da como resultado un tejido denso y grueso. Este tejido ofrece una resistencia sin igual en comparaci\u00f3n con los tejidos de algod\u00f3n m\u00e1s ligeros, lo que permite a las bolsas de lona soportar cargas m\u00e1s pesadas sin desgarrarse. <\/p>\n<\/p>\n<h3>Beneficios b\u00e1sicos<\/h3>\n<ul>\n<li>Resistente: Ideal para llevar la compra, los libros de texto o varios objetos a la vez.<\/li>\n<li>Duradera: La alta resistencia al desgarro se traduce en una bolsa que soporta el desgaste diario.<\/li>\n<li>Estilo vers\u00e1til: La lona puede te\u00f1irse, imprimirse o embellecerse con facilidad.<\/li>\n<\/ul>\n<\/p>\n<h2>Opciones de dise\u00f1o y personalizaci\u00f3n<\/h2>\n<ul>\n<li>Liso y Natural: Destaca la textura y el color org\u00e1nicos de la lona para conseguir un aspecto minimalista.<\/li>\n<li>Estampados coloridos: Las serigraf\u00edas y las transferencias muestran dise\u00f1os llamativos que resaltan sobre el fondo del lienzo.<\/li>\n<li>Bordados y parches: Perfectos para una marca \u00fanica o una expresi\u00f3n personal.<\/li>\n<\/ul>\n<\/p>\n<h2>Factores ecol\u00f3gicos<\/h2>\n<ul>\n<li>Reutilizable: Una bolsa de lona resistente puede sustituir a cientos de bolsas de pl\u00e1stico de un solo uso.<\/li>\n<li>Biodegradable (si es 100% algod\u00f3n): Con el tiempo, la lona de algod\u00f3n puro se descompone en el medio ambiente, aunque esto puede llevar un tiempo.<\/li>\n<li>Potencial para fuentes ecol\u00f3gicas: La lona fabricada con algod\u00f3n org\u00e1nico es a\u00fan m\u00e1s respetuosa con el planeta.<\/li>\n<\/ul>\n<\/p>\n<h2>C\u00f3mo cuidar tu bolsa de lona<\/h2>\n<ul>\n<li>Lavado: Lavar a m\u00e1quina con colores similares en agua fr\u00eda o templada.<\/li>\n<li>Secado: Secar al aire para mantener la forma; secar en secadora a baja temperatura si es necesario.<\/li>\n<li>Tratamiento de las manchas: Trata previamente las manchas con un detergente suave y d\u00e9jalo reposar antes de lavar.<\/li>\n<\/ul>\n<\/p>\n<h2>Conclusi\u00f3n<\/h2>\n<p>Una bolsa de lona es algo m\u00e1s que un accesorio: es una inversi\u00f3n en un producto fiable y respetuoso con el medio ambiente que puede servirte durante a\u00f1os. Tanto si la personalizas para tu marca como si simplemente la utilizas para tus recados diarios, descubrir\u00e1s que la lona ofrece un equilibrio entre forma, funcionalidad y sostenibilidad dif\u00edcil de superar. <\/p><\/p>\n\t\t\t\t\t\t<\/div>\n\t\t\t\t<\/div>\n\t\t\t\t\t<\/div>\n\t\t<\/div>\n\t\t\t\t\t\t\t<\/div>\n\t\t<\/section>\n\t\t\t\t\t\t\t<\/div>\n\t\t","protected":false},"excerpt":{"rendered":"<p>Bolsas de lona: Robustas, Elegantes, y Sostenibles Cuando se trata de bolsas de mano, pocos materiales tienen el poder duradero de la lona. Conocida por su durabilidad y atractivo atemporal, la lona ha sido un elemento b\u00e1sico en todo tipo de art\u00edculos, desde equipos militares hasta colecciones de alta costura. En este art\u00edculo, veremos por [&hellip;]<\/p>\n","protected":false},"author":6996,"featured_media":0,"parent":0,"menu_order":0,"comment_status":"closed","ping_status":"closed","template":"elementor_header_footer","meta":{"content-type":"","_monsterinsights_skip_tracking":false,"_monsterinsights_sitenote_active":false,"_monsterinsights_sitenote_note":"","_monsterinsights_sitenote_category":0,"footnotes":""},"class_list":["post-85370","page","type-page","status-publish","hentry"],"yoast_head":"<!-- This site is optimized with the Yoast SEO plugin v21.7 - https:\/\/yoast.com\/wordpress\/plugins\/seo\/ -->\n<title>Bolsas de lona: Robustas, Elegantes y Sostenibles<\/title>\n<meta name=\"description\" content=\"Descubre el atractivo atemporal de las bolsas de lona. Obt\u00e9n consejos sobre opciones de dise\u00f1o, cuidado adecuado y c\u00f3mo ayudan a reducir los pl\u00e1sticos de un solo uso.\" \/>\n<meta name=\"robots\" content=\"index, follow, max-snippet:-1, max-image-preview:large, max-video-preview:-1\" \/>\n<link rel=\"canonical\" href=\"https:\/\/gojuteinternational.com\/es\/canvas-a-classic-choice\/\" \/>\n<meta property=\"og:locale\" content=\"es_ES\" \/>\n<meta property=\"og:type\" content=\"article\" \/>\n<meta property=\"og:title\" content=\"Bolsas de lona: Robustas, Elegantes y Sostenibles\" \/>\n<meta property=\"og:description\" content=\"Descubre el atractivo atemporal de las bolsas de lona. Obt\u00e9n consejos sobre opciones de dise\u00f1o, cuidado adecuado y c\u00f3mo ayudan a reducir los pl\u00e1sticos de un solo uso.\" \/>\n<meta property=\"og:url\" content=\"https:\/\/gojuteinternational.com\/es\/canvas-a-classic-choice\/\" \/>\n<meta property=\"og:site_name\" content=\"GoJute International\" \/>\n<meta property=\"article:publisher\" content=\"https:\/\/www.facebook.com\/gojute\" \/>\n<meta property=\"article:modified_time\" content=\"2025-02-25T05:59:10+00:00\" \/>\n<meta name=\"twitter:card\" content=\"summary_large_image\" \/>\n<meta name=\"twitter:label1\" content=\"Tiempo de lectura\" \/>\n\t<meta name=\"twitter:data1\" content=\"2 minutos\" \/>\n<script type=\"application\/ld+json\" class=\"yoast-schema-graph\">{\"@context\":\"https:\/\/schema.org\",\"@graph\":[{\"@type\":\"WebPage\",\"@id\":\"https:\/\/gojuteinternational.com\/es\/canvas-a-classic-choice\/\",\"url\":\"https:\/\/gojuteinternational.com\/es\/canvas-a-classic-choice\/\",\"name\":\"Bolsas de lona: Robustas, Elegantes y Sostenibles\",\"isPartOf\":{\"@id\":\"https:\/\/gojuteinternational.com\/es\/#website\"},\"datePublished\":\"2025-02-11T12:52:31+00:00\",\"dateModified\":\"2025-02-25T05:59:10+00:00\",\"description\":\"Descubre el atractivo atemporal de las bolsas de lona. Obt\u00e9n consejos sobre opciones de dise\u00f1o, cuidado adecuado y c\u00f3mo ayudan a reducir los pl\u00e1sticos de un solo uso.\",\"breadcrumb\":{\"@id\":\"https:\/\/gojuteinternational.com\/es\/canvas-a-classic-choice\/#breadcrumb\"},\"inLanguage\":\"es\",\"potentialAction\":[{\"@type\":\"ReadAction\",\"target\":[\"https:\/\/gojuteinternational.com\/es\/canvas-a-classic-choice\/\"]}]},{\"@type\":\"BreadcrumbList\",\"@id\":\"https:\/\/gojuteinternational.com\/es\/canvas-a-classic-choice\/#breadcrumb\",\"itemListElement\":[{\"@type\":\"ListItem\",\"position\":1,\"name\":\"Home\",\"item\":\"https:\/\/gojuteinternational.com\/es\/\"},{\"@type\":\"ListItem\",\"position\":2,\"name\":\"Lienzo: Una elecci\u00f3n cl\u00e1sica\"}]},{\"@type\":\"WebSite\",\"@id\":\"https:\/\/gojuteinternational.com\/es\/#website\",\"url\":\"https:\/\/gojuteinternational.com\/es\/\",\"name\":\"GoJute International\",\"description\":\"Printed bags for business\",\"publisher\":{\"@id\":\"https:\/\/gojuteinternational.com\/es\/#organization\"},\"alternateName\":\"GoJute\",\"potentialAction\":[{\"@type\":\"SearchAction\",\"target\":{\"@type\":\"EntryPoint\",\"urlTemplate\":\"https:\/\/gojuteinternational.com\/es\/?s={search_term_string}\"},\"query-input\":\"required name=search_term_string\"}],\"inLanguage\":\"es\"},{\"@type\":\"Organization\",\"@id\":\"https:\/\/gojuteinternational.com\/es\/#organization\",\"name\":\"GoJute International\",\"alternateName\":\"GoJute\",\"url\":\"https:\/\/gojuteinternational.com\/es\/\",\"logo\":{\"@type\":\"ImageObject\",\"inLanguage\":\"es\",\"@id\":\"https:\/\/gojuteinternational.com\/es\/#\/schema\/logo\/image\/\",\"url\":\"https:\/\/gojuteinternational.com\/wp-content\/uploads\/2022\/06\/GoJute-Logo-RGB.png\",\"contentUrl\":\"https:\/\/gojuteinternational.com\/wp-content\/uploads\/2022\/06\/GoJute-Logo-RGB.png\",\"width\":2000,\"height\":1809,\"caption\":\"GoJute International\"},\"image\":{\"@id\":\"https:\/\/gojuteinternational.com\/es\/#\/schema\/logo\/image\/\"},\"sameAs\":[\"https:\/\/www.facebook.com\/gojute\",\"https:\/\/www.instagram.com\/gojute\/\"]}]}<\/script>\n<!-- \/ Yoast SEO plugin. -->","yoast_head_json":{"title":"Bolsas de lona: Robustas, Elegantes y Sostenibles","description":"Descubre el atractivo atemporal de las bolsas de lona. Obt\u00e9n consejos sobre opciones de dise\u00f1o, cuidado adecuado y c\u00f3mo ayudan a reducir los pl\u00e1sticos de un solo uso.","robots":{"index":"index","follow":"follow","max-snippet":"max-snippet:-1","max-image-preview":"max-image-preview:large","max-video-preview":"max-video-preview:-1"},"canonical":"https:\/\/gojuteinternational.com\/es\/canvas-a-classic-choice\/","og_locale":"es_ES","og_type":"article","og_title":"Bolsas de lona: Robustas, Elegantes y Sostenibles","og_description":"Descubre el atractivo atemporal de las bolsas de lona. Obt\u00e9n consejos sobre opciones de dise\u00f1o, cuidado adecuado y c\u00f3mo ayudan a reducir los pl\u00e1sticos de un solo uso.","og_url":"https:\/\/gojuteinternational.com\/es\/canvas-a-classic-choice\/","og_site_name":"GoJute International","article_publisher":"https:\/\/www.facebook.com\/gojute","article_modified_time":"2025-02-25T05:59:10+00:00","twitter_card":"summary_large_image","twitter_misc":{"Tiempo de lectura":"2 minutos"},"schema":{"@context":"https:\/\/schema.org","@graph":[{"@type":"WebPage","@id":"https:\/\/gojuteinternational.com\/es\/canvas-a-classic-choice\/","url":"https:\/\/gojuteinternational.com\/es\/canvas-a-classic-choice\/","name":"Bolsas de lona: Robustas, Elegantes y Sostenibles","isPartOf":{"@id":"https:\/\/gojuteinternational.com\/es\/#website"},"datePublished":"2025-02-11T12:52:31+00:00","dateModified":"2025-02-25T05:59:10+00:00","description":"Descubre el atractivo atemporal de las bolsas de lona. Obt\u00e9n consejos sobre opciones de dise\u00f1o, cuidado adecuado y c\u00f3mo ayudan a reducir los pl\u00e1sticos de un solo uso.","breadcrumb":{"@id":"https:\/\/gojuteinternational.com\/es\/canvas-a-classic-choice\/#breadcrumb"},"inLanguage":"es","potentialAction":[{"@type":"ReadAction","target":["https:\/\/gojuteinternational.com\/es\/canvas-a-classic-choice\/"]}]},{"@type":"BreadcrumbList","@id":"https:\/\/gojuteinternational.com\/es\/canvas-a-classic-choice\/#breadcrumb","itemListElement":[{"@type":"ListItem","position":1,"name":"Home","item":"https:\/\/gojuteinternational.com\/es\/"},{"@type":"ListItem","position":2,"name":"Lienzo: Una elecci\u00f3n cl\u00e1sica"}]},{"@type":"WebSite","@id":"https:\/\/gojuteinternational.com\/es\/#website","url":"https:\/\/gojuteinternational.com\/es\/","name":"GoJute International","description":"Printed bags for business","publisher":{"@id":"https:\/\/gojuteinternational.com\/es\/#organization"},"alternateName":"GoJute","potentialAction":[{"@type":"SearchAction","target":{"@type":"EntryPoint","urlTemplate":"https:\/\/gojuteinternational.com\/es\/?s={search_term_string}"},"query-input":"required name=search_term_string"}],"inLanguage":"es"},{"@type":"Organization","@id":"https:\/\/gojuteinternational.com\/es\/#organization","name":"GoJute International","alternateName":"GoJute","url":"https:\/\/gojuteinternational.com\/es\/","logo":{"@type":"ImageObject","inLanguage":"es","@id":"https:\/\/gojuteinternational.com\/es\/#\/schema\/logo\/image\/","url":"https:\/\/gojuteinternational.com\/wp-content\/uploads\/2022\/06\/GoJute-Logo-RGB.png","contentUrl":"https:\/\/gojuteinternational.com\/wp-content\/uploads\/2022\/06\/GoJute-Logo-RGB.png","width":2000,"height":1809,"caption":"GoJute International"},"image":{"@id":"https:\/\/gojuteinternational.com\/es\/#\/schema\/logo\/image\/"},"sameAs":["https:\/\/www.facebook.com\/gojute","https:\/\/www.instagram.com\/gojute\/"]}]}},"_links":{"self":[{"href":"https:\/\/gojuteinternational.com\/es\/wp-json\/wp\/v2\/pages\/85370","targetHints":{"allow":["GET"]}}],"collection":[{"href":"https:\/\/gojuteinternational.com\/es\/wp-json\/wp\/v2\/pages"}],"about":[{"href":"https:\/\/gojuteinternational.com\/es\/wp-json\/wp\/v2\/types\/page"}],"author":[{"embeddable":true,"href":"https:\/\/gojuteinternational.com\/es\/wp-json\/wp\/v2\/users\/6996"}],"replies":[{"embeddable":true,"href":"https:\/\/gojuteinternational.com\/es\/wp-json\/wp\/v2\/comments?post=85370"}],"version-history":[{"count":5,"href":"https:\/\/gojuteinternational.com\/es\/wp-json\/wp\/v2\/pages\/85370\/revisions"}],"predecessor-version":[{"id":86062,"href":"https:\/\/gojuteinternational.com\/es\/wp-json\/wp\/v2\/pages\/85370\/revisions\/86062"}],"wp:attachment":[{"href":"https:\/\/gojuteinternational.com\/es\/wp-json\/wp\/v2\/media?parent=85370"}],"curies":[{"name":"wp","href":"https:\/\/api.w.org\/{rel}","templated":true}]}}