{"id":85472,"date":"2025-02-13T08:25:13","date_gmt":"2025-02-13T07:25:13","guid":{"rendered":"https:\/\/gojuteinternational.com\/cotton-totes-101\/"},"modified":"2025-02-24T12:33:06","modified_gmt":"2025-02-24T11:33:06","slug":"cotton-totes-101","status":"publish","type":"page","link":"https:\/\/gojuteinternational.com\/es\/cotton-totes-101\/","title":{"rendered":"Totes de algod\u00f3n 101"},"content":{"rendered":"\t\t<div data-elementor-type=\"wp-page\" data-elementor-id=\"85472\" class=\"elementor elementor-85472 elementor-85469\" data-elementor-post-type=\"page\">\n\t\t\t\t\t\t\t\t\t<section class=\"elementor-section elementor-top-section elementor-element elementor-element-9cef1c5 elementor-section-boxed elementor-section-height-default elementor-section-height-default\" data-id=\"9cef1c5\" data-element_type=\"section\">\n\t\t\t\t\t\t<div class=\"elementor-container elementor-column-gap-default\">\n\t\t\t\t\t<div class=\"elementor-column elementor-col-100 elementor-top-column elementor-element elementor-element-aa69da4\" data-id=\"aa69da4\" data-element_type=\"column\">\n\t\t\t<div class=\"elementor-widget-wrap elementor-element-populated\">\n\t\t\t\t\t\t\t\t<div class=\"elementor-element elementor-element-fe32493 elementor-widget elementor-widget-spacer\" data-id=\"fe32493\" data-element_type=\"widget\" data-widget_type=\"spacer.default\">\n\t\t\t\t<div class=\"elementor-widget-container\">\n\t\t\t<style>\/*! elementor - v3.18.0 - 20-12-2023 *\/\n.elementor-column .elementor-spacer-inner{height:var(--spacer-size)}.e-con{--container-widget-width:100%}.e-con-inner>.elementor-widget-spacer,.e-con>.elementor-widget-spacer{width:var(--container-widget-width,var(--spacer-size));--align-self:var(--container-widget-align-self,initial);--flex-shrink:0}.e-con-inner>.elementor-widget-spacer>.elementor-widget-container,.e-con>.elementor-widget-spacer>.elementor-widget-container{height:100%;width:100%}.e-con-inner>.elementor-widget-spacer>.elementor-widget-container>.elementor-spacer,.e-con>.elementor-widget-spacer>.elementor-widget-container>.elementor-spacer{height:100%}.e-con-inner>.elementor-widget-spacer>.elementor-widget-container>.elementor-spacer>.elementor-spacer-inner,.e-con>.elementor-widget-spacer>.elementor-widget-container>.elementor-spacer>.elementor-spacer-inner{height:var(--container-widget-height,var(--spacer-size))}.e-con-inner>.elementor-widget-spacer.elementor-widget-empty,.e-con>.elementor-widget-spacer.elementor-widget-empty{position:relative;min-height:22px;min-width:22px}.e-con-inner>.elementor-widget-spacer.elementor-widget-empty .elementor-widget-empty-icon,.e-con>.elementor-widget-spacer.elementor-widget-empty .elementor-widget-empty-icon{position:absolute;top:0;bottom:0;left:0;right:0;margin:auto;padding:0;width:22px;height:22px}<\/style>\t\t<div class=\"elementor-spacer\">\n\t\t\t<div class=\"elementor-spacer-inner\"><\/div>\n\t\t<\/div>\n\t\t\t\t<\/div>\n\t\t\t\t<\/div>\n\t\t\t\t\t<\/div>\n\t\t<\/div>\n\t\t\t\t\t\t\t<\/div>\n\t\t<\/section>\n\t\t\t\t<section class=\"elementor-section elementor-top-section elementor-element elementor-element-87e204a elementor-section-boxed elementor-section-height-default elementor-section-height-default\" data-id=\"87e204a\" data-element_type=\"section\">\n\t\t\t\t\t\t<div class=\"elementor-container elementor-column-gap-default\">\n\t\t\t\t\t<div class=\"elementor-column elementor-col-100 elementor-top-column elementor-element elementor-element-8119dcc\" data-id=\"8119dcc\" data-element_type=\"column\">\n\t\t\t<div class=\"elementor-widget-wrap elementor-element-populated\">\n\t\t\t\t\t\t\t\t<div class=\"elementor-element elementor-element-93599eb elementor-widget elementor-widget-heading\" data-id=\"93599eb\" data-element_type=\"widget\" data-widget_type=\"heading.default\">\n\t\t\t\t<div class=\"elementor-widget-container\">\n\t\t\t<style>\/*! elementor - v3.18.0 - 20-12-2023 *\/\n.elementor-heading-title{padding:0;margin:0;line-height:1}.elementor-widget-heading .elementor-heading-title[class*=elementor-size-]>a{color:inherit;font-size:inherit;line-height:inherit}.elementor-widget-heading .elementor-heading-title.elementor-size-small{font-size:15px}.elementor-widget-heading .elementor-heading-title.elementor-size-medium{font-size:19px}.elementor-widget-heading .elementor-heading-title.elementor-size-large{font-size:29px}.elementor-widget-heading .elementor-heading-title.elementor-size-xl{font-size:39px}.elementor-widget-heading .elementor-heading-title.elementor-size-xxl{font-size:59px}<\/style><h1 class=\"elementor-heading-title elementor-size-default\"><span style=\"font-family:Montserrat;mso-fareast-font-family: Montserrat;mso-bidi-font-family:Montserrat\">Totes de algod\u00f3n 101: Tu gu\u00eda definitiva\nsobre bolsas ecol\u00f3gicas cotidianas<o:p><\/o:p><\/span>\n\n<\/h1>\t\t<\/div>\n\t\t\t\t<\/div>\n\t\t\t\t\t<\/div>\n\t\t<\/div>\n\t\t\t\t\t\t\t<\/div>\n\t\t<\/section>\n\t\t\t\t<section class=\"elementor-section elementor-top-section elementor-element elementor-element-6637319 elementor-section-boxed elementor-section-height-default elementor-section-height-default\" data-id=\"6637319\" data-element_type=\"section\">\n\t\t\t\t\t\t<div class=\"elementor-container elementor-column-gap-default\">\n\t\t\t\t\t<div class=\"elementor-column elementor-col-100 elementor-top-column elementor-element elementor-element-7359eef\" data-id=\"7359eef\" data-element_type=\"column\">\n\t\t\t<div class=\"elementor-widget-wrap elementor-element-populated\">\n\t\t\t\t\t\t\t\t<div class=\"elementor-element elementor-element-0ca5eef elementor-widget elementor-widget-text-editor\" data-id=\"0ca5eef\" data-element_type=\"widget\" data-widget_type=\"text-editor.default\">\n\t\t\t\t<div class=\"elementor-widget-container\">\n\t\t\t<style>\/*! elementor - v3.18.0 - 20-12-2023 *\/\n.elementor-widget-text-editor.elementor-drop-cap-view-stacked .elementor-drop-cap{background-color:#69727d;color:#fff}.elementor-widget-text-editor.elementor-drop-cap-view-framed .elementor-drop-cap{color:#69727d;border:3px solid;background-color:transparent}.elementor-widget-text-editor:not(.elementor-drop-cap-view-default) .elementor-drop-cap{margin-top:8px}.elementor-widget-text-editor:not(.elementor-drop-cap-view-default) .elementor-drop-cap-letter{width:1em;height:1em}.elementor-widget-text-editor .elementor-drop-cap{float:left;text-align:center;line-height:1;font-size:50px}.elementor-widget-text-editor .elementor-drop-cap-letter{display:inline-block}<\/style>\t\t\t\t<p>Las bolsas de algod\u00f3n se han convertido en la opci\u00f3n preferida de quienes buscan una alternativa reutilizable y sostenible al pl\u00e1stico. Tanto si vas al mercado como al gimnasio, una bolsa de algod\u00f3n es una forma ligera y elegante de llevar tus cosas esenciales. En este art\u00edculo, exploraremos los fundamentos de las bolsas de algod\u00f3n, incluido su impacto medioambiental, las opciones de personalizaci\u00f3n y las instrucciones de cuidado. <\/p>\n<\/p>\n<h2>\u00bfPor qu\u00e9 algod\u00f3n?<\/h2>\n<p>El algod\u00f3n es una fibra natural que se obtiene de la planta del algod\u00f3n. Conocido por su suavidad y transpirabilidad, el algod\u00f3n se utiliza ampliamente en prendas de vestir y art\u00edculos para el hogar. Cuando se trata de bolsas de mano, el algod\u00f3n ofrece una experiencia de transporte c\u00f3moda y una superficie f\u00e1cilmente imprimible para logotipos y dise\u00f1os.  <\/p>\n<\/p>\n<h3>Beneficios clave<\/h3>\n<ul>\n<li>Transpirabilidad: Ideal para comestibles y productos agr\u00edcolas, ya que ayuda a evitar la formaci\u00f3n de moho u olores.<\/li>\n<li>Versatilidad: Se adapta a varios m\u00e9todos de impresi\u00f3n, por lo que es perfecto para la marca personal o empresarial.<\/li>\n<li>Accesibilidad: El algod\u00f3n est\u00e1 ampliamente disponible, por lo que estas bolsas suelen ser asequibles.<\/li>\n<\/ul>\n<h2>Algod\u00f3n ecol\u00f3gico frente a convencional<\/h2>\n<ul>\n<li>Algod\u00f3n ecol\u00f3gico: Cultivado sin pesticidas ni fertilizantes sint\u00e9ticos, el algod\u00f3n ecol\u00f3gico es m\u00e1s respetuoso con el planeta. A menudo lleva certificaciones como GOTS (Norma Textil Ecol\u00f3gica Mundial). <\/li>\n<li>Algod\u00f3n convencional: M\u00e1s extendido y normalmente m\u00e1s asequible, pero puede implicar un mayor uso de pesticidas y agua.<\/li>\n<\/ul>\n<h2>Tipos de tejidos de algod\u00f3n<\/h2>\n<ul>\n<li>Algod\u00f3n ligero: Ideal para recados r\u00e1pidos; se pliega f\u00e1cilmente en un bolso o bolsillo.<\/li>\n<li>Lona de algod\u00f3n: Un tejido m\u00e1s denso que ofrece mayor durabilidad para cargas m\u00e1s pesadas.<\/li>\n<\/ul>\n<h2>Dise\u00f1o y marca<\/h2>\n<ul>\n<li>Serigraf\u00eda: El m\u00e9todo m\u00e1s com\u00fan, que ofrece colores brillantes y dise\u00f1os atrevidos.<\/li>\n<li>Bordado: Proporciona un toque premium, aunque puede ser m\u00e1s costoso.<\/li>\n<li>Transferencia t\u00e9rmica o DTG: Ideal para im\u00e1genes complejas y multicolores.<\/li>\n<\/ul>\n<h2>Cuidado de las bolsas de algod\u00f3n<\/h2>\n<ul>\n<li>Lavables a m\u00e1quina: La mayor\u00eda de las bolsas de algod\u00f3n pueden lavarse a m\u00e1quina. Utiliza agua fr\u00eda o templada para conservar los estampados. <\/li>\n<li>Secado: Lo mejor es el secado al aire, aunque un ciclo de secado a baja temperatura suele ser suficiente.<\/li>\n<li>Planchado: Utiliza un programa adecuado para el algod\u00f3n. Si la bolsa tiene un dise\u00f1o impreso, plancha por el reverso. <\/li>\n<\/ul>\n<h2>Conclusi\u00f3n<\/h2>\n<p>Las bolsas de algod\u00f3n son una opci\u00f3n pr\u00e1ctica, elegante y respetuosa con el medio ambiente para cualquiera que quiera reducir el pl\u00e1stico de un solo uso. Desde el algod\u00f3n org\u00e1nico a la lona resistente, hay una versi\u00f3n para cada necesidad y est\u00e9tica. Con los cuidados adecuados, tu bolsa de algod\u00f3n puede permanecer a tu lado durante a\u00f1os.  <\/p><\/p>\n\t\t\t\t\t\t<\/div>\n\t\t\t\t<\/div>\n\t\t\t\t\t<\/div>\n\t\t<\/div>\n\t\t\t\t\t\t\t<\/div>\n\t\t<\/section>\n\t\t\t\t\t\t\t<\/div>\n\t\t","protected":false},"excerpt":{"rendered":"<p>Totes de algod\u00f3n 101: Tu gu\u00eda definitiva sobre bolsas ecol\u00f3gicas cotidianas Las bolsas de algod\u00f3n se han convertido en la opci\u00f3n preferida de quienes buscan una alternativa reutilizable y sostenible al pl\u00e1stico. Tanto si vas al mercado como al gimnasio, una bolsa de algod\u00f3n es una forma ligera y elegante de llevar tus cosas esenciales. [&hellip;]<\/p>\n","protected":false},"author":6996,"featured_media":0,"parent":0,"menu_order":0,"comment_status":"closed","ping_status":"closed","template":"elementor_header_footer","meta":{"content-type":"","_monsterinsights_skip_tracking":false,"_monsterinsights_sitenote_active":false,"_monsterinsights_sitenote_note":"","_monsterinsights_sitenote_category":0,"footnotes":""},"class_list":["post-85472","page","type-page","status-publish","hentry"],"yoast_head":"<!-- This site is optimized with the Yoast SEO plugin v21.7 - https:\/\/yoast.com\/wordpress\/plugins\/seo\/ -->\n<title>Bolsas de algod\u00f3n 101: Tu gu\u00eda definitiva sobre bolsas reutilizables<\/title>\n<meta name=\"description\" content=\"Inf\u00f3rmate sobre el algod\u00f3n org\u00e1nico frente al convencional, ideas de dise\u00f1o y consejos para su cuidado. Descubre por qu\u00e9 las bolsas de algod\u00f3n son una alternativa vers\u00e1til y ecol\u00f3gica.\" \/>\n<meta name=\"robots\" content=\"index, follow, max-snippet:-1, max-image-preview:large, max-video-preview:-1\" \/>\n<link rel=\"canonical\" href=\"https:\/\/gojuteinternational.com\/es\/cotton-totes-101\/\" \/>\n<meta property=\"og:locale\" content=\"es_ES\" \/>\n<meta property=\"og:type\" content=\"article\" \/>\n<meta property=\"og:title\" content=\"Bolsas de algod\u00f3n 101: Tu gu\u00eda definitiva sobre bolsas reutilizables\" \/>\n<meta property=\"og:description\" content=\"Inf\u00f3rmate sobre el algod\u00f3n org\u00e1nico frente al convencional, ideas de dise\u00f1o y consejos para su cuidado. Descubre por qu\u00e9 las bolsas de algod\u00f3n son una alternativa vers\u00e1til y ecol\u00f3gica.\" \/>\n<meta property=\"og:url\" content=\"https:\/\/gojuteinternational.com\/es\/cotton-totes-101\/\" \/>\n<meta property=\"og:site_name\" content=\"GoJute International\" \/>\n<meta property=\"article:publisher\" content=\"https:\/\/www.facebook.com\/gojute\" \/>\n<meta property=\"article:modified_time\" content=\"2025-02-24T11:33:06+00:00\" \/>\n<meta name=\"twitter:card\" content=\"summary_large_image\" \/>\n<meta name=\"twitter:label1\" content=\"Tiempo de lectura\" \/>\n\t<meta name=\"twitter:data1\" content=\"3 minutos\" \/>\n<script type=\"application\/ld+json\" class=\"yoast-schema-graph\">{\"@context\":\"https:\/\/schema.org\",\"@graph\":[{\"@type\":\"WebPage\",\"@id\":\"https:\/\/gojuteinternational.com\/es\/cotton-totes-101\/\",\"url\":\"https:\/\/gojuteinternational.com\/es\/cotton-totes-101\/\",\"name\":\"Bolsas de algod\u00f3n 101: Tu gu\u00eda definitiva sobre bolsas reutilizables\",\"isPartOf\":{\"@id\":\"https:\/\/gojuteinternational.com\/es\/#website\"},\"datePublished\":\"2025-02-13T07:25:13+00:00\",\"dateModified\":\"2025-02-24T11:33:06+00:00\",\"description\":\"Inf\u00f3rmate sobre el algod\u00f3n org\u00e1nico frente al convencional, ideas de dise\u00f1o y consejos para su cuidado. Descubre por qu\u00e9 las bolsas de algod\u00f3n son una alternativa vers\u00e1til y ecol\u00f3gica.\",\"breadcrumb\":{\"@id\":\"https:\/\/gojuteinternational.com\/es\/cotton-totes-101\/#breadcrumb\"},\"inLanguage\":\"es\",\"potentialAction\":[{\"@type\":\"ReadAction\",\"target\":[\"https:\/\/gojuteinternational.com\/es\/cotton-totes-101\/\"]}]},{\"@type\":\"BreadcrumbList\",\"@id\":\"https:\/\/gojuteinternational.com\/es\/cotton-totes-101\/#breadcrumb\",\"itemListElement\":[{\"@type\":\"ListItem\",\"position\":1,\"name\":\"Home\",\"item\":\"https:\/\/gojuteinternational.com\/es\/\"},{\"@type\":\"ListItem\",\"position\":2,\"name\":\"Totes de algod\u00f3n 101\"}]},{\"@type\":\"WebSite\",\"@id\":\"https:\/\/gojuteinternational.com\/es\/#website\",\"url\":\"https:\/\/gojuteinternational.com\/es\/\",\"name\":\"GoJute International\",\"description\":\"Printed bags for business\",\"publisher\":{\"@id\":\"https:\/\/gojuteinternational.com\/es\/#organization\"},\"alternateName\":\"GoJute\",\"potentialAction\":[{\"@type\":\"SearchAction\",\"target\":{\"@type\":\"EntryPoint\",\"urlTemplate\":\"https:\/\/gojuteinternational.com\/es\/?s={search_term_string}\"},\"query-input\":\"required name=search_term_string\"}],\"inLanguage\":\"es\"},{\"@type\":\"Organization\",\"@id\":\"https:\/\/gojuteinternational.com\/es\/#organization\",\"name\":\"GoJute International\",\"alternateName\":\"GoJute\",\"url\":\"https:\/\/gojuteinternational.com\/es\/\",\"logo\":{\"@type\":\"ImageObject\",\"inLanguage\":\"es\",\"@id\":\"https:\/\/gojuteinternational.com\/es\/#\/schema\/logo\/image\/\",\"url\":\"https:\/\/gojuteinternational.com\/wp-content\/uploads\/2022\/06\/GoJute-Logo-RGB.png\",\"contentUrl\":\"https:\/\/gojuteinternational.com\/wp-content\/uploads\/2022\/06\/GoJute-Logo-RGB.png\",\"width\":2000,\"height\":1809,\"caption\":\"GoJute International\"},\"image\":{\"@id\":\"https:\/\/gojuteinternational.com\/es\/#\/schema\/logo\/image\/\"},\"sameAs\":[\"https:\/\/www.facebook.com\/gojute\",\"https:\/\/www.instagram.com\/gojute\/\"]}]}<\/script>\n<!-- \/ Yoast SEO plugin. -->","yoast_head_json":{"title":"Bolsas de algod\u00f3n 101: Tu gu\u00eda definitiva sobre bolsas reutilizables","description":"Inf\u00f3rmate sobre el algod\u00f3n org\u00e1nico frente al convencional, ideas de dise\u00f1o y consejos para su cuidado. Descubre por qu\u00e9 las bolsas de algod\u00f3n son una alternativa vers\u00e1til y ecol\u00f3gica.","robots":{"index":"index","follow":"follow","max-snippet":"max-snippet:-1","max-image-preview":"max-image-preview:large","max-video-preview":"max-video-preview:-1"},"canonical":"https:\/\/gojuteinternational.com\/es\/cotton-totes-101\/","og_locale":"es_ES","og_type":"article","og_title":"Bolsas de algod\u00f3n 101: Tu gu\u00eda definitiva sobre bolsas reutilizables","og_description":"Inf\u00f3rmate sobre el algod\u00f3n org\u00e1nico frente al convencional, ideas de dise\u00f1o y consejos para su cuidado. Descubre por qu\u00e9 las bolsas de algod\u00f3n son una alternativa vers\u00e1til y ecol\u00f3gica.","og_url":"https:\/\/gojuteinternational.com\/es\/cotton-totes-101\/","og_site_name":"GoJute International","article_publisher":"https:\/\/www.facebook.com\/gojute","article_modified_time":"2025-02-24T11:33:06+00:00","twitter_card":"summary_large_image","twitter_misc":{"Tiempo de lectura":"3 minutos"},"schema":{"@context":"https:\/\/schema.org","@graph":[{"@type":"WebPage","@id":"https:\/\/gojuteinternational.com\/es\/cotton-totes-101\/","url":"https:\/\/gojuteinternational.com\/es\/cotton-totes-101\/","name":"Bolsas de algod\u00f3n 101: Tu gu\u00eda definitiva sobre bolsas reutilizables","isPartOf":{"@id":"https:\/\/gojuteinternational.com\/es\/#website"},"datePublished":"2025-02-13T07:25:13+00:00","dateModified":"2025-02-24T11:33:06+00:00","description":"Inf\u00f3rmate sobre el algod\u00f3n org\u00e1nico frente al convencional, ideas de dise\u00f1o y consejos para su cuidado. Descubre por qu\u00e9 las bolsas de algod\u00f3n son una alternativa vers\u00e1til y ecol\u00f3gica.","breadcrumb":{"@id":"https:\/\/gojuteinternational.com\/es\/cotton-totes-101\/#breadcrumb"},"inLanguage":"es","potentialAction":[{"@type":"ReadAction","target":["https:\/\/gojuteinternational.com\/es\/cotton-totes-101\/"]}]},{"@type":"BreadcrumbList","@id":"https:\/\/gojuteinternational.com\/es\/cotton-totes-101\/#breadcrumb","itemListElement":[{"@type":"ListItem","position":1,"name":"Home","item":"https:\/\/gojuteinternational.com\/es\/"},{"@type":"ListItem","position":2,"name":"Totes de algod\u00f3n 101"}]},{"@type":"WebSite","@id":"https:\/\/gojuteinternational.com\/es\/#website","url":"https:\/\/gojuteinternational.com\/es\/","name":"GoJute International","description":"Printed bags for business","publisher":{"@id":"https:\/\/gojuteinternational.com\/es\/#organization"},"alternateName":"GoJute","potentialAction":[{"@type":"SearchAction","target":{"@type":"EntryPoint","urlTemplate":"https:\/\/gojuteinternational.com\/es\/?s={search_term_string}"},"query-input":"required name=search_term_string"}],"inLanguage":"es"},{"@type":"Organization","@id":"https:\/\/gojuteinternational.com\/es\/#organization","name":"GoJute International","alternateName":"GoJute","url":"https:\/\/gojuteinternational.com\/es\/","logo":{"@type":"ImageObject","inLanguage":"es","@id":"https:\/\/gojuteinternational.com\/es\/#\/schema\/logo\/image\/","url":"https:\/\/gojuteinternational.com\/wp-content\/uploads\/2022\/06\/GoJute-Logo-RGB.png","contentUrl":"https:\/\/gojuteinternational.com\/wp-content\/uploads\/2022\/06\/GoJute-Logo-RGB.png","width":2000,"height":1809,"caption":"GoJute International"},"image":{"@id":"https:\/\/gojuteinternational.com\/es\/#\/schema\/logo\/image\/"},"sameAs":["https:\/\/www.facebook.com\/gojute","https:\/\/www.instagram.com\/gojute\/"]}]}},"_links":{"self":[{"href":"https:\/\/gojuteinternational.com\/es\/wp-json\/wp\/v2\/pages\/85472","targetHints":{"allow":["GET"]}}],"collection":[{"href":"https:\/\/gojuteinternational.com\/es\/wp-json\/wp\/v2\/pages"}],"about":[{"href":"https:\/\/gojuteinternational.com\/es\/wp-json\/wp\/v2\/types\/page"}],"author":[{"embeddable":true,"href":"https:\/\/gojuteinternational.com\/es\/wp-json\/wp\/v2\/users\/6996"}],"replies":[{"embeddable":true,"href":"https:\/\/gojuteinternational.com\/es\/wp-json\/wp\/v2\/comments?post=85472"}],"version-history":[{"count":4,"href":"https:\/\/gojuteinternational.com\/es\/wp-json\/wp\/v2\/pages\/85472\/revisions"}],"predecessor-version":[{"id":85989,"href":"https:\/\/gojuteinternational.com\/es\/wp-json\/wp\/v2\/pages\/85472\/revisions\/85989"}],"wp:attachment":[{"href":"https:\/\/gojuteinternational.com\/es\/wp-json\/wp\/v2\/media?parent=85472"}],"curies":[{"name":"wp","href":"https:\/\/api.w.org\/{rel}","templated":true}]}}