{"id":85484,"date":"2025-02-13T08:33:23","date_gmt":"2025-02-13T07:33:23","guid":{"rendered":"https:\/\/gojuteinternational.com\/juco-the-best-of-both-worlds\/"},"modified":"2025-02-25T07:14:54","modified_gmt":"2025-02-25T06:14:54","slug":"juco-the-best-of-both-worlds","status":"publish","type":"page","link":"https:\/\/gojuteinternational.com\/es\/juco-the-best-of-both-worlds\/","title":{"rendered":"Juco: Lo mejor de dos mundos"},"content":{"rendered":"\t\t<div data-elementor-type=\"wp-page\" data-elementor-id=\"85484\" class=\"elementor elementor-85484 elementor-85482\" data-elementor-post-type=\"page\">\n\t\t\t\t\t\t\t\t\t<section class=\"elementor-section elementor-top-section elementor-element elementor-element-e0a7900 elementor-section-boxed elementor-section-height-default elementor-section-height-default\" data-id=\"e0a7900\" data-element_type=\"section\">\n\t\t\t\t\t\t<div class=\"elementor-container elementor-column-gap-default\">\n\t\t\t\t\t<div class=\"elementor-column elementor-col-100 elementor-top-column elementor-element elementor-element-7dc632e\" data-id=\"7dc632e\" data-element_type=\"column\">\n\t\t\t<div class=\"elementor-widget-wrap elementor-element-populated\">\n\t\t\t\t\t\t\t\t<div class=\"elementor-element elementor-element-4323967 elementor-widget elementor-widget-spacer\" data-id=\"4323967\" data-element_type=\"widget\" data-widget_type=\"spacer.default\">\n\t\t\t\t<div class=\"elementor-widget-container\">\n\t\t\t<style>\/*! elementor - v3.18.0 - 20-12-2023 *\/\n.elementor-column .elementor-spacer-inner{height:var(--spacer-size)}.e-con{--container-widget-width:100%}.e-con-inner>.elementor-widget-spacer,.e-con>.elementor-widget-spacer{width:var(--container-widget-width,var(--spacer-size));--align-self:var(--container-widget-align-self,initial);--flex-shrink:0}.e-con-inner>.elementor-widget-spacer>.elementor-widget-container,.e-con>.elementor-widget-spacer>.elementor-widget-container{height:100%;width:100%}.e-con-inner>.elementor-widget-spacer>.elementor-widget-container>.elementor-spacer,.e-con>.elementor-widget-spacer>.elementor-widget-container>.elementor-spacer{height:100%}.e-con-inner>.elementor-widget-spacer>.elementor-widget-container>.elementor-spacer>.elementor-spacer-inner,.e-con>.elementor-widget-spacer>.elementor-widget-container>.elementor-spacer>.elementor-spacer-inner{height:var(--container-widget-height,var(--spacer-size))}.e-con-inner>.elementor-widget-spacer.elementor-widget-empty,.e-con>.elementor-widget-spacer.elementor-widget-empty{position:relative;min-height:22px;min-width:22px}.e-con-inner>.elementor-widget-spacer.elementor-widget-empty .elementor-widget-empty-icon,.e-con>.elementor-widget-spacer.elementor-widget-empty .elementor-widget-empty-icon{position:absolute;top:0;bottom:0;left:0;right:0;margin:auto;padding:0;width:22px;height:22px}<\/style>\t\t<div class=\"elementor-spacer\">\n\t\t\t<div class=\"elementor-spacer-inner\"><\/div>\n\t\t<\/div>\n\t\t\t\t<\/div>\n\t\t\t\t<\/div>\n\t\t\t\t\t<\/div>\n\t\t<\/div>\n\t\t\t\t\t\t\t<\/div>\n\t\t<\/section>\n\t\t\t\t<section class=\"elementor-section elementor-top-section elementor-element elementor-element-9d303ab elementor-section-boxed elementor-section-height-default elementor-section-height-default\" data-id=\"9d303ab\" data-element_type=\"section\">\n\t\t\t\t\t\t<div class=\"elementor-container elementor-column-gap-default\">\n\t\t\t\t\t<div class=\"elementor-column elementor-col-100 elementor-top-column elementor-element elementor-element-3f6fea8\" data-id=\"3f6fea8\" data-element_type=\"column\">\n\t\t\t<div class=\"elementor-widget-wrap elementor-element-populated\">\n\t\t\t\t\t\t\t\t<div class=\"elementor-element elementor-element-95f03ac elementor-widget elementor-widget-heading\" data-id=\"95f03ac\" data-element_type=\"widget\" data-widget_type=\"heading.default\">\n\t\t\t\t<div class=\"elementor-widget-container\">\n\t\t\t<style>\/*! elementor - v3.18.0 - 20-12-2023 *\/\n.elementor-heading-title{padding:0;margin:0;line-height:1}.elementor-widget-heading .elementor-heading-title[class*=elementor-size-]>a{color:inherit;font-size:inherit;line-height:inherit}.elementor-widget-heading .elementor-heading-title.elementor-size-small{font-size:15px}.elementor-widget-heading .elementor-heading-title.elementor-size-medium{font-size:19px}.elementor-widget-heading .elementor-heading-title.elementor-size-large{font-size:29px}.elementor-widget-heading .elementor-heading-title.elementor-size-xl{font-size:39px}.elementor-widget-heading .elementor-heading-title.elementor-size-xxl{font-size:59px}<\/style><h1 class=\"elementor-heading-title elementor-size-default\">Bolsas Juco: Salvando las distancias entre el yute y el algod\u00f3n\n\n\n<\/h1>\t\t<\/div>\n\t\t\t\t<\/div>\n\t\t\t\t\t<\/div>\n\t\t<\/div>\n\t\t\t\t\t\t\t<\/div>\n\t\t<\/section>\n\t\t\t\t<section class=\"elementor-section elementor-top-section elementor-element elementor-element-eb2c130 elementor-section-boxed elementor-section-height-default elementor-section-height-default\" data-id=\"eb2c130\" data-element_type=\"section\">\n\t\t\t\t\t\t<div class=\"elementor-container elementor-column-gap-default\">\n\t\t\t\t\t<div class=\"elementor-column elementor-col-100 elementor-top-column elementor-element elementor-element-97d1d4e\" data-id=\"97d1d4e\" data-element_type=\"column\">\n\t\t\t<div class=\"elementor-widget-wrap elementor-element-populated\">\n\t\t\t\t\t\t\t\t<div class=\"elementor-element elementor-element-7749df0 elementor-widget elementor-widget-text-editor\" data-id=\"7749df0\" data-element_type=\"widget\" data-widget_type=\"text-editor.default\">\n\t\t\t\t<div class=\"elementor-widget-container\">\n\t\t\t<style>\/*! elementor - v3.18.0 - 20-12-2023 *\/\n.elementor-widget-text-editor.elementor-drop-cap-view-stacked .elementor-drop-cap{background-color:#69727d;color:#fff}.elementor-widget-text-editor.elementor-drop-cap-view-framed .elementor-drop-cap{color:#69727d;border:3px solid;background-color:transparent}.elementor-widget-text-editor:not(.elementor-drop-cap-view-default) .elementor-drop-cap{margin-top:8px}.elementor-widget-text-editor:not(.elementor-drop-cap-view-default) .elementor-drop-cap-letter{width:1em;height:1em}.elementor-widget-text-editor .elementor-drop-cap{float:left;text-align:center;line-height:1;font-size:50px}.elementor-widget-text-editor .elementor-drop-cap-letter{display:inline-block}<\/style>\t\t\t\t<p>En la b\u00fasqueda del material ideal para una bolsa de mano, el yute y el algod\u00f3n suelen encabezar la lista. Pero, \u00bfy si existiera un tejido que combinara las mejores cualidades de ambos?  El juco es una mezcla que ofrece la resistencia del yute y la suavidad del algod\u00f3n. En este art\u00edculo exploraremos por qu\u00e9 el juco est\u00e1 ganando adeptos entre las marcas ecol\u00f3gicas y los consumidores. <\/p>\n<h2> <\/h2>\n<h2>\u00bfQu\u00e9 es el Juco?<\/h2>\n<p>El juco es un tejido mezclado compuesto de yute y algod\u00f3n. Aunque la proporci\u00f3n puede variar, una mezcla com\u00fan es 70% yute y 30% algod\u00f3n. El resultado es un material de textura m\u00e1s refinada que el yute puro, pero que conserva su durabilidad y sostenibilidad. Las bolsas Juco logran un equilibrio entre una resistencia robusta y un acabado pulido, lo que las convierte en una opci\u00f3n atractiva para quienes encuentran el yute un poco demasiado basto y el algod\u00f3n un poco demasiado suave.   <\/p>\n<\/p>\n<h2>Credenciales ecol\u00f3gicas<\/h2>\n<ul>\n<li>Mezcla de fibras naturales: Tanto el yute como el algod\u00f3n proceden de fuentes renovables, lo que reduce la dependencia de los sint\u00e9ticos.<\/li>\n<li>Menor huella de carbono: Al igual que el yute, las plantas utilizadas en la producci\u00f3n de juco ayudan a absorber el di\u00f3xido de carbono.<\/li>\n<li>Componentes biodegradables: Aunque la mezcla ralentiza la descomposici\u00f3n en comparaci\u00f3n con el yute puro, los materiales de yute siguen descomponi\u00e9ndose en gran medida con el tiempo.<\/li>\n<\/ul>\n<\/p>\n<h2>\u00bfPor qu\u00e9 elegir Juco?<\/h2>\n<ul>\n<li>Mayor durabilidad: Las resistentes fibras del yute se ven reforzadas por la resistencia a la tracci\u00f3n del algod\u00f3n.<\/li>\n<li>Superficie m\u00e1s suave: La mezcla de algod\u00f3n crea una textura m\u00e1s apta para los estampados detallados.<\/li>\n<li>Versatilidad con estilo: El Juco puede te\u00f1irse o dise\u00f1arse de varias formas, perfecto para el merchandising de marca o para los compradores a la moda.<\/li>\n<\/ul>\n<\/p>\n<h2>Usos y aplicaciones populares<\/h2>\n<ul>\n<li>Bolsas promocionales: Las empresas que quieren hacer una \u00abdeclaraci\u00f3n verde\u00bb a menudo optan por el juco para impresionar a sus clientes.<\/li>\n<li>Cestos para comestibles: Suficientemente resistentes para manejar conservas y productos agr\u00edcolas.<\/li>\n<li>Bolsos de playa o para todos los d\u00edas: A\u00f1ade un toque moderno y natural a los conjuntos cotidianos.<\/li>\n<\/ul>\n<\/p>\n<h2>Cuidado y mantenimiento<\/h2>\n<ul>\n<li>Limpieza puntual: Se recomienda un enfoque suave. Un lavado excesivo puede da\u00f1ar las fibras de yute. <\/li>\n<li>Evita el remojo: La exposici\u00f3n prolongada al agua puede causar encogimiento o deformaci\u00f3n.<\/li>\n<li>Secado al aire: Cuelga la bolsa en un lugar c\u00e1lido y ventilado para evitar la formaci\u00f3n de moho y malos olores.<\/li>\n<\/ul>\n<\/p>\n<h2>Conclusi\u00f3n<\/h2>\n<p>El juco ofrece el t\u00e9rmino medio perfecto para quienes aprecian la sostenibilidad del yute pero desean una sensaci\u00f3n m\u00e1s suave en la punta de los dedos. Tanto si eres un minorista que necesita un producto promocional destacado como si eres un particular que busca una bolsa ecol\u00f3gica para el d\u00eda a d\u00eda, el yute es una elecci\u00f3n inteligente que combina funcionalidad y estilo. <\/p><\/p>\n\t\t\t\t\t\t<\/div>\n\t\t\t\t<\/div>\n\t\t\t\t\t<\/div>\n\t\t<\/div>\n\t\t\t\t\t\t\t<\/div>\n\t\t<\/section>\n\t\t\t\t\t\t\t<\/div>\n\t\t","protected":false},"excerpt":{"rendered":"<p>Bolsas Juco: Salvando las distancias entre el yute y el algod\u00f3n En la b\u00fasqueda del material ideal para una bolsa de mano, el yute y el algod\u00f3n suelen encabezar la lista. Pero, \u00bfy si existiera un tejido que combinara las mejores cualidades de ambos? El juco es una mezcla que ofrece la resistencia del yute [&hellip;]<\/p>\n","protected":false},"author":6996,"featured_media":0,"parent":0,"menu_order":0,"comment_status":"closed","ping_status":"closed","template":"elementor_header_footer","meta":{"content-type":"","_monsterinsights_skip_tracking":false,"_monsterinsights_sitenote_active":false,"_monsterinsights_sitenote_note":"","_monsterinsights_sitenote_category":0,"footnotes":""},"class_list":["post-85484","page","type-page","status-publish","hentry"],"yoast_head":"<!-- This site is optimized with the Yoast SEO plugin v21.7 - https:\/\/yoast.com\/wordpress\/plugins\/seo\/ -->\n<title>Bolsas Juco: Salvando las distancias entre el yute y el algod\u00f3n<\/title>\n<meta name=\"description\" content=\"Explora c\u00f3mo el juco combina la resistencia del yute con la suavidad del algod\u00f3n. Descubre sus ventajas ecol\u00f3gicas, de estilo y de cuidado.\" \/>\n<meta name=\"robots\" content=\"index, follow, max-snippet:-1, max-image-preview:large, max-video-preview:-1\" \/>\n<link rel=\"canonical\" href=\"https:\/\/gojuteinternational.com\/es\/juco-the-best-of-both-worlds\/\" \/>\n<meta property=\"og:locale\" content=\"es_ES\" \/>\n<meta property=\"og:type\" content=\"article\" \/>\n<meta property=\"og:title\" content=\"Bolsas Juco: Salvando las distancias entre el yute y el algod\u00f3n\" \/>\n<meta property=\"og:description\" content=\"Explora c\u00f3mo el juco combina la resistencia del yute con la suavidad del algod\u00f3n. Descubre sus ventajas ecol\u00f3gicas, de estilo y de cuidado.\" \/>\n<meta property=\"og:url\" content=\"https:\/\/gojuteinternational.com\/es\/juco-the-best-of-both-worlds\/\" \/>\n<meta property=\"og:site_name\" content=\"GoJute International\" \/>\n<meta property=\"article:publisher\" content=\"https:\/\/www.facebook.com\/gojute\" \/>\n<meta property=\"article:modified_time\" content=\"2025-02-25T06:14:54+00:00\" \/>\n<meta name=\"twitter:card\" content=\"summary_large_image\" \/>\n<meta name=\"twitter:label1\" content=\"Tiempo de lectura\" \/>\n\t<meta name=\"twitter:data1\" content=\"3 minutos\" \/>\n<script type=\"application\/ld+json\" class=\"yoast-schema-graph\">{\"@context\":\"https:\/\/schema.org\",\"@graph\":[{\"@type\":\"WebPage\",\"@id\":\"https:\/\/gojuteinternational.com\/es\/juco-the-best-of-both-worlds\/\",\"url\":\"https:\/\/gojuteinternational.com\/es\/juco-the-best-of-both-worlds\/\",\"name\":\"Bolsas Juco: Salvando las distancias entre el yute y el algod\u00f3n\",\"isPartOf\":{\"@id\":\"https:\/\/gojuteinternational.com\/es\/#website\"},\"datePublished\":\"2025-02-13T07:33:23+00:00\",\"dateModified\":\"2025-02-25T06:14:54+00:00\",\"description\":\"Explora c\u00f3mo el juco combina la resistencia del yute con la suavidad del algod\u00f3n. Descubre sus ventajas ecol\u00f3gicas, de estilo y de cuidado.\",\"breadcrumb\":{\"@id\":\"https:\/\/gojuteinternational.com\/es\/juco-the-best-of-both-worlds\/#breadcrumb\"},\"inLanguage\":\"es\",\"potentialAction\":[{\"@type\":\"ReadAction\",\"target\":[\"https:\/\/gojuteinternational.com\/es\/juco-the-best-of-both-worlds\/\"]}]},{\"@type\":\"BreadcrumbList\",\"@id\":\"https:\/\/gojuteinternational.com\/es\/juco-the-best-of-both-worlds\/#breadcrumb\",\"itemListElement\":[{\"@type\":\"ListItem\",\"position\":1,\"name\":\"Home\",\"item\":\"https:\/\/gojuteinternational.com\/es\/\"},{\"@type\":\"ListItem\",\"position\":2,\"name\":\"Juco: Lo mejor de dos mundos\"}]},{\"@type\":\"WebSite\",\"@id\":\"https:\/\/gojuteinternational.com\/es\/#website\",\"url\":\"https:\/\/gojuteinternational.com\/es\/\",\"name\":\"GoJute International\",\"description\":\"Printed bags for business\",\"publisher\":{\"@id\":\"https:\/\/gojuteinternational.com\/es\/#organization\"},\"alternateName\":\"GoJute\",\"potentialAction\":[{\"@type\":\"SearchAction\",\"target\":{\"@type\":\"EntryPoint\",\"urlTemplate\":\"https:\/\/gojuteinternational.com\/es\/?s={search_term_string}\"},\"query-input\":\"required name=search_term_string\"}],\"inLanguage\":\"es\"},{\"@type\":\"Organization\",\"@id\":\"https:\/\/gojuteinternational.com\/es\/#organization\",\"name\":\"GoJute International\",\"alternateName\":\"GoJute\",\"url\":\"https:\/\/gojuteinternational.com\/es\/\",\"logo\":{\"@type\":\"ImageObject\",\"inLanguage\":\"es\",\"@id\":\"https:\/\/gojuteinternational.com\/es\/#\/schema\/logo\/image\/\",\"url\":\"https:\/\/gojuteinternational.com\/wp-content\/uploads\/2022\/06\/GoJute-Logo-RGB.png\",\"contentUrl\":\"https:\/\/gojuteinternational.com\/wp-content\/uploads\/2022\/06\/GoJute-Logo-RGB.png\",\"width\":2000,\"height\":1809,\"caption\":\"GoJute International\"},\"image\":{\"@id\":\"https:\/\/gojuteinternational.com\/es\/#\/schema\/logo\/image\/\"},\"sameAs\":[\"https:\/\/www.facebook.com\/gojute\",\"https:\/\/www.instagram.com\/gojute\/\"]}]}<\/script>\n<!-- \/ Yoast SEO plugin. -->","yoast_head_json":{"title":"Bolsas Juco: Salvando las distancias entre el yute y el algod\u00f3n","description":"Explora c\u00f3mo el juco combina la resistencia del yute con la suavidad del algod\u00f3n. Descubre sus ventajas ecol\u00f3gicas, de estilo y de cuidado.","robots":{"index":"index","follow":"follow","max-snippet":"max-snippet:-1","max-image-preview":"max-image-preview:large","max-video-preview":"max-video-preview:-1"},"canonical":"https:\/\/gojuteinternational.com\/es\/juco-the-best-of-both-worlds\/","og_locale":"es_ES","og_type":"article","og_title":"Bolsas Juco: Salvando las distancias entre el yute y el algod\u00f3n","og_description":"Explora c\u00f3mo el juco combina la resistencia del yute con la suavidad del algod\u00f3n. Descubre sus ventajas ecol\u00f3gicas, de estilo y de cuidado.","og_url":"https:\/\/gojuteinternational.com\/es\/juco-the-best-of-both-worlds\/","og_site_name":"GoJute International","article_publisher":"https:\/\/www.facebook.com\/gojute","article_modified_time":"2025-02-25T06:14:54+00:00","twitter_card":"summary_large_image","twitter_misc":{"Tiempo de lectura":"3 minutos"},"schema":{"@context":"https:\/\/schema.org","@graph":[{"@type":"WebPage","@id":"https:\/\/gojuteinternational.com\/es\/juco-the-best-of-both-worlds\/","url":"https:\/\/gojuteinternational.com\/es\/juco-the-best-of-both-worlds\/","name":"Bolsas Juco: Salvando las distancias entre el yute y el algod\u00f3n","isPartOf":{"@id":"https:\/\/gojuteinternational.com\/es\/#website"},"datePublished":"2025-02-13T07:33:23+00:00","dateModified":"2025-02-25T06:14:54+00:00","description":"Explora c\u00f3mo el juco combina la resistencia del yute con la suavidad del algod\u00f3n. Descubre sus ventajas ecol\u00f3gicas, de estilo y de cuidado.","breadcrumb":{"@id":"https:\/\/gojuteinternational.com\/es\/juco-the-best-of-both-worlds\/#breadcrumb"},"inLanguage":"es","potentialAction":[{"@type":"ReadAction","target":["https:\/\/gojuteinternational.com\/es\/juco-the-best-of-both-worlds\/"]}]},{"@type":"BreadcrumbList","@id":"https:\/\/gojuteinternational.com\/es\/juco-the-best-of-both-worlds\/#breadcrumb","itemListElement":[{"@type":"ListItem","position":1,"name":"Home","item":"https:\/\/gojuteinternational.com\/es\/"},{"@type":"ListItem","position":2,"name":"Juco: Lo mejor de dos mundos"}]},{"@type":"WebSite","@id":"https:\/\/gojuteinternational.com\/es\/#website","url":"https:\/\/gojuteinternational.com\/es\/","name":"GoJute International","description":"Printed bags for business","publisher":{"@id":"https:\/\/gojuteinternational.com\/es\/#organization"},"alternateName":"GoJute","potentialAction":[{"@type":"SearchAction","target":{"@type":"EntryPoint","urlTemplate":"https:\/\/gojuteinternational.com\/es\/?s={search_term_string}"},"query-input":"required name=search_term_string"}],"inLanguage":"es"},{"@type":"Organization","@id":"https:\/\/gojuteinternational.com\/es\/#organization","name":"GoJute International","alternateName":"GoJute","url":"https:\/\/gojuteinternational.com\/es\/","logo":{"@type":"ImageObject","inLanguage":"es","@id":"https:\/\/gojuteinternational.com\/es\/#\/schema\/logo\/image\/","url":"https:\/\/gojuteinternational.com\/wp-content\/uploads\/2022\/06\/GoJute-Logo-RGB.png","contentUrl":"https:\/\/gojuteinternational.com\/wp-content\/uploads\/2022\/06\/GoJute-Logo-RGB.png","width":2000,"height":1809,"caption":"GoJute International"},"image":{"@id":"https:\/\/gojuteinternational.com\/es\/#\/schema\/logo\/image\/"},"sameAs":["https:\/\/www.facebook.com\/gojute","https:\/\/www.instagram.com\/gojute\/"]}]}},"_links":{"self":[{"href":"https:\/\/gojuteinternational.com\/es\/wp-json\/wp\/v2\/pages\/85484","targetHints":{"allow":["GET"]}}],"collection":[{"href":"https:\/\/gojuteinternational.com\/es\/wp-json\/wp\/v2\/pages"}],"about":[{"href":"https:\/\/gojuteinternational.com\/es\/wp-json\/wp\/v2\/types\/page"}],"author":[{"embeddable":true,"href":"https:\/\/gojuteinternational.com\/es\/wp-json\/wp\/v2\/users\/6996"}],"replies":[{"embeddable":true,"href":"https:\/\/gojuteinternational.com\/es\/wp-json\/wp\/v2\/comments?post=85484"}],"version-history":[{"count":5,"href":"https:\/\/gojuteinternational.com\/es\/wp-json\/wp\/v2\/pages\/85484\/revisions"}],"predecessor-version":[{"id":86083,"href":"https:\/\/gojuteinternational.com\/es\/wp-json\/wp\/v2\/pages\/85484\/revisions\/86083"}],"wp:attachment":[{"href":"https:\/\/gojuteinternational.com\/es\/wp-json\/wp\/v2\/media?parent=85484"}],"curies":[{"name":"wp","href":"https:\/\/api.w.org\/{rel}","templated":true}]}}