{"id":85656,"date":"2025-02-19T09:55:11","date_gmt":"2025-02-19T08:55:11","guid":{"rendered":"https:\/\/gojuteinternational.com\/juco-vs-cotton-vs-jute-pros-cons\/"},"modified":"2025-02-25T07:14:54","modified_gmt":"2025-02-25T06:14:54","slug":"juco-vs-cotton-vs-jute-pros-cons","status":"publish","type":"page","link":"https:\/\/gojuteinternational.com\/es\/juco-vs-cotton-vs-jute-pros-cons\/","title":{"rendered":"Juco vs. Algod\u00f3n vs. Yute: Pros y Contras"},"content":{"rendered":"\t\t<div data-elementor-type=\"wp-page\" data-elementor-id=\"85656\" class=\"elementor elementor-85656 elementor-85653\" data-elementor-post-type=\"page\">\n\t\t\t\t\t\t\t\t\t<section class=\"elementor-section elementor-top-section elementor-element elementor-element-5777848 elementor-section-boxed elementor-section-height-default elementor-section-height-default\" data-id=\"5777848\" data-element_type=\"section\">\n\t\t\t\t\t\t<div class=\"elementor-container elementor-column-gap-default\">\n\t\t\t\t\t<div class=\"elementor-column elementor-col-100 elementor-top-column elementor-element elementor-element-020fe84\" data-id=\"020fe84\" data-element_type=\"column\">\n\t\t\t<div class=\"elementor-widget-wrap elementor-element-populated\">\n\t\t\t\t\t\t\t\t<div class=\"elementor-element elementor-element-a04175d elementor-widget elementor-widget-spacer\" data-id=\"a04175d\" data-element_type=\"widget\" data-widget_type=\"spacer.default\">\n\t\t\t\t<div class=\"elementor-widget-container\">\n\t\t\t<style>\/*! elementor - v3.18.0 - 20-12-2023 *\/\n.elementor-column .elementor-spacer-inner{height:var(--spacer-size)}.e-con{--container-widget-width:100%}.e-con-inner>.elementor-widget-spacer,.e-con>.elementor-widget-spacer{width:var(--container-widget-width,var(--spacer-size));--align-self:var(--container-widget-align-self,initial);--flex-shrink:0}.e-con-inner>.elementor-widget-spacer>.elementor-widget-container,.e-con>.elementor-widget-spacer>.elementor-widget-container{height:100%;width:100%}.e-con-inner>.elementor-widget-spacer>.elementor-widget-container>.elementor-spacer,.e-con>.elementor-widget-spacer>.elementor-widget-container>.elementor-spacer{height:100%}.e-con-inner>.elementor-widget-spacer>.elementor-widget-container>.elementor-spacer>.elementor-spacer-inner,.e-con>.elementor-widget-spacer>.elementor-widget-container>.elementor-spacer>.elementor-spacer-inner{height:var(--container-widget-height,var(--spacer-size))}.e-con-inner>.elementor-widget-spacer.elementor-widget-empty,.e-con>.elementor-widget-spacer.elementor-widget-empty{position:relative;min-height:22px;min-width:22px}.e-con-inner>.elementor-widget-spacer.elementor-widget-empty .elementor-widget-empty-icon,.e-con>.elementor-widget-spacer.elementor-widget-empty .elementor-widget-empty-icon{position:absolute;top:0;bottom:0;left:0;right:0;margin:auto;padding:0;width:22px;height:22px}<\/style>\t\t<div class=\"elementor-spacer\">\n\t\t\t<div class=\"elementor-spacer-inner\"><\/div>\n\t\t<\/div>\n\t\t\t\t<\/div>\n\t\t\t\t<\/div>\n\t\t\t\t<div class=\"elementor-element elementor-element-015c37e elementor-widget elementor-widget-heading\" data-id=\"015c37e\" data-element_type=\"widget\" data-widget_type=\"heading.default\">\n\t\t\t\t<div class=\"elementor-widget-container\">\n\t\t\t<style>\/*! elementor - v3.18.0 - 20-12-2023 *\/\n.elementor-heading-title{padding:0;margin:0;line-height:1}.elementor-widget-heading .elementor-heading-title[class*=elementor-size-]>a{color:inherit;font-size:inherit;line-height:inherit}.elementor-widget-heading .elementor-heading-title.elementor-size-small{font-size:15px}.elementor-widget-heading .elementor-heading-title.elementor-size-medium{font-size:19px}.elementor-widget-heading .elementor-heading-title.elementor-size-large{font-size:29px}.elementor-widget-heading .elementor-heading-title.elementor-size-xl{font-size:39px}.elementor-widget-heading .elementor-heading-title.elementor-size-xxl{font-size:59px}<\/style><h1 class=\"elementor-heading-title elementor-size-default\">Juco vs. Algod\u00f3n vs. Yute: \u00bfQu\u00e9 material ecol\u00f3gico para bolsas debes elegir?<\/h1>\t\t<\/div>\n\t\t\t\t<\/div>\n\t\t\t\t<div class=\"elementor-element elementor-element-3bcf7aa elementor-widget elementor-widget-text-editor\" data-id=\"3bcf7aa\" data-element_type=\"widget\" data-widget_type=\"text-editor.default\">\n\t\t\t\t<div class=\"elementor-widget-container\">\n\t\t\t<style>\/*! elementor - v3.18.0 - 20-12-2023 *\/\n.elementor-widget-text-editor.elementor-drop-cap-view-stacked .elementor-drop-cap{background-color:#69727d;color:#fff}.elementor-widget-text-editor.elementor-drop-cap-view-framed .elementor-drop-cap{color:#69727d;border:3px solid;background-color:transparent}.elementor-widget-text-editor:not(.elementor-drop-cap-view-default) .elementor-drop-cap{margin-top:8px}.elementor-widget-text-editor:not(.elementor-drop-cap-view-default) .elementor-drop-cap-letter{width:1em;height:1em}.elementor-widget-text-editor .elementor-drop-cap{float:left;text-align:center;line-height:1;font-size:50px}.elementor-widget-text-editor .elementor-drop-cap-letter{display:inline-block}<\/style>\t\t\t\t<p>Cuando buscas una bolsa ecol\u00f3gica o promocional, a menudo surgen tres nombres: yute, algod\u00f3n y juco. Cada fibra tiene sus propias ventajas en cuanto a sostenibilidad, coste y est\u00e9tica. En esta gu\u00eda comparativa, profundizaremos en los pros y los contras del juco, el algod\u00f3n y el yute para ayudarte a determinar cu\u00e1l se ajusta mejor a tus necesidades.  <\/p>\n<h3> <\/h3>\n<h3>1. El yute: El cl\u00e1sico resistente<\/h3>\n<p><strong>Pros<\/strong><br \/>\u25cf Muy duraderas: El tejido grueso resiste bien las cargas pesadas.<br \/>\u25cf Respetuoso con el medio ambiente: Cultivo de crecimiento r\u00e1pido con menores necesidades de agua.<br \/>\u25cf Textura distintiva: Aspecto natural y r\u00fastico que atrae a muchas marcas.<\/p>\n<p><strong>Contras<\/strong><br \/>\u25cf Superficie rugosa: No siempre acepta impresiones detalladas tan limpiamente como otros tejidos m\u00e1s lisos.<br \/>\u25cf Limitaciones de cuidado: El lavado a m\u00e1quina puede debilitar o encoger las fibras.<br \/>\u25cf Variedad de colores limitada: El yute puro puede ser m\u00e1s dif\u00edcil de te\u00f1ir que el algod\u00f3n.<\/p>\n<h3> <\/h3>\n<h3>2. Juco: Lo mejor de dos mundos<\/h3>\n<p><strong>Pros<\/strong><br \/>\u25cf Textura equilibrada: Combina la robustez del yute con la suavidad del algod\u00f3n.<br \/>\u25cf Acabado refinado: M\u00e1s f\u00e1cil de imprimir logotipos o dise\u00f1os detallados en comparaci\u00f3n con el yute rugoso.<br \/>\u25cf Mezcla sostenible: Tanto el yute como el algod\u00f3n son biodegradables y renovables.<\/p>\n<p><strong>Contras<\/strong><br \/>\u25cf Coste ligeramente superior: Generalmente m\u00e1s caro que el yute est\u00e1ndar.<br \/>\u25cf Menos com\u00fan: No est\u00e1 tan disponible como el algod\u00f3n puro o el yute, por lo que las opciones de color pueden ser limitadas.<br \/>\u25cf Sigue requiriendo un lavado cuidadoso: Un remojo prolongado puede da\u00f1ar las fibras de yute.<\/p>\n<h3> <\/h3>\n<h3>3. El algod\u00f3n: El vers\u00e1til de todos los d\u00edas<\/h3>\n<p><strong>Pros<\/strong><br \/>\u25cf Suave y transpirable: C\u00f3modo de llevar y suave con los productos.<br \/>\u25cf Excelente para imprimir: La serigraf\u00eda, el bordado o el DTG funcionan bien en algod\u00f3n.<br \/>\u25cf F\u00e1cil de lavar: La mayor\u00eda de las bolsas de algod\u00f3n se pueden lavar a m\u00e1quina.<\/p>\n<p><strong>Contras<\/strong><br \/>\u25cf Huella ecol\u00f3gica variable: El algod\u00f3n convencional puede consumir muchos recursos (agua, pesticidas).<br \/>\u25cf Menos r\u00edgido: Puede que no se mantenga erguida por s\u00ed sola.<br \/>\u25cf Puede necesitar lavados m\u00e1s frecuentes: Los colores claros, en particular, pueden mostrar la suciedad con facilidad.<\/p>\n<h3> <\/h3>\n<h3>\u00bfCu\u00e1l es el adecuado para ti?<\/h3>\n<p>\u25cf Est\u00e9tica de marca: Si quieres un aspecto natural y r\u00fastico, el yute puede ser tu mejor opci\u00f3n. Para un ambiente m\u00e1s limpio y refinado, el juco o el algod\u00f3n podr\u00edan encajar mejor. <br \/>\u25cf Calidad de impresi\u00f3n: Por lo general, el algod\u00f3n y el juco manejan las impresiones detalladas con m\u00e1s suavidad que el yute.<br \/>\u25cf Presupuesto y disponibilidad: Si necesitas un presupuesto asequible y de f\u00e1cil acceso, el algod\u00f3n suele ganar. El juco, al ser una mezcla, puede ser m\u00e1s caro. <br \/>\u25cf Requisitos de sostenibilidad: Los tres son biodegradables, pero el yute y el juco suelen tener una huella h\u00eddrica menor que el algod\u00f3n convencional. Busca algod\u00f3n org\u00e1nico si la sostenibilidad es una prioridad m\u00e1xima. <\/p>\n<h3> <\/h3>\n<h3>Conclusi\u00f3n<\/h3>\n<p>El juco, el algod\u00f3n y el yute aportan ventajas distintas. El yute ofrece una resistencia inigualable con un toque r\u00fastico, el juco presenta una mezcla equilibrada de durabilidad y suavidad, y el algod\u00f3n proporciona versatilidad cotidiana y comodidad de f\u00e1cil cuidado. Tu decisi\u00f3n final depender\u00e1 de tu p\u00fablico objetivo, tus objetivos de marca y tu presupuesto. Sea cual sea el material que elijas, GoJuteInternational puede ayudarte a personalizar una bolsa que refleje tu compromiso con la vida ecol\u00f3gica.   <\/p>\n\t\t\t\t\t\t<\/div>\n\t\t\t\t<\/div>\n\t\t\t\t\t<\/div>\n\t\t<\/div>\n\t\t\t\t\t\t\t<\/div>\n\t\t<\/section>\n\t\t\t\t<section class=\"elementor-section elementor-top-section elementor-element elementor-element-b3da03c elementor-section-boxed elementor-section-height-default elementor-section-height-default\" data-id=\"b3da03c\" data-element_type=\"section\">\n\t\t\t\t\t\t<div class=\"elementor-container elementor-column-gap-default\">\n\t\t\t\t\t<div class=\"elementor-column elementor-col-100 elementor-top-column elementor-element elementor-element-ebf0aa8\" data-id=\"ebf0aa8\" data-element_type=\"column\">\n\t\t\t<div class=\"elementor-widget-wrap\">\n\t\t\t\t\t\t\t\t\t<\/div>\n\t\t<\/div>\n\t\t\t\t\t\t\t<\/div>\n\t\t<\/section>\n\t\t\t\t\t\t\t<\/div>\n\t\t","protected":false},"excerpt":{"rendered":"<p>Juco vs. Algod\u00f3n vs. Yute: \u00bfQu\u00e9 material ecol\u00f3gico para bolsas debes elegir? Cuando buscas una bolsa ecol\u00f3gica o promocional, a menudo surgen tres nombres: yute, algod\u00f3n y juco. Cada fibra tiene sus propias ventajas en cuanto a sostenibilidad, coste y est\u00e9tica. En esta gu\u00eda comparativa, profundizaremos en los pros y los contras del juco, el [&hellip;]<\/p>\n","protected":false},"author":6996,"featured_media":0,"parent":0,"menu_order":0,"comment_status":"closed","ping_status":"closed","template":"elementor_header_footer","meta":{"content-type":"","_monsterinsights_skip_tracking":false,"_monsterinsights_sitenote_active":false,"_monsterinsights_sitenote_note":"","_monsterinsights_sitenote_category":0,"footnotes":""},"class_list":["post-85656","page","type-page","status-publish","hentry"],"yoast_head":"<!-- This site is optimized with the Yoast SEO plugin v21.7 - https:\/\/yoast.com\/wordpress\/plugins\/seo\/ -->\n<title>Juco vs. Algod\u00f3n vs. Yute: Pros y Contras de las Bolsas Ecol\u00f3gicas<\/title>\n<meta name=\"description\" content=\"\u00bfTe preguntas qu\u00e9 material para bolsas se adapta a tus necesidades? Compara el encanto r\u00fastico del yute, la mezcla equilibrada del juco y la versatilidad del algod\u00f3n para tomar una decisi\u00f3n informada.\" \/>\n<meta name=\"robots\" content=\"index, follow, max-snippet:-1, max-image-preview:large, max-video-preview:-1\" \/>\n<link rel=\"canonical\" href=\"https:\/\/gojuteinternational.com\/es\/juco-vs-cotton-vs-jute-pros-cons\/\" \/>\n<meta property=\"og:locale\" content=\"es_ES\" \/>\n<meta property=\"og:type\" content=\"article\" \/>\n<meta property=\"og:title\" content=\"Juco vs. Algod\u00f3n vs. Yute: Pros y Contras de las Bolsas Ecol\u00f3gicas\" \/>\n<meta property=\"og:description\" content=\"\u00bfTe preguntas qu\u00e9 material para bolsas se adapta a tus necesidades? Compara el encanto r\u00fastico del yute, la mezcla equilibrada del juco y la versatilidad del algod\u00f3n para tomar una decisi\u00f3n informada.\" \/>\n<meta property=\"og:url\" content=\"https:\/\/gojuteinternational.com\/es\/juco-vs-cotton-vs-jute-pros-cons\/\" \/>\n<meta property=\"og:site_name\" content=\"GoJute International\" \/>\n<meta property=\"article:publisher\" content=\"https:\/\/www.facebook.com\/gojute\" \/>\n<meta property=\"article:modified_time\" content=\"2025-02-25T06:14:54+00:00\" \/>\n<meta name=\"twitter:card\" content=\"summary_large_image\" \/>\n<meta name=\"twitter:label1\" content=\"Tiempo de lectura\" \/>\n\t<meta name=\"twitter:data1\" content=\"3 minutos\" \/>\n<script type=\"application\/ld+json\" class=\"yoast-schema-graph\">{\"@context\":\"https:\/\/schema.org\",\"@graph\":[{\"@type\":\"WebPage\",\"@id\":\"https:\/\/gojuteinternational.com\/es\/juco-vs-cotton-vs-jute-pros-cons\/\",\"url\":\"https:\/\/gojuteinternational.com\/es\/juco-vs-cotton-vs-jute-pros-cons\/\",\"name\":\"Juco vs. Algod\u00f3n vs. Yute: Pros y Contras de las Bolsas Ecol\u00f3gicas\",\"isPartOf\":{\"@id\":\"https:\/\/gojuteinternational.com\/es\/#website\"},\"datePublished\":\"2025-02-19T08:55:11+00:00\",\"dateModified\":\"2025-02-25T06:14:54+00:00\",\"description\":\"\u00bfTe preguntas qu\u00e9 material para bolsas se adapta a tus necesidades? Compara el encanto r\u00fastico del yute, la mezcla equilibrada del juco y la versatilidad del algod\u00f3n para tomar una decisi\u00f3n informada.\",\"breadcrumb\":{\"@id\":\"https:\/\/gojuteinternational.com\/es\/juco-vs-cotton-vs-jute-pros-cons\/#breadcrumb\"},\"inLanguage\":\"es\",\"potentialAction\":[{\"@type\":\"ReadAction\",\"target\":[\"https:\/\/gojuteinternational.com\/es\/juco-vs-cotton-vs-jute-pros-cons\/\"]}]},{\"@type\":\"BreadcrumbList\",\"@id\":\"https:\/\/gojuteinternational.com\/es\/juco-vs-cotton-vs-jute-pros-cons\/#breadcrumb\",\"itemListElement\":[{\"@type\":\"ListItem\",\"position\":1,\"name\":\"Home\",\"item\":\"https:\/\/gojuteinternational.com\/es\/\"},{\"@type\":\"ListItem\",\"position\":2,\"name\":\"Juco vs. Algod\u00f3n vs. Yute: Pros y Contras\"}]},{\"@type\":\"WebSite\",\"@id\":\"https:\/\/gojuteinternational.com\/es\/#website\",\"url\":\"https:\/\/gojuteinternational.com\/es\/\",\"name\":\"GoJute International\",\"description\":\"Printed bags for business\",\"publisher\":{\"@id\":\"https:\/\/gojuteinternational.com\/es\/#organization\"},\"alternateName\":\"GoJute\",\"potentialAction\":[{\"@type\":\"SearchAction\",\"target\":{\"@type\":\"EntryPoint\",\"urlTemplate\":\"https:\/\/gojuteinternational.com\/es\/?s={search_term_string}\"},\"query-input\":\"required name=search_term_string\"}],\"inLanguage\":\"es\"},{\"@type\":\"Organization\",\"@id\":\"https:\/\/gojuteinternational.com\/es\/#organization\",\"name\":\"GoJute International\",\"alternateName\":\"GoJute\",\"url\":\"https:\/\/gojuteinternational.com\/es\/\",\"logo\":{\"@type\":\"ImageObject\",\"inLanguage\":\"es\",\"@id\":\"https:\/\/gojuteinternational.com\/es\/#\/schema\/logo\/image\/\",\"url\":\"https:\/\/gojuteinternational.com\/wp-content\/uploads\/2022\/06\/GoJute-Logo-RGB.png\",\"contentUrl\":\"https:\/\/gojuteinternational.com\/wp-content\/uploads\/2022\/06\/GoJute-Logo-RGB.png\",\"width\":2000,\"height\":1809,\"caption\":\"GoJute International\"},\"image\":{\"@id\":\"https:\/\/gojuteinternational.com\/es\/#\/schema\/logo\/image\/\"},\"sameAs\":[\"https:\/\/www.facebook.com\/gojute\",\"https:\/\/www.instagram.com\/gojute\/\"]}]}<\/script>\n<!-- \/ Yoast SEO plugin. -->","yoast_head_json":{"title":"Juco vs. Algod\u00f3n vs. Yute: Pros y Contras de las Bolsas Ecol\u00f3gicas","description":"\u00bfTe preguntas qu\u00e9 material para bolsas se adapta a tus necesidades? Compara el encanto r\u00fastico del yute, la mezcla equilibrada del juco y la versatilidad del algod\u00f3n para tomar una decisi\u00f3n informada.","robots":{"index":"index","follow":"follow","max-snippet":"max-snippet:-1","max-image-preview":"max-image-preview:large","max-video-preview":"max-video-preview:-1"},"canonical":"https:\/\/gojuteinternational.com\/es\/juco-vs-cotton-vs-jute-pros-cons\/","og_locale":"es_ES","og_type":"article","og_title":"Juco vs. Algod\u00f3n vs. Yute: Pros y Contras de las Bolsas Ecol\u00f3gicas","og_description":"\u00bfTe preguntas qu\u00e9 material para bolsas se adapta a tus necesidades? Compara el encanto r\u00fastico del yute, la mezcla equilibrada del juco y la versatilidad del algod\u00f3n para tomar una decisi\u00f3n informada.","og_url":"https:\/\/gojuteinternational.com\/es\/juco-vs-cotton-vs-jute-pros-cons\/","og_site_name":"GoJute International","article_publisher":"https:\/\/www.facebook.com\/gojute","article_modified_time":"2025-02-25T06:14:54+00:00","twitter_card":"summary_large_image","twitter_misc":{"Tiempo de lectura":"3 minutos"},"schema":{"@context":"https:\/\/schema.org","@graph":[{"@type":"WebPage","@id":"https:\/\/gojuteinternational.com\/es\/juco-vs-cotton-vs-jute-pros-cons\/","url":"https:\/\/gojuteinternational.com\/es\/juco-vs-cotton-vs-jute-pros-cons\/","name":"Juco vs. Algod\u00f3n vs. Yute: Pros y Contras de las Bolsas Ecol\u00f3gicas","isPartOf":{"@id":"https:\/\/gojuteinternational.com\/es\/#website"},"datePublished":"2025-02-19T08:55:11+00:00","dateModified":"2025-02-25T06:14:54+00:00","description":"\u00bfTe preguntas qu\u00e9 material para bolsas se adapta a tus necesidades? Compara el encanto r\u00fastico del yute, la mezcla equilibrada del juco y la versatilidad del algod\u00f3n para tomar una decisi\u00f3n informada.","breadcrumb":{"@id":"https:\/\/gojuteinternational.com\/es\/juco-vs-cotton-vs-jute-pros-cons\/#breadcrumb"},"inLanguage":"es","potentialAction":[{"@type":"ReadAction","target":["https:\/\/gojuteinternational.com\/es\/juco-vs-cotton-vs-jute-pros-cons\/"]}]},{"@type":"BreadcrumbList","@id":"https:\/\/gojuteinternational.com\/es\/juco-vs-cotton-vs-jute-pros-cons\/#breadcrumb","itemListElement":[{"@type":"ListItem","position":1,"name":"Home","item":"https:\/\/gojuteinternational.com\/es\/"},{"@type":"ListItem","position":2,"name":"Juco vs. Algod\u00f3n vs. Yute: Pros y Contras"}]},{"@type":"WebSite","@id":"https:\/\/gojuteinternational.com\/es\/#website","url":"https:\/\/gojuteinternational.com\/es\/","name":"GoJute International","description":"Printed bags for business","publisher":{"@id":"https:\/\/gojuteinternational.com\/es\/#organization"},"alternateName":"GoJute","potentialAction":[{"@type":"SearchAction","target":{"@type":"EntryPoint","urlTemplate":"https:\/\/gojuteinternational.com\/es\/?s={search_term_string}"},"query-input":"required name=search_term_string"}],"inLanguage":"es"},{"@type":"Organization","@id":"https:\/\/gojuteinternational.com\/es\/#organization","name":"GoJute International","alternateName":"GoJute","url":"https:\/\/gojuteinternational.com\/es\/","logo":{"@type":"ImageObject","inLanguage":"es","@id":"https:\/\/gojuteinternational.com\/es\/#\/schema\/logo\/image\/","url":"https:\/\/gojuteinternational.com\/wp-content\/uploads\/2022\/06\/GoJute-Logo-RGB.png","contentUrl":"https:\/\/gojuteinternational.com\/wp-content\/uploads\/2022\/06\/GoJute-Logo-RGB.png","width":2000,"height":1809,"caption":"GoJute International"},"image":{"@id":"https:\/\/gojuteinternational.com\/es\/#\/schema\/logo\/image\/"},"sameAs":["https:\/\/www.facebook.com\/gojute","https:\/\/www.instagram.com\/gojute\/"]}]}},"_links":{"self":[{"href":"https:\/\/gojuteinternational.com\/es\/wp-json\/wp\/v2\/pages\/85656","targetHints":{"allow":["GET"]}}],"collection":[{"href":"https:\/\/gojuteinternational.com\/es\/wp-json\/wp\/v2\/pages"}],"about":[{"href":"https:\/\/gojuteinternational.com\/es\/wp-json\/wp\/v2\/types\/page"}],"author":[{"embeddable":true,"href":"https:\/\/gojuteinternational.com\/es\/wp-json\/wp\/v2\/users\/6996"}],"replies":[{"embeddable":true,"href":"https:\/\/gojuteinternational.com\/es\/wp-json\/wp\/v2\/comments?post=85656"}],"version-history":[{"count":4,"href":"https:\/\/gojuteinternational.com\/es\/wp-json\/wp\/v2\/pages\/85656\/revisions"}],"predecessor-version":[{"id":86087,"href":"https:\/\/gojuteinternational.com\/es\/wp-json\/wp\/v2\/pages\/85656\/revisions\/86087"}],"wp:attachment":[{"href":"https:\/\/gojuteinternational.com\/es\/wp-json\/wp\/v2\/media?parent=85656"}],"curies":[{"name":"wp","href":"https:\/\/api.w.org\/{rel}","templated":true}]}}