{"id":85690,"date":"2025-02-19T11:17:13","date_gmt":"2025-02-19T10:17:13","guid":{"rendered":"https:\/\/gojuteinternational.com\/are-your-bags-fair-trade-or-b-corp-certified-why-it-matters\/"},"modified":"2025-02-25T06:51:43","modified_gmt":"2025-02-25T05:51:43","slug":"are-your-bags-fair-trade-or-b-corp-certified-why-it-matters","status":"publish","type":"page","link":"https:\/\/gojuteinternational.com\/es\/are-your-bags-fair-trade-or-b-corp-certified-why-it-matters\/","title":{"rendered":"\u00bfTus bolsas tienen certificaci\u00f3n de Comercio Justo o B-Corp? \u00bfPor qu\u00e9 es importante?"},"content":{"rendered":"\t\t<div data-elementor-type=\"wp-page\" data-elementor-id=\"85690\" class=\"elementor elementor-85690 elementor-85688\" data-elementor-post-type=\"page\">\n\t\t\t\t\t\t\t\t\t<section class=\"elementor-section elementor-top-section elementor-element elementor-element-9005138 elementor-section-boxed elementor-section-height-default elementor-section-height-default\" data-id=\"9005138\" data-element_type=\"section\">\n\t\t\t\t\t\t<div class=\"elementor-container elementor-column-gap-default\">\n\t\t\t\t\t<div class=\"elementor-column elementor-col-100 elementor-top-column elementor-element elementor-element-cc3a2ae\" data-id=\"cc3a2ae\" data-element_type=\"column\">\n\t\t\t<div class=\"elementor-widget-wrap elementor-element-populated\">\n\t\t\t\t\t\t\t\t<div class=\"elementor-element elementor-element-5d45742 elementor-widget elementor-widget-spacer\" data-id=\"5d45742\" data-element_type=\"widget\" data-widget_type=\"spacer.default\">\n\t\t\t\t<div class=\"elementor-widget-container\">\n\t\t\t<style>\/*! elementor - v3.18.0 - 20-12-2023 *\/\n.elementor-column .elementor-spacer-inner{height:var(--spacer-size)}.e-con{--container-widget-width:100%}.e-con-inner>.elementor-widget-spacer,.e-con>.elementor-widget-spacer{width:var(--container-widget-width,var(--spacer-size));--align-self:var(--container-widget-align-self,initial);--flex-shrink:0}.e-con-inner>.elementor-widget-spacer>.elementor-widget-container,.e-con>.elementor-widget-spacer>.elementor-widget-container{height:100%;width:100%}.e-con-inner>.elementor-widget-spacer>.elementor-widget-container>.elementor-spacer,.e-con>.elementor-widget-spacer>.elementor-widget-container>.elementor-spacer{height:100%}.e-con-inner>.elementor-widget-spacer>.elementor-widget-container>.elementor-spacer>.elementor-spacer-inner,.e-con>.elementor-widget-spacer>.elementor-widget-container>.elementor-spacer>.elementor-spacer-inner{height:var(--container-widget-height,var(--spacer-size))}.e-con-inner>.elementor-widget-spacer.elementor-widget-empty,.e-con>.elementor-widget-spacer.elementor-widget-empty{position:relative;min-height:22px;min-width:22px}.e-con-inner>.elementor-widget-spacer.elementor-widget-empty .elementor-widget-empty-icon,.e-con>.elementor-widget-spacer.elementor-widget-empty .elementor-widget-empty-icon{position:absolute;top:0;bottom:0;left:0;right:0;margin:auto;padding:0;width:22px;height:22px}<\/style>\t\t<div class=\"elementor-spacer\">\n\t\t\t<div class=\"elementor-spacer-inner\"><\/div>\n\t\t<\/div>\n\t\t\t\t<\/div>\n\t\t\t\t<\/div>\n\t\t\t\t\t<\/div>\n\t\t<\/div>\n\t\t\t\t\t\t\t<\/div>\n\t\t<\/section>\n\t\t\t\t<section class=\"elementor-section elementor-top-section elementor-element elementor-element-5ba1836 elementor-section-boxed elementor-section-height-default elementor-section-height-default\" data-id=\"5ba1836\" data-element_type=\"section\">\n\t\t\t\t\t\t<div class=\"elementor-container elementor-column-gap-default\">\n\t\t\t\t\t<div class=\"elementor-column elementor-col-100 elementor-top-column elementor-element elementor-element-1776e12\" data-id=\"1776e12\" data-element_type=\"column\">\n\t\t\t<div class=\"elementor-widget-wrap elementor-element-populated\">\n\t\t\t\t\t\t\t\t<div class=\"elementor-element elementor-element-3cafc31 elementor-widget elementor-widget-heading\" data-id=\"3cafc31\" data-element_type=\"widget\" data-widget_type=\"heading.default\">\n\t\t\t\t<div class=\"elementor-widget-container\">\n\t\t\t<style>\/*! elementor - v3.18.0 - 20-12-2023 *\/\n.elementor-heading-title{padding:0;margin:0;line-height:1}.elementor-widget-heading .elementor-heading-title[class*=elementor-size-]>a{color:inherit;font-size:inherit;line-height:inherit}.elementor-widget-heading .elementor-heading-title.elementor-size-small{font-size:15px}.elementor-widget-heading .elementor-heading-title.elementor-size-medium{font-size:19px}.elementor-widget-heading .elementor-heading-title.elementor-size-large{font-size:29px}.elementor-widget-heading .elementor-heading-title.elementor-size-xl{font-size:39px}.elementor-widget-heading .elementor-heading-title.elementor-size-xxl{font-size:59px}<\/style><h1 class=\"elementor-heading-title elementor-size-default\">\u00bfTus bolsas tienen certificaci\u00f3n de Comercio Justo o B-Corp? Por qu\u00e9 es importante <\/h1>\t\t<\/div>\n\t\t\t\t<\/div>\n\t\t\t\t\t<\/div>\n\t\t<\/div>\n\t\t\t\t\t\t\t<\/div>\n\t\t<\/section>\n\t\t\t\t<section class=\"elementor-section elementor-top-section elementor-element elementor-element-c50800b elementor-section-boxed elementor-section-height-default elementor-section-height-default\" data-id=\"c50800b\" data-element_type=\"section\">\n\t\t\t\t\t\t<div class=\"elementor-container elementor-column-gap-default\">\n\t\t\t\t\t<div class=\"elementor-column elementor-col-100 elementor-top-column elementor-element elementor-element-1d38a51\" data-id=\"1d38a51\" data-element_type=\"column\">\n\t\t\t<div class=\"elementor-widget-wrap\">\n\t\t\t\t\t\t\t\t\t<\/div>\n\t\t<\/div>\n\t\t\t\t\t\t\t<\/div>\n\t\t<\/section>\n\t\t\t\t<section class=\"elementor-section elementor-top-section elementor-element elementor-element-bc764b1 elementor-section-boxed elementor-section-height-default elementor-section-height-default\" data-id=\"bc764b1\" data-element_type=\"section\">\n\t\t\t\t\t\t<div class=\"elementor-container elementor-column-gap-default\">\n\t\t\t\t\t<div class=\"elementor-column elementor-col-100 elementor-top-column elementor-element elementor-element-0c175e7\" data-id=\"0c175e7\" data-element_type=\"column\">\n\t\t\t<div class=\"elementor-widget-wrap elementor-element-populated\">\n\t\t\t\t\t\t\t\t<div class=\"elementor-element elementor-element-6e2c774 elementor-widget elementor-widget-text-editor\" data-id=\"6e2c774\" data-element_type=\"widget\" data-widget_type=\"text-editor.default\">\n\t\t\t\t<div class=\"elementor-widget-container\">\n\t\t\t<style>\/*! elementor - v3.18.0 - 20-12-2023 *\/\n.elementor-widget-text-editor.elementor-drop-cap-view-stacked .elementor-drop-cap{background-color:#69727d;color:#fff}.elementor-widget-text-editor.elementor-drop-cap-view-framed .elementor-drop-cap{color:#69727d;border:3px solid;background-color:transparent}.elementor-widget-text-editor:not(.elementor-drop-cap-view-default) .elementor-drop-cap{margin-top:8px}.elementor-widget-text-editor:not(.elementor-drop-cap-view-default) .elementor-drop-cap-letter{width:1em;height:1em}.elementor-widget-text-editor .elementor-drop-cap{float:left;text-align:center;line-height:1;font-size:50px}.elementor-widget-text-editor .elementor-drop-cap-letter{display:inline-block}<\/style>\t\t\t\t<p>La sostenibilidad no s\u00f3lo tiene que ver con los materiales que utilizamos, sino tambi\u00e9n con las normas sociales y \u00e9ticas que hay detr\u00e1s de la producci\u00f3n. Certificaciones como las de Comercio Justo y B-Corp arrojan luz sobre c\u00f3mo se trata a los trabajadores y c\u00f3mo miden las empresas su impacto m\u00e1s amplio en la sociedad y el medio ambiente. En este art\u00edculo exploraremos estas certificaciones, c\u00f3mo se aplican a las bolsas reutilizables y por qu\u00e9 son importantes para los compradores concienciados.  <\/p>\n<h2> <\/h2>\n<h2>Certificaci\u00f3n de Comercio Justo<\/h2>\n<p>\u25cf Pr\u00e1cticas laborales \u00e9ticas: El Comercio Justo establece normas sobre salarios dignos, condiciones de trabajo seguras y desarrollo comunitario.<br \/>\u25cf Cadenas de suministro transparentes: Los productos pueden rastrearse hasta las granjas o cooperativas donde se produjeron.<br \/>\u25cf Inversi\u00f3n comunitaria: Una parte de las primas del Comercio Justo suele destinarse a proyectos comunitarios como escuelas, asistencia sanitaria o infraestructuras.<\/p>\n<\/p>\n<h2>Certificaci\u00f3n B-Corp<\/h2>\n<p>\u25cf Enfoque hol\u00edstico: Las Empresas B son empresas que cumplen normas estrictas de comportamiento social y medioambiental, responsabilidad y transparencia.<br \/>\u25cf Evaluaci\u00f3n de impacto: Las empresas se someten a una revisi\u00f3n rigurosa de sus operaciones, desde los beneficios para los trabajadores hasta la huella de carbono.<br \/>\u25cf Mejora continua: El estatus B-Corp requiere un compromiso continuo, con recertificaci\u00f3n cada pocos a\u00f1os.<\/p>\n<\/p>\n<h2>Por qu\u00e9 estas certificaciones son importantes para las bolsas reutilizables<\/h2>\n<p>\u25cf Abastecimiento \u00e9tico: Garantiza que las materias primas (yute, algod\u00f3n, etc.) proceden de granjas o f\u00e1bricas que tratan a los trabajadores de forma justa.<br \/>\u25cf Confianza del consumidor: Las certificaciones son examinadas por organizaciones de terceros, lo que a\u00f1ade credibilidad a tus afirmaciones de sostenibilidad.<br \/>\u25cf Imagen de marca positiva: Alinearte con las normas de Comercio Justo o B-Corp puede mejorar tu reputaci\u00f3n entre los consumidores ecoconscientes de<br \/>.<\/p>\n<\/p>\n<h2>C\u00f3mo verificar las certificaciones<\/h2>\n<p>\u25cf Comprobaci\u00f3n de etiquetas: Los productos certificados de Comercio Justo suelen mostrar el logotipo de Comercio Justo; las empresas B-Corp muestran la marca B \u00abCertified B Corporation\u00bb.<br \/>Directorios en l\u00ednea: Tanto Fair Trade USA\/International como B Lab mantienen bases de datos p\u00fablicas de empresas certificadas.<\/p>\n<h2>Conclusi\u00f3n<\/h2>\n<p>Las certificaciones de Comercio Justo y B-Corp van m\u00e1s all\u00e1 del respeto ecol\u00f3gico de los materiales, centr\u00e1ndose en las personas y las pr\u00e1cticas que conforman todo el proceso de producci\u00f3n. Al elegir productos certificados, no s\u00f3lo reduces tu impacto medioambiental, sino que tambi\u00e9n apoyas el trabajo justo y los modelos empresariales responsables que elevan a las comunidades de todo el mundo. <\/p>\n\t\t\t\t\t\t<\/div>\n\t\t\t\t<\/div>\n\t\t\t\t\t<\/div>\n\t\t<\/div>\n\t\t\t\t\t\t\t<\/div>\n\t\t<\/section>\n\t\t\t\t\t\t\t<\/div>\n\t\t","protected":false},"excerpt":{"rendered":"<p>\u00bfTus bolsas tienen certificaci\u00f3n de Comercio Justo o B-Corp? Por qu\u00e9 es importante La sostenibilidad no s\u00f3lo tiene que ver con los materiales que utilizamos, sino tambi\u00e9n con las normas sociales y \u00e9ticas que hay detr\u00e1s de la producci\u00f3n. Certificaciones como las de Comercio Justo y B-Corp arrojan luz sobre c\u00f3mo se trata a los [&hellip;]<\/p>\n","protected":false},"author":6996,"featured_media":0,"parent":0,"menu_order":0,"comment_status":"closed","ping_status":"closed","template":"elementor_header_footer","meta":{"content-type":"","_monsterinsights_skip_tracking":false,"_monsterinsights_sitenote_active":false,"_monsterinsights_sitenote_note":"","_monsterinsights_sitenote_category":0,"footnotes":""},"class_list":["post-85690","page","type-page","status-publish","hentry"],"yoast_head":"<!-- This site is optimized with the Yoast SEO plugin v21.7 - https:\/\/yoast.com\/wordpress\/plugins\/seo\/ -->\n<title>Comercio Justo y Bolsas B-Corp: Comprender las certificaciones \u00e9ticas<\/title>\n<meta name=\"description\" content=\"Aprende c\u00f3mo las certificaciones de Comercio Justo y B-Corp garantizan un trabajo \u00e9tico y pr\u00e1cticas sostenibles. Descubre por qu\u00e9 estas etiquetas son importantes para las bolsas reutilizables.\" \/>\n<meta name=\"robots\" content=\"index, follow, max-snippet:-1, max-image-preview:large, max-video-preview:-1\" \/>\n<link rel=\"canonical\" href=\"https:\/\/gojuteinternational.com\/es\/are-your-bags-fair-trade-or-b-corp-certified-why-it-matters\/\" \/>\n<meta property=\"og:locale\" content=\"es_ES\" \/>\n<meta property=\"og:type\" content=\"article\" \/>\n<meta property=\"og:title\" content=\"Comercio Justo y Bolsas B-Corp: Comprender las certificaciones \u00e9ticas\" \/>\n<meta property=\"og:description\" content=\"Aprende c\u00f3mo las certificaciones de Comercio Justo y B-Corp garantizan un trabajo \u00e9tico y pr\u00e1cticas sostenibles. Descubre por qu\u00e9 estas etiquetas son importantes para las bolsas reutilizables.\" \/>\n<meta property=\"og:url\" content=\"https:\/\/gojuteinternational.com\/es\/are-your-bags-fair-trade-or-b-corp-certified-why-it-matters\/\" \/>\n<meta property=\"og:site_name\" content=\"GoJute International\" \/>\n<meta property=\"article:publisher\" content=\"https:\/\/www.facebook.com\/gojute\" \/>\n<meta property=\"article:modified_time\" content=\"2025-02-25T05:51:43+00:00\" \/>\n<meta name=\"twitter:card\" content=\"summary_large_image\" \/>\n<meta name=\"twitter:label1\" content=\"Tiempo de lectura\" \/>\n\t<meta name=\"twitter:data1\" content=\"2 minutos\" \/>\n<script type=\"application\/ld+json\" class=\"yoast-schema-graph\">{\"@context\":\"https:\/\/schema.org\",\"@graph\":[{\"@type\":\"WebPage\",\"@id\":\"https:\/\/gojuteinternational.com\/es\/are-your-bags-fair-trade-or-b-corp-certified-why-it-matters\/\",\"url\":\"https:\/\/gojuteinternational.com\/es\/are-your-bags-fair-trade-or-b-corp-certified-why-it-matters\/\",\"name\":\"Comercio Justo y Bolsas B-Corp: Comprender las certificaciones \u00e9ticas\",\"isPartOf\":{\"@id\":\"https:\/\/gojuteinternational.com\/es\/#website\"},\"datePublished\":\"2025-02-19T10:17:13+00:00\",\"dateModified\":\"2025-02-25T05:51:43+00:00\",\"description\":\"Aprende c\u00f3mo las certificaciones de Comercio Justo y B-Corp garantizan un trabajo \u00e9tico y pr\u00e1cticas sostenibles. Descubre por qu\u00e9 estas etiquetas son importantes para las bolsas reutilizables.\",\"breadcrumb\":{\"@id\":\"https:\/\/gojuteinternational.com\/es\/are-your-bags-fair-trade-or-b-corp-certified-why-it-matters\/#breadcrumb\"},\"inLanguage\":\"es\",\"potentialAction\":[{\"@type\":\"ReadAction\",\"target\":[\"https:\/\/gojuteinternational.com\/es\/are-your-bags-fair-trade-or-b-corp-certified-why-it-matters\/\"]}]},{\"@type\":\"BreadcrumbList\",\"@id\":\"https:\/\/gojuteinternational.com\/es\/are-your-bags-fair-trade-or-b-corp-certified-why-it-matters\/#breadcrumb\",\"itemListElement\":[{\"@type\":\"ListItem\",\"position\":1,\"name\":\"Home\",\"item\":\"https:\/\/gojuteinternational.com\/es\/\"},{\"@type\":\"ListItem\",\"position\":2,\"name\":\"\u00bfTus bolsas tienen certificaci\u00f3n de Comercio Justo o B-Corp? \u00bfPor qu\u00e9 es importante?\"}]},{\"@type\":\"WebSite\",\"@id\":\"https:\/\/gojuteinternational.com\/es\/#website\",\"url\":\"https:\/\/gojuteinternational.com\/es\/\",\"name\":\"GoJute International\",\"description\":\"Printed bags for business\",\"publisher\":{\"@id\":\"https:\/\/gojuteinternational.com\/es\/#organization\"},\"alternateName\":\"GoJute\",\"potentialAction\":[{\"@type\":\"SearchAction\",\"target\":{\"@type\":\"EntryPoint\",\"urlTemplate\":\"https:\/\/gojuteinternational.com\/es\/?s={search_term_string}\"},\"query-input\":\"required name=search_term_string\"}],\"inLanguage\":\"es\"},{\"@type\":\"Organization\",\"@id\":\"https:\/\/gojuteinternational.com\/es\/#organization\",\"name\":\"GoJute International\",\"alternateName\":\"GoJute\",\"url\":\"https:\/\/gojuteinternational.com\/es\/\",\"logo\":{\"@type\":\"ImageObject\",\"inLanguage\":\"es\",\"@id\":\"https:\/\/gojuteinternational.com\/es\/#\/schema\/logo\/image\/\",\"url\":\"https:\/\/gojuteinternational.com\/wp-content\/uploads\/2022\/06\/GoJute-Logo-RGB.png\",\"contentUrl\":\"https:\/\/gojuteinternational.com\/wp-content\/uploads\/2022\/06\/GoJute-Logo-RGB.png\",\"width\":2000,\"height\":1809,\"caption\":\"GoJute International\"},\"image\":{\"@id\":\"https:\/\/gojuteinternational.com\/es\/#\/schema\/logo\/image\/\"},\"sameAs\":[\"https:\/\/www.facebook.com\/gojute\",\"https:\/\/www.instagram.com\/gojute\/\"]}]}<\/script>\n<!-- \/ Yoast SEO plugin. -->","yoast_head_json":{"title":"Comercio Justo y Bolsas B-Corp: Comprender las certificaciones \u00e9ticas","description":"Aprende c\u00f3mo las certificaciones de Comercio Justo y B-Corp garantizan un trabajo \u00e9tico y pr\u00e1cticas sostenibles. Descubre por qu\u00e9 estas etiquetas son importantes para las bolsas reutilizables.","robots":{"index":"index","follow":"follow","max-snippet":"max-snippet:-1","max-image-preview":"max-image-preview:large","max-video-preview":"max-video-preview:-1"},"canonical":"https:\/\/gojuteinternational.com\/es\/are-your-bags-fair-trade-or-b-corp-certified-why-it-matters\/","og_locale":"es_ES","og_type":"article","og_title":"Comercio Justo y Bolsas B-Corp: Comprender las certificaciones \u00e9ticas","og_description":"Aprende c\u00f3mo las certificaciones de Comercio Justo y B-Corp garantizan un trabajo \u00e9tico y pr\u00e1cticas sostenibles. Descubre por qu\u00e9 estas etiquetas son importantes para las bolsas reutilizables.","og_url":"https:\/\/gojuteinternational.com\/es\/are-your-bags-fair-trade-or-b-corp-certified-why-it-matters\/","og_site_name":"GoJute International","article_publisher":"https:\/\/www.facebook.com\/gojute","article_modified_time":"2025-02-25T05:51:43+00:00","twitter_card":"summary_large_image","twitter_misc":{"Tiempo de lectura":"2 minutos"},"schema":{"@context":"https:\/\/schema.org","@graph":[{"@type":"WebPage","@id":"https:\/\/gojuteinternational.com\/es\/are-your-bags-fair-trade-or-b-corp-certified-why-it-matters\/","url":"https:\/\/gojuteinternational.com\/es\/are-your-bags-fair-trade-or-b-corp-certified-why-it-matters\/","name":"Comercio Justo y Bolsas B-Corp: Comprender las certificaciones \u00e9ticas","isPartOf":{"@id":"https:\/\/gojuteinternational.com\/es\/#website"},"datePublished":"2025-02-19T10:17:13+00:00","dateModified":"2025-02-25T05:51:43+00:00","description":"Aprende c\u00f3mo las certificaciones de Comercio Justo y B-Corp garantizan un trabajo \u00e9tico y pr\u00e1cticas sostenibles. Descubre por qu\u00e9 estas etiquetas son importantes para las bolsas reutilizables.","breadcrumb":{"@id":"https:\/\/gojuteinternational.com\/es\/are-your-bags-fair-trade-or-b-corp-certified-why-it-matters\/#breadcrumb"},"inLanguage":"es","potentialAction":[{"@type":"ReadAction","target":["https:\/\/gojuteinternational.com\/es\/are-your-bags-fair-trade-or-b-corp-certified-why-it-matters\/"]}]},{"@type":"BreadcrumbList","@id":"https:\/\/gojuteinternational.com\/es\/are-your-bags-fair-trade-or-b-corp-certified-why-it-matters\/#breadcrumb","itemListElement":[{"@type":"ListItem","position":1,"name":"Home","item":"https:\/\/gojuteinternational.com\/es\/"},{"@type":"ListItem","position":2,"name":"\u00bfTus bolsas tienen certificaci\u00f3n de Comercio Justo o B-Corp? \u00bfPor qu\u00e9 es importante?"}]},{"@type":"WebSite","@id":"https:\/\/gojuteinternational.com\/es\/#website","url":"https:\/\/gojuteinternational.com\/es\/","name":"GoJute International","description":"Printed bags for business","publisher":{"@id":"https:\/\/gojuteinternational.com\/es\/#organization"},"alternateName":"GoJute","potentialAction":[{"@type":"SearchAction","target":{"@type":"EntryPoint","urlTemplate":"https:\/\/gojuteinternational.com\/es\/?s={search_term_string}"},"query-input":"required name=search_term_string"}],"inLanguage":"es"},{"@type":"Organization","@id":"https:\/\/gojuteinternational.com\/es\/#organization","name":"GoJute International","alternateName":"GoJute","url":"https:\/\/gojuteinternational.com\/es\/","logo":{"@type":"ImageObject","inLanguage":"es","@id":"https:\/\/gojuteinternational.com\/es\/#\/schema\/logo\/image\/","url":"https:\/\/gojuteinternational.com\/wp-content\/uploads\/2022\/06\/GoJute-Logo-RGB.png","contentUrl":"https:\/\/gojuteinternational.com\/wp-content\/uploads\/2022\/06\/GoJute-Logo-RGB.png","width":2000,"height":1809,"caption":"GoJute International"},"image":{"@id":"https:\/\/gojuteinternational.com\/es\/#\/schema\/logo\/image\/"},"sameAs":["https:\/\/www.facebook.com\/gojute","https:\/\/www.instagram.com\/gojute\/"]}]}},"_links":{"self":[{"href":"https:\/\/gojuteinternational.com\/es\/wp-json\/wp\/v2\/pages\/85690","targetHints":{"allow":["GET"]}}],"collection":[{"href":"https:\/\/gojuteinternational.com\/es\/wp-json\/wp\/v2\/pages"}],"about":[{"href":"https:\/\/gojuteinternational.com\/es\/wp-json\/wp\/v2\/types\/page"}],"author":[{"embeddable":true,"href":"https:\/\/gojuteinternational.com\/es\/wp-json\/wp\/v2\/users\/6996"}],"replies":[{"embeddable":true,"href":"https:\/\/gojuteinternational.com\/es\/wp-json\/wp\/v2\/comments?post=85690"}],"version-history":[{"count":7,"href":"https:\/\/gojuteinternational.com\/es\/wp-json\/wp\/v2\/pages\/85690\/revisions"}],"predecessor-version":[{"id":86030,"href":"https:\/\/gojuteinternational.com\/es\/wp-json\/wp\/v2\/pages\/85690\/revisions\/86030"}],"wp:attachment":[{"href":"https:\/\/gojuteinternational.com\/es\/wp-json\/wp\/v2\/media?parent=85690"}],"curies":[{"name":"wp","href":"https:\/\/api.w.org\/{rel}","templated":true}]}}