{"id":85710,"date":"2025-02-19T12:35:57","date_gmt":"2025-02-19T11:35:57","guid":{"rendered":"https:\/\/gojuteinternational.com\/why-jute-is-considered-an-eco-champion\/"},"modified":"2025-02-19T12:51:01","modified_gmt":"2025-02-19T11:51:01","slug":"why-jute-is-considered-an-eco-champion","status":"publish","type":"page","link":"https:\/\/gojuteinternational.com\/es\/why-jute-is-considered-an-eco-champion\/","title":{"rendered":"Por qu\u00e9 el yute se considera un campe\u00f3n ecol\u00f3gico"},"content":{"rendered":"\t\t<div data-elementor-type=\"wp-page\" data-elementor-id=\"85710\" class=\"elementor elementor-85710 elementor-85708\" data-elementor-post-type=\"page\">\n\t\t\t\t\t\t\t\t\t<section class=\"elementor-section elementor-top-section elementor-element elementor-element-6bd7b17 elementor-section-boxed elementor-section-height-default elementor-section-height-default\" data-id=\"6bd7b17\" data-element_type=\"section\">\n\t\t\t\t\t\t<div class=\"elementor-container elementor-column-gap-default\">\n\t\t\t\t\t<div class=\"elementor-column elementor-col-100 elementor-top-column elementor-element elementor-element-98b4daa\" data-id=\"98b4daa\" data-element_type=\"column\">\n\t\t\t<div class=\"elementor-widget-wrap elementor-element-populated\">\n\t\t\t\t\t\t\t\t<div class=\"elementor-element elementor-element-04d48e6 elementor-widget elementor-widget-spacer\" data-id=\"04d48e6\" data-element_type=\"widget\" data-widget_type=\"spacer.default\">\n\t\t\t\t<div class=\"elementor-widget-container\">\n\t\t\t<style>\/*! elementor - v3.18.0 - 20-12-2023 *\/\n.elementor-column .elementor-spacer-inner{height:var(--spacer-size)}.e-con{--container-widget-width:100%}.e-con-inner>.elementor-widget-spacer,.e-con>.elementor-widget-spacer{width:var(--container-widget-width,var(--spacer-size));--align-self:var(--container-widget-align-self,initial);--flex-shrink:0}.e-con-inner>.elementor-widget-spacer>.elementor-widget-container,.e-con>.elementor-widget-spacer>.elementor-widget-container{height:100%;width:100%}.e-con-inner>.elementor-widget-spacer>.elementor-widget-container>.elementor-spacer,.e-con>.elementor-widget-spacer>.elementor-widget-container>.elementor-spacer{height:100%}.e-con-inner>.elementor-widget-spacer>.elementor-widget-container>.elementor-spacer>.elementor-spacer-inner,.e-con>.elementor-widget-spacer>.elementor-widget-container>.elementor-spacer>.elementor-spacer-inner{height:var(--container-widget-height,var(--spacer-size))}.e-con-inner>.elementor-widget-spacer.elementor-widget-empty,.e-con>.elementor-widget-spacer.elementor-widget-empty{position:relative;min-height:22px;min-width:22px}.e-con-inner>.elementor-widget-spacer.elementor-widget-empty .elementor-widget-empty-icon,.e-con>.elementor-widget-spacer.elementor-widget-empty .elementor-widget-empty-icon{position:absolute;top:0;bottom:0;left:0;right:0;margin:auto;padding:0;width:22px;height:22px}<\/style>\t\t<div class=\"elementor-spacer\">\n\t\t\t<div class=\"elementor-spacer-inner\"><\/div>\n\t\t<\/div>\n\t\t\t\t<\/div>\n\t\t\t\t<\/div>\n\t\t\t\t\t<\/div>\n\t\t<\/div>\n\t\t\t\t\t\t\t<\/div>\n\t\t<\/section>\n\t\t\t\t<section class=\"elementor-section elementor-top-section elementor-element elementor-element-d6208ba elementor-section-boxed elementor-section-height-default elementor-section-height-default\" data-id=\"d6208ba\" data-element_type=\"section\">\n\t\t\t\t\t\t<div class=\"elementor-container elementor-column-gap-default\">\n\t\t\t\t\t<div class=\"elementor-column elementor-col-100 elementor-top-column elementor-element elementor-element-a71a71b\" data-id=\"a71a71b\" data-element_type=\"column\">\n\t\t\t<div class=\"elementor-widget-wrap elementor-element-populated\">\n\t\t\t\t\t\t\t\t<div class=\"elementor-element elementor-element-6e51773 elementor-widget elementor-widget-heading\" data-id=\"6e51773\" data-element_type=\"widget\" data-widget_type=\"heading.default\">\n\t\t\t\t<div class=\"elementor-widget-container\">\n\t\t\t<style>\/*! elementor - v3.18.0 - 20-12-2023 *\/\n.elementor-heading-title{padding:0;margin:0;line-height:1}.elementor-widget-heading .elementor-heading-title[class*=elementor-size-]>a{color:inherit;font-size:inherit;line-height:inherit}.elementor-widget-heading .elementor-heading-title.elementor-size-small{font-size:15px}.elementor-widget-heading .elementor-heading-title.elementor-size-medium{font-size:19px}.elementor-widget-heading .elementor-heading-title.elementor-size-large{font-size:29px}.elementor-widget-heading .elementor-heading-title.elementor-size-xl{font-size:39px}.elementor-widget-heading .elementor-heading-title.elementor-size-xxl{font-size:59px}<\/style><h2 class=\"elementor-heading-title elementor-size-default\">Por qu\u00e9 el yute se considera un campe\u00f3n ecol\u00f3gico: La sostenibilidad al descubierto<\/h2>\t\t<\/div>\n\t\t\t\t<\/div>\n\t\t\t\t\t<\/div>\n\t\t<\/div>\n\t\t\t\t\t\t\t<\/div>\n\t\t<\/section>\n\t\t\t\t<section class=\"elementor-section elementor-top-section elementor-element elementor-element-9ed151a elementor-section-boxed elementor-section-height-default elementor-section-height-default\" data-id=\"9ed151a\" data-element_type=\"section\">\n\t\t\t\t\t\t<div class=\"elementor-container elementor-column-gap-default\">\n\t\t\t\t\t<div class=\"elementor-column elementor-col-100 elementor-top-column elementor-element elementor-element-fd5231c\" data-id=\"fd5231c\" data-element_type=\"column\">\n\t\t\t<div class=\"elementor-widget-wrap elementor-element-populated\">\n\t\t\t\t\t\t\t\t<div class=\"elementor-element elementor-element-2a75add elementor-widget elementor-widget-text-editor\" data-id=\"2a75add\" data-element_type=\"widget\" data-widget_type=\"text-editor.default\">\n\t\t\t\t<div class=\"elementor-widget-container\">\n\t\t\t<style>\/*! elementor - v3.18.0 - 20-12-2023 *\/\n.elementor-widget-text-editor.elementor-drop-cap-view-stacked .elementor-drop-cap{background-color:#69727d;color:#fff}.elementor-widget-text-editor.elementor-drop-cap-view-framed .elementor-drop-cap{color:#69727d;border:3px solid;background-color:transparent}.elementor-widget-text-editor:not(.elementor-drop-cap-view-default) .elementor-drop-cap{margin-top:8px}.elementor-widget-text-editor:not(.elementor-drop-cap-view-default) .elementor-drop-cap-letter{width:1em;height:1em}.elementor-widget-text-editor .elementor-drop-cap{float:left;text-align:center;line-height:1;font-size:50px}.elementor-widget-text-editor .elementor-drop-cap-letter{display:inline-block}<\/style>\t\t\t\t<p>Hace tiempo que el yute se considera una de las fibras m\u00e1s ecol\u00f3gicas del mercado. Conocido a menudo como la \u00abfibra dorada\u00bb, el yute no s\u00f3lo es duradero y vers\u00e1til, sino que tambi\u00e9n tiene un impresionante perfil medioambiental. Este art\u00edculo explica las razones por las que el yute es una superestrella de la sostenibilidad y c\u00f3mo el uso de bolsas de yute puede ayudar a reducir los residuos pl\u00e1sticos y la huella de carbono.  <\/p>\n<p>Le Panorama, Block A\/B, 57 Rue Grimaldi, M\u00f3naco 98000, Principado de M\u00f3naco<br \/>Parkgate house, 33a Pratt Street, Londres NW1 0BG, Reino Unido<br \/>1688 Meridian Avenue, Miami Beach Florida, 33139, Estados Unidos de Am\u00e9rica<br \/>relevance.digital<\/p>\n<\/p>\n<h2>Crecimiento r\u00e1pido y bajo uso de recursos<\/h2>\n<p>\u25cf Maduraci\u00f3n r\u00e1pida: Las plantas de yute pueden cosecharse en tan s\u00f3lo cuatro o seis<br \/>meses, lo que permite m\u00faltiples ciclos de cultivo al a\u00f1o.<br \/>\u25cf Pesticidas y fertilizantes m\u00ednimos: El yute suele prosperar sin grandes<br \/>intervenciones qu\u00edmicas, lo que reduce la contaminaci\u00f3n del suelo y el agua.<br \/>\u25cf Bajo consumo de agua: A diferencia de muchos cultivos, el yute no requiere<br \/>un riego extensivo, lo que lo hace adecuado para regiones con precipitaciones moderadas<br \/>.<\/p>\n<\/p>\n<h2>Biodegradable y compostable<\/h2>\n<p>\u25cf Fibra natural: 100% vegetal, lo que significa que se descompone con el tiempo<br \/>sin dejar micropl\u00e1sticos nocivos.<br \/>\u25cf Reducci\u00f3n de vertederos: Cuando se eliminan adecuadamente, las fibras de yute se descomponen,<br \/>devolviendo nutrientes al suelo.<\/p>\n<\/p>\n<h2>Retenci\u00f3n de carbono<\/h2>\n<p>\u25cf Alta absorci\u00f3n de CO2: Durante el crecimiento, las plantas de yute absorben di\u00f3xido de carbono<br \/>y liberan ox\u00edgeno a un ritmo superior al de muchas otras fibras.<br \/>\u25cf Mitigaci\u00f3n del cambio clim\u00e1tico: El cultivo de yute a gran escala puede desempe\u00f1ar un papel<br \/>en la compensaci\u00f3n de las emisiones de gases de efecto invernadero.<\/p>\n<\/p>\n<h2>Beneficios para las comunidades agrarias<\/h2>\n<p>\u25cf Oportunidades de empleo: El cultivo del yute da trabajo a las comunidades rurales<br \/>, sobre todo en pa\u00edses como Bangladesh e India.<br \/>\u25cf Ingresos sostenibles: Como crece r\u00e1pidamente, el yute ofrece una fuente de ingresos<br \/>fiable para los agricultores.<\/p>\n<\/p>\n<h2>Conclusi\u00f3n<\/h2>\n<p>Desde el bajo consumo de agua hasta la captura de carbono, el yute destaca como una de las<br \/>fibras m\u00e1s respetuosas con el medio ambiente. Tanto si eres un minorista<br \/>que busca envases sostenibles como un consumidor que intenta reducir el pl\u00e1stico<br \/>, incorporar el yute a tu rutina es una forma tangible de tener un impacto positivo<br \/>. <\/p>\n\t\t\t\t\t\t<\/div>\n\t\t\t\t<\/div>\n\t\t\t\t\t<\/div>\n\t\t<\/div>\n\t\t\t\t\t\t\t<\/div>\n\t\t<\/section>\n\t\t\t\t\t\t\t<\/div>\n\t\t","protected":false},"excerpt":{"rendered":"<p>Por qu\u00e9 el yute se considera un campe\u00f3n ecol\u00f3gico: La sostenibilidad al descubierto Hace tiempo que el yute se considera una de las fibras m\u00e1s ecol\u00f3gicas del mercado. Conocido a menudo como la \u00abfibra dorada\u00bb, el yute no s\u00f3lo es duradero y vers\u00e1til, sino que tambi\u00e9n tiene un impresionante perfil medioambiental. Este art\u00edculo explica las [&hellip;]<\/p>\n","protected":false},"author":6996,"featured_media":0,"parent":0,"menu_order":0,"comment_status":"closed","ping_status":"closed","template":"elementor_header_footer","meta":{"content-type":"","_monsterinsights_skip_tracking":false,"_monsterinsights_sitenote_active":false,"_monsterinsights_sitenote_note":"","_monsterinsights_sitenote_category":0,"footnotes":""},"class_list":["post-85710","page","type-page","status-publish","hentry"],"yoast_head":"<!-- This site is optimized with the Yoast SEO plugin v21.7 - https:\/\/yoast.com\/wordpress\/plugins\/seo\/ -->\n<title>Por qu\u00e9 el yute es un campe\u00f3n ecol\u00f3gico: Beneficios clave de la sostenibilidad<\/title>\n<meta name=\"description\" content=\"Descubre c\u00f3mo el r\u00e1pido crecimiento del yute, su biodegradabilidad y su bajo consumo de recursos lo convierten en la mejor elecci\u00f3n para bolsas y envases ecol\u00f3gicos.\" \/>\n<meta name=\"robots\" content=\"index, follow, max-snippet:-1, max-image-preview:large, max-video-preview:-1\" \/>\n<link rel=\"canonical\" href=\"https:\/\/gojuteinternational.com\/es\/why-jute-is-considered-an-eco-champion\/\" \/>\n<meta property=\"og:locale\" content=\"es_ES\" \/>\n<meta property=\"og:type\" content=\"article\" \/>\n<meta property=\"og:title\" content=\"Por qu\u00e9 el yute es un campe\u00f3n ecol\u00f3gico: Beneficios clave de la sostenibilidad\" \/>\n<meta property=\"og:description\" content=\"Descubre c\u00f3mo el r\u00e1pido crecimiento del yute, su biodegradabilidad y su bajo consumo de recursos lo convierten en la mejor elecci\u00f3n para bolsas y envases ecol\u00f3gicos.\" \/>\n<meta property=\"og:url\" content=\"https:\/\/gojuteinternational.com\/es\/why-jute-is-considered-an-eco-champion\/\" \/>\n<meta property=\"og:site_name\" content=\"GoJute International\" \/>\n<meta property=\"article:publisher\" content=\"https:\/\/www.facebook.com\/gojute\" \/>\n<meta property=\"article:modified_time\" content=\"2025-02-19T11:51:01+00:00\" \/>\n<meta name=\"twitter:card\" content=\"summary_large_image\" \/>\n<meta name=\"twitter:label1\" content=\"Tiempo de lectura\" \/>\n\t<meta name=\"twitter:data1\" content=\"2 minutos\" \/>\n<script type=\"application\/ld+json\" class=\"yoast-schema-graph\">{\"@context\":\"https:\/\/schema.org\",\"@graph\":[{\"@type\":\"WebPage\",\"@id\":\"https:\/\/gojuteinternational.com\/es\/why-jute-is-considered-an-eco-champion\/\",\"url\":\"https:\/\/gojuteinternational.com\/es\/why-jute-is-considered-an-eco-champion\/\",\"name\":\"Por qu\u00e9 el yute es un campe\u00f3n ecol\u00f3gico: Beneficios clave de la sostenibilidad\",\"isPartOf\":{\"@id\":\"https:\/\/gojuteinternational.com\/es\/#website\"},\"datePublished\":\"2025-02-19T11:35:57+00:00\",\"dateModified\":\"2025-02-19T11:51:01+00:00\",\"description\":\"Descubre c\u00f3mo el r\u00e1pido crecimiento del yute, su biodegradabilidad y su bajo consumo de recursos lo convierten en la mejor elecci\u00f3n para bolsas y envases ecol\u00f3gicos.\",\"breadcrumb\":{\"@id\":\"https:\/\/gojuteinternational.com\/es\/why-jute-is-considered-an-eco-champion\/#breadcrumb\"},\"inLanguage\":\"es\",\"potentialAction\":[{\"@type\":\"ReadAction\",\"target\":[\"https:\/\/gojuteinternational.com\/es\/why-jute-is-considered-an-eco-champion\/\"]}]},{\"@type\":\"BreadcrumbList\",\"@id\":\"https:\/\/gojuteinternational.com\/es\/why-jute-is-considered-an-eco-champion\/#breadcrumb\",\"itemListElement\":[{\"@type\":\"ListItem\",\"position\":1,\"name\":\"Home\",\"item\":\"https:\/\/gojuteinternational.com\/es\/\"},{\"@type\":\"ListItem\",\"position\":2,\"name\":\"Por qu\u00e9 el yute se considera un campe\u00f3n ecol\u00f3gico\"}]},{\"@type\":\"WebSite\",\"@id\":\"https:\/\/gojuteinternational.com\/es\/#website\",\"url\":\"https:\/\/gojuteinternational.com\/es\/\",\"name\":\"GoJute International\",\"description\":\"Printed bags for business\",\"publisher\":{\"@id\":\"https:\/\/gojuteinternational.com\/es\/#organization\"},\"alternateName\":\"GoJute\",\"potentialAction\":[{\"@type\":\"SearchAction\",\"target\":{\"@type\":\"EntryPoint\",\"urlTemplate\":\"https:\/\/gojuteinternational.com\/es\/?s={search_term_string}\"},\"query-input\":\"required name=search_term_string\"}],\"inLanguage\":\"es\"},{\"@type\":\"Organization\",\"@id\":\"https:\/\/gojuteinternational.com\/es\/#organization\",\"name\":\"GoJute International\",\"alternateName\":\"GoJute\",\"url\":\"https:\/\/gojuteinternational.com\/es\/\",\"logo\":{\"@type\":\"ImageObject\",\"inLanguage\":\"es\",\"@id\":\"https:\/\/gojuteinternational.com\/es\/#\/schema\/logo\/image\/\",\"url\":\"https:\/\/gojuteinternational.com\/wp-content\/uploads\/2022\/06\/GoJute-Logo-RGB.png\",\"contentUrl\":\"https:\/\/gojuteinternational.com\/wp-content\/uploads\/2022\/06\/GoJute-Logo-RGB.png\",\"width\":2000,\"height\":1809,\"caption\":\"GoJute International\"},\"image\":{\"@id\":\"https:\/\/gojuteinternational.com\/es\/#\/schema\/logo\/image\/\"},\"sameAs\":[\"https:\/\/www.facebook.com\/gojute\",\"https:\/\/www.instagram.com\/gojute\/\"]}]}<\/script>\n<!-- \/ Yoast SEO plugin. -->","yoast_head_json":{"title":"Por qu\u00e9 el yute es un campe\u00f3n ecol\u00f3gico: Beneficios clave de la sostenibilidad","description":"Descubre c\u00f3mo el r\u00e1pido crecimiento del yute, su biodegradabilidad y su bajo consumo de recursos lo convierten en la mejor elecci\u00f3n para bolsas y envases ecol\u00f3gicos.","robots":{"index":"index","follow":"follow","max-snippet":"max-snippet:-1","max-image-preview":"max-image-preview:large","max-video-preview":"max-video-preview:-1"},"canonical":"https:\/\/gojuteinternational.com\/es\/why-jute-is-considered-an-eco-champion\/","og_locale":"es_ES","og_type":"article","og_title":"Por qu\u00e9 el yute es un campe\u00f3n ecol\u00f3gico: Beneficios clave de la sostenibilidad","og_description":"Descubre c\u00f3mo el r\u00e1pido crecimiento del yute, su biodegradabilidad y su bajo consumo de recursos lo convierten en la mejor elecci\u00f3n para bolsas y envases ecol\u00f3gicos.","og_url":"https:\/\/gojuteinternational.com\/es\/why-jute-is-considered-an-eco-champion\/","og_site_name":"GoJute International","article_publisher":"https:\/\/www.facebook.com\/gojute","article_modified_time":"2025-02-19T11:51:01+00:00","twitter_card":"summary_large_image","twitter_misc":{"Tiempo de lectura":"2 minutos"},"schema":{"@context":"https:\/\/schema.org","@graph":[{"@type":"WebPage","@id":"https:\/\/gojuteinternational.com\/es\/why-jute-is-considered-an-eco-champion\/","url":"https:\/\/gojuteinternational.com\/es\/why-jute-is-considered-an-eco-champion\/","name":"Por qu\u00e9 el yute es un campe\u00f3n ecol\u00f3gico: Beneficios clave de la sostenibilidad","isPartOf":{"@id":"https:\/\/gojuteinternational.com\/es\/#website"},"datePublished":"2025-02-19T11:35:57+00:00","dateModified":"2025-02-19T11:51:01+00:00","description":"Descubre c\u00f3mo el r\u00e1pido crecimiento del yute, su biodegradabilidad y su bajo consumo de recursos lo convierten en la mejor elecci\u00f3n para bolsas y envases ecol\u00f3gicos.","breadcrumb":{"@id":"https:\/\/gojuteinternational.com\/es\/why-jute-is-considered-an-eco-champion\/#breadcrumb"},"inLanguage":"es","potentialAction":[{"@type":"ReadAction","target":["https:\/\/gojuteinternational.com\/es\/why-jute-is-considered-an-eco-champion\/"]}]},{"@type":"BreadcrumbList","@id":"https:\/\/gojuteinternational.com\/es\/why-jute-is-considered-an-eco-champion\/#breadcrumb","itemListElement":[{"@type":"ListItem","position":1,"name":"Home","item":"https:\/\/gojuteinternational.com\/es\/"},{"@type":"ListItem","position":2,"name":"Por qu\u00e9 el yute se considera un campe\u00f3n ecol\u00f3gico"}]},{"@type":"WebSite","@id":"https:\/\/gojuteinternational.com\/es\/#website","url":"https:\/\/gojuteinternational.com\/es\/","name":"GoJute International","description":"Printed bags for business","publisher":{"@id":"https:\/\/gojuteinternational.com\/es\/#organization"},"alternateName":"GoJute","potentialAction":[{"@type":"SearchAction","target":{"@type":"EntryPoint","urlTemplate":"https:\/\/gojuteinternational.com\/es\/?s={search_term_string}"},"query-input":"required name=search_term_string"}],"inLanguage":"es"},{"@type":"Organization","@id":"https:\/\/gojuteinternational.com\/es\/#organization","name":"GoJute International","alternateName":"GoJute","url":"https:\/\/gojuteinternational.com\/es\/","logo":{"@type":"ImageObject","inLanguage":"es","@id":"https:\/\/gojuteinternational.com\/es\/#\/schema\/logo\/image\/","url":"https:\/\/gojuteinternational.com\/wp-content\/uploads\/2022\/06\/GoJute-Logo-RGB.png","contentUrl":"https:\/\/gojuteinternational.com\/wp-content\/uploads\/2022\/06\/GoJute-Logo-RGB.png","width":2000,"height":1809,"caption":"GoJute International"},"image":{"@id":"https:\/\/gojuteinternational.com\/es\/#\/schema\/logo\/image\/"},"sameAs":["https:\/\/www.facebook.com\/gojute","https:\/\/www.instagram.com\/gojute\/"]}]}},"_links":{"self":[{"href":"https:\/\/gojuteinternational.com\/es\/wp-json\/wp\/v2\/pages\/85710","targetHints":{"allow":["GET"]}}],"collection":[{"href":"https:\/\/gojuteinternational.com\/es\/wp-json\/wp\/v2\/pages"}],"about":[{"href":"https:\/\/gojuteinternational.com\/es\/wp-json\/wp\/v2\/types\/page"}],"author":[{"embeddable":true,"href":"https:\/\/gojuteinternational.com\/es\/wp-json\/wp\/v2\/users\/6996"}],"replies":[{"embeddable":true,"href":"https:\/\/gojuteinternational.com\/es\/wp-json\/wp\/v2\/comments?post=85710"}],"version-history":[{"count":4,"href":"https:\/\/gojuteinternational.com\/es\/wp-json\/wp\/v2\/pages\/85710\/revisions"}],"predecessor-version":[{"id":85739,"href":"https:\/\/gojuteinternational.com\/es\/wp-json\/wp\/v2\/pages\/85710\/revisions\/85739"}],"wp:attachment":[{"href":"https:\/\/gojuteinternational.com\/es\/wp-json\/wp\/v2\/media?parent=85710"}],"curies":[{"name":"wp","href":"https:\/\/api.w.org\/{rel}","templated":true}]}}