{"id":85726,"date":"2025-02-19T12:43:16","date_gmt":"2025-02-19T11:43:16","guid":{"rendered":"https:\/\/gojuteinternational.com\/organic-cotton-vs-conventional-cotton-footprints\/"},"modified":"2025-02-25T07:25:19","modified_gmt":"2025-02-25T06:25:19","slug":"organic-cotton-vs-conventional-cotton-footprints","status":"publish","type":"page","link":"https:\/\/gojuteinternational.com\/es\/organic-cotton-vs-conventional-cotton-footprints\/","title":{"rendered":"Huellas del algod\u00f3n ecol\u00f3gico frente al convencional"},"content":{"rendered":"\t\t<div data-elementor-type=\"wp-page\" data-elementor-id=\"85726\" class=\"elementor elementor-85726 elementor-85723\" data-elementor-post-type=\"page\">\n\t\t\t\t\t\t\t\t\t<section class=\"elementor-section elementor-top-section elementor-element elementor-element-b214c64 elementor-section-boxed elementor-section-height-default elementor-section-height-default\" data-id=\"b214c64\" data-element_type=\"section\">\n\t\t\t\t\t\t<div class=\"elementor-container elementor-column-gap-default\">\n\t\t\t\t\t<div class=\"elementor-column elementor-col-100 elementor-top-column elementor-element elementor-element-47ed090\" data-id=\"47ed090\" data-element_type=\"column\">\n\t\t\t<div class=\"elementor-widget-wrap elementor-element-populated\">\n\t\t\t\t\t\t\t\t<div class=\"elementor-element elementor-element-2887e83 elementor-widget elementor-widget-spacer\" data-id=\"2887e83\" data-element_type=\"widget\" data-widget_type=\"spacer.default\">\n\t\t\t\t<div class=\"elementor-widget-container\">\n\t\t\t<style>\/*! elementor - v3.18.0 - 20-12-2023 *\/\n.elementor-column .elementor-spacer-inner{height:var(--spacer-size)}.e-con{--container-widget-width:100%}.e-con-inner>.elementor-widget-spacer,.e-con>.elementor-widget-spacer{width:var(--container-widget-width,var(--spacer-size));--align-self:var(--container-widget-align-self,initial);--flex-shrink:0}.e-con-inner>.elementor-widget-spacer>.elementor-widget-container,.e-con>.elementor-widget-spacer>.elementor-widget-container{height:100%;width:100%}.e-con-inner>.elementor-widget-spacer>.elementor-widget-container>.elementor-spacer,.e-con>.elementor-widget-spacer>.elementor-widget-container>.elementor-spacer{height:100%}.e-con-inner>.elementor-widget-spacer>.elementor-widget-container>.elementor-spacer>.elementor-spacer-inner,.e-con>.elementor-widget-spacer>.elementor-widget-container>.elementor-spacer>.elementor-spacer-inner{height:var(--container-widget-height,var(--spacer-size))}.e-con-inner>.elementor-widget-spacer.elementor-widget-empty,.e-con>.elementor-widget-spacer.elementor-widget-empty{position:relative;min-height:22px;min-width:22px}.e-con-inner>.elementor-widget-spacer.elementor-widget-empty .elementor-widget-empty-icon,.e-con>.elementor-widget-spacer.elementor-widget-empty .elementor-widget-empty-icon{position:absolute;top:0;bottom:0;left:0;right:0;margin:auto;padding:0;width:22px;height:22px}<\/style>\t\t<div class=\"elementor-spacer\">\n\t\t\t<div class=\"elementor-spacer-inner\"><\/div>\n\t\t<\/div>\n\t\t\t\t<\/div>\n\t\t\t\t<\/div>\n\t\t\t\t\t<\/div>\n\t\t<\/div>\n\t\t\t\t\t\t\t<\/div>\n\t\t<\/section>\n\t\t\t\t<section class=\"elementor-section elementor-top-section elementor-element elementor-element-1a9ef36 elementor-section-boxed elementor-section-height-default elementor-section-height-default\" data-id=\"1a9ef36\" data-element_type=\"section\">\n\t\t\t\t\t\t<div class=\"elementor-container elementor-column-gap-default\">\n\t\t\t\t\t<div class=\"elementor-column elementor-col-100 elementor-top-column elementor-element elementor-element-b3bf3a3\" data-id=\"b3bf3a3\" data-element_type=\"column\">\n\t\t\t<div class=\"elementor-widget-wrap elementor-element-populated\">\n\t\t\t\t\t\t\t\t<div class=\"elementor-element elementor-element-568740a elementor-widget elementor-widget-heading\" data-id=\"568740a\" data-element_type=\"widget\" data-widget_type=\"heading.default\">\n\t\t\t\t<div class=\"elementor-widget-container\">\n\t\t\t<style>\/*! elementor - v3.18.0 - 20-12-2023 *\/\n.elementor-heading-title{padding:0;margin:0;line-height:1}.elementor-widget-heading .elementor-heading-title[class*=elementor-size-]>a{color:inherit;font-size:inherit;line-height:inherit}.elementor-widget-heading .elementor-heading-title.elementor-size-small{font-size:15px}.elementor-widget-heading .elementor-heading-title.elementor-size-medium{font-size:19px}.elementor-widget-heading .elementor-heading-title.elementor-size-large{font-size:29px}.elementor-widget-heading .elementor-heading-title.elementor-size-xl{font-size:39px}.elementor-widget-heading .elementor-heading-title.elementor-size-xxl{font-size:59px}<\/style><h1 class=\"elementor-heading-title elementor-size-default\">Algod\u00f3n ecol\u00f3gico frente a algod\u00f3n convencional: Comprender la huella ecol\u00f3gica<\/h1>\t\t<\/div>\n\t\t\t\t<\/div>\n\t\t\t\t\t<\/div>\n\t\t<\/div>\n\t\t\t\t\t\t\t<\/div>\n\t\t<\/section>\n\t\t\t\t<section class=\"elementor-section elementor-top-section elementor-element elementor-element-3848372 elementor-section-boxed elementor-section-height-default elementor-section-height-default\" data-id=\"3848372\" data-element_type=\"section\">\n\t\t\t\t\t\t<div class=\"elementor-container elementor-column-gap-default\">\n\t\t\t\t\t<div class=\"elementor-column elementor-col-100 elementor-top-column elementor-element elementor-element-b515304\" data-id=\"b515304\" data-element_type=\"column\">\n\t\t\t<div class=\"elementor-widget-wrap elementor-element-populated\">\n\t\t\t\t\t\t\t\t<div class=\"elementor-element elementor-element-eda50ac elementor-widget elementor-widget-text-editor\" data-id=\"eda50ac\" data-element_type=\"widget\" data-widget_type=\"text-editor.default\">\n\t\t\t\t<div class=\"elementor-widget-container\">\n\t\t\t<style>\/*! elementor - v3.18.0 - 20-12-2023 *\/\n.elementor-widget-text-editor.elementor-drop-cap-view-stacked .elementor-drop-cap{background-color:#69727d;color:#fff}.elementor-widget-text-editor.elementor-drop-cap-view-framed .elementor-drop-cap{color:#69727d;border:3px solid;background-color:transparent}.elementor-widget-text-editor:not(.elementor-drop-cap-view-default) .elementor-drop-cap{margin-top:8px}.elementor-widget-text-editor:not(.elementor-drop-cap-view-default) .elementor-drop-cap-letter{width:1em;height:1em}.elementor-widget-text-editor .elementor-drop-cap{float:left;text-align:center;line-height:1;font-size:50px}.elementor-widget-text-editor .elementor-drop-cap-letter{display:inline-block}<\/style>\t\t\t\t<p>El algod\u00f3n es una de las fibras m\u00e1s utilizadas en el mundo, pero no todo el algod\u00f3n es igual. Mientras que el algod\u00f3n convencional tiene un alto impacto medioambiental debido al uso de agua y pesticidas, el algod\u00f3n org\u00e1nico promete una alternativa m\u00e1s sostenible. Desglosemos las diferencias en las pr\u00e1cticas agr\u00edcolas, los insumos qu\u00edmicos y la huella ecol\u00f3gica general para ayudarte a tomar una decisi\u00f3n informada.  <\/p>\n<h2> <\/h2>\n<h2>Uso del agua y salud del suelo<\/h2>\n<p>\u25cf Algod\u00f3n convencional: A menudo se cultiva en zonas con escasez de agua, dependiendo en gran medida del riego. El uso repetido de pesticidas puede agotar la fertilidad del suelo con el tiempo. <br \/>\u25cf Algod\u00f3n ecol\u00f3gico: Cultivado con m\u00e9todos agr\u00edcolas sostenibles, como la rotaci\u00f3n de cultivos, que pueden mejorar la salud del suelo y requieren menos riego.<\/p>\n<h2> <\/h2>\n<h2>Plaguicidas y productos qu\u00edmicos<\/h2>\n<p>\u25cf Algod\u00f3n convencional: Responsable de una parte significativa del uso mundial de insecticidas, que pueden da\u00f1ar los ecosistemas circundantes y la vida silvestre.<br \/>\u25cf Algod\u00f3n ecol\u00f3gico: Cultivado sin pesticidas ni fertilizantes sint\u00e9ticos, lo que reduce los vertidos qu\u00edmicos a r\u00edos y aguas subterr\u00e1neas.<\/p>\n<h2> <\/h2>\n<h2>Impactos sociales y econ\u00f3micos<\/h2>\n<p>\u25cf Bienestar del agricultor: Los agricultores de algod\u00f3n ecol\u00f3gico pueden evitar la exposici\u00f3n a sustancias qu\u00edmicas nocivas, lo que redunda en mejores resultados para la salud de la comunidad.<br \/>\u25cf Demanda del mercado: El algod\u00f3n ecol\u00f3gico suele alcanzar un precio m\u00e1s alto, lo que incentiva a los agricultores a adoptar pr\u00e1cticas m\u00e1s sostenibles.<\/p>\n<h2> <\/h2>\n<h2>Certificaciones que debes buscar<\/h2>\n<p>\u25cf GOTS (Norma Textil Ecol\u00f3gica Mundial): Garantiza rigurosos criterios medioambientales y sociales desde la granja hasta el producto textil final.<br \/>\u25cf Algod\u00f3n de Comercio Justo: Se centra en salarios equitativos y condiciones de trabajo seguras para agricultores y trabajadores.<\/p>\n<h2> <\/h2>\n<h2>Conclusi\u00f3n<\/h2>\n<p>Aunque el algod\u00f3n org\u00e1nico puede ser ligeramente m\u00e1s caro, sus beneficios -en t\u00e9rminos de reducci\u00f3n del impacto medioambiental, mejora de la salud del suelo y bienestar del agricultor- justifican a menudo el coste adicional. Si quieres hacer una elecci\u00f3n verdaderamente sostenible, opta por productos de algod\u00f3n org\u00e1nico y busca certificaciones acreditadas que garanticen un abastecimiento \u00e9tico. <\/p>\n\t\t\t\t\t\t<\/div>\n\t\t\t\t<\/div>\n\t\t\t\t\t<\/div>\n\t\t<\/div>\n\t\t\t\t\t\t\t<\/div>\n\t\t<\/section>\n\t\t\t\t\t\t\t<\/div>\n\t\t","protected":false},"excerpt":{"rendered":"<p>Algod\u00f3n ecol\u00f3gico frente a algod\u00f3n convencional: Comprender la huella ecol\u00f3gica El algod\u00f3n es una de las fibras m\u00e1s utilizadas en el mundo, pero no todo el algod\u00f3n es igual. Mientras que el algod\u00f3n convencional tiene un alto impacto medioambiental debido al uso de agua y pesticidas, el algod\u00f3n org\u00e1nico promete una alternativa m\u00e1s sostenible. Desglosemos [&hellip;]<\/p>\n","protected":false},"author":6996,"featured_media":0,"parent":0,"menu_order":0,"comment_status":"closed","ping_status":"closed","template":"elementor_header_footer","meta":{"content-type":"","_monsterinsights_skip_tracking":false,"_monsterinsights_sitenote_active":false,"_monsterinsights_sitenote_note":"","_monsterinsights_sitenote_category":0,"footnotes":""},"class_list":["post-85726","page","type-page","status-publish","hentry"],"yoast_head":"<!-- This site is optimized with the Yoast SEO plugin v21.7 - https:\/\/yoast.com\/wordpress\/plugins\/seo\/ -->\n<title>Algod\u00f3n ecol\u00f3gico frente a convencional: La huella ecol\u00f3gica explicada<\/title>\n<meta name=\"description\" content=\"Compara el uso del agua, el impacto de los pesticidas y los beneficios sociales del algod\u00f3n org\u00e1nico frente al convencional. Haz una elecci\u00f3n m\u00e1s sostenible para tus productos de algod\u00f3n.\" \/>\n<meta name=\"robots\" content=\"index, follow, max-snippet:-1, max-image-preview:large, max-video-preview:-1\" \/>\n<link rel=\"canonical\" href=\"https:\/\/gojuteinternational.com\/es\/organic-cotton-vs-conventional-cotton-footprints\/\" \/>\n<meta property=\"og:locale\" content=\"es_ES\" \/>\n<meta property=\"og:type\" content=\"article\" \/>\n<meta property=\"og:title\" content=\"Algod\u00f3n ecol\u00f3gico frente a convencional: La huella ecol\u00f3gica explicada\" \/>\n<meta property=\"og:description\" content=\"Compara el uso del agua, el impacto de los pesticidas y los beneficios sociales del algod\u00f3n org\u00e1nico frente al convencional. Haz una elecci\u00f3n m\u00e1s sostenible para tus productos de algod\u00f3n.\" \/>\n<meta property=\"og:url\" content=\"https:\/\/gojuteinternational.com\/es\/organic-cotton-vs-conventional-cotton-footprints\/\" \/>\n<meta property=\"og:site_name\" content=\"GoJute International\" \/>\n<meta property=\"article:publisher\" content=\"https:\/\/www.facebook.com\/gojute\" \/>\n<meta property=\"article:modified_time\" content=\"2025-02-25T06:25:19+00:00\" \/>\n<meta name=\"twitter:card\" content=\"summary_large_image\" \/>\n<meta name=\"twitter:label1\" content=\"Tiempo de lectura\" \/>\n\t<meta name=\"twitter:data1\" content=\"2 minutos\" \/>\n<script type=\"application\/ld+json\" class=\"yoast-schema-graph\">{\"@context\":\"https:\/\/schema.org\",\"@graph\":[{\"@type\":\"WebPage\",\"@id\":\"https:\/\/gojuteinternational.com\/es\/organic-cotton-vs-conventional-cotton-footprints\/\",\"url\":\"https:\/\/gojuteinternational.com\/es\/organic-cotton-vs-conventional-cotton-footprints\/\",\"name\":\"Algod\u00f3n ecol\u00f3gico frente a convencional: La huella ecol\u00f3gica explicada\",\"isPartOf\":{\"@id\":\"https:\/\/gojuteinternational.com\/es\/#website\"},\"datePublished\":\"2025-02-19T11:43:16+00:00\",\"dateModified\":\"2025-02-25T06:25:19+00:00\",\"description\":\"Compara el uso del agua, el impacto de los pesticidas y los beneficios sociales del algod\u00f3n org\u00e1nico frente al convencional. Haz una elecci\u00f3n m\u00e1s sostenible para tus productos de algod\u00f3n.\",\"breadcrumb\":{\"@id\":\"https:\/\/gojuteinternational.com\/es\/organic-cotton-vs-conventional-cotton-footprints\/#breadcrumb\"},\"inLanguage\":\"es\",\"potentialAction\":[{\"@type\":\"ReadAction\",\"target\":[\"https:\/\/gojuteinternational.com\/es\/organic-cotton-vs-conventional-cotton-footprints\/\"]}]},{\"@type\":\"BreadcrumbList\",\"@id\":\"https:\/\/gojuteinternational.com\/es\/organic-cotton-vs-conventional-cotton-footprints\/#breadcrumb\",\"itemListElement\":[{\"@type\":\"ListItem\",\"position\":1,\"name\":\"Home\",\"item\":\"https:\/\/gojuteinternational.com\/es\/\"},{\"@type\":\"ListItem\",\"position\":2,\"name\":\"Huellas del algod\u00f3n ecol\u00f3gico frente al convencional\"}]},{\"@type\":\"WebSite\",\"@id\":\"https:\/\/gojuteinternational.com\/es\/#website\",\"url\":\"https:\/\/gojuteinternational.com\/es\/\",\"name\":\"GoJute International\",\"description\":\"Printed bags for business\",\"publisher\":{\"@id\":\"https:\/\/gojuteinternational.com\/es\/#organization\"},\"alternateName\":\"GoJute\",\"potentialAction\":[{\"@type\":\"SearchAction\",\"target\":{\"@type\":\"EntryPoint\",\"urlTemplate\":\"https:\/\/gojuteinternational.com\/es\/?s={search_term_string}\"},\"query-input\":\"required name=search_term_string\"}],\"inLanguage\":\"es\"},{\"@type\":\"Organization\",\"@id\":\"https:\/\/gojuteinternational.com\/es\/#organization\",\"name\":\"GoJute International\",\"alternateName\":\"GoJute\",\"url\":\"https:\/\/gojuteinternational.com\/es\/\",\"logo\":{\"@type\":\"ImageObject\",\"inLanguage\":\"es\",\"@id\":\"https:\/\/gojuteinternational.com\/es\/#\/schema\/logo\/image\/\",\"url\":\"https:\/\/gojuteinternational.com\/wp-content\/uploads\/2022\/06\/GoJute-Logo-RGB.png\",\"contentUrl\":\"https:\/\/gojuteinternational.com\/wp-content\/uploads\/2022\/06\/GoJute-Logo-RGB.png\",\"width\":2000,\"height\":1809,\"caption\":\"GoJute International\"},\"image\":{\"@id\":\"https:\/\/gojuteinternational.com\/es\/#\/schema\/logo\/image\/\"},\"sameAs\":[\"https:\/\/www.facebook.com\/gojute\",\"https:\/\/www.instagram.com\/gojute\/\"]}]}<\/script>\n<!-- \/ Yoast SEO plugin. -->","yoast_head_json":{"title":"Algod\u00f3n ecol\u00f3gico frente a convencional: La huella ecol\u00f3gica explicada","description":"Compara el uso del agua, el impacto de los pesticidas y los beneficios sociales del algod\u00f3n org\u00e1nico frente al convencional. Haz una elecci\u00f3n m\u00e1s sostenible para tus productos de algod\u00f3n.","robots":{"index":"index","follow":"follow","max-snippet":"max-snippet:-1","max-image-preview":"max-image-preview:large","max-video-preview":"max-video-preview:-1"},"canonical":"https:\/\/gojuteinternational.com\/es\/organic-cotton-vs-conventional-cotton-footprints\/","og_locale":"es_ES","og_type":"article","og_title":"Algod\u00f3n ecol\u00f3gico frente a convencional: La huella ecol\u00f3gica explicada","og_description":"Compara el uso del agua, el impacto de los pesticidas y los beneficios sociales del algod\u00f3n org\u00e1nico frente al convencional. Haz una elecci\u00f3n m\u00e1s sostenible para tus productos de algod\u00f3n.","og_url":"https:\/\/gojuteinternational.com\/es\/organic-cotton-vs-conventional-cotton-footprints\/","og_site_name":"GoJute International","article_publisher":"https:\/\/www.facebook.com\/gojute","article_modified_time":"2025-02-25T06:25:19+00:00","twitter_card":"summary_large_image","twitter_misc":{"Tiempo de lectura":"2 minutos"},"schema":{"@context":"https:\/\/schema.org","@graph":[{"@type":"WebPage","@id":"https:\/\/gojuteinternational.com\/es\/organic-cotton-vs-conventional-cotton-footprints\/","url":"https:\/\/gojuteinternational.com\/es\/organic-cotton-vs-conventional-cotton-footprints\/","name":"Algod\u00f3n ecol\u00f3gico frente a convencional: La huella ecol\u00f3gica explicada","isPartOf":{"@id":"https:\/\/gojuteinternational.com\/es\/#website"},"datePublished":"2025-02-19T11:43:16+00:00","dateModified":"2025-02-25T06:25:19+00:00","description":"Compara el uso del agua, el impacto de los pesticidas y los beneficios sociales del algod\u00f3n org\u00e1nico frente al convencional. Haz una elecci\u00f3n m\u00e1s sostenible para tus productos de algod\u00f3n.","breadcrumb":{"@id":"https:\/\/gojuteinternational.com\/es\/organic-cotton-vs-conventional-cotton-footprints\/#breadcrumb"},"inLanguage":"es","potentialAction":[{"@type":"ReadAction","target":["https:\/\/gojuteinternational.com\/es\/organic-cotton-vs-conventional-cotton-footprints\/"]}]},{"@type":"BreadcrumbList","@id":"https:\/\/gojuteinternational.com\/es\/organic-cotton-vs-conventional-cotton-footprints\/#breadcrumb","itemListElement":[{"@type":"ListItem","position":1,"name":"Home","item":"https:\/\/gojuteinternational.com\/es\/"},{"@type":"ListItem","position":2,"name":"Huellas del algod\u00f3n ecol\u00f3gico frente al convencional"}]},{"@type":"WebSite","@id":"https:\/\/gojuteinternational.com\/es\/#website","url":"https:\/\/gojuteinternational.com\/es\/","name":"GoJute International","description":"Printed bags for business","publisher":{"@id":"https:\/\/gojuteinternational.com\/es\/#organization"},"alternateName":"GoJute","potentialAction":[{"@type":"SearchAction","target":{"@type":"EntryPoint","urlTemplate":"https:\/\/gojuteinternational.com\/es\/?s={search_term_string}"},"query-input":"required name=search_term_string"}],"inLanguage":"es"},{"@type":"Organization","@id":"https:\/\/gojuteinternational.com\/es\/#organization","name":"GoJute International","alternateName":"GoJute","url":"https:\/\/gojuteinternational.com\/es\/","logo":{"@type":"ImageObject","inLanguage":"es","@id":"https:\/\/gojuteinternational.com\/es\/#\/schema\/logo\/image\/","url":"https:\/\/gojuteinternational.com\/wp-content\/uploads\/2022\/06\/GoJute-Logo-RGB.png","contentUrl":"https:\/\/gojuteinternational.com\/wp-content\/uploads\/2022\/06\/GoJute-Logo-RGB.png","width":2000,"height":1809,"caption":"GoJute International"},"image":{"@id":"https:\/\/gojuteinternational.com\/es\/#\/schema\/logo\/image\/"},"sameAs":["https:\/\/www.facebook.com\/gojute","https:\/\/www.instagram.com\/gojute\/"]}]}},"_links":{"self":[{"href":"https:\/\/gojuteinternational.com\/es\/wp-json\/wp\/v2\/pages\/85726","targetHints":{"allow":["GET"]}}],"collection":[{"href":"https:\/\/gojuteinternational.com\/es\/wp-json\/wp\/v2\/pages"}],"about":[{"href":"https:\/\/gojuteinternational.com\/es\/wp-json\/wp\/v2\/types\/page"}],"author":[{"embeddable":true,"href":"https:\/\/gojuteinternational.com\/es\/wp-json\/wp\/v2\/users\/6996"}],"replies":[{"embeddable":true,"href":"https:\/\/gojuteinternational.com\/es\/wp-json\/wp\/v2\/comments?post=85726"}],"version-history":[{"count":5,"href":"https:\/\/gojuteinternational.com\/es\/wp-json\/wp\/v2\/pages\/85726\/revisions"}],"predecessor-version":[{"id":86109,"href":"https:\/\/gojuteinternational.com\/es\/wp-json\/wp\/v2\/pages\/85726\/revisions\/86109"}],"wp:attachment":[{"href":"https:\/\/gojuteinternational.com\/es\/wp-json\/wp\/v2\/media?parent=85726"}],"curies":[{"name":"wp","href":"https:\/\/api.w.org\/{rel}","templated":true}]}}