{"id":85756,"date":"2025-02-20T07:10:18","date_gmt":"2025-02-20T06:10:18","guid":{"rendered":"https:\/\/gojuteinternational.com\/how-to-care-for-your-canvas-tote-bags\/"},"modified":"2025-02-25T06:59:11","modified_gmt":"2025-02-25T05:59:11","slug":"how-to-care-for-your-canvas-tote-bags","status":"publish","type":"page","link":"https:\/\/gojuteinternational.com\/es\/how-to-care-for-your-canvas-tote-bags\/","title":{"rendered":"C\u00f3mo cuidar tus bolsas de lona"},"content":{"rendered":"\t\t<div data-elementor-type=\"wp-page\" data-elementor-id=\"85756\" class=\"elementor elementor-85756 elementor-85754\" data-elementor-post-type=\"page\">\n\t\t\t\t\t\t\t\t\t<section class=\"elementor-section elementor-top-section elementor-element elementor-element-ab27819 elementor-section-boxed elementor-section-height-default elementor-section-height-default\" data-id=\"ab27819\" data-element_type=\"section\">\n\t\t\t\t\t\t<div class=\"elementor-container elementor-column-gap-default\">\n\t\t\t\t\t<div class=\"elementor-column elementor-col-100 elementor-top-column elementor-element elementor-element-2f21356\" data-id=\"2f21356\" data-element_type=\"column\">\n\t\t\t<div class=\"elementor-widget-wrap elementor-element-populated\">\n\t\t\t\t\t\t\t\t<div class=\"elementor-element elementor-element-26e7c16 elementor-widget elementor-widget-spacer\" data-id=\"26e7c16\" data-element_type=\"widget\" data-widget_type=\"spacer.default\">\n\t\t\t\t<div class=\"elementor-widget-container\">\n\t\t\t<style>\/*! elementor - v3.18.0 - 20-12-2023 *\/\n.elementor-column .elementor-spacer-inner{height:var(--spacer-size)}.e-con{--container-widget-width:100%}.e-con-inner>.elementor-widget-spacer,.e-con>.elementor-widget-spacer{width:var(--container-widget-width,var(--spacer-size));--align-self:var(--container-widget-align-self,initial);--flex-shrink:0}.e-con-inner>.elementor-widget-spacer>.elementor-widget-container,.e-con>.elementor-widget-spacer>.elementor-widget-container{height:100%;width:100%}.e-con-inner>.elementor-widget-spacer>.elementor-widget-container>.elementor-spacer,.e-con>.elementor-widget-spacer>.elementor-widget-container>.elementor-spacer{height:100%}.e-con-inner>.elementor-widget-spacer>.elementor-widget-container>.elementor-spacer>.elementor-spacer-inner,.e-con>.elementor-widget-spacer>.elementor-widget-container>.elementor-spacer>.elementor-spacer-inner{height:var(--container-widget-height,var(--spacer-size))}.e-con-inner>.elementor-widget-spacer.elementor-widget-empty,.e-con>.elementor-widget-spacer.elementor-widget-empty{position:relative;min-height:22px;min-width:22px}.e-con-inner>.elementor-widget-spacer.elementor-widget-empty .elementor-widget-empty-icon,.e-con>.elementor-widget-spacer.elementor-widget-empty .elementor-widget-empty-icon{position:absolute;top:0;bottom:0;left:0;right:0;margin:auto;padding:0;width:22px;height:22px}<\/style>\t\t<div class=\"elementor-spacer\">\n\t\t\t<div class=\"elementor-spacer-inner\"><\/div>\n\t\t<\/div>\n\t\t\t\t<\/div>\n\t\t\t\t<\/div>\n\t\t\t\t\t<\/div>\n\t\t<\/div>\n\t\t\t\t\t\t\t<\/div>\n\t\t<\/section>\n\t\t\t\t<section class=\"elementor-section elementor-top-section elementor-element elementor-element-7c6a107 elementor-section-boxed elementor-section-height-default elementor-section-height-default\" data-id=\"7c6a107\" data-element_type=\"section\">\n\t\t\t\t\t\t<div class=\"elementor-container elementor-column-gap-default\">\n\t\t\t\t\t<div class=\"elementor-column elementor-col-100 elementor-top-column elementor-element elementor-element-3dfd848\" data-id=\"3dfd848\" data-element_type=\"column\">\n\t\t\t<div class=\"elementor-widget-wrap elementor-element-populated\">\n\t\t\t\t\t\t\t\t<div class=\"elementor-element elementor-element-ef6f328 elementor-widget elementor-widget-heading\" data-id=\"ef6f328\" data-element_type=\"widget\" data-widget_type=\"heading.default\">\n\t\t\t\t<div class=\"elementor-widget-container\">\n\t\t\t<style>\/*! elementor - v3.18.0 - 20-12-2023 *\/\n.elementor-heading-title{padding:0;margin:0;line-height:1}.elementor-widget-heading .elementor-heading-title[class*=elementor-size-]>a{color:inherit;font-size:inherit;line-height:inherit}.elementor-widget-heading .elementor-heading-title.elementor-size-small{font-size:15px}.elementor-widget-heading .elementor-heading-title.elementor-size-medium{font-size:19px}.elementor-widget-heading .elementor-heading-title.elementor-size-large{font-size:29px}.elementor-widget-heading .elementor-heading-title.elementor-size-xl{font-size:39px}.elementor-widget-heading .elementor-heading-title.elementor-size-xxl{font-size:59px}<\/style><h1 class=\"elementor-heading-title elementor-size-default\">Cuidado de la Bolsa de Tela: C\u00f3mo mantener un cl\u00e1sico duradero\n\n<\/h1>\t\t<\/div>\n\t\t\t\t<\/div>\n\t\t\t\t\t<\/div>\n\t\t<\/div>\n\t\t\t\t\t\t\t<\/div>\n\t\t<\/section>\n\t\t\t\t<section class=\"elementor-section elementor-top-section elementor-element elementor-element-27f9b61 elementor-section-boxed elementor-section-height-default elementor-section-height-default\" data-id=\"27f9b61\" data-element_type=\"section\">\n\t\t\t\t\t\t<div class=\"elementor-container elementor-column-gap-default\">\n\t\t\t\t\t<div class=\"elementor-column elementor-col-100 elementor-top-column elementor-element elementor-element-e290edd\" data-id=\"e290edd\" data-element_type=\"column\">\n\t\t\t<div class=\"elementor-widget-wrap elementor-element-populated\">\n\t\t\t\t\t\t\t\t<div class=\"elementor-element elementor-element-5dc3d76 elementor-widget elementor-widget-text-editor\" data-id=\"5dc3d76\" data-element_type=\"widget\" data-widget_type=\"text-editor.default\">\n\t\t\t\t<div class=\"elementor-widget-container\">\n\t\t\t<style>\/*! elementor - v3.18.0 - 20-12-2023 *\/\n.elementor-widget-text-editor.elementor-drop-cap-view-stacked .elementor-drop-cap{background-color:#69727d;color:#fff}.elementor-widget-text-editor.elementor-drop-cap-view-framed .elementor-drop-cap{color:#69727d;border:3px solid;background-color:transparent}.elementor-widget-text-editor:not(.elementor-drop-cap-view-default) .elementor-drop-cap{margin-top:8px}.elementor-widget-text-editor:not(.elementor-drop-cap-view-default) .elementor-drop-cap-letter{width:1em;height:1em}.elementor-widget-text-editor .elementor-drop-cap{float:left;text-align:center;line-height:1;font-size:50px}.elementor-widget-text-editor .elementor-drop-cap-letter{display:inline-block}<\/style>\t\t\t\t<p>Las bolsas de lona son apreciadas por su tejido grueso y su impresionante durabilidad. Tanto si las usas a diario para hacer la compra como si las utilizas como accesorio elegante, un cuidado adecuado puede garantizar que aguanten a\u00f1os. En esta gu\u00eda te explicamos las mejores formas de lavar, secar y guardar las bolsas de lona para que conserven su mejor aspecto y rendimiento.  <\/p>\n<h2> <\/h2>\n<h3>Lavar la lona correctamente<\/h3>\n<ul>\n<li>Comprueba las etiquetas de cuidado: Algunas bolsas de lona vienen preencogidas o tienen instrucciones de lavado espec\u00edficas.<\/li>\n<li>Lavado a m\u00e1quina o a mano: Por lo general, la lona admite ambos tipos de lavado, pero utiliza un ciclo suave si la lavas a m\u00e1quina.<\/li>\n<li>S\u00f3lo detergente suave: Los productos qu\u00edmicos agresivos podr\u00edan romper la integridad del tejido o provocar su decoloraci\u00f3n.<\/li>\n<\/ul>\n<\/p>\n<h3>Secado y remodelado<\/h3>\n<ul>\n<li>Lo ideal es secarla al aire: La exposici\u00f3n excesiva al calor puede encoger la bolsa o deformar su forma.<\/li>\n<li>Vuelve a darle forma despu\u00e9s del lavado: alisa las esquinas y los bordes para mantener la estructura de la bolsa.<\/li>\n<li>Plancha del rev\u00e9s (si es necesario): Para las arrugas o pliegues, utiliza una plancha a temperatura media en el reverso.<\/li>\n<\/ul>\n<h3>Tratamiento de manchas<\/h3>\n<ul>\n<li>Trata primero las manchas: Trata las manchas r\u00e1pidamente con un pa\u00f1o h\u00famedo y jab\u00f3n suave.<\/li>\n<li>Manchas profundas: Para las manchas de aceite o incrustadas, considera la posibilidad de utilizar un quitamanchas suave para tejidos o una soluci\u00f3n diluida de vinagre.<\/li>\n<\/ul>\n<h3>Sugerencias de almacenamiento<\/h3>\n<ul>\n<li>Cu\u00e9lgala: Si tienes espacio, colgar las bolsas de tela puede ayudarte a conservar su forma.<\/li>\n<li>Pli\u00e9galo ordenadamente en un lugar seco: Evita los s\u00f3tanos o desvanes h\u00famedos, donde podr\u00eda crecer moho.<\/li>\n<li>Evita los olores desagradables: Introduce una bolsita de lavanda seca o bicarbonato s\u00f3dico para absorber la humedad y los olores.<\/li>\n<\/ul>\n<h2> <\/h2>\n<h2>Conclusi\u00f3n<\/h2>\n<p>Las bolsas de lona pueden soportar bastante desgaste, pero un poco de atenci\u00f3n adicional garantiza que seguir\u00e1n siendo tan resistentes y elegantes como el d\u00eda que las compraste. Trata las manchas con prontitud, opta por el secado al aire y gu\u00e1rdalas en un entorno limpio y seco para que tu bolsa de lona sea una verdadera compa\u00f1era a largo plazo. <\/p><\/p>\n\t\t\t\t\t\t<\/div>\n\t\t\t\t<\/div>\n\t\t\t\t\t<\/div>\n\t\t<\/div>\n\t\t\t\t\t\t\t<\/div>\n\t\t<\/section>\n\t\t\t\t\t\t\t<\/div>\n\t\t","protected":false},"excerpt":{"rendered":"<p>Cuidado de la Bolsa de Tela: C\u00f3mo mantener un cl\u00e1sico duradero Las bolsas de lona son apreciadas por su tejido grueso y su impresionante durabilidad. Tanto si las usas a diario para hacer la compra como si las utilizas como accesorio elegante, un cuidado adecuado puede garantizar que aguanten a\u00f1os. En esta gu\u00eda te explicamos [&hellip;]<\/p>\n","protected":false},"author":6996,"featured_media":0,"parent":0,"menu_order":0,"comment_status":"closed","ping_status":"closed","template":"elementor_header_footer","meta":{"content-type":"","_monsterinsights_skip_tracking":false,"_monsterinsights_sitenote_active":false,"_monsterinsights_sitenote_note":"","_monsterinsights_sitenote_category":0,"footnotes":""},"class_list":["post-85756","page","type-page","status-publish","hentry"],"yoast_head":"<!-- This site is optimized with the Yoast SEO plugin v21.7 - https:\/\/yoast.com\/wordpress\/plugins\/seo\/ -->\n<title>Cuidado de las bolsas de lona: Lavado y almacenamiento para una durabilidad duradera<\/title>\n<meta name=\"description\" content=\"Aprende a mantener tu bolsa de lona con sencillos consejos de lavado, secado y eliminaci\u00f3n de manchas. Mantenla resistente, con estilo y lista para el uso diario.\" \/>\n<meta name=\"robots\" content=\"index, follow, max-snippet:-1, max-image-preview:large, max-video-preview:-1\" \/>\n<link rel=\"canonical\" href=\"https:\/\/gojuteinternational.com\/es\/how-to-care-for-your-canvas-tote-bags\/\" \/>\n<meta property=\"og:locale\" content=\"es_ES\" \/>\n<meta property=\"og:type\" content=\"article\" \/>\n<meta property=\"og:title\" content=\"Cuidado de las bolsas de lona: Lavado y almacenamiento para una durabilidad duradera\" \/>\n<meta property=\"og:description\" content=\"Aprende a mantener tu bolsa de lona con sencillos consejos de lavado, secado y eliminaci\u00f3n de manchas. Mantenla resistente, con estilo y lista para el uso diario.\" \/>\n<meta property=\"og:url\" content=\"https:\/\/gojuteinternational.com\/es\/how-to-care-for-your-canvas-tote-bags\/\" \/>\n<meta property=\"og:site_name\" content=\"GoJute International\" \/>\n<meta property=\"article:publisher\" content=\"https:\/\/www.facebook.com\/gojute\" \/>\n<meta property=\"article:modified_time\" content=\"2025-02-25T05:59:11+00:00\" \/>\n<meta name=\"twitter:card\" content=\"summary_large_image\" \/>\n<meta name=\"twitter:label1\" content=\"Tiempo de lectura\" \/>\n\t<meta name=\"twitter:data1\" content=\"2 minutos\" \/>\n<script type=\"application\/ld+json\" class=\"yoast-schema-graph\">{\"@context\":\"https:\/\/schema.org\",\"@graph\":[{\"@type\":\"WebPage\",\"@id\":\"https:\/\/gojuteinternational.com\/es\/how-to-care-for-your-canvas-tote-bags\/\",\"url\":\"https:\/\/gojuteinternational.com\/es\/how-to-care-for-your-canvas-tote-bags\/\",\"name\":\"Cuidado de las bolsas de lona: Lavado y almacenamiento para una durabilidad duradera\",\"isPartOf\":{\"@id\":\"https:\/\/gojuteinternational.com\/es\/#website\"},\"datePublished\":\"2025-02-20T06:10:18+00:00\",\"dateModified\":\"2025-02-25T05:59:11+00:00\",\"description\":\"Aprende a mantener tu bolsa de lona con sencillos consejos de lavado, secado y eliminaci\u00f3n de manchas. Mantenla resistente, con estilo y lista para el uso diario.\",\"breadcrumb\":{\"@id\":\"https:\/\/gojuteinternational.com\/es\/how-to-care-for-your-canvas-tote-bags\/#breadcrumb\"},\"inLanguage\":\"es\",\"potentialAction\":[{\"@type\":\"ReadAction\",\"target\":[\"https:\/\/gojuteinternational.com\/es\/how-to-care-for-your-canvas-tote-bags\/\"]}]},{\"@type\":\"BreadcrumbList\",\"@id\":\"https:\/\/gojuteinternational.com\/es\/how-to-care-for-your-canvas-tote-bags\/#breadcrumb\",\"itemListElement\":[{\"@type\":\"ListItem\",\"position\":1,\"name\":\"Home\",\"item\":\"https:\/\/gojuteinternational.com\/es\/\"},{\"@type\":\"ListItem\",\"position\":2,\"name\":\"C\u00f3mo cuidar tus bolsas de lona\"}]},{\"@type\":\"WebSite\",\"@id\":\"https:\/\/gojuteinternational.com\/es\/#website\",\"url\":\"https:\/\/gojuteinternational.com\/es\/\",\"name\":\"GoJute International\",\"description\":\"Printed bags for business\",\"publisher\":{\"@id\":\"https:\/\/gojuteinternational.com\/es\/#organization\"},\"alternateName\":\"GoJute\",\"potentialAction\":[{\"@type\":\"SearchAction\",\"target\":{\"@type\":\"EntryPoint\",\"urlTemplate\":\"https:\/\/gojuteinternational.com\/es\/?s={search_term_string}\"},\"query-input\":\"required name=search_term_string\"}],\"inLanguage\":\"es\"},{\"@type\":\"Organization\",\"@id\":\"https:\/\/gojuteinternational.com\/es\/#organization\",\"name\":\"GoJute International\",\"alternateName\":\"GoJute\",\"url\":\"https:\/\/gojuteinternational.com\/es\/\",\"logo\":{\"@type\":\"ImageObject\",\"inLanguage\":\"es\",\"@id\":\"https:\/\/gojuteinternational.com\/es\/#\/schema\/logo\/image\/\",\"url\":\"https:\/\/gojuteinternational.com\/wp-content\/uploads\/2022\/06\/GoJute-Logo-RGB.png\",\"contentUrl\":\"https:\/\/gojuteinternational.com\/wp-content\/uploads\/2022\/06\/GoJute-Logo-RGB.png\",\"width\":2000,\"height\":1809,\"caption\":\"GoJute International\"},\"image\":{\"@id\":\"https:\/\/gojuteinternational.com\/es\/#\/schema\/logo\/image\/\"},\"sameAs\":[\"https:\/\/www.facebook.com\/gojute\",\"https:\/\/www.instagram.com\/gojute\/\"]}]}<\/script>\n<!-- \/ Yoast SEO plugin. -->","yoast_head_json":{"title":"Cuidado de las bolsas de lona: Lavado y almacenamiento para una durabilidad duradera","description":"Aprende a mantener tu bolsa de lona con sencillos consejos de lavado, secado y eliminaci\u00f3n de manchas. Mantenla resistente, con estilo y lista para el uso diario.","robots":{"index":"index","follow":"follow","max-snippet":"max-snippet:-1","max-image-preview":"max-image-preview:large","max-video-preview":"max-video-preview:-1"},"canonical":"https:\/\/gojuteinternational.com\/es\/how-to-care-for-your-canvas-tote-bags\/","og_locale":"es_ES","og_type":"article","og_title":"Cuidado de las bolsas de lona: Lavado y almacenamiento para una durabilidad duradera","og_description":"Aprende a mantener tu bolsa de lona con sencillos consejos de lavado, secado y eliminaci\u00f3n de manchas. Mantenla resistente, con estilo y lista para el uso diario.","og_url":"https:\/\/gojuteinternational.com\/es\/how-to-care-for-your-canvas-tote-bags\/","og_site_name":"GoJute International","article_publisher":"https:\/\/www.facebook.com\/gojute","article_modified_time":"2025-02-25T05:59:11+00:00","twitter_card":"summary_large_image","twitter_misc":{"Tiempo de lectura":"2 minutos"},"schema":{"@context":"https:\/\/schema.org","@graph":[{"@type":"WebPage","@id":"https:\/\/gojuteinternational.com\/es\/how-to-care-for-your-canvas-tote-bags\/","url":"https:\/\/gojuteinternational.com\/es\/how-to-care-for-your-canvas-tote-bags\/","name":"Cuidado de las bolsas de lona: Lavado y almacenamiento para una durabilidad duradera","isPartOf":{"@id":"https:\/\/gojuteinternational.com\/es\/#website"},"datePublished":"2025-02-20T06:10:18+00:00","dateModified":"2025-02-25T05:59:11+00:00","description":"Aprende a mantener tu bolsa de lona con sencillos consejos de lavado, secado y eliminaci\u00f3n de manchas. Mantenla resistente, con estilo y lista para el uso diario.","breadcrumb":{"@id":"https:\/\/gojuteinternational.com\/es\/how-to-care-for-your-canvas-tote-bags\/#breadcrumb"},"inLanguage":"es","potentialAction":[{"@type":"ReadAction","target":["https:\/\/gojuteinternational.com\/es\/how-to-care-for-your-canvas-tote-bags\/"]}]},{"@type":"BreadcrumbList","@id":"https:\/\/gojuteinternational.com\/es\/how-to-care-for-your-canvas-tote-bags\/#breadcrumb","itemListElement":[{"@type":"ListItem","position":1,"name":"Home","item":"https:\/\/gojuteinternational.com\/es\/"},{"@type":"ListItem","position":2,"name":"C\u00f3mo cuidar tus bolsas de lona"}]},{"@type":"WebSite","@id":"https:\/\/gojuteinternational.com\/es\/#website","url":"https:\/\/gojuteinternational.com\/es\/","name":"GoJute International","description":"Printed bags for business","publisher":{"@id":"https:\/\/gojuteinternational.com\/es\/#organization"},"alternateName":"GoJute","potentialAction":[{"@type":"SearchAction","target":{"@type":"EntryPoint","urlTemplate":"https:\/\/gojuteinternational.com\/es\/?s={search_term_string}"},"query-input":"required name=search_term_string"}],"inLanguage":"es"},{"@type":"Organization","@id":"https:\/\/gojuteinternational.com\/es\/#organization","name":"GoJute International","alternateName":"GoJute","url":"https:\/\/gojuteinternational.com\/es\/","logo":{"@type":"ImageObject","inLanguage":"es","@id":"https:\/\/gojuteinternational.com\/es\/#\/schema\/logo\/image\/","url":"https:\/\/gojuteinternational.com\/wp-content\/uploads\/2022\/06\/GoJute-Logo-RGB.png","contentUrl":"https:\/\/gojuteinternational.com\/wp-content\/uploads\/2022\/06\/GoJute-Logo-RGB.png","width":2000,"height":1809,"caption":"GoJute International"},"image":{"@id":"https:\/\/gojuteinternational.com\/es\/#\/schema\/logo\/image\/"},"sameAs":["https:\/\/www.facebook.com\/gojute","https:\/\/www.instagram.com\/gojute\/"]}]}},"_links":{"self":[{"href":"https:\/\/gojuteinternational.com\/es\/wp-json\/wp\/v2\/pages\/85756","targetHints":{"allow":["GET"]}}],"collection":[{"href":"https:\/\/gojuteinternational.com\/es\/wp-json\/wp\/v2\/pages"}],"about":[{"href":"https:\/\/gojuteinternational.com\/es\/wp-json\/wp\/v2\/types\/page"}],"author":[{"embeddable":true,"href":"https:\/\/gojuteinternational.com\/es\/wp-json\/wp\/v2\/users\/6996"}],"replies":[{"embeddable":true,"href":"https:\/\/gojuteinternational.com\/es\/wp-json\/wp\/v2\/comments?post=85756"}],"version-history":[{"count":3,"href":"https:\/\/gojuteinternational.com\/es\/wp-json\/wp\/v2\/pages\/85756\/revisions"}],"predecessor-version":[{"id":86068,"href":"https:\/\/gojuteinternational.com\/es\/wp-json\/wp\/v2\/pages\/85756\/revisions\/86068"}],"wp:attachment":[{"href":"https:\/\/gojuteinternational.com\/es\/wp-json\/wp\/v2\/media?parent=85756"}],"curies":[{"name":"wp","href":"https:\/\/api.w.org\/{rel}","templated":true}]}}