{"id":85772,"date":"2025-02-20T07:22:02","date_gmt":"2025-02-20T06:22:02","guid":{"rendered":"https:\/\/gojuteinternational.com\/how-to-care-for-your-juco-bags\/"},"modified":"2025-02-25T06:59:10","modified_gmt":"2025-02-25T05:59:10","slug":"how-to-care-for-your-juco-bags","status":"publish","type":"page","link":"https:\/\/gojuteinternational.com\/es\/how-to-care-for-your-juco-bags\/","title":{"rendered":"C\u00f3mo cuidar tus mochilas Juco"},"content":{"rendered":"\t\t<div data-elementor-type=\"wp-page\" data-elementor-id=\"85772\" class=\"elementor elementor-85772 elementor-85769\" data-elementor-post-type=\"page\">\n\t\t\t\t\t\t\t\t\t<section class=\"elementor-section elementor-top-section elementor-element elementor-element-1ae1b4a elementor-section-boxed elementor-section-height-default elementor-section-height-default\" data-id=\"1ae1b4a\" data-element_type=\"section\">\n\t\t\t\t\t\t<div class=\"elementor-container elementor-column-gap-default\">\n\t\t\t\t\t<div class=\"elementor-column elementor-col-100 elementor-top-column elementor-element elementor-element-40fba87\" data-id=\"40fba87\" data-element_type=\"column\">\n\t\t\t<div class=\"elementor-widget-wrap elementor-element-populated\">\n\t\t\t\t\t\t\t\t<div class=\"elementor-element elementor-element-580416a elementor-widget elementor-widget-spacer\" data-id=\"580416a\" data-element_type=\"widget\" data-widget_type=\"spacer.default\">\n\t\t\t\t<div class=\"elementor-widget-container\">\n\t\t\t<style>\/*! elementor - v3.18.0 - 20-12-2023 *\/\n.elementor-column .elementor-spacer-inner{height:var(--spacer-size)}.e-con{--container-widget-width:100%}.e-con-inner>.elementor-widget-spacer,.e-con>.elementor-widget-spacer{width:var(--container-widget-width,var(--spacer-size));--align-self:var(--container-widget-align-self,initial);--flex-shrink:0}.e-con-inner>.elementor-widget-spacer>.elementor-widget-container,.e-con>.elementor-widget-spacer>.elementor-widget-container{height:100%;width:100%}.e-con-inner>.elementor-widget-spacer>.elementor-widget-container>.elementor-spacer,.e-con>.elementor-widget-spacer>.elementor-widget-container>.elementor-spacer{height:100%}.e-con-inner>.elementor-widget-spacer>.elementor-widget-container>.elementor-spacer>.elementor-spacer-inner,.e-con>.elementor-widget-spacer>.elementor-widget-container>.elementor-spacer>.elementor-spacer-inner{height:var(--container-widget-height,var(--spacer-size))}.e-con-inner>.elementor-widget-spacer.elementor-widget-empty,.e-con>.elementor-widget-spacer.elementor-widget-empty{position:relative;min-height:22px;min-width:22px}.e-con-inner>.elementor-widget-spacer.elementor-widget-empty .elementor-widget-empty-icon,.e-con>.elementor-widget-spacer.elementor-widget-empty .elementor-widget-empty-icon{position:absolute;top:0;bottom:0;left:0;right:0;margin:auto;padding:0;width:22px;height:22px}<\/style>\t\t<div class=\"elementor-spacer\">\n\t\t\t<div class=\"elementor-spacer-inner\"><\/div>\n\t\t<\/div>\n\t\t\t\t<\/div>\n\t\t\t\t<\/div>\n\t\t\t\t\t<\/div>\n\t\t<\/div>\n\t\t\t\t\t\t\t<\/div>\n\t\t<\/section>\n\t\t\t\t<section class=\"elementor-section elementor-top-section elementor-element elementor-element-9e66af1 elementor-section-boxed elementor-section-height-default elementor-section-height-default\" data-id=\"9e66af1\" data-element_type=\"section\">\n\t\t\t\t\t\t<div class=\"elementor-container elementor-column-gap-default\">\n\t\t\t\t\t<div class=\"elementor-column elementor-col-100 elementor-top-column elementor-element elementor-element-89cb982\" data-id=\"89cb982\" data-element_type=\"column\">\n\t\t\t<div class=\"elementor-widget-wrap elementor-element-populated\">\n\t\t\t\t\t\t\t\t<div class=\"elementor-element elementor-element-7980738 elementor-widget elementor-widget-heading\" data-id=\"7980738\" data-element_type=\"widget\" data-widget_type=\"heading.default\">\n\t\t\t\t<div class=\"elementor-widget-container\">\n\t\t\t<style>\/*! elementor - v3.18.0 - 20-12-2023 *\/\n.elementor-heading-title{padding:0;margin:0;line-height:1}.elementor-widget-heading .elementor-heading-title[class*=elementor-size-]>a{color:inherit;font-size:inherit;line-height:inherit}.elementor-widget-heading .elementor-heading-title.elementor-size-small{font-size:15px}.elementor-widget-heading .elementor-heading-title.elementor-size-medium{font-size:19px}.elementor-widget-heading .elementor-heading-title.elementor-size-large{font-size:29px}.elementor-widget-heading .elementor-heading-title.elementor-size-xl{font-size:39px}.elementor-widget-heading .elementor-heading-title.elementor-size-xxl{font-size:59px}<\/style><h1 class=\"elementor-heading-title elementor-size-default\">Cuidado del Juco: Mezcla de yute y algod\u00f3n\nMantenimiento sencillo\n<\/h1>\t\t<\/div>\n\t\t\t\t<\/div>\n\t\t\t\t\t<\/div>\n\t\t<\/div>\n\t\t\t\t\t\t\t<\/div>\n\t\t<\/section>\n\t\t\t\t<section class=\"elementor-section elementor-top-section elementor-element elementor-element-a257318 elementor-section-boxed elementor-section-height-default elementor-section-height-default\" data-id=\"a257318\" data-element_type=\"section\">\n\t\t\t\t\t\t<div class=\"elementor-container elementor-column-gap-default\">\n\t\t\t\t\t<div class=\"elementor-column elementor-col-100 elementor-top-column elementor-element elementor-element-93e8a88\" data-id=\"93e8a88\" data-element_type=\"column\">\n\t\t\t<div class=\"elementor-widget-wrap elementor-element-populated\">\n\t\t\t\t\t\t\t\t<div class=\"elementor-element elementor-element-63c5e3d elementor-widget elementor-widget-text-editor\" data-id=\"63c5e3d\" data-element_type=\"widget\" data-widget_type=\"text-editor.default\">\n\t\t\t\t<div class=\"elementor-widget-container\">\n\t\t\t<style>\/*! elementor - v3.18.0 - 20-12-2023 *\/\n.elementor-widget-text-editor.elementor-drop-cap-view-stacked .elementor-drop-cap{background-color:#69727d;color:#fff}.elementor-widget-text-editor.elementor-drop-cap-view-framed .elementor-drop-cap{color:#69727d;border:3px solid;background-color:transparent}.elementor-widget-text-editor:not(.elementor-drop-cap-view-default) .elementor-drop-cap{margin-top:8px}.elementor-widget-text-editor:not(.elementor-drop-cap-view-default) .elementor-drop-cap-letter{width:1em;height:1em}.elementor-widget-text-editor .elementor-drop-cap{float:left;text-align:center;line-height:1;font-size:50px}.elementor-widget-text-editor .elementor-drop-cap-letter{display:inline-block}<\/style>\t\t\t\t<p>El juco mezcla la dureza del yute con la suavidad del algod\u00f3n, creando un tejido vers\u00e1til y ecol\u00f3gico. Aunque es un poco m\u00e1s refinado que el yute puro, sigue necesitando cuidados para mantener su aspecto y resistencia. En este art\u00edculo, trataremos los m\u00e9todos de limpieza, secado y almacenamiento adecuados espec\u00edficamente para las bolsas de yute.  <\/p>\n<\/p>\n<h3>Limpia suavemente las manchas<\/h3>\n<ul>\n<li>Soluci\u00f3n jabonosa suave: Mezcla una peque\u00f1a cantidad de detergente suave con agua tibia.<\/li>\n<li>Aplica una ligera presi\u00f3n: Utiliza un pa\u00f1o suave o una esponja para frotar (no frotar) la zona manchada. As\u00ed evitar\u00e1s da\u00f1ar las fibras por abrasi\u00f3n. <\/li>\n<li>Aclarado m\u00ednimo: Elimina suavemente los restos de jab\u00f3n con un pa\u00f1o limpio y h\u00famedo.<\/li>\n<\/ul>\n<h3>Evita la Inmersi\u00f3n Total<\/h3>\n<ul>\n<li>No lavar a m\u00e1quina: El exceso de agua puede hacer que la parte de yute de la mezcla se encoja o se deforme.<\/li>\n<li>No remojar: La inmersi\u00f3n prolongada puede debilitar las fibras y aflojar el tejido.<\/li>\n<li>Respuesta r\u00e1pida: Afronta los derrames y las manchas inmediatamente para reducir la necesidad de una limpieza a fondo.<\/li>\n<\/ul>\n<h3>Seca bien con aire<\/h3>\n<ul>\n<li>Col\u00f3cala en horizontal o cu\u00e9lgala: Despu\u00e9s de limpiarla, vuelve a darle forma con cuidado si es necesario y col\u00f3cala en horizontal sobre una superficie limpia o cu\u00e9lgala.<\/li>\n<li>Prescinde de la secadora: El calor elevado puede da\u00f1ar las fibras o provocar un encogimiento desigual.<\/li>\n<li>Evita el moho: Aseg\u00farate de que la bolsa est\u00e9 seca al 100% antes de guardarla.<\/li>\n<\/ul>\n<h3>Sugerencias de almacenamiento<\/h3>\n<ul>\n<li>Zona fresca y seca: Mant\u00e9n las bolsas de juco alejadas de la humedad, que puede causar olores o moho.<\/li>\n<li>Almacenamiento por separado: Si guardas varias bolsas, considera la posibilidad de colocar cada una en un guardapolvo transpirable o en una bolsa de tela para evitar que se enganchen.<\/li>\n<\/ul>\n<h2> <\/h2>\n<h2>Conclusi\u00f3n<\/h2>\n<p>La mezcla de yute y algod\u00f3n de Juco proporciona durabilidad y un acabado m\u00e1s suave. Si utilizas t\u00e9cnicas de limpieza suaves, las secas al aire y las guardas con cuidado, te asegurar\u00e1s de que tus bolsas Juco sigan siendo tan funcionales y elegantes como siempre. <\/p>\n<\/p><\/p>\n\t\t\t\t\t\t<\/div>\n\t\t\t\t<\/div>\n\t\t\t\t\t<\/div>\n\t\t<\/div>\n\t\t\t\t\t\t\t<\/div>\n\t\t<\/section>\n\t\t\t\t\t\t\t<\/div>\n\t\t","protected":false},"excerpt":{"rendered":"<p>Cuidado del Juco: Mezcla de yute y algod\u00f3n Mantenimiento sencillo El juco mezcla la dureza del yute con la suavidad del algod\u00f3n, creando un tejido vers\u00e1til y ecol\u00f3gico. Aunque es un poco m\u00e1s refinado que el yute puro, sigue necesitando cuidados para mantener su aspecto y resistencia. En este art\u00edculo, trataremos los m\u00e9todos de limpieza, [&hellip;]<\/p>\n","protected":false},"author":6996,"featured_media":0,"parent":0,"menu_order":0,"comment_status":"closed","ping_status":"closed","template":"elementor_header_footer","meta":{"content-type":"","_monsterinsights_skip_tracking":false,"_monsterinsights_sitenote_active":false,"_monsterinsights_sitenote_note":"","_monsterinsights_sitenote_category":0,"footnotes":""},"class_list":["post-85772","page","type-page","status-publish","hentry"],"yoast_head":"<!-- This site is optimized with the Yoast SEO plugin v21.7 - https:\/\/yoast.com\/wordpress\/plugins\/seo\/ -->\n<title>C\u00f3mo cuidar las bolsas Juco: Consejos de limpieza y almacenamiento<\/title>\n<meta name=\"description\" content=\"Mant\u00e9n tus bolsas de yute en plena forma con una limpieza suave y un secado adecuado. Aprende a tratar correctamente esta mezcla \u00fanica de yute y algod\u00f3n.\" \/>\n<meta name=\"robots\" content=\"index, follow, max-snippet:-1, max-image-preview:large, max-video-preview:-1\" \/>\n<link rel=\"canonical\" href=\"https:\/\/gojuteinternational.com\/es\/how-to-care-for-your-juco-bags\/\" \/>\n<meta property=\"og:locale\" content=\"es_ES\" \/>\n<meta property=\"og:type\" content=\"article\" \/>\n<meta property=\"og:title\" content=\"C\u00f3mo cuidar las bolsas Juco: Consejos de limpieza y almacenamiento\" \/>\n<meta property=\"og:description\" content=\"Mant\u00e9n tus bolsas de yute en plena forma con una limpieza suave y un secado adecuado. Aprende a tratar correctamente esta mezcla \u00fanica de yute y algod\u00f3n.\" \/>\n<meta property=\"og:url\" content=\"https:\/\/gojuteinternational.com\/es\/how-to-care-for-your-juco-bags\/\" \/>\n<meta property=\"og:site_name\" content=\"GoJute International\" \/>\n<meta property=\"article:publisher\" content=\"https:\/\/www.facebook.com\/gojute\" \/>\n<meta property=\"article:modified_time\" content=\"2025-02-25T05:59:10+00:00\" \/>\n<meta name=\"twitter:card\" content=\"summary_large_image\" \/>\n<meta name=\"twitter:label1\" content=\"Tiempo de lectura\" \/>\n\t<meta name=\"twitter:data1\" content=\"2 minutos\" \/>\n<script type=\"application\/ld+json\" class=\"yoast-schema-graph\">{\"@context\":\"https:\/\/schema.org\",\"@graph\":[{\"@type\":\"WebPage\",\"@id\":\"https:\/\/gojuteinternational.com\/es\/how-to-care-for-your-juco-bags\/\",\"url\":\"https:\/\/gojuteinternational.com\/es\/how-to-care-for-your-juco-bags\/\",\"name\":\"C\u00f3mo cuidar las bolsas Juco: Consejos de limpieza y almacenamiento\",\"isPartOf\":{\"@id\":\"https:\/\/gojuteinternational.com\/es\/#website\"},\"datePublished\":\"2025-02-20T06:22:02+00:00\",\"dateModified\":\"2025-02-25T05:59:10+00:00\",\"description\":\"Mant\u00e9n tus bolsas de yute en plena forma con una limpieza suave y un secado adecuado. Aprende a tratar correctamente esta mezcla \u00fanica de yute y algod\u00f3n.\",\"breadcrumb\":{\"@id\":\"https:\/\/gojuteinternational.com\/es\/how-to-care-for-your-juco-bags\/#breadcrumb\"},\"inLanguage\":\"es\",\"potentialAction\":[{\"@type\":\"ReadAction\",\"target\":[\"https:\/\/gojuteinternational.com\/es\/how-to-care-for-your-juco-bags\/\"]}]},{\"@type\":\"BreadcrumbList\",\"@id\":\"https:\/\/gojuteinternational.com\/es\/how-to-care-for-your-juco-bags\/#breadcrumb\",\"itemListElement\":[{\"@type\":\"ListItem\",\"position\":1,\"name\":\"Home\",\"item\":\"https:\/\/gojuteinternational.com\/es\/\"},{\"@type\":\"ListItem\",\"position\":2,\"name\":\"C\u00f3mo cuidar tus mochilas Juco\"}]},{\"@type\":\"WebSite\",\"@id\":\"https:\/\/gojuteinternational.com\/es\/#website\",\"url\":\"https:\/\/gojuteinternational.com\/es\/\",\"name\":\"GoJute International\",\"description\":\"Printed bags for business\",\"publisher\":{\"@id\":\"https:\/\/gojuteinternational.com\/es\/#organization\"},\"alternateName\":\"GoJute\",\"potentialAction\":[{\"@type\":\"SearchAction\",\"target\":{\"@type\":\"EntryPoint\",\"urlTemplate\":\"https:\/\/gojuteinternational.com\/es\/?s={search_term_string}\"},\"query-input\":\"required name=search_term_string\"}],\"inLanguage\":\"es\"},{\"@type\":\"Organization\",\"@id\":\"https:\/\/gojuteinternational.com\/es\/#organization\",\"name\":\"GoJute International\",\"alternateName\":\"GoJute\",\"url\":\"https:\/\/gojuteinternational.com\/es\/\",\"logo\":{\"@type\":\"ImageObject\",\"inLanguage\":\"es\",\"@id\":\"https:\/\/gojuteinternational.com\/es\/#\/schema\/logo\/image\/\",\"url\":\"https:\/\/gojuteinternational.com\/wp-content\/uploads\/2022\/06\/GoJute-Logo-RGB.png\",\"contentUrl\":\"https:\/\/gojuteinternational.com\/wp-content\/uploads\/2022\/06\/GoJute-Logo-RGB.png\",\"width\":2000,\"height\":1809,\"caption\":\"GoJute International\"},\"image\":{\"@id\":\"https:\/\/gojuteinternational.com\/es\/#\/schema\/logo\/image\/\"},\"sameAs\":[\"https:\/\/www.facebook.com\/gojute\",\"https:\/\/www.instagram.com\/gojute\/\"]}]}<\/script>\n<!-- \/ Yoast SEO plugin. -->","yoast_head_json":{"title":"C\u00f3mo cuidar las bolsas Juco: Consejos de limpieza y almacenamiento","description":"Mant\u00e9n tus bolsas de yute en plena forma con una limpieza suave y un secado adecuado. Aprende a tratar correctamente esta mezcla \u00fanica de yute y algod\u00f3n.","robots":{"index":"index","follow":"follow","max-snippet":"max-snippet:-1","max-image-preview":"max-image-preview:large","max-video-preview":"max-video-preview:-1"},"canonical":"https:\/\/gojuteinternational.com\/es\/how-to-care-for-your-juco-bags\/","og_locale":"es_ES","og_type":"article","og_title":"C\u00f3mo cuidar las bolsas Juco: Consejos de limpieza y almacenamiento","og_description":"Mant\u00e9n tus bolsas de yute en plena forma con una limpieza suave y un secado adecuado. Aprende a tratar correctamente esta mezcla \u00fanica de yute y algod\u00f3n.","og_url":"https:\/\/gojuteinternational.com\/es\/how-to-care-for-your-juco-bags\/","og_site_name":"GoJute International","article_publisher":"https:\/\/www.facebook.com\/gojute","article_modified_time":"2025-02-25T05:59:10+00:00","twitter_card":"summary_large_image","twitter_misc":{"Tiempo de lectura":"2 minutos"},"schema":{"@context":"https:\/\/schema.org","@graph":[{"@type":"WebPage","@id":"https:\/\/gojuteinternational.com\/es\/how-to-care-for-your-juco-bags\/","url":"https:\/\/gojuteinternational.com\/es\/how-to-care-for-your-juco-bags\/","name":"C\u00f3mo cuidar las bolsas Juco: Consejos de limpieza y almacenamiento","isPartOf":{"@id":"https:\/\/gojuteinternational.com\/es\/#website"},"datePublished":"2025-02-20T06:22:02+00:00","dateModified":"2025-02-25T05:59:10+00:00","description":"Mant\u00e9n tus bolsas de yute en plena forma con una limpieza suave y un secado adecuado. Aprende a tratar correctamente esta mezcla \u00fanica de yute y algod\u00f3n.","breadcrumb":{"@id":"https:\/\/gojuteinternational.com\/es\/how-to-care-for-your-juco-bags\/#breadcrumb"},"inLanguage":"es","potentialAction":[{"@type":"ReadAction","target":["https:\/\/gojuteinternational.com\/es\/how-to-care-for-your-juco-bags\/"]}]},{"@type":"BreadcrumbList","@id":"https:\/\/gojuteinternational.com\/es\/how-to-care-for-your-juco-bags\/#breadcrumb","itemListElement":[{"@type":"ListItem","position":1,"name":"Home","item":"https:\/\/gojuteinternational.com\/es\/"},{"@type":"ListItem","position":2,"name":"C\u00f3mo cuidar tus mochilas Juco"}]},{"@type":"WebSite","@id":"https:\/\/gojuteinternational.com\/es\/#website","url":"https:\/\/gojuteinternational.com\/es\/","name":"GoJute International","description":"Printed bags for business","publisher":{"@id":"https:\/\/gojuteinternational.com\/es\/#organization"},"alternateName":"GoJute","potentialAction":[{"@type":"SearchAction","target":{"@type":"EntryPoint","urlTemplate":"https:\/\/gojuteinternational.com\/es\/?s={search_term_string}"},"query-input":"required name=search_term_string"}],"inLanguage":"es"},{"@type":"Organization","@id":"https:\/\/gojuteinternational.com\/es\/#organization","name":"GoJute International","alternateName":"GoJute","url":"https:\/\/gojuteinternational.com\/es\/","logo":{"@type":"ImageObject","inLanguage":"es","@id":"https:\/\/gojuteinternational.com\/es\/#\/schema\/logo\/image\/","url":"https:\/\/gojuteinternational.com\/wp-content\/uploads\/2022\/06\/GoJute-Logo-RGB.png","contentUrl":"https:\/\/gojuteinternational.com\/wp-content\/uploads\/2022\/06\/GoJute-Logo-RGB.png","width":2000,"height":1809,"caption":"GoJute International"},"image":{"@id":"https:\/\/gojuteinternational.com\/es\/#\/schema\/logo\/image\/"},"sameAs":["https:\/\/www.facebook.com\/gojute","https:\/\/www.instagram.com\/gojute\/"]}]}},"_links":{"self":[{"href":"https:\/\/gojuteinternational.com\/es\/wp-json\/wp\/v2\/pages\/85772","targetHints":{"allow":["GET"]}}],"collection":[{"href":"https:\/\/gojuteinternational.com\/es\/wp-json\/wp\/v2\/pages"}],"about":[{"href":"https:\/\/gojuteinternational.com\/es\/wp-json\/wp\/v2\/types\/page"}],"author":[{"embeddable":true,"href":"https:\/\/gojuteinternational.com\/es\/wp-json\/wp\/v2\/users\/6996"}],"replies":[{"embeddable":true,"href":"https:\/\/gojuteinternational.com\/es\/wp-json\/wp\/v2\/comments?post=85772"}],"version-history":[{"count":5,"href":"https:\/\/gojuteinternational.com\/es\/wp-json\/wp\/v2\/pages\/85772\/revisions"}],"predecessor-version":[{"id":86061,"href":"https:\/\/gojuteinternational.com\/es\/wp-json\/wp\/v2\/pages\/85772\/revisions\/86061"}],"wp:attachment":[{"href":"https:\/\/gojuteinternational.com\/es\/wp-json\/wp\/v2\/media?parent=85772"}],"curies":[{"name":"wp","href":"https:\/\/api.w.org\/{rel}","templated":true}]}}