{"id":85800,"date":"2025-02-20T08:03:33","date_gmt":"2025-02-20T07:03:33","guid":{"rendered":"https:\/\/gojuteinternational.com\/how-to-care-for-your-jute-bags-2\/"},"modified":"2025-02-25T08:54:34","modified_gmt":"2025-02-25T07:54:34","slug":"how-to-care-for-your-jute-bags","status":"publish","type":"page","link":"https:\/\/gojuteinternational.com\/es\/how-to-care-for-your-jute-bags\/","title":{"rendered":"C\u00f3mo cuidar tus sacos de yute"},"content":{"rendered":"\t\t<div data-elementor-type=\"wp-page\" data-elementor-id=\"85800\" class=\"elementor elementor-85800 elementor-85797\" data-elementor-post-type=\"page\">\n\t\t\t\t\t\t\t\t\t<section class=\"elementor-section elementor-top-section elementor-element elementor-element-a46339f elementor-section-boxed elementor-section-height-default elementor-section-height-default\" data-id=\"a46339f\" data-element_type=\"section\">\n\t\t\t\t\t\t<div class=\"elementor-container elementor-column-gap-default\">\n\t\t\t\t\t<div class=\"elementor-column elementor-col-100 elementor-top-column elementor-element elementor-element-d6c17af\" data-id=\"d6c17af\" data-element_type=\"column\">\n\t\t\t<div class=\"elementor-widget-wrap elementor-element-populated\">\n\t\t\t\t\t\t\t\t<div class=\"elementor-element elementor-element-f37fafb elementor-widget elementor-widget-spacer\" data-id=\"f37fafb\" data-element_type=\"widget\" data-widget_type=\"spacer.default\">\n\t\t\t\t<div class=\"elementor-widget-container\">\n\t\t\t<style>\/*! elementor - v3.18.0 - 20-12-2023 *\/\n.elementor-column .elementor-spacer-inner{height:var(--spacer-size)}.e-con{--container-widget-width:100%}.e-con-inner>.elementor-widget-spacer,.e-con>.elementor-widget-spacer{width:var(--container-widget-width,var(--spacer-size));--align-self:var(--container-widget-align-self,initial);--flex-shrink:0}.e-con-inner>.elementor-widget-spacer>.elementor-widget-container,.e-con>.elementor-widget-spacer>.elementor-widget-container{height:100%;width:100%}.e-con-inner>.elementor-widget-spacer>.elementor-widget-container>.elementor-spacer,.e-con>.elementor-widget-spacer>.elementor-widget-container>.elementor-spacer{height:100%}.e-con-inner>.elementor-widget-spacer>.elementor-widget-container>.elementor-spacer>.elementor-spacer-inner,.e-con>.elementor-widget-spacer>.elementor-widget-container>.elementor-spacer>.elementor-spacer-inner{height:var(--container-widget-height,var(--spacer-size))}.e-con-inner>.elementor-widget-spacer.elementor-widget-empty,.e-con>.elementor-widget-spacer.elementor-widget-empty{position:relative;min-height:22px;min-width:22px}.e-con-inner>.elementor-widget-spacer.elementor-widget-empty .elementor-widget-empty-icon,.e-con>.elementor-widget-spacer.elementor-widget-empty .elementor-widget-empty-icon{position:absolute;top:0;bottom:0;left:0;right:0;margin:auto;padding:0;width:22px;height:22px}<\/style>\t\t<div class=\"elementor-spacer\">\n\t\t\t<div class=\"elementor-spacer-inner\"><\/div>\n\t\t<\/div>\n\t\t\t\t<\/div>\n\t\t\t\t<\/div>\n\t\t\t\t\t<\/div>\n\t\t<\/div>\n\t\t\t\t\t\t\t<\/div>\n\t\t<\/section>\n\t\t\t\t<section class=\"elementor-section elementor-top-section elementor-element elementor-element-c05accb elementor-section-boxed elementor-section-height-default elementor-section-height-default\" data-id=\"c05accb\" data-element_type=\"section\">\n\t\t\t\t\t\t<div class=\"elementor-container elementor-column-gap-default\">\n\t\t\t\t\t<div class=\"elementor-column elementor-col-100 elementor-top-column elementor-element elementor-element-f50e9cc\" data-id=\"f50e9cc\" data-element_type=\"column\">\n\t\t\t<div class=\"elementor-widget-wrap elementor-element-populated\">\n\t\t\t\t\t\t\t\t<div class=\"elementor-element elementor-element-7c3e163 elementor-widget elementor-widget-heading\" data-id=\"7c3e163\" data-element_type=\"widget\" data-widget_type=\"heading.default\">\n\t\t\t\t<div class=\"elementor-widget-container\">\n\t\t\t<style>\/*! elementor - v3.18.0 - 20-12-2023 *\/\n.elementor-heading-title{padding:0;margin:0;line-height:1}.elementor-widget-heading .elementor-heading-title[class*=elementor-size-]>a{color:inherit;font-size:inherit;line-height:inherit}.elementor-widget-heading .elementor-heading-title.elementor-size-small{font-size:15px}.elementor-widget-heading .elementor-heading-title.elementor-size-medium{font-size:19px}.elementor-widget-heading .elementor-heading-title.elementor-size-large{font-size:29px}.elementor-widget-heading .elementor-heading-title.elementor-size-xl{font-size:39px}.elementor-widget-heading .elementor-heading-title.elementor-size-xxl{font-size:59px}<\/style><h1 class=\"elementor-heading-title elementor-size-default\">C\u00f3mo cuidar tus sacos de yute: Consejos para un uso duradero<\/h1>\t\t<\/div>\n\t\t\t\t<\/div>\n\t\t\t\t\t<\/div>\n\t\t<\/div>\n\t\t\t\t\t\t\t<\/div>\n\t\t<\/section>\n\t\t\t\t<section class=\"elementor-section elementor-top-section elementor-element elementor-element-76da8f2 elementor-section-boxed elementor-section-height-default elementor-section-height-default\" data-id=\"76da8f2\" data-element_type=\"section\">\n\t\t\t\t\t\t<div class=\"elementor-container elementor-column-gap-default\">\n\t\t\t\t\t<div class=\"elementor-column elementor-col-100 elementor-top-column elementor-element elementor-element-12f0d72\" data-id=\"12f0d72\" data-element_type=\"column\">\n\t\t\t<div class=\"elementor-widget-wrap elementor-element-populated\">\n\t\t\t\t\t\t\t\t<div class=\"elementor-element elementor-element-d65f6d3 elementor-widget elementor-widget-text-editor\" data-id=\"d65f6d3\" data-element_type=\"widget\" data-widget_type=\"text-editor.default\">\n\t\t\t\t<div class=\"elementor-widget-container\">\n\t\t\t<style>\/*! elementor - v3.18.0 - 20-12-2023 *\/\n.elementor-widget-text-editor.elementor-drop-cap-view-stacked .elementor-drop-cap{background-color:#69727d;color:#fff}.elementor-widget-text-editor.elementor-drop-cap-view-framed .elementor-drop-cap{color:#69727d;border:3px solid;background-color:transparent}.elementor-widget-text-editor:not(.elementor-drop-cap-view-default) .elementor-drop-cap{margin-top:8px}.elementor-widget-text-editor:not(.elementor-drop-cap-view-default) .elementor-drop-cap-letter{width:1em;height:1em}.elementor-widget-text-editor .elementor-drop-cap{float:left;text-align:center;line-height:1;font-size:50px}.elementor-widget-text-editor .elementor-drop-cap-letter{display:inline-block}<\/style>\t\t\t\t<p>Los sacos de yute son famosos por su resistencia, su textura r\u00fastica y sus beneficios ecol\u00f3gicos. Sin embargo, esta fibra natural tambi\u00e9n necesita un cuidado adecuado para mantener su mejor aspecto. En esta gu\u00eda, te guiaremos a trav\u00e9s de m\u00e9todos de limpieza eficaces, pr\u00e1cticas de secado y consejos de almacenamiento que alargar\u00e1n la vida de tus bolsas de yute.  <\/p>\n<h3>Limpieza puntual para obtener mejores resultados<\/h3>\n<p>\u25cf Utiliza un detergente suave: Mezcla una peque\u00f1a cantidad de jab\u00f3n suave o detergente en agua tibia.<br \/>\u25cf Frota, no empapes: Sumerge un pa\u00f1o suave en la soluci\u00f3n jabonosa y frota la zona manchada. Evita saturar el tejido, ya que el exceso de agua puede debilitar las fibras. <br \/>\u25cf Aclara ligeramente: Si es necesario, limpia los restos de jab\u00f3n con un pa\u00f1o ligeramente h\u00famedo; de nuevo, evita mojar demasiado.<\/p>\n<h3>S\u00f3lo secado al aire<\/h3>\n<p>\u25cf Cu\u00e9lgala en una zona bien ventilada: Despu\u00e9s de la limpieza puntual, coloca la bolsa en un tendedero o percha para que circule el aire.<br \/>\u25cf Evita la luz solar directa: La exposici\u00f3n prolongada puede causar decoloraci\u00f3n o debilitar las fibras con el tiempo.<br \/>\u25cf La paciencia es importante: Deja que la bolsa se seque completamente antes de guardarla o utilizarla para evitar que se enmohezca o desprenda olores.<\/p>\n<h3>Almacenamiento adecuado<\/h3>\n<p>\u25cf Lugar fresco y seco: Guarda tus sacos de yute en un lugar sin humedad excesiva.<br \/>\u25cf Utiliza paquetes de gel de s\u00edlice: En climas h\u00famedos, colocar un peque\u00f1o paquete de gel de s\u00edlice en el interior puede ayudar a absorber la humedad.<br \/>\u25cf Aireaci\u00f3n ocasional: Si se almacena durante mucho tiempo, saca la bolsa para \u00abairearla\u00bb r\u00e1pidamente y mantenerla fresca.<\/p>\n<h3>Conclusi\u00f3n<\/h3>\n<p>Con unos sencillos pasos, puedes mantener el buen aspecto de tus bolsas de yute durante a\u00f1os. Limitando la exposici\u00f3n al agua, sec\u00e1ndolas bien al aire y guard\u00e1ndolas en un entorno seco, proteger\u00e1s tu inversi\u00f3n en una bolsa de origen sostenible que refleje tus valores ecol\u00f3gicos. <\/p>\n\t\t\t\t\t\t<\/div>\n\t\t\t\t<\/div>\n\t\t\t\t\t<\/div>\n\t\t<\/div>\n\t\t\t\t\t\t\t<\/div>\n\t\t<\/section>\n\t\t\t\t\t\t\t<\/div>\n\t\t","protected":false},"excerpt":{"rendered":"<p>C\u00f3mo cuidar tus sacos de yute: Consejos para un uso duradero Los sacos de yute son famosos por su resistencia, su textura r\u00fastica y sus beneficios ecol\u00f3gicos. Sin embargo, esta fibra natural tambi\u00e9n necesita un cuidado adecuado para mantener su mejor aspecto. En esta gu\u00eda, te guiaremos a trav\u00e9s de m\u00e9todos de limpieza eficaces, pr\u00e1cticas [&hellip;]<\/p>\n","protected":false},"author":6996,"featured_media":0,"parent":0,"menu_order":0,"comment_status":"closed","ping_status":"closed","template":"elementor_header_footer","meta":{"content-type":"","_monsterinsights_skip_tracking":false,"_monsterinsights_sitenote_active":false,"_monsterinsights_sitenote_note":"","_monsterinsights_sitenote_category":0,"footnotes":""},"class_list":["post-85800","page","type-page","status-publish","hentry"],"yoast_head":"<!-- This site is optimized with the Yoast SEO plugin v21.7 - https:\/\/yoast.com\/wordpress\/plugins\/seo\/ -->\n<title>C\u00f3mo cuidar tus sacos de yute: Consejos para un uso duradero<\/title>\n<meta name=\"description\" content=\"Prolonga la vida de tus bolsas de yute con consejos para limpiarlas f\u00e1cilmente, secarlas al aire y guardarlas. Mant\u00e9n tus bolsas ecol\u00f3gicas frescas y funcionales.\" \/>\n<meta name=\"robots\" content=\"index, follow, max-snippet:-1, max-image-preview:large, max-video-preview:-1\" \/>\n<link rel=\"canonical\" href=\"https:\/\/gojuteinternational.com\/es\/how-to-care-for-your-jute-bags\/\" \/>\n<meta property=\"og:locale\" content=\"es_ES\" \/>\n<meta property=\"og:type\" content=\"article\" \/>\n<meta property=\"og:title\" content=\"C\u00f3mo cuidar tus sacos de yute: Consejos para un uso duradero\" \/>\n<meta property=\"og:description\" content=\"Prolonga la vida de tus bolsas de yute con consejos para limpiarlas f\u00e1cilmente, secarlas al aire y guardarlas. Mant\u00e9n tus bolsas ecol\u00f3gicas frescas y funcionales.\" \/>\n<meta property=\"og:url\" content=\"https:\/\/gojuteinternational.com\/es\/how-to-care-for-your-jute-bags\/\" \/>\n<meta property=\"og:site_name\" content=\"GoJute International\" \/>\n<meta property=\"article:publisher\" content=\"https:\/\/www.facebook.com\/gojute\" \/>\n<meta property=\"article:modified_time\" content=\"2025-02-25T07:54:34+00:00\" \/>\n<meta name=\"twitter:card\" content=\"summary_large_image\" \/>\n<meta name=\"twitter:label1\" content=\"Tiempo de lectura\" \/>\n\t<meta name=\"twitter:data1\" content=\"2 minutos\" \/>\n<script type=\"application\/ld+json\" class=\"yoast-schema-graph\">{\"@context\":\"https:\/\/schema.org\",\"@graph\":[{\"@type\":\"WebPage\",\"@id\":\"https:\/\/gojuteinternational.com\/es\/how-to-care-for-your-jute-bags\/\",\"url\":\"https:\/\/gojuteinternational.com\/es\/how-to-care-for-your-jute-bags\/\",\"name\":\"C\u00f3mo cuidar tus sacos de yute: Consejos para un uso duradero\",\"isPartOf\":{\"@id\":\"https:\/\/gojuteinternational.com\/es\/#website\"},\"datePublished\":\"2025-02-20T07:03:33+00:00\",\"dateModified\":\"2025-02-25T07:54:34+00:00\",\"description\":\"Prolonga la vida de tus bolsas de yute con consejos para limpiarlas f\u00e1cilmente, secarlas al aire y guardarlas. Mant\u00e9n tus bolsas ecol\u00f3gicas frescas y funcionales.\",\"breadcrumb\":{\"@id\":\"https:\/\/gojuteinternational.com\/es\/how-to-care-for-your-jute-bags\/#breadcrumb\"},\"inLanguage\":\"es\",\"potentialAction\":[{\"@type\":\"ReadAction\",\"target\":[\"https:\/\/gojuteinternational.com\/es\/how-to-care-for-your-jute-bags\/\"]}]},{\"@type\":\"BreadcrumbList\",\"@id\":\"https:\/\/gojuteinternational.com\/es\/how-to-care-for-your-jute-bags\/#breadcrumb\",\"itemListElement\":[{\"@type\":\"ListItem\",\"position\":1,\"name\":\"Home\",\"item\":\"https:\/\/gojuteinternational.com\/es\/\"},{\"@type\":\"ListItem\",\"position\":2,\"name\":\"C\u00f3mo cuidar tus sacos de yute\"}]},{\"@type\":\"WebSite\",\"@id\":\"https:\/\/gojuteinternational.com\/es\/#website\",\"url\":\"https:\/\/gojuteinternational.com\/es\/\",\"name\":\"GoJute International\",\"description\":\"Printed bags for business\",\"publisher\":{\"@id\":\"https:\/\/gojuteinternational.com\/es\/#organization\"},\"alternateName\":\"GoJute\",\"potentialAction\":[{\"@type\":\"SearchAction\",\"target\":{\"@type\":\"EntryPoint\",\"urlTemplate\":\"https:\/\/gojuteinternational.com\/es\/?s={search_term_string}\"},\"query-input\":\"required name=search_term_string\"}],\"inLanguage\":\"es\"},{\"@type\":\"Organization\",\"@id\":\"https:\/\/gojuteinternational.com\/es\/#organization\",\"name\":\"GoJute International\",\"alternateName\":\"GoJute\",\"url\":\"https:\/\/gojuteinternational.com\/es\/\",\"logo\":{\"@type\":\"ImageObject\",\"inLanguage\":\"es\",\"@id\":\"https:\/\/gojuteinternational.com\/es\/#\/schema\/logo\/image\/\",\"url\":\"https:\/\/gojuteinternational.com\/wp-content\/uploads\/2022\/06\/GoJute-Logo-RGB.png\",\"contentUrl\":\"https:\/\/gojuteinternational.com\/wp-content\/uploads\/2022\/06\/GoJute-Logo-RGB.png\",\"width\":2000,\"height\":1809,\"caption\":\"GoJute International\"},\"image\":{\"@id\":\"https:\/\/gojuteinternational.com\/es\/#\/schema\/logo\/image\/\"},\"sameAs\":[\"https:\/\/www.facebook.com\/gojute\",\"https:\/\/www.instagram.com\/gojute\/\"]}]}<\/script>\n<!-- \/ Yoast SEO plugin. -->","yoast_head_json":{"title":"C\u00f3mo cuidar tus sacos de yute: Consejos para un uso duradero","description":"Prolonga la vida de tus bolsas de yute con consejos para limpiarlas f\u00e1cilmente, secarlas al aire y guardarlas. Mant\u00e9n tus bolsas ecol\u00f3gicas frescas y funcionales.","robots":{"index":"index","follow":"follow","max-snippet":"max-snippet:-1","max-image-preview":"max-image-preview:large","max-video-preview":"max-video-preview:-1"},"canonical":"https:\/\/gojuteinternational.com\/es\/how-to-care-for-your-jute-bags\/","og_locale":"es_ES","og_type":"article","og_title":"C\u00f3mo cuidar tus sacos de yute: Consejos para un uso duradero","og_description":"Prolonga la vida de tus bolsas de yute con consejos para limpiarlas f\u00e1cilmente, secarlas al aire y guardarlas. Mant\u00e9n tus bolsas ecol\u00f3gicas frescas y funcionales.","og_url":"https:\/\/gojuteinternational.com\/es\/how-to-care-for-your-jute-bags\/","og_site_name":"GoJute International","article_publisher":"https:\/\/www.facebook.com\/gojute","article_modified_time":"2025-02-25T07:54:34+00:00","twitter_card":"summary_large_image","twitter_misc":{"Tiempo de lectura":"2 minutos"},"schema":{"@context":"https:\/\/schema.org","@graph":[{"@type":"WebPage","@id":"https:\/\/gojuteinternational.com\/es\/how-to-care-for-your-jute-bags\/","url":"https:\/\/gojuteinternational.com\/es\/how-to-care-for-your-jute-bags\/","name":"C\u00f3mo cuidar tus sacos de yute: Consejos para un uso duradero","isPartOf":{"@id":"https:\/\/gojuteinternational.com\/es\/#website"},"datePublished":"2025-02-20T07:03:33+00:00","dateModified":"2025-02-25T07:54:34+00:00","description":"Prolonga la vida de tus bolsas de yute con consejos para limpiarlas f\u00e1cilmente, secarlas al aire y guardarlas. Mant\u00e9n tus bolsas ecol\u00f3gicas frescas y funcionales.","breadcrumb":{"@id":"https:\/\/gojuteinternational.com\/es\/how-to-care-for-your-jute-bags\/#breadcrumb"},"inLanguage":"es","potentialAction":[{"@type":"ReadAction","target":["https:\/\/gojuteinternational.com\/es\/how-to-care-for-your-jute-bags\/"]}]},{"@type":"BreadcrumbList","@id":"https:\/\/gojuteinternational.com\/es\/how-to-care-for-your-jute-bags\/#breadcrumb","itemListElement":[{"@type":"ListItem","position":1,"name":"Home","item":"https:\/\/gojuteinternational.com\/es\/"},{"@type":"ListItem","position":2,"name":"C\u00f3mo cuidar tus sacos de yute"}]},{"@type":"WebSite","@id":"https:\/\/gojuteinternational.com\/es\/#website","url":"https:\/\/gojuteinternational.com\/es\/","name":"GoJute International","description":"Printed bags for business","publisher":{"@id":"https:\/\/gojuteinternational.com\/es\/#organization"},"alternateName":"GoJute","potentialAction":[{"@type":"SearchAction","target":{"@type":"EntryPoint","urlTemplate":"https:\/\/gojuteinternational.com\/es\/?s={search_term_string}"},"query-input":"required name=search_term_string"}],"inLanguage":"es"},{"@type":"Organization","@id":"https:\/\/gojuteinternational.com\/es\/#organization","name":"GoJute International","alternateName":"GoJute","url":"https:\/\/gojuteinternational.com\/es\/","logo":{"@type":"ImageObject","inLanguage":"es","@id":"https:\/\/gojuteinternational.com\/es\/#\/schema\/logo\/image\/","url":"https:\/\/gojuteinternational.com\/wp-content\/uploads\/2022\/06\/GoJute-Logo-RGB.png","contentUrl":"https:\/\/gojuteinternational.com\/wp-content\/uploads\/2022\/06\/GoJute-Logo-RGB.png","width":2000,"height":1809,"caption":"GoJute International"},"image":{"@id":"https:\/\/gojuteinternational.com\/es\/#\/schema\/logo\/image\/"},"sameAs":["https:\/\/www.facebook.com\/gojute","https:\/\/www.instagram.com\/gojute\/"]}]}},"_links":{"self":[{"href":"https:\/\/gojuteinternational.com\/es\/wp-json\/wp\/v2\/pages\/85800","targetHints":{"allow":["GET"]}}],"collection":[{"href":"https:\/\/gojuteinternational.com\/es\/wp-json\/wp\/v2\/pages"}],"about":[{"href":"https:\/\/gojuteinternational.com\/es\/wp-json\/wp\/v2\/types\/page"}],"author":[{"embeddable":true,"href":"https:\/\/gojuteinternational.com\/es\/wp-json\/wp\/v2\/users\/6996"}],"replies":[{"embeddable":true,"href":"https:\/\/gojuteinternational.com\/es\/wp-json\/wp\/v2\/comments?post=85800"}],"version-history":[{"count":3,"href":"https:\/\/gojuteinternational.com\/es\/wp-json\/wp\/v2\/pages\/85800\/revisions"}],"predecessor-version":[{"id":86140,"href":"https:\/\/gojuteinternational.com\/es\/wp-json\/wp\/v2\/pages\/85800\/revisions\/86140"}],"wp:attachment":[{"href":"https:\/\/gojuteinternational.com\/es\/wp-json\/wp\/v2\/media?parent=85800"}],"curies":[{"name":"wp","href":"https:\/\/api.w.org\/{rel}","templated":true}]}}