{"id":85804,"date":"2025-02-20T08:14:15","date_gmt":"2025-02-20T07:14:15","guid":{"rendered":"https:\/\/gojuteinternational.com\/how-to-care-for-your-non-woven-polypropylene-bags\/"},"modified":"2025-02-25T07:14:52","modified_gmt":"2025-02-25T06:14:52","slug":"how-to-care-for-your-non-woven-polypropylene-bags","status":"publish","type":"page","link":"https:\/\/gojuteinternational.com\/es\/how-to-care-for-your-non-woven-polypropylene-bags\/","title":{"rendered":"C\u00f3mo cuidar tus bolsas de polipropileno no tejido"},"content":{"rendered":"\t\t<div data-elementor-type=\"wp-page\" data-elementor-id=\"85804\" class=\"elementor elementor-85804 elementor-85801\" data-elementor-post-type=\"page\">\n\t\t\t\t\t\t\t\t\t<section class=\"elementor-section elementor-top-section elementor-element elementor-element-3255c6c elementor-section-boxed elementor-section-height-default elementor-section-height-default\" data-id=\"3255c6c\" data-element_type=\"section\">\n\t\t\t\t\t\t<div class=\"elementor-container elementor-column-gap-default\">\n\t\t\t\t\t<div class=\"elementor-column elementor-col-100 elementor-top-column elementor-element elementor-element-f14b15f\" data-id=\"f14b15f\" data-element_type=\"column\">\n\t\t\t<div class=\"elementor-widget-wrap elementor-element-populated\">\n\t\t\t\t\t\t\t\t<div class=\"elementor-element elementor-element-eb904cc elementor-widget elementor-widget-spacer\" data-id=\"eb904cc\" data-element_type=\"widget\" data-widget_type=\"spacer.default\">\n\t\t\t\t<div class=\"elementor-widget-container\">\n\t\t\t<style>\/*! elementor - v3.18.0 - 20-12-2023 *\/\n.elementor-column .elementor-spacer-inner{height:var(--spacer-size)}.e-con{--container-widget-width:100%}.e-con-inner>.elementor-widget-spacer,.e-con>.elementor-widget-spacer{width:var(--container-widget-width,var(--spacer-size));--align-self:var(--container-widget-align-self,initial);--flex-shrink:0}.e-con-inner>.elementor-widget-spacer>.elementor-widget-container,.e-con>.elementor-widget-spacer>.elementor-widget-container{height:100%;width:100%}.e-con-inner>.elementor-widget-spacer>.elementor-widget-container>.elementor-spacer,.e-con>.elementor-widget-spacer>.elementor-widget-container>.elementor-spacer{height:100%}.e-con-inner>.elementor-widget-spacer>.elementor-widget-container>.elementor-spacer>.elementor-spacer-inner,.e-con>.elementor-widget-spacer>.elementor-widget-container>.elementor-spacer>.elementor-spacer-inner{height:var(--container-widget-height,var(--spacer-size))}.e-con-inner>.elementor-widget-spacer.elementor-widget-empty,.e-con>.elementor-widget-spacer.elementor-widget-empty{position:relative;min-height:22px;min-width:22px}.e-con-inner>.elementor-widget-spacer.elementor-widget-empty .elementor-widget-empty-icon,.e-con>.elementor-widget-spacer.elementor-widget-empty .elementor-widget-empty-icon{position:absolute;top:0;bottom:0;left:0;right:0;margin:auto;padding:0;width:22px;height:22px}<\/style>\t\t<div class=\"elementor-spacer\">\n\t\t\t<div class=\"elementor-spacer-inner\"><\/div>\n\t\t<\/div>\n\t\t\t\t<\/div>\n\t\t\t\t<\/div>\n\t\t\t\t\t<\/div>\n\t\t<\/div>\n\t\t\t\t\t\t\t<\/div>\n\t\t<\/section>\n\t\t\t\t<section class=\"elementor-section elementor-top-section elementor-element elementor-element-580c3d5 elementor-section-boxed elementor-section-height-default elementor-section-height-default\" data-id=\"580c3d5\" data-element_type=\"section\">\n\t\t\t\t\t\t<div class=\"elementor-container elementor-column-gap-default\">\n\t\t\t\t\t<div class=\"elementor-column elementor-col-100 elementor-top-column elementor-element elementor-element-408a49e\" data-id=\"408a49e\" data-element_type=\"column\">\n\t\t\t<div class=\"elementor-widget-wrap elementor-element-populated\">\n\t\t\t\t\t\t\t\t<div class=\"elementor-element elementor-element-f583627 elementor-widget elementor-widget-heading\" data-id=\"f583627\" data-element_type=\"widget\" data-widget_type=\"heading.default\">\n\t\t\t\t<div class=\"elementor-widget-container\">\n\t\t\t<style>\/*! elementor - v3.18.0 - 20-12-2023 *\/\n.elementor-heading-title{padding:0;margin:0;line-height:1}.elementor-widget-heading .elementor-heading-title[class*=elementor-size-]>a{color:inherit;font-size:inherit;line-height:inherit}.elementor-widget-heading .elementor-heading-title.elementor-size-small{font-size:15px}.elementor-widget-heading .elementor-heading-title.elementor-size-medium{font-size:19px}.elementor-widget-heading .elementor-heading-title.elementor-size-large{font-size:29px}.elementor-widget-heading .elementor-heading-title.elementor-size-xl{font-size:39px}.elementor-widget-heading .elementor-heading-title.elementor-size-xxl{font-size:59px}<\/style><h1 class=\"elementor-heading-title elementor-size-default\">Cuidado de la bolsa de PP no tejido: Limpiar y\nGuardar para uso repetido\n<\/h1>\t\t<\/div>\n\t\t\t\t<\/div>\n\t\t\t\t\t<\/div>\n\t\t<\/div>\n\t\t\t\t\t\t\t<\/div>\n\t\t<\/section>\n\t\t\t\t<section class=\"elementor-section elementor-top-section elementor-element elementor-element-f6deaf5 elementor-section-boxed elementor-section-height-default elementor-section-height-default\" data-id=\"f6deaf5\" data-element_type=\"section\">\n\t\t\t\t\t\t<div class=\"elementor-container elementor-column-gap-default\">\n\t\t\t\t\t<div class=\"elementor-column elementor-col-100 elementor-top-column elementor-element elementor-element-8991086\" data-id=\"8991086\" data-element_type=\"column\">\n\t\t\t<div class=\"elementor-widget-wrap elementor-element-populated\">\n\t\t\t\t\t\t\t\t<div class=\"elementor-element elementor-element-1bc21f0 elementor-widget elementor-widget-text-editor\" data-id=\"1bc21f0\" data-element_type=\"widget\" data-widget_type=\"text-editor.default\">\n\t\t\t\t<div class=\"elementor-widget-container\">\n\t\t\t<style>\/*! elementor - v3.18.0 - 20-12-2023 *\/\n.elementor-widget-text-editor.elementor-drop-cap-view-stacked .elementor-drop-cap{background-color:#69727d;color:#fff}.elementor-widget-text-editor.elementor-drop-cap-view-framed .elementor-drop-cap{color:#69727d;border:3px solid;background-color:transparent}.elementor-widget-text-editor:not(.elementor-drop-cap-view-default) .elementor-drop-cap{margin-top:8px}.elementor-widget-text-editor:not(.elementor-drop-cap-view-default) .elementor-drop-cap-letter{width:1em;height:1em}.elementor-widget-text-editor .elementor-drop-cap{float:left;text-align:center;line-height:1;font-size:50px}.elementor-widget-text-editor .elementor-drop-cap-letter{display:inline-block}<\/style>\t\t\t\t<p>Las bolsas de polipropileno (PP) no tejido son una alternativa rentable y reutilizable al pl\u00e1stico de un solo uso. Aunque requieren poco mantenimiento en comparaci\u00f3n con algunas fibras naturales, una limpieza y un almacenamiento adecuados pueden mantenerlas en buen estado durante meses o incluso a\u00f1os. A continuaci\u00f3n te explicamos c\u00f3mo conseguir que tus bolsas de PP no tejido sigan siendo funcionales y presentables.  <\/p>\n<h2> <\/h2>\n<h3>Limpieza b\u00e1sica<\/h3>\n<ul>\n<li>Limpieza r\u00e1pida: Limpia la superficie de la bolsa con un pa\u00f1o h\u00famedo o una esponja para eliminar el polvo, la suciedad o los derrames.<\/li>\n<li>Soluci\u00f3n jabonosa suave: Para las manchas m\u00e1s resistentes, utiliza agua tibia y un detergente suave. Evita los productos qu\u00edmicos fuertes. <\/li>\n<li>No lo empapes: El PP no tejido puede perder su integridad estructural si se empapa mucho o se restriega agresivamente.<\/li>\n<\/ul>\n<h3>T\u00e9cnicas de secado<\/h3>\n<ul>\n<li>S\u00e9cala bien al aire: Cuelga o apoya la bolsa abierta para que circule el aire en su interior.<\/li>\n<li>Evita las fuentes de calor: No utilices una secadora ni coloques la bolsa cerca de radiadores, ya que el calor puede deformar o encoger las fibras de polipropileno.<\/li>\n<li>Comprueba las costuras: Aseg\u00farate de que todas las zonas, especialmente las costuras, est\u00e1n completamente secas antes de guardarlas para evitar el moho.<\/li>\n<\/ul>\n<h3>Normas de almacenamiento<\/h3>\n<ul>\n<li>Doblar o colgar: Plegarla est\u00e1 bien para guardarla a corto plazo; para periodos m\u00e1s largos, considera la posibilidad de colgar la bolsa para evitar arrugas.<\/li>\n<li>Mantener alejado de objetos afilados: El PP no tejido puede desgarrarse si se engancha en bordes \u00e1speros.<\/li>\n<li>Compartimentos separados: Si guardas varias bolsas, coloca cada una en su propio espacio para evitar que se enganchen o transfieran suciedad.<\/li>\n<\/ul>\n<h3>Alargar la vida \u00fatil<\/h3>\n<ul>\n<li>Limita la sobrecarga: Aunque duradero, el PP no tejido no es tan resistente como la lona o el yute. Llenarlo demasiado puede tensar las costuras. <\/li>\n<li>Inspecci\u00f3n peri\u00f3dica: Comprueba las asas y las esquinas en busca de signos tempranos de desgaste y refu\u00e9rzalas si es necesario.<\/li>\n<\/ul>\n<h2> <\/h2>\n<h2>Conclusi\u00f3n<\/h2>\n<p>Una simple limpieza y un secado al aire suelen ser suficientes para mantener tus bolsas de polipropileno no tejido en buen estado. Tomando algunas precauciones -como evitar el exceso de calor y las cargas pesadas- puedes alargar la vida de estas bolsas reutilizables y econ\u00f3micas mucho m\u00e1s de lo que una bolsa de pl\u00e1stico de un solo uso podr\u00eda conseguir. <\/p>\n<\/p><\/p>\n\t\t\t\t\t\t<\/div>\n\t\t\t\t<\/div>\n\t\t\t\t\t<\/div>\n\t\t<\/div>\n\t\t\t\t\t\t\t<\/div>\n\t\t<\/section>\n\t\t\t\t\t\t\t<\/div>\n\t\t","protected":false},"excerpt":{"rendered":"<p>Cuidado de la bolsa de PP no tejido: Limpiar y Guardar para uso repetido Las bolsas de polipropileno (PP) no tejido son una alternativa rentable y reutilizable al pl\u00e1stico de un solo uso. Aunque requieren poco mantenimiento en comparaci\u00f3n con algunas fibras naturales, una limpieza y un almacenamiento adecuados pueden mantenerlas en buen estado durante [&hellip;]<\/p>\n","protected":false},"author":6996,"featured_media":0,"parent":0,"menu_order":0,"comment_status":"closed","ping_status":"closed","template":"elementor_header_footer","meta":{"content-type":"","_monsterinsights_skip_tracking":false,"_monsterinsights_sitenote_active":false,"_monsterinsights_sitenote_note":"","_monsterinsights_sitenote_category":0,"footnotes":""},"class_list":["post-85804","page","type-page","status-publish","hentry"],"yoast_head":"<!-- This site is optimized with the Yoast SEO plugin v21.7 - https:\/\/yoast.com\/wordpress\/plugins\/seo\/ -->\n<title>Cuidado de la bolsa de PP no tejido: Limpiar y guardar para uso repetido<\/title>\n<meta name=\"description\" content=\"Mant\u00e9n tus bolsas de polipropileno no tejido funcionales y limpias con sencillos consejos de limpieza y secado al aire. Aprende sencillos pasos para alargar su vida \u00fatil reutilizable.\" \/>\n<meta name=\"robots\" content=\"index, follow, max-snippet:-1, max-image-preview:large, max-video-preview:-1\" \/>\n<link rel=\"canonical\" href=\"https:\/\/gojuteinternational.com\/es\/how-to-care-for-your-non-woven-polypropylene-bags\/\" \/>\n<meta property=\"og:locale\" content=\"es_ES\" \/>\n<meta property=\"og:type\" content=\"article\" \/>\n<meta property=\"og:title\" content=\"Cuidado de la bolsa de PP no tejido: Limpiar y guardar para uso repetido\" \/>\n<meta property=\"og:description\" content=\"Mant\u00e9n tus bolsas de polipropileno no tejido funcionales y limpias con sencillos consejos de limpieza y secado al aire. Aprende sencillos pasos para alargar su vida \u00fatil reutilizable.\" \/>\n<meta property=\"og:url\" content=\"https:\/\/gojuteinternational.com\/es\/how-to-care-for-your-non-woven-polypropylene-bags\/\" \/>\n<meta property=\"og:site_name\" content=\"GoJute International\" \/>\n<meta property=\"article:publisher\" content=\"https:\/\/www.facebook.com\/gojute\" \/>\n<meta property=\"article:modified_time\" content=\"2025-02-25T06:14:52+00:00\" \/>\n<meta name=\"twitter:card\" content=\"summary_large_image\" \/>\n<meta name=\"twitter:label1\" content=\"Tiempo de lectura\" \/>\n\t<meta name=\"twitter:data1\" content=\"2 minutos\" \/>\n<script type=\"application\/ld+json\" class=\"yoast-schema-graph\">{\"@context\":\"https:\/\/schema.org\",\"@graph\":[{\"@type\":\"WebPage\",\"@id\":\"https:\/\/gojuteinternational.com\/es\/how-to-care-for-your-non-woven-polypropylene-bags\/\",\"url\":\"https:\/\/gojuteinternational.com\/es\/how-to-care-for-your-non-woven-polypropylene-bags\/\",\"name\":\"Cuidado de la bolsa de PP no tejido: Limpiar y guardar para uso repetido\",\"isPartOf\":{\"@id\":\"https:\/\/gojuteinternational.com\/es\/#website\"},\"datePublished\":\"2025-02-20T07:14:15+00:00\",\"dateModified\":\"2025-02-25T06:14:52+00:00\",\"description\":\"Mant\u00e9n tus bolsas de polipropileno no tejido funcionales y limpias con sencillos consejos de limpieza y secado al aire. Aprende sencillos pasos para alargar su vida \u00fatil reutilizable.\",\"breadcrumb\":{\"@id\":\"https:\/\/gojuteinternational.com\/es\/how-to-care-for-your-non-woven-polypropylene-bags\/#breadcrumb\"},\"inLanguage\":\"es\",\"potentialAction\":[{\"@type\":\"ReadAction\",\"target\":[\"https:\/\/gojuteinternational.com\/es\/how-to-care-for-your-non-woven-polypropylene-bags\/\"]}]},{\"@type\":\"BreadcrumbList\",\"@id\":\"https:\/\/gojuteinternational.com\/es\/how-to-care-for-your-non-woven-polypropylene-bags\/#breadcrumb\",\"itemListElement\":[{\"@type\":\"ListItem\",\"position\":1,\"name\":\"Home\",\"item\":\"https:\/\/gojuteinternational.com\/es\/\"},{\"@type\":\"ListItem\",\"position\":2,\"name\":\"C\u00f3mo cuidar tus bolsas de polipropileno no tejido\"}]},{\"@type\":\"WebSite\",\"@id\":\"https:\/\/gojuteinternational.com\/es\/#website\",\"url\":\"https:\/\/gojuteinternational.com\/es\/\",\"name\":\"GoJute International\",\"description\":\"Printed bags for business\",\"publisher\":{\"@id\":\"https:\/\/gojuteinternational.com\/es\/#organization\"},\"alternateName\":\"GoJute\",\"potentialAction\":[{\"@type\":\"SearchAction\",\"target\":{\"@type\":\"EntryPoint\",\"urlTemplate\":\"https:\/\/gojuteinternational.com\/es\/?s={search_term_string}\"},\"query-input\":\"required name=search_term_string\"}],\"inLanguage\":\"es\"},{\"@type\":\"Organization\",\"@id\":\"https:\/\/gojuteinternational.com\/es\/#organization\",\"name\":\"GoJute International\",\"alternateName\":\"GoJute\",\"url\":\"https:\/\/gojuteinternational.com\/es\/\",\"logo\":{\"@type\":\"ImageObject\",\"inLanguage\":\"es\",\"@id\":\"https:\/\/gojuteinternational.com\/es\/#\/schema\/logo\/image\/\",\"url\":\"https:\/\/gojuteinternational.com\/wp-content\/uploads\/2022\/06\/GoJute-Logo-RGB.png\",\"contentUrl\":\"https:\/\/gojuteinternational.com\/wp-content\/uploads\/2022\/06\/GoJute-Logo-RGB.png\",\"width\":2000,\"height\":1809,\"caption\":\"GoJute International\"},\"image\":{\"@id\":\"https:\/\/gojuteinternational.com\/es\/#\/schema\/logo\/image\/\"},\"sameAs\":[\"https:\/\/www.facebook.com\/gojute\",\"https:\/\/www.instagram.com\/gojute\/\"]}]}<\/script>\n<!-- \/ Yoast SEO plugin. -->","yoast_head_json":{"title":"Cuidado de la bolsa de PP no tejido: Limpiar y guardar para uso repetido","description":"Mant\u00e9n tus bolsas de polipropileno no tejido funcionales y limpias con sencillos consejos de limpieza y secado al aire. Aprende sencillos pasos para alargar su vida \u00fatil reutilizable.","robots":{"index":"index","follow":"follow","max-snippet":"max-snippet:-1","max-image-preview":"max-image-preview:large","max-video-preview":"max-video-preview:-1"},"canonical":"https:\/\/gojuteinternational.com\/es\/how-to-care-for-your-non-woven-polypropylene-bags\/","og_locale":"es_ES","og_type":"article","og_title":"Cuidado de la bolsa de PP no tejido: Limpiar y guardar para uso repetido","og_description":"Mant\u00e9n tus bolsas de polipropileno no tejido funcionales y limpias con sencillos consejos de limpieza y secado al aire. Aprende sencillos pasos para alargar su vida \u00fatil reutilizable.","og_url":"https:\/\/gojuteinternational.com\/es\/how-to-care-for-your-non-woven-polypropylene-bags\/","og_site_name":"GoJute International","article_publisher":"https:\/\/www.facebook.com\/gojute","article_modified_time":"2025-02-25T06:14:52+00:00","twitter_card":"summary_large_image","twitter_misc":{"Tiempo de lectura":"2 minutos"},"schema":{"@context":"https:\/\/schema.org","@graph":[{"@type":"WebPage","@id":"https:\/\/gojuteinternational.com\/es\/how-to-care-for-your-non-woven-polypropylene-bags\/","url":"https:\/\/gojuteinternational.com\/es\/how-to-care-for-your-non-woven-polypropylene-bags\/","name":"Cuidado de la bolsa de PP no tejido: Limpiar y guardar para uso repetido","isPartOf":{"@id":"https:\/\/gojuteinternational.com\/es\/#website"},"datePublished":"2025-02-20T07:14:15+00:00","dateModified":"2025-02-25T06:14:52+00:00","description":"Mant\u00e9n tus bolsas de polipropileno no tejido funcionales y limpias con sencillos consejos de limpieza y secado al aire. Aprende sencillos pasos para alargar su vida \u00fatil reutilizable.","breadcrumb":{"@id":"https:\/\/gojuteinternational.com\/es\/how-to-care-for-your-non-woven-polypropylene-bags\/#breadcrumb"},"inLanguage":"es","potentialAction":[{"@type":"ReadAction","target":["https:\/\/gojuteinternational.com\/es\/how-to-care-for-your-non-woven-polypropylene-bags\/"]}]},{"@type":"BreadcrumbList","@id":"https:\/\/gojuteinternational.com\/es\/how-to-care-for-your-non-woven-polypropylene-bags\/#breadcrumb","itemListElement":[{"@type":"ListItem","position":1,"name":"Home","item":"https:\/\/gojuteinternational.com\/es\/"},{"@type":"ListItem","position":2,"name":"C\u00f3mo cuidar tus bolsas de polipropileno no tejido"}]},{"@type":"WebSite","@id":"https:\/\/gojuteinternational.com\/es\/#website","url":"https:\/\/gojuteinternational.com\/es\/","name":"GoJute International","description":"Printed bags for business","publisher":{"@id":"https:\/\/gojuteinternational.com\/es\/#organization"},"alternateName":"GoJute","potentialAction":[{"@type":"SearchAction","target":{"@type":"EntryPoint","urlTemplate":"https:\/\/gojuteinternational.com\/es\/?s={search_term_string}"},"query-input":"required name=search_term_string"}],"inLanguage":"es"},{"@type":"Organization","@id":"https:\/\/gojuteinternational.com\/es\/#organization","name":"GoJute International","alternateName":"GoJute","url":"https:\/\/gojuteinternational.com\/es\/","logo":{"@type":"ImageObject","inLanguage":"es","@id":"https:\/\/gojuteinternational.com\/es\/#\/schema\/logo\/image\/","url":"https:\/\/gojuteinternational.com\/wp-content\/uploads\/2022\/06\/GoJute-Logo-RGB.png","contentUrl":"https:\/\/gojuteinternational.com\/wp-content\/uploads\/2022\/06\/GoJute-Logo-RGB.png","width":2000,"height":1809,"caption":"GoJute International"},"image":{"@id":"https:\/\/gojuteinternational.com\/es\/#\/schema\/logo\/image\/"},"sameAs":["https:\/\/www.facebook.com\/gojute","https:\/\/www.instagram.com\/gojute\/"]}]}},"_links":{"self":[{"href":"https:\/\/gojuteinternational.com\/es\/wp-json\/wp\/v2\/pages\/85804","targetHints":{"allow":["GET"]}}],"collection":[{"href":"https:\/\/gojuteinternational.com\/es\/wp-json\/wp\/v2\/pages"}],"about":[{"href":"https:\/\/gojuteinternational.com\/es\/wp-json\/wp\/v2\/types\/page"}],"author":[{"embeddable":true,"href":"https:\/\/gojuteinternational.com\/es\/wp-json\/wp\/v2\/users\/6996"}],"replies":[{"embeddable":true,"href":"https:\/\/gojuteinternational.com\/es\/wp-json\/wp\/v2\/comments?post=85804"}],"version-history":[{"count":3,"href":"https:\/\/gojuteinternational.com\/es\/wp-json\/wp\/v2\/pages\/85804\/revisions"}],"predecessor-version":[{"id":86086,"href":"https:\/\/gojuteinternational.com\/es\/wp-json\/wp\/v2\/pages\/85804\/revisions\/86086"}],"wp:attachment":[{"href":"https:\/\/gojuteinternational.com\/es\/wp-json\/wp\/v2\/media?parent=85804"}],"curies":[{"name":"wp","href":"https:\/\/api.w.org\/{rel}","templated":true}]}}