{"id":85822,"date":"2025-02-20T08:48:10","date_gmt":"2025-02-20T07:48:10","guid":{"rendered":"https:\/\/gojuteinternational.com\/how-to-care-for-your-paper-bags\/"},"modified":"2025-02-25T07:14:54","modified_gmt":"2025-02-25T06:14:54","slug":"how-to-care-for-your-paper-bags","status":"publish","type":"page","link":"https:\/\/gojuteinternational.com\/es\/how-to-care-for-your-paper-bags\/","title":{"rendered":"C\u00f3mo cuidar tus bolsas de papel"},"content":{"rendered":"\t\t<div data-elementor-type=\"wp-page\" data-elementor-id=\"85822\" class=\"elementor elementor-85822 elementor-85818\" data-elementor-post-type=\"page\">\n\t\t\t\t\t\t\t\t\t<section class=\"elementor-section elementor-top-section elementor-element elementor-element-d350316 elementor-section-boxed elementor-section-height-default elementor-section-height-default\" data-id=\"d350316\" data-element_type=\"section\">\n\t\t\t\t\t\t<div class=\"elementor-container elementor-column-gap-default\">\n\t\t\t\t\t<div class=\"elementor-column elementor-col-100 elementor-top-column elementor-element elementor-element-4cbcec4\" data-id=\"4cbcec4\" data-element_type=\"column\">\n\t\t\t<div class=\"elementor-widget-wrap elementor-element-populated\">\n\t\t\t\t\t\t\t\t<div class=\"elementor-element elementor-element-bd0470c elementor-widget elementor-widget-spacer\" data-id=\"bd0470c\" data-element_type=\"widget\" data-widget_type=\"spacer.default\">\n\t\t\t\t<div class=\"elementor-widget-container\">\n\t\t\t<style>\/*! elementor - v3.18.0 - 20-12-2023 *\/\n.elementor-column .elementor-spacer-inner{height:var(--spacer-size)}.e-con{--container-widget-width:100%}.e-con-inner>.elementor-widget-spacer,.e-con>.elementor-widget-spacer{width:var(--container-widget-width,var(--spacer-size));--align-self:var(--container-widget-align-self,initial);--flex-shrink:0}.e-con-inner>.elementor-widget-spacer>.elementor-widget-container,.e-con>.elementor-widget-spacer>.elementor-widget-container{height:100%;width:100%}.e-con-inner>.elementor-widget-spacer>.elementor-widget-container>.elementor-spacer,.e-con>.elementor-widget-spacer>.elementor-widget-container>.elementor-spacer{height:100%}.e-con-inner>.elementor-widget-spacer>.elementor-widget-container>.elementor-spacer>.elementor-spacer-inner,.e-con>.elementor-widget-spacer>.elementor-widget-container>.elementor-spacer>.elementor-spacer-inner{height:var(--container-widget-height,var(--spacer-size))}.e-con-inner>.elementor-widget-spacer.elementor-widget-empty,.e-con>.elementor-widget-spacer.elementor-widget-empty{position:relative;min-height:22px;min-width:22px}.e-con-inner>.elementor-widget-spacer.elementor-widget-empty .elementor-widget-empty-icon,.e-con>.elementor-widget-spacer.elementor-widget-empty .elementor-widget-empty-icon{position:absolute;top:0;bottom:0;left:0;right:0;margin:auto;padding:0;width:22px;height:22px}<\/style>\t\t<div class=\"elementor-spacer\">\n\t\t\t<div class=\"elementor-spacer-inner\"><\/div>\n\t\t<\/div>\n\t\t\t\t<\/div>\n\t\t\t\t<\/div>\n\t\t\t\t\t<\/div>\n\t\t<\/div>\n\t\t\t\t\t\t\t<\/div>\n\t\t<\/section>\n\t\t\t\t<section class=\"elementor-section elementor-top-section elementor-element elementor-element-27c881a elementor-section-boxed elementor-section-height-default elementor-section-height-default\" data-id=\"27c881a\" data-element_type=\"section\">\n\t\t\t\t\t\t<div class=\"elementor-container elementor-column-gap-default\">\n\t\t\t\t\t<div class=\"elementor-column elementor-col-100 elementor-top-column elementor-element elementor-element-066ff93\" data-id=\"066ff93\" data-element_type=\"column\">\n\t\t\t<div class=\"elementor-widget-wrap elementor-element-populated\">\n\t\t\t\t\t\t\t\t<div class=\"elementor-element elementor-element-8f9bad3 elementor-widget elementor-widget-heading\" data-id=\"8f9bad3\" data-element_type=\"widget\" data-widget_type=\"heading.default\">\n\t\t\t\t<div class=\"elementor-widget-container\">\n\t\t\t<style>\/*! elementor - v3.18.0 - 20-12-2023 *\/\n.elementor-heading-title{padding:0;margin:0;line-height:1}.elementor-widget-heading .elementor-heading-title[class*=elementor-size-]>a{color:inherit;font-size:inherit;line-height:inherit}.elementor-widget-heading .elementor-heading-title.elementor-size-small{font-size:15px}.elementor-widget-heading .elementor-heading-title.elementor-size-medium{font-size:19px}.elementor-widget-heading .elementor-heading-title.elementor-size-large{font-size:29px}.elementor-widget-heading .elementor-heading-title.elementor-size-xl{font-size:39px}.elementor-widget-heading .elementor-heading-title.elementor-size-xxl{font-size:59px}<\/style><h1 class=\"elementor-heading-title elementor-size-default\">Mantenimiento de las Bolsas de Papel: Maximiza\nReutilizaci\u00f3n y respeto al medio ambiente\n<\/h1>\t\t<\/div>\n\t\t\t\t<\/div>\n\t\t\t\t\t<\/div>\n\t\t<\/div>\n\t\t\t\t\t\t\t<\/div>\n\t\t<\/section>\n\t\t\t\t<section class=\"elementor-section elementor-top-section elementor-element elementor-element-0596050 elementor-section-boxed elementor-section-height-default elementor-section-height-default\" data-id=\"0596050\" data-element_type=\"section\">\n\t\t\t\t\t\t<div class=\"elementor-container elementor-column-gap-default\">\n\t\t\t\t\t<div class=\"elementor-column elementor-col-100 elementor-top-column elementor-element elementor-element-f495cd8\" data-id=\"f495cd8\" data-element_type=\"column\">\n\t\t\t<div class=\"elementor-widget-wrap elementor-element-populated\">\n\t\t\t\t\t\t\t\t<div class=\"elementor-element elementor-element-1ac2509 elementor-widget elementor-widget-text-editor\" data-id=\"1ac2509\" data-element_type=\"widget\" data-widget_type=\"text-editor.default\">\n\t\t\t\t<div class=\"elementor-widget-container\">\n\t\t\t<style>\/*! elementor - v3.18.0 - 20-12-2023 *\/\n.elementor-widget-text-editor.elementor-drop-cap-view-stacked .elementor-drop-cap{background-color:#69727d;color:#fff}.elementor-widget-text-editor.elementor-drop-cap-view-framed .elementor-drop-cap{color:#69727d;border:3px solid;background-color:transparent}.elementor-widget-text-editor:not(.elementor-drop-cap-view-default) .elementor-drop-cap{margin-top:8px}.elementor-widget-text-editor:not(.elementor-drop-cap-view-default) .elementor-drop-cap-letter{width:1em;height:1em}.elementor-widget-text-editor .elementor-drop-cap{float:left;text-align:center;line-height:1;font-size:50px}.elementor-widget-text-editor .elementor-drop-cap-letter{display:inline-block}<\/style>\t\t\t\t<p>Las bolsas de papel pueden parecer desechables a primera vista, pero muchas son lo bastante resistentes para m\u00faltiples usos. Si las manejas con cuidado, puedes reducir los residuos y aprovechar al m\u00e1ximo cada bolsa. A continuaci\u00f3n, compartimos consejos pr\u00e1cticos sobre la limpieza y el almacenamiento de las bolsas de papel para ayudarte a prolongar su vida \u00fatil y mantenerlas con un aspecto presentable.  <\/p>\n<\/p>\n<h3>Manipulaci\u00f3n y reutilizaci\u00f3n<\/h3>\n<ul>\n<li>Uso cuidadoso: Evita llenar demasiado las bolsas de papel para evitar que se rompan las costuras o las asas.<\/li>\n<li>Alisa las arrugas: Alisa ligeramente las zonas arrugadas para que la bolsa pueda volver a erguirse.<\/li>\n<li>Reparaciones puntuales: Para peque\u00f1os desgarros, un trozo de cinta adhesiva o pegamento ecol\u00f3gicos pueden ayudar a prolongar la vida de la bolsa.<\/li>\n<\/ul>\n<h3>Limpieza y desinfecci\u00f3n<\/h3>\n<ul>\n<li>Limpieza r\u00e1pida del polvo: Sacude las migas o restos. Tambi\u00e9n puedes utilizar un pa\u00f1o seco para limpiar el polvo. <\/li>\n<li>Limpieza de manchas: Si la bolsa est\u00e1 recubierta o tiene un acabado laminado, puedes limpiar cuidadosamente los peque\u00f1os derrames con un pa\u00f1o apenas h\u00famedo. Para el papel no estucado, evita el agua para evitar que se deforme. <\/li>\n<li>Evita empaparlo: El papel se desintegra r\u00e1pidamente cuando se moja, por lo que cualquier limpieza debe ser m\u00ednima y realizarse con cuidado.<\/li>\n<\/ul>\n<h3>Almacenar bolsas de papel<\/h3>\n<ul>\n<li>Aplana y apila: Coloca las bolsas en posici\u00f3n horizontal o d\u00f3blalas ordenadamente. Ap\u00edlalas en un lugar limpio y seco. <\/li>\n<li>Mantenlo alejado de la humedad: La humedad puede debilitar las fibras del papel, provocando arrugas o moho.<\/li>\n<li>Organiza por tallas: Si tienes varios tama\u00f1os, agr\u00fapalos para facilitar su reutilizaci\u00f3n en el futuro.<\/li>\n<\/ul>\n<h3>Cu\u00e1ndo reciclar<\/h3>\n<ul>\n<li>Bolsas muy sucias: Si una bolsa est\u00e1 manchada de aceite, grasa o restos de comida, los centros de reciclaje pueden rechazarla. Consulta las directrices locales. <\/li>\n<li>Retira las partes que no sean de papel: Las asas de pl\u00e1stico o las cintas deben retirarse antes de reciclarlas para garantizar un producto puramente de papel.<\/li>\n<\/ul>\n<h2> <\/h2>\n<h2>Conclusi\u00f3n<\/h2>\n<p>Las bolsas de papel no son art\u00edculos de un solo uso. Si las tratas con cuidado -limitando las cargas pesadas, haciendo peque\u00f1as reparaciones y almacen\u00e1ndolas adecuadamente- puedes reutilizar las bolsas de papel varias veces. Una vez que han llegado al final de su vida \u00fatil, reciclarlas de forma responsable ayuda a cerrar el c\u00edrculo de una elecci\u00f3n respetuosa con el medio ambiente.  <\/p><\/p>\n\t\t\t\t\t\t<\/div>\n\t\t\t\t<\/div>\n\t\t\t\t\t<\/div>\n\t\t<\/div>\n\t\t\t\t\t\t\t<\/div>\n\t\t<\/section>\n\t\t\t\t\t\t\t<\/div>\n\t\t","protected":false},"excerpt":{"rendered":"<p>Mantenimiento de las Bolsas de Papel: Maximiza Reutilizaci\u00f3n y respeto al medio ambiente Las bolsas de papel pueden parecer desechables a primera vista, pero muchas son lo bastante resistentes para m\u00faltiples usos. Si las manejas con cuidado, puedes reducir los residuos y aprovechar al m\u00e1ximo cada bolsa. A continuaci\u00f3n, compartimos consejos pr\u00e1cticos sobre la limpieza [&hellip;]<\/p>\n","protected":false},"author":6996,"featured_media":0,"parent":0,"menu_order":0,"comment_status":"closed","ping_status":"closed","template":"elementor_header_footer","meta":{"content-type":"","_monsterinsights_skip_tracking":false,"_monsterinsights_sitenote_active":false,"_monsterinsights_sitenote_note":"","_monsterinsights_sitenote_category":0,"footnotes":""},"class_list":["post-85822","page","type-page","status-publish","hentry"],"yoast_head":"<!-- This site is optimized with the Yoast SEO plugin v21.7 - https:\/\/yoast.com\/wordpress\/plugins\/seo\/ -->\n<title>Cuidado con las bolsas de papel: Consejos para reutilizar y reciclar responsablemente<\/title>\n<meta name=\"description\" content=\"Prolonga la vida de tus bolsas de papel con sencillos consejos de reparaci\u00f3n, limpieza y almacenamiento. Reutil\u00edzalas varias veces antes de reciclarlas para obtener los m\u00e1ximos beneficios ecol\u00f3gicos.\" \/>\n<meta name=\"robots\" content=\"index, follow, max-snippet:-1, max-image-preview:large, max-video-preview:-1\" \/>\n<link rel=\"canonical\" href=\"https:\/\/gojuteinternational.com\/es\/how-to-care-for-your-paper-bags\/\" \/>\n<meta property=\"og:locale\" content=\"es_ES\" \/>\n<meta property=\"og:type\" content=\"article\" \/>\n<meta property=\"og:title\" content=\"Cuidado con las bolsas de papel: Consejos para reutilizar y reciclar responsablemente\" \/>\n<meta property=\"og:description\" content=\"Prolonga la vida de tus bolsas de papel con sencillos consejos de reparaci\u00f3n, limpieza y almacenamiento. Reutil\u00edzalas varias veces antes de reciclarlas para obtener los m\u00e1ximos beneficios ecol\u00f3gicos.\" \/>\n<meta property=\"og:url\" content=\"https:\/\/gojuteinternational.com\/es\/how-to-care-for-your-paper-bags\/\" \/>\n<meta property=\"og:site_name\" content=\"GoJute International\" \/>\n<meta property=\"article:publisher\" content=\"https:\/\/www.facebook.com\/gojute\" \/>\n<meta property=\"article:modified_time\" content=\"2025-02-25T06:14:54+00:00\" \/>\n<meta name=\"twitter:card\" content=\"summary_large_image\" \/>\n<meta name=\"twitter:label1\" content=\"Tiempo de lectura\" \/>\n\t<meta name=\"twitter:data1\" content=\"2 minutos\" \/>\n<script type=\"application\/ld+json\" class=\"yoast-schema-graph\">{\"@context\":\"https:\/\/schema.org\",\"@graph\":[{\"@type\":\"WebPage\",\"@id\":\"https:\/\/gojuteinternational.com\/es\/how-to-care-for-your-paper-bags\/\",\"url\":\"https:\/\/gojuteinternational.com\/es\/how-to-care-for-your-paper-bags\/\",\"name\":\"Cuidado con las bolsas de papel: Consejos para reutilizar y reciclar responsablemente\",\"isPartOf\":{\"@id\":\"https:\/\/gojuteinternational.com\/es\/#website\"},\"datePublished\":\"2025-02-20T07:48:10+00:00\",\"dateModified\":\"2025-02-25T06:14:54+00:00\",\"description\":\"Prolonga la vida de tus bolsas de papel con sencillos consejos de reparaci\u00f3n, limpieza y almacenamiento. Reutil\u00edzalas varias veces antes de reciclarlas para obtener los m\u00e1ximos beneficios ecol\u00f3gicos.\",\"breadcrumb\":{\"@id\":\"https:\/\/gojuteinternational.com\/es\/how-to-care-for-your-paper-bags\/#breadcrumb\"},\"inLanguage\":\"es\",\"potentialAction\":[{\"@type\":\"ReadAction\",\"target\":[\"https:\/\/gojuteinternational.com\/es\/how-to-care-for-your-paper-bags\/\"]}]},{\"@type\":\"BreadcrumbList\",\"@id\":\"https:\/\/gojuteinternational.com\/es\/how-to-care-for-your-paper-bags\/#breadcrumb\",\"itemListElement\":[{\"@type\":\"ListItem\",\"position\":1,\"name\":\"Home\",\"item\":\"https:\/\/gojuteinternational.com\/es\/\"},{\"@type\":\"ListItem\",\"position\":2,\"name\":\"C\u00f3mo cuidar tus bolsas de papel\"}]},{\"@type\":\"WebSite\",\"@id\":\"https:\/\/gojuteinternational.com\/es\/#website\",\"url\":\"https:\/\/gojuteinternational.com\/es\/\",\"name\":\"GoJute International\",\"description\":\"Printed bags for business\",\"publisher\":{\"@id\":\"https:\/\/gojuteinternational.com\/es\/#organization\"},\"alternateName\":\"GoJute\",\"potentialAction\":[{\"@type\":\"SearchAction\",\"target\":{\"@type\":\"EntryPoint\",\"urlTemplate\":\"https:\/\/gojuteinternational.com\/es\/?s={search_term_string}\"},\"query-input\":\"required name=search_term_string\"}],\"inLanguage\":\"es\"},{\"@type\":\"Organization\",\"@id\":\"https:\/\/gojuteinternational.com\/es\/#organization\",\"name\":\"GoJute International\",\"alternateName\":\"GoJute\",\"url\":\"https:\/\/gojuteinternational.com\/es\/\",\"logo\":{\"@type\":\"ImageObject\",\"inLanguage\":\"es\",\"@id\":\"https:\/\/gojuteinternational.com\/es\/#\/schema\/logo\/image\/\",\"url\":\"https:\/\/gojuteinternational.com\/wp-content\/uploads\/2022\/06\/GoJute-Logo-RGB.png\",\"contentUrl\":\"https:\/\/gojuteinternational.com\/wp-content\/uploads\/2022\/06\/GoJute-Logo-RGB.png\",\"width\":2000,\"height\":1809,\"caption\":\"GoJute International\"},\"image\":{\"@id\":\"https:\/\/gojuteinternational.com\/es\/#\/schema\/logo\/image\/\"},\"sameAs\":[\"https:\/\/www.facebook.com\/gojute\",\"https:\/\/www.instagram.com\/gojute\/\"]}]}<\/script>\n<!-- \/ Yoast SEO plugin. -->","yoast_head_json":{"title":"Cuidado con las bolsas de papel: Consejos para reutilizar y reciclar responsablemente","description":"Prolonga la vida de tus bolsas de papel con sencillos consejos de reparaci\u00f3n, limpieza y almacenamiento. Reutil\u00edzalas varias veces antes de reciclarlas para obtener los m\u00e1ximos beneficios ecol\u00f3gicos.","robots":{"index":"index","follow":"follow","max-snippet":"max-snippet:-1","max-image-preview":"max-image-preview:large","max-video-preview":"max-video-preview:-1"},"canonical":"https:\/\/gojuteinternational.com\/es\/how-to-care-for-your-paper-bags\/","og_locale":"es_ES","og_type":"article","og_title":"Cuidado con las bolsas de papel: Consejos para reutilizar y reciclar responsablemente","og_description":"Prolonga la vida de tus bolsas de papel con sencillos consejos de reparaci\u00f3n, limpieza y almacenamiento. Reutil\u00edzalas varias veces antes de reciclarlas para obtener los m\u00e1ximos beneficios ecol\u00f3gicos.","og_url":"https:\/\/gojuteinternational.com\/es\/how-to-care-for-your-paper-bags\/","og_site_name":"GoJute International","article_publisher":"https:\/\/www.facebook.com\/gojute","article_modified_time":"2025-02-25T06:14:54+00:00","twitter_card":"summary_large_image","twitter_misc":{"Tiempo de lectura":"2 minutos"},"schema":{"@context":"https:\/\/schema.org","@graph":[{"@type":"WebPage","@id":"https:\/\/gojuteinternational.com\/es\/how-to-care-for-your-paper-bags\/","url":"https:\/\/gojuteinternational.com\/es\/how-to-care-for-your-paper-bags\/","name":"Cuidado con las bolsas de papel: Consejos para reutilizar y reciclar responsablemente","isPartOf":{"@id":"https:\/\/gojuteinternational.com\/es\/#website"},"datePublished":"2025-02-20T07:48:10+00:00","dateModified":"2025-02-25T06:14:54+00:00","description":"Prolonga la vida de tus bolsas de papel con sencillos consejos de reparaci\u00f3n, limpieza y almacenamiento. Reutil\u00edzalas varias veces antes de reciclarlas para obtener los m\u00e1ximos beneficios ecol\u00f3gicos.","breadcrumb":{"@id":"https:\/\/gojuteinternational.com\/es\/how-to-care-for-your-paper-bags\/#breadcrumb"},"inLanguage":"es","potentialAction":[{"@type":"ReadAction","target":["https:\/\/gojuteinternational.com\/es\/how-to-care-for-your-paper-bags\/"]}]},{"@type":"BreadcrumbList","@id":"https:\/\/gojuteinternational.com\/es\/how-to-care-for-your-paper-bags\/#breadcrumb","itemListElement":[{"@type":"ListItem","position":1,"name":"Home","item":"https:\/\/gojuteinternational.com\/es\/"},{"@type":"ListItem","position":2,"name":"C\u00f3mo cuidar tus bolsas de papel"}]},{"@type":"WebSite","@id":"https:\/\/gojuteinternational.com\/es\/#website","url":"https:\/\/gojuteinternational.com\/es\/","name":"GoJute International","description":"Printed bags for business","publisher":{"@id":"https:\/\/gojuteinternational.com\/es\/#organization"},"alternateName":"GoJute","potentialAction":[{"@type":"SearchAction","target":{"@type":"EntryPoint","urlTemplate":"https:\/\/gojuteinternational.com\/es\/?s={search_term_string}"},"query-input":"required name=search_term_string"}],"inLanguage":"es"},{"@type":"Organization","@id":"https:\/\/gojuteinternational.com\/es\/#organization","name":"GoJute International","alternateName":"GoJute","url":"https:\/\/gojuteinternational.com\/es\/","logo":{"@type":"ImageObject","inLanguage":"es","@id":"https:\/\/gojuteinternational.com\/es\/#\/schema\/logo\/image\/","url":"https:\/\/gojuteinternational.com\/wp-content\/uploads\/2022\/06\/GoJute-Logo-RGB.png","contentUrl":"https:\/\/gojuteinternational.com\/wp-content\/uploads\/2022\/06\/GoJute-Logo-RGB.png","width":2000,"height":1809,"caption":"GoJute International"},"image":{"@id":"https:\/\/gojuteinternational.com\/es\/#\/schema\/logo\/image\/"},"sameAs":["https:\/\/www.facebook.com\/gojute","https:\/\/www.instagram.com\/gojute\/"]}]}},"_links":{"self":[{"href":"https:\/\/gojuteinternational.com\/es\/wp-json\/wp\/v2\/pages\/85822","targetHints":{"allow":["GET"]}}],"collection":[{"href":"https:\/\/gojuteinternational.com\/es\/wp-json\/wp\/v2\/pages"}],"about":[{"href":"https:\/\/gojuteinternational.com\/es\/wp-json\/wp\/v2\/types\/page"}],"author":[{"embeddable":true,"href":"https:\/\/gojuteinternational.com\/es\/wp-json\/wp\/v2\/users\/6996"}],"replies":[{"embeddable":true,"href":"https:\/\/gojuteinternational.com\/es\/wp-json\/wp\/v2\/comments?post=85822"}],"version-history":[{"count":4,"href":"https:\/\/gojuteinternational.com\/es\/wp-json\/wp\/v2\/pages\/85822\/revisions"}],"predecessor-version":[{"id":86090,"href":"https:\/\/gojuteinternational.com\/es\/wp-json\/wp\/v2\/pages\/85822\/revisions\/86090"}],"wp:attachment":[{"href":"https:\/\/gojuteinternational.com\/es\/wp-json\/wp\/v2\/media?parent=85822"}],"curies":[{"name":"wp","href":"https:\/\/api.w.org\/{rel}","templated":true}]}}