{"id":86816,"date":"2025-04-09T10:56:24","date_gmt":"2025-04-09T09:56:24","guid":{"rendered":"https:\/\/gojuteinternational.com\/beach-waterfront-cotton-tote-bags-seaside-style-meets-everyday\/"},"modified":"2025-04-15T07:56:53","modified_gmt":"2025-04-15T06:56:53","slug":"beach-waterfront-cotton-tote-bags-seaside-style-meets-everyday","status":"publish","type":"page","link":"https:\/\/gojuteinternational.com\/es\/beach-waterfront-cotton-tote-bags-seaside-style-meets-everyday\/","title":{"rendered":"Bolsas de algod\u00f3n para la playa y los muelles: El estilo marinero se une a lo cotidiano"},"content":{"rendered":"\t\t<div data-elementor-type=\"wp-page\" data-elementor-id=\"86816\" class=\"elementor elementor-86816 elementor-86813\" data-elementor-post-type=\"page\">\n\t\t\t\t\t\t\t\t\t<section class=\"elementor-section elementor-top-section elementor-element elementor-element-8c6d6dc elementor-section-boxed elementor-section-height-default elementor-section-height-default\" data-id=\"8c6d6dc\" data-element_type=\"section\">\n\t\t\t\t\t\t<div class=\"elementor-container elementor-column-gap-default\">\n\t\t\t\t\t<div class=\"elementor-column elementor-col-100 elementor-top-column elementor-element elementor-element-8a960ab\" data-id=\"8a960ab\" data-element_type=\"column\">\n\t\t\t<div class=\"elementor-widget-wrap elementor-element-populated\">\n\t\t\t\t\t\t\t\t<div class=\"elementor-element elementor-element-7b333e6 elementor-widget elementor-widget-spacer\" data-id=\"7b333e6\" data-element_type=\"widget\" data-widget_type=\"spacer.default\">\n\t\t\t\t<div class=\"elementor-widget-container\">\n\t\t\t<style>\/*! elementor - v3.18.0 - 20-12-2023 *\/\n.elementor-column .elementor-spacer-inner{height:var(--spacer-size)}.e-con{--container-widget-width:100%}.e-con-inner>.elementor-widget-spacer,.e-con>.elementor-widget-spacer{width:var(--container-widget-width,var(--spacer-size));--align-self:var(--container-widget-align-self,initial);--flex-shrink:0}.e-con-inner>.elementor-widget-spacer>.elementor-widget-container,.e-con>.elementor-widget-spacer>.elementor-widget-container{height:100%;width:100%}.e-con-inner>.elementor-widget-spacer>.elementor-widget-container>.elementor-spacer,.e-con>.elementor-widget-spacer>.elementor-widget-container>.elementor-spacer{height:100%}.e-con-inner>.elementor-widget-spacer>.elementor-widget-container>.elementor-spacer>.elementor-spacer-inner,.e-con>.elementor-widget-spacer>.elementor-widget-container>.elementor-spacer>.elementor-spacer-inner{height:var(--container-widget-height,var(--spacer-size))}.e-con-inner>.elementor-widget-spacer.elementor-widget-empty,.e-con>.elementor-widget-spacer.elementor-widget-empty{position:relative;min-height:22px;min-width:22px}.e-con-inner>.elementor-widget-spacer.elementor-widget-empty .elementor-widget-empty-icon,.e-con>.elementor-widget-spacer.elementor-widget-empty .elementor-widget-empty-icon{position:absolute;top:0;bottom:0;left:0;right:0;margin:auto;padding:0;width:22px;height:22px}<\/style>\t\t<div class=\"elementor-spacer\">\n\t\t\t<div class=\"elementor-spacer-inner\"><\/div>\n\t\t<\/div>\n\t\t\t\t<\/div>\n\t\t\t\t<\/div>\n\t\t\t\t<div class=\"elementor-element elementor-element-8837e29 elementor-widget elementor-widget-text-editor\" data-id=\"8837e29\" data-element_type=\"widget\" data-widget_type=\"text-editor.default\">\n\t\t\t\t<div class=\"elementor-widget-container\">\n\t\t\t<style>\/*! elementor - v3.18.0 - 20-12-2023 *\/\n.elementor-widget-text-editor.elementor-drop-cap-view-stacked .elementor-drop-cap{background-color:#69727d;color:#fff}.elementor-widget-text-editor.elementor-drop-cap-view-framed .elementor-drop-cap{color:#69727d;border:3px solid;background-color:transparent}.elementor-widget-text-editor:not(.elementor-drop-cap-view-default) .elementor-drop-cap{margin-top:8px}.elementor-widget-text-editor:not(.elementor-drop-cap-view-default) .elementor-drop-cap-letter{width:1em;height:1em}.elementor-widget-text-editor .elementor-drop-cap{float:left;text-align:center;line-height:1;font-size:50px}.elementor-widget-text-editor .elementor-drop-cap-letter{display:inline-block}<\/style>\t\t\t\t<p><b>Practicidad<\/b><b><br \/><\/b><span style=\"font-weight: 400;\">  Las bolsas de algod\u00f3n para playa y paseo mar\u00edtimo ofrecen una mezcla vers\u00e1til de capacidad, comodidad y estilo costero. Tanto si est\u00e1s descansando en la orilla del mar, comprando en un mercadillo junto a la playa o yendo de picnic frente al mar, estas bolsas pueden ayudarte a llevar toallas, crema solar, refrescos y mucho m\u00e1s, reduciendo al mismo tiempo los pl\u00e1sticos de un solo uso. A continuaci\u00f3n, explicaremos por qu\u00e9 las bolsas de algod\u00f3n son tan populares en la playa o en la orilla, destacaremos sus principales caracter\u00edsticas de dise\u00f1o, ofreceremos consejos de mantenimiento y sugeriremos ideas de estilo que funcionan a la perfecci\u00f3n con yute, juco, algod\u00f3n o lona.  <\/span><\/p>\n\t\t\t\t\t\t<\/div>\n\t\t\t\t<\/div>\n\t\t\t\t<div class=\"elementor-element elementor-element-c4f993f elementor-widget elementor-widget-text-editor\" data-id=\"c4f993f\" data-element_type=\"widget\" data-widget_type=\"text-editor.default\">\n\t\t\t\t<div class=\"elementor-widget-container\">\n\t\t\t\t\t\t\t<h2>1. \u00bfPor qu\u00e9 elegir Tote &amp; Waterfront Bags de algod\u00f3n?<\/h2>\n\t\t\t\t\t\t<\/div>\n\t\t\t\t<\/div>\n\t\t\t\t<div class=\"elementor-element elementor-element-0345116 elementor-widget elementor-widget-text-editor\" data-id=\"0345116\" data-element_type=\"widget\" data-widget_type=\"text-editor.default\">\n\t\t\t\t<div class=\"elementor-widget-container\">\n\t\t\t\t\t\t\t<p><span style=\"font-weight: 400;\">  Los bolsos tote de algod\u00f3n est\u00e1n dise\u00f1ados para satisfacer las exigencias de las salidas al mar. Suelen tener un interior espacioso, superficies f\u00e1ciles de limpiar y detalles bien pensados, como bolsillos para objetos peque\u00f1os. Las opciones de fibra natural (yute, juco, algod\u00f3n o lona) pueden laminarse o tejerse firmemente para ayudar a resistir la humedad, lo que las hace adecuadas para las orillas arenosas o los entornos junto a la piscina. Optar por estas bolsas reutilizables tambi\u00e9n demuestra un compromiso con la vida ecol\u00f3gica, sobre todo en comparaci\u00f3n con las alternativas de pl\u00e1stico desechable.     <\/span><\/p>\n\t\t\t\t\t\t<\/div>\n\t\t\t\t<\/div>\n\t\t\t\t<div class=\"elementor-element elementor-element-49ccbfc elementor-widget elementor-widget-text-editor\" data-id=\"49ccbfc\" data-element_type=\"widget\" data-widget_type=\"text-editor.default\">\n\t\t\t\t<div class=\"elementor-widget-container\">\n\t\t\t\t\t\t\t<h2>2. Caracter\u00edsticas principales de las bolsas de playa y paseo mar\u00edtimo<\/h2>\n\t\t\t\t\t\t<\/div>\n\t\t\t\t<\/div>\n\t\t\t\t<div class=\"elementor-element elementor-element-bff405b elementor-widget elementor-widget-text-editor\" data-id=\"bff405b\" data-element_type=\"widget\" data-widget_type=\"text-editor.default\">\n\t\t\t\t<div class=\"elementor-widget-container\">\n\t\t\t\t\t\t\t<h3>Construcci\u00f3n robusta y resistente a la arena<\/h3>\n\t\t\t\t\t\t<\/div>\n\t\t\t\t<\/div>\n\t\t\t\t<div class=\"elementor-element elementor-element-4f7e121 elementor-widget elementor-widget-text-editor\" data-id=\"4f7e121\" data-element_type=\"widget\" data-widget_type=\"text-editor.default\">\n\t\t\t\t<div class=\"elementor-widget-container\">\n\t\t\t\t\t\t\t<p><span style=\"font-weight: 400;\">  Aunque las fibras naturales no son intr\u00ednsecamente impermeables, muchas bolsas tote y de agua de algod\u00f3n vienen con un tejido m\u00e1s apretado o una laminaci\u00f3n parcial para evitar que se cuele la arena. Un fondo reforzado o un fuelle tambi\u00e9n pueden ayudar a que la bolsa mantenga su forma, facilitando que se mantenga erguida en superficies irregulares. <\/span><\/p>\n\t\t\t\t\t\t<\/div>\n\t\t\t\t<\/div>\n\t\t\t\t<div class=\"elementor-element elementor-element-408a298 elementor-widget elementor-widget-text-editor\" data-id=\"408a298\" data-element_type=\"widget\" data-widget_type=\"text-editor.default\">\n\t\t\t\t<div class=\"elementor-widget-container\">\n\t\t\t\t\t\t\t<h3>Asas y correas<\/h3>\n\t\t\t\t\t\t<\/div>\n\t\t\t\t<\/div>\n\t\t\t\t<div class=\"elementor-element elementor-element-3262a53 elementor-widget elementor-widget-text-editor\" data-id=\"3262a53\" data-element_type=\"widget\" data-widget_type=\"text-editor.default\">\n\t\t\t\t<div class=\"elementor-widget-container\">\n\t\t\t\t\t\t\t<p><span style=\"font-weight: 400;\">Las correas c\u00f3modas y anchas son imprescindibles para llevar toallas, tentempi\u00e9s y otros objetos esenciales para el agua. Algunos dise\u00f1os incorporan asas acolchadas para reducir la tensi\u00f3n en los hombros. Las correas m\u00e1s largas te permiten llevar la bolsa sobre el hombro, liberando tus manos para las sillas de playa o la mano de un ni\u00f1o.  <\/span><\/p>\n\t\t\t\t\t\t<\/div>\n\t\t\t\t<\/div>\n\t\t\t\t<div class=\"elementor-element elementor-element-dc618fa elementor-widget elementor-widget-text-editor\" data-id=\"dc618fa\" data-element_type=\"widget\" data-widget_type=\"text-editor.default\">\n\t\t\t\t<div class=\"elementor-widget-container\">\n\t\t\t\t\t\t\t<h3>Compartimentos y cierres<\/h3>\n\t\t\t\t\t\t<\/div>\n\t\t\t\t<\/div>\n\t\t\t\t<div class=\"elementor-element elementor-element-c428cf4 elementor-widget elementor-widget-text-editor\" data-id=\"c428cf4\" data-element_type=\"widget\" data-widget_type=\"text-editor.default\">\n\t\t\t\t<div class=\"elementor-widget-container\">\n\t\t\t\t\t\t\t<p><span style=\"font-weight: 400;\">Los bolsillos interiores ayudan a mantener los tel\u00e9fonos, las gafas de sol y las llaves separados de las toallas arenosas o los ba\u00f1adores h\u00famedos. Los botones a presi\u00f3n, las cremalleras o los cierres magn\u00e9ticos proporcionan seguridad adicional contra derrames accidentales o r\u00e1fagas de viento. Los forros transpirables pueden proteger a\u00fan m\u00e1s los objetos de la humedad persistente.  <\/span><\/p>\n\t\t\t\t\t\t<\/div>\n\t\t\t\t<\/div>\n\t\t\t\t<div class=\"elementor-element elementor-element-0b958a9 elementor-widget elementor-widget-text-editor\" data-id=\"0b958a9\" data-element_type=\"widget\" data-widget_type=\"text-editor.default\">\n\t\t\t\t<div class=\"elementor-widget-container\">\n\t\t\t\t\t\t\t<h3>Est\u00e9tica elegante<\/h3>\n\t\t\t\t\t\t<\/div>\n\t\t\t\t<\/div>\n\t\t\t\t<div class=\"elementor-element elementor-element-547f7ef elementor-widget elementor-widget-text-editor\" data-id=\"547f7ef\" data-element_type=\"widget\" data-widget_type=\"text-editor.default\">\n\t\t\t\t<div class=\"elementor-widget-container\">\n\t\t\t\t\t\t\t<p><span style=\"font-weight: 400;\">Los bolsos de playa hechos de yute o juco desprenden un aire r\u00fastico y natural, ideal para looks costeros o de inspiraci\u00f3n bohemia. Los bolsos de algod\u00f3n y lona pueden lucir estampados m\u00e1s vivos o bordados para un aire m\u00e1s juguet\u00f3n y veraniego. Tanto si prefieres los neutros minimalistas como los llamativos motivos tropicales, hay un dise\u00f1o que encaja con tu estilo personal.  <\/span><\/p>\n\t\t\t\t\t\t<\/div>\n\t\t\t\t<\/div>\n\t\t\t\t<div class=\"elementor-element elementor-element-aee0395 elementor-widget elementor-widget-text-editor\" data-id=\"aee0395\" data-element_type=\"widget\" data-widget_type=\"text-editor.default\">\n\t\t\t\t<div class=\"elementor-widget-container\">\n\t\t\t\t\t\t\t<h2>3. Consejos de mantenimiento para tu tote de playa y frente al mar<\/h2>\n\t\t\t\t\t\t<\/div>\n\t\t\t\t<\/div>\n\t\t\t\t<div class=\"elementor-element elementor-element-7c7257b elementor-widget elementor-widget-text-editor\" data-id=\"7c7257b\" data-element_type=\"widget\" data-widget_type=\"text-editor.default\">\n\t\t\t\t<div class=\"elementor-widget-container\">\n\t\t\t\t\t\t\t<p><span style=\"font-weight: 400;\">  Aunque los pasos exactos var\u00edan seg\u00fan el tejido, estas pautas ayudan a prolongar la vida de tu bolsa de algod\u00f3n u otras bolsas de playa de fibra natural:<\/span><\/p>\n\t\t\t\t\t\t<\/div>\n\t\t\t\t<\/div>\n\t\t\t\t<div class=\"elementor-element elementor-element-d0978a0 elementor-widget elementor-widget-text-editor\" data-id=\"d0978a0\" data-element_type=\"widget\" data-widget_type=\"text-editor.default\">\n\t\t\t\t<div class=\"elementor-widget-container\">\n\t\t\t\t\t\t\t<p><b>Sacude los escombros<\/b><b><br \/><\/b><span style=\"font-weight: 400;\">  Despu\u00e9s de un d\u00eda en la orilla, sacude la arena o los restos sueltos antes de guardarla. Esto evita que se acumulen y mantiene limpio el interior. <\/span><\/p>\n<p><b>Limpieza puntual<\/b><b><br \/><\/b><span style=\"font-weight: 400;\">  Utiliza un pa\u00f1o h\u00famedo o un cepillo suave con detergente suave para eliminar las manchas ligeras. Evita frotar con fuerza las superficies laminadas, ya que podr\u00edas da\u00f1ar la capa protectora. <\/span><\/p>\n<p><b>Lavado a m\u00e1quina (si procede)<\/b><b><br \/><\/b><span style=\"font-weight: 400;\">  Las bolsas de playa de algod\u00f3n y lona suelen poder lavarse a m\u00e1quina con suavidad, aunque consulta siempre antes las instrucciones del fabricante. Se recomienda secar al aire para conservar la forma. <\/span><\/p>\n<p><b>Evita la humedad prolongada<\/b><b><br \/><\/b><span style=\"font-weight: 400;\">  Cuelga o coloca la bolsa en horizontal para que se seque, sobre todo si ha estado en contacto con agua u objetos h\u00famedos. Un secado adecuado evita el moho y los malos olores. <\/span><\/p>\n\t\t\t\t\t\t<\/div>\n\t\t\t\t<\/div>\n\t\t\t\t<div class=\"elementor-element elementor-element-7f29c3a elementor-widget elementor-widget-text-editor\" data-id=\"7f29c3a\" data-element_type=\"widget\" data-widget_type=\"text-editor.default\">\n\t\t\t\t<div class=\"elementor-widget-container\">\n\t\t\t\t\t\t\t<h2>4. Casos de uso y consejos de estilo para los bolsos de playa y paseo mar\u00edtimo<\/h2>\n\t\t\t\t\t\t<\/div>\n\t\t\t\t<\/div>\n\t\t\t\t<div class=\"elementor-element elementor-element-b843195 elementor-widget elementor-widget-text-editor\" data-id=\"b843195\" data-element_type=\"widget\" data-widget_type=\"text-editor.default\">\n\t\t\t\t<div class=\"elementor-widget-container\">\n\t\t\t\t\t\t\t<p><span style=\"font-weight: 400;\">  Los bolsos tote y de agua de algod\u00f3n sirven para algo m\u00e1s que para llevar toallas y crema solar. Su espacioso interior y su encanto de fibra natural las hacen perfectas para todo, desde ir al mercado a reuniones junto a la piscina. Combina una bolsa de yute o juco con conjuntos de tonos neutros para conseguir una est\u00e9tica relajada y terrenal. Elige una bolsa de algod\u00f3n o lona con un estampado llamativo para a\u00f1adir un toque de color a tu traje de ba\u00f1o o a tu ropa de playa. Para los que buscan visibilidad de marca, los logotipos bordados o serigrafiados en una bolsa de playa de lona o algod\u00f3n pueden convertir los paseos junto al mar en oportunidades de marketing informal.    <\/span><\/p>\n\t\t\t\t\t\t<\/div>\n\t\t\t\t<\/div>\n\t\t\t\t<div class=\"elementor-element elementor-element-7d54a02 elementor-widget elementor-widget-text-editor\" data-id=\"7d54a02\" data-element_type=\"widget\" data-widget_type=\"text-editor.default\">\n\t\t\t\t<div class=\"elementor-widget-container\">\n\t\t\t\t\t\t\t<h2>Causa sensaci\u00f3n en tu pr\u00f3xima salida con la Bolsa de Algod\u00f3n<\/h2>\n\t\t\t\t\t\t<\/div>\n\t\t\t\t<\/div>\n\t\t\t\t<div class=\"elementor-element elementor-element-1412285 elementor-widget elementor-widget-text-editor\" data-id=\"1412285\" data-element_type=\"widget\" data-widget_type=\"text-editor.default\">\n\t\t\t\t<div class=\"elementor-widget-container\">\n\t\t\t\t\t\t\t<p><span style=\"font-weight: 400;\">  Las bolsas de playa y para el paseo mar\u00edtimo logran el equilibrio perfecto entre el estilo costero y la practicidad cotidiana. Hechas de yute, yute, algod\u00f3n o lona, estas bolsas reutilizables pueden soportar condiciones arenosas, a la vez que muestran tu enfoque ecol\u00f3gico de la diversi\u00f3n bajo el sol. Con caracter\u00edsticas bien pensadas, como correas reforzadas, compartimentos organizados y dise\u00f1os f\u00e1ciles de mantener, est\u00e1n destinadas a convertirse en tu fiel compa\u00f1era para escapadas junto al mar, reuniones junto a la piscina o cualquier aventura de clima c\u00e1lido. Ponte en contacto con nosotros para obtener m\u00e1s informaci\u00f3n o para hablar de c\u00f3mo podemos ayudarte a encontrar la bolsa de algod\u00f3n perfecta para la playa o el paseo mar\u00edtimo.   <\/span><\/p>\n\t\t\t\t\t\t<\/div>\n\t\t\t\t<\/div>\n\t\t\t\t\t<\/div>\n\t\t<\/div>\n\t\t\t\t\t\t\t<\/div>\n\t\t<\/section>\n\t\t\t\t\t\t\t<\/div>\n\t\t","protected":false},"excerpt":{"rendered":"<p>Practicidad Las bolsas de algod\u00f3n para playa y paseo mar\u00edtimo ofrecen una mezcla vers\u00e1til de capacidad, comodidad y estilo costero. Tanto si est\u00e1s descansando en la orilla del mar, comprando en un mercadillo junto a la playa o yendo de picnic frente al mar, estas bolsas pueden ayudarte a llevar toallas, crema solar, refrescos y [&hellip;]<\/p>\n","protected":false},"author":6996,"featured_media":0,"parent":0,"menu_order":0,"comment_status":"closed","ping_status":"closed","template":"elementor_header_footer","meta":{"content-type":"","_monsterinsights_skip_tracking":false,"_monsterinsights_sitenote_active":false,"_monsterinsights_sitenote_note":"","_monsterinsights_sitenote_category":0,"footnotes":""},"class_list":["post-86816","page","type-page","status-publish","hentry"],"yoast_head":"<!-- This site is optimized with the Yoast SEO plugin v21.7 - https:\/\/yoast.com\/wordpress\/plugins\/seo\/ -->\n<title>Bolsas de Algod\u00f3n para la Playa y la Ribera: Estilo y f\u00e1cil cuidado<\/title>\n<meta name=\"description\" content=\"Descubre los bolsos tote de algod\u00f3n para la playa y la orilla del mar en yute, juco, algod\u00f3n o lona. Explora las caracter\u00edsticas principales, consejos de dise\u00f1o y mantenimiento para divertirte junto al mar.\" \/>\n<meta name=\"robots\" content=\"index, follow, max-snippet:-1, max-image-preview:large, max-video-preview:-1\" \/>\n<link rel=\"canonical\" href=\"https:\/\/gojuteinternational.com\/es\/beach-waterfront-cotton-tote-bags-seaside-style-meets-everyday\/\" \/>\n<meta property=\"og:locale\" content=\"es_ES\" \/>\n<meta property=\"og:type\" content=\"article\" \/>\n<meta property=\"og:title\" content=\"Bolsas de Algod\u00f3n para la Playa y la Ribera: Estilo y f\u00e1cil cuidado\" \/>\n<meta property=\"og:description\" content=\"Descubre los bolsos tote de algod\u00f3n para la playa y la orilla del mar en yute, juco, algod\u00f3n o lona. Explora las caracter\u00edsticas principales, consejos de dise\u00f1o y mantenimiento para divertirte junto al mar.\" \/>\n<meta property=\"og:url\" content=\"https:\/\/gojuteinternational.com\/es\/beach-waterfront-cotton-tote-bags-seaside-style-meets-everyday\/\" \/>\n<meta property=\"og:site_name\" content=\"GoJute International\" \/>\n<meta property=\"article:publisher\" content=\"https:\/\/www.facebook.com\/gojute\" \/>\n<meta property=\"article:modified_time\" content=\"2025-04-15T06:56:53+00:00\" \/>\n<meta name=\"twitter:card\" content=\"summary_large_image\" \/>\n<meta name=\"twitter:label1\" content=\"Tiempo de lectura\" \/>\n\t<meta name=\"twitter:data1\" content=\"5 minutos\" \/>\n<script type=\"application\/ld+json\" class=\"yoast-schema-graph\">{\"@context\":\"https:\/\/schema.org\",\"@graph\":[{\"@type\":\"WebPage\",\"@id\":\"https:\/\/gojuteinternational.com\/es\/beach-waterfront-cotton-tote-bags-seaside-style-meets-everyday\/\",\"url\":\"https:\/\/gojuteinternational.com\/es\/beach-waterfront-cotton-tote-bags-seaside-style-meets-everyday\/\",\"name\":\"Bolsas de Algod\u00f3n para la Playa y la Ribera: Estilo y f\u00e1cil cuidado\",\"isPartOf\":{\"@id\":\"https:\/\/gojuteinternational.com\/es\/#website\"},\"datePublished\":\"2025-04-09T09:56:24+00:00\",\"dateModified\":\"2025-04-15T06:56:53+00:00\",\"description\":\"Descubre los bolsos tote de algod\u00f3n para la playa y la orilla del mar en yute, juco, algod\u00f3n o lona. Explora las caracter\u00edsticas principales, consejos de dise\u00f1o y mantenimiento para divertirte junto al mar.\",\"breadcrumb\":{\"@id\":\"https:\/\/gojuteinternational.com\/es\/beach-waterfront-cotton-tote-bags-seaside-style-meets-everyday\/#breadcrumb\"},\"inLanguage\":\"es\",\"potentialAction\":[{\"@type\":\"ReadAction\",\"target\":[\"https:\/\/gojuteinternational.com\/es\/beach-waterfront-cotton-tote-bags-seaside-style-meets-everyday\/\"]}]},{\"@type\":\"BreadcrumbList\",\"@id\":\"https:\/\/gojuteinternational.com\/es\/beach-waterfront-cotton-tote-bags-seaside-style-meets-everyday\/#breadcrumb\",\"itemListElement\":[{\"@type\":\"ListItem\",\"position\":1,\"name\":\"Home\",\"item\":\"https:\/\/gojuteinternational.com\/es\/\"},{\"@type\":\"ListItem\",\"position\":2,\"name\":\"Bolsas de algod\u00f3n para la playa y los muelles: El estilo marinero se une a lo cotidiano\"}]},{\"@type\":\"WebSite\",\"@id\":\"https:\/\/gojuteinternational.com\/es\/#website\",\"url\":\"https:\/\/gojuteinternational.com\/es\/\",\"name\":\"GoJute International\",\"description\":\"Printed bags for business\",\"publisher\":{\"@id\":\"https:\/\/gojuteinternational.com\/es\/#organization\"},\"alternateName\":\"GoJute\",\"potentialAction\":[{\"@type\":\"SearchAction\",\"target\":{\"@type\":\"EntryPoint\",\"urlTemplate\":\"https:\/\/gojuteinternational.com\/es\/?s={search_term_string}\"},\"query-input\":\"required name=search_term_string\"}],\"inLanguage\":\"es\"},{\"@type\":\"Organization\",\"@id\":\"https:\/\/gojuteinternational.com\/es\/#organization\",\"name\":\"GoJute International\",\"alternateName\":\"GoJute\",\"url\":\"https:\/\/gojuteinternational.com\/es\/\",\"logo\":{\"@type\":\"ImageObject\",\"inLanguage\":\"es\",\"@id\":\"https:\/\/gojuteinternational.com\/es\/#\/schema\/logo\/image\/\",\"url\":\"https:\/\/gojuteinternational.com\/wp-content\/uploads\/2022\/06\/GoJute-Logo-RGB.png\",\"contentUrl\":\"https:\/\/gojuteinternational.com\/wp-content\/uploads\/2022\/06\/GoJute-Logo-RGB.png\",\"width\":2000,\"height\":1809,\"caption\":\"GoJute International\"},\"image\":{\"@id\":\"https:\/\/gojuteinternational.com\/es\/#\/schema\/logo\/image\/\"},\"sameAs\":[\"https:\/\/www.facebook.com\/gojute\",\"https:\/\/www.instagram.com\/gojute\/\"]}]}<\/script>\n<!-- \/ Yoast SEO plugin. -->","yoast_head_json":{"title":"Bolsas de Algod\u00f3n para la Playa y la Ribera: Estilo y f\u00e1cil cuidado","description":"Descubre los bolsos tote de algod\u00f3n para la playa y la orilla del mar en yute, juco, algod\u00f3n o lona. Explora las caracter\u00edsticas principales, consejos de dise\u00f1o y mantenimiento para divertirte junto al mar.","robots":{"index":"index","follow":"follow","max-snippet":"max-snippet:-1","max-image-preview":"max-image-preview:large","max-video-preview":"max-video-preview:-1"},"canonical":"https:\/\/gojuteinternational.com\/es\/beach-waterfront-cotton-tote-bags-seaside-style-meets-everyday\/","og_locale":"es_ES","og_type":"article","og_title":"Bolsas de Algod\u00f3n para la Playa y la Ribera: Estilo y f\u00e1cil cuidado","og_description":"Descubre los bolsos tote de algod\u00f3n para la playa y la orilla del mar en yute, juco, algod\u00f3n o lona. Explora las caracter\u00edsticas principales, consejos de dise\u00f1o y mantenimiento para divertirte junto al mar.","og_url":"https:\/\/gojuteinternational.com\/es\/beach-waterfront-cotton-tote-bags-seaside-style-meets-everyday\/","og_site_name":"GoJute International","article_publisher":"https:\/\/www.facebook.com\/gojute","article_modified_time":"2025-04-15T06:56:53+00:00","twitter_card":"summary_large_image","twitter_misc":{"Tiempo de lectura":"5 minutos"},"schema":{"@context":"https:\/\/schema.org","@graph":[{"@type":"WebPage","@id":"https:\/\/gojuteinternational.com\/es\/beach-waterfront-cotton-tote-bags-seaside-style-meets-everyday\/","url":"https:\/\/gojuteinternational.com\/es\/beach-waterfront-cotton-tote-bags-seaside-style-meets-everyday\/","name":"Bolsas de Algod\u00f3n para la Playa y la Ribera: Estilo y f\u00e1cil cuidado","isPartOf":{"@id":"https:\/\/gojuteinternational.com\/es\/#website"},"datePublished":"2025-04-09T09:56:24+00:00","dateModified":"2025-04-15T06:56:53+00:00","description":"Descubre los bolsos tote de algod\u00f3n para la playa y la orilla del mar en yute, juco, algod\u00f3n o lona. Explora las caracter\u00edsticas principales, consejos de dise\u00f1o y mantenimiento para divertirte junto al mar.","breadcrumb":{"@id":"https:\/\/gojuteinternational.com\/es\/beach-waterfront-cotton-tote-bags-seaside-style-meets-everyday\/#breadcrumb"},"inLanguage":"es","potentialAction":[{"@type":"ReadAction","target":["https:\/\/gojuteinternational.com\/es\/beach-waterfront-cotton-tote-bags-seaside-style-meets-everyday\/"]}]},{"@type":"BreadcrumbList","@id":"https:\/\/gojuteinternational.com\/es\/beach-waterfront-cotton-tote-bags-seaside-style-meets-everyday\/#breadcrumb","itemListElement":[{"@type":"ListItem","position":1,"name":"Home","item":"https:\/\/gojuteinternational.com\/es\/"},{"@type":"ListItem","position":2,"name":"Bolsas de algod\u00f3n para la playa y los muelles: El estilo marinero se une a lo cotidiano"}]},{"@type":"WebSite","@id":"https:\/\/gojuteinternational.com\/es\/#website","url":"https:\/\/gojuteinternational.com\/es\/","name":"GoJute International","description":"Printed bags for business","publisher":{"@id":"https:\/\/gojuteinternational.com\/es\/#organization"},"alternateName":"GoJute","potentialAction":[{"@type":"SearchAction","target":{"@type":"EntryPoint","urlTemplate":"https:\/\/gojuteinternational.com\/es\/?s={search_term_string}"},"query-input":"required name=search_term_string"}],"inLanguage":"es"},{"@type":"Organization","@id":"https:\/\/gojuteinternational.com\/es\/#organization","name":"GoJute International","alternateName":"GoJute","url":"https:\/\/gojuteinternational.com\/es\/","logo":{"@type":"ImageObject","inLanguage":"es","@id":"https:\/\/gojuteinternational.com\/es\/#\/schema\/logo\/image\/","url":"https:\/\/gojuteinternational.com\/wp-content\/uploads\/2022\/06\/GoJute-Logo-RGB.png","contentUrl":"https:\/\/gojuteinternational.com\/wp-content\/uploads\/2022\/06\/GoJute-Logo-RGB.png","width":2000,"height":1809,"caption":"GoJute International"},"image":{"@id":"https:\/\/gojuteinternational.com\/es\/#\/schema\/logo\/image\/"},"sameAs":["https:\/\/www.facebook.com\/gojute","https:\/\/www.instagram.com\/gojute\/"]}]}},"_links":{"self":[{"href":"https:\/\/gojuteinternational.com\/es\/wp-json\/wp\/v2\/pages\/86816","targetHints":{"allow":["GET"]}}],"collection":[{"href":"https:\/\/gojuteinternational.com\/es\/wp-json\/wp\/v2\/pages"}],"about":[{"href":"https:\/\/gojuteinternational.com\/es\/wp-json\/wp\/v2\/types\/page"}],"author":[{"embeddable":true,"href":"https:\/\/gojuteinternational.com\/es\/wp-json\/wp\/v2\/users\/6996"}],"replies":[{"embeddable":true,"href":"https:\/\/gojuteinternational.com\/es\/wp-json\/wp\/v2\/comments?post=86816"}],"version-history":[{"count":4,"href":"https:\/\/gojuteinternational.com\/es\/wp-json\/wp\/v2\/pages\/86816\/revisions"}],"predecessor-version":[{"id":87020,"href":"https:\/\/gojuteinternational.com\/es\/wp-json\/wp\/v2\/pages\/86816\/revisions\/87020"}],"wp:attachment":[{"href":"https:\/\/gojuteinternational.com\/es\/wp-json\/wp\/v2\/media?parent=86816"}],"curies":[{"name":"wp","href":"https:\/\/api.w.org\/{rel}","templated":true}]}}