{"id":86828,"date":"2025-04-09T11:06:51","date_gmt":"2025-04-09T10:06:51","guid":{"rendered":"https:\/\/gojuteinternational.com\/eco-friendly-sports-gym-bags-performance-meets-sustainability\/"},"modified":"2025-04-15T07:58:47","modified_gmt":"2025-04-15T06:58:47","slug":"eco-friendly-sports-gym-bags-performance-meets-sustainability","status":"publish","type":"page","link":"https:\/\/gojuteinternational.com\/es\/eco-friendly-sports-gym-bags-performance-meets-sustainability\/","title":{"rendered":"Bolsas de deporte y gimnasia ecol\u00f3gicas: El rendimiento se une a la sostenibilidad"},"content":{"rendered":"\t\t<div data-elementor-type=\"wp-page\" data-elementor-id=\"86828\" class=\"elementor elementor-86828 elementor-86825\" data-elementor-post-type=\"page\">\n\t\t\t\t\t\t\t\t\t<section class=\"elementor-section elementor-top-section elementor-element elementor-element-3529237 elementor-section-boxed elementor-section-height-default elementor-section-height-default\" data-id=\"3529237\" data-element_type=\"section\">\n\t\t\t\t\t\t<div class=\"elementor-container elementor-column-gap-default\">\n\t\t\t\t\t<div class=\"elementor-column elementor-col-100 elementor-top-column elementor-element elementor-element-1c2656d\" data-id=\"1c2656d\" data-element_type=\"column\">\n\t\t\t<div class=\"elementor-widget-wrap elementor-element-populated\">\n\t\t\t\t\t\t\t\t<div class=\"elementor-element elementor-element-68dd92e elementor-widget elementor-widget-spacer\" data-id=\"68dd92e\" data-element_type=\"widget\" data-widget_type=\"spacer.default\">\n\t\t\t\t<div class=\"elementor-widget-container\">\n\t\t\t<style>\/*! elementor - v3.18.0 - 20-12-2023 *\/\n.elementor-column .elementor-spacer-inner{height:var(--spacer-size)}.e-con{--container-widget-width:100%}.e-con-inner>.elementor-widget-spacer,.e-con>.elementor-widget-spacer{width:var(--container-widget-width,var(--spacer-size));--align-self:var(--container-widget-align-self,initial);--flex-shrink:0}.e-con-inner>.elementor-widget-spacer>.elementor-widget-container,.e-con>.elementor-widget-spacer>.elementor-widget-container{height:100%;width:100%}.e-con-inner>.elementor-widget-spacer>.elementor-widget-container>.elementor-spacer,.e-con>.elementor-widget-spacer>.elementor-widget-container>.elementor-spacer{height:100%}.e-con-inner>.elementor-widget-spacer>.elementor-widget-container>.elementor-spacer>.elementor-spacer-inner,.e-con>.elementor-widget-spacer>.elementor-widget-container>.elementor-spacer>.elementor-spacer-inner{height:var(--container-widget-height,var(--spacer-size))}.e-con-inner>.elementor-widget-spacer.elementor-widget-empty,.e-con>.elementor-widget-spacer.elementor-widget-empty{position:relative;min-height:22px;min-width:22px}.e-con-inner>.elementor-widget-spacer.elementor-widget-empty .elementor-widget-empty-icon,.e-con>.elementor-widget-spacer.elementor-widget-empty .elementor-widget-empty-icon{position:absolute;top:0;bottom:0;left:0;right:0;margin:auto;padding:0;width:22px;height:22px}<\/style>\t\t<div class=\"elementor-spacer\">\n\t\t\t<div class=\"elementor-spacer-inner\"><\/div>\n\t\t<\/div>\n\t\t\t\t<\/div>\n\t\t\t\t<\/div>\n\t\t\t\t<div class=\"elementor-element elementor-element-9584af5 elementor-widget elementor-widget-text-editor\" data-id=\"9584af5\" data-element_type=\"widget\" data-widget_type=\"text-editor.default\">\n\t\t\t\t<div class=\"elementor-widget-container\">\n\t\t\t<style>\/*! elementor - v3.18.0 - 20-12-2023 *\/\n.elementor-widget-text-editor.elementor-drop-cap-view-stacked .elementor-drop-cap{background-color:#69727d;color:#fff}.elementor-widget-text-editor.elementor-drop-cap-view-framed .elementor-drop-cap{color:#69727d;border:3px solid;background-color:transparent}.elementor-widget-text-editor:not(.elementor-drop-cap-view-default) .elementor-drop-cap{margin-top:8px}.elementor-widget-text-editor:not(.elementor-drop-cap-view-default) .elementor-drop-cap-letter{width:1em;height:1em}.elementor-widget-text-editor .elementor-drop-cap{float:left;text-align:center;line-height:1;font-size:50px}.elementor-widget-text-editor .elementor-drop-cap-letter{display:inline-block}<\/style>\t\t\t\t<p><span style=\"font-weight: 400;\">Imag\u00ednate esto: vas al gimnasio, tu rutina est\u00e1 a punto, pero tu bolsa de deporte es una monstruosidad sint\u00e9tica que atrapa los olores y en la que apenas caben tus cosas esenciales. Es hora de actualizarla. Las bolsas de deporte y gimnasio fabricadas con yute, yute, algod\u00f3n o lona ofrecen una alternativa fresca que proporciona durabilidad y un impacto medioambiental menor. Tanto si haces pesas como si entrenas para un marat\u00f3n o simplemente disfrutas de los partidos de fin de semana, estas bolsas de fibra natural resisten tu estilo de vida activo y reducen el pl\u00e1stico.   <\/span><\/p>\n\t\t\t\t\t\t<\/div>\n\t\t\t\t<\/div>\n\t\t\t\t<div class=\"elementor-element elementor-element-eafbb0d elementor-widget elementor-widget-text-editor\" data-id=\"eafbb0d\" data-element_type=\"widget\" data-widget_type=\"text-editor.default\">\n\t\t\t\t<div class=\"elementor-widget-container\">\n\t\t\t\t\t\t\t<h2>Redefinir los elementos esenciales de tu entrenamiento<\/h2>\n\t\t\t\t\t\t<\/div>\n\t\t\t\t<\/div>\n\t\t\t\t<div class=\"elementor-element elementor-element-1b7737b elementor-widget elementor-widget-text-editor\" data-id=\"1b7737b\" data-element_type=\"widget\" data-widget_type=\"text-editor.default\">\n\t\t\t\t<div class=\"elementor-widget-container\">\n\t\t\t\t\t\t\t<p><span style=\"font-weight: 400;\">Las bolsas de deporte convencionales fabricadas con materiales sint\u00e9ticos pueden acumular olores no deseados y tener problemas de transpirabilidad. En cambio, una bolsa de gimnasio de fibra natural ayuda a que circule el aire, reduciendo la acumulaci\u00f3n de sudor y humedad. Estos tejidos -especialmente el algod\u00f3n y la lona- resultan c\u00f3modos al contacto con la piel, mientras que el yute y el juco ofrecen una opci\u00f3n r\u00fastica pero resistente para transportar objetos m\u00e1s pesados, como calzado, botellas de agua y capas adicionales.  <\/span><\/p>\n<p><span style=\"font-weight: 400;\">Una bolsa de deporte que utilice fibras naturales tambi\u00e9n marca la pauta de una rutina con conciencia ecol\u00f3gica. No s\u00f3lo est\u00e1s cambiando los pl\u00e1sticos en tus recados diarios; est\u00e1s transformando tu mentalidad de entrenamiento. Es un sutil recordatorio de que cada elecci\u00f3n, incluso la bolsa que llevas, puede acercarte a la sostenibilidad.  <\/span><\/p>\n\t\t\t\t\t\t<\/div>\n\t\t\t\t<\/div>\n\t\t\t\t<div class=\"elementor-element elementor-element-bc0d8de elementor-widget elementor-widget-text-editor\" data-id=\"bc0d8de\" data-element_type=\"widget\" data-widget_type=\"text-editor.default\">\n\t\t\t\t<div class=\"elementor-widget-container\">\n\t\t\t\t\t\t\t<h2>Caracter\u00edsticas de dise\u00f1o que cambian el juego<\/h2>\n\t\t\t\t\t\t<\/div>\n\t\t\t\t<\/div>\n\t\t\t\t<div class=\"elementor-element elementor-element-a5e8a63 elementor-widget elementor-widget-text-editor\" data-id=\"a5e8a63\" data-element_type=\"widget\" data-widget_type=\"text-editor.default\">\n\t\t\t\t<div class=\"elementor-widget-container\">\n\t\t\t\t\t\t\t<h3>Asas y hombreras reforzadas<\/h3>\n\t\t\t\t\t\t<\/div>\n\t\t\t\t<\/div>\n\t\t\t\t<div class=\"elementor-element elementor-element-65ab951 elementor-widget elementor-widget-text-editor\" data-id=\"65ab951\" data-element_type=\"widget\" data-widget_type=\"text-editor.default\">\n\t\t\t\t<div class=\"elementor-widget-container\">\n\t\t\t\t\t\t\t<p><span style=\"font-weight: 400;\">  Una bolsa de deporte completamente cargada suele contener pesas o equipos voluminosos. Las costuras reforzadas y las correas acolchadas evitan molestias y prolongan la vida \u00fatil de la bolsa, garantizando que no te falle en mitad del trayecto o de la competici\u00f3n. <\/span><\/p>\n\t\t\t\t\t\t<\/div>\n\t\t\t\t<\/div>\n\t\t\t\t<div class=\"elementor-element elementor-element-4b0ab3b elementor-widget elementor-widget-text-editor\" data-id=\"4b0ab3b\" data-element_type=\"widget\" data-widget_type=\"text-editor.default\">\n\t\t\t\t<div class=\"elementor-widget-container\">\n\t\t\t\t\t\t\t<h3>Compartimentos transpirables<\/h3>\n\t\t\t\t\t\t<\/div>\n\t\t\t\t<\/div>\n\t\t\t\t<div class=\"elementor-element elementor-element-3266de7 elementor-widget elementor-widget-text-editor\" data-id=\"3266de7\" data-element_type=\"widget\" data-widget_type=\"text-editor.default\">\n\t\t\t\t<div class=\"elementor-widget-container\">\n\t\t\t\t\t\t\t<p><span style=\"font-weight: 400;\">  Desde la ropa sudada hasta los tentempi\u00e9s de despu\u00e9s de correr, una bolsa ecol\u00f3gica con orificios de ventilaci\u00f3n de malla u ojales ayuda a evacuar el exceso de humedad. Esta transpirabilidad mantiene el interior m\u00e1s fresco entre los d\u00edas de colada y reduce los olores persistentes, algo especialmente beneficioso si guardas toallas o calzado h\u00famedos. <\/span><\/p>\n\t\t\t\t\t\t<\/div>\n\t\t\t\t<\/div>\n\t\t\t\t<div class=\"elementor-element elementor-element-3ce9de9 elementor-widget elementor-widget-text-editor\" data-id=\"3ce9de9\" data-element_type=\"widget\" data-widget_type=\"text-editor.default\">\n\t\t\t\t<div class=\"elementor-widget-container\">\n\t\t\t\t\t\t\t<h3>Organizaci\u00f3n inteligente<\/h3>\n\t\t\t\t\t\t<\/div>\n\t\t\t\t<\/div>\n\t\t\t\t<div class=\"elementor-element elementor-element-b868fda elementor-widget elementor-widget-text-editor\" data-id=\"b868fda\" data-element_type=\"widget\" data-widget_type=\"text-editor.default\">\n\t\t\t\t<div class=\"elementor-widget-container\">\n\t\t\t\t\t\t\t<p><span style=\"font-weight: 400;\">Una gran bolsa de deporte debe parecer hecha a la medida de tu rutina. Busca bolsillos separados para aislar los objetos m\u00e1s peque\u00f1os, como las llaves o el cargador del m\u00f3vil, junto con secciones con cremallera que protejan los objetos de valor de la suciedad o los derrames accidentales. Los refuerzos resistentes y las bases estructuradas pueden ayudar a que la bolsa se mantenga erguida, facilitando su empaquetado en caso de apuro.  <\/span><\/p>\n\t\t\t\t\t\t<\/div>\n\t\t\t\t<\/div>\n\t\t\t\t<div class=\"elementor-element elementor-element-bd4b5c6 elementor-widget elementor-widget-text-editor\" data-id=\"bd4b5c6\" data-element_type=\"widget\" data-widget_type=\"text-editor.default\">\n\t\t\t\t<div class=\"elementor-widget-container\">\n\t\t\t\t\t\t\t<h3>Estilo m\u00e1s all\u00e1 de los vestuarios<\/h3>\n\t\t\t\t\t\t<\/div>\n\t\t\t\t<\/div>\n\t\t\t\t<div class=\"elementor-element elementor-element-d2d40cb elementor-widget elementor-widget-text-editor\" data-id=\"d2d40cb\" data-element_type=\"widget\" data-widget_type=\"text-editor.default\">\n\t\t\t\t<div class=\"elementor-widget-container\">\n\t\t\t\t\t\t\t<p><span style=\"font-weight: 400;\">  No subestimes el poder de la est\u00e9tica. Tanto si prefieres un algod\u00f3n de tonos neutros para un look minimalista como si prefieres un bordado llamativo en una bolsa de deporte, tu bolsa de deporte puede ser tambi\u00e9n un elegante bolso de viaje o una bolsa para pasar la noche. Las serigraf\u00edas, los parches y los acentos de color a\u00f1aden personalidad a la vez que garantizan que tu bolsa refleje el ambiente que quieres proyectar.  <\/span><\/p>\n\t\t\t\t\t\t<\/div>\n\t\t\t\t<\/div>\n\t\t\t\t<div class=\"elementor-element elementor-element-378da83 elementor-widget elementor-widget-text-editor\" data-id=\"378da83\" data-element_type=\"widget\" data-widget_type=\"text-editor.default\">\n\t\t\t\t<div class=\"elementor-widget-container\">\n\t\t\t\t\t\t\t<h2>Mant\u00e9n tu bolsa fresca y preparada<\/h2>\n\t\t\t\t\t\t<\/div>\n\t\t\t\t<\/div>\n\t\t\t\t<div class=\"elementor-element elementor-element-d3e4863 elementor-widget elementor-widget-text-editor\" data-id=\"d3e4863\" data-element_type=\"widget\" data-widget_type=\"text-editor.default\">\n\t\t\t\t<div class=\"elementor-widget-container\">\n\t\t\t\t\t\t\t<p><span style=\"font-weight: 400;\">Las fibras naturales ya ayudan a evitar los malos olores, pero unos cuantos h\u00e1bitos pueden ayudar a que tu bolsa de deporte o de gimnasio se mantenga en perfectas condiciones:<\/span><\/p>\n<ul>\n<li style=\"font-weight: 400;\" aria-level=\"1\"><b>Ventila<\/b><span style=\"font-weight: 400;\">: Despu\u00e9s de cada entrenamiento, abre todos los compartimentos para que se disipe la humedad.<\/span><\/li>\n<li style=\"font-weight: 400;\" aria-level=\"1\"><b>Lavado o limpieza ocasional<\/b><span style=\"font-weight: 400;\">: Las bolsas de algod\u00f3n o lona suelen soportar ciclos suaves de lavadora, mientras que las de yute y juco se benefician de la limpieza puntual.<\/span><\/li>\n<li style=\"font-weight: 400;\" aria-level=\"1\"><b>Control de olores<\/b><span style=\"font-weight: 400;\">: Mete dentro una bolsita de bicarbonato s\u00f3dico o virutas de cedro para absorber los olores persistentes entre sesiones.<\/span><\/li>\n<li style=\"font-weight: 400;\" aria-level=\"1\"><b>Cuidado con el contenido<\/b><span style=\"font-weight: 400;\">: Qu\u00edtate la ropa h\u00fameda lo antes posible, y guarda los aparatos electr\u00f3nicos u objetos de valor en bolsillos espec\u00edficos para evitar da\u00f1os accidentales.<\/span><\/li>\n<\/ul>\n\t\t\t\t\t\t<\/div>\n\t\t\t\t<\/div>\n\t\t\t\t<div class=\"elementor-element elementor-element-78d58cd elementor-widget elementor-widget-text-editor\" data-id=\"78d58cd\" data-element_type=\"widget\" data-widget_type=\"text-editor.default\">\n\t\t\t\t<div class=\"elementor-widget-container\">\n\t\t\t\t\t\t\t<h2>Estilo que se adapta a cada rutina<\/h2>\n\t\t\t\t\t\t<\/div>\n\t\t\t\t<\/div>\n\t\t\t\t<div class=\"elementor-element elementor-element-85c7deb elementor-widget elementor-widget-text-editor\" data-id=\"85c7deb\" data-element_type=\"widget\" data-widget_type=\"text-editor.default\">\n\t\t\t\t<div class=\"elementor-widget-container\">\n\t\t\t\t\t\t\t<p><span style=\"font-weight: 400;\">Las bolsas de deporte ecol\u00f3gicas no se limitan a una \u00fanica est\u00e9tica. Los deportistas que aprecian un estilo elegante y urbano pueden elegir una bolsa de lona en un color oscuro con una sutil marca, mientras que los que adoptan un aspecto m\u00e1s r\u00fastico o terroso pueden optar por una bolsa de yute o juco. Las bolsas de deporte de algod\u00f3n, por otra parte, suelen llevar motivos vibrantes o logotipos de marcas, perfectas para mostrar el orgullo de un equipo o un toque personal. Si necesitas espacio adicional para el equipo de repuesto, elige un dise\u00f1o con varios compartimentos o bolsillos externos que se integren perfectamente en la forma general de la bolsa.   <\/span><\/p>\n\t\t\t\t\t\t<\/div>\n\t\t\t\t<\/div>\n\t\t\t\t<div class=\"elementor-element elementor-element-0a3d123 elementor-widget elementor-widget-text-editor\" data-id=\"0a3d123\" data-element_type=\"widget\" data-widget_type=\"text-editor.default\">\n\t\t\t\t<div class=\"elementor-widget-container\">\n\t\t\t\t\t\t\t<h2>Eleva tu entrenamiento con una bolsa de deporte y gimnasio sostenible<\/h2>\n\t\t\t\t\t\t<\/div>\n\t\t\t\t<\/div>\n\t\t\t\t<div class=\"elementor-element elementor-element-2afb6e6 elementor-widget elementor-widget-text-editor\" data-id=\"2afb6e6\" data-element_type=\"widget\" data-widget_type=\"text-editor.default\">\n\t\t\t\t<div class=\"elementor-widget-container\">\n\t\t\t\t\t\t\t<p><span style=\"font-weight: 400;\">Cambiar un petate sint\u00e9tico por una bolsa de deporte de yute, juco, algod\u00f3n o lona puede redefinir tu rutina de fitness de forma sutil pero significativa. Desde la transpirabilidad que reduce los olores hasta las correas reforzadas que soportan cargas m\u00e1s pesadas, estas bolsas de fibra natural ofrecen lo mejor de ambos mundos: resistencia y abastecimiento responsable. Adem\u00e1s, son lo suficientemente vers\u00e1tiles como para pasar del gimnasio a los viajes cortos o los recados diarios, todo ello reflejando un compromiso con el medio ambiente. Ponte en contacto con nosotros para obtener m\u00e1s informaci\u00f3n o para hablar de c\u00f3mo podemos ayudarte a encontrar la bolsa de deporte o gimnasio perfecta adaptada a tu estilo de vida activo.   <\/span><\/p>\n\t\t\t\t\t\t<\/div>\n\t\t\t\t<\/div>\n\t\t\t\t\t<\/div>\n\t\t<\/div>\n\t\t\t\t\t\t\t<\/div>\n\t\t<\/section>\n\t\t\t\t\t\t\t<\/div>\n\t\t","protected":false},"excerpt":{"rendered":"<p>Imag\u00ednate esto: vas al gimnasio, tu rutina est\u00e1 a punto, pero tu bolsa de deporte es una monstruosidad sint\u00e9tica que atrapa los olores y en la que apenas caben tus cosas esenciales. Es hora de actualizarla. Las bolsas de deporte y gimnasio fabricadas con yute, yute, algod\u00f3n o lona ofrecen una alternativa fresca que proporciona [&hellip;]<\/p>\n","protected":false},"author":6996,"featured_media":0,"parent":0,"menu_order":0,"comment_status":"closed","ping_status":"closed","template":"elementor_header_footer","meta":{"content-type":"","_monsterinsights_skip_tracking":false,"_monsterinsights_sitenote_active":false,"_monsterinsights_sitenote_note":"","_monsterinsights_sitenote_category":0,"footnotes":""},"class_list":["post-86828","page","type-page","status-publish","hentry"],"yoast_head":"<!-- This site is optimized with the Yoast SEO plugin v21.7 - https:\/\/yoast.com\/wordpress\/plugins\/seo\/ -->\n<title>Bolsas de Deporte y Gimnasio: Sostenibles, Duraderas y M\u00f3viles<\/title>\n<meta name=\"description\" content=\"Explora las bolsas de deporte y gimnasia de yute, juco, algod\u00f3n o lona. Descubre caracter\u00edsticas clave, ideas de estilo y consejos para maximizar el rendimiento.\" \/>\n<meta name=\"robots\" content=\"index, follow, max-snippet:-1, max-image-preview:large, max-video-preview:-1\" \/>\n<link rel=\"canonical\" href=\"https:\/\/gojuteinternational.com\/es\/eco-friendly-sports-gym-bags-performance-meets-sustainability\/\" \/>\n<meta property=\"og:locale\" content=\"es_ES\" \/>\n<meta property=\"og:type\" content=\"article\" \/>\n<meta property=\"og:title\" content=\"Bolsas de Deporte y Gimnasio: Sostenibles, Duraderas y M\u00f3viles\" \/>\n<meta property=\"og:description\" content=\"Explora las bolsas de deporte y gimnasia de yute, juco, algod\u00f3n o lona. Descubre caracter\u00edsticas clave, ideas de estilo y consejos para maximizar el rendimiento.\" \/>\n<meta property=\"og:url\" content=\"https:\/\/gojuteinternational.com\/es\/eco-friendly-sports-gym-bags-performance-meets-sustainability\/\" \/>\n<meta property=\"og:site_name\" content=\"GoJute International\" \/>\n<meta property=\"article:publisher\" content=\"https:\/\/www.facebook.com\/gojute\" \/>\n<meta property=\"article:modified_time\" content=\"2025-04-15T06:58:47+00:00\" \/>\n<meta name=\"twitter:card\" content=\"summary_large_image\" \/>\n<meta name=\"twitter:label1\" content=\"Tiempo de lectura\" \/>\n\t<meta name=\"twitter:data1\" content=\"5 minutos\" \/>\n<script type=\"application\/ld+json\" class=\"yoast-schema-graph\">{\"@context\":\"https:\/\/schema.org\",\"@graph\":[{\"@type\":\"WebPage\",\"@id\":\"https:\/\/gojuteinternational.com\/es\/eco-friendly-sports-gym-bags-performance-meets-sustainability\/\",\"url\":\"https:\/\/gojuteinternational.com\/es\/eco-friendly-sports-gym-bags-performance-meets-sustainability\/\",\"name\":\"Bolsas de Deporte y Gimnasio: Sostenibles, Duraderas y M\u00f3viles\",\"isPartOf\":{\"@id\":\"https:\/\/gojuteinternational.com\/es\/#website\"},\"datePublished\":\"2025-04-09T10:06:51+00:00\",\"dateModified\":\"2025-04-15T06:58:47+00:00\",\"description\":\"Explora las bolsas de deporte y gimnasia de yute, juco, algod\u00f3n o lona. Descubre caracter\u00edsticas clave, ideas de estilo y consejos para maximizar el rendimiento.\",\"breadcrumb\":{\"@id\":\"https:\/\/gojuteinternational.com\/es\/eco-friendly-sports-gym-bags-performance-meets-sustainability\/#breadcrumb\"},\"inLanguage\":\"es\",\"potentialAction\":[{\"@type\":\"ReadAction\",\"target\":[\"https:\/\/gojuteinternational.com\/es\/eco-friendly-sports-gym-bags-performance-meets-sustainability\/\"]}]},{\"@type\":\"BreadcrumbList\",\"@id\":\"https:\/\/gojuteinternational.com\/es\/eco-friendly-sports-gym-bags-performance-meets-sustainability\/#breadcrumb\",\"itemListElement\":[{\"@type\":\"ListItem\",\"position\":1,\"name\":\"Home\",\"item\":\"https:\/\/gojuteinternational.com\/es\/\"},{\"@type\":\"ListItem\",\"position\":2,\"name\":\"Bolsas de deporte y gimnasia ecol\u00f3gicas: El rendimiento se une a la sostenibilidad\"}]},{\"@type\":\"WebSite\",\"@id\":\"https:\/\/gojuteinternational.com\/es\/#website\",\"url\":\"https:\/\/gojuteinternational.com\/es\/\",\"name\":\"GoJute International\",\"description\":\"Printed bags for business\",\"publisher\":{\"@id\":\"https:\/\/gojuteinternational.com\/es\/#organization\"},\"alternateName\":\"GoJute\",\"potentialAction\":[{\"@type\":\"SearchAction\",\"target\":{\"@type\":\"EntryPoint\",\"urlTemplate\":\"https:\/\/gojuteinternational.com\/es\/?s={search_term_string}\"},\"query-input\":\"required name=search_term_string\"}],\"inLanguage\":\"es\"},{\"@type\":\"Organization\",\"@id\":\"https:\/\/gojuteinternational.com\/es\/#organization\",\"name\":\"GoJute International\",\"alternateName\":\"GoJute\",\"url\":\"https:\/\/gojuteinternational.com\/es\/\",\"logo\":{\"@type\":\"ImageObject\",\"inLanguage\":\"es\",\"@id\":\"https:\/\/gojuteinternational.com\/es\/#\/schema\/logo\/image\/\",\"url\":\"https:\/\/gojuteinternational.com\/wp-content\/uploads\/2022\/06\/GoJute-Logo-RGB.png\",\"contentUrl\":\"https:\/\/gojuteinternational.com\/wp-content\/uploads\/2022\/06\/GoJute-Logo-RGB.png\",\"width\":2000,\"height\":1809,\"caption\":\"GoJute International\"},\"image\":{\"@id\":\"https:\/\/gojuteinternational.com\/es\/#\/schema\/logo\/image\/\"},\"sameAs\":[\"https:\/\/www.facebook.com\/gojute\",\"https:\/\/www.instagram.com\/gojute\/\"]}]}<\/script>\n<!-- \/ Yoast SEO plugin. -->","yoast_head_json":{"title":"Bolsas de Deporte y Gimnasio: Sostenibles, Duraderas y M\u00f3viles","description":"Explora las bolsas de deporte y gimnasia de yute, juco, algod\u00f3n o lona. Descubre caracter\u00edsticas clave, ideas de estilo y consejos para maximizar el rendimiento.","robots":{"index":"index","follow":"follow","max-snippet":"max-snippet:-1","max-image-preview":"max-image-preview:large","max-video-preview":"max-video-preview:-1"},"canonical":"https:\/\/gojuteinternational.com\/es\/eco-friendly-sports-gym-bags-performance-meets-sustainability\/","og_locale":"es_ES","og_type":"article","og_title":"Bolsas de Deporte y Gimnasio: Sostenibles, Duraderas y M\u00f3viles","og_description":"Explora las bolsas de deporte y gimnasia de yute, juco, algod\u00f3n o lona. Descubre caracter\u00edsticas clave, ideas de estilo y consejos para maximizar el rendimiento.","og_url":"https:\/\/gojuteinternational.com\/es\/eco-friendly-sports-gym-bags-performance-meets-sustainability\/","og_site_name":"GoJute International","article_publisher":"https:\/\/www.facebook.com\/gojute","article_modified_time":"2025-04-15T06:58:47+00:00","twitter_card":"summary_large_image","twitter_misc":{"Tiempo de lectura":"5 minutos"},"schema":{"@context":"https:\/\/schema.org","@graph":[{"@type":"WebPage","@id":"https:\/\/gojuteinternational.com\/es\/eco-friendly-sports-gym-bags-performance-meets-sustainability\/","url":"https:\/\/gojuteinternational.com\/es\/eco-friendly-sports-gym-bags-performance-meets-sustainability\/","name":"Bolsas de Deporte y Gimnasio: Sostenibles, Duraderas y M\u00f3viles","isPartOf":{"@id":"https:\/\/gojuteinternational.com\/es\/#website"},"datePublished":"2025-04-09T10:06:51+00:00","dateModified":"2025-04-15T06:58:47+00:00","description":"Explora las bolsas de deporte y gimnasia de yute, juco, algod\u00f3n o lona. Descubre caracter\u00edsticas clave, ideas de estilo y consejos para maximizar el rendimiento.","breadcrumb":{"@id":"https:\/\/gojuteinternational.com\/es\/eco-friendly-sports-gym-bags-performance-meets-sustainability\/#breadcrumb"},"inLanguage":"es","potentialAction":[{"@type":"ReadAction","target":["https:\/\/gojuteinternational.com\/es\/eco-friendly-sports-gym-bags-performance-meets-sustainability\/"]}]},{"@type":"BreadcrumbList","@id":"https:\/\/gojuteinternational.com\/es\/eco-friendly-sports-gym-bags-performance-meets-sustainability\/#breadcrumb","itemListElement":[{"@type":"ListItem","position":1,"name":"Home","item":"https:\/\/gojuteinternational.com\/es\/"},{"@type":"ListItem","position":2,"name":"Bolsas de deporte y gimnasia ecol\u00f3gicas: El rendimiento se une a la sostenibilidad"}]},{"@type":"WebSite","@id":"https:\/\/gojuteinternational.com\/es\/#website","url":"https:\/\/gojuteinternational.com\/es\/","name":"GoJute International","description":"Printed bags for business","publisher":{"@id":"https:\/\/gojuteinternational.com\/es\/#organization"},"alternateName":"GoJute","potentialAction":[{"@type":"SearchAction","target":{"@type":"EntryPoint","urlTemplate":"https:\/\/gojuteinternational.com\/es\/?s={search_term_string}"},"query-input":"required name=search_term_string"}],"inLanguage":"es"},{"@type":"Organization","@id":"https:\/\/gojuteinternational.com\/es\/#organization","name":"GoJute International","alternateName":"GoJute","url":"https:\/\/gojuteinternational.com\/es\/","logo":{"@type":"ImageObject","inLanguage":"es","@id":"https:\/\/gojuteinternational.com\/es\/#\/schema\/logo\/image\/","url":"https:\/\/gojuteinternational.com\/wp-content\/uploads\/2022\/06\/GoJute-Logo-RGB.png","contentUrl":"https:\/\/gojuteinternational.com\/wp-content\/uploads\/2022\/06\/GoJute-Logo-RGB.png","width":2000,"height":1809,"caption":"GoJute International"},"image":{"@id":"https:\/\/gojuteinternational.com\/es\/#\/schema\/logo\/image\/"},"sameAs":["https:\/\/www.facebook.com\/gojute","https:\/\/www.instagram.com\/gojute\/"]}]}},"_links":{"self":[{"href":"https:\/\/gojuteinternational.com\/es\/wp-json\/wp\/v2\/pages\/86828","targetHints":{"allow":["GET"]}}],"collection":[{"href":"https:\/\/gojuteinternational.com\/es\/wp-json\/wp\/v2\/pages"}],"about":[{"href":"https:\/\/gojuteinternational.com\/es\/wp-json\/wp\/v2\/types\/page"}],"author":[{"embeddable":true,"href":"https:\/\/gojuteinternational.com\/es\/wp-json\/wp\/v2\/users\/6996"}],"replies":[{"embeddable":true,"href":"https:\/\/gojuteinternational.com\/es\/wp-json\/wp\/v2\/comments?post=86828"}],"version-history":[{"count":4,"href":"https:\/\/gojuteinternational.com\/es\/wp-json\/wp\/v2\/pages\/86828\/revisions"}],"predecessor-version":[{"id":87025,"href":"https:\/\/gojuteinternational.com\/es\/wp-json\/wp\/v2\/pages\/86828\/revisions\/87025"}],"wp:attachment":[{"href":"https:\/\/gojuteinternational.com\/es\/wp-json\/wp\/v2\/media?parent=86828"}],"curies":[{"name":"wp","href":"https:\/\/api.w.org\/{rel}","templated":true}]}}