{"id":88777,"date":"2025-06-03T10:59:12","date_gmt":"2025-06-03T09:59:12","guid":{"rendered":"https:\/\/gojuteinternational.com\/your-guide-to-sustainable-jute-cotton-bags\/"},"modified":"2025-07-14T12:30:46","modified_gmt":"2025-07-14T11:30:46","slug":"your-guide-to-sustainable-jute-cotton-bags","status":"publish","type":"page","link":"https:\/\/gojuteinternational.com\/es\/your-guide-to-sustainable-jute-cotton-bags\/","title":{"rendered":"Tu gu\u00eda de bolsas de yute y algod\u00f3n sostenibles"},"content":{"rendered":"\t\t<div data-elementor-type=\"wp-page\" data-elementor-id=\"88777\" class=\"elementor elementor-88777 elementor-88764\" data-elementor-post-type=\"page\">\n\t\t\t\t\t\t\t\t\t<section class=\"elementor-section elementor-top-section elementor-element elementor-element-749dbb6b elementor-section-boxed elementor-section-height-default elementor-section-height-default\" data-id=\"749dbb6b\" data-element_type=\"section\">\n\t\t\t\t\t\t<div class=\"elementor-container elementor-column-gap-default\">\n\t\t\t\t\t<div class=\"elementor-column elementor-col-100 elementor-top-column elementor-element elementor-element-3ffc47f4\" data-id=\"3ffc47f4\" data-element_type=\"column\">\n\t\t\t<div class=\"elementor-widget-wrap elementor-element-populated\">\n\t\t\t\t\t\t\t\t<div class=\"elementor-element elementor-element-6caed87b elementor-widget elementor-widget-text-editor\" data-id=\"6caed87b\" data-element_type=\"widget\" data-widget_type=\"text-editor.default\">\n\t\t\t\t<div class=\"elementor-widget-container\">\n\t\t\t<style>\/*! elementor - v3.18.0 - 20-12-2023 *\/\n.elementor-widget-text-editor.elementor-drop-cap-view-stacked .elementor-drop-cap{background-color:#69727d;color:#fff}.elementor-widget-text-editor.elementor-drop-cap-view-framed .elementor-drop-cap{color:#69727d;border:3px solid;background-color:transparent}.elementor-widget-text-editor:not(.elementor-drop-cap-view-default) .elementor-drop-cap{margin-top:8px}.elementor-widget-text-editor:not(.elementor-drop-cap-view-default) .elementor-drop-cap-letter{width:1em;height:1em}.elementor-widget-text-editor .elementor-drop-cap{float:left;text-align:center;line-height:1;font-size:50px}.elementor-widget-text-editor .elementor-drop-cap-letter{display:inline-block}<\/style>\t\t\t\t\n<h1 class=\"wp-block-heading has-text-align-center\"><br><\/h1>\n\t\t\t\t\t\t<\/div>\n\t\t\t\t<\/div>\n\t\t\t\t\t<\/div>\n\t\t<\/div>\n\t\t\t\t\t\t\t<\/div>\n\t\t<\/section>\n\t\t\t\t<section class=\"elementor-section elementor-top-section elementor-element elementor-element-cbcc19c elementor-section-boxed elementor-section-height-default elementor-section-height-default\" data-id=\"cbcc19c\" data-element_type=\"section\">\n\t\t\t\t\t\t<div class=\"elementor-container elementor-column-gap-default\">\n\t\t\t\t\t<div class=\"elementor-column elementor-col-100 elementor-top-column elementor-element elementor-element-f549e7b\" data-id=\"f549e7b\" data-element_type=\"column\">\n\t\t\t<div class=\"elementor-widget-wrap elementor-element-populated\">\n\t\t\t\t\t\t\t\t<div class=\"elementor-element elementor-element-1ad5f0c elementor-widget elementor-widget-heading\" data-id=\"1ad5f0c\" data-element_type=\"widget\" data-widget_type=\"heading.default\">\n\t\t\t\t<div class=\"elementor-widget-container\">\n\t\t\t<style>\/*! elementor - v3.18.0 - 20-12-2023 *\/\n.elementor-heading-title{padding:0;margin:0;line-height:1}.elementor-widget-heading .elementor-heading-title[class*=elementor-size-]>a{color:inherit;font-size:inherit;line-height:inherit}.elementor-widget-heading .elementor-heading-title.elementor-size-small{font-size:15px}.elementor-widget-heading .elementor-heading-title.elementor-size-medium{font-size:19px}.elementor-widget-heading .elementor-heading-title.elementor-size-large{font-size:29px}.elementor-widget-heading .elementor-heading-title.elementor-size-xl{font-size:39px}.elementor-widget-heading .elementor-heading-title.elementor-size-xxl{font-size:59px}<\/style><h1 class=\"elementor-heading-title elementor-size-default\">Tu gu\u00eda de bolsas de yute y algod\u00f3n sostenibles\n<\/h1>\t\t<\/div>\n\t\t\t\t<\/div>\n\t\t\t\t\t<\/div>\n\t\t<\/div>\n\t\t\t\t\t\t\t<\/div>\n\t\t<\/section>\n\t\t\t\t<section class=\"elementor-section elementor-top-section elementor-element elementor-element-4663e49 elementor-section-boxed elementor-section-height-default elementor-section-height-default\" data-id=\"4663e49\" data-element_type=\"section\">\n\t\t\t\t\t\t<div class=\"elementor-container elementor-column-gap-default\">\n\t\t\t\t\t<div class=\"elementor-column elementor-col-100 elementor-top-column elementor-element elementor-element-486d9c7\" data-id=\"486d9c7\" data-element_type=\"column\">\n\t\t\t<div class=\"elementor-widget-wrap elementor-element-populated\">\n\t\t\t\t\t\t\t\t<div class=\"elementor-element elementor-element-ddd32ce elementor-widget elementor-widget-text-editor\" data-id=\"ddd32ce\" data-element_type=\"widget\" data-widget_type=\"text-editor.default\">\n\t\t\t\t<div class=\"elementor-widget-container\">\n\t\t\t\t\t\t\t<p><span style=\"font-weight: 400;\">El impulso hacia un mundo m\u00e1s sostenible empieza con las elecciones sencillas que hacemos cada d\u00eda. Lo que llevamos -ya sea para comprar, regalar o promocionar un negocio- puede tener un gran impacto en nuestro planeta.   <\/span><b>Las bolsas de yute y algod\u00f3n<\/b><span style=\"font-weight: 400;\"> marcan el camino como alternativas naturales y renovables a los soportes de pl\u00e1stico y sint\u00e9ticos, combinando estilo, practicidad y una huella ecol\u00f3gica m\u00ednima.<\/span><\/p>\n<p><span style=\"font-weight: 400;\">Esta gu\u00eda es tu eje central para todo lo que necesitas saber sobre <\/span><b>sostenibilidad con bolsas de yute y algod\u00f3n<\/b><span style=\"font-weight: 400;\">. Tanto si eres empresario y quieres tomar decisiones responsables en materia de envasado, como si eres consumidor y quieres vivir de forma m\u00e1s ecol\u00f3gica, o si eres una organizaci\u00f3n ben\u00e9fica y quieres art\u00edculos promocionales impactantes, aqu\u00ed encontrar\u00e1s consejos claros y pr\u00e1cticos.<\/span><\/p>\n<h2><span style=\"font-weight: 400;\">\u00bfPor qu\u00e9 elegir bolsas de yute y algod\u00f3n sostenibles?<\/span><\/h2>\n<ul>\n<li style=\"font-weight: 400;\" aria-level=\"1\"><b>Natural y renovable:<\/b><span style=\"font-weight: 400;\"> Tanto el yute como el algod\u00f3n se cultivan en la tierra, no se fabrican a partir de combustibles f\u00f3siles.<\/span><\/li>\n<li style=\"font-weight: 400;\" aria-level=\"1\"><b>Biodegradables y compostables:<\/b><span style=\"font-weight: 400;\"> Cuando termina su vida \u00fatil, se descomponen de forma natural sin contaminar el medio ambiente.<\/span><\/li>\n<li style=\"font-weight: 400;\" aria-level=\"1\"><b>Reutilizables y duraderos:<\/b><span style=\"font-weight: 400;\"> Dise\u00f1ado para durar a\u00f1os, reduciendo la necesidad de envases de un solo uso.<\/span><\/li>\n<li style=\"font-weight: 400;\" aria-level=\"1\"><b>Origen \u00e9tico:<\/b><span style=\"font-weight: 400;\"> Con los proveedores adecuados, apoyas salarios justos, condiciones seguras y una agricultura responsable.<\/span><\/li>\n<\/ul>\n<p><span style=\"font-weight: 400;\">Cambiar a <\/span><b>bolsas ecol\u00f3gicas<\/b><span style=\"font-weight: 400;\"> es una forma sencilla de reducir tu huella de carbono, luchar contra la contaminaci\u00f3n por pl\u00e1sticos y animar a otros a seguir tu ejemplo.<\/span><\/p>\n<h2><span style=\"font-weight: 400;\">Explora el mundo de las bolsas de yute y algod\u00f3n sostenibles<\/span><\/h2>\n<p><span style=\"font-weight: 400;\">El viaje hacia opciones m\u00e1s ecol\u00f3gicas est\u00e1 lleno de detalles fascinantes: desde qu\u00e9 hace que las fibras naturales sean realmente ecol\u00f3gicas, hasta las formas en que puedes reutilizar, reciclar o dar un nuevo uso a cada bolsa. Tanto si eres nuevo en la sostenibilidad como si quieres profundizar en tu impacto, estas gu\u00edas especializadas te ayudar\u00e1n a tomar decisiones informadas y pr\u00e1cticas en cada etapa. <\/span><\/p>\n<h3><a href=\"https:\/\/gojuteinternational.com\/es\/environmental-benefits-of-jute-cotton-bags\/\">Beneficios medioambientales de las bolsas de yute y algod\u00f3n  <\/a><\/h3>\n<p><span style=\"font-weight: 400;\">Descubre por qu\u00e9 las bolsas de yute y algod\u00f3n destacan como campeonas del medio ambiente. Esta p\u00e1gina explica c\u00f3mo las fibras naturales superan a los pl\u00e1sticos en biodegradabilidad, ahorro de carbono y baja contaminaci\u00f3n, d\u00e1ndote confianza en tu intercambio ecol\u00f3gico. <\/span><\/p>\n<h3><a href=\"https:\/\/gojuteinternational.com\/es\/sustainable-manufacturing-sourcing-for-jute-cotton-bags\/\">Fabricaci\u00f3n y abastecimiento sostenibles  <\/a><\/h3>\n<p><span style=\"font-weight: 400;\">No todas las bolsas son iguales. Aprende c\u00f3mo es la fabricaci\u00f3n responsable, c\u00f3mo detectar a los aut\u00e9nticos proveedores \u00e9ticos y qu\u00e9 certificaciones -como la de Comercio Justo o la ecol\u00f3gica- garantizan que tu bolsa de yute o algod\u00f3n es realmente sostenible desde el campo hasta la f\u00e1brica. <\/span><\/p>\n<h3><a href=\"https:\/\/gojuteinternational.com\/es\/how-to-make-your-jute-cotton-bags-last-longer\/\">Maximizar la reutilizaci\u00f3n y la longevidad<\/a><\/h3>\n<p><span style=\"font-weight: 400;\">Una bolsa sostenible es aquella que tiene una vida larga y \u00fatil. Aqu\u00ed encontrar\u00e1s consejos de limpieza, cuidado y reparaciones sencillas para mantener tus bolsas de yute y algod\u00f3n frescas y funcionales, adem\u00e1s de ideas creativas para reciclarlas cuando por fin se jubilen. <\/span><\/p>\n<h3><a href=\"https:\/\/gojuteinternational.com\/es\/how-to-dispose-recycle-jute-cotton-bags-responsibly\/\">Eliminaci\u00f3n y reciclaje responsables<\/a><\/h3>\n<p><span style=\"font-weight: 400;\">\u00bfQu\u00e9 ocurre cuando tu bolsa ha visto d\u00edas mejores? Esta gu\u00eda te gu\u00eda a trav\u00e9s del compostaje, el reciclaje y otras opciones de eliminaci\u00f3n de residuos de yute y algod\u00f3n, para que tus esfuerzos de sostenibilidad lleguen hasta el final. <\/span><\/p>\n<h3><a href=\"https:\/\/gojuteinternational.com\/es\/b2b-campaigns\/\">Sostenibilidad en marcas y promociones  <\/a><\/h3>\n<p><span style=\"font-weight: 400;\">Las empresas y las organizaciones ben\u00e9ficas pueden hacer algo m\u00e1s que reducir los residuos: pueden inspirar a comunidades enteras. Mira c\u00f3mo empresas y ONG utilizan bolsas de yute y algod\u00f3n para generar confianza, difundir mensajes y reforzar sus credenciales ecol\u00f3gicas mediante una marca bien pensada. <\/span><\/p>\n<h3><a href=\"https:\/\/gojuteinternational.com\/es\/sustainable-gift-ideas\/\">Ideas de regalos y cestas sostenibles<\/a><\/h3>\n<p><span style=\"font-weight: 400;\">Cambia los envoltorios de usar y tirar por la belleza reutilizable. Esta p\u00e1gina explora c\u00f3mo crear regalos y cestas sorprendentes y de bajo contenido en residuos para cada ocasi\u00f3n, utilizando bolsas de algod\u00f3n y yute como envoltorio y como parte del regalo. <\/span><\/p>\n<h3><a href=\"https:\/\/gojuteinternational.com\/es\/b2b-campaigns\/\">Bolsas Sostenibles para Campa\u00f1as y Recaudaci\u00f3n de Fondos<\/a><\/h3>\n<p><span style=\"font-weight: 400;\">Las bolsas de yute y algod\u00f3n pueden ser poderosas herramientas para el cambio. Explora casos pr\u00e1cticos y estrategias para llevar a cabo impactantes campa\u00f1as ben\u00e9ficas, campa\u00f1as de recaudaci\u00f3n de fondos y actos de concienciaci\u00f3n, poniendo las bolsas sostenibles en el centro de toda buena causa. <\/span><\/p>\n<h3><a href=\"https:\/\/gojuteinternational.com\/es\/b2b-sustainability-faqs\/\">Preguntas frecuentes y mitos sobre la sostenibilidad<\/a><\/h3>\n<p><span style=\"font-weight: 400;\">\u00bfTienes dudas sobre lo sostenibles que son realmente tus bolsas? Obt\u00e9n respuestas honestas y basadas en pruebas a las preguntas y conceptos err\u00f3neos m\u00e1s comunes, para que puedas comprar, regalar y promocionar con confianza. <\/span><\/p>\n<h2><span style=\"font-weight: 400;\">Da el siguiente paso hacia una vida m\u00e1s ecol\u00f3gica<\/span><\/h2>\n<p><span style=\"font-weight: 400;\">La sostenibilidad es un viaje, y cada elecci\u00f3n tiene un impacto. Empieza a explorar cualquiera de las gu\u00edas anteriores, o   <\/span><a href=\"https:\/\/gojuteinternational.com\/es\/contacte-con-nosotros\/\"><b>Contacta con nosotros<\/b><\/a><span style=\"font-weight: 400;\"> para obtener recomendaciones personalizadas sobre c\u00f3mo sacar el m\u00e1ximo partido a las bolsas de yute y algod\u00f3n en tu negocio o en tu vida cotidiana.<\/span><\/p>\n\t\t\t\t\t\t<\/div>\n\t\t\t\t<\/div>\n\t\t\t\t\t<\/div>\n\t\t<\/div>\n\t\t\t\t\t\t\t<\/div>\n\t\t<\/section>\n\t\t\t\t\t\t\t<\/div>\n\t\t","protected":false},"excerpt":{"rendered":"<p>Tu gu\u00eda de bolsas de yute y algod\u00f3n sostenibles El impulso hacia un mundo m\u00e1s sostenible empieza con las elecciones sencillas que hacemos cada d\u00eda. Lo que llevamos -ya sea para comprar, regalar o promocionar un negocio- puede tener un gran impacto en nuestro planeta. Las bolsas de yute y algod\u00f3n marcan el camino como [&hellip;]<\/p>\n","protected":false},"author":6996,"featured_media":0,"parent":0,"menu_order":0,"comment_status":"closed","ping_status":"closed","template":"elementor_header_footer","meta":{"content-type":"","_monsterinsights_skip_tracking":false,"_monsterinsights_sitenote_active":false,"_monsterinsights_sitenote_note":"","_monsterinsights_sitenote_category":0,"footnotes":""},"class_list":["post-88777","page","type-page","status-publish","hentry"],"yoast_head":"<!-- This site is optimized with the Yoast SEO plugin v21.7 - https:\/\/yoast.com\/wordpress\/plugins\/seo\/ -->\n<title>Sostenibilidad con Bolsas de Yute y Algod\u00f3n: La Gu\u00eda Completa<\/title>\n<meta name=\"description\" content=\"Descubre por qu\u00e9 las bolsas de yute y algod\u00f3n son la mejor opci\u00f3n ecol\u00f3gica. Explora las ventajas medioambientales, el abastecimiento y consejos pr\u00e1cticos para una vida m\u00e1s ecol\u00f3gica.\" \/>\n<meta name=\"robots\" content=\"index, follow, max-snippet:-1, max-image-preview:large, max-video-preview:-1\" \/>\n<link rel=\"canonical\" href=\"https:\/\/gojuteinternational.com\/es\/your-guide-to-sustainable-jute-cotton-bags\/\" \/>\n<meta property=\"og:locale\" content=\"es_ES\" \/>\n<meta property=\"og:type\" content=\"article\" \/>\n<meta property=\"og:title\" content=\"Sostenibilidad con Bolsas de Yute y Algod\u00f3n: La Gu\u00eda Completa\" \/>\n<meta property=\"og:description\" content=\"Descubre por qu\u00e9 las bolsas de yute y algod\u00f3n son la mejor opci\u00f3n ecol\u00f3gica. Explora las ventajas medioambientales, el abastecimiento y consejos pr\u00e1cticos para una vida m\u00e1s ecol\u00f3gica.\" \/>\n<meta property=\"og:url\" content=\"https:\/\/gojuteinternational.com\/es\/your-guide-to-sustainable-jute-cotton-bags\/\" \/>\n<meta property=\"og:site_name\" content=\"GoJute International\" \/>\n<meta property=\"article:publisher\" content=\"https:\/\/www.facebook.com\/gojute\" \/>\n<meta property=\"article:modified_time\" content=\"2025-07-14T11:30:46+00:00\" \/>\n<meta name=\"twitter:card\" content=\"summary_large_image\" \/>\n<meta name=\"twitter:label1\" content=\"Tiempo de lectura\" \/>\n\t<meta name=\"twitter:data1\" content=\"4 minutos\" \/>\n<script type=\"application\/ld+json\" class=\"yoast-schema-graph\">{\"@context\":\"https:\/\/schema.org\",\"@graph\":[{\"@type\":\"WebPage\",\"@id\":\"https:\/\/gojuteinternational.com\/es\/your-guide-to-sustainable-jute-cotton-bags\/\",\"url\":\"https:\/\/gojuteinternational.com\/es\/your-guide-to-sustainable-jute-cotton-bags\/\",\"name\":\"Sostenibilidad con Bolsas de Yute y Algod\u00f3n: La Gu\u00eda Completa\",\"isPartOf\":{\"@id\":\"https:\/\/gojuteinternational.com\/es\/#website\"},\"datePublished\":\"2025-06-03T09:59:12+00:00\",\"dateModified\":\"2025-07-14T11:30:46+00:00\",\"description\":\"Descubre por qu\u00e9 las bolsas de yute y algod\u00f3n son la mejor opci\u00f3n ecol\u00f3gica. Explora las ventajas medioambientales, el abastecimiento y consejos pr\u00e1cticos para una vida m\u00e1s ecol\u00f3gica.\",\"breadcrumb\":{\"@id\":\"https:\/\/gojuteinternational.com\/es\/your-guide-to-sustainable-jute-cotton-bags\/#breadcrumb\"},\"inLanguage\":\"es\",\"potentialAction\":[{\"@type\":\"ReadAction\",\"target\":[\"https:\/\/gojuteinternational.com\/es\/your-guide-to-sustainable-jute-cotton-bags\/\"]}]},{\"@type\":\"BreadcrumbList\",\"@id\":\"https:\/\/gojuteinternational.com\/es\/your-guide-to-sustainable-jute-cotton-bags\/#breadcrumb\",\"itemListElement\":[{\"@type\":\"ListItem\",\"position\":1,\"name\":\"Home\",\"item\":\"https:\/\/gojuteinternational.com\/es\/\"},{\"@type\":\"ListItem\",\"position\":2,\"name\":\"Tu gu\u00eda de bolsas de yute y algod\u00f3n sostenibles\"}]},{\"@type\":\"WebSite\",\"@id\":\"https:\/\/gojuteinternational.com\/es\/#website\",\"url\":\"https:\/\/gojuteinternational.com\/es\/\",\"name\":\"GoJute International\",\"description\":\"Printed bags for business\",\"publisher\":{\"@id\":\"https:\/\/gojuteinternational.com\/es\/#organization\"},\"alternateName\":\"GoJute\",\"potentialAction\":[{\"@type\":\"SearchAction\",\"target\":{\"@type\":\"EntryPoint\",\"urlTemplate\":\"https:\/\/gojuteinternational.com\/es\/?s={search_term_string}\"},\"query-input\":\"required name=search_term_string\"}],\"inLanguage\":\"es\"},{\"@type\":\"Organization\",\"@id\":\"https:\/\/gojuteinternational.com\/es\/#organization\",\"name\":\"GoJute International\",\"alternateName\":\"GoJute\",\"url\":\"https:\/\/gojuteinternational.com\/es\/\",\"logo\":{\"@type\":\"ImageObject\",\"inLanguage\":\"es\",\"@id\":\"https:\/\/gojuteinternational.com\/es\/#\/schema\/logo\/image\/\",\"url\":\"https:\/\/gojuteinternational.com\/wp-content\/uploads\/2022\/06\/GoJute-Logo-RGB.png\",\"contentUrl\":\"https:\/\/gojuteinternational.com\/wp-content\/uploads\/2022\/06\/GoJute-Logo-RGB.png\",\"width\":2000,\"height\":1809,\"caption\":\"GoJute International\"},\"image\":{\"@id\":\"https:\/\/gojuteinternational.com\/es\/#\/schema\/logo\/image\/\"},\"sameAs\":[\"https:\/\/www.facebook.com\/gojute\",\"https:\/\/www.instagram.com\/gojute\/\"]}]}<\/script>\n<!-- \/ Yoast SEO plugin. -->","yoast_head_json":{"title":"Sostenibilidad con Bolsas de Yute y Algod\u00f3n: La Gu\u00eda Completa","description":"Descubre por qu\u00e9 las bolsas de yute y algod\u00f3n son la mejor opci\u00f3n ecol\u00f3gica. Explora las ventajas medioambientales, el abastecimiento y consejos pr\u00e1cticos para una vida m\u00e1s ecol\u00f3gica.","robots":{"index":"index","follow":"follow","max-snippet":"max-snippet:-1","max-image-preview":"max-image-preview:large","max-video-preview":"max-video-preview:-1"},"canonical":"https:\/\/gojuteinternational.com\/es\/your-guide-to-sustainable-jute-cotton-bags\/","og_locale":"es_ES","og_type":"article","og_title":"Sostenibilidad con Bolsas de Yute y Algod\u00f3n: La Gu\u00eda Completa","og_description":"Descubre por qu\u00e9 las bolsas de yute y algod\u00f3n son la mejor opci\u00f3n ecol\u00f3gica. Explora las ventajas medioambientales, el abastecimiento y consejos pr\u00e1cticos para una vida m\u00e1s ecol\u00f3gica.","og_url":"https:\/\/gojuteinternational.com\/es\/your-guide-to-sustainable-jute-cotton-bags\/","og_site_name":"GoJute International","article_publisher":"https:\/\/www.facebook.com\/gojute","article_modified_time":"2025-07-14T11:30:46+00:00","twitter_card":"summary_large_image","twitter_misc":{"Tiempo de lectura":"4 minutos"},"schema":{"@context":"https:\/\/schema.org","@graph":[{"@type":"WebPage","@id":"https:\/\/gojuteinternational.com\/es\/your-guide-to-sustainable-jute-cotton-bags\/","url":"https:\/\/gojuteinternational.com\/es\/your-guide-to-sustainable-jute-cotton-bags\/","name":"Sostenibilidad con Bolsas de Yute y Algod\u00f3n: La Gu\u00eda Completa","isPartOf":{"@id":"https:\/\/gojuteinternational.com\/es\/#website"},"datePublished":"2025-06-03T09:59:12+00:00","dateModified":"2025-07-14T11:30:46+00:00","description":"Descubre por qu\u00e9 las bolsas de yute y algod\u00f3n son la mejor opci\u00f3n ecol\u00f3gica. Explora las ventajas medioambientales, el abastecimiento y consejos pr\u00e1cticos para una vida m\u00e1s ecol\u00f3gica.","breadcrumb":{"@id":"https:\/\/gojuteinternational.com\/es\/your-guide-to-sustainable-jute-cotton-bags\/#breadcrumb"},"inLanguage":"es","potentialAction":[{"@type":"ReadAction","target":["https:\/\/gojuteinternational.com\/es\/your-guide-to-sustainable-jute-cotton-bags\/"]}]},{"@type":"BreadcrumbList","@id":"https:\/\/gojuteinternational.com\/es\/your-guide-to-sustainable-jute-cotton-bags\/#breadcrumb","itemListElement":[{"@type":"ListItem","position":1,"name":"Home","item":"https:\/\/gojuteinternational.com\/es\/"},{"@type":"ListItem","position":2,"name":"Tu gu\u00eda de bolsas de yute y algod\u00f3n sostenibles"}]},{"@type":"WebSite","@id":"https:\/\/gojuteinternational.com\/es\/#website","url":"https:\/\/gojuteinternational.com\/es\/","name":"GoJute International","description":"Printed bags for business","publisher":{"@id":"https:\/\/gojuteinternational.com\/es\/#organization"},"alternateName":"GoJute","potentialAction":[{"@type":"SearchAction","target":{"@type":"EntryPoint","urlTemplate":"https:\/\/gojuteinternational.com\/es\/?s={search_term_string}"},"query-input":"required name=search_term_string"}],"inLanguage":"es"},{"@type":"Organization","@id":"https:\/\/gojuteinternational.com\/es\/#organization","name":"GoJute International","alternateName":"GoJute","url":"https:\/\/gojuteinternational.com\/es\/","logo":{"@type":"ImageObject","inLanguage":"es","@id":"https:\/\/gojuteinternational.com\/es\/#\/schema\/logo\/image\/","url":"https:\/\/gojuteinternational.com\/wp-content\/uploads\/2022\/06\/GoJute-Logo-RGB.png","contentUrl":"https:\/\/gojuteinternational.com\/wp-content\/uploads\/2022\/06\/GoJute-Logo-RGB.png","width":2000,"height":1809,"caption":"GoJute International"},"image":{"@id":"https:\/\/gojuteinternational.com\/es\/#\/schema\/logo\/image\/"},"sameAs":["https:\/\/www.facebook.com\/gojute","https:\/\/www.instagram.com\/gojute\/"]}]}},"_links":{"self":[{"href":"https:\/\/gojuteinternational.com\/es\/wp-json\/wp\/v2\/pages\/88777","targetHints":{"allow":["GET"]}}],"collection":[{"href":"https:\/\/gojuteinternational.com\/es\/wp-json\/wp\/v2\/pages"}],"about":[{"href":"https:\/\/gojuteinternational.com\/es\/wp-json\/wp\/v2\/types\/page"}],"author":[{"embeddable":true,"href":"https:\/\/gojuteinternational.com\/es\/wp-json\/wp\/v2\/users\/6996"}],"replies":[{"embeddable":true,"href":"https:\/\/gojuteinternational.com\/es\/wp-json\/wp\/v2\/comments?post=88777"}],"version-history":[{"count":5,"href":"https:\/\/gojuteinternational.com\/es\/wp-json\/wp\/v2\/pages\/88777\/revisions"}],"predecessor-version":[{"id":89639,"href":"https:\/\/gojuteinternational.com\/es\/wp-json\/wp\/v2\/pages\/88777\/revisions\/89639"}],"wp:attachment":[{"href":"https:\/\/gojuteinternational.com\/es\/wp-json\/wp\/v2\/media?parent=88777"}],"curies":[{"name":"wp","href":"https:\/\/api.w.org\/{rel}","templated":true}]}}