{"id":88789,"date":"2025-06-03T11:39:25","date_gmt":"2025-06-03T10:39:25","guid":{"rendered":"https:\/\/gojuteinternational.com\/b2b-campaigns\/"},"modified":"2025-06-05T14:08:18","modified_gmt":"2025-06-05T13:08:18","slug":"b2b-campaigns","status":"publish","type":"page","link":"https:\/\/gojuteinternational.com\/es\/b2b-campaigns\/","title":{"rendered":"Campa\u00f1as B2B"},"content":{"rendered":"\t\t<div data-elementor-type=\"wp-page\" data-elementor-id=\"88789\" class=\"elementor elementor-88789 elementor-88783\" data-elementor-post-type=\"page\">\n\t\t\t\t\t\t\t\t\t<section class=\"elementor-section elementor-top-section elementor-element elementor-element-3f179ed elementor-section-boxed elementor-section-height-default elementor-section-height-default\" data-id=\"3f179ed\" data-element_type=\"section\">\n\t\t\t\t\t\t<div class=\"elementor-container elementor-column-gap-default\">\n\t\t\t\t\t<div class=\"elementor-column elementor-col-100 elementor-top-column elementor-element elementor-element-6aa18e1\" data-id=\"6aa18e1\" data-element_type=\"column\">\n\t\t\t<div class=\"elementor-widget-wrap elementor-element-populated\">\n\t\t\t\t\t\t\t\t<div class=\"elementor-element elementor-element-5b5c1d1 elementor-widget elementor-widget-spacer\" data-id=\"5b5c1d1\" data-element_type=\"widget\" data-widget_type=\"spacer.default\">\n\t\t\t\t<div class=\"elementor-widget-container\">\n\t\t\t<style>\/*! elementor - v3.18.0 - 20-12-2023 *\/\n.elementor-column .elementor-spacer-inner{height:var(--spacer-size)}.e-con{--container-widget-width:100%}.e-con-inner>.elementor-widget-spacer,.e-con>.elementor-widget-spacer{width:var(--container-widget-width,var(--spacer-size));--align-self:var(--container-widget-align-self,initial);--flex-shrink:0}.e-con-inner>.elementor-widget-spacer>.elementor-widget-container,.e-con>.elementor-widget-spacer>.elementor-widget-container{height:100%;width:100%}.e-con-inner>.elementor-widget-spacer>.elementor-widget-container>.elementor-spacer,.e-con>.elementor-widget-spacer>.elementor-widget-container>.elementor-spacer{height:100%}.e-con-inner>.elementor-widget-spacer>.elementor-widget-container>.elementor-spacer>.elementor-spacer-inner,.e-con>.elementor-widget-spacer>.elementor-widget-container>.elementor-spacer>.elementor-spacer-inner{height:var(--container-widget-height,var(--spacer-size))}.e-con-inner>.elementor-widget-spacer.elementor-widget-empty,.e-con>.elementor-widget-spacer.elementor-widget-empty{position:relative;min-height:22px;min-width:22px}.e-con-inner>.elementor-widget-spacer.elementor-widget-empty .elementor-widget-empty-icon,.e-con>.elementor-widget-spacer.elementor-widget-empty .elementor-widget-empty-icon{position:absolute;top:0;bottom:0;left:0;right:0;margin:auto;padding:0;width:22px;height:22px}<\/style>\t\t<div class=\"elementor-spacer\">\n\t\t\t<div class=\"elementor-spacer-inner\"><\/div>\n\t\t<\/div>\n\t\t\t\t<\/div>\n\t\t\t\t<\/div>\n\t\t\t\t\t<\/div>\n\t\t<\/div>\n\t\t\t\t\t\t\t<\/div>\n\t\t<\/section>\n\t\t\t\t<section class=\"elementor-section elementor-top-section elementor-element elementor-element-c13efb6 elementor-section-boxed elementor-section-height-default elementor-section-height-default\" data-id=\"c13efb6\" data-element_type=\"section\">\n\t\t\t\t\t\t<div class=\"elementor-container elementor-column-gap-default\">\n\t\t\t\t\t<div class=\"elementor-column elementor-col-100 elementor-top-column elementor-element elementor-element-9228b41\" data-id=\"9228b41\" data-element_type=\"column\">\n\t\t\t<div class=\"elementor-widget-wrap elementor-element-populated\">\n\t\t\t\t\t\t\t\t<div class=\"elementor-element elementor-element-5de6c80 elementor-widget elementor-widget-heading\" data-id=\"5de6c80\" data-element_type=\"widget\" data-widget_type=\"heading.default\">\n\t\t\t\t<div class=\"elementor-widget-container\">\n\t\t\t<style>\/*! elementor - v3.18.0 - 20-12-2023 *\/\n.elementor-heading-title{padding:0;margin:0;line-height:1}.elementor-widget-heading .elementor-heading-title[class*=elementor-size-]>a{color:inherit;font-size:inherit;line-height:inherit}.elementor-widget-heading .elementor-heading-title.elementor-size-small{font-size:15px}.elementor-widget-heading .elementor-heading-title.elementor-size-medium{font-size:19px}.elementor-widget-heading .elementor-heading-title.elementor-size-large{font-size:29px}.elementor-widget-heading .elementor-heading-title.elementor-size-xl{font-size:39px}.elementor-widget-heading .elementor-heading-title.elementor-size-xxl{font-size:59px}<\/style><h1 class=\"elementor-heading-title elementor-size-default\">Campa\u00f1as B2B: Bolsas de yute y algod\u00f3n sostenibles para recaudar fondos\n<\/h1>\t\t<\/div>\n\t\t\t\t<\/div>\n\t\t\t\t\t<\/div>\n\t\t<\/div>\n\t\t\t\t\t\t\t<\/div>\n\t\t<\/section>\n\t\t\t\t<section class=\"elementor-section elementor-top-section elementor-element elementor-element-42ffb27 elementor-section-boxed elementor-section-height-default elementor-section-height-default\" data-id=\"42ffb27\" data-element_type=\"section\">\n\t\t\t\t\t\t<div class=\"elementor-container elementor-column-gap-default\">\n\t\t\t\t\t<div class=\"elementor-column elementor-col-100 elementor-top-column elementor-element elementor-element-d2bf6bb\" data-id=\"d2bf6bb\" data-element_type=\"column\">\n\t\t\t<div class=\"elementor-widget-wrap elementor-element-populated\">\n\t\t\t\t\t\t\t\t<div class=\"elementor-element elementor-element-1406e31 elementor-widget elementor-widget-text-editor\" data-id=\"1406e31\" data-element_type=\"widget\" data-widget_type=\"text-editor.default\">\n\t\t\t\t<div class=\"elementor-widget-container\">\n\t\t\t<style>\/*! elementor - v3.18.0 - 20-12-2023 *\/\n.elementor-widget-text-editor.elementor-drop-cap-view-stacked .elementor-drop-cap{background-color:#69727d;color:#fff}.elementor-widget-text-editor.elementor-drop-cap-view-framed .elementor-drop-cap{color:#69727d;border:3px solid;background-color:transparent}.elementor-widget-text-editor:not(.elementor-drop-cap-view-default) .elementor-drop-cap{margin-top:8px}.elementor-widget-text-editor:not(.elementor-drop-cap-view-default) .elementor-drop-cap-letter{width:1em;height:1em}.elementor-widget-text-editor .elementor-drop-cap{float:left;text-align:center;line-height:1;font-size:50px}.elementor-widget-text-editor .elementor-drop-cap-letter{display:inline-block}<\/style>\t\t\t\t<p><span style=\"font-weight: 400;\">Para las empresas, organizaciones ben\u00e9ficas y ONG, las bolsas de marca son algo m\u00e1s que productos promocionales: son herramientas pr\u00e1cticas y de gran visibilidad que impulsan la sensibilizaci\u00f3n, suscitan conversaciones y recaudan fondos vitales. <\/span><b>Las bolsas de yute y algod\u00f3n<\/b><span style=\"font-weight: 400;\"> ofrecen una forma ecol\u00f3gica, memorable e impactante de apoyar tu pr\u00f3xima campa\u00f1a o iniciativa de recaudaci\u00f3n de fondos, al tiempo que se alinean con los objetivos de sostenibilidad.<\/span><\/p>\n<h2><span style=\"font-weight: 400;\">\u00bfPor qu\u00e9 utilizar bolsas de yute y algod\u00f3n en campa\u00f1as B2B?<\/span><\/h2>\n<ul>\n<li style=\"font-weight: 400;\" aria-level=\"1\"><b>Impacto duradero:<\/b><span style=\"font-weight: 400;\"> A diferencia de los folletos o los art\u00edculos de un solo uso, una bolsa de yute o algod\u00f3n de marca se reutiliza durante meses o a\u00f1os, dando una exposici\u00f3n continua a tu causa o marca.<\/span><\/li>\n<li style=\"font-weight: 400;\" aria-level=\"1\"><b>Credenciales ecol\u00f3gicas:<\/b><span style=\"font-weight: 400;\"> Las campa\u00f1as ecol\u00f3gicas resuenan entre el p\u00fablico socialmente concienciado de hoy en d\u00eda, y utilizar bolsas biodegradables y reutilizables refuerza tu mensaje medioambiental.<\/span><\/li>\n<li style=\"font-weight: 400;\" aria-level=\"1\"><b>Aplicaciones vers\u00e1tiles:<\/b><span style=\"font-weight: 400;\"> Tanto si lanzas una campa\u00f1a ben\u00e9fica, apoyas una causa social o organizas un acto corporativo para recaudar fondos, las bolsas de fibra natural sirven para todos los sectores.<\/span><\/li>\n<\/ul>\n<h2><span style=\"font-weight: 400;\">Estrategias para recaudar fondos y campa\u00f1as B2B eficaces<\/span><\/h2>\n<h3>Campa\u00f1as de bolsas tem\u00e1ticas y de edici\u00f3n limitada<\/h3>\n<ul>\n<li style=\"font-weight: 400;\" aria-level=\"1\"><b>Campa\u00f1as de concienciaci\u00f3n:<\/b><span style=\"font-weight: 400;\"> Imprime dise\u00f1os personalizados para causas como el D\u00eda de la Tierra, el Mes de Concienciaci\u00f3n sobre el C\u00e1ncer de Mama o la iniciativa de sostenibilidad de tu empresa.<\/span><\/li>\n<li style=\"font-weight: 400;\" aria-level=\"1\"><b>Regalos para eventos:<\/b><span style=\"font-weight: 400;\"> Distribuye bolsas con tu marca en conferencias, ferias comunitarias o actos ben\u00e9ficos para asegurarte de que los asistentes se llevan tu mensaje a casa y lo comparten.<\/span><\/li>\n<li style=\"font-weight: 400;\" aria-level=\"1\"><b>Ventas para recaudar fondos:<\/b><span style=\"font-weight: 400;\"> Vende bolsas de algod\u00f3n o yute de edici\u00f3n limitada para recaudar dinero para proyectos espec\u00edficos, organizaciones ben\u00e9ficas o de ayuda en cat\u00e1strofes.<\/span><\/li>\n<\/ul>\n<h3>Iniciativas de Responsabilidad Social Corporativa (RSC)<\/h3>\n<ul>\n<li style=\"font-weight: 400;\" aria-level=\"1\"><span style=\"font-weight: 400;\">Demuestra el compromiso de tu empresa con los valores ecol\u00f3gicos regalando a tus empleados, socios o clientes una bolsa ecol\u00f3gica de marca como parte de tu programa de RSC.<\/span><\/li>\n<li style=\"font-weight: 400;\" aria-level=\"1\"><span style=\"font-weight: 400;\">Anima al personal o a las partes interesadas a utilizar estas bolsas en la vida cotidiana, amplificando el alcance y la reputaci\u00f3n de tu organizaci\u00f3n.<\/span><\/li>\n<\/ul>\n<h2><span style=\"font-weight: 400;\">Opciones de personalizaci\u00f3n y marca para el \u00e9xito de la campa\u00f1a<\/span><\/h2>\n<ul>\n<li style=\"font-weight: 400;\" aria-level=\"1\"><b>Colocaci\u00f3n del logotipo:<\/b><span style=\"font-weight: 400;\"> Aseg\u00farate de que tu marca sea prominente pero de buen gusto para un uso a largo plazo.<\/span><\/li>\n<li style=\"font-weight: 400;\" aria-level=\"1\"><b>Mensajes con causa:<\/b><span style=\"font-weight: 400;\"> Incluye esl\u00f3ganes cortos, hashtags o mensajes de campa\u00f1a para despertar la curiosidad y el compromiso.<\/span><\/li>\n<li style=\"font-weight: 400;\" aria-level=\"1\"><b>Colaboraciones art\u00edsticas:<\/b><span style=\"font-weight: 400;\"> As\u00f3ciate con artistas locales o personas influyentes para crear obras de arte \u00fanicas que eleven la campa\u00f1a y fomenten las ventas o las donaciones.<\/span><\/li>\n<\/ul>\n<p><span style=\"font-weight: 400;\">Los toques personalizados convierten una bolsa \u00fatil en un s\u00edmbolo duradero de tu campa\u00f1a.<\/span><\/p>\n<h2><span style=\"font-weight: 400;\">Casos pr\u00e1cticos e inspiraci\u00f3n en el mundo real<\/span><\/h2>\n<p><span style=\"font-weight: 400;\">Muchas organizaciones han utilizado <\/span><b>bolsas ecol\u00f3gicas de marca<\/b><span style=\"font-weight: 400;\"> para recaudar fondos B2B con \u00e9xito:<\/span><\/p>\n<ul>\n<li style=\"font-weight: 400;\" aria-level=\"1\"><span style=\"font-weight: 400;\">Una ONG se asocia con empresas locales para producir una bolsa de yute de tirada limitada, cuyos beneficios se destinan a huertos comunitarios.<\/span><\/li>\n<li style=\"font-weight: 400;\" aria-level=\"1\"><span style=\"font-weight: 400;\">Una empresa lanza una campa\u00f1a \u201cLugar de trabajo sin pl\u00e1stico\u201d, regalando a sus empleados y clientes bolsas de algod\u00f3n de marca para que las utilicen dentro y fuera de la empresa.<\/span><\/li>\n<li style=\"font-weight: 400;\" aria-level=\"1\"><span style=\"font-weight: 400;\">Un acto ben\u00e9fico incluye una bolsa de campa\u00f1a de edici\u00f3n especial para los donantes, lo que crea expectaci\u00f3n y aumenta las contribuciones.<\/span><\/li>\n<\/ul>\n<p><span style=\"font-weight: 400;\">Tu organizaci\u00f3n puede beneficiarse de la misma visibilidad y prensa positiva, al tiempo que hace un bien tanto a las personas como al planeta.<\/span><\/p>\n<h3>Explora m\u00e1s recursos de sostenibilidad B2B<\/h3>\n<ul>\n<li style=\"font-weight: 400;\" aria-level=\"1\"><a href=\"https:\/\/gojuteinternational.com\/es\/b2b-campaigns\/\">Sostenibilidad en marcas y promociones <\/a><span style=\"font-weight: 400;\"><br \/><\/span><span style=\"font-weight: 400;\"> Descubre c\u00f3mo las bolsas ecol\u00f3gicas de marca aumentan la reputaci\u00f3n y la confianza de las empresas.<\/span><\/li>\n<li style=\"font-weight: 400;\" aria-level=\"1\"><a href=\"https:\/\/gojuteinternational.com\/es\/sustainable-gift-ideas\/\">Cestas corporativas sostenibles <\/a><span style=\"font-weight: 400;\"><br \/><\/span><span style=\"font-weight: 400;\"> Descubre c\u00f3mo los regalos B2B y las recompensas a los empleados pueden ser ecol\u00f3gicos.<\/span><\/li>\n<li style=\"font-weight: 400;\" aria-level=\"1\"><a href=\"https:\/\/gojuteinternational.com\/es\/how-to-dispose-recycle-jute-cotton-bags-responsibly\/\">Eliminaci\u00f3n y reciclaje responsables<\/a><span style=\"font-weight: 400;\"><br \/><\/span><span style=\"font-weight: 400;\"> Conoce las estrategias de fin de vida de las bolsas a granel despu\u00e9s de las campa\u00f1as.<\/span><\/li>\n<\/ul>\n<h2><span style=\"font-weight: 400;\">\u00bfListo para lanzar tu campa\u00f1a o recaudaci\u00f3n de fondos?<\/span><\/h2>\n<p><span style=\"font-weight: 400;\">Para presupuestos B2B a medida, ideas para campa\u00f1as o una conversaci\u00f3n sobre marcas personalizadas,<\/span><span style=\"font-weight: 400;\"><br \/><\/span><a href=\"https:\/\/gojuteinternational.com\/es\/contacte-con-nosotros\/\"> <b>ponte en contacto con nosotros<\/b><\/a><\/p>\n\t\t\t\t\t\t<\/div>\n\t\t\t\t<\/div>\n\t\t\t\t\t<\/div>\n\t\t<\/div>\n\t\t\t\t\t\t\t<\/div>\n\t\t<\/section>\n\t\t\t\t\t\t\t<\/div>\n\t\t","protected":false},"excerpt":{"rendered":"<p>Campa\u00f1as B2B: Bolsas de yute y algod\u00f3n sostenibles para recaudar fondos Para las empresas, organizaciones ben\u00e9ficas y ONG, las bolsas de marca son algo m\u00e1s que productos promocionales: son herramientas pr\u00e1cticas y de gran visibilidad que impulsan la sensibilizaci\u00f3n, suscitan conversaciones y recaudan fondos vitales. Las bolsas de yute y algod\u00f3n ofrecen una forma ecol\u00f3gica, [&hellip;]<\/p>\n","protected":false},"author":6996,"featured_media":0,"parent":0,"menu_order":0,"comment_status":"closed","ping_status":"closed","template":"elementor_header_footer","meta":{"content-type":"","_monsterinsights_skip_tracking":false,"_monsterinsights_sitenote_active":false,"_monsterinsights_sitenote_note":"","_monsterinsights_sitenote_category":0,"footnotes":""},"class_list":["post-88789","page","type-page","status-publish","hentry"],"yoast_head":"<!-- This site is optimized with the Yoast SEO plugin v21.7 - https:\/\/yoast.com\/wordpress\/plugins\/seo\/ -->\n<title>Campa\u00f1as B2B - GoJute International<\/title>\n<meta name=\"robots\" content=\"index, follow, max-snippet:-1, max-image-preview:large, max-video-preview:-1\" \/>\n<link rel=\"canonical\" href=\"https:\/\/gojuteinternational.com\/es\/b2b-campaigns\/\" \/>\n<meta property=\"og:locale\" content=\"es_ES\" \/>\n<meta property=\"og:type\" content=\"article\" \/>\n<meta property=\"og:title\" content=\"Campa\u00f1as B2B - GoJute International\" \/>\n<meta property=\"og:description\" content=\"Campa\u00f1as B2B: Bolsas de yute y algod\u00f3n sostenibles para recaudar fondos Para las empresas, organizaciones ben\u00e9ficas y ONG, las bolsas de marca son algo m\u00e1s que productos promocionales: son herramientas pr\u00e1cticas y de gran visibilidad que impulsan la sensibilizaci\u00f3n, suscitan conversaciones y recaudan fondos vitales. Las bolsas de yute y algod\u00f3n ofrecen una forma ecol\u00f3gica, [&hellip;]\" \/>\n<meta property=\"og:url\" content=\"https:\/\/gojuteinternational.com\/es\/b2b-campaigns\/\" \/>\n<meta property=\"og:site_name\" content=\"GoJute International\" \/>\n<meta property=\"article:publisher\" content=\"https:\/\/www.facebook.com\/gojute\" \/>\n<meta property=\"article:modified_time\" content=\"2025-06-05T13:08:18+00:00\" \/>\n<meta name=\"twitter:card\" content=\"summary_large_image\" \/>\n<meta name=\"twitter:label1\" content=\"Tiempo de lectura\" \/>\n\t<meta name=\"twitter:data1\" content=\"4 minutos\" \/>\n<script type=\"application\/ld+json\" class=\"yoast-schema-graph\">{\"@context\":\"https:\/\/schema.org\",\"@graph\":[{\"@type\":\"WebPage\",\"@id\":\"https:\/\/gojuteinternational.com\/es\/b2b-campaigns\/\",\"url\":\"https:\/\/gojuteinternational.com\/es\/b2b-campaigns\/\",\"name\":\"Campa\u00f1as B2B - GoJute International\",\"isPartOf\":{\"@id\":\"https:\/\/gojuteinternational.com\/es\/#website\"},\"datePublished\":\"2025-06-03T10:39:25+00:00\",\"dateModified\":\"2025-06-05T13:08:18+00:00\",\"breadcrumb\":{\"@id\":\"https:\/\/gojuteinternational.com\/es\/b2b-campaigns\/#breadcrumb\"},\"inLanguage\":\"es\",\"potentialAction\":[{\"@type\":\"ReadAction\",\"target\":[\"https:\/\/gojuteinternational.com\/es\/b2b-campaigns\/\"]}]},{\"@type\":\"BreadcrumbList\",\"@id\":\"https:\/\/gojuteinternational.com\/es\/b2b-campaigns\/#breadcrumb\",\"itemListElement\":[{\"@type\":\"ListItem\",\"position\":1,\"name\":\"Home\",\"item\":\"https:\/\/gojuteinternational.com\/es\/\"},{\"@type\":\"ListItem\",\"position\":2,\"name\":\"Campa\u00f1as B2B\"}]},{\"@type\":\"WebSite\",\"@id\":\"https:\/\/gojuteinternational.com\/es\/#website\",\"url\":\"https:\/\/gojuteinternational.com\/es\/\",\"name\":\"GoJute International\",\"description\":\"Printed bags for business\",\"publisher\":{\"@id\":\"https:\/\/gojuteinternational.com\/es\/#organization\"},\"alternateName\":\"GoJute\",\"potentialAction\":[{\"@type\":\"SearchAction\",\"target\":{\"@type\":\"EntryPoint\",\"urlTemplate\":\"https:\/\/gojuteinternational.com\/es\/?s={search_term_string}\"},\"query-input\":\"required name=search_term_string\"}],\"inLanguage\":\"es\"},{\"@type\":\"Organization\",\"@id\":\"https:\/\/gojuteinternational.com\/es\/#organization\",\"name\":\"GoJute International\",\"alternateName\":\"GoJute\",\"url\":\"https:\/\/gojuteinternational.com\/es\/\",\"logo\":{\"@type\":\"ImageObject\",\"inLanguage\":\"es\",\"@id\":\"https:\/\/gojuteinternational.com\/es\/#\/schema\/logo\/image\/\",\"url\":\"https:\/\/gojuteinternational.com\/wp-content\/uploads\/2022\/06\/GoJute-Logo-RGB.png\",\"contentUrl\":\"https:\/\/gojuteinternational.com\/wp-content\/uploads\/2022\/06\/GoJute-Logo-RGB.png\",\"width\":2000,\"height\":1809,\"caption\":\"GoJute International\"},\"image\":{\"@id\":\"https:\/\/gojuteinternational.com\/es\/#\/schema\/logo\/image\/\"},\"sameAs\":[\"https:\/\/www.facebook.com\/gojute\",\"https:\/\/www.instagram.com\/gojute\/\"]}]}<\/script>\n<!-- \/ Yoast SEO plugin. -->","yoast_head_json":{"title":"Campa\u00f1as B2B - GoJute International","robots":{"index":"index","follow":"follow","max-snippet":"max-snippet:-1","max-image-preview":"max-image-preview:large","max-video-preview":"max-video-preview:-1"},"canonical":"https:\/\/gojuteinternational.com\/es\/b2b-campaigns\/","og_locale":"es_ES","og_type":"article","og_title":"Campa\u00f1as B2B - GoJute International","og_description":"Campa\u00f1as B2B: Bolsas de yute y algod\u00f3n sostenibles para recaudar fondos Para las empresas, organizaciones ben\u00e9ficas y ONG, las bolsas de marca son algo m\u00e1s que productos promocionales: son herramientas pr\u00e1cticas y de gran visibilidad que impulsan la sensibilizaci\u00f3n, suscitan conversaciones y recaudan fondos vitales. Las bolsas de yute y algod\u00f3n ofrecen una forma ecol\u00f3gica, [&hellip;]","og_url":"https:\/\/gojuteinternational.com\/es\/b2b-campaigns\/","og_site_name":"GoJute International","article_publisher":"https:\/\/www.facebook.com\/gojute","article_modified_time":"2025-06-05T13:08:18+00:00","twitter_card":"summary_large_image","twitter_misc":{"Tiempo de lectura":"4 minutos"},"schema":{"@context":"https:\/\/schema.org","@graph":[{"@type":"WebPage","@id":"https:\/\/gojuteinternational.com\/es\/b2b-campaigns\/","url":"https:\/\/gojuteinternational.com\/es\/b2b-campaigns\/","name":"Campa\u00f1as B2B - GoJute International","isPartOf":{"@id":"https:\/\/gojuteinternational.com\/es\/#website"},"datePublished":"2025-06-03T10:39:25+00:00","dateModified":"2025-06-05T13:08:18+00:00","breadcrumb":{"@id":"https:\/\/gojuteinternational.com\/es\/b2b-campaigns\/#breadcrumb"},"inLanguage":"es","potentialAction":[{"@type":"ReadAction","target":["https:\/\/gojuteinternational.com\/es\/b2b-campaigns\/"]}]},{"@type":"BreadcrumbList","@id":"https:\/\/gojuteinternational.com\/es\/b2b-campaigns\/#breadcrumb","itemListElement":[{"@type":"ListItem","position":1,"name":"Home","item":"https:\/\/gojuteinternational.com\/es\/"},{"@type":"ListItem","position":2,"name":"Campa\u00f1as B2B"}]},{"@type":"WebSite","@id":"https:\/\/gojuteinternational.com\/es\/#website","url":"https:\/\/gojuteinternational.com\/es\/","name":"GoJute International","description":"Printed bags for business","publisher":{"@id":"https:\/\/gojuteinternational.com\/es\/#organization"},"alternateName":"GoJute","potentialAction":[{"@type":"SearchAction","target":{"@type":"EntryPoint","urlTemplate":"https:\/\/gojuteinternational.com\/es\/?s={search_term_string}"},"query-input":"required name=search_term_string"}],"inLanguage":"es"},{"@type":"Organization","@id":"https:\/\/gojuteinternational.com\/es\/#organization","name":"GoJute International","alternateName":"GoJute","url":"https:\/\/gojuteinternational.com\/es\/","logo":{"@type":"ImageObject","inLanguage":"es","@id":"https:\/\/gojuteinternational.com\/es\/#\/schema\/logo\/image\/","url":"https:\/\/gojuteinternational.com\/wp-content\/uploads\/2022\/06\/GoJute-Logo-RGB.png","contentUrl":"https:\/\/gojuteinternational.com\/wp-content\/uploads\/2022\/06\/GoJute-Logo-RGB.png","width":2000,"height":1809,"caption":"GoJute International"},"image":{"@id":"https:\/\/gojuteinternational.com\/es\/#\/schema\/logo\/image\/"},"sameAs":["https:\/\/www.facebook.com\/gojute","https:\/\/www.instagram.com\/gojute\/"]}]}},"_links":{"self":[{"href":"https:\/\/gojuteinternational.com\/es\/wp-json\/wp\/v2\/pages\/88789","targetHints":{"allow":["GET"]}}],"collection":[{"href":"https:\/\/gojuteinternational.com\/es\/wp-json\/wp\/v2\/pages"}],"about":[{"href":"https:\/\/gojuteinternational.com\/es\/wp-json\/wp\/v2\/types\/page"}],"author":[{"embeddable":true,"href":"https:\/\/gojuteinternational.com\/es\/wp-json\/wp\/v2\/users\/6996"}],"replies":[{"embeddable":true,"href":"https:\/\/gojuteinternational.com\/es\/wp-json\/wp\/v2\/comments?post=88789"}],"version-history":[{"count":4,"href":"https:\/\/gojuteinternational.com\/es\/wp-json\/wp\/v2\/pages\/88789\/revisions"}],"predecessor-version":[{"id":88932,"href":"https:\/\/gojuteinternational.com\/es\/wp-json\/wp\/v2\/pages\/88789\/revisions\/88932"}],"wp:attachment":[{"href":"https:\/\/gojuteinternational.com\/es\/wp-json\/wp\/v2\/media?parent=88789"}],"curies":[{"name":"wp","href":"https:\/\/api.w.org\/{rel}","templated":true}]}}