{"id":88796,"date":"2025-06-03T12:08:49","date_gmt":"2025-06-03T11:08:49","guid":{"rendered":"https:\/\/gojuteinternational.com\/b2b-sustainability-faqs\/"},"modified":"2025-06-05T14:11:20","modified_gmt":"2025-06-05T13:11:20","slug":"b2b-sustainability-faqs","status":"publish","type":"page","link":"https:\/\/gojuteinternational.com\/es\/b2b-sustainability-faqs\/","title":{"rendered":"Preguntas frecuentes sobre sostenibilidad B2B"},"content":{"rendered":"\t\t<div data-elementor-type=\"wp-page\" data-elementor-id=\"88796\" class=\"elementor elementor-88796 elementor-88794\" data-elementor-post-type=\"page\">\n\t\t\t\t\t\t\t\t\t<section class=\"elementor-section elementor-top-section elementor-element elementor-element-4f272e1 elementor-section-boxed elementor-section-height-default elementor-section-height-default\" data-id=\"4f272e1\" data-element_type=\"section\">\n\t\t\t\t\t\t<div class=\"elementor-container elementor-column-gap-default\">\n\t\t\t\t\t<div class=\"elementor-column elementor-col-100 elementor-top-column elementor-element elementor-element-d0001ec\" data-id=\"d0001ec\" data-element_type=\"column\">\n\t\t\t<div class=\"elementor-widget-wrap elementor-element-populated\">\n\t\t\t\t\t\t\t\t<div class=\"elementor-element elementor-element-183d015 elementor-widget elementor-widget-spacer\" data-id=\"183d015\" data-element_type=\"widget\" data-widget_type=\"spacer.default\">\n\t\t\t\t<div class=\"elementor-widget-container\">\n\t\t\t<style>\/*! elementor - v3.18.0 - 20-12-2023 *\/\n.elementor-column .elementor-spacer-inner{height:var(--spacer-size)}.e-con{--container-widget-width:100%}.e-con-inner>.elementor-widget-spacer,.e-con>.elementor-widget-spacer{width:var(--container-widget-width,var(--spacer-size));--align-self:var(--container-widget-align-self,initial);--flex-shrink:0}.e-con-inner>.elementor-widget-spacer>.elementor-widget-container,.e-con>.elementor-widget-spacer>.elementor-widget-container{height:100%;width:100%}.e-con-inner>.elementor-widget-spacer>.elementor-widget-container>.elementor-spacer,.e-con>.elementor-widget-spacer>.elementor-widget-container>.elementor-spacer{height:100%}.e-con-inner>.elementor-widget-spacer>.elementor-widget-container>.elementor-spacer>.elementor-spacer-inner,.e-con>.elementor-widget-spacer>.elementor-widget-container>.elementor-spacer>.elementor-spacer-inner{height:var(--container-widget-height,var(--spacer-size))}.e-con-inner>.elementor-widget-spacer.elementor-widget-empty,.e-con>.elementor-widget-spacer.elementor-widget-empty{position:relative;min-height:22px;min-width:22px}.e-con-inner>.elementor-widget-spacer.elementor-widget-empty .elementor-widget-empty-icon,.e-con>.elementor-widget-spacer.elementor-widget-empty .elementor-widget-empty-icon{position:absolute;top:0;bottom:0;left:0;right:0;margin:auto;padding:0;width:22px;height:22px}<\/style>\t\t<div class=\"elementor-spacer\">\n\t\t\t<div class=\"elementor-spacer-inner\"><\/div>\n\t\t<\/div>\n\t\t\t\t<\/div>\n\t\t\t\t<\/div>\n\t\t\t\t<div class=\"elementor-element elementor-element-3be631e elementor-widget elementor-widget-heading\" data-id=\"3be631e\" data-element_type=\"widget\" data-widget_type=\"heading.default\">\n\t\t\t\t<div class=\"elementor-widget-container\">\n\t\t\t<style>\/*! elementor - v3.18.0 - 20-12-2023 *\/\n.elementor-heading-title{padding:0;margin:0;line-height:1}.elementor-widget-heading .elementor-heading-title[class*=elementor-size-]>a{color:inherit;font-size:inherit;line-height:inherit}.elementor-widget-heading .elementor-heading-title.elementor-size-small{font-size:15px}.elementor-widget-heading .elementor-heading-title.elementor-size-medium{font-size:19px}.elementor-widget-heading .elementor-heading-title.elementor-size-large{font-size:29px}.elementor-widget-heading .elementor-heading-title.elementor-size-xl{font-size:39px}.elementor-widget-heading .elementor-heading-title.elementor-size-xxl{font-size:59px}<\/style><h1 class=\"elementor-heading-title elementor-size-default\">Preguntas frecuentes sobre sostenibilidad B2B: Mitos y verdades sobre las bolsas de yute y algod\u00f3n<\/h1>\t\t<\/div>\n\t\t\t\t<\/div>\n\t\t\t\t\t<\/div>\n\t\t<\/div>\n\t\t\t\t\t\t\t<\/div>\n\t\t<\/section>\n\t\t\t\t<section class=\"elementor-section elementor-top-section elementor-element elementor-element-cce36bc elementor-section-boxed elementor-section-height-default elementor-section-height-default\" data-id=\"cce36bc\" data-element_type=\"section\">\n\t\t\t\t\t\t<div class=\"elementor-container elementor-column-gap-default\">\n\t\t\t\t\t<div class=\"elementor-column elementor-col-100 elementor-top-column elementor-element elementor-element-d5cad84\" data-id=\"d5cad84\" data-element_type=\"column\">\n\t\t\t<div class=\"elementor-widget-wrap elementor-element-populated\">\n\t\t\t\t\t\t\t\t<div class=\"elementor-element elementor-element-cff999f elementor-widget elementor-widget-text-editor\" data-id=\"cff999f\" data-element_type=\"widget\" data-widget_type=\"text-editor.default\">\n\t\t\t\t<div class=\"elementor-widget-container\">\n\t\t\t<style>\/*! elementor - v3.18.0 - 20-12-2023 *\/\n.elementor-widget-text-editor.elementor-drop-cap-view-stacked .elementor-drop-cap{background-color:#69727d;color:#fff}.elementor-widget-text-editor.elementor-drop-cap-view-framed .elementor-drop-cap{color:#69727d;border:3px solid;background-color:transparent}.elementor-widget-text-editor:not(.elementor-drop-cap-view-default) .elementor-drop-cap{margin-top:8px}.elementor-widget-text-editor:not(.elementor-drop-cap-view-default) .elementor-drop-cap-letter{width:1em;height:1em}.elementor-widget-text-editor .elementor-drop-cap{float:left;text-align:center;line-height:1;font-size:50px}.elementor-widget-text-editor .elementor-drop-cap-letter{display:inline-block}<\/style>\t\t\t\t<p><span style=\"font-weight: 400;\">Las pr\u00e1cticas empresariales sostenibles son prioritarias para clientes, socios y equipos internos, pero la confusi\u00f3n y la informaci\u00f3n obsoleta pueden dificultar la toma de decisiones. Aqu\u00ed encontrar\u00e1s respuestas claras y basadas en pruebas a las preguntas y los conceptos err\u00f3neos m\u00e1s comunes del B2B sobre   <\/span><b>bolsas de yute y algod\u00f3n<\/b><span style=\"font-weight: 400;\">. Utiliza esta p\u00e1gina para orientar tu estrategia corporativa de sostenibilidad, ganar adeptos y tomar decisiones m\u00e1s ecol\u00f3gicas con confianza.<\/span><\/p>\n<h2><span style=\"font-weight: 400;\">Respuestas a las principales preguntas y mitos empresariales<\/span><\/h2>\n<h3>\u201c\u00bfEs el algod\u00f3n realmente sostenible para su uso a escala empresarial?\u201d<\/h3>\n<p><b>Hecho:<\/b><span style=\"font-weight: 400;\">  Cuando se adquieren de forma responsable -especialmente las de algod\u00f3n org\u00e1nico o de secano-, las bolsas de algod\u00f3n tienen una huella medioambiental mucho menor que los pl\u00e1sticos de un solo uso o los reutilizables sint\u00e9ticos. C\u00e9ntrate en proveedores con certificaciones probadas y cadenas de suministro transparentes para conseguir el m\u00e1ximo impacto. <\/span><\/p>\n<h3>\u201c\u00bfC\u00f3mo de biodegradables son realmente las bolsas de yute y algod\u00f3n?\u201d<\/h3>\n<p><b>Hecho:<\/b><span style=\"font-weight: 400;\">  El yute 100% puro y el algod\u00f3n sin recubrimiento son totalmente biodegradables y compostables tanto en entornos dom\u00e9sticos como comerciales. Para pedidos comerciales, pide bolsas sin forros ni ribetes sint\u00e9ticos para asegurarte de que las opciones al final de su vida \u00fatil sean ecol\u00f3gicas. <\/span><\/p>\n<h3>\u201c\u00bfEs el uso del agua en el algod\u00f3n un factor decisivo para la sostenibilidad?\u201d<\/h3>\n<p><b>Hecho:<\/b><span style=\"font-weight: 400;\">  El uso de agua del algod\u00f3n puede ser elevado, pero muchos cultivadores utilizan ahora el riego de secano y m\u00e9todos org\u00e1nicos para reducir el impacto. El yute requiere muy poca agua, lo que lo convierte en uno de los cultivos m\u00e1s respetuosos con el medio ambiente para los grandes pedidos. <\/span><\/p>\n<h3>  \u201c\u00bfSon siempre las bolsas reutilizables la opci\u00f3n comercial m\u00e1s ecol\u00f3gica?\u201d<\/h3>\n<p><b>Hecho:<\/b><span style=\"font-weight: 400;\">  S\u00ed, siempre que se reutilicen suficientes veces para compensar su producci\u00f3n inicial. Una bolsa de algod\u00f3n o yute bien hecha y utilizada cientos de veces supera a las bolsas de un solo uso tanto en emisiones de carbono como en residuos: ideal para eventos, regalos y promociones. <\/span><\/p>\n<h3>\u201c\u00bfC\u00f3mo podemos evitar el lavado verde en nuestras promociones empresariales?\u201d<\/h3>\n<p><b>Hecho:<\/b><\/p>\n<ul>\n<li style=\"font-weight: 400;\" aria-level=\"1\"><span style=\"font-weight: 400;\">Trabaja s\u00f3lo con proveedores que ofrezcan certificaciones de terceros (por ejemplo, Comercio Justo, GOTS, SA8000).<\/span>\n<\/p>\n<\/li>\n<li style=\"font-weight: 400;\" aria-level=\"1\"><span style=\"font-weight: 400;\">Solicita informes de transparencia e impacto de la cadena de suministro.<\/span>\n<\/p>\n<\/li>\n<li style=\"font-weight: 400;\" aria-level=\"1\"><span style=\"font-weight: 400;\">Comparte con tu p\u00fablico mensajes honestos y claros sobre el origen y la producci\u00f3n de las bolsas.<\/span>\n<\/p>\n<\/li>\n<\/ul>\n<h3>\u201c\u00bfY si nuestros clientes o partes interesadas quieren pruebas de impacto?\u201d<\/h3>\n<p><b>Hecho:<\/b><span style=\"font-weight: 400;\">  Muchos proveedores facilitan declaraciones de impacto medioambiental, que incluyen ahorros de CO\u2082, reducciones del consumo de agua y estad\u00edsticas de desv\u00edo de residuos. Compartirlas con las partes interesadas demuestra un compromiso mensurable con la sostenibilidad y la transparencia. <\/span><\/p>\n<h2><span style=\"font-weight: 400;\">Beneficios empresariales: m\u00e1s all\u00e1 de la bolsa<\/span><\/h2>\n<ul>\n<li style=\"font-weight: 400;\" aria-level=\"1\"><b>Mayor lealtad a la marca:<\/b><span style=\"font-weight: 400;\"> Los clientes y el personal aprecian las opciones ecol\u00f3gicas visibles y significativas.<\/span>\n<\/p>\n<\/li>\n<li style=\"font-weight: 400;\" aria-level=\"1\"><b>Reducci\u00f3n del riesgo normativo:<\/b><span style=\"font-weight: 400;\"> Adel\u00e1ntate a la evoluci\u00f3n de las prohibiciones de pl\u00e1stico y la legislaci\u00f3n medioambiental.<\/span>\n<\/p>\n<\/li>\n<li style=\"font-weight: 400;\" aria-level=\"1\"><b>Relaciones p\u00fablicas positivas:<\/b><span style=\"font-weight: 400;\"> Las iniciativas ecol\u00f3gicas atraen la atenci\u00f3n, la cobertura medi\u00e1tica y nuevos negocios.<\/span>\n<\/p>\n<\/li>\n<\/ul>\n<h3>Encuentra m\u00e1s apoyo a la sostenibilidad B2B<\/h3>\n<ul>\n<li style=\"font-weight: 400;\" aria-level=\"1\"><a href=\"https:\/\/gojuteinternational.com\/es\/sustainable-manufacturing-sourcing-for-jute-cotton-bags\/\">Fabricaci\u00f3n y abastecimiento sostenibles <\/a><span style=\"font-weight: 400;\"><br \/><\/span><span style=\"font-weight: 400;\"> Orientaci\u00f3n detallada sobre aprovisionamiento y certificaci\u00f3n para compradores empresariales.<\/span>\n<\/p>\n<\/li>\n<li style=\"font-weight: 400;\" aria-level=\"1\"><a href=\"https:\/\/gojuteinternational.com\/es\/b2b-campaigns\/\">Marca ecol\u00f3gica: Bolsas de yute y algod\u00f3n para promoci\u00f3n <\/a><span style=\"font-weight: 400;\"><br \/><\/span><span style=\"font-weight: 400;\"> Estrategias para maximizar el valor de marca con bolsas ecol\u00f3gicas.<\/span>\n<\/p>\n<\/li>\n<li style=\"font-weight: 400;\" aria-level=\"1\"><a href=\"https:\/\/gojuteinternational.com\/es\/sustainable-gift-ideas\/\">Cestas corporativas sostenibles <\/a><span style=\"font-weight: 400;\"><br \/><\/span><span style=\"font-weight: 400;\"> Ideas de regalo para RRHH, marketing y desarrollo empresarial.<\/span>\n<\/p>\n<\/li>\n<\/ul>\n<h2><span style=\"font-weight: 400;\">\u00bfTodav\u00eda tienes preguntas sobre sostenibilidad B2B?<\/span><\/h2>\n<p><span style=\"font-weight: 400;\">Si necesitas asesoramiento a medida, fichas t\u00e9cnicas o ayuda para comunicar tu estrategia de bolsas sostenibles,<\/span><span style=\"font-weight: 400;\"><br \/><\/span><a href=\"https:\/\/gojuteinternational.com\/es\/contacte-con-nosotros\/\"> <b>ponte en contacto con nosotros<\/b><\/a><\/p>\n\t\t\t\t\t\t<\/div>\n\t\t\t\t<\/div>\n\t\t\t\t\t<\/div>\n\t\t<\/div>\n\t\t\t\t\t\t\t<\/div>\n\t\t<\/section>\n\t\t\t\t\t\t\t<\/div>\n\t\t","protected":false},"excerpt":{"rendered":"<p>Preguntas frecuentes sobre sostenibilidad B2B: Mitos y verdades sobre las bolsas de yute y algod\u00f3n Las pr\u00e1cticas empresariales sostenibles son prioritarias para clientes, socios y equipos internos, pero la confusi\u00f3n y la informaci\u00f3n obsoleta pueden dificultar la toma de decisiones. Aqu\u00ed encontrar\u00e1s respuestas claras y basadas en pruebas a las preguntas y los conceptos err\u00f3neos [&hellip;]<\/p>\n","protected":false},"author":6996,"featured_media":0,"parent":0,"menu_order":0,"comment_status":"closed","ping_status":"closed","template":"","meta":{"content-type":"","_monsterinsights_skip_tracking":false,"_monsterinsights_sitenote_active":false,"_monsterinsights_sitenote_note":"","_monsterinsights_sitenote_category":0,"footnotes":""},"class_list":["post-88796","page","type-page","status-publish","hentry"],"yoast_head":"<!-- This site is optimized with the Yoast SEO plugin v21.7 - https:\/\/yoast.com\/wordpress\/plugins\/seo\/ -->\n<title>Preguntas frecuentes sobre sostenibilidad B2B: Mitos y verdades sobre las bolsas de yute y algod\u00f3n<\/title>\n<meta name=\"description\" content=\"Obt\u00e9n respuestas B2B a las preguntas m\u00e1s habituales sobre las bolsas de yute y algod\u00f3n sostenibles. Acaba con los mitos, aborda las preocupaciones ecol\u00f3gicas y toma decisiones empresariales con confianza.\" \/>\n<meta name=\"robots\" content=\"index, follow, max-snippet:-1, max-image-preview:large, max-video-preview:-1\" \/>\n<link rel=\"canonical\" href=\"https:\/\/gojuteinternational.com\/es\/b2b-sustainability-faqs\/\" \/>\n<meta property=\"og:locale\" content=\"es_ES\" \/>\n<meta property=\"og:type\" content=\"article\" \/>\n<meta property=\"og:title\" content=\"Preguntas frecuentes sobre sostenibilidad B2B: Mitos y verdades sobre las bolsas de yute y algod\u00f3n\" \/>\n<meta property=\"og:description\" content=\"Obt\u00e9n respuestas B2B a las preguntas m\u00e1s habituales sobre las bolsas de yute y algod\u00f3n sostenibles. Acaba con los mitos, aborda las preocupaciones ecol\u00f3gicas y toma decisiones empresariales con confianza.\" \/>\n<meta property=\"og:url\" content=\"https:\/\/gojuteinternational.com\/es\/b2b-sustainability-faqs\/\" \/>\n<meta property=\"og:site_name\" content=\"GoJute International\" \/>\n<meta property=\"article:publisher\" content=\"https:\/\/www.facebook.com\/gojute\" \/>\n<meta property=\"article:modified_time\" content=\"2025-06-05T13:11:20+00:00\" \/>\n<meta name=\"twitter:card\" content=\"summary_large_image\" \/>\n<meta name=\"twitter:label1\" content=\"Tiempo de lectura\" \/>\n\t<meta name=\"twitter:data1\" content=\"3 minutos\" \/>\n<script type=\"application\/ld+json\" class=\"yoast-schema-graph\">{\"@context\":\"https:\/\/schema.org\",\"@graph\":[{\"@type\":\"WebPage\",\"@id\":\"https:\/\/gojuteinternational.com\/es\/b2b-sustainability-faqs\/\",\"url\":\"https:\/\/gojuteinternational.com\/es\/b2b-sustainability-faqs\/\",\"name\":\"Preguntas frecuentes sobre sostenibilidad B2B: Mitos y verdades sobre las bolsas de yute y algod\u00f3n\",\"isPartOf\":{\"@id\":\"https:\/\/gojuteinternational.com\/es\/#website\"},\"datePublished\":\"2025-06-03T11:08:49+00:00\",\"dateModified\":\"2025-06-05T13:11:20+00:00\",\"description\":\"Obt\u00e9n respuestas B2B a las preguntas m\u00e1s habituales sobre las bolsas de yute y algod\u00f3n sostenibles. Acaba con los mitos, aborda las preocupaciones ecol\u00f3gicas y toma decisiones empresariales con confianza.\",\"breadcrumb\":{\"@id\":\"https:\/\/gojuteinternational.com\/es\/b2b-sustainability-faqs\/#breadcrumb\"},\"inLanguage\":\"es\",\"potentialAction\":[{\"@type\":\"ReadAction\",\"target\":[\"https:\/\/gojuteinternational.com\/es\/b2b-sustainability-faqs\/\"]}]},{\"@type\":\"BreadcrumbList\",\"@id\":\"https:\/\/gojuteinternational.com\/es\/b2b-sustainability-faqs\/#breadcrumb\",\"itemListElement\":[{\"@type\":\"ListItem\",\"position\":1,\"name\":\"Home\",\"item\":\"https:\/\/gojuteinternational.com\/es\/\"},{\"@type\":\"ListItem\",\"position\":2,\"name\":\"Preguntas frecuentes sobre sostenibilidad B2B\"}]},{\"@type\":\"WebSite\",\"@id\":\"https:\/\/gojuteinternational.com\/es\/#website\",\"url\":\"https:\/\/gojuteinternational.com\/es\/\",\"name\":\"GoJute International\",\"description\":\"Printed bags for business\",\"publisher\":{\"@id\":\"https:\/\/gojuteinternational.com\/es\/#organization\"},\"alternateName\":\"GoJute\",\"potentialAction\":[{\"@type\":\"SearchAction\",\"target\":{\"@type\":\"EntryPoint\",\"urlTemplate\":\"https:\/\/gojuteinternational.com\/es\/?s={search_term_string}\"},\"query-input\":\"required name=search_term_string\"}],\"inLanguage\":\"es\"},{\"@type\":\"Organization\",\"@id\":\"https:\/\/gojuteinternational.com\/es\/#organization\",\"name\":\"GoJute International\",\"alternateName\":\"GoJute\",\"url\":\"https:\/\/gojuteinternational.com\/es\/\",\"logo\":{\"@type\":\"ImageObject\",\"inLanguage\":\"es\",\"@id\":\"https:\/\/gojuteinternational.com\/es\/#\/schema\/logo\/image\/\",\"url\":\"https:\/\/gojuteinternational.com\/wp-content\/uploads\/2022\/06\/GoJute-Logo-RGB.png\",\"contentUrl\":\"https:\/\/gojuteinternational.com\/wp-content\/uploads\/2022\/06\/GoJute-Logo-RGB.png\",\"width\":2000,\"height\":1809,\"caption\":\"GoJute International\"},\"image\":{\"@id\":\"https:\/\/gojuteinternational.com\/es\/#\/schema\/logo\/image\/\"},\"sameAs\":[\"https:\/\/www.facebook.com\/gojute\",\"https:\/\/www.instagram.com\/gojute\/\"]}]}<\/script>\n<!-- \/ Yoast SEO plugin. -->","yoast_head_json":{"title":"Preguntas frecuentes sobre sostenibilidad B2B: Mitos y verdades sobre las bolsas de yute y algod\u00f3n","description":"Obt\u00e9n respuestas B2B a las preguntas m\u00e1s habituales sobre las bolsas de yute y algod\u00f3n sostenibles. Acaba con los mitos, aborda las preocupaciones ecol\u00f3gicas y toma decisiones empresariales con confianza.","robots":{"index":"index","follow":"follow","max-snippet":"max-snippet:-1","max-image-preview":"max-image-preview:large","max-video-preview":"max-video-preview:-1"},"canonical":"https:\/\/gojuteinternational.com\/es\/b2b-sustainability-faqs\/","og_locale":"es_ES","og_type":"article","og_title":"Preguntas frecuentes sobre sostenibilidad B2B: Mitos y verdades sobre las bolsas de yute y algod\u00f3n","og_description":"Obt\u00e9n respuestas B2B a las preguntas m\u00e1s habituales sobre las bolsas de yute y algod\u00f3n sostenibles. Acaba con los mitos, aborda las preocupaciones ecol\u00f3gicas y toma decisiones empresariales con confianza.","og_url":"https:\/\/gojuteinternational.com\/es\/b2b-sustainability-faqs\/","og_site_name":"GoJute International","article_publisher":"https:\/\/www.facebook.com\/gojute","article_modified_time":"2025-06-05T13:11:20+00:00","twitter_card":"summary_large_image","twitter_misc":{"Tiempo de lectura":"3 minutos"},"schema":{"@context":"https:\/\/schema.org","@graph":[{"@type":"WebPage","@id":"https:\/\/gojuteinternational.com\/es\/b2b-sustainability-faqs\/","url":"https:\/\/gojuteinternational.com\/es\/b2b-sustainability-faqs\/","name":"Preguntas frecuentes sobre sostenibilidad B2B: Mitos y verdades sobre las bolsas de yute y algod\u00f3n","isPartOf":{"@id":"https:\/\/gojuteinternational.com\/es\/#website"},"datePublished":"2025-06-03T11:08:49+00:00","dateModified":"2025-06-05T13:11:20+00:00","description":"Obt\u00e9n respuestas B2B a las preguntas m\u00e1s habituales sobre las bolsas de yute y algod\u00f3n sostenibles. Acaba con los mitos, aborda las preocupaciones ecol\u00f3gicas y toma decisiones empresariales con confianza.","breadcrumb":{"@id":"https:\/\/gojuteinternational.com\/es\/b2b-sustainability-faqs\/#breadcrumb"},"inLanguage":"es","potentialAction":[{"@type":"ReadAction","target":["https:\/\/gojuteinternational.com\/es\/b2b-sustainability-faqs\/"]}]},{"@type":"BreadcrumbList","@id":"https:\/\/gojuteinternational.com\/es\/b2b-sustainability-faqs\/#breadcrumb","itemListElement":[{"@type":"ListItem","position":1,"name":"Home","item":"https:\/\/gojuteinternational.com\/es\/"},{"@type":"ListItem","position":2,"name":"Preguntas frecuentes sobre sostenibilidad B2B"}]},{"@type":"WebSite","@id":"https:\/\/gojuteinternational.com\/es\/#website","url":"https:\/\/gojuteinternational.com\/es\/","name":"GoJute International","description":"Printed bags for business","publisher":{"@id":"https:\/\/gojuteinternational.com\/es\/#organization"},"alternateName":"GoJute","potentialAction":[{"@type":"SearchAction","target":{"@type":"EntryPoint","urlTemplate":"https:\/\/gojuteinternational.com\/es\/?s={search_term_string}"},"query-input":"required name=search_term_string"}],"inLanguage":"es"},{"@type":"Organization","@id":"https:\/\/gojuteinternational.com\/es\/#organization","name":"GoJute International","alternateName":"GoJute","url":"https:\/\/gojuteinternational.com\/es\/","logo":{"@type":"ImageObject","inLanguage":"es","@id":"https:\/\/gojuteinternational.com\/es\/#\/schema\/logo\/image\/","url":"https:\/\/gojuteinternational.com\/wp-content\/uploads\/2022\/06\/GoJute-Logo-RGB.png","contentUrl":"https:\/\/gojuteinternational.com\/wp-content\/uploads\/2022\/06\/GoJute-Logo-RGB.png","width":2000,"height":1809,"caption":"GoJute International"},"image":{"@id":"https:\/\/gojuteinternational.com\/es\/#\/schema\/logo\/image\/"},"sameAs":["https:\/\/www.facebook.com\/gojute","https:\/\/www.instagram.com\/gojute\/"]}]}},"_links":{"self":[{"href":"https:\/\/gojuteinternational.com\/es\/wp-json\/wp\/v2\/pages\/88796","targetHints":{"allow":["GET"]}}],"collection":[{"href":"https:\/\/gojuteinternational.com\/es\/wp-json\/wp\/v2\/pages"}],"about":[{"href":"https:\/\/gojuteinternational.com\/es\/wp-json\/wp\/v2\/types\/page"}],"author":[{"embeddable":true,"href":"https:\/\/gojuteinternational.com\/es\/wp-json\/wp\/v2\/users\/6996"}],"replies":[{"embeddable":true,"href":"https:\/\/gojuteinternational.com\/es\/wp-json\/wp\/v2\/comments?post=88796"}],"version-history":[{"count":4,"href":"https:\/\/gojuteinternational.com\/es\/wp-json\/wp\/v2\/pages\/88796\/revisions"}],"predecessor-version":[{"id":88938,"href":"https:\/\/gojuteinternational.com\/es\/wp-json\/wp\/v2\/pages\/88796\/revisions\/88938"}],"wp:attachment":[{"href":"https:\/\/gojuteinternational.com\/es\/wp-json\/wp\/v2\/media?parent=88796"}],"curies":[{"name":"wp","href":"https:\/\/api.w.org\/{rel}","templated":true}]}}