{"id":88822,"date":"2025-06-03T13:22:46","date_gmt":"2025-06-03T12:22:46","guid":{"rendered":"https:\/\/gojuteinternational.com\/how-to-dispose-recycle-jute-cotton-bags-responsibly\/"},"modified":"2025-06-05T14:12:46","modified_gmt":"2025-06-05T13:12:46","slug":"how-to-dispose-recycle-jute-cotton-bags-responsibly","status":"publish","type":"page","link":"https:\/\/gojuteinternational.com\/es\/how-to-dispose-recycle-jute-cotton-bags-responsibly\/","title":{"rendered":"C\u00f3mo eliminar y reciclar responsablemente las bolsas de yute y algod\u00f3n"},"content":{"rendered":"\t\t<div data-elementor-type=\"wp-page\" data-elementor-id=\"88822\" class=\"elementor elementor-88822 elementor-88820\" data-elementor-post-type=\"page\">\n\t\t\t\t\t\t\t\t\t<section class=\"elementor-section elementor-top-section elementor-element elementor-element-773f29b elementor-section-boxed elementor-section-height-default elementor-section-height-default\" data-id=\"773f29b\" data-element_type=\"section\">\n\t\t\t\t\t\t<div class=\"elementor-container elementor-column-gap-default\">\n\t\t\t\t\t<div class=\"elementor-column elementor-col-100 elementor-top-column elementor-element elementor-element-80d72f4\" data-id=\"80d72f4\" data-element_type=\"column\">\n\t\t\t<div class=\"elementor-widget-wrap elementor-element-populated\">\n\t\t\t\t\t\t\t\t<div class=\"elementor-element elementor-element-aa83141 elementor-widget elementor-widget-spacer\" data-id=\"aa83141\" data-element_type=\"widget\" data-widget_type=\"spacer.default\">\n\t\t\t\t<div class=\"elementor-widget-container\">\n\t\t\t<style>\/*! elementor - v3.18.0 - 20-12-2023 *\/\n.elementor-column .elementor-spacer-inner{height:var(--spacer-size)}.e-con{--container-widget-width:100%}.e-con-inner>.elementor-widget-spacer,.e-con>.elementor-widget-spacer{width:var(--container-widget-width,var(--spacer-size));--align-self:var(--container-widget-align-self,initial);--flex-shrink:0}.e-con-inner>.elementor-widget-spacer>.elementor-widget-container,.e-con>.elementor-widget-spacer>.elementor-widget-container{height:100%;width:100%}.e-con-inner>.elementor-widget-spacer>.elementor-widget-container>.elementor-spacer,.e-con>.elementor-widget-spacer>.elementor-widget-container>.elementor-spacer{height:100%}.e-con-inner>.elementor-widget-spacer>.elementor-widget-container>.elementor-spacer>.elementor-spacer-inner,.e-con>.elementor-widget-spacer>.elementor-widget-container>.elementor-spacer>.elementor-spacer-inner{height:var(--container-widget-height,var(--spacer-size))}.e-con-inner>.elementor-widget-spacer.elementor-widget-empty,.e-con>.elementor-widget-spacer.elementor-widget-empty{position:relative;min-height:22px;min-width:22px}.e-con-inner>.elementor-widget-spacer.elementor-widget-empty .elementor-widget-empty-icon,.e-con>.elementor-widget-spacer.elementor-widget-empty .elementor-widget-empty-icon{position:absolute;top:0;bottom:0;left:0;right:0;margin:auto;padding:0;width:22px;height:22px}<\/style>\t\t<div class=\"elementor-spacer\">\n\t\t\t<div class=\"elementor-spacer-inner\"><\/div>\n\t\t<\/div>\n\t\t\t\t<\/div>\n\t\t\t\t<\/div>\n\t\t\t\t\t<\/div>\n\t\t<\/div>\n\t\t\t\t\t\t\t<\/div>\n\t\t<\/section>\n\t\t\t\t<section class=\"elementor-section elementor-top-section elementor-element elementor-element-7882b6c elementor-section-boxed elementor-section-height-default elementor-section-height-default\" data-id=\"7882b6c\" data-element_type=\"section\">\n\t\t\t\t\t\t<div class=\"elementor-container elementor-column-gap-default\">\n\t\t\t\t\t<div class=\"elementor-column elementor-col-100 elementor-top-column elementor-element elementor-element-9edab8a\" data-id=\"9edab8a\" data-element_type=\"column\">\n\t\t\t<div class=\"elementor-widget-wrap elementor-element-populated\">\n\t\t\t\t\t\t\t\t<div class=\"elementor-element elementor-element-a0d95f6 elementor-widget elementor-widget-heading\" data-id=\"a0d95f6\" data-element_type=\"widget\" data-widget_type=\"heading.default\">\n\t\t\t\t<div class=\"elementor-widget-container\">\n\t\t\t<style>\/*! elementor - v3.18.0 - 20-12-2023 *\/\n.elementor-heading-title{padding:0;margin:0;line-height:1}.elementor-widget-heading .elementor-heading-title[class*=elementor-size-]>a{color:inherit;font-size:inherit;line-height:inherit}.elementor-widget-heading .elementor-heading-title.elementor-size-small{font-size:15px}.elementor-widget-heading .elementor-heading-title.elementor-size-medium{font-size:19px}.elementor-widget-heading .elementor-heading-title.elementor-size-large{font-size:29px}.elementor-widget-heading .elementor-heading-title.elementor-size-xl{font-size:39px}.elementor-widget-heading .elementor-heading-title.elementor-size-xxl{font-size:59px}<\/style><h1 class=\"elementor-heading-title elementor-size-default\">C\u00f3mo eliminar y reciclar responsablemente las bolsas de yute y algod\u00f3n\n<\/h1>\t\t<\/div>\n\t\t\t\t<\/div>\n\t\t\t\t<div class=\"elementor-element elementor-element-adf266a elementor-widget elementor-widget-text-editor\" data-id=\"adf266a\" data-element_type=\"widget\" data-widget_type=\"text-editor.default\">\n\t\t\t\t<div class=\"elementor-widget-container\">\n\t\t\t<style>\/*! elementor - v3.18.0 - 20-12-2023 *\/\n.elementor-widget-text-editor.elementor-drop-cap-view-stacked .elementor-drop-cap{background-color:#69727d;color:#fff}.elementor-widget-text-editor.elementor-drop-cap-view-framed .elementor-drop-cap{color:#69727d;border:3px solid;background-color:transparent}.elementor-widget-text-editor:not(.elementor-drop-cap-view-default) .elementor-drop-cap{margin-top:8px}.elementor-widget-text-editor:not(.elementor-drop-cap-view-default) .elementor-drop-cap-letter{width:1em;height:1em}.elementor-widget-text-editor .elementor-drop-cap{float:left;text-align:center;line-height:1;font-size:50px}.elementor-widget-text-editor .elementor-drop-cap-letter{display:inline-block}<\/style>\t\t\t\t<p><span style=\"font-weight: 400;\">Incluso las bolsas mejor hechas llegan al final de su vida \u00fatil. Cuando tu bolsa de yute o algod\u00f3n favorita se haya gastado, lo que hagas a continuaci\u00f3n puede suponer una gran diferencia para el medio ambiente. Al optar por la eliminaci\u00f3n responsable, el reciclaje o el upcycling, mantienes materiales valiosos en uso y fuera de los vertederos, cerrando el c\u00edrculo de la vida sostenible.  <\/span><\/p>\n<h2><span style=\"font-weight: 400;\">Bolsas de yute y algod\u00f3n para compostaje<\/span><\/h2>\n<p><span style=\"font-weight: 400;\">Una de las mayores ventajas medioambientales de las bolsas de fibras naturales es su capacidad para volver de forma segura a la tierra. Tanto el yute como el algod\u00f3n sin recubrimiento son totalmente   <\/span><b>biodegradables<\/b><span style=\"font-weight: 400;\"> y pueden compostarse en casa o en instalaciones industriales.<\/span><\/p>\n<ul>\n<li style=\"font-weight: 400;\" aria-level=\"1\"><b>Compostaje dom\u00e9stico:<\/b><span style=\"font-weight: 400;\"> Corta la bolsa en trozos m\u00e1s peque\u00f1os para acelerar la descomposici\u00f3n y m\u00e9zclala con tus residuos verdes habituales.<\/span><\/li>\n<li style=\"font-weight: 400;\" aria-level=\"1\"><b>Compostaje municipal:<\/b><span style=\"font-weight: 400;\"> Muchas instalaciones locales aceptan ahora textiles limpios y naturales; comprueba siempre las normas de tu zona.<\/span><\/li>\n<li style=\"font-weight: 400;\" aria-level=\"1\"><b>Elimina los extras:<\/b><span style=\"font-weight: 400;\"> Quita cualquier forro de pl\u00e1stico, cremallera o etiqueta sint\u00e9tica antes de compostar para evitar la contaminaci\u00f3n.<\/span><\/li>\n<\/ul>\n<p><span style=\"font-weight: 400;\">Al descomponerse, la bolsa libera nutrientes y mejora la salud del suelo sin dejar contaminaci\u00f3n micropl\u00e1stica.<\/span><\/p>\n<h2><span style=\"font-weight: 400;\">Opciones de reciclaje textil<\/span><\/h2>\n<p><span style=\"font-weight: 400;\">Si no es posible el compostaje, la mayor\u00eda de las ciudades ofrecen <\/span><b>reciclaje textil<\/b><span style=\"font-weight: 400;\"> textiles.<\/span><\/p>\n<ul>\n<li style=\"font-weight: 400;\" aria-level=\"1\"><span style=\"font-weight: 400;\">Deposita las bolsas de yute y algod\u00f3n limpias y secas en los contenedores de reciclaje textil o en los puntos de entrega.<\/span><\/li>\n<li style=\"font-weight: 400;\" aria-level=\"1\"><span style=\"font-weight: 400;\">Comprueba si tu ayuntamiento o centro de reciclaje acepta textiles para su reutilizaci\u00f3n o recuperaci\u00f3n de materiales.<\/span><\/li>\n<\/ul>\n<p><span style=\"font-weight: 400;\">Estas instalaciones pueden convertir las bolsas viejas en trapos industriales, aislantes o incluso nuevos productos, prolongando la vida de las fibras naturales y apoyando la econom\u00eda circular.<\/span><\/p>\n<h2><span style=\"font-weight: 400;\">Upcycling y Reutilizaci\u00f3n Creativa<\/span><\/h2>\n<p><span style=\"font-weight: 400;\">Antes de deshacerte de una bolsa, considera si puede servir para algo nuevo:<\/span><\/p>\n<ul>\n<li style=\"font-weight: 400;\" aria-level=\"1\"><b>Almacenamiento y organizaci\u00f3n:<\/b><span style=\"font-weight: 400;\"> Reutil\u00edzalo para guardar zapatos, juguetes o cosas de la despensa.<\/span><\/li>\n<li style=\"font-weight: 400;\" aria-level=\"1\"><b>Proyectos de manualidades:<\/b><span style=\"font-weight: 400;\"> Convierte la tela en fundas de coj\u00edn, banderines o portaplantas.<\/span><\/li>\n<li style=\"font-weight: 400;\" aria-level=\"1\"><b>Papel de regalo:<\/b><span style=\"font-weight: 400;\"> Utiliza partes de la bolsa como envoltorio reutilizable y de residuo cero para los regalos.<\/span><\/li>\n<\/ul>\n<p><span style=\"font-weight: 400;\">El upcycling es una forma divertida de prolongar la vida \u00fatil de la bolsa, reducir los residuos e inspirar la creatividad en casa o en el trabajo.<\/span><\/p>\n<h2><span style=\"font-weight: 400;\">Donaciones y programas comunitarios<\/span><\/h2>\n<p><span style=\"font-weight: 400;\">Si tu bolsa sigue siendo estructuralmente s\u00f3lida pero ya no la necesitas, la donaci\u00f3n es una opci\u00f3n excelente:<\/span><\/p>\n<ul>\n<li style=\"font-weight: 400;\" aria-level=\"1\"><span style=\"font-weight: 400;\">D\u00f3nalas a organizaciones ben\u00e9ficas locales, refugios o escuelas, donde siempre se agradecen las bolsas resistentes.<\/span><\/li>\n<li style=\"font-weight: 400;\" aria-level=\"1\"><span style=\"font-weight: 400;\">Busca eventos comunitarios de reparaci\u00f3n o intercambio donde las bolsas puedan encontrar nuevos hogares o ser reparadas para su uso posterior.<\/span><\/li>\n<\/ul>\n<p><span style=\"font-weight: 400;\">Mantener las bolsas en uso el mayor tiempo posible maximiza su beneficio medioambiental y reduce la necesidad de nuevos recursos.<\/span><\/p>\n<h2><span style=\"font-weight: 400;\">Elegir el residuo cero desde el principio<\/span><\/h2>\n<p><span style=\"font-weight: 400;\">Cuando compres bolsas nuevas, busca opciones con un m\u00ednimo de elementos sint\u00e9ticos -como asas totalmente naturales y sin forros de pl\u00e1stico- para que sean m\u00e1s f\u00e1ciles de compostar o reciclar en el futuro.<\/span><\/p>\n<h3><b>Contin\u00faa tu viaje ecol\u00f3gico<\/b><\/h3>\n<ul>\n<li style=\"font-weight: 400;\" aria-level=\"1\"><a href=\"https:\/\/gojuteinternational.com\/es\/how-to-make-your-jute-cotton-bags-last-longer\/\">Maximizar la reutilizaci\u00f3n y la longevidad<\/a><span style=\"font-weight: 400;\"><br \/><\/span><span style=\"font-weight: 400;\"> Encuentra consejos para aprovechar al m\u00e1ximo cada bolsa.<\/span><\/li>\n<li style=\"font-weight: 400;\" aria-level=\"1\"><a href=\"https:\/\/gojuteinternational.com\/es\/sustainable-gift-ideas\/\">Ideas de regalos y cestas sostenibles <\/a><span style=\"font-weight: 400;\"><br \/><\/span><span style=\"font-weight: 400;\"> Aprende formas creativas de reciclar o reutilizar bolsas usadas.<\/span><\/li>\n<li style=\"font-weight: 400;\" aria-level=\"1\"><a href=\"https:\/\/gojuteinternational.com\/es\/b2b-sustainability-faqs\/\">Preguntas frecuentes y mitos sobre sostenibilidad <\/a><span style=\"font-weight: 400;\"><br \/><\/span><span style=\"font-weight: 400;\"> Obt\u00e9n respuestas claras a todas tus preguntas sobre el fin de la vida \u00fatil y el reciclaje.<\/span><\/li>\n<\/ul>\n<h2>\u00bfNecesitas m\u00e1s orientaci\u00f3n sobre la eliminaci\u00f3n de bolsas ecol\u00f3gicas?<\/h2>\n<p><span style=\"font-weight: 400;\">Para obtener asesoramiento detallado o preguntar sobre las opciones locales de reciclaje,<\/span><span style=\"font-weight: 400;\"><br \/><\/span><a href=\"https:\/\/gojuteinternational.com\/es\/contacte-con-nosotros\/\"> <b>Ponte en contacto con nosotros<\/b><\/a><\/p>\n\t\t\t\t\t\t<\/div>\n\t\t\t\t<\/div>\n\t\t\t\t\t<\/div>\n\t\t<\/div>\n\t\t\t\t\t\t\t<\/div>\n\t\t<\/section>\n\t\t\t\t\t\t\t<\/div>\n\t\t","protected":false},"excerpt":{"rendered":"<p>C\u00f3mo eliminar y reciclar responsablemente las bolsas de yute y algod\u00f3n Incluso las bolsas mejor hechas llegan al final de su vida \u00fatil. Cuando tu bolsa de yute o algod\u00f3n favorita se haya gastado, lo que hagas a continuaci\u00f3n puede suponer una gran diferencia para el medio ambiente. Al optar por la eliminaci\u00f3n responsable, el [&hellip;]<\/p>\n","protected":false},"author":6996,"featured_media":0,"parent":0,"menu_order":0,"comment_status":"closed","ping_status":"closed","template":"elementor_header_footer","meta":{"content-type":"","_monsterinsights_skip_tracking":false,"_monsterinsights_sitenote_active":false,"_monsterinsights_sitenote_note":"","_monsterinsights_sitenote_category":0,"footnotes":""},"class_list":["post-88822","page","type-page","status-publish","hentry"],"yoast_head":"<!-- This site is optimized with the Yoast SEO plugin v21.7 - https:\/\/yoast.com\/wordpress\/plugins\/seo\/ -->\n<title>C\u00f3mo eliminar y reciclar responsablemente las bolsas de yute y algod\u00f3n<\/title>\n<meta name=\"description\" content=\"Aprende las mejores formas de reciclar, compostar o reutilizar tus bolsas de yute y algod\u00f3n. Descubre soluciones de fin de vida sin residuos para una vida verdaderamente sostenible.\" \/>\n<meta name=\"robots\" content=\"index, follow, max-snippet:-1, max-image-preview:large, max-video-preview:-1\" \/>\n<link rel=\"canonical\" href=\"https:\/\/gojuteinternational.com\/es\/how-to-dispose-recycle-jute-cotton-bags-responsibly\/\" \/>\n<meta property=\"og:locale\" content=\"es_ES\" \/>\n<meta property=\"og:type\" content=\"article\" \/>\n<meta property=\"og:title\" content=\"C\u00f3mo eliminar y reciclar responsablemente las bolsas de yute y algod\u00f3n\" \/>\n<meta property=\"og:description\" content=\"Aprende las mejores formas de reciclar, compostar o reutilizar tus bolsas de yute y algod\u00f3n. Descubre soluciones de fin de vida sin residuos para una vida verdaderamente sostenible.\" \/>\n<meta property=\"og:url\" content=\"https:\/\/gojuteinternational.com\/es\/how-to-dispose-recycle-jute-cotton-bags-responsibly\/\" \/>\n<meta property=\"og:site_name\" content=\"GoJute International\" \/>\n<meta property=\"article:publisher\" content=\"https:\/\/www.facebook.com\/gojute\" \/>\n<meta property=\"article:modified_time\" content=\"2025-06-05T13:12:46+00:00\" \/>\n<meta name=\"twitter:card\" content=\"summary_large_image\" \/>\n<meta name=\"twitter:label1\" content=\"Tiempo de lectura\" \/>\n\t<meta name=\"twitter:data1\" content=\"3 minutos\" \/>\n<script type=\"application\/ld+json\" class=\"yoast-schema-graph\">{\"@context\":\"https:\/\/schema.org\",\"@graph\":[{\"@type\":\"WebPage\",\"@id\":\"https:\/\/gojuteinternational.com\/es\/how-to-dispose-recycle-jute-cotton-bags-responsibly\/\",\"url\":\"https:\/\/gojuteinternational.com\/es\/how-to-dispose-recycle-jute-cotton-bags-responsibly\/\",\"name\":\"C\u00f3mo eliminar y reciclar responsablemente las bolsas de yute y algod\u00f3n\",\"isPartOf\":{\"@id\":\"https:\/\/gojuteinternational.com\/es\/#website\"},\"datePublished\":\"2025-06-03T12:22:46+00:00\",\"dateModified\":\"2025-06-05T13:12:46+00:00\",\"description\":\"Aprende las mejores formas de reciclar, compostar o reutilizar tus bolsas de yute y algod\u00f3n. Descubre soluciones de fin de vida sin residuos para una vida verdaderamente sostenible.\",\"breadcrumb\":{\"@id\":\"https:\/\/gojuteinternational.com\/es\/how-to-dispose-recycle-jute-cotton-bags-responsibly\/#breadcrumb\"},\"inLanguage\":\"es\",\"potentialAction\":[{\"@type\":\"ReadAction\",\"target\":[\"https:\/\/gojuteinternational.com\/es\/how-to-dispose-recycle-jute-cotton-bags-responsibly\/\"]}]},{\"@type\":\"BreadcrumbList\",\"@id\":\"https:\/\/gojuteinternational.com\/es\/how-to-dispose-recycle-jute-cotton-bags-responsibly\/#breadcrumb\",\"itemListElement\":[{\"@type\":\"ListItem\",\"position\":1,\"name\":\"Home\",\"item\":\"https:\/\/gojuteinternational.com\/es\/\"},{\"@type\":\"ListItem\",\"position\":2,\"name\":\"C\u00f3mo eliminar y reciclar responsablemente las bolsas de yute y algod\u00f3n\"}]},{\"@type\":\"WebSite\",\"@id\":\"https:\/\/gojuteinternational.com\/es\/#website\",\"url\":\"https:\/\/gojuteinternational.com\/es\/\",\"name\":\"GoJute International\",\"description\":\"Printed bags for business\",\"publisher\":{\"@id\":\"https:\/\/gojuteinternational.com\/es\/#organization\"},\"alternateName\":\"GoJute\",\"potentialAction\":[{\"@type\":\"SearchAction\",\"target\":{\"@type\":\"EntryPoint\",\"urlTemplate\":\"https:\/\/gojuteinternational.com\/es\/?s={search_term_string}\"},\"query-input\":\"required name=search_term_string\"}],\"inLanguage\":\"es\"},{\"@type\":\"Organization\",\"@id\":\"https:\/\/gojuteinternational.com\/es\/#organization\",\"name\":\"GoJute International\",\"alternateName\":\"GoJute\",\"url\":\"https:\/\/gojuteinternational.com\/es\/\",\"logo\":{\"@type\":\"ImageObject\",\"inLanguage\":\"es\",\"@id\":\"https:\/\/gojuteinternational.com\/es\/#\/schema\/logo\/image\/\",\"url\":\"https:\/\/gojuteinternational.com\/wp-content\/uploads\/2022\/06\/GoJute-Logo-RGB.png\",\"contentUrl\":\"https:\/\/gojuteinternational.com\/wp-content\/uploads\/2022\/06\/GoJute-Logo-RGB.png\",\"width\":2000,\"height\":1809,\"caption\":\"GoJute International\"},\"image\":{\"@id\":\"https:\/\/gojuteinternational.com\/es\/#\/schema\/logo\/image\/\"},\"sameAs\":[\"https:\/\/www.facebook.com\/gojute\",\"https:\/\/www.instagram.com\/gojute\/\"]}]}<\/script>\n<!-- \/ Yoast SEO plugin. -->","yoast_head_json":{"title":"C\u00f3mo eliminar y reciclar responsablemente las bolsas de yute y algod\u00f3n","description":"Aprende las mejores formas de reciclar, compostar o reutilizar tus bolsas de yute y algod\u00f3n. Descubre soluciones de fin de vida sin residuos para una vida verdaderamente sostenible.","robots":{"index":"index","follow":"follow","max-snippet":"max-snippet:-1","max-image-preview":"max-image-preview:large","max-video-preview":"max-video-preview:-1"},"canonical":"https:\/\/gojuteinternational.com\/es\/how-to-dispose-recycle-jute-cotton-bags-responsibly\/","og_locale":"es_ES","og_type":"article","og_title":"C\u00f3mo eliminar y reciclar responsablemente las bolsas de yute y algod\u00f3n","og_description":"Aprende las mejores formas de reciclar, compostar o reutilizar tus bolsas de yute y algod\u00f3n. Descubre soluciones de fin de vida sin residuos para una vida verdaderamente sostenible.","og_url":"https:\/\/gojuteinternational.com\/es\/how-to-dispose-recycle-jute-cotton-bags-responsibly\/","og_site_name":"GoJute International","article_publisher":"https:\/\/www.facebook.com\/gojute","article_modified_time":"2025-06-05T13:12:46+00:00","twitter_card":"summary_large_image","twitter_misc":{"Tiempo de lectura":"3 minutos"},"schema":{"@context":"https:\/\/schema.org","@graph":[{"@type":"WebPage","@id":"https:\/\/gojuteinternational.com\/es\/how-to-dispose-recycle-jute-cotton-bags-responsibly\/","url":"https:\/\/gojuteinternational.com\/es\/how-to-dispose-recycle-jute-cotton-bags-responsibly\/","name":"C\u00f3mo eliminar y reciclar responsablemente las bolsas de yute y algod\u00f3n","isPartOf":{"@id":"https:\/\/gojuteinternational.com\/es\/#website"},"datePublished":"2025-06-03T12:22:46+00:00","dateModified":"2025-06-05T13:12:46+00:00","description":"Aprende las mejores formas de reciclar, compostar o reutilizar tus bolsas de yute y algod\u00f3n. Descubre soluciones de fin de vida sin residuos para una vida verdaderamente sostenible.","breadcrumb":{"@id":"https:\/\/gojuteinternational.com\/es\/how-to-dispose-recycle-jute-cotton-bags-responsibly\/#breadcrumb"},"inLanguage":"es","potentialAction":[{"@type":"ReadAction","target":["https:\/\/gojuteinternational.com\/es\/how-to-dispose-recycle-jute-cotton-bags-responsibly\/"]}]},{"@type":"BreadcrumbList","@id":"https:\/\/gojuteinternational.com\/es\/how-to-dispose-recycle-jute-cotton-bags-responsibly\/#breadcrumb","itemListElement":[{"@type":"ListItem","position":1,"name":"Home","item":"https:\/\/gojuteinternational.com\/es\/"},{"@type":"ListItem","position":2,"name":"C\u00f3mo eliminar y reciclar responsablemente las bolsas de yute y algod\u00f3n"}]},{"@type":"WebSite","@id":"https:\/\/gojuteinternational.com\/es\/#website","url":"https:\/\/gojuteinternational.com\/es\/","name":"GoJute International","description":"Printed bags for business","publisher":{"@id":"https:\/\/gojuteinternational.com\/es\/#organization"},"alternateName":"GoJute","potentialAction":[{"@type":"SearchAction","target":{"@type":"EntryPoint","urlTemplate":"https:\/\/gojuteinternational.com\/es\/?s={search_term_string}"},"query-input":"required name=search_term_string"}],"inLanguage":"es"},{"@type":"Organization","@id":"https:\/\/gojuteinternational.com\/es\/#organization","name":"GoJute International","alternateName":"GoJute","url":"https:\/\/gojuteinternational.com\/es\/","logo":{"@type":"ImageObject","inLanguage":"es","@id":"https:\/\/gojuteinternational.com\/es\/#\/schema\/logo\/image\/","url":"https:\/\/gojuteinternational.com\/wp-content\/uploads\/2022\/06\/GoJute-Logo-RGB.png","contentUrl":"https:\/\/gojuteinternational.com\/wp-content\/uploads\/2022\/06\/GoJute-Logo-RGB.png","width":2000,"height":1809,"caption":"GoJute International"},"image":{"@id":"https:\/\/gojuteinternational.com\/es\/#\/schema\/logo\/image\/"},"sameAs":["https:\/\/www.facebook.com\/gojute","https:\/\/www.instagram.com\/gojute\/"]}]}},"_links":{"self":[{"href":"https:\/\/gojuteinternational.com\/es\/wp-json\/wp\/v2\/pages\/88822","targetHints":{"allow":["GET"]}}],"collection":[{"href":"https:\/\/gojuteinternational.com\/es\/wp-json\/wp\/v2\/pages"}],"about":[{"href":"https:\/\/gojuteinternational.com\/es\/wp-json\/wp\/v2\/types\/page"}],"author":[{"embeddable":true,"href":"https:\/\/gojuteinternational.com\/es\/wp-json\/wp\/v2\/users\/6996"}],"replies":[{"embeddable":true,"href":"https:\/\/gojuteinternational.com\/es\/wp-json\/wp\/v2\/comments?post=88822"}],"version-history":[{"count":5,"href":"https:\/\/gojuteinternational.com\/es\/wp-json\/wp\/v2\/pages\/88822\/revisions"}],"predecessor-version":[{"id":88943,"href":"https:\/\/gojuteinternational.com\/es\/wp-json\/wp\/v2\/pages\/88822\/revisions\/88943"}],"wp:attachment":[{"href":"https:\/\/gojuteinternational.com\/es\/wp-json\/wp\/v2\/media?parent=88822"}],"curies":[{"name":"wp","href":"https:\/\/api.w.org\/{rel}","templated":true}]}}