{"id":89313,"date":"2025-07-02T13:52:13","date_gmt":"2025-07-02T12:52:13","guid":{"rendered":"https:\/\/gojuteinternational.com\/children\/"},"modified":"2025-07-08T10:33:20","modified_gmt":"2025-07-08T09:33:20","slug":"children","status":"publish","type":"page","link":"https:\/\/gojuteinternational.com\/es\/b2b-bags-for-personas\/children\/","title":{"rendered":"Bolsas de yute y algod\u00f3n para ni\u00f1os"},"content":{"rendered":"\t\t<div data-elementor-type=\"wp-page\" data-elementor-id=\"89313\" class=\"elementor elementor-89313 elementor-89311\" data-elementor-post-type=\"page\">\n\t\t\t\t\t\t\t\t\t<section class=\"elementor-section elementor-top-section elementor-element elementor-element-6bf49c0 elementor-section-boxed elementor-section-height-default elementor-section-height-default\" data-id=\"6bf49c0\" data-element_type=\"section\">\n\t\t\t\t\t\t<div class=\"elementor-container elementor-column-gap-default\">\n\t\t\t\t\t<div class=\"elementor-column elementor-col-100 elementor-top-column elementor-element elementor-element-c15f0c6\" data-id=\"c15f0c6\" data-element_type=\"column\">\n\t\t\t<div class=\"elementor-widget-wrap elementor-element-populated\">\n\t\t\t\t\t\t\t\t<div class=\"elementor-element elementor-element-3dfaecf elementor-widget elementor-widget-spacer\" data-id=\"3dfaecf\" data-element_type=\"widget\" data-widget_type=\"spacer.default\">\n\t\t\t\t<div class=\"elementor-widget-container\">\n\t\t\t<style>\/*! elementor - v3.18.0 - 20-12-2023 *\/\n.elementor-column .elementor-spacer-inner{height:var(--spacer-size)}.e-con{--container-widget-width:100%}.e-con-inner>.elementor-widget-spacer,.e-con>.elementor-widget-spacer{width:var(--container-widget-width,var(--spacer-size));--align-self:var(--container-widget-align-self,initial);--flex-shrink:0}.e-con-inner>.elementor-widget-spacer>.elementor-widget-container,.e-con>.elementor-widget-spacer>.elementor-widget-container{height:100%;width:100%}.e-con-inner>.elementor-widget-spacer>.elementor-widget-container>.elementor-spacer,.e-con>.elementor-widget-spacer>.elementor-widget-container>.elementor-spacer{height:100%}.e-con-inner>.elementor-widget-spacer>.elementor-widget-container>.elementor-spacer>.elementor-spacer-inner,.e-con>.elementor-widget-spacer>.elementor-widget-container>.elementor-spacer>.elementor-spacer-inner{height:var(--container-widget-height,var(--spacer-size))}.e-con-inner>.elementor-widget-spacer.elementor-widget-empty,.e-con>.elementor-widget-spacer.elementor-widget-empty{position:relative;min-height:22px;min-width:22px}.e-con-inner>.elementor-widget-spacer.elementor-widget-empty .elementor-widget-empty-icon,.e-con>.elementor-widget-spacer.elementor-widget-empty .elementor-widget-empty-icon{position:absolute;top:0;bottom:0;left:0;right:0;margin:auto;padding:0;width:22px;height:22px}<\/style>\t\t<div class=\"elementor-spacer\">\n\t\t\t<div class=\"elementor-spacer-inner\"><\/div>\n\t\t<\/div>\n\t\t\t\t<\/div>\n\t\t\t\t<\/div>\n\t\t\t\t<div class=\"elementor-element elementor-element-8d6cdf8 elementor-widget elementor-widget-heading\" data-id=\"8d6cdf8\" data-element_type=\"widget\" data-widget_type=\"heading.default\">\n\t\t\t\t<div class=\"elementor-widget-container\">\n\t\t\t<style>\/*! elementor - v3.18.0 - 20-12-2023 *\/\n.elementor-heading-title{padding:0;margin:0;line-height:1}.elementor-widget-heading .elementor-heading-title[class*=elementor-size-]>a{color:inherit;font-size:inherit;line-height:inherit}.elementor-widget-heading .elementor-heading-title.elementor-size-small{font-size:15px}.elementor-widget-heading .elementor-heading-title.elementor-size-medium{font-size:19px}.elementor-widget-heading .elementor-heading-title.elementor-size-large{font-size:29px}.elementor-widget-heading .elementor-heading-title.elementor-size-xl{font-size:39px}.elementor-widget-heading .elementor-heading-title.elementor-size-xxl{font-size:59px}<\/style><h1 class=\"elementor-heading-title elementor-size-default\">Bolsas de Yute y Algod\u00f3n para Ni\u00f1os: Productos promocionales ecol\u00f3gicos\n<\/h1>\t\t<\/div>\n\t\t\t\t<\/div>\n\t\t\t\t<div class=\"elementor-element elementor-element-3bf9aa4 elementor-widget elementor-widget-text-editor\" data-id=\"3bf9aa4\" data-element_type=\"widget\" data-widget_type=\"text-editor.default\">\n\t\t\t\t<div class=\"elementor-widget-container\">\n\t\t\t<style>\/*! elementor - v3.18.0 - 20-12-2023 *\/\n.elementor-widget-text-editor.elementor-drop-cap-view-stacked .elementor-drop-cap{background-color:#69727d;color:#fff}.elementor-widget-text-editor.elementor-drop-cap-view-framed .elementor-drop-cap{color:#69727d;border:3px solid;background-color:transparent}.elementor-widget-text-editor:not(.elementor-drop-cap-view-default) .elementor-drop-cap{margin-top:8px}.elementor-widget-text-editor:not(.elementor-drop-cap-view-default) .elementor-drop-cap-letter{width:1em;height:1em}.elementor-widget-text-editor .elementor-drop-cap{float:left;text-align:center;line-height:1;font-size:50px}.elementor-widget-text-editor .elementor-drop-cap-letter{display:inline-block}<\/style>\t\t\t\t<p><span style=\"font-weight: 400;\">Las bolsas de yute y algod\u00f3n dise\u00f1adas para ni\u00f1os ofrecen una mezcla perfecta de <\/span><b>funcionalidad, seguridad<\/b><span style=\"font-weight: 400;\">y <\/span><b>promoci\u00f3n de marca<\/b><span style=\"font-weight: 400;\">  para empresas. Tanto si quieres promocionar un evento escolar, un regalo de empresa para familias o productos infantiles ecol\u00f3gicos, estas bolsas duraderas y sostenibles son una forma \u00fanica de captar clientes. Utilizando estas bolsas como    <\/span><b>art\u00edculos promocionales de marca<\/b><span style=\"font-weight: 400;\">tu empresa puede aumentar su visibilidad al tiempo que se alinea con los valores ecoconscientes que resuenan entre los consumidores modernos.<\/span><\/p>\n<p><span style=\"font-weight: 400;\">Explora c\u00f3mo <\/span><b>bolsas de yute y algod\u00f3n para ni\u00f1os<\/b><span style=\"font-weight: 400;\"> pueden ayudar a tu empresa a generar confianza, visibilidad y fidelidad de los clientes a largo plazo.<\/span><\/p>\n<h2>Por qu\u00e9 las bolsas de yute y algod\u00f3n para ni\u00f1os son la elecci\u00f3n perfecta para el B2B<\/h2>\n<p><span style=\"font-weight: 400;\">Los productos infantiles requieren una cuidadosa consideraci\u00f3n de la seguridad, la facilidad de uso y el dise\u00f1o. Las bolsas de yute y algod\u00f3n son naturales, no t\u00f3xicas y duraderas, lo que las convierte en una soluci\u00f3n ideal para los empresarios que desean crear un producto ecol\u00f3gico y funcional para el p\u00fablico m\u00e1s joven. <\/span><\/p>\n<ul>\n<li style=\"font-weight: 400;\" aria-level=\"1\"><b>Materiales sostenibles<\/b><span style=\"font-weight: 400;\">: El yute y el algod\u00f3n son renovables y biodegradables, lo que hace que estas bolsas sean respetuosas con el medio ambiente y muy adecuadas para las marcas centradas en la sostenibilidad.<\/span><span style=\"font-weight: 400;\">\n<p><\/span><\/li>\n<li style=\"font-weight: 400;\" aria-level=\"1\"><b>Dise\u00f1os personalizables<\/b><span style=\"font-weight: 400;\">: Estas bolsas pueden imprimirse con colores vivos, dise\u00f1os divertidos o tu logotipo, lo que las hace perfectas para <\/span><b>campa\u00f1as promocionales<\/b><span style=\"font-weight: 400;\"> o como obsequio en eventos infantiles.<\/span><span style=\"font-weight: 400;\">\n<p><\/span><\/li>\n<li style=\"font-weight: 400;\" aria-level=\"1\"><b>Duradero y seguro<\/b><span style=\"font-weight: 400;\">: Son lo bastante resistentes para transportar los objetos esenciales de los ni\u00f1os, como libros, bocadillos y juguetes, y lo bastante blandas para que las manos de los m\u00e1s peque\u00f1os puedan manejarlas con facilidad.<\/span><\/li>\n<\/ul>\n<h2>C\u00f3mo pueden utilizar las empresas las bolsas de yute y algod\u00f3n para ni\u00f1os<\/h2>\n<p><span style=\"font-weight: 400;\">Las empresas de diversos sectores pueden aprovechar <\/span><b>bolsas de yute y algod\u00f3n<\/b><span style=\"font-weight: 400;\"> para <\/span><b>marketing B2B<\/b><span style=\"font-weight: 400;\">, el compromiso de los clientes y las iniciativas de RSC. He aqu\u00ed algunas formas en que estas bolsas pueden beneficiar a tu empresa: <\/span><\/p>\n<h3>Eventos escolares y regalos<\/h3>\n<p><span style=\"font-weight: 400;\">Las bolsas de yute o algod\u00f3n personalizadas para eventos escolares, promociones de vuelta al cole o regalos educativos pueden ayudar a crear reconocimiento de marca. Tanto si se trata de una   <\/span><b>paquete de regalo del primer d\u00eda de colegio<\/b><span style=\"font-weight: 400;\"> o una <\/span><b>bolsa para eventos comunitarios<\/b><span style=\"font-weight: 400;\">a los ni\u00f1os les encanta recibir art\u00edculos divertidos, \u00fatiles y de marca.<\/span><\/p>\n<ul>\n<li style=\"font-weight: 400;\" aria-level=\"1\"><b>Visi\u00f3n B2B<\/b><span style=\"font-weight: 400;\">: Escuelas, <\/span><b>marcas de educaci\u00f3n<\/b><span style=\"font-weight: 400;\">y las empresas dirigidas a familias j\u00f3venes pueden pedir estas bolsas ecol\u00f3gicas a granel. <\/span><b>a granel<\/b><span style=\"font-weight: 400;\"> para distribuirlas durante la temporada escolar, ferias locales o conferencias educativas.<\/span><span style=\"font-weight: 400;\">\n<p><\/span><\/li>\n<\/ul>\n<h3>Regalos de empresa para familias<\/h3>\n<p><span style=\"font-weight: 400;\">Muchas empresas quieren mostrar su agradecimiento a sus clientes, clientes o empleados con <\/span><b>regalos de empresa<\/b><span style=\"font-weight: 400;\"> que sean a la vez atentos y pr\u00e1cticos. <\/span><b>Bolsas de yute y algod\u00f3n de marca para ni\u00f1os<\/b><span style=\"font-weight: 400;\">  son regalos perfectos para las familias. Tanto si se utilizan para   <\/span><b>salidas familiares, d\u00edas de playa<\/b><span style=\"font-weight: 400;\">o los recados cotidianos, estas bolsas recuerdan tu marca cada vez que se usan.<\/span><\/p>\n<ul>\n<li style=\"font-weight: 400;\" aria-level=\"1\"><b>Visi\u00f3n B2B<\/b><span style=\"font-weight: 400;\">: <\/span><b>Los departamentos de RRHH<\/b><span style=\"font-weight: 400;\"> pueden utilizar estas bolsas para <\/span><b>kits de bienvenida para empleados<\/b><span style=\"font-weight: 400;\">o las marcas centradas en productos familiares pueden crear <\/span><b>bolsas personalizadas<\/b><span style=\"font-weight: 400;\"> para promociones especiales.<\/span><span style=\"font-weight: 400;\">\n<p><\/span><\/li>\n<\/ul>\n<h3>Promoci\u00f3n de marca ecol\u00f3gica para empresas familiares<\/h3>\n<p><span style=\"font-weight: 400;\">Para empresas centradas en productos ecol\u00f3gicos, <\/span><b>las bolsas de yute y algod\u00f3n para ni\u00f1os<\/b><span style=\"font-weight: 400;\"> se ajustan perfectamente a su <\/span><b>identidad corporativa<\/b><span style=\"font-weight: 400;\">. Tanto si vendes  <\/span><b>ropa infantil, juguetes<\/b><span style=\"font-weight: 400;\">o <\/span><b>herramientas educativas<\/b><span style=\"font-weight: 400;\">Al ofrecer estas bolsas como parte de tu l\u00ednea de productos o de una promoci\u00f3n en la tienda, no s\u00f3lo promocionas tu marca, sino que tambi\u00e9n demuestras tu compromiso con la sostenibilidad.<\/span><\/p>\n<ul>\n<li style=\"font-weight: 400;\" aria-level=\"1\"><b>Visi\u00f3n B2B<\/b><span style=\"font-weight: 400;\">: Minoristas, marcas con conciencia ecol\u00f3gica y <\/span><b>empresas ecol\u00f3gicas<\/b><span style=\"font-weight: 400;\"> pueden ofrecer estas bolsas como <\/span><b>incentivos<\/b><span style=\"font-weight: 400;\">, <\/span><b>regalos de fidelidad<\/b><span style=\"font-weight: 400;\">o <\/span><b>mercanc\u00eda de edici\u00f3n limitada<\/b><span style=\"font-weight: 400;\">.<\/span><span style=\"font-weight: 400;\">\n<p><\/span><\/li>\n<\/ul>\n<h3>Promociones para eventos y fiestas<\/h3>\n<p><span style=\"font-weight: 400;\">Ya sea un <\/span><b>regalo de Navidad<\/b><span style=\"font-weight: 400;\">, a <\/span><b>campamento de verano<\/b><span style=\"font-weight: 400;\">o un <\/span><b>evento promocional de tem\u00e1tica navide\u00f1a<\/b><span style=\"font-weight: 400;\">de marca <\/span><b>bolsas de yute y algod\u00f3n para ni\u00f1os<\/b><span style=\"font-weight: 400;\">  pueden llevar tu marca mucho m\u00e1s all\u00e1 del evento. Los ni\u00f1os mostrar\u00e1n con orgullo sus divertidas bolsas personalizadas, dando visibilidad a tu marca all\u00e1 donde vayan. <\/span><\/p>\n<ul>\n<li style=\"font-weight: 400;\" aria-level=\"1\"><b>Visi\u00f3n B2B<\/b><span style=\"font-weight: 400;\">: Eventos para <\/span><b>organizaciones ben\u00e9ficas para ni\u00f1os<\/b><span style=\"font-weight: 400;\">, <\/span><b>festivales familiares<\/b><span style=\"font-weight: 400;\">o <\/span><b>campa\u00f1as ben\u00e9ficas de empresas<\/b><span style=\"font-weight: 400;\"> pueden utilizar estas bolsas para <\/span><b>sensibilizar<\/b><span style=\"font-weight: 400;\"> y crear un impacto duradero.<\/span><\/li>\n<\/ul>\n<h2>Pedidos masivos y opciones de personalizaci\u00f3n para empresas B2B<\/h2>\n<p><span style=\"font-weight: 400;\">Cuando se trata de <\/span><b>pedidos B2B<\/b><span style=\"font-weight: 400;\">, <\/span><b>compras al por mayor<\/b><span style=\"font-weight: 400;\">  es una soluci\u00f3n eficaz y rentable. Las bolsas personalizadas de yute y algod\u00f3n para ni\u00f1os vienen en varios tama\u00f1os, estilos y dise\u00f1os, ofreciendo a las empresas la flexibilidad de crear el producto promocional perfecto para su p\u00fablico.  Las opciones de personalizaci\u00f3n incluyen:<\/span><\/p>\n<ul>\n<li style=\"font-weight: 400;\" aria-level=\"1\"><b>Impresiones personalizadas<\/b><span style=\"font-weight: 400;\">: A\u00f1ade tu logotipo, un dise\u00f1o divertido o un tema estacional para crear una bolsa que represente tu marca.<\/span><span style=\"font-weight: 400;\">\n<p><\/span><\/li>\n<li style=\"font-weight: 400;\" aria-level=\"1\"><b>Estilos diferentes<\/b><span style=\"font-weight: 400;\">: Desde <\/span><b>bolsas con cord\u00f3n<\/b><span style=\"font-weight: 400;\"> a <\/span><b>bolsas grandes<\/b><span style=\"font-weight: 400;\">hay una gran variedad de opciones para satisfacer tus necesidades.<\/span><span style=\"font-weight: 400;\">\n<p><\/span><\/li>\n<li style=\"font-weight: 400;\" aria-level=\"1\"><b>Opciones ecol\u00f3gicas<\/b><span style=\"font-weight: 400;\">: Todos los materiales utilizados son respetuosos con el medio ambiente, lo que hace que estas bolsas sean perfectas para las empresas comprometidas con el <\/span><b>marketing ecol\u00f3gico<\/b><span style=\"font-weight: 400;\"> y <\/span><b>iniciativas de RSC<\/b><span style=\"font-weight: 400;\">.<\/span><\/li>\n<\/ul>\n<p><b>Visi\u00f3n B2B<\/b><span style=\"font-weight: 400;\">: Los pedidos masivos permiten a las empresas ampliar sus esfuerzos de marketing de forma eficaz, ya sea para la venta al por menor, eventos o regalos de empresa.<\/span><\/p>\n<h2>Las ventajas comerciales a largo plazo de las bolsas de yute y algod\u00f3n para ni\u00f1os<\/h2>\n<p><span style=\"font-weight: 400;\">Utilizando <\/span><b>bolsas de yute y algod\u00f3n<\/b><span style=\"font-weight: 400;\"> para ni\u00f1os no s\u00f3lo da a tu marca una visibilidad inmediata, sino que tambi\u00e9n proporciona <\/span><b>beneficios de marketing a largo plazo<\/b><span style=\"font-weight: 400;\">:<\/span><\/p>\n<ol>\n<li style=\"font-weight: 400;\" aria-level=\"1\"><b>Retirada de marcas<\/b><span style=\"font-weight: 400;\">: Estas bolsas se utilizan repetidamente, manteniendo tu marca visible y en primer plano.<\/span><span style=\"font-weight: 400;\">\n<p><\/span><\/li>\n<li style=\"font-weight: 400;\" aria-level=\"1\"><b>Imagen de marca positiva<\/b><span style=\"font-weight: 400;\">: Promover la sostenibilidad mediante bolsas ecol\u00f3gicas mejora la reputaci\u00f3n de tu empresa y fideliza a tus clientes.<\/span><span style=\"font-weight: 400;\">\n<p><\/span><\/li>\n<li style=\"font-weight: 400;\" aria-level=\"1\"><b>Conexi\u00f3n Consumidor Ecoconsciente<\/b><span style=\"font-weight: 400;\">: Cada vez m\u00e1s clientes buscan empresas que se alineen con sus valores, y que ofrezcan <\/span><b>opciones sostenibles<\/b><span style=\"font-weight: 400;\"> puede hacer que tu marca sea m\u00e1s atractiva para la creciente <\/span><b>base de consumidores ecoconscientes<\/b><span style=\"font-weight: 400;\">.<\/span><\/li>\n<\/ol>\n<h2>\u00bfListo para pedir bolsas de yute y algod\u00f3n personalizadas para ni\u00f1os?<\/h2>\n<p><b>Bolsas de yute y algod\u00f3n para ni\u00f1os<\/b><span style=\"font-weight: 400;\">  ofrecen un equilibrio perfecto entre sostenibilidad, practicidad y potencial de marca. Tanto si buscas productos promocionales para un evento como regalos de empresa para familias, ofrecemos pedidos al por mayor y opciones de personalizaci\u00f3n para ayudar a empresas de todos los tama\u00f1os a promocionar su marca de forma ecol\u00f3gica. <\/span><\/p>\n<p><a href=\"https:\/\/gojuteinternational.com\/es\/contacte-con-nosotros\/\"><b>Contacte con nosotros<\/b><\/a><\/p>\n\t\t\t\t\t\t<\/div>\n\t\t\t\t<\/div>\n\t\t\t\t\t<\/div>\n\t\t<\/div>\n\t\t\t\t\t\t\t<\/div>\n\t\t<\/section>\n\t\t\t\t\t\t\t<\/div>\n\t\t","protected":false},"excerpt":{"rendered":"<p>Bolsas de Yute y Algod\u00f3n para Ni\u00f1os: Productos promocionales ecol\u00f3gicos Las bolsas de yute y algod\u00f3n dise\u00f1adas para ni\u00f1os ofrecen una mezcla perfecta de funcionalidad, seguridady promoci\u00f3n de marca para empresas. Tanto si quieres promocionar un evento escolar, un regalo de empresa para familias o productos infantiles ecol\u00f3gicos, estas bolsas duraderas y sostenibles son una [&hellip;]<\/p>\n","protected":false},"author":6996,"featured_media":0,"parent":89152,"menu_order":0,"comment_status":"closed","ping_status":"closed","template":"elementor_header_footer","meta":{"content-type":"","_monsterinsights_skip_tracking":false,"_monsterinsights_sitenote_active":false,"_monsterinsights_sitenote_note":"","_monsterinsights_sitenote_category":0,"footnotes":""},"class_list":["post-89313","page","type-page","status-publish","hentry"],"yoast_head":"<!-- This site is optimized with the Yoast SEO plugin v21.7 - https:\/\/yoast.com\/wordpress\/plugins\/seo\/ -->\n<title>Bolsas de Yute y Algod\u00f3n para Ni\u00f1os: Productos promocionales ecol\u00f3gicos<\/title>\n<meta name=\"description\" content=\"Descubre c\u00f3mo pueden utilizar las empresas las bolsas de yute y algod\u00f3n para ni\u00f1os. Perfectas para regalos de empresa, actos escolares y para promocionar tu marca de forma sostenible.\" \/>\n<meta name=\"robots\" content=\"index, follow, max-snippet:-1, max-image-preview:large, max-video-preview:-1\" \/>\n<link rel=\"canonical\" href=\"https:\/\/gojuteinternational.com\/es\/b2b-bags-for-personas\/children\/\" \/>\n<meta property=\"og:locale\" content=\"es_ES\" \/>\n<meta property=\"og:type\" content=\"article\" \/>\n<meta property=\"og:title\" content=\"Bolsas de Yute y Algod\u00f3n para Ni\u00f1os: Productos promocionales ecol\u00f3gicos\" \/>\n<meta property=\"og:description\" content=\"Descubre c\u00f3mo pueden utilizar las empresas las bolsas de yute y algod\u00f3n para ni\u00f1os. Perfectas para regalos de empresa, actos escolares y para promocionar tu marca de forma sostenible.\" \/>\n<meta property=\"og:url\" content=\"https:\/\/gojuteinternational.com\/es\/b2b-bags-for-personas\/children\/\" \/>\n<meta property=\"og:site_name\" content=\"GoJute International\" \/>\n<meta property=\"article:publisher\" content=\"https:\/\/www.facebook.com\/gojute\" \/>\n<meta property=\"article:modified_time\" content=\"2025-07-08T09:33:20+00:00\" \/>\n<meta name=\"twitter:card\" content=\"summary_large_image\" \/>\n<meta name=\"twitter:label1\" content=\"Tiempo de lectura\" \/>\n\t<meta name=\"twitter:data1\" content=\"6 minutos\" \/>\n<script type=\"application\/ld+json\" class=\"yoast-schema-graph\">{\"@context\":\"https:\/\/schema.org\",\"@graph\":[{\"@type\":\"WebPage\",\"@id\":\"https:\/\/gojuteinternational.com\/es\/b2b-bags-for-personas\/children\/\",\"url\":\"https:\/\/gojuteinternational.com\/es\/b2b-bags-for-personas\/children\/\",\"name\":\"Bolsas de Yute y Algod\u00f3n para Ni\u00f1os: Productos promocionales ecol\u00f3gicos\",\"isPartOf\":{\"@id\":\"https:\/\/gojuteinternational.com\/es\/#website\"},\"datePublished\":\"2025-07-02T12:52:13+00:00\",\"dateModified\":\"2025-07-08T09:33:20+00:00\",\"description\":\"Descubre c\u00f3mo pueden utilizar las empresas las bolsas de yute y algod\u00f3n para ni\u00f1os. Perfectas para regalos de empresa, actos escolares y para promocionar tu marca de forma sostenible.\",\"breadcrumb\":{\"@id\":\"https:\/\/gojuteinternational.com\/es\/b2b-bags-for-personas\/children\/#breadcrumb\"},\"inLanguage\":\"es\",\"potentialAction\":[{\"@type\":\"ReadAction\",\"target\":[\"https:\/\/gojuteinternational.com\/es\/b2b-bags-for-personas\/children\/\"]}]},{\"@type\":\"BreadcrumbList\",\"@id\":\"https:\/\/gojuteinternational.com\/es\/b2b-bags-for-personas\/children\/#breadcrumb\",\"itemListElement\":[{\"@type\":\"ListItem\",\"position\":1,\"name\":\"Home\",\"item\":\"https:\/\/gojuteinternational.com\/es\/\"},{\"@type\":\"ListItem\",\"position\":2,\"name\":\"Bolsas de yute y algod\u00f3n para ni\u00f1os\"}]},{\"@type\":\"WebSite\",\"@id\":\"https:\/\/gojuteinternational.com\/es\/#website\",\"url\":\"https:\/\/gojuteinternational.com\/es\/\",\"name\":\"GoJute International\",\"description\":\"Printed bags for business\",\"publisher\":{\"@id\":\"https:\/\/gojuteinternational.com\/es\/#organization\"},\"alternateName\":\"GoJute\",\"potentialAction\":[{\"@type\":\"SearchAction\",\"target\":{\"@type\":\"EntryPoint\",\"urlTemplate\":\"https:\/\/gojuteinternational.com\/es\/?s={search_term_string}\"},\"query-input\":\"required name=search_term_string\"}],\"inLanguage\":\"es\"},{\"@type\":\"Organization\",\"@id\":\"https:\/\/gojuteinternational.com\/es\/#organization\",\"name\":\"GoJute International\",\"alternateName\":\"GoJute\",\"url\":\"https:\/\/gojuteinternational.com\/es\/\",\"logo\":{\"@type\":\"ImageObject\",\"inLanguage\":\"es\",\"@id\":\"https:\/\/gojuteinternational.com\/es\/#\/schema\/logo\/image\/\",\"url\":\"https:\/\/gojuteinternational.com\/wp-content\/uploads\/2022\/06\/GoJute-Logo-RGB.png\",\"contentUrl\":\"https:\/\/gojuteinternational.com\/wp-content\/uploads\/2022\/06\/GoJute-Logo-RGB.png\",\"width\":2000,\"height\":1809,\"caption\":\"GoJute International\"},\"image\":{\"@id\":\"https:\/\/gojuteinternational.com\/es\/#\/schema\/logo\/image\/\"},\"sameAs\":[\"https:\/\/www.facebook.com\/gojute\",\"https:\/\/www.instagram.com\/gojute\/\"]}]}<\/script>\n<!-- \/ Yoast SEO plugin. -->","yoast_head_json":{"title":"Bolsas de Yute y Algod\u00f3n para Ni\u00f1os: Productos promocionales ecol\u00f3gicos","description":"Descubre c\u00f3mo pueden utilizar las empresas las bolsas de yute y algod\u00f3n para ni\u00f1os. Perfectas para regalos de empresa, actos escolares y para promocionar tu marca de forma sostenible.","robots":{"index":"index","follow":"follow","max-snippet":"max-snippet:-1","max-image-preview":"max-image-preview:large","max-video-preview":"max-video-preview:-1"},"canonical":"https:\/\/gojuteinternational.com\/es\/b2b-bags-for-personas\/children\/","og_locale":"es_ES","og_type":"article","og_title":"Bolsas de Yute y Algod\u00f3n para Ni\u00f1os: Productos promocionales ecol\u00f3gicos","og_description":"Descubre c\u00f3mo pueden utilizar las empresas las bolsas de yute y algod\u00f3n para ni\u00f1os. Perfectas para regalos de empresa, actos escolares y para promocionar tu marca de forma sostenible.","og_url":"https:\/\/gojuteinternational.com\/es\/b2b-bags-for-personas\/children\/","og_site_name":"GoJute International","article_publisher":"https:\/\/www.facebook.com\/gojute","article_modified_time":"2025-07-08T09:33:20+00:00","twitter_card":"summary_large_image","twitter_misc":{"Tiempo de lectura":"6 minutos"},"schema":{"@context":"https:\/\/schema.org","@graph":[{"@type":"WebPage","@id":"https:\/\/gojuteinternational.com\/es\/b2b-bags-for-personas\/children\/","url":"https:\/\/gojuteinternational.com\/es\/b2b-bags-for-personas\/children\/","name":"Bolsas de Yute y Algod\u00f3n para Ni\u00f1os: Productos promocionales ecol\u00f3gicos","isPartOf":{"@id":"https:\/\/gojuteinternational.com\/es\/#website"},"datePublished":"2025-07-02T12:52:13+00:00","dateModified":"2025-07-08T09:33:20+00:00","description":"Descubre c\u00f3mo pueden utilizar las empresas las bolsas de yute y algod\u00f3n para ni\u00f1os. Perfectas para regalos de empresa, actos escolares y para promocionar tu marca de forma sostenible.","breadcrumb":{"@id":"https:\/\/gojuteinternational.com\/es\/b2b-bags-for-personas\/children\/#breadcrumb"},"inLanguage":"es","potentialAction":[{"@type":"ReadAction","target":["https:\/\/gojuteinternational.com\/es\/b2b-bags-for-personas\/children\/"]}]},{"@type":"BreadcrumbList","@id":"https:\/\/gojuteinternational.com\/es\/b2b-bags-for-personas\/children\/#breadcrumb","itemListElement":[{"@type":"ListItem","position":1,"name":"Home","item":"https:\/\/gojuteinternational.com\/es\/"},{"@type":"ListItem","position":2,"name":"Bolsas de yute y algod\u00f3n para ni\u00f1os"}]},{"@type":"WebSite","@id":"https:\/\/gojuteinternational.com\/es\/#website","url":"https:\/\/gojuteinternational.com\/es\/","name":"GoJute International","description":"Printed bags for business","publisher":{"@id":"https:\/\/gojuteinternational.com\/es\/#organization"},"alternateName":"GoJute","potentialAction":[{"@type":"SearchAction","target":{"@type":"EntryPoint","urlTemplate":"https:\/\/gojuteinternational.com\/es\/?s={search_term_string}"},"query-input":"required name=search_term_string"}],"inLanguage":"es"},{"@type":"Organization","@id":"https:\/\/gojuteinternational.com\/es\/#organization","name":"GoJute International","alternateName":"GoJute","url":"https:\/\/gojuteinternational.com\/es\/","logo":{"@type":"ImageObject","inLanguage":"es","@id":"https:\/\/gojuteinternational.com\/es\/#\/schema\/logo\/image\/","url":"https:\/\/gojuteinternational.com\/wp-content\/uploads\/2022\/06\/GoJute-Logo-RGB.png","contentUrl":"https:\/\/gojuteinternational.com\/wp-content\/uploads\/2022\/06\/GoJute-Logo-RGB.png","width":2000,"height":1809,"caption":"GoJute International"},"image":{"@id":"https:\/\/gojuteinternational.com\/es\/#\/schema\/logo\/image\/"},"sameAs":["https:\/\/www.facebook.com\/gojute","https:\/\/www.instagram.com\/gojute\/"]}]}},"_links":{"self":[{"href":"https:\/\/gojuteinternational.com\/es\/wp-json\/wp\/v2\/pages\/89313","targetHints":{"allow":["GET"]}}],"collection":[{"href":"https:\/\/gojuteinternational.com\/es\/wp-json\/wp\/v2\/pages"}],"about":[{"href":"https:\/\/gojuteinternational.com\/es\/wp-json\/wp\/v2\/types\/page"}],"author":[{"embeddable":true,"href":"https:\/\/gojuteinternational.com\/es\/wp-json\/wp\/v2\/users\/6996"}],"replies":[{"embeddable":true,"href":"https:\/\/gojuteinternational.com\/es\/wp-json\/wp\/v2\/comments?post=89313"}],"version-history":[{"count":5,"href":"https:\/\/gojuteinternational.com\/es\/wp-json\/wp\/v2\/pages\/89313\/revisions"}],"predecessor-version":[{"id":89539,"href":"https:\/\/gojuteinternational.com\/es\/wp-json\/wp\/v2\/pages\/89313\/revisions\/89539"}],"up":[{"embeddable":true,"href":"https:\/\/gojuteinternational.com\/es\/wp-json\/wp\/v2\/pages\/89152"}],"wp:attachment":[{"href":"https:\/\/gojuteinternational.com\/es\/wp-json\/wp\/v2\/media?parent=89313"}],"curies":[{"name":"wp","href":"https:\/\/api.w.org\/{rel}","templated":true}]}}