{"id":90887,"date":"2025-09-03T07:40:37","date_gmt":"2025-09-03T06:40:37","guid":{"rendered":"https:\/\/gojuteinternational.com\/colour-branded-bags-for-b2b-the-ultimate-resource-for-businesses\/"},"modified":"2025-09-16T13:33:36","modified_gmt":"2025-09-16T12:33:36","slug":"custom-colour-bags","status":"publish","type":"page","link":"https:\/\/gojuteinternational.com\/es\/coloured-tote-bags\/custom-colour-bags\/","title":{"rendered":"Bolsas de marca en color para B2B: el recurso definitivo para las empresas"},"content":{"rendered":"\t\t<div data-elementor-type=\"wp-page\" data-elementor-id=\"90887\" class=\"elementor elementor-90887 elementor-90885\" data-elementor-post-type=\"page\">\n\t\t\t\t\t\t\t\t\t<section class=\"elementor-section elementor-top-section elementor-element elementor-element-de50c41 elementor-section-boxed elementor-section-height-default elementor-section-height-default\" data-id=\"de50c41\" data-element_type=\"section\">\n\t\t\t\t\t\t<div class=\"elementor-container elementor-column-gap-default\">\n\t\t\t\t\t<div class=\"elementor-column elementor-col-100 elementor-top-column elementor-element elementor-element-29783bd\" data-id=\"29783bd\" data-element_type=\"column\">\n\t\t\t<div class=\"elementor-widget-wrap elementor-element-populated\">\n\t\t\t\t\t\t\t\t<div class=\"elementor-element elementor-element-d8b0254 elementor-widget elementor-widget-spacer\" data-id=\"d8b0254\" data-element_type=\"widget\" data-widget_type=\"spacer.default\">\n\t\t\t\t<div class=\"elementor-widget-container\">\n\t\t\t<style>\/*! elementor - v3.18.0 - 20-12-2023 *\/\n.elementor-column .elementor-spacer-inner{height:var(--spacer-size)}.e-con{--container-widget-width:100%}.e-con-inner>.elementor-widget-spacer,.e-con>.elementor-widget-spacer{width:var(--container-widget-width,var(--spacer-size));--align-self:var(--container-widget-align-self,initial);--flex-shrink:0}.e-con-inner>.elementor-widget-spacer>.elementor-widget-container,.e-con>.elementor-widget-spacer>.elementor-widget-container{height:100%;width:100%}.e-con-inner>.elementor-widget-spacer>.elementor-widget-container>.elementor-spacer,.e-con>.elementor-widget-spacer>.elementor-widget-container>.elementor-spacer{height:100%}.e-con-inner>.elementor-widget-spacer>.elementor-widget-container>.elementor-spacer>.elementor-spacer-inner,.e-con>.elementor-widget-spacer>.elementor-widget-container>.elementor-spacer>.elementor-spacer-inner{height:var(--container-widget-height,var(--spacer-size))}.e-con-inner>.elementor-widget-spacer.elementor-widget-empty,.e-con>.elementor-widget-spacer.elementor-widget-empty{position:relative;min-height:22px;min-width:22px}.e-con-inner>.elementor-widget-spacer.elementor-widget-empty .elementor-widget-empty-icon,.e-con>.elementor-widget-spacer.elementor-widget-empty .elementor-widget-empty-icon{position:absolute;top:0;bottom:0;left:0;right:0;margin:auto;padding:0;width:22px;height:22px}<\/style>\t\t<div class=\"elementor-spacer\">\n\t\t\t<div class=\"elementor-spacer-inner\"><\/div>\n\t\t<\/div>\n\t\t\t\t<\/div>\n\t\t\t\t<\/div>\n\t\t\t\t<div class=\"elementor-element elementor-element-aa2dc3f elementor-widget elementor-widget-heading\" data-id=\"aa2dc3f\" data-element_type=\"widget\" data-widget_type=\"heading.default\">\n\t\t\t\t<div class=\"elementor-widget-container\">\n\t\t\t<style>\/*! elementor - v3.18.0 - 20-12-2023 *\/\n.elementor-heading-title{padding:0;margin:0;line-height:1}.elementor-widget-heading .elementor-heading-title[class*=elementor-size-]>a{color:inherit;font-size:inherit;line-height:inherit}.elementor-widget-heading .elementor-heading-title.elementor-size-small{font-size:15px}.elementor-widget-heading .elementor-heading-title.elementor-size-medium{font-size:19px}.elementor-widget-heading .elementor-heading-title.elementor-size-large{font-size:29px}.elementor-widget-heading .elementor-heading-title.elementor-size-xl{font-size:39px}.elementor-widget-heading .elementor-heading-title.elementor-size-xxl{font-size:59px}<\/style><h1 class=\"elementor-heading-title elementor-size-default\">Bolsas de marca en color para B2B: el recurso definitivo para las empresas<\/h1>\t\t<\/div>\n\t\t\t\t<\/div>\n\t\t\t\t<div class=\"elementor-element elementor-element-d8961c6 elementor-widget elementor-widget-text-editor\" data-id=\"d8961c6\" data-element_type=\"widget\" data-widget_type=\"text-editor.default\">\n\t\t\t\t<div class=\"elementor-widget-container\">\n\t\t\t<style>\/*! elementor - v3.18.0 - 20-12-2023 *\/\n.elementor-widget-text-editor.elementor-drop-cap-view-stacked .elementor-drop-cap{background-color:#69727d;color:#fff}.elementor-widget-text-editor.elementor-drop-cap-view-framed .elementor-drop-cap{color:#69727d;border:3px solid;background-color:transparent}.elementor-widget-text-editor:not(.elementor-drop-cap-view-default) .elementor-drop-cap{margin-top:8px}.elementor-widget-text-editor:not(.elementor-drop-cap-view-default) .elementor-drop-cap-letter{width:1em;height:1em}.elementor-widget-text-editor .elementor-drop-cap{float:left;text-align:center;line-height:1;font-size:50px}.elementor-widget-text-editor .elementor-drop-cap-letter{display:inline-block}<\/style>\t\t\t\t<p><span style=\"font-weight: 400;\">Las bolsas de colores son herramientas poderosas para las empresas que quieren aumentar la visibilidad de su marca, captar clientes y alinearse con iniciativas sostenibles. Desde eventos corporativos y promociones en comercios hasta regalos para empleados y campa\u00f1as de marketing personalizadas, las bolsas de yute y algod\u00f3n de colores ofrecen flexibilidad, durabilidad e impacto visual. <\/span><\/p>\n<h2><b>Por qu\u00e9 <\/b>las bolsas de <b>colores <\/b>son importantes para el marketing B2B<\/h2>\n<h3>Mejorar la visibilidad de la marca<\/h3>\n<p><span style=\"font-weight: 400;\">Una bolsa con marca de color garantiza que tu logotipo y tus mensajes destaquen all\u00e1 donde vayan tus clientes, empleados o consumidores. Cada vez que se utiliza la bolsa, tu marca llega a nuevos p\u00fablicos sin esfuerzo. <\/span><\/p>\n<h3>Alinearse con los objetivos corporativos de sostenibilidad<\/h3>\n<p><span style=\"font-weight: 400;\">Utilizar bolsas de yute y algod\u00f3n ecol\u00f3gicas en una variedad de colores muestra tu compromiso con las pr\u00e1cticas sostenibles. Esto mejora la reputaci\u00f3n de tu empresa al tiempo que ofrece un producto pr\u00e1ctico que tu p\u00fablico utilizar\u00e1 repetidamente. <\/span><\/p>\n<h3>Apoya<b> las campa\u00f1as personalizadas<\/b><\/h3>\n<p><span style=\"font-weight: 400;\">Ya sea para lanzar un nuevo producto, asistir a una feria comercial u obsequiar a los empleados, las bolsas de colores permiten realizar campa\u00f1as creativas. Selecciona colores que resuenen con la identidad de tu marca o con objetivos de marketing espec\u00edficos. <\/span><\/p>\n<h2>Explora Nuestra Colecci\u00f3n de Bolsos de Marca de Color<\/h2>\n<p><span style=\"font-weight: 400;\">Descubre toda la gama de bolsas de colores disponibles para tu empresa. Cada p\u00e1gina de destino detalla las opciones de personalizaci\u00f3n, las aplicaciones B2B y c\u00f3mo estas bolsas pueden mejorar tus campa\u00f1as de marketing. <\/span><\/p>\n<h3>Bolsas azules para el marketing B2B<\/h3>\n<p><span style=\"font-weight: 400;\">Utiliza bolsas azules de yute o algod\u00f3n para transmitir confianza, fiabilidad y profesionalidad. Perfectas para eventos corporativos, conferencias y promociones en comercios. <\/span><span style=\"font-weight: 400;\"><br \/><\/span> <a href=\"https:\/\/gojuteinternational.com\/es\/coloured-tote-bags\/blue-bags\/\"><i><span style=\"font-weight: 400;\">Visita la p\u00e1gina de las bolsas azules<\/span><\/i><\/a><\/p>\n<h3>Bolsas rojas para el marketing B2B<\/h3>\n<p><span style=\"font-weight: 400;\">Las bolsas rojas de marca captan la atenci\u00f3n y comunican energ\u00eda y urgencia. Ideales para lanzamientos de productos, ferias comerciales y campa\u00f1as de marketing. <\/span><span style=\"font-weight: 400;\"><br \/><\/span> <a href=\"https:\/\/gojuteinternational.com\/es\/coloured-tote-bags\/red-bags\/\"><i><span style=\"font-weight: 400;\">Visita la p\u00e1gina de las Bolsas Rojas<\/span><\/i><\/a><\/p>\n<h3>Bolsas verdes para el marketing B2B<\/h3>\n<p><span style=\"font-weight: 400;\">Las bolsas verdes hacen hincapi\u00e9 en la sostenibilidad y los valores ecoconscientes, por lo que son perfectas para iniciativas de RSC, eventos ecol\u00f3gicos y marcas responsables con el medio ambiente.<\/span><span style=\"font-weight: 400;\"><br \/><\/span> <a href=\"https:\/\/gojuteinternational.com\/es\/coloured-tote-bags\/green-bags\/\"><i><span style=\"font-weight: 400;\">Visita la p\u00e1gina de Bolsas Verdes<\/span><\/i><\/a><\/p>\n<h3>Bolsas amarillas para el marketing B2B<\/h3>\n<p><span style=\"font-weight: 400;\">Las bolsas de marca amarillas son brillantes, alegres y llamativas. Util\u00edzalas para promociones en comercios, regalos o eventos en los que la visibilidad sea clave. <\/span><span style=\"font-weight: 400;\"><br \/><\/span> <a href=\"https:\/\/gojuteinternational.com\/es\/coloured-tote-bags\/yellow-bags\/\"><i><span style=\"font-weight: 400;\">Visita la p\u00e1gina de las bolsas amarillas<\/span><\/i><\/a><\/p>\n<h3>Bolsas negras para el marketing B2B<\/h3>\n<p><span style=\"font-weight: 400;\">Las bolsas negras transmiten elegancia y versatilidad, adecuadas para regalos de primera calidad, conferencias y entornos profesionales B2B.<\/span><span style=\"font-weight: 400;\"><br \/><\/span> <a href=\"https:\/\/gojuteinternational.com\/es\/coloured-tote-bags\/black-bags\/\"><i><span style=\"font-weight: 400;\">Visita la p\u00e1gina de Bolsas Negras<\/span><\/i><\/a><\/p>\n<h3>Bolsas blancas para marketing B2B<\/h3>\n<p><span style=\"font-weight: 400;\">Las bolsas de marca blancas ofrecen un aspecto limpio y minimalista, ideal para campa\u00f1as de marketing modernas, promociones en comercios y eventos centrados en la marca.<\/span><span style=\"font-weight: 400;\"><br \/><\/span> <a href=\"https:\/\/gojuteinternational.com\/es\/coloured-tote-bags\/white-bags\/\"><i><span style=\"font-weight: 400;\">Visita la p\u00e1gina de las bolsas blancas<\/span><\/i><\/a><\/p>\n<h3>Bolsas naranjas para marketing B2B<\/h3>\n<p><span style=\"font-weight: 400;\">Las bolsas naranjas son en\u00e9rgicas y vibrantes, perfectas para campa\u00f1as que requieren declaraciones audaces y una gran participaci\u00f3n en ferias o eventos.<\/span><span style=\"font-weight: 400;\"><br \/><\/span> <a href=\"https:\/\/gojuteinternational.com\/es\/coloured-tote-bags\/orange-bags\/\"><i><span style=\"font-weight: 400;\">Visita la p\u00e1gina de las bolsas naranjas<\/span><\/i><\/a><\/p>\n<h3>Bolsas moradas para el marketing B2B<\/h3>\n<p><span style=\"font-weight: 400;\">Las bolsas de marca moradas comunican creatividad y lujo, ideales para promociones de nicho, campa\u00f1as relacionadas con la moda o regalos corporativos de primera calidad.<\/span><span style=\"font-weight: 400;\"><br \/><\/span> <a href=\"https:\/\/gojuteinternational.com\/es\/coloured-tote-bags\/purple-bags\/\"><i><span style=\"font-weight: 400;\">Visita la p\u00e1gina de las bolsas moradas<\/span><\/i><\/a><\/p>\n<h3>Bolsas rosas para marketing B2B<\/h3>\n<p><span style=\"font-weight: 400;\">Las bolsas rosas destacan en campa\u00f1as l\u00fadicas, divertidas o de concienciaci\u00f3n, ideales para iniciativas de RSC, promociones minoristas y eventos tem\u00e1ticos.<\/span><span style=\"font-weight: 400;\"><br \/><\/span> <a href=\"https:\/\/gojuteinternational.com\/es\/coloured-tote-bags\/pink-bags\/\"><i><span style=\"font-weight: 400;\">Visita la p\u00e1gina de bolsas rosas<\/span><\/i><\/a><\/p>\n<h3>Bolsas de colores personalizadas para la marca corporativa<\/h3>\n<p><span style=\"font-weight: 400;\">\u00bfNecesitas un tono espec\u00edfico que coincida con la identidad de tu marca? GoJute ofrece bolsas de colores totalmente personalizables para alinearlas con tus objetivos de marketing. <\/span><span style=\"font-weight: 400;\"><br \/><\/span> <i><span style=\"font-weight: 400;\">Visita la p\u00e1gina Bolsas de colores personalizadas<\/span><\/i><\/p>\n<h2>Aplicaciones B2B para Bolsas de Marca de Color<\/h2>\n<h3>Eventos de empresa y conferencias<\/h3>\n<p><span style=\"font-weight: 400;\">Distribuye bolsas de colores en ferias o seminarios para causar un impacto memorable. Destaca colores espec\u00edficos que se alineen con el tema o la identidad de tu marca. <\/span><\/p>\n<h3>Promociones minoristas y fidelizaci\u00f3n de clientes<\/h3>\n<p><span style=\"font-weight: 400;\">Ofrece bolsas reutilizables de colores con tu marca en las tiendas o en l\u00ednea. Fomenta las compras repetidas y refuerza la fidelidad de los clientes mediante bolsas ecol\u00f3gicas y llamativas. <\/span><\/p>\n<h3>Regalos y reconocimiento para empleados<\/h3>\n<p><span style=\"font-weight: 400;\">Ofrece a tu personal bolsas de colores con tu marca como parte de los kits de incorporaci\u00f3n, programas de recompensas o regalos para eventos. Esto eleva la moral a la vez que promociona tu marca internamente. <\/span><\/p>\n<h3>Lanzamientos de productos y campa\u00f1as de marketing<\/h3>\n<p><span style=\"font-weight: 400;\">Las bolsas de colores ayudan a llamar la atenci\u00f3n sobre nuevos productos o campa\u00f1as. Elige tonos llamativos y vibrantes para conseguir una gran visibilidad y alineaci\u00f3n de la marca. <\/span><\/p>\n<h3>Iniciativas sostenibles<\/h3>\n<p><span style=\"font-weight: 400;\">Demuestra tus esfuerzos de RSC distribuyendo bolsas reutilizables de yute y algod\u00f3n. Las bolsas de colores a\u00f1aden personalidad a la vez que promueven pr\u00e1cticas responsables con el medio ambiente. <\/span><\/p>\n<h2>Por qu\u00e9 elegir GoJute para tus bolsas de color B2B<\/h2>\n<p><span style=\"font-weight: 400;\">GoJute proporciona bolsas de colores a granel, personalizadas y de marca para satisfacer las necesidades espec\u00edficas de las empresas. Nuestras bolsas son duraderas, sostenibles y totalmente personalizables para reflejar la identidad de tu marca. <\/span><\/p>\n<h3>Pedidos al por mayor m\u00e1s f\u00e1ciles<\/h3>\n<p><span style=\"font-weight: 400;\">Pide grandes cantidades con opciones flexibles de tama\u00f1os, materiales y acabados para adaptarlas a tus campa\u00f1as corporativas.<\/span><\/p>\n<h3>Opciones de marca personalizadas<\/h3>\n<p><span style=\"font-weight: 400;\">A\u00f1ade logotipos, esl\u00f3ganes y dise\u00f1os \u00fanicos para crear bolsas acordes con tu estrategia de marketing.<\/span><\/p>\n<h3>Apoyo experto B2B<\/h3>\n<p><span style=\"font-weight: 400;\">Nuestro equipo te gu\u00eda desde el dise\u00f1o hasta la entrega, garantizando que cada bolsa maximice tu ROI y el impacto de tu marca.<\/span><\/p>\n<h2>\u00bfPreparado para impulsar tu marca con bolsas de colores?<\/h2>\n<p><span style=\"font-weight: 400;\">Mejora tu pr\u00f3xima campa\u00f1a B2B con bolsas de yute y algod\u00f3n personalizadas y con marca de color.<\/span><\/p>\n<p><span style=\"font-weight: 400;\"> <\/span><a href=\"https:\/\/gojuteinternational.com\/es\/contacte-con-nosotros\/\">Contacte con nosotros<\/a><\/p>\n\t\t\t\t\t\t<\/div>\n\t\t\t\t<\/div>\n\t\t\t\t\t<\/div>\n\t\t<\/div>\n\t\t\t\t\t\t\t<\/div>\n\t\t<\/section>\n\t\t\t\t\t\t\t<\/div>\n\t\t","protected":false},"excerpt":{"rendered":"<p>Bolsas de marca en color para B2B: el recurso definitivo para las empresas Las bolsas de colores son herramientas poderosas para las empresas que quieren aumentar la visibilidad de su marca, captar clientes y alinearse con iniciativas sostenibles. Desde eventos corporativos y promociones en comercios hasta regalos para empleados y campa\u00f1as de marketing personalizadas, las [&hellip;]<\/p>\n","protected":false},"author":6996,"featured_media":0,"parent":91100,"menu_order":0,"comment_status":"closed","ping_status":"closed","template":"elementor_header_footer","meta":{"content-type":"","_monsterinsights_skip_tracking":false,"_monsterinsights_sitenote_active":false,"_monsterinsights_sitenote_note":"","_monsterinsights_sitenote_category":0,"footnotes":""},"class_list":["post-90887","page","type-page","status-publish","hentry"],"yoast_head":"<!-- This site is optimized with the Yoast SEO plugin v21.7 - https:\/\/yoast.com\/wordpress\/plugins\/seo\/ -->\n<title>Bolsas de marca en color para B2B: Tu gu\u00eda definitiva sobre bolsas a granel y personalizadas<\/title>\n<meta name=\"description\" content=\"Explora nuestra gu\u00eda B2B sobre bolsas de colores. Aprende a aprovechar las bolsas de yute y algod\u00f3n azules, rojas, verdes y de colores personalizados para eventos corporativos, promociones, venta al por menor y campa\u00f1as de marketing sostenible.\" \/>\n<meta name=\"robots\" content=\"index, follow, max-snippet:-1, max-image-preview:large, max-video-preview:-1\" \/>\n<link rel=\"canonical\" href=\"https:\/\/gojuteinternational.com\/es\/coloured-tote-bags\/custom-colour-bags\/\" \/>\n<meta property=\"og:locale\" content=\"es_ES\" \/>\n<meta property=\"og:type\" content=\"article\" \/>\n<meta property=\"og:title\" content=\"Bolsas de marca en color para B2B: Tu gu\u00eda definitiva sobre bolsas a granel y personalizadas\" \/>\n<meta property=\"og:description\" content=\"Explora nuestra gu\u00eda B2B sobre bolsas de colores. Aprende a aprovechar las bolsas de yute y algod\u00f3n azules, rojas, verdes y de colores personalizados para eventos corporativos, promociones, venta al por menor y campa\u00f1as de marketing sostenible.\" \/>\n<meta property=\"og:url\" content=\"https:\/\/gojuteinternational.com\/es\/coloured-tote-bags\/custom-colour-bags\/\" \/>\n<meta property=\"og:site_name\" content=\"GoJute International\" \/>\n<meta property=\"article:publisher\" content=\"https:\/\/www.facebook.com\/gojute\" \/>\n<meta property=\"article:modified_time\" content=\"2025-09-16T12:33:36+00:00\" \/>\n<meta name=\"twitter:card\" content=\"summary_large_image\" \/>\n<meta name=\"twitter:label1\" content=\"Tiempo de lectura\" \/>\n\t<meta name=\"twitter:data1\" content=\"5 minutos\" \/>\n<script type=\"application\/ld+json\" class=\"yoast-schema-graph\">{\"@context\":\"https:\/\/schema.org\",\"@graph\":[{\"@type\":\"WebPage\",\"@id\":\"https:\/\/gojuteinternational.com\/es\/coloured-tote-bags\/custom-colour-bags\/\",\"url\":\"https:\/\/gojuteinternational.com\/es\/coloured-tote-bags\/custom-colour-bags\/\",\"name\":\"Bolsas de marca en color para B2B: Tu gu\u00eda definitiva sobre bolsas a granel y personalizadas\",\"isPartOf\":{\"@id\":\"https:\/\/gojuteinternational.com\/es\/#website\"},\"datePublished\":\"2025-09-03T06:40:37+00:00\",\"dateModified\":\"2025-09-16T12:33:36+00:00\",\"description\":\"Explora nuestra gu\u00eda B2B sobre bolsas de colores. Aprende a aprovechar las bolsas de yute y algod\u00f3n azules, rojas, verdes y de colores personalizados para eventos corporativos, promociones, venta al por menor y campa\u00f1as de marketing sostenible.\",\"breadcrumb\":{\"@id\":\"https:\/\/gojuteinternational.com\/es\/coloured-tote-bags\/custom-colour-bags\/#breadcrumb\"},\"inLanguage\":\"es\",\"potentialAction\":[{\"@type\":\"ReadAction\",\"target\":[\"https:\/\/gojuteinternational.com\/es\/coloured-tote-bags\/custom-colour-bags\/\"]}]},{\"@type\":\"BreadcrumbList\",\"@id\":\"https:\/\/gojuteinternational.com\/es\/coloured-tote-bags\/custom-colour-bags\/#breadcrumb\",\"itemListElement\":[{\"@type\":\"ListItem\",\"position\":1,\"name\":\"Home\",\"item\":\"https:\/\/gojuteinternational.com\/es\/\"},{\"@type\":\"ListItem\",\"position\":2,\"name\":\"Bolsas de colores personalizadas para la marca corporativa\",\"item\":\"https:\/\/gojuteinternational.com\/es\/coloured-tote-bags\/\"},{\"@type\":\"ListItem\",\"position\":3,\"name\":\"Bolsas de marca en color para B2B: el recurso definitivo para las empresas\"}]},{\"@type\":\"WebSite\",\"@id\":\"https:\/\/gojuteinternational.com\/es\/#website\",\"url\":\"https:\/\/gojuteinternational.com\/es\/\",\"name\":\"GoJute International\",\"description\":\"Printed bags for business\",\"publisher\":{\"@id\":\"https:\/\/gojuteinternational.com\/es\/#organization\"},\"alternateName\":\"GoJute\",\"potentialAction\":[{\"@type\":\"SearchAction\",\"target\":{\"@type\":\"EntryPoint\",\"urlTemplate\":\"https:\/\/gojuteinternational.com\/es\/?s={search_term_string}\"},\"query-input\":\"required name=search_term_string\"}],\"inLanguage\":\"es\"},{\"@type\":\"Organization\",\"@id\":\"https:\/\/gojuteinternational.com\/es\/#organization\",\"name\":\"GoJute International\",\"alternateName\":\"GoJute\",\"url\":\"https:\/\/gojuteinternational.com\/es\/\",\"logo\":{\"@type\":\"ImageObject\",\"inLanguage\":\"es\",\"@id\":\"https:\/\/gojuteinternational.com\/es\/#\/schema\/logo\/image\/\",\"url\":\"https:\/\/gojuteinternational.com\/wp-content\/uploads\/2022\/06\/GoJute-Logo-RGB.png\",\"contentUrl\":\"https:\/\/gojuteinternational.com\/wp-content\/uploads\/2022\/06\/GoJute-Logo-RGB.png\",\"width\":2000,\"height\":1809,\"caption\":\"GoJute International\"},\"image\":{\"@id\":\"https:\/\/gojuteinternational.com\/es\/#\/schema\/logo\/image\/\"},\"sameAs\":[\"https:\/\/www.facebook.com\/gojute\",\"https:\/\/www.instagram.com\/gojute\/\"]}]}<\/script>\n<!-- \/ Yoast SEO plugin. -->","yoast_head_json":{"title":"Bolsas de marca en color para B2B: Tu gu\u00eda definitiva sobre bolsas a granel y personalizadas","description":"Explora nuestra gu\u00eda B2B sobre bolsas de colores. Aprende a aprovechar las bolsas de yute y algod\u00f3n azules, rojas, verdes y de colores personalizados para eventos corporativos, promociones, venta al por menor y campa\u00f1as de marketing sostenible.","robots":{"index":"index","follow":"follow","max-snippet":"max-snippet:-1","max-image-preview":"max-image-preview:large","max-video-preview":"max-video-preview:-1"},"canonical":"https:\/\/gojuteinternational.com\/es\/coloured-tote-bags\/custom-colour-bags\/","og_locale":"es_ES","og_type":"article","og_title":"Bolsas de marca en color para B2B: Tu gu\u00eda definitiva sobre bolsas a granel y personalizadas","og_description":"Explora nuestra gu\u00eda B2B sobre bolsas de colores. Aprende a aprovechar las bolsas de yute y algod\u00f3n azules, rojas, verdes y de colores personalizados para eventos corporativos, promociones, venta al por menor y campa\u00f1as de marketing sostenible.","og_url":"https:\/\/gojuteinternational.com\/es\/coloured-tote-bags\/custom-colour-bags\/","og_site_name":"GoJute International","article_publisher":"https:\/\/www.facebook.com\/gojute","article_modified_time":"2025-09-16T12:33:36+00:00","twitter_card":"summary_large_image","twitter_misc":{"Tiempo de lectura":"5 minutos"},"schema":{"@context":"https:\/\/schema.org","@graph":[{"@type":"WebPage","@id":"https:\/\/gojuteinternational.com\/es\/coloured-tote-bags\/custom-colour-bags\/","url":"https:\/\/gojuteinternational.com\/es\/coloured-tote-bags\/custom-colour-bags\/","name":"Bolsas de marca en color para B2B: Tu gu\u00eda definitiva sobre bolsas a granel y personalizadas","isPartOf":{"@id":"https:\/\/gojuteinternational.com\/es\/#website"},"datePublished":"2025-09-03T06:40:37+00:00","dateModified":"2025-09-16T12:33:36+00:00","description":"Explora nuestra gu\u00eda B2B sobre bolsas de colores. Aprende a aprovechar las bolsas de yute y algod\u00f3n azules, rojas, verdes y de colores personalizados para eventos corporativos, promociones, venta al por menor y campa\u00f1as de marketing sostenible.","breadcrumb":{"@id":"https:\/\/gojuteinternational.com\/es\/coloured-tote-bags\/custom-colour-bags\/#breadcrumb"},"inLanguage":"es","potentialAction":[{"@type":"ReadAction","target":["https:\/\/gojuteinternational.com\/es\/coloured-tote-bags\/custom-colour-bags\/"]}]},{"@type":"BreadcrumbList","@id":"https:\/\/gojuteinternational.com\/es\/coloured-tote-bags\/custom-colour-bags\/#breadcrumb","itemListElement":[{"@type":"ListItem","position":1,"name":"Home","item":"https:\/\/gojuteinternational.com\/es\/"},{"@type":"ListItem","position":2,"name":"Bolsas de colores personalizadas para la marca corporativa","item":"https:\/\/gojuteinternational.com\/es\/coloured-tote-bags\/"},{"@type":"ListItem","position":3,"name":"Bolsas de marca en color para B2B: el recurso definitivo para las empresas"}]},{"@type":"WebSite","@id":"https:\/\/gojuteinternational.com\/es\/#website","url":"https:\/\/gojuteinternational.com\/es\/","name":"GoJute International","description":"Printed bags for business","publisher":{"@id":"https:\/\/gojuteinternational.com\/es\/#organization"},"alternateName":"GoJute","potentialAction":[{"@type":"SearchAction","target":{"@type":"EntryPoint","urlTemplate":"https:\/\/gojuteinternational.com\/es\/?s={search_term_string}"},"query-input":"required name=search_term_string"}],"inLanguage":"es"},{"@type":"Organization","@id":"https:\/\/gojuteinternational.com\/es\/#organization","name":"GoJute International","alternateName":"GoJute","url":"https:\/\/gojuteinternational.com\/es\/","logo":{"@type":"ImageObject","inLanguage":"es","@id":"https:\/\/gojuteinternational.com\/es\/#\/schema\/logo\/image\/","url":"https:\/\/gojuteinternational.com\/wp-content\/uploads\/2022\/06\/GoJute-Logo-RGB.png","contentUrl":"https:\/\/gojuteinternational.com\/wp-content\/uploads\/2022\/06\/GoJute-Logo-RGB.png","width":2000,"height":1809,"caption":"GoJute International"},"image":{"@id":"https:\/\/gojuteinternational.com\/es\/#\/schema\/logo\/image\/"},"sameAs":["https:\/\/www.facebook.com\/gojute","https:\/\/www.instagram.com\/gojute\/"]}]}},"_links":{"self":[{"href":"https:\/\/gojuteinternational.com\/es\/wp-json\/wp\/v2\/pages\/90887","targetHints":{"allow":["GET"]}}],"collection":[{"href":"https:\/\/gojuteinternational.com\/es\/wp-json\/wp\/v2\/pages"}],"about":[{"href":"https:\/\/gojuteinternational.com\/es\/wp-json\/wp\/v2\/types\/page"}],"author":[{"embeddable":true,"href":"https:\/\/gojuteinternational.com\/es\/wp-json\/wp\/v2\/users\/6996"}],"replies":[{"embeddable":true,"href":"https:\/\/gojuteinternational.com\/es\/wp-json\/wp\/v2\/comments?post=90887"}],"version-history":[{"count":4,"href":"https:\/\/gojuteinternational.com\/es\/wp-json\/wp\/v2\/pages\/90887\/revisions"}],"predecessor-version":[{"id":91188,"href":"https:\/\/gojuteinternational.com\/es\/wp-json\/wp\/v2\/pages\/90887\/revisions\/91188"}],"up":[{"embeddable":true,"href":"https:\/\/gojuteinternational.com\/es\/wp-json\/wp\/v2\/pages\/91100"}],"wp:attachment":[{"href":"https:\/\/gojuteinternational.com\/es\/wp-json\/wp\/v2\/media?parent=90887"}],"curies":[{"name":"wp","href":"https:\/\/api.w.org\/{rel}","templated":true}]}}