{"id":90899,"date":"2025-09-09T13:21:46","date_gmt":"2025-09-09T12:21:46","guid":{"rendered":"https:\/\/gojuteinternational.com\/blue-bags-for-b2b-marketing\/"},"modified":"2025-09-16T12:15:58","modified_gmt":"2025-09-16T11:15:58","slug":"blue-bags","status":"publish","type":"page","link":"https:\/\/gojuteinternational.com\/es\/coloured-tote-bags\/blue-bags\/","title":{"rendered":"Bolsas azules para el marketing B2B"},"content":{"rendered":"\t\t<div data-elementor-type=\"wp-page\" data-elementor-id=\"90899\" class=\"elementor elementor-90899 elementor-90897\" data-elementor-post-type=\"page\">\n\t\t\t\t\t\t\t\t\t<section class=\"elementor-section elementor-top-section elementor-element elementor-element-f7018d6 elementor-section-boxed elementor-section-height-default elementor-section-height-default\" data-id=\"f7018d6\" data-element_type=\"section\">\n\t\t\t\t\t\t<div class=\"elementor-container elementor-column-gap-default\">\n\t\t\t\t\t<div class=\"elementor-column elementor-col-100 elementor-top-column elementor-element elementor-element-5263a5d\" data-id=\"5263a5d\" data-element_type=\"column\">\n\t\t\t<div class=\"elementor-widget-wrap elementor-element-populated\">\n\t\t\t\t\t\t\t\t<div class=\"elementor-element elementor-element-434b920 elementor-widget elementor-widget-spacer\" data-id=\"434b920\" data-element_type=\"widget\" data-widget_type=\"spacer.default\">\n\t\t\t\t<div class=\"elementor-widget-container\">\n\t\t\t<style>\/*! elementor - v3.18.0 - 20-12-2023 *\/\n.elementor-column .elementor-spacer-inner{height:var(--spacer-size)}.e-con{--container-widget-width:100%}.e-con-inner>.elementor-widget-spacer,.e-con>.elementor-widget-spacer{width:var(--container-widget-width,var(--spacer-size));--align-self:var(--container-widget-align-self,initial);--flex-shrink:0}.e-con-inner>.elementor-widget-spacer>.elementor-widget-container,.e-con>.elementor-widget-spacer>.elementor-widget-container{height:100%;width:100%}.e-con-inner>.elementor-widget-spacer>.elementor-widget-container>.elementor-spacer,.e-con>.elementor-widget-spacer>.elementor-widget-container>.elementor-spacer{height:100%}.e-con-inner>.elementor-widget-spacer>.elementor-widget-container>.elementor-spacer>.elementor-spacer-inner,.e-con>.elementor-widget-spacer>.elementor-widget-container>.elementor-spacer>.elementor-spacer-inner{height:var(--container-widget-height,var(--spacer-size))}.e-con-inner>.elementor-widget-spacer.elementor-widget-empty,.e-con>.elementor-widget-spacer.elementor-widget-empty{position:relative;min-height:22px;min-width:22px}.e-con-inner>.elementor-widget-spacer.elementor-widget-empty .elementor-widget-empty-icon,.e-con>.elementor-widget-spacer.elementor-widget-empty .elementor-widget-empty-icon{position:absolute;top:0;bottom:0;left:0;right:0;margin:auto;padding:0;width:22px;height:22px}<\/style>\t\t<div class=\"elementor-spacer\">\n\t\t\t<div class=\"elementor-spacer-inner\"><\/div>\n\t\t<\/div>\n\t\t\t\t<\/div>\n\t\t\t\t<\/div>\n\t\t\t\t<div class=\"elementor-element elementor-element-0e55342 elementor-widget elementor-widget-heading\" data-id=\"0e55342\" data-element_type=\"widget\" data-widget_type=\"heading.default\">\n\t\t\t\t<div class=\"elementor-widget-container\">\n\t\t\t<style>\/*! elementor - v3.18.0 - 20-12-2023 *\/\n.elementor-heading-title{padding:0;margin:0;line-height:1}.elementor-widget-heading .elementor-heading-title[class*=elementor-size-]>a{color:inherit;font-size:inherit;line-height:inherit}.elementor-widget-heading .elementor-heading-title.elementor-size-small{font-size:15px}.elementor-widget-heading .elementor-heading-title.elementor-size-medium{font-size:19px}.elementor-widget-heading .elementor-heading-title.elementor-size-large{font-size:29px}.elementor-widget-heading .elementor-heading-title.elementor-size-xl{font-size:39px}.elementor-widget-heading .elementor-heading-title.elementor-size-xxl{font-size:59px}<\/style><h1 class=\"elementor-heading-title elementor-size-default\">Bolsas azules para el marketing B2B\n<\/h1>\t\t<\/div>\n\t\t\t\t<\/div>\n\t\t\t\t<div class=\"elementor-element elementor-element-fa1b3fd elementor-widget elementor-widget-text-editor\" data-id=\"fa1b3fd\" data-element_type=\"widget\" data-widget_type=\"text-editor.default\">\n\t\t\t\t<div class=\"elementor-widget-container\">\n\t\t\t<style>\/*! elementor - v3.18.0 - 20-12-2023 *\/\n.elementor-widget-text-editor.elementor-drop-cap-view-stacked .elementor-drop-cap{background-color:#69727d;color:#fff}.elementor-widget-text-editor.elementor-drop-cap-view-framed .elementor-drop-cap{color:#69727d;border:3px solid;background-color:transparent}.elementor-widget-text-editor:not(.elementor-drop-cap-view-default) .elementor-drop-cap{margin-top:8px}.elementor-widget-text-editor:not(.elementor-drop-cap-view-default) .elementor-drop-cap-letter{width:1em;height:1em}.elementor-widget-text-editor .elementor-drop-cap{float:left;text-align:center;line-height:1;font-size:50px}.elementor-widget-text-editor .elementor-drop-cap-letter{display:inline-block}<\/style>\t\t\t\t<p><span style=\"font-weight: 400;\">Las bolsas de marca azules son una herramienta de marketing vers\u00e1til para las empresas que quieren reforzar su presencia de marca. Ideales para eventos corporativos, promociones en comercios y programas de reconocimiento de empleados, estas bolsas reutilizables de yute y algod\u00f3n transmiten profesionalidad, confianza y fiabilidad, al tiempo que promueven la sostenibilidad. <\/span><\/p>\n<h2>Por qu\u00e9 elegir bolsas azules para tu marketing B2B<\/h2>\n<p><span style=\"font-weight: 400;\">El azul se asocia con la confianza, la fiabilidad y la profesionalidad corporativa, perfecto para crear una impresi\u00f3n duradera en clientes, socios y empleados. Las bolsas azules de yute o algod\u00f3n con tu marca no s\u00f3lo muestran tu compromiso con la sostenibilidad, sino que tambi\u00e9n garantizan que tu marca se vea repetidamente en los entornos cotidianos. <\/span><\/p>\n<h3>Duradero y reutilizable para una m\u00e1xima exposici\u00f3n de la marca<\/h3>\n<p><span style=\"font-weight: 400;\">Nuestras bolsas azules est\u00e1n fabricadas con yute o algod\u00f3n de alta calidad, lo que garantiza su durabilidad y uso a largo plazo. Tanto si se utilizan como obsequios para eventos como si forman parte de promociones minoristas, proporcionan una visibilidad continua de la marca y una soluci\u00f3n pr\u00e1ctica de marketing para empresas de cualquier tama\u00f1o. <\/span><\/p>\n<h3>Opciones de personalizaci\u00f3n para la marca corporativa<\/h3>\n<p><span style=\"font-weight: 400;\">Las bolsas azules se pueden personalizar totalmente con el logotipo de tu empresa, el eslogan o dise\u00f1os espec\u00edficos para un evento. Esta flexibilidad las hace adecuadas para: <\/span><\/p>\n<ul>\n<li style=\"font-weight: 400;\" aria-level=\"1\"><span style=\"font-weight: 400;\">Eventos corporativos y ferias comerciales<\/span><span style=\"font-weight: 400;\">\n<p><\/span><\/li>\n<li style=\"font-weight: 400;\" aria-level=\"1\"><span style=\"font-weight: 400;\">Regalos de bienvenida o reconocimiento a los empleados<\/span><span style=\"font-weight: 400;\">\n<p><\/span><\/li>\n<li style=\"font-weight: 400;\" aria-level=\"1\"><span style=\"font-weight: 400;\">Bolsas de regalo con tu marca para conferencias y eventos de networking<\/span><span style=\"font-weight: 400;\">\n<p><\/span><\/li>\n<\/ul>\n<h3>Aplicaciones B2B de las bolsas de marca azul<\/h3>\n<ul>\n<li style=\"font-weight: 400;\" aria-level=\"1\"><b>Eventos corporativos y conferencias:<\/b><span style=\"font-weight: 400;\"> Mejora la experiencia de tus asistentes con bolsas azules reutilizables que dejan una impresi\u00f3n profesional.<\/span><span style=\"font-weight: 400;\">\n<p><\/span><\/li>\n<li style=\"font-weight: 400;\" aria-level=\"1\"><b>Promociones para minoristas:<\/b><span style=\"font-weight: 400;\"> Ofrece bolsas azules de marca en la tienda o en l\u00ednea para fomentar la fidelidad de los clientes y elevar la imagen ecol\u00f3gica de tu marca.<\/span><span style=\"font-weight: 400;\">\n<p><\/span><\/li>\n<li style=\"font-weight: 400;\" aria-level=\"1\"><b>Regalos para empleados:<\/b><span style=\"font-weight: 400;\"> Muestra tu agradecimiento con bolsas azules de alta calidad para paquetes de inducci\u00f3n o reconocimiento de hitos.<\/span><span style=\"font-weight: 400;\">\n<p><\/span><\/li>\n<li style=\"font-weight: 400;\" aria-level=\"1\"><b>Bolsas para regalos de eventos:<\/b><span style=\"font-weight: 400;\"> Perfectas para obsequios promocionales en eventos del sector, garantizando que tu marca se conozca mucho despu\u00e9s de que termine el evento.<\/span><span style=\"font-weight: 400;\">\n<p><\/span><\/li>\n<\/ul>\n<h2>Sostenibilidad y valor a largo plazo<\/h2>\n<p><span style=\"font-weight: 400;\">Elegir bolsas azules de yute o algod\u00f3n demuestra tu compromiso con las pr\u00e1cticas ecol\u00f3gicas. Estas bolsas reutilizables reducen los residuos de pl\u00e1stico de un solo uso y ponen de relieve las iniciativas de RSC de tu empresa, haciendo que tus esfuerzos de marketing no s\u00f3lo sean visibles, sino tambi\u00e9n significativos. <\/span><\/p>\n<h2>\u00bfPreparado para elevar tu marketing B2B con Blue Bags?<\/h2>\n<p><span style=\"font-weight: 400;\">As\u00f3ciate con GoJute para encargar bolsas azules personalizadas para tu pr\u00f3ximo evento corporativo, campa\u00f1a de venta al por menor o programa de regalos para empleados. Ponte en contacto con nosotros hoy mismo para hablar de pedidos al por mayor, dise\u00f1os personalizados y opciones de precios para empresas de todos los tama\u00f1os. <\/span><\/p>\n<p><a href=\"https:\/\/gojuteinternational.com\/es\/contacte-con-nosotros\/\"><span style=\"font-weight: 400;\">Contacte con nosotros<\/span><\/a><\/p>\n\t\t\t\t\t\t<\/div>\n\t\t\t\t<\/div>\n\t\t\t\t\t<\/div>\n\t\t<\/div>\n\t\t\t\t\t\t\t<\/div>\n\t\t<\/section>\n\t\t\t\t\t\t\t<\/div>\n\t\t","protected":false},"excerpt":{"rendered":"<p>Bolsas azules para el marketing B2B Las bolsas de marca azules son una herramienta de marketing vers\u00e1til para las empresas que quieren reforzar su presencia de marca. Ideales para eventos corporativos, promociones en comercios y programas de reconocimiento de empleados, estas bolsas reutilizables de yute y algod\u00f3n transmiten profesionalidad, confianza y fiabilidad, al tiempo que [&hellip;]<\/p>\n","protected":false},"author":6996,"featured_media":0,"parent":91100,"menu_order":0,"comment_status":"closed","ping_status":"closed","template":"elementor_header_footer","meta":{"content-type":"","_monsterinsights_skip_tracking":false,"_monsterinsights_sitenote_active":false,"_monsterinsights_sitenote_note":"","_monsterinsights_sitenote_category":0,"footnotes":""},"class_list":["post-90899","page","type-page","status-publish","hentry"],"yoast_head":"<!-- This site is optimized with the Yoast SEO plugin v21.7 - https:\/\/yoast.com\/wordpress\/plugins\/seo\/ -->\n<title>Bolsas azules para marketing B2B | Bolsas personalizadas de yute y algod\u00f3n para empresas<\/title>\n<meta name=\"description\" content=\"Descubre c\u00f3mo las bolsas azules de yute y algod\u00f3n pueden elevar tu marketing B2B. Perfectas para eventos corporativos, promociones en comercios, regalos a empleados y obsequios de marca.\" \/>\n<meta name=\"robots\" content=\"index, follow, max-snippet:-1, max-image-preview:large, max-video-preview:-1\" \/>\n<link rel=\"canonical\" href=\"https:\/\/gojuteinternational.com\/es\/coloured-tote-bags\/blue-bags\/\" \/>\n<meta property=\"og:locale\" content=\"es_ES\" \/>\n<meta property=\"og:type\" content=\"article\" \/>\n<meta property=\"og:title\" content=\"Bolsas azules para marketing B2B | Bolsas personalizadas de yute y algod\u00f3n para empresas\" \/>\n<meta property=\"og:description\" content=\"Descubre c\u00f3mo las bolsas azules de yute y algod\u00f3n pueden elevar tu marketing B2B. Perfectas para eventos corporativos, promociones en comercios, regalos a empleados y obsequios de marca.\" \/>\n<meta property=\"og:url\" content=\"https:\/\/gojuteinternational.com\/es\/coloured-tote-bags\/blue-bags\/\" \/>\n<meta property=\"og:site_name\" content=\"GoJute International\" \/>\n<meta property=\"article:publisher\" content=\"https:\/\/www.facebook.com\/gojute\" \/>\n<meta property=\"article:modified_time\" content=\"2025-09-16T11:15:58+00:00\" \/>\n<meta name=\"twitter:card\" content=\"summary_large_image\" \/>\n<meta name=\"twitter:label1\" content=\"Tiempo de lectura\" \/>\n\t<meta name=\"twitter:data1\" content=\"3 minutos\" \/>\n<script type=\"application\/ld+json\" class=\"yoast-schema-graph\">{\"@context\":\"https:\/\/schema.org\",\"@graph\":[{\"@type\":\"WebPage\",\"@id\":\"https:\/\/gojuteinternational.com\/es\/coloured-tote-bags\/blue-bags\/\",\"url\":\"https:\/\/gojuteinternational.com\/es\/coloured-tote-bags\/blue-bags\/\",\"name\":\"Bolsas azules para marketing B2B | Bolsas personalizadas de yute y algod\u00f3n para empresas\",\"isPartOf\":{\"@id\":\"https:\/\/gojuteinternational.com\/es\/#website\"},\"datePublished\":\"2025-09-09T12:21:46+00:00\",\"dateModified\":\"2025-09-16T11:15:58+00:00\",\"description\":\"Descubre c\u00f3mo las bolsas azules de yute y algod\u00f3n pueden elevar tu marketing B2B. Perfectas para eventos corporativos, promociones en comercios, regalos a empleados y obsequios de marca.\",\"breadcrumb\":{\"@id\":\"https:\/\/gojuteinternational.com\/es\/coloured-tote-bags\/blue-bags\/#breadcrumb\"},\"inLanguage\":\"es\",\"potentialAction\":[{\"@type\":\"ReadAction\",\"target\":[\"https:\/\/gojuteinternational.com\/es\/coloured-tote-bags\/blue-bags\/\"]}]},{\"@type\":\"BreadcrumbList\",\"@id\":\"https:\/\/gojuteinternational.com\/es\/coloured-tote-bags\/blue-bags\/#breadcrumb\",\"itemListElement\":[{\"@type\":\"ListItem\",\"position\":1,\"name\":\"Home\",\"item\":\"https:\/\/gojuteinternational.com\/es\/\"},{\"@type\":\"ListItem\",\"position\":2,\"name\":\"Bolsas azules para el marketing B2B\"}]},{\"@type\":\"WebSite\",\"@id\":\"https:\/\/gojuteinternational.com\/es\/#website\",\"url\":\"https:\/\/gojuteinternational.com\/es\/\",\"name\":\"GoJute International\",\"description\":\"Printed bags for business\",\"publisher\":{\"@id\":\"https:\/\/gojuteinternational.com\/es\/#organization\"},\"alternateName\":\"GoJute\",\"potentialAction\":[{\"@type\":\"SearchAction\",\"target\":{\"@type\":\"EntryPoint\",\"urlTemplate\":\"https:\/\/gojuteinternational.com\/es\/?s={search_term_string}\"},\"query-input\":\"required name=search_term_string\"}],\"inLanguage\":\"es\"},{\"@type\":\"Organization\",\"@id\":\"https:\/\/gojuteinternational.com\/es\/#organization\",\"name\":\"GoJute International\",\"alternateName\":\"GoJute\",\"url\":\"https:\/\/gojuteinternational.com\/es\/\",\"logo\":{\"@type\":\"ImageObject\",\"inLanguage\":\"es\",\"@id\":\"https:\/\/gojuteinternational.com\/es\/#\/schema\/logo\/image\/\",\"url\":\"https:\/\/gojuteinternational.com\/wp-content\/uploads\/2022\/06\/GoJute-Logo-RGB.png\",\"contentUrl\":\"https:\/\/gojuteinternational.com\/wp-content\/uploads\/2022\/06\/GoJute-Logo-RGB.png\",\"width\":2000,\"height\":1809,\"caption\":\"GoJute International\"},\"image\":{\"@id\":\"https:\/\/gojuteinternational.com\/es\/#\/schema\/logo\/image\/\"},\"sameAs\":[\"https:\/\/www.facebook.com\/gojute\",\"https:\/\/www.instagram.com\/gojute\/\"]}]}<\/script>\n<!-- \/ Yoast SEO plugin. -->","yoast_head_json":{"title":"Bolsas azules para marketing B2B | Bolsas personalizadas de yute y algod\u00f3n para empresas","description":"Descubre c\u00f3mo las bolsas azules de yute y algod\u00f3n pueden elevar tu marketing B2B. Perfectas para eventos corporativos, promociones en comercios, regalos a empleados y obsequios de marca.","robots":{"index":"index","follow":"follow","max-snippet":"max-snippet:-1","max-image-preview":"max-image-preview:large","max-video-preview":"max-video-preview:-1"},"canonical":"https:\/\/gojuteinternational.com\/es\/coloured-tote-bags\/blue-bags\/","og_locale":"es_ES","og_type":"article","og_title":"Bolsas azules para marketing B2B | Bolsas personalizadas de yute y algod\u00f3n para empresas","og_description":"Descubre c\u00f3mo las bolsas azules de yute y algod\u00f3n pueden elevar tu marketing B2B. Perfectas para eventos corporativos, promociones en comercios, regalos a empleados y obsequios de marca.","og_url":"https:\/\/gojuteinternational.com\/es\/coloured-tote-bags\/blue-bags\/","og_site_name":"GoJute International","article_publisher":"https:\/\/www.facebook.com\/gojute","article_modified_time":"2025-09-16T11:15:58+00:00","twitter_card":"summary_large_image","twitter_misc":{"Tiempo de lectura":"3 minutos"},"schema":{"@context":"https:\/\/schema.org","@graph":[{"@type":"WebPage","@id":"https:\/\/gojuteinternational.com\/es\/coloured-tote-bags\/blue-bags\/","url":"https:\/\/gojuteinternational.com\/es\/coloured-tote-bags\/blue-bags\/","name":"Bolsas azules para marketing B2B | Bolsas personalizadas de yute y algod\u00f3n para empresas","isPartOf":{"@id":"https:\/\/gojuteinternational.com\/es\/#website"},"datePublished":"2025-09-09T12:21:46+00:00","dateModified":"2025-09-16T11:15:58+00:00","description":"Descubre c\u00f3mo las bolsas azules de yute y algod\u00f3n pueden elevar tu marketing B2B. Perfectas para eventos corporativos, promociones en comercios, regalos a empleados y obsequios de marca.","breadcrumb":{"@id":"https:\/\/gojuteinternational.com\/es\/coloured-tote-bags\/blue-bags\/#breadcrumb"},"inLanguage":"es","potentialAction":[{"@type":"ReadAction","target":["https:\/\/gojuteinternational.com\/es\/coloured-tote-bags\/blue-bags\/"]}]},{"@type":"BreadcrumbList","@id":"https:\/\/gojuteinternational.com\/es\/coloured-tote-bags\/blue-bags\/#breadcrumb","itemListElement":[{"@type":"ListItem","position":1,"name":"Home","item":"https:\/\/gojuteinternational.com\/es\/"},{"@type":"ListItem","position":2,"name":"Bolsas azules para el marketing B2B"}]},{"@type":"WebSite","@id":"https:\/\/gojuteinternational.com\/es\/#website","url":"https:\/\/gojuteinternational.com\/es\/","name":"GoJute International","description":"Printed bags for business","publisher":{"@id":"https:\/\/gojuteinternational.com\/es\/#organization"},"alternateName":"GoJute","potentialAction":[{"@type":"SearchAction","target":{"@type":"EntryPoint","urlTemplate":"https:\/\/gojuteinternational.com\/es\/?s={search_term_string}"},"query-input":"required name=search_term_string"}],"inLanguage":"es"},{"@type":"Organization","@id":"https:\/\/gojuteinternational.com\/es\/#organization","name":"GoJute International","alternateName":"GoJute","url":"https:\/\/gojuteinternational.com\/es\/","logo":{"@type":"ImageObject","inLanguage":"es","@id":"https:\/\/gojuteinternational.com\/es\/#\/schema\/logo\/image\/","url":"https:\/\/gojuteinternational.com\/wp-content\/uploads\/2022\/06\/GoJute-Logo-RGB.png","contentUrl":"https:\/\/gojuteinternational.com\/wp-content\/uploads\/2022\/06\/GoJute-Logo-RGB.png","width":2000,"height":1809,"caption":"GoJute International"},"image":{"@id":"https:\/\/gojuteinternational.com\/es\/#\/schema\/logo\/image\/"},"sameAs":["https:\/\/www.facebook.com\/gojute","https:\/\/www.instagram.com\/gojute\/"]}]}},"_links":{"self":[{"href":"https:\/\/gojuteinternational.com\/es\/wp-json\/wp\/v2\/pages\/90899","targetHints":{"allow":["GET"]}}],"collection":[{"href":"https:\/\/gojuteinternational.com\/es\/wp-json\/wp\/v2\/pages"}],"about":[{"href":"https:\/\/gojuteinternational.com\/es\/wp-json\/wp\/v2\/types\/page"}],"author":[{"embeddable":true,"href":"https:\/\/gojuteinternational.com\/es\/wp-json\/wp\/v2\/users\/6996"}],"replies":[{"embeddable":true,"href":"https:\/\/gojuteinternational.com\/es\/wp-json\/wp\/v2\/comments?post=90899"}],"version-history":[{"count":4,"href":"https:\/\/gojuteinternational.com\/es\/wp-json\/wp\/v2\/pages\/90899\/revisions"}],"predecessor-version":[{"id":91173,"href":"https:\/\/gojuteinternational.com\/es\/wp-json\/wp\/v2\/pages\/90899\/revisions\/91173"}],"up":[{"embeddable":true,"href":"https:\/\/gojuteinternational.com\/es\/wp-json\/wp\/v2\/pages\/91100"}],"wp:attachment":[{"href":"https:\/\/gojuteinternational.com\/es\/wp-json\/wp\/v2\/media?parent=90899"}],"curies":[{"name":"wp","href":"https:\/\/api.w.org\/{rel}","templated":true}]}}