{"id":90925,"date":"2025-09-09T13:40:41","date_gmt":"2025-09-09T12:40:41","guid":{"rendered":"https:\/\/gojuteinternational.com\/green-bags-for-b2b-marketing\/"},"modified":"2025-09-16T13:09:13","modified_gmt":"2025-09-16T12:09:13","slug":"green-bags","status":"publish","type":"page","link":"https:\/\/gojuteinternational.com\/es\/coloured-tote-bags\/green-bags\/","title":{"rendered":"Bolsas verdes para el marketing B2B"},"content":{"rendered":"\t\t<div data-elementor-type=\"wp-page\" data-elementor-id=\"90925\" class=\"elementor elementor-90925 elementor-90923\" data-elementor-post-type=\"page\">\n\t\t\t\t\t\t\t\t\t<section class=\"elementor-section elementor-top-section elementor-element elementor-element-82c2e32 elementor-section-boxed elementor-section-height-default elementor-section-height-default\" data-id=\"82c2e32\" data-element_type=\"section\">\n\t\t\t\t\t\t<div class=\"elementor-container elementor-column-gap-default\">\n\t\t\t\t\t<div class=\"elementor-column elementor-col-100 elementor-top-column elementor-element elementor-element-6696d1f\" data-id=\"6696d1f\" data-element_type=\"column\">\n\t\t\t<div class=\"elementor-widget-wrap elementor-element-populated\">\n\t\t\t\t\t\t\t\t<div class=\"elementor-element elementor-element-a88ab37 elementor-widget elementor-widget-spacer\" data-id=\"a88ab37\" data-element_type=\"widget\" data-widget_type=\"spacer.default\">\n\t\t\t\t<div class=\"elementor-widget-container\">\n\t\t\t<style>\/*! elementor - v3.18.0 - 20-12-2023 *\/\n.elementor-column .elementor-spacer-inner{height:var(--spacer-size)}.e-con{--container-widget-width:100%}.e-con-inner>.elementor-widget-spacer,.e-con>.elementor-widget-spacer{width:var(--container-widget-width,var(--spacer-size));--align-self:var(--container-widget-align-self,initial);--flex-shrink:0}.e-con-inner>.elementor-widget-spacer>.elementor-widget-container,.e-con>.elementor-widget-spacer>.elementor-widget-container{height:100%;width:100%}.e-con-inner>.elementor-widget-spacer>.elementor-widget-container>.elementor-spacer,.e-con>.elementor-widget-spacer>.elementor-widget-container>.elementor-spacer{height:100%}.e-con-inner>.elementor-widget-spacer>.elementor-widget-container>.elementor-spacer>.elementor-spacer-inner,.e-con>.elementor-widget-spacer>.elementor-widget-container>.elementor-spacer>.elementor-spacer-inner{height:var(--container-widget-height,var(--spacer-size))}.e-con-inner>.elementor-widget-spacer.elementor-widget-empty,.e-con>.elementor-widget-spacer.elementor-widget-empty{position:relative;min-height:22px;min-width:22px}.e-con-inner>.elementor-widget-spacer.elementor-widget-empty .elementor-widget-empty-icon,.e-con>.elementor-widget-spacer.elementor-widget-empty .elementor-widget-empty-icon{position:absolute;top:0;bottom:0;left:0;right:0;margin:auto;padding:0;width:22px;height:22px}<\/style>\t\t<div class=\"elementor-spacer\">\n\t\t\t<div class=\"elementor-spacer-inner\"><\/div>\n\t\t<\/div>\n\t\t\t\t<\/div>\n\t\t\t\t<\/div>\n\t\t\t\t<div class=\"elementor-element elementor-element-9716343 elementor-widget elementor-widget-heading\" data-id=\"9716343\" data-element_type=\"widget\" data-widget_type=\"heading.default\">\n\t\t\t\t<div class=\"elementor-widget-container\">\n\t\t\t<style>\/*! elementor - v3.18.0 - 20-12-2023 *\/\n.elementor-heading-title{padding:0;margin:0;line-height:1}.elementor-widget-heading .elementor-heading-title[class*=elementor-size-]>a{color:inherit;font-size:inherit;line-height:inherit}.elementor-widget-heading .elementor-heading-title.elementor-size-small{font-size:15px}.elementor-widget-heading .elementor-heading-title.elementor-size-medium{font-size:19px}.elementor-widget-heading .elementor-heading-title.elementor-size-large{font-size:29px}.elementor-widget-heading .elementor-heading-title.elementor-size-xl{font-size:39px}.elementor-widget-heading .elementor-heading-title.elementor-size-xxl{font-size:59px}<\/style><h1 class=\"elementor-heading-title elementor-size-default\">Bolsas verdes para el marketing B2B<\/h1>\t\t<\/div>\n\t\t\t\t<\/div>\n\t\t\t\t<div class=\"elementor-element elementor-element-ec8be22 elementor-widget elementor-widget-text-editor\" data-id=\"ec8be22\" data-element_type=\"widget\" data-widget_type=\"text-editor.default\">\n\t\t\t\t<div class=\"elementor-widget-container\">\n\t\t\t<style>\/*! elementor - v3.18.0 - 20-12-2023 *\/\n.elementor-widget-text-editor.elementor-drop-cap-view-stacked .elementor-drop-cap{background-color:#69727d;color:#fff}.elementor-widget-text-editor.elementor-drop-cap-view-framed .elementor-drop-cap{color:#69727d;border:3px solid;background-color:transparent}.elementor-widget-text-editor:not(.elementor-drop-cap-view-default) .elementor-drop-cap{margin-top:8px}.elementor-widget-text-editor:not(.elementor-drop-cap-view-default) .elementor-drop-cap-letter{width:1em;height:1em}.elementor-widget-text-editor .elementor-drop-cap{float:left;text-align:center;line-height:1;font-size:50px}.elementor-widget-text-editor .elementor-drop-cap-letter{display:inline-block}<\/style>\t\t\t\t<p><span style=\"font-weight: 400;\">Las bolsas ecol\u00f3gicas de marca son la opci\u00f3n ideal para las empresas que quieren combinar sostenibilidad con un marketing impactante. Perfectas para eventos corporativos, promociones en comercios, programas de reconocimiento de empleados y regalos de eventos, estas bolsas reutilizables de yute y algod\u00f3n muestran el compromiso de tu marca con las pr\u00e1cticas respetuosas con el medio ambiente, al tiempo que ofrecen una soluci\u00f3n pr\u00e1ctica y elegante para el marketing B2B. <\/span><\/p>\n<h2>Por qu\u00e9 elegir bolsas verdes para tu marketing B2B<\/h2>\n<p><span style=\"font-weight: 400;\">El verde es el color de la sostenibilidad, el crecimiento y la confianza, por lo que es una opci\u00f3n excelente para las empresas que hacen hincapi\u00e9 en las pr\u00e1cticas ecol\u00f3gicas. Las bolsas verdes de yute o algod\u00f3n con tu marca no s\u00f3lo mejoran tus campa\u00f1as de marketing, sino que tambi\u00e9n ponen de relieve la dedicaci\u00f3n de tu empresa a las soluciones responsables con el medio ambiente. <\/span><\/p>\n<h3>Duradero y reutilizable para una m\u00e1xima visibilidad de la marca<\/h3>\n<p><span style=\"font-weight: 400;\">Fabricadas con yute o algod\u00f3n de alta calidad, las bolsas verdes est\u00e1n dise\u00f1adas para ser utilizadas repetidamente, garantizando la exposici\u00f3n de la marca a largo plazo. Son perfectas para las empresas que buscan una herramienta de marketing sostenible, rentable y de gran visibilidad. <\/span><\/p>\n<h3><b>Opciones de personalizaci\u00f3n para la marca corporativa<\/b><\/h3>\n<p><span style=\"font-weight: 400;\">Las bolsas verdes se pueden personalizar para reflejar la identidad de tu marca con logotipos, esl\u00f3ganes o gr\u00e1ficos espec\u00edficos para un evento. Los usos ideales son: <\/span><\/p>\n<ul>\n<li style=\"font-weight: 400;\" aria-level=\"1\"><span style=\"font-weight: 400;\">Eventos corporativos y ferias comerciales<\/span>\n<\/p>\n<\/li>\n<li style=\"font-weight: 400;\" aria-level=\"1\"><span style=\"font-weight: 400;\">Programas de regalos para empleados y paquetes de reconocimiento<\/span>\n<\/p>\n<\/li>\n<li style=\"font-weight: 400;\" aria-level=\"1\"><span style=\"font-weight: 400;\">Bolsas de regalo de marca para conferencias y campa\u00f1as promocionales<\/span>\n<\/p>\n<\/li>\n<\/ul>\n<h3>Aplicaciones B2B de las Bolsas de la Marca Verde<\/h3>\n<ul>\n<li style=\"font-weight: 400;\" aria-level=\"1\"><b>Eventos corporativos y conferencias:<\/b><span style=\"font-weight: 400;\"> Causa una impresi\u00f3n duradera en los asistentes con bolsas ecol\u00f3gicas reutilizables que combinan estilo y sostenibilidad.<\/span>\n<\/p>\n<\/li>\n<li style=\"font-weight: 400;\" aria-level=\"1\"><b>Promociones para minoristas:<\/b><span style=\"font-weight: 400;\"> Ofrece bolsas ecol\u00f3gicas de marca a los clientes, mejorando su experiencia de compra y reforzando al mismo tiempo tu imagen de marca ecol\u00f3gica.<\/span>\n<\/p>\n<\/li>\n<li style=\"font-weight: 400;\" aria-level=\"1\"><b>Regalos para empleados:<\/b><span style=\"font-weight: 400;\"> Recompensa a los empleados con bolsas verdes de alta calidad por hitos, paquetes de iniciaci\u00f3n o programas de reconocimiento.<\/span>\n<\/p>\n<\/li>\n<li style=\"font-weight: 400;\" aria-level=\"1\"><b>Bolsas de regalo para eventos:<\/b><span style=\"font-weight: 400;\"> Distribuye bolsas de marca verde en eventos promocionales o ferias comerciales para aumentar la notoriedad de marca y el compromiso.<\/span>\n<\/p>\n<\/li>\n<\/ul>\n<h2>Sostenibilidad y valor a largo plazo<\/h2>\n<p><span style=\"font-weight: 400;\">Las bolsas verdes de yute o algod\u00f3n comunican el compromiso de tu empresa con la sostenibilidad. Al reducir los pl\u00e1sticos de un solo uso y promover los productos reutilizables, estas bolsas refuerzan tu estrategia de marketing B2B y demuestran responsabilidad social. <\/span><\/p>\n<h2>\u00bfPreparado para promocionar tu marca con Bolsas Verdes?<\/h2>\n<p><span style=\"font-weight: 400;\">As\u00f3ciate con GoJute para encargar bolsas verdes personalizadas para eventos corporativos, promociones en comercios, regalos para empleados o regalos para eventos. Ponte en contacto con nosotros hoy mismo para hablar de pedidos al por mayor, dise\u00f1os personalizados y opciones de precios para empresas de todos los tama\u00f1os. <\/span><\/p>\n<p><a href=\"https:\/\/gojuteinternational.com\/es\/contacte-con-nosotros\/\"><span style=\"font-weight: 400;\">Contacte con nosotros<\/span><\/a><\/p>\n\t\t\t\t\t\t<\/div>\n\t\t\t\t<\/div>\n\t\t\t\t\t<\/div>\n\t\t<\/div>\n\t\t\t\t\t\t\t<\/div>\n\t\t<\/section>\n\t\t\t\t\t\t\t<\/div>\n\t\t","protected":false},"excerpt":{"rendered":"<p>Bolsas verdes para el marketing B2B Las bolsas ecol\u00f3gicas de marca son la opci\u00f3n ideal para las empresas que quieren combinar sostenibilidad con un marketing impactante. Perfectas para eventos corporativos, promociones en comercios, programas de reconocimiento de empleados y regalos de eventos, estas bolsas reutilizables de yute y algod\u00f3n muestran el compromiso de tu marca [&hellip;]<\/p>\n","protected":false},"author":6996,"featured_media":0,"parent":91100,"menu_order":0,"comment_status":"closed","ping_status":"closed","template":"elementor_header_footer","meta":{"content-type":"","_monsterinsights_skip_tracking":false,"_monsterinsights_sitenote_active":false,"_monsterinsights_sitenote_note":"","_monsterinsights_sitenote_category":0,"footnotes":""},"class_list":["post-90925","page","type-page","status-publish","hentry"],"yoast_head":"<!-- This site is optimized with the Yoast SEO plugin v21.7 - https:\/\/yoast.com\/wordpress\/plugins\/seo\/ -->\n<title>Bolsas ecol\u00f3gicas para marketing B2B | Bolsas de yute y algod\u00f3n personalizadas para empresas<\/title>\n<meta name=\"description\" content=\"Descubre las bolsas verdes de yute y algod\u00f3n para marketing B2B. Perfectas para eventos corporativos, promociones en comercios, regalos para empleados y obsequios de marca.\" \/>\n<meta name=\"robots\" content=\"index, follow, max-snippet:-1, max-image-preview:large, max-video-preview:-1\" \/>\n<link rel=\"canonical\" href=\"https:\/\/gojuteinternational.com\/es\/coloured-tote-bags\/green-bags\/\" \/>\n<meta property=\"og:locale\" content=\"es_ES\" \/>\n<meta property=\"og:type\" content=\"article\" \/>\n<meta property=\"og:title\" content=\"Bolsas ecol\u00f3gicas para marketing B2B | Bolsas de yute y algod\u00f3n personalizadas para empresas\" \/>\n<meta property=\"og:description\" content=\"Descubre las bolsas verdes de yute y algod\u00f3n para marketing B2B. Perfectas para eventos corporativos, promociones en comercios, regalos para empleados y obsequios de marca.\" \/>\n<meta property=\"og:url\" content=\"https:\/\/gojuteinternational.com\/es\/coloured-tote-bags\/green-bags\/\" \/>\n<meta property=\"og:site_name\" content=\"GoJute International\" \/>\n<meta property=\"article:publisher\" content=\"https:\/\/www.facebook.com\/gojute\" \/>\n<meta property=\"article:modified_time\" content=\"2025-09-16T12:09:13+00:00\" \/>\n<meta name=\"twitter:card\" content=\"summary_large_image\" \/>\n<meta name=\"twitter:label1\" content=\"Tiempo de lectura\" \/>\n\t<meta name=\"twitter:data1\" content=\"3 minutos\" \/>\n<script type=\"application\/ld+json\" class=\"yoast-schema-graph\">{\"@context\":\"https:\/\/schema.org\",\"@graph\":[{\"@type\":\"WebPage\",\"@id\":\"https:\/\/gojuteinternational.com\/es\/coloured-tote-bags\/green-bags\/\",\"url\":\"https:\/\/gojuteinternational.com\/es\/coloured-tote-bags\/green-bags\/\",\"name\":\"Bolsas ecol\u00f3gicas para marketing B2B | Bolsas de yute y algod\u00f3n personalizadas para empresas\",\"isPartOf\":{\"@id\":\"https:\/\/gojuteinternational.com\/es\/#website\"},\"datePublished\":\"2025-09-09T12:40:41+00:00\",\"dateModified\":\"2025-09-16T12:09:13+00:00\",\"description\":\"Descubre las bolsas verdes de yute y algod\u00f3n para marketing B2B. Perfectas para eventos corporativos, promociones en comercios, regalos para empleados y obsequios de marca.\",\"breadcrumb\":{\"@id\":\"https:\/\/gojuteinternational.com\/es\/coloured-tote-bags\/green-bags\/#breadcrumb\"},\"inLanguage\":\"es\",\"potentialAction\":[{\"@type\":\"ReadAction\",\"target\":[\"https:\/\/gojuteinternational.com\/es\/coloured-tote-bags\/green-bags\/\"]}]},{\"@type\":\"BreadcrumbList\",\"@id\":\"https:\/\/gojuteinternational.com\/es\/coloured-tote-bags\/green-bags\/#breadcrumb\",\"itemListElement\":[{\"@type\":\"ListItem\",\"position\":1,\"name\":\"Home\",\"item\":\"https:\/\/gojuteinternational.com\/es\/\"},{\"@type\":\"ListItem\",\"position\":2,\"name\":\"Bolsas de colores personalizadas para la marca corporativa\",\"item\":\"https:\/\/gojuteinternational.com\/es\/coloured-tote-bags\/\"},{\"@type\":\"ListItem\",\"position\":3,\"name\":\"Bolsas verdes para el marketing B2B\"}]},{\"@type\":\"WebSite\",\"@id\":\"https:\/\/gojuteinternational.com\/es\/#website\",\"url\":\"https:\/\/gojuteinternational.com\/es\/\",\"name\":\"GoJute International\",\"description\":\"Printed bags for business\",\"publisher\":{\"@id\":\"https:\/\/gojuteinternational.com\/es\/#organization\"},\"alternateName\":\"GoJute\",\"potentialAction\":[{\"@type\":\"SearchAction\",\"target\":{\"@type\":\"EntryPoint\",\"urlTemplate\":\"https:\/\/gojuteinternational.com\/es\/?s={search_term_string}\"},\"query-input\":\"required name=search_term_string\"}],\"inLanguage\":\"es\"},{\"@type\":\"Organization\",\"@id\":\"https:\/\/gojuteinternational.com\/es\/#organization\",\"name\":\"GoJute International\",\"alternateName\":\"GoJute\",\"url\":\"https:\/\/gojuteinternational.com\/es\/\",\"logo\":{\"@type\":\"ImageObject\",\"inLanguage\":\"es\",\"@id\":\"https:\/\/gojuteinternational.com\/es\/#\/schema\/logo\/image\/\",\"url\":\"https:\/\/gojuteinternational.com\/wp-content\/uploads\/2022\/06\/GoJute-Logo-RGB.png\",\"contentUrl\":\"https:\/\/gojuteinternational.com\/wp-content\/uploads\/2022\/06\/GoJute-Logo-RGB.png\",\"width\":2000,\"height\":1809,\"caption\":\"GoJute International\"},\"image\":{\"@id\":\"https:\/\/gojuteinternational.com\/es\/#\/schema\/logo\/image\/\"},\"sameAs\":[\"https:\/\/www.facebook.com\/gojute\",\"https:\/\/www.instagram.com\/gojute\/\"]}]}<\/script>\n<!-- \/ Yoast SEO plugin. -->","yoast_head_json":{"title":"Bolsas ecol\u00f3gicas para marketing B2B | Bolsas de yute y algod\u00f3n personalizadas para empresas","description":"Descubre las bolsas verdes de yute y algod\u00f3n para marketing B2B. Perfectas para eventos corporativos, promociones en comercios, regalos para empleados y obsequios de marca.","robots":{"index":"index","follow":"follow","max-snippet":"max-snippet:-1","max-image-preview":"max-image-preview:large","max-video-preview":"max-video-preview:-1"},"canonical":"https:\/\/gojuteinternational.com\/es\/coloured-tote-bags\/green-bags\/","og_locale":"es_ES","og_type":"article","og_title":"Bolsas ecol\u00f3gicas para marketing B2B | Bolsas de yute y algod\u00f3n personalizadas para empresas","og_description":"Descubre las bolsas verdes de yute y algod\u00f3n para marketing B2B. Perfectas para eventos corporativos, promociones en comercios, regalos para empleados y obsequios de marca.","og_url":"https:\/\/gojuteinternational.com\/es\/coloured-tote-bags\/green-bags\/","og_site_name":"GoJute International","article_publisher":"https:\/\/www.facebook.com\/gojute","article_modified_time":"2025-09-16T12:09:13+00:00","twitter_card":"summary_large_image","twitter_misc":{"Tiempo de lectura":"3 minutos"},"schema":{"@context":"https:\/\/schema.org","@graph":[{"@type":"WebPage","@id":"https:\/\/gojuteinternational.com\/es\/coloured-tote-bags\/green-bags\/","url":"https:\/\/gojuteinternational.com\/es\/coloured-tote-bags\/green-bags\/","name":"Bolsas ecol\u00f3gicas para marketing B2B | Bolsas de yute y algod\u00f3n personalizadas para empresas","isPartOf":{"@id":"https:\/\/gojuteinternational.com\/es\/#website"},"datePublished":"2025-09-09T12:40:41+00:00","dateModified":"2025-09-16T12:09:13+00:00","description":"Descubre las bolsas verdes de yute y algod\u00f3n para marketing B2B. Perfectas para eventos corporativos, promociones en comercios, regalos para empleados y obsequios de marca.","breadcrumb":{"@id":"https:\/\/gojuteinternational.com\/es\/coloured-tote-bags\/green-bags\/#breadcrumb"},"inLanguage":"es","potentialAction":[{"@type":"ReadAction","target":["https:\/\/gojuteinternational.com\/es\/coloured-tote-bags\/green-bags\/"]}]},{"@type":"BreadcrumbList","@id":"https:\/\/gojuteinternational.com\/es\/coloured-tote-bags\/green-bags\/#breadcrumb","itemListElement":[{"@type":"ListItem","position":1,"name":"Home","item":"https:\/\/gojuteinternational.com\/es\/"},{"@type":"ListItem","position":2,"name":"Bolsas de colores personalizadas para la marca corporativa","item":"https:\/\/gojuteinternational.com\/es\/coloured-tote-bags\/"},{"@type":"ListItem","position":3,"name":"Bolsas verdes para el marketing B2B"}]},{"@type":"WebSite","@id":"https:\/\/gojuteinternational.com\/es\/#website","url":"https:\/\/gojuteinternational.com\/es\/","name":"GoJute International","description":"Printed bags for business","publisher":{"@id":"https:\/\/gojuteinternational.com\/es\/#organization"},"alternateName":"GoJute","potentialAction":[{"@type":"SearchAction","target":{"@type":"EntryPoint","urlTemplate":"https:\/\/gojuteinternational.com\/es\/?s={search_term_string}"},"query-input":"required name=search_term_string"}],"inLanguage":"es"},{"@type":"Organization","@id":"https:\/\/gojuteinternational.com\/es\/#organization","name":"GoJute International","alternateName":"GoJute","url":"https:\/\/gojuteinternational.com\/es\/","logo":{"@type":"ImageObject","inLanguage":"es","@id":"https:\/\/gojuteinternational.com\/es\/#\/schema\/logo\/image\/","url":"https:\/\/gojuteinternational.com\/wp-content\/uploads\/2022\/06\/GoJute-Logo-RGB.png","contentUrl":"https:\/\/gojuteinternational.com\/wp-content\/uploads\/2022\/06\/GoJute-Logo-RGB.png","width":2000,"height":1809,"caption":"GoJute International"},"image":{"@id":"https:\/\/gojuteinternational.com\/es\/#\/schema\/logo\/image\/"},"sameAs":["https:\/\/www.facebook.com\/gojute","https:\/\/www.instagram.com\/gojute\/"]}]}},"_links":{"self":[{"href":"https:\/\/gojuteinternational.com\/es\/wp-json\/wp\/v2\/pages\/90925","targetHints":{"allow":["GET"]}}],"collection":[{"href":"https:\/\/gojuteinternational.com\/es\/wp-json\/wp\/v2\/pages"}],"about":[{"href":"https:\/\/gojuteinternational.com\/es\/wp-json\/wp\/v2\/types\/page"}],"author":[{"embeddable":true,"href":"https:\/\/gojuteinternational.com\/es\/wp-json\/wp\/v2\/users\/6996"}],"replies":[{"embeddable":true,"href":"https:\/\/gojuteinternational.com\/es\/wp-json\/wp\/v2\/comments?post=90925"}],"version-history":[{"count":4,"href":"https:\/\/gojuteinternational.com\/es\/wp-json\/wp\/v2\/pages\/90925\/revisions"}],"predecessor-version":[{"id":91179,"href":"https:\/\/gojuteinternational.com\/es\/wp-json\/wp\/v2\/pages\/90925\/revisions\/91179"}],"up":[{"embeddable":true,"href":"https:\/\/gojuteinternational.com\/es\/wp-json\/wp\/v2\/pages\/91100"}],"wp:attachment":[{"href":"https:\/\/gojuteinternational.com\/es\/wp-json\/wp\/v2\/media?parent=90925"}],"curies":[{"name":"wp","href":"https:\/\/api.w.org\/{rel}","templated":true}]}}