{"id":90980,"date":"2025-09-10T08:44:10","date_gmt":"2025-09-10T07:44:10","guid":{"rendered":"https:\/\/gojuteinternational.com\/black-bags-for-b2b-marketing\/"},"modified":"2025-09-16T12:12:12","modified_gmt":"2025-09-16T11:12:12","slug":"black-bags","status":"publish","type":"page","link":"https:\/\/gojuteinternational.com\/es\/coloured-tote-bags\/black-bags\/","title":{"rendered":"Bolsas negras para el marketing B2B"},"content":{"rendered":"\t\t<div data-elementor-type=\"wp-page\" data-elementor-id=\"90980\" class=\"elementor elementor-90980 elementor-90975\" data-elementor-post-type=\"page\">\n\t\t\t\t\t\t\t\t\t<section class=\"elementor-section elementor-top-section elementor-element elementor-element-6c6b59b elementor-section-boxed elementor-section-height-default elementor-section-height-default\" data-id=\"6c6b59b\" data-element_type=\"section\">\n\t\t\t\t\t\t<div class=\"elementor-container elementor-column-gap-default\">\n\t\t\t\t\t<div class=\"elementor-column elementor-col-100 elementor-top-column elementor-element elementor-element-ca13925\" data-id=\"ca13925\" data-element_type=\"column\">\n\t\t\t<div class=\"elementor-widget-wrap elementor-element-populated\">\n\t\t\t\t\t\t\t\t<div class=\"elementor-element elementor-element-46c67db elementor-widget elementor-widget-spacer\" data-id=\"46c67db\" data-element_type=\"widget\" data-widget_type=\"spacer.default\">\n\t\t\t\t<div class=\"elementor-widget-container\">\n\t\t\t<style>\/*! elementor - v3.18.0 - 20-12-2023 *\/\n.elementor-column .elementor-spacer-inner{height:var(--spacer-size)}.e-con{--container-widget-width:100%}.e-con-inner>.elementor-widget-spacer,.e-con>.elementor-widget-spacer{width:var(--container-widget-width,var(--spacer-size));--align-self:var(--container-widget-align-self,initial);--flex-shrink:0}.e-con-inner>.elementor-widget-spacer>.elementor-widget-container,.e-con>.elementor-widget-spacer>.elementor-widget-container{height:100%;width:100%}.e-con-inner>.elementor-widget-spacer>.elementor-widget-container>.elementor-spacer,.e-con>.elementor-widget-spacer>.elementor-widget-container>.elementor-spacer{height:100%}.e-con-inner>.elementor-widget-spacer>.elementor-widget-container>.elementor-spacer>.elementor-spacer-inner,.e-con>.elementor-widget-spacer>.elementor-widget-container>.elementor-spacer>.elementor-spacer-inner{height:var(--container-widget-height,var(--spacer-size))}.e-con-inner>.elementor-widget-spacer.elementor-widget-empty,.e-con>.elementor-widget-spacer.elementor-widget-empty{position:relative;min-height:22px;min-width:22px}.e-con-inner>.elementor-widget-spacer.elementor-widget-empty .elementor-widget-empty-icon,.e-con>.elementor-widget-spacer.elementor-widget-empty .elementor-widget-empty-icon{position:absolute;top:0;bottom:0;left:0;right:0;margin:auto;padding:0;width:22px;height:22px}<\/style>\t\t<div class=\"elementor-spacer\">\n\t\t\t<div class=\"elementor-spacer-inner\"><\/div>\n\t\t<\/div>\n\t\t\t\t<\/div>\n\t\t\t\t<\/div>\n\t\t\t\t<div class=\"elementor-element elementor-element-83c3f6a elementor-widget elementor-widget-heading\" data-id=\"83c3f6a\" data-element_type=\"widget\" data-widget_type=\"heading.default\">\n\t\t\t\t<div class=\"elementor-widget-container\">\n\t\t\t<style>\/*! elementor - v3.18.0 - 20-12-2023 *\/\n.elementor-heading-title{padding:0;margin:0;line-height:1}.elementor-widget-heading .elementor-heading-title[class*=elementor-size-]>a{color:inherit;font-size:inherit;line-height:inherit}.elementor-widget-heading .elementor-heading-title.elementor-size-small{font-size:15px}.elementor-widget-heading .elementor-heading-title.elementor-size-medium{font-size:19px}.elementor-widget-heading .elementor-heading-title.elementor-size-large{font-size:29px}.elementor-widget-heading .elementor-heading-title.elementor-size-xl{font-size:39px}.elementor-widget-heading .elementor-heading-title.elementor-size-xxl{font-size:59px}<\/style><h1 class=\"elementor-heading-title elementor-size-default\">Bolsas negras para el marketing B2B\n<\/h1>\t\t<\/div>\n\t\t\t\t<\/div>\n\t\t\t\t<div class=\"elementor-element elementor-element-a3ed61e elementor-widget elementor-widget-text-editor\" data-id=\"a3ed61e\" data-element_type=\"widget\" data-widget_type=\"text-editor.default\">\n\t\t\t\t<div class=\"elementor-widget-container\">\n\t\t\t<style>\/*! elementor - v3.18.0 - 20-12-2023 *\/\n.elementor-widget-text-editor.elementor-drop-cap-view-stacked .elementor-drop-cap{background-color:#69727d;color:#fff}.elementor-widget-text-editor.elementor-drop-cap-view-framed .elementor-drop-cap{color:#69727d;border:3px solid;background-color:transparent}.elementor-widget-text-editor:not(.elementor-drop-cap-view-default) .elementor-drop-cap{margin-top:8px}.elementor-widget-text-editor:not(.elementor-drop-cap-view-default) .elementor-drop-cap-letter{width:1em;height:1em}.elementor-widget-text-editor .elementor-drop-cap{float:left;text-align:center;line-height:1;font-size:50px}.elementor-widget-text-editor .elementor-drop-cap-letter{display:inline-block}<\/style>\t\t\t\t<p><span style=\"font-weight: 400;\">Las bolsas negras de marca son una opci\u00f3n elegante, profesional y vers\u00e1til para las empresas que buscan soluciones de marketing B2B de gran impacto. Perfectas para eventos corporativos, promociones en comercios, reconocimiento de empleados y regalos de eventos, estas bolsas reutilizables de yute y algod\u00f3n combinan estilo y funcionalidad, garantizando que tu marca sea vista y recordada. <\/span><\/p>\n<h2>Por qu\u00e9 elegir bolsas negras para tu marketing B2B<\/h2>\n<p><span style=\"font-weight: 400;\">El negro transmite sofisticaci\u00f3n, autoridad y fiabilidad. Utilizar bolsas negras de marca en tus campa\u00f1as mejora la imagen profesional de tu marca, al tiempo que apoya las pr\u00e1cticas sostenibles mediante materiales reutilizables de yute y algod\u00f3n. <\/span><\/p>\n<h3>Duradero y de larga duraci\u00f3n para una m\u00e1xima exposici\u00f3n<\/h3>\n<p><span style=\"font-weight: 400;\">Hechas de yute o algod\u00f3n de alta calidad, las bolsas negras est\u00e1n dise\u00f1adas para un uso repetido, dando a tu marca visibilidad a largo plazo. Proporcionan una alternativa pr\u00e1ctica y ecol\u00f3gica a los envases desechables, a la vez que mejoran los esfuerzos de marketing. <\/span><\/p>\n<h3>Opciones de personalizaci\u00f3n para la marca corporativa<\/h3>\n<p><span style=\"font-weight: 400;\">Las bolsas negras pueden personalizarse con logotipos, esl\u00f3ganes o dise\u00f1os espec\u00edficos para cada evento. Las principales aplicaciones B2B son: <\/span><\/p>\n<ul>\n<li style=\"font-weight: 400;\" aria-level=\"1\"><span style=\"font-weight: 400;\">Eventos corporativos y ferias comerciales<\/span><span style=\"font-weight: 400;\">\n<p><\/span><\/li>\n<li style=\"font-weight: 400;\" aria-level=\"1\"><span style=\"font-weight: 400;\">Promociones al por menor y regalos a los clientes<\/span><span style=\"font-weight: 400;\">\n<p><\/span><\/li>\n<li style=\"font-weight: 400;\" aria-level=\"1\"><span style=\"font-weight: 400;\">Programas de regalos para empleados<\/span><span style=\"font-weight: 400;\">\n<p><\/span><\/li>\n<li style=\"font-weight: 400;\" aria-level=\"1\"><span style=\"font-weight: 400;\">Bolsas de regalo para conferencias y campa\u00f1as de marketing<\/span><span style=\"font-weight: 400;\">\n<p><\/span><\/li>\n<\/ul>\n<h3>Aplicaciones B2B de las bolsas de marca negras<\/h3>\n<ul>\n<li style=\"font-weight: 400;\" aria-level=\"1\"><b>Eventos corporativos y conferencias:<\/b><span style=\"font-weight: 400;\"> Utiliza bolsas negras para dar un aspecto pulido y profesional, dejando una fuerte impresi\u00f3n en los asistentes.<\/span><span style=\"font-weight: 400;\">\n<p><\/span><\/li>\n<li style=\"font-weight: 400;\" aria-level=\"1\"><b>Promociones al por menor:<\/b><span style=\"font-weight: 400;\"> Ofrece bolsas negras de marca a los clientes, proporcion\u00e1ndoles un art\u00edculo para llevar reutilizable y de alta calidad que refuerce tu marca.<\/span><span style=\"font-weight: 400;\">\n<p><\/span><\/li>\n<li style=\"font-weight: 400;\" aria-level=\"1\"><b>Regalos para empleados:<\/b><span style=\"font-weight: 400;\"> Recompensa a los empleados con bolsas negras de primera calidad por reconocimiento, inducci\u00f3n o hitos corporativos.<\/span><span style=\"font-weight: 400;\">\n<p><\/span><\/li>\n<li style=\"font-weight: 400;\" aria-level=\"1\"><b>Bolsas de regalo para eventos:<\/b><span style=\"font-weight: 400;\"> Distribuye bolsas negras de marca en eventos promocionales o ferias comerciales para impulsar el compromiso y mantener la visibilidad de la marca.<\/span><span style=\"font-weight: 400;\">\n<p><\/span><\/li>\n<\/ul>\n<h2>Sostenibilidad y valor a largo plazo<\/h2>\n<p><span style=\"font-weight: 400;\">Las bolsas negras de yute y algod\u00f3n demuestran el compromiso de tu empresa con la sostenibilidad, al tiempo que proporcionan un producto promocional reutilizable y respetuoso con el medio ambiente. Su durabilidad garantiza que tu marca siga siendo visible mucho despu\u00e9s de la distribuci\u00f3n inicial. <\/span><\/p>\n<h2>\u00bfListo para promocionar tu marca con bolsas negras?<\/h2>\n<p><span style=\"font-weight: 400;\">As\u00f3ciate con GoJute para encargar bolsas negras personalizadas para eventos corporativos, promociones en comercios, regalos para empleados u obsequios para eventos. Explora los pedidos al por mayor, los dise\u00f1os personalizados y las opciones de precios adaptadas a empresas de todos los tama\u00f1os. <\/span><\/p>\n<p><a href=\"https:\/\/gojuteinternational.com\/es\/contacte-con-nosotros\/\"><span style=\"font-weight: 400;\">Contacte con nosotros<\/span><\/a><\/p><\/p>\n\t\t\t\t\t\t<\/div>\n\t\t\t\t<\/div>\n\t\t\t\t\t<\/div>\n\t\t<\/div>\n\t\t\t\t\t\t\t<\/div>\n\t\t<\/section>\n\t\t\t\t\t\t\t<\/div>\n\t\t","protected":false},"excerpt":{"rendered":"<p>Bolsas negras para el marketing B2B Las bolsas negras de marca son una opci\u00f3n elegante, profesional y vers\u00e1til para las empresas que buscan soluciones de marketing B2B de gran impacto. Perfectas para eventos corporativos, promociones en comercios, reconocimiento de empleados y regalos de eventos, estas bolsas reutilizables de yute y algod\u00f3n combinan estilo y funcionalidad, [&hellip;]<\/p>\n","protected":false},"author":6996,"featured_media":0,"parent":91100,"menu_order":0,"comment_status":"closed","ping_status":"closed","template":"elementor_header_footer","meta":{"content-type":"","_monsterinsights_skip_tracking":false,"_monsterinsights_sitenote_active":false,"_monsterinsights_sitenote_note":"","_monsterinsights_sitenote_category":0,"footnotes":""},"class_list":["post-90980","page","type-page","status-publish","hentry"],"yoast_head":"<!-- This site is optimized with the Yoast SEO plugin v21.7 - https:\/\/yoast.com\/wordpress\/plugins\/seo\/ -->\n<title>Bolsas Negras para Marketing B2B | Bolsas de Yute y Algod\u00f3n Personalizadas para Empresas<\/title>\n<meta name=\"description\" content=\"Descubre las bolsas negras de yute y algod\u00f3n para marketing B2B. Perfectas para eventos corporativos, promociones en comercios, regalos para empleados y obsequios de marca.\" \/>\n<meta name=\"robots\" content=\"index, follow, max-snippet:-1, max-image-preview:large, max-video-preview:-1\" \/>\n<link rel=\"canonical\" href=\"https:\/\/gojuteinternational.com\/es\/coloured-tote-bags\/black-bags\/\" \/>\n<meta property=\"og:locale\" content=\"es_ES\" \/>\n<meta property=\"og:type\" content=\"article\" \/>\n<meta property=\"og:title\" content=\"Bolsas Negras para Marketing B2B | Bolsas de Yute y Algod\u00f3n Personalizadas para Empresas\" \/>\n<meta property=\"og:description\" content=\"Descubre las bolsas negras de yute y algod\u00f3n para marketing B2B. Perfectas para eventos corporativos, promociones en comercios, regalos para empleados y obsequios de marca.\" \/>\n<meta property=\"og:url\" content=\"https:\/\/gojuteinternational.com\/es\/coloured-tote-bags\/black-bags\/\" \/>\n<meta property=\"og:site_name\" content=\"GoJute International\" \/>\n<meta property=\"article:publisher\" content=\"https:\/\/www.facebook.com\/gojute\" \/>\n<meta property=\"article:modified_time\" content=\"2025-09-16T11:12:12+00:00\" \/>\n<meta name=\"twitter:card\" content=\"summary_large_image\" \/>\n<meta name=\"twitter:label1\" content=\"Tiempo de lectura\" \/>\n\t<meta name=\"twitter:data1\" content=\"2 minutos\" \/>\n<script type=\"application\/ld+json\" class=\"yoast-schema-graph\">{\"@context\":\"https:\/\/schema.org\",\"@graph\":[{\"@type\":\"WebPage\",\"@id\":\"https:\/\/gojuteinternational.com\/es\/coloured-tote-bags\/black-bags\/\",\"url\":\"https:\/\/gojuteinternational.com\/es\/coloured-tote-bags\/black-bags\/\",\"name\":\"Bolsas Negras para Marketing B2B | Bolsas de Yute y Algod\u00f3n Personalizadas para Empresas\",\"isPartOf\":{\"@id\":\"https:\/\/gojuteinternational.com\/es\/#website\"},\"datePublished\":\"2025-09-10T07:44:10+00:00\",\"dateModified\":\"2025-09-16T11:12:12+00:00\",\"description\":\"Descubre las bolsas negras de yute y algod\u00f3n para marketing B2B. Perfectas para eventos corporativos, promociones en comercios, regalos para empleados y obsequios de marca.\",\"breadcrumb\":{\"@id\":\"https:\/\/gojuteinternational.com\/es\/coloured-tote-bags\/black-bags\/#breadcrumb\"},\"inLanguage\":\"es\",\"potentialAction\":[{\"@type\":\"ReadAction\",\"target\":[\"https:\/\/gojuteinternational.com\/es\/coloured-tote-bags\/black-bags\/\"]}]},{\"@type\":\"BreadcrumbList\",\"@id\":\"https:\/\/gojuteinternational.com\/es\/coloured-tote-bags\/black-bags\/#breadcrumb\",\"itemListElement\":[{\"@type\":\"ListItem\",\"position\":1,\"name\":\"Home\",\"item\":\"https:\/\/gojuteinternational.com\/es\/\"},{\"@type\":\"ListItem\",\"position\":2,\"name\":\"Bolsas negras para el marketing B2B\"}]},{\"@type\":\"WebSite\",\"@id\":\"https:\/\/gojuteinternational.com\/es\/#website\",\"url\":\"https:\/\/gojuteinternational.com\/es\/\",\"name\":\"GoJute International\",\"description\":\"Printed bags for business\",\"publisher\":{\"@id\":\"https:\/\/gojuteinternational.com\/es\/#organization\"},\"alternateName\":\"GoJute\",\"potentialAction\":[{\"@type\":\"SearchAction\",\"target\":{\"@type\":\"EntryPoint\",\"urlTemplate\":\"https:\/\/gojuteinternational.com\/es\/?s={search_term_string}\"},\"query-input\":\"required name=search_term_string\"}],\"inLanguage\":\"es\"},{\"@type\":\"Organization\",\"@id\":\"https:\/\/gojuteinternational.com\/es\/#organization\",\"name\":\"GoJute International\",\"alternateName\":\"GoJute\",\"url\":\"https:\/\/gojuteinternational.com\/es\/\",\"logo\":{\"@type\":\"ImageObject\",\"inLanguage\":\"es\",\"@id\":\"https:\/\/gojuteinternational.com\/es\/#\/schema\/logo\/image\/\",\"url\":\"https:\/\/gojuteinternational.com\/wp-content\/uploads\/2022\/06\/GoJute-Logo-RGB.png\",\"contentUrl\":\"https:\/\/gojuteinternational.com\/wp-content\/uploads\/2022\/06\/GoJute-Logo-RGB.png\",\"width\":2000,\"height\":1809,\"caption\":\"GoJute International\"},\"image\":{\"@id\":\"https:\/\/gojuteinternational.com\/es\/#\/schema\/logo\/image\/\"},\"sameAs\":[\"https:\/\/www.facebook.com\/gojute\",\"https:\/\/www.instagram.com\/gojute\/\"]}]}<\/script>\n<!-- \/ Yoast SEO plugin. -->","yoast_head_json":{"title":"Bolsas Negras para Marketing B2B | Bolsas de Yute y Algod\u00f3n Personalizadas para Empresas","description":"Descubre las bolsas negras de yute y algod\u00f3n para marketing B2B. Perfectas para eventos corporativos, promociones en comercios, regalos para empleados y obsequios de marca.","robots":{"index":"index","follow":"follow","max-snippet":"max-snippet:-1","max-image-preview":"max-image-preview:large","max-video-preview":"max-video-preview:-1"},"canonical":"https:\/\/gojuteinternational.com\/es\/coloured-tote-bags\/black-bags\/","og_locale":"es_ES","og_type":"article","og_title":"Bolsas Negras para Marketing B2B | Bolsas de Yute y Algod\u00f3n Personalizadas para Empresas","og_description":"Descubre las bolsas negras de yute y algod\u00f3n para marketing B2B. Perfectas para eventos corporativos, promociones en comercios, regalos para empleados y obsequios de marca.","og_url":"https:\/\/gojuteinternational.com\/es\/coloured-tote-bags\/black-bags\/","og_site_name":"GoJute International","article_publisher":"https:\/\/www.facebook.com\/gojute","article_modified_time":"2025-09-16T11:12:12+00:00","twitter_card":"summary_large_image","twitter_misc":{"Tiempo de lectura":"2 minutos"},"schema":{"@context":"https:\/\/schema.org","@graph":[{"@type":"WebPage","@id":"https:\/\/gojuteinternational.com\/es\/coloured-tote-bags\/black-bags\/","url":"https:\/\/gojuteinternational.com\/es\/coloured-tote-bags\/black-bags\/","name":"Bolsas Negras para Marketing B2B | Bolsas de Yute y Algod\u00f3n Personalizadas para Empresas","isPartOf":{"@id":"https:\/\/gojuteinternational.com\/es\/#website"},"datePublished":"2025-09-10T07:44:10+00:00","dateModified":"2025-09-16T11:12:12+00:00","description":"Descubre las bolsas negras de yute y algod\u00f3n para marketing B2B. Perfectas para eventos corporativos, promociones en comercios, regalos para empleados y obsequios de marca.","breadcrumb":{"@id":"https:\/\/gojuteinternational.com\/es\/coloured-tote-bags\/black-bags\/#breadcrumb"},"inLanguage":"es","potentialAction":[{"@type":"ReadAction","target":["https:\/\/gojuteinternational.com\/es\/coloured-tote-bags\/black-bags\/"]}]},{"@type":"BreadcrumbList","@id":"https:\/\/gojuteinternational.com\/es\/coloured-tote-bags\/black-bags\/#breadcrumb","itemListElement":[{"@type":"ListItem","position":1,"name":"Home","item":"https:\/\/gojuteinternational.com\/es\/"},{"@type":"ListItem","position":2,"name":"Bolsas negras para el marketing B2B"}]},{"@type":"WebSite","@id":"https:\/\/gojuteinternational.com\/es\/#website","url":"https:\/\/gojuteinternational.com\/es\/","name":"GoJute International","description":"Printed bags for business","publisher":{"@id":"https:\/\/gojuteinternational.com\/es\/#organization"},"alternateName":"GoJute","potentialAction":[{"@type":"SearchAction","target":{"@type":"EntryPoint","urlTemplate":"https:\/\/gojuteinternational.com\/es\/?s={search_term_string}"},"query-input":"required name=search_term_string"}],"inLanguage":"es"},{"@type":"Organization","@id":"https:\/\/gojuteinternational.com\/es\/#organization","name":"GoJute International","alternateName":"GoJute","url":"https:\/\/gojuteinternational.com\/es\/","logo":{"@type":"ImageObject","inLanguage":"es","@id":"https:\/\/gojuteinternational.com\/es\/#\/schema\/logo\/image\/","url":"https:\/\/gojuteinternational.com\/wp-content\/uploads\/2022\/06\/GoJute-Logo-RGB.png","contentUrl":"https:\/\/gojuteinternational.com\/wp-content\/uploads\/2022\/06\/GoJute-Logo-RGB.png","width":2000,"height":1809,"caption":"GoJute International"},"image":{"@id":"https:\/\/gojuteinternational.com\/es\/#\/schema\/logo\/image\/"},"sameAs":["https:\/\/www.facebook.com\/gojute","https:\/\/www.instagram.com\/gojute\/"]}]}},"_links":{"self":[{"href":"https:\/\/gojuteinternational.com\/es\/wp-json\/wp\/v2\/pages\/90980","targetHints":{"allow":["GET"]}}],"collection":[{"href":"https:\/\/gojuteinternational.com\/es\/wp-json\/wp\/v2\/pages"}],"about":[{"href":"https:\/\/gojuteinternational.com\/es\/wp-json\/wp\/v2\/types\/page"}],"author":[{"embeddable":true,"href":"https:\/\/gojuteinternational.com\/es\/wp-json\/wp\/v2\/users\/6996"}],"replies":[{"embeddable":true,"href":"https:\/\/gojuteinternational.com\/es\/wp-json\/wp\/v2\/comments?post=90980"}],"version-history":[{"count":2,"href":"https:\/\/gojuteinternational.com\/es\/wp-json\/wp\/v2\/pages\/90980\/revisions"}],"predecessor-version":[{"id":90983,"href":"https:\/\/gojuteinternational.com\/es\/wp-json\/wp\/v2\/pages\/90980\/revisions\/90983"}],"up":[{"embeddable":true,"href":"https:\/\/gojuteinternational.com\/es\/wp-json\/wp\/v2\/pages\/91100"}],"wp:attachment":[{"href":"https:\/\/gojuteinternational.com\/es\/wp-json\/wp\/v2\/media?parent=90980"}],"curies":[{"name":"wp","href":"https:\/\/api.w.org\/{rel}","templated":true}]}}