{"id":91081,"date":"2025-09-16T09:00:45","date_gmt":"2025-09-16T08:00:45","guid":{"rendered":"https:\/\/gojuteinternational.com\/pink-bags-for-b2b-marketing\/"},"modified":"2025-09-16T12:13:46","modified_gmt":"2025-09-16T11:13:46","slug":"pink-bags","status":"publish","type":"page","link":"https:\/\/gojuteinternational.com\/es\/coloured-tote-bags\/pink-bags\/","title":{"rendered":"Bolsas rosas para marketing B2B"},"content":{"rendered":"\t\t<div data-elementor-type=\"wp-page\" data-elementor-id=\"91081\" class=\"elementor elementor-91081 elementor-91079\" data-elementor-post-type=\"page\">\n\t\t\t\t\t\t\t\t\t<section class=\"elementor-section elementor-top-section elementor-element elementor-element-0e092da elementor-section-boxed elementor-section-height-default elementor-section-height-default\" data-id=\"0e092da\" data-element_type=\"section\">\n\t\t\t\t\t\t<div class=\"elementor-container elementor-column-gap-default\">\n\t\t\t\t\t<div class=\"elementor-column elementor-col-100 elementor-top-column elementor-element elementor-element-339f43a\" data-id=\"339f43a\" data-element_type=\"column\">\n\t\t\t<div class=\"elementor-widget-wrap elementor-element-populated\">\n\t\t\t\t\t\t\t\t<div class=\"elementor-element elementor-element-10b7c35 elementor-widget elementor-widget-spacer\" data-id=\"10b7c35\" data-element_type=\"widget\" data-widget_type=\"spacer.default\">\n\t\t\t\t<div class=\"elementor-widget-container\">\n\t\t\t<style>\/*! elementor - v3.18.0 - 20-12-2023 *\/\n.elementor-column .elementor-spacer-inner{height:var(--spacer-size)}.e-con{--container-widget-width:100%}.e-con-inner>.elementor-widget-spacer,.e-con>.elementor-widget-spacer{width:var(--container-widget-width,var(--spacer-size));--align-self:var(--container-widget-align-self,initial);--flex-shrink:0}.e-con-inner>.elementor-widget-spacer>.elementor-widget-container,.e-con>.elementor-widget-spacer>.elementor-widget-container{height:100%;width:100%}.e-con-inner>.elementor-widget-spacer>.elementor-widget-container>.elementor-spacer,.e-con>.elementor-widget-spacer>.elementor-widget-container>.elementor-spacer{height:100%}.e-con-inner>.elementor-widget-spacer>.elementor-widget-container>.elementor-spacer>.elementor-spacer-inner,.e-con>.elementor-widget-spacer>.elementor-widget-container>.elementor-spacer>.elementor-spacer-inner{height:var(--container-widget-height,var(--spacer-size))}.e-con-inner>.elementor-widget-spacer.elementor-widget-empty,.e-con>.elementor-widget-spacer.elementor-widget-empty{position:relative;min-height:22px;min-width:22px}.e-con-inner>.elementor-widget-spacer.elementor-widget-empty .elementor-widget-empty-icon,.e-con>.elementor-widget-spacer.elementor-widget-empty .elementor-widget-empty-icon{position:absolute;top:0;bottom:0;left:0;right:0;margin:auto;padding:0;width:22px;height:22px}<\/style>\t\t<div class=\"elementor-spacer\">\n\t\t\t<div class=\"elementor-spacer-inner\"><\/div>\n\t\t<\/div>\n\t\t\t\t<\/div>\n\t\t\t\t<\/div>\n\t\t\t\t<div class=\"elementor-element elementor-element-bf7b0f5 elementor-widget elementor-widget-heading\" data-id=\"bf7b0f5\" data-element_type=\"widget\" data-widget_type=\"heading.default\">\n\t\t\t\t<div class=\"elementor-widget-container\">\n\t\t\t<style>\/*! elementor - v3.18.0 - 20-12-2023 *\/\n.elementor-heading-title{padding:0;margin:0;line-height:1}.elementor-widget-heading .elementor-heading-title[class*=elementor-size-]>a{color:inherit;font-size:inherit;line-height:inherit}.elementor-widget-heading .elementor-heading-title.elementor-size-small{font-size:15px}.elementor-widget-heading .elementor-heading-title.elementor-size-medium{font-size:19px}.elementor-widget-heading .elementor-heading-title.elementor-size-large{font-size:29px}.elementor-widget-heading .elementor-heading-title.elementor-size-xl{font-size:39px}.elementor-widget-heading .elementor-heading-title.elementor-size-xxl{font-size:59px}<\/style><h1 class=\"elementor-heading-title elementor-size-default\">Bolsas rosas para marketing B2B<\/h1>\t\t<\/div>\n\t\t\t\t<\/div>\n\t\t\t\t<div class=\"elementor-element elementor-element-4fa044f elementor-widget elementor-widget-text-editor\" data-id=\"4fa044f\" data-element_type=\"widget\" data-widget_type=\"text-editor.default\">\n\t\t\t\t<div class=\"elementor-widget-container\">\n\t\t\t<style>\/*! elementor - v3.18.0 - 20-12-2023 *\/\n.elementor-widget-text-editor.elementor-drop-cap-view-stacked .elementor-drop-cap{background-color:#69727d;color:#fff}.elementor-widget-text-editor.elementor-drop-cap-view-framed .elementor-drop-cap{color:#69727d;border:3px solid;background-color:transparent}.elementor-widget-text-editor:not(.elementor-drop-cap-view-default) .elementor-drop-cap{margin-top:8px}.elementor-widget-text-editor:not(.elementor-drop-cap-view-default) .elementor-drop-cap-letter{width:1em;height:1em}.elementor-widget-text-editor .elementor-drop-cap{float:left;text-align:center;line-height:1;font-size:50px}.elementor-widget-text-editor .elementor-drop-cap-letter{display:inline-block}<\/style>\t\t\t\t<p><span style=\"font-weight: 400;\">Las bolsas rosas de marca son una forma vibrante y memorable de que las empresas destaquen en sus esfuerzos de marketing B2B. Estas bolsas reutilizables de yute y algod\u00f3n combinan estilo, practicidad y sostenibilidad, lo que las hace perfectas para eventos corporativos, promociones en comercios, regalos a empleados y obsequios para eventos. <\/span><\/p>\n<h2>Por qu\u00e9 elegir bolsas rosas para tus campa\u00f1as B2B<\/h2>\n<p><span style=\"font-weight: 400;\">Las bolsas rosas transmiten energ\u00eda, amabilidad y accesibilidad. Su atrevido color garantiza que tu marca llame la atenci\u00f3n, mientras que su dise\u00f1o funcional las convierte en una elecci\u00f3n pr\u00e1ctica que clientes, socios y empleados utilizar\u00e1n repetidamente. <\/span><\/p>\n<h3>Duradero y reutilizable para una marca a largo plazo<\/h3>\n<p><span style=\"font-weight: 400;\">Hechas de yute o algod\u00f3n de alta calidad, las bolsas rosas est\u00e1n hechas para durar, proporcionando una visibilidad continua de la marca y reforzando las iniciativas ecol\u00f3gicas de tu empresa.<\/span><\/p>\n<h3>Opciones de personalizaci\u00f3n para un m\u00e1ximo impacto<\/h3>\n<p><span style=\"font-weight: 400;\">Las bolsas rosas son ideales para exhibir tu logotipo, eslogan o dise\u00f1os espec\u00edficos para un evento. Las principales aplicaciones B2B son: <\/span><\/p>\n<ul>\n<li style=\"font-weight: 400;\" aria-level=\"1\"><span style=\"font-weight: 400;\">Actos y conferencias de empresa<\/span><span style=\"font-weight: 400;\">\n<p><\/span><\/li>\n<li style=\"font-weight: 400;\" aria-level=\"1\"><span style=\"font-weight: 400;\">Promociones al por menor e incentivos a los clientes<\/span><span style=\"font-weight: 400;\">\n<p><\/span><\/li>\n<li style=\"font-weight: 400;\" aria-level=\"1\"><span style=\"font-weight: 400;\">Reconocimiento y regalos a los empleados<\/span><span style=\"font-weight: 400;\">\n<p><\/span><\/li>\n<li style=\"font-weight: 400;\" aria-level=\"1\"><span style=\"font-weight: 400;\">Regalos para eventos y paquetes promocionales<\/span><span style=\"font-weight: 400;\">\n<p><\/span><\/li>\n<\/ul>\n<h3>Aplicaciones B2B de las bolsas de marca rosa<\/h3>\n<ul>\n<li style=\"font-weight: 400;\" aria-level=\"1\"><b>Eventos corporativos y conferencias:<\/b><span style=\"font-weight: 400;\"> Distribuye bolsas rosas a los asistentes para crear una impresi\u00f3n duradera y mejorar la identidad visual de tu marca.<\/span><span style=\"font-weight: 400;\">\n<p><\/span><\/li>\n<li style=\"font-weight: 400;\" aria-level=\"1\"><b>Promociones para minoristas:<\/b><span style=\"font-weight: 400;\"> Proporciona a los clientes bolsas rosas reutilizables que aumenten el compromiso y la fidelidad.<\/span><span style=\"font-weight: 400;\">\n<p><\/span><\/li>\n<li style=\"font-weight: 400;\" aria-level=\"1\"><b>Regalos para empleados:<\/b><span style=\"font-weight: 400;\"> Reconoce a tus empleados o da la bienvenida a los nuevos empleados con elegantes bolsas ecol\u00f3gicas de color rosa.<\/span><span style=\"font-weight: 400;\">\n<p><\/span><\/li>\n<li style=\"font-weight: 400;\" aria-level=\"1\"><b>Bolsas de regalo para eventos:<\/b><span style=\"font-weight: 400;\"> Incluye bolsas rosas de marca en tus kits promocionales para impulsar el recuerdo de marca y el compromiso.<\/span><span style=\"font-weight: 400;\">\n<p><\/span><\/li>\n<\/ul>\n<h2>Sostenibilidad y beneficios a largo plazo<\/h2>\n<p><span style=\"font-weight: 400;\">Las bolsas rosas de yute y algod\u00f3n apoyan el compromiso de tu marca con la sostenibilidad, al tiempo que ofrecen un producto pr\u00e1ctico y reutilizable que mantiene visible tu mensaje mucho despu\u00e9s de su distribuci\u00f3n.<\/span><\/p>\n<h2>\u00bfPreparado para elevar tu marketing B2B con bolsas rosas?<\/h2>\n<p><span style=\"font-weight: 400;\">As\u00f3ciate con GoJute para personalizar y encargar bolsas rosas para eventos corporativos, promociones en comercios, regalos a empleados o campa\u00f1as promocionales. Benef\u00edciate de pedidos al por mayor, personalizaci\u00f3n completa y opciones de precios dise\u00f1adas para empresas de todos los tama\u00f1os. <\/span><\/p>\n<p><a href=\"https:\/\/gojuteinternational.com\/es\/contacte-con-nosotros\/\"><span style=\"font-weight: 400;\">Contacte con nosotros<\/span><\/a><\/p>\n\t\t\t\t\t\t<\/div>\n\t\t\t\t<\/div>\n\t\t\t\t\t<\/div>\n\t\t<\/div>\n\t\t\t\t\t\t\t<\/div>\n\t\t<\/section>\n\t\t\t\t\t\t\t<\/div>\n\t\t","protected":false},"excerpt":{"rendered":"<p>Bolsas rosas para marketing B2B Las bolsas rosas de marca son una forma vibrante y memorable de que las empresas destaquen en sus esfuerzos de marketing B2B. Estas bolsas reutilizables de yute y algod\u00f3n combinan estilo, practicidad y sostenibilidad, lo que las hace perfectas para eventos corporativos, promociones en comercios, regalos a empleados y obsequios [&hellip;]<\/p>\n","protected":false},"author":6996,"featured_media":0,"parent":91100,"menu_order":0,"comment_status":"closed","ping_status":"closed","template":"elementor_header_footer","meta":{"content-type":"","_monsterinsights_skip_tracking":false,"_monsterinsights_sitenote_active":false,"_monsterinsights_sitenote_note":"","_monsterinsights_sitenote_category":0,"footnotes":""},"class_list":["post-91081","page","type-page","status-publish","hentry"],"yoast_head":"<!-- This site is optimized with the Yoast SEO plugin v21.7 - https:\/\/yoast.com\/wordpress\/plugins\/seo\/ -->\n<title>Bolsas rosas para marketing B2B | Bolsas personalizadas de yute y algod\u00f3n para empresas<\/title>\n<meta name=\"description\" content=\"Descubre las bolsas rosas de yute y algod\u00f3n para campa\u00f1as de marketing B2B. Ideales para eventos corporativos, promociones en comercios, regalos a empleados y obsequios de marca.\" \/>\n<meta name=\"robots\" content=\"index, follow, max-snippet:-1, max-image-preview:large, max-video-preview:-1\" \/>\n<link rel=\"canonical\" href=\"https:\/\/gojuteinternational.com\/es\/coloured-tote-bags\/pink-bags\/\" \/>\n<meta property=\"og:locale\" content=\"es_ES\" \/>\n<meta property=\"og:type\" content=\"article\" \/>\n<meta property=\"og:title\" content=\"Bolsas rosas para marketing B2B | Bolsas personalizadas de yute y algod\u00f3n para empresas\" \/>\n<meta property=\"og:description\" content=\"Descubre las bolsas rosas de yute y algod\u00f3n para campa\u00f1as de marketing B2B. Ideales para eventos corporativos, promociones en comercios, regalos a empleados y obsequios de marca.\" \/>\n<meta property=\"og:url\" content=\"https:\/\/gojuteinternational.com\/es\/coloured-tote-bags\/pink-bags\/\" \/>\n<meta property=\"og:site_name\" content=\"GoJute International\" \/>\n<meta property=\"article:publisher\" content=\"https:\/\/www.facebook.com\/gojute\" \/>\n<meta property=\"article:modified_time\" content=\"2025-09-16T11:13:46+00:00\" \/>\n<meta name=\"twitter:card\" content=\"summary_large_image\" \/>\n<meta name=\"twitter:label1\" content=\"Tiempo de lectura\" \/>\n\t<meta name=\"twitter:data1\" content=\"2 minutos\" \/>\n<script type=\"application\/ld+json\" class=\"yoast-schema-graph\">{\"@context\":\"https:\/\/schema.org\",\"@graph\":[{\"@type\":\"WebPage\",\"@id\":\"https:\/\/gojuteinternational.com\/es\/coloured-tote-bags\/pink-bags\/\",\"url\":\"https:\/\/gojuteinternational.com\/es\/coloured-tote-bags\/pink-bags\/\",\"name\":\"Bolsas rosas para marketing B2B | Bolsas personalizadas de yute y algod\u00f3n para empresas\",\"isPartOf\":{\"@id\":\"https:\/\/gojuteinternational.com\/es\/#website\"},\"datePublished\":\"2025-09-16T08:00:45+00:00\",\"dateModified\":\"2025-09-16T11:13:46+00:00\",\"description\":\"Descubre las bolsas rosas de yute y algod\u00f3n para campa\u00f1as de marketing B2B. Ideales para eventos corporativos, promociones en comercios, regalos a empleados y obsequios de marca.\",\"breadcrumb\":{\"@id\":\"https:\/\/gojuteinternational.com\/es\/coloured-tote-bags\/pink-bags\/#breadcrumb\"},\"inLanguage\":\"es\",\"potentialAction\":[{\"@type\":\"ReadAction\",\"target\":[\"https:\/\/gojuteinternational.com\/es\/coloured-tote-bags\/pink-bags\/\"]}]},{\"@type\":\"BreadcrumbList\",\"@id\":\"https:\/\/gojuteinternational.com\/es\/coloured-tote-bags\/pink-bags\/#breadcrumb\",\"itemListElement\":[{\"@type\":\"ListItem\",\"position\":1,\"name\":\"Home\",\"item\":\"https:\/\/gojuteinternational.com\/es\/\"},{\"@type\":\"ListItem\",\"position\":2,\"name\":\"Bolsas rosas para marketing B2B\"}]},{\"@type\":\"WebSite\",\"@id\":\"https:\/\/gojuteinternational.com\/es\/#website\",\"url\":\"https:\/\/gojuteinternational.com\/es\/\",\"name\":\"GoJute International\",\"description\":\"Printed bags for business\",\"publisher\":{\"@id\":\"https:\/\/gojuteinternational.com\/es\/#organization\"},\"alternateName\":\"GoJute\",\"potentialAction\":[{\"@type\":\"SearchAction\",\"target\":{\"@type\":\"EntryPoint\",\"urlTemplate\":\"https:\/\/gojuteinternational.com\/es\/?s={search_term_string}\"},\"query-input\":\"required name=search_term_string\"}],\"inLanguage\":\"es\"},{\"@type\":\"Organization\",\"@id\":\"https:\/\/gojuteinternational.com\/es\/#organization\",\"name\":\"GoJute International\",\"alternateName\":\"GoJute\",\"url\":\"https:\/\/gojuteinternational.com\/es\/\",\"logo\":{\"@type\":\"ImageObject\",\"inLanguage\":\"es\",\"@id\":\"https:\/\/gojuteinternational.com\/es\/#\/schema\/logo\/image\/\",\"url\":\"https:\/\/gojuteinternational.com\/wp-content\/uploads\/2022\/06\/GoJute-Logo-RGB.png\",\"contentUrl\":\"https:\/\/gojuteinternational.com\/wp-content\/uploads\/2022\/06\/GoJute-Logo-RGB.png\",\"width\":2000,\"height\":1809,\"caption\":\"GoJute International\"},\"image\":{\"@id\":\"https:\/\/gojuteinternational.com\/es\/#\/schema\/logo\/image\/\"},\"sameAs\":[\"https:\/\/www.facebook.com\/gojute\",\"https:\/\/www.instagram.com\/gojute\/\"]}]}<\/script>\n<!-- \/ Yoast SEO plugin. -->","yoast_head_json":{"title":"Bolsas rosas para marketing B2B | Bolsas personalizadas de yute y algod\u00f3n para empresas","description":"Descubre las bolsas rosas de yute y algod\u00f3n para campa\u00f1as de marketing B2B. Ideales para eventos corporativos, promociones en comercios, regalos a empleados y obsequios de marca.","robots":{"index":"index","follow":"follow","max-snippet":"max-snippet:-1","max-image-preview":"max-image-preview:large","max-video-preview":"max-video-preview:-1"},"canonical":"https:\/\/gojuteinternational.com\/es\/coloured-tote-bags\/pink-bags\/","og_locale":"es_ES","og_type":"article","og_title":"Bolsas rosas para marketing B2B | Bolsas personalizadas de yute y algod\u00f3n para empresas","og_description":"Descubre las bolsas rosas de yute y algod\u00f3n para campa\u00f1as de marketing B2B. Ideales para eventos corporativos, promociones en comercios, regalos a empleados y obsequios de marca.","og_url":"https:\/\/gojuteinternational.com\/es\/coloured-tote-bags\/pink-bags\/","og_site_name":"GoJute International","article_publisher":"https:\/\/www.facebook.com\/gojute","article_modified_time":"2025-09-16T11:13:46+00:00","twitter_card":"summary_large_image","twitter_misc":{"Tiempo de lectura":"2 minutos"},"schema":{"@context":"https:\/\/schema.org","@graph":[{"@type":"WebPage","@id":"https:\/\/gojuteinternational.com\/es\/coloured-tote-bags\/pink-bags\/","url":"https:\/\/gojuteinternational.com\/es\/coloured-tote-bags\/pink-bags\/","name":"Bolsas rosas para marketing B2B | Bolsas personalizadas de yute y algod\u00f3n para empresas","isPartOf":{"@id":"https:\/\/gojuteinternational.com\/es\/#website"},"datePublished":"2025-09-16T08:00:45+00:00","dateModified":"2025-09-16T11:13:46+00:00","description":"Descubre las bolsas rosas de yute y algod\u00f3n para campa\u00f1as de marketing B2B. Ideales para eventos corporativos, promociones en comercios, regalos a empleados y obsequios de marca.","breadcrumb":{"@id":"https:\/\/gojuteinternational.com\/es\/coloured-tote-bags\/pink-bags\/#breadcrumb"},"inLanguage":"es","potentialAction":[{"@type":"ReadAction","target":["https:\/\/gojuteinternational.com\/es\/coloured-tote-bags\/pink-bags\/"]}]},{"@type":"BreadcrumbList","@id":"https:\/\/gojuteinternational.com\/es\/coloured-tote-bags\/pink-bags\/#breadcrumb","itemListElement":[{"@type":"ListItem","position":1,"name":"Home","item":"https:\/\/gojuteinternational.com\/es\/"},{"@type":"ListItem","position":2,"name":"Bolsas rosas para marketing B2B"}]},{"@type":"WebSite","@id":"https:\/\/gojuteinternational.com\/es\/#website","url":"https:\/\/gojuteinternational.com\/es\/","name":"GoJute International","description":"Printed bags for business","publisher":{"@id":"https:\/\/gojuteinternational.com\/es\/#organization"},"alternateName":"GoJute","potentialAction":[{"@type":"SearchAction","target":{"@type":"EntryPoint","urlTemplate":"https:\/\/gojuteinternational.com\/es\/?s={search_term_string}"},"query-input":"required name=search_term_string"}],"inLanguage":"es"},{"@type":"Organization","@id":"https:\/\/gojuteinternational.com\/es\/#organization","name":"GoJute International","alternateName":"GoJute","url":"https:\/\/gojuteinternational.com\/es\/","logo":{"@type":"ImageObject","inLanguage":"es","@id":"https:\/\/gojuteinternational.com\/es\/#\/schema\/logo\/image\/","url":"https:\/\/gojuteinternational.com\/wp-content\/uploads\/2022\/06\/GoJute-Logo-RGB.png","contentUrl":"https:\/\/gojuteinternational.com\/wp-content\/uploads\/2022\/06\/GoJute-Logo-RGB.png","width":2000,"height":1809,"caption":"GoJute International"},"image":{"@id":"https:\/\/gojuteinternational.com\/es\/#\/schema\/logo\/image\/"},"sameAs":["https:\/\/www.facebook.com\/gojute","https:\/\/www.instagram.com\/gojute\/"]}]}},"_links":{"self":[{"href":"https:\/\/gojuteinternational.com\/es\/wp-json\/wp\/v2\/pages\/91081","targetHints":{"allow":["GET"]}}],"collection":[{"href":"https:\/\/gojuteinternational.com\/es\/wp-json\/wp\/v2\/pages"}],"about":[{"href":"https:\/\/gojuteinternational.com\/es\/wp-json\/wp\/v2\/types\/page"}],"author":[{"embeddable":true,"href":"https:\/\/gojuteinternational.com\/es\/wp-json\/wp\/v2\/users\/6996"}],"replies":[{"embeddable":true,"href":"https:\/\/gojuteinternational.com\/es\/wp-json\/wp\/v2\/comments?post=91081"}],"version-history":[{"count":3,"href":"https:\/\/gojuteinternational.com\/es\/wp-json\/wp\/v2\/pages\/91081\/revisions"}],"predecessor-version":[{"id":91090,"href":"https:\/\/gojuteinternational.com\/es\/wp-json\/wp\/v2\/pages\/91081\/revisions\/91090"}],"up":[{"embeddable":true,"href":"https:\/\/gojuteinternational.com\/es\/wp-json\/wp\/v2\/pages\/91100"}],"wp:attachment":[{"href":"https:\/\/gojuteinternational.com\/es\/wp-json\/wp\/v2\/media?parent=91081"}],"curies":[{"name":"wp","href":"https:\/\/api.w.org\/{rel}","templated":true}]}}