{"id":91100,"date":"2025-09-16T09:12:09","date_gmt":"2025-09-16T08:12:09","guid":{"rendered":"https:\/\/gojuteinternational.com\/custom-colour-bags-for-corporate-branding\/"},"modified":"2025-09-16T11:45:14","modified_gmt":"2025-09-16T10:45:14","slug":"coloured-tote-bags","status":"publish","type":"page","link":"https:\/\/gojuteinternational.com\/es\/coloured-tote-bags\/","title":{"rendered":"Bolsas de colores personalizadas para la marca corporativa"},"content":{"rendered":"\t\t<div data-elementor-type=\"wp-page\" data-elementor-id=\"91100\" class=\"elementor elementor-91100 elementor-91092\" data-elementor-post-type=\"page\">\n\t\t\t\t\t\t\t\t\t<section class=\"elementor-section elementor-top-section elementor-element elementor-element-39e62f6 elementor-section-boxed elementor-section-height-default elementor-section-height-default\" data-id=\"39e62f6\" data-element_type=\"section\">\n\t\t\t\t\t\t<div class=\"elementor-container elementor-column-gap-default\">\n\t\t\t\t\t<div class=\"elementor-column elementor-col-100 elementor-top-column elementor-element elementor-element-8a1a32a\" data-id=\"8a1a32a\" data-element_type=\"column\">\n\t\t\t<div class=\"elementor-widget-wrap elementor-element-populated\">\n\t\t\t\t\t\t\t\t<div class=\"elementor-element elementor-element-017c3e3 elementor-widget elementor-widget-spacer\" data-id=\"017c3e3\" data-element_type=\"widget\" data-widget_type=\"spacer.default\">\n\t\t\t\t<div class=\"elementor-widget-container\">\n\t\t\t<style>\/*! elementor - v3.18.0 - 20-12-2023 *\/\n.elementor-column .elementor-spacer-inner{height:var(--spacer-size)}.e-con{--container-widget-width:100%}.e-con-inner>.elementor-widget-spacer,.e-con>.elementor-widget-spacer{width:var(--container-widget-width,var(--spacer-size));--align-self:var(--container-widget-align-self,initial);--flex-shrink:0}.e-con-inner>.elementor-widget-spacer>.elementor-widget-container,.e-con>.elementor-widget-spacer>.elementor-widget-container{height:100%;width:100%}.e-con-inner>.elementor-widget-spacer>.elementor-widget-container>.elementor-spacer,.e-con>.elementor-widget-spacer>.elementor-widget-container>.elementor-spacer{height:100%}.e-con-inner>.elementor-widget-spacer>.elementor-widget-container>.elementor-spacer>.elementor-spacer-inner,.e-con>.elementor-widget-spacer>.elementor-widget-container>.elementor-spacer>.elementor-spacer-inner{height:var(--container-widget-height,var(--spacer-size))}.e-con-inner>.elementor-widget-spacer.elementor-widget-empty,.e-con>.elementor-widget-spacer.elementor-widget-empty{position:relative;min-height:22px;min-width:22px}.e-con-inner>.elementor-widget-spacer.elementor-widget-empty .elementor-widget-empty-icon,.e-con>.elementor-widget-spacer.elementor-widget-empty .elementor-widget-empty-icon{position:absolute;top:0;bottom:0;left:0;right:0;margin:auto;padding:0;width:22px;height:22px}<\/style>\t\t<div class=\"elementor-spacer\">\n\t\t\t<div class=\"elementor-spacer-inner\"><\/div>\n\t\t<\/div>\n\t\t\t\t<\/div>\n\t\t\t\t<\/div>\n\t\t\t\t<div class=\"elementor-element elementor-element-542f062 elementor-widget elementor-widget-heading\" data-id=\"542f062\" data-element_type=\"widget\" data-widget_type=\"heading.default\">\n\t\t\t\t<div class=\"elementor-widget-container\">\n\t\t\t<style>\/*! elementor - v3.18.0 - 20-12-2023 *\/\n.elementor-heading-title{padding:0;margin:0;line-height:1}.elementor-widget-heading .elementor-heading-title[class*=elementor-size-]>a{color:inherit;font-size:inherit;line-height:inherit}.elementor-widget-heading .elementor-heading-title.elementor-size-small{font-size:15px}.elementor-widget-heading .elementor-heading-title.elementor-size-medium{font-size:19px}.elementor-widget-heading .elementor-heading-title.elementor-size-large{font-size:29px}.elementor-widget-heading .elementor-heading-title.elementor-size-xl{font-size:39px}.elementor-widget-heading .elementor-heading-title.elementor-size-xxl{font-size:59px}<\/style><h1 class=\"elementor-heading-title elementor-size-default\">Bolsas de colores personalizadas para la marca corporativa<\/h1>\t\t<\/div>\n\t\t\t\t<\/div>\n\t\t\t\t<div class=\"elementor-element elementor-element-f12cf3a elementor-widget elementor-widget-text-editor\" data-id=\"f12cf3a\" data-element_type=\"widget\" data-widget_type=\"text-editor.default\">\n\t\t\t\t<div class=\"elementor-widget-container\">\n\t\t\t<style>\/*! elementor - v3.18.0 - 20-12-2023 *\/\n.elementor-widget-text-editor.elementor-drop-cap-view-stacked .elementor-drop-cap{background-color:#69727d;color:#fff}.elementor-widget-text-editor.elementor-drop-cap-view-framed .elementor-drop-cap{color:#69727d;border:3px solid;background-color:transparent}.elementor-widget-text-editor:not(.elementor-drop-cap-view-default) .elementor-drop-cap{margin-top:8px}.elementor-widget-text-editor:not(.elementor-drop-cap-view-default) .elementor-drop-cap-letter{width:1em;height:1em}.elementor-widget-text-editor .elementor-drop-cap{float:left;text-align:center;line-height:1;font-size:50px}.elementor-widget-text-editor .elementor-drop-cap-letter{display:inline-block}<\/style>\t\t\t\t<p><span style=\"font-weight: 400;\">Las bolsas personalizadas con marca de color permiten a las empresas alinear perfectamente los productos promocionales con su identidad de marca. Ya sea para regalos de empresa, eventos o promociones minoristas, estas bolsas de yute y algod\u00f3n son una forma pr\u00e1ctica, ecol\u00f3gica y visualmente impactante de aumentar la visibilidad de la marca. <\/span><\/p>\n<h2>Por qu\u00e9 elegir bolsas de colores personalizadas para el marketing B2B<\/h2>\n<p><span style=\"font-weight: 400;\">Las bolsas de colores personalizadas ofrecen la flexibilidad de combinar con los colores de tu empresa, los temas de la campa\u00f1a o la marca del evento. Estas bolsas son reutilizables, duraderas y sirven como herramienta de marketing de larga duraci\u00f3n, manteniendo tu marca en la mente de clientes, empleados y socios. <\/span><\/p>\n<h3>Pedidos al por mayor y personalizaci\u00f3n para empresas<\/h3>\n<p><span style=\"font-weight: 400;\">Dise\u00f1adas para campa\u00f1as B2B a gran escala, las bolsas de colores personalizadas son perfectas para pedidos al por mayor. Las caracter\u00edsticas clave son: <\/span><\/p>\n<ul>\n<li style=\"font-weight: 400;\" aria-level=\"1\"><span style=\"font-weight: 400;\">Impresi\u00f3n de logotipos y marcas en bolsas<\/span><span style=\"font-weight: 400;\">\n<p><\/span><\/li>\n<li style=\"font-weight: 400;\" aria-level=\"1\"><span style=\"font-weight: 400;\">Amplia gama de colores para adaptarse a la identidad corporativa<\/span><span style=\"font-weight: 400;\">\n<p><\/span><\/li>\n<li style=\"font-weight: 400;\" aria-level=\"1\"><span style=\"font-weight: 400;\">Tama\u00f1os y dise\u00f1os personalizados para campa\u00f1as especiales<\/span><\/li>\n<\/ul>\n<h3>Aplicaciones B2B de las bolsas personalizadas con marca de color<\/h3>\n<ul>\n<li style=\"font-weight: 400;\" aria-level=\"1\"><b>Eventos corporativos y conferencias:<\/b><span style=\"font-weight: 400;\"> Distribuye bolsas de colores personalizadas para causar una impresi\u00f3n duradera y garantizar que tu marca destaque.<\/span><span style=\"font-weight: 400;\">\n<p><\/span><\/li>\n<li style=\"font-weight: 400;\" aria-level=\"1\"><b>Promociones para minoristas:<\/b><span style=\"font-weight: 400;\"> Ofrece bolsas reutilizables a los clientes que reflejen los colores de tu marca y aumenten la fidelidad.<\/span><span style=\"font-weight: 400;\">\n<p><\/span><\/li>\n<li style=\"font-weight: 400;\" aria-level=\"1\"><b>Regalos para empleados y reconocimiento:<\/b><span style=\"font-weight: 400;\"> Las bolsas de colores personalizadas son ideales para el agradecimiento a los empleados, kits de incorporaci\u00f3n o eventos especiales de la empresa.<\/span><span style=\"font-weight: 400;\">\n<p><\/span><\/li>\n<li style=\"font-weight: 400;\" aria-level=\"1\"><b>Regalos para eventos:<\/b><span style=\"font-weight: 400;\"> Las bolsas de colores personalizadas aumentan el valor percibido de los art\u00edculos promocionales y dejan una impresi\u00f3n memorable en los asistentes.<\/span><\/li>\n<\/ul>\n<h2>Marca sostenible y a largo plazo<\/h2>\n<p><span style=\"font-weight: 400;\">Las bolsas de yute y algod\u00f3n de colores personalizadas son ecol\u00f3gicas, reutilizables y proporcionan una mayor visibilidad de la marca mucho despu\u00e9s de la distribuci\u00f3n inicial. Al invertir en bolsas personalizadas de calidad, tu empresa demuestra sostenibilidad y profesionalidad. <\/span><\/p>\n<h2>Inicia hoy tu campa\u00f1a de bolsas de colores personalizadas<\/h2>\n<p><span style=\"font-weight: 400;\">As\u00f3ciate con GoJute para dise\u00f1ar, personalizar y encargar tus bolsas de colores a granel para eventos corporativos, promociones en comercios, regalos a empleados o campa\u00f1as promocionales. Nuestras soluciones B2B garantizan calidad, personalizaci\u00f3n y entrega puntual. <\/span><\/p>\n<p><a href=\"https:\/\/gojuteinternational.com\/es\/contacte-con-nosotros\/\"><span style=\"font-weight: 400;\">Contacte con nosotros<\/span><\/a><\/p><\/p>\n\t\t\t\t\t\t<\/div>\n\t\t\t\t<\/div>\n\t\t\t\t\t<\/div>\n\t\t<\/div>\n\t\t\t\t\t\t\t<\/div>\n\t\t<\/section>\n\t\t\t\t\t\t\t<\/div>\n\t\t","protected":false},"excerpt":{"rendered":"<p>Bolsas de colores personalizadas para la marca corporativa Las bolsas personalizadas con marca de color permiten a las empresas alinear perfectamente los productos promocionales con su identidad de marca. Ya sea para regalos de empresa, eventos o promociones minoristas, estas bolsas de yute y algod\u00f3n son una forma pr\u00e1ctica, ecol\u00f3gica y visualmente impactante de aumentar [&hellip;]<\/p>\n","protected":false},"author":6996,"featured_media":0,"parent":0,"menu_order":0,"comment_status":"closed","ping_status":"closed","template":"elementor_header_footer","meta":{"content-type":"","_monsterinsights_skip_tracking":false,"_monsterinsights_sitenote_active":false,"_monsterinsights_sitenote_note":"","_monsterinsights_sitenote_category":0,"footnotes":""},"class_list":["post-91100","page","type-page","status-publish","hentry"],"yoast_head":"<!-- This site is optimized with the Yoast SEO plugin v21.7 - https:\/\/yoast.com\/wordpress\/plugins\/seo\/ -->\n<title>Bolsas de colores personalizadas para marcas corporativas | Bolsas de yute y algod\u00f3n para B2B<\/title>\n<meta name=\"description\" content=\"Explora las bolsas de yute y algod\u00f3n de colores personalizadas para la marca B2B. Ideales para pedidos al por mayor, impresi\u00f3n de logotipos y campa\u00f1as promocionales corporativas.\" \/>\n<meta name=\"robots\" content=\"index, follow, max-snippet:-1, max-image-preview:large, max-video-preview:-1\" \/>\n<link rel=\"canonical\" href=\"https:\/\/gojuteinternational.com\/es\/coloured-tote-bags\/\" \/>\n<meta property=\"og:locale\" content=\"es_ES\" \/>\n<meta property=\"og:type\" content=\"article\" \/>\n<meta property=\"og:title\" content=\"Bolsas de colores personalizadas para marcas corporativas | Bolsas de yute y algod\u00f3n para B2B\" \/>\n<meta property=\"og:description\" content=\"Explora las bolsas de yute y algod\u00f3n de colores personalizadas para la marca B2B. Ideales para pedidos al por mayor, impresi\u00f3n de logotipos y campa\u00f1as promocionales corporativas.\" \/>\n<meta property=\"og:url\" content=\"https:\/\/gojuteinternational.com\/es\/coloured-tote-bags\/\" \/>\n<meta property=\"og:site_name\" content=\"GoJute International\" \/>\n<meta property=\"article:publisher\" content=\"https:\/\/www.facebook.com\/gojute\" \/>\n<meta property=\"article:modified_time\" content=\"2025-09-16T10:45:14+00:00\" \/>\n<meta name=\"twitter:card\" content=\"summary_large_image\" \/>\n<meta name=\"twitter:label1\" content=\"Tiempo de lectura\" \/>\n\t<meta name=\"twitter:data1\" content=\"2 minutos\" \/>\n<script type=\"application\/ld+json\" class=\"yoast-schema-graph\">{\"@context\":\"https:\/\/schema.org\",\"@graph\":[{\"@type\":\"WebPage\",\"@id\":\"https:\/\/gojuteinternational.com\/es\/coloured-tote-bags\/\",\"url\":\"https:\/\/gojuteinternational.com\/es\/coloured-tote-bags\/\",\"name\":\"Bolsas de colores personalizadas para marcas corporativas | Bolsas de yute y algod\u00f3n para B2B\",\"isPartOf\":{\"@id\":\"https:\/\/gojuteinternational.com\/es\/#website\"},\"datePublished\":\"2025-09-16T08:12:09+00:00\",\"dateModified\":\"2025-09-16T10:45:14+00:00\",\"description\":\"Explora las bolsas de yute y algod\u00f3n de colores personalizadas para la marca B2B. Ideales para pedidos al por mayor, impresi\u00f3n de logotipos y campa\u00f1as promocionales corporativas.\",\"breadcrumb\":{\"@id\":\"https:\/\/gojuteinternational.com\/es\/coloured-tote-bags\/#breadcrumb\"},\"inLanguage\":\"es\",\"potentialAction\":[{\"@type\":\"ReadAction\",\"target\":[\"https:\/\/gojuteinternational.com\/es\/coloured-tote-bags\/\"]}]},{\"@type\":\"BreadcrumbList\",\"@id\":\"https:\/\/gojuteinternational.com\/es\/coloured-tote-bags\/#breadcrumb\",\"itemListElement\":[{\"@type\":\"ListItem\",\"position\":1,\"name\":\"Home\",\"item\":\"https:\/\/gojuteinternational.com\/es\/\"},{\"@type\":\"ListItem\",\"position\":2,\"name\":\"Bolsas de colores personalizadas para la marca corporativa\"}]},{\"@type\":\"WebSite\",\"@id\":\"https:\/\/gojuteinternational.com\/es\/#website\",\"url\":\"https:\/\/gojuteinternational.com\/es\/\",\"name\":\"GoJute International\",\"description\":\"Printed bags for business\",\"publisher\":{\"@id\":\"https:\/\/gojuteinternational.com\/es\/#organization\"},\"alternateName\":\"GoJute\",\"potentialAction\":[{\"@type\":\"SearchAction\",\"target\":{\"@type\":\"EntryPoint\",\"urlTemplate\":\"https:\/\/gojuteinternational.com\/es\/?s={search_term_string}\"},\"query-input\":\"required name=search_term_string\"}],\"inLanguage\":\"es\"},{\"@type\":\"Organization\",\"@id\":\"https:\/\/gojuteinternational.com\/es\/#organization\",\"name\":\"GoJute International\",\"alternateName\":\"GoJute\",\"url\":\"https:\/\/gojuteinternational.com\/es\/\",\"logo\":{\"@type\":\"ImageObject\",\"inLanguage\":\"es\",\"@id\":\"https:\/\/gojuteinternational.com\/es\/#\/schema\/logo\/image\/\",\"url\":\"https:\/\/gojuteinternational.com\/wp-content\/uploads\/2022\/06\/GoJute-Logo-RGB.png\",\"contentUrl\":\"https:\/\/gojuteinternational.com\/wp-content\/uploads\/2022\/06\/GoJute-Logo-RGB.png\",\"width\":2000,\"height\":1809,\"caption\":\"GoJute International\"},\"image\":{\"@id\":\"https:\/\/gojuteinternational.com\/es\/#\/schema\/logo\/image\/\"},\"sameAs\":[\"https:\/\/www.facebook.com\/gojute\",\"https:\/\/www.instagram.com\/gojute\/\"]}]}<\/script>\n<!-- \/ Yoast SEO plugin. -->","yoast_head_json":{"title":"Bolsas de colores personalizadas para marcas corporativas | Bolsas de yute y algod\u00f3n para B2B","description":"Explora las bolsas de yute y algod\u00f3n de colores personalizadas para la marca B2B. Ideales para pedidos al por mayor, impresi\u00f3n de logotipos y campa\u00f1as promocionales corporativas.","robots":{"index":"index","follow":"follow","max-snippet":"max-snippet:-1","max-image-preview":"max-image-preview:large","max-video-preview":"max-video-preview:-1"},"canonical":"https:\/\/gojuteinternational.com\/es\/coloured-tote-bags\/","og_locale":"es_ES","og_type":"article","og_title":"Bolsas de colores personalizadas para marcas corporativas | Bolsas de yute y algod\u00f3n para B2B","og_description":"Explora las bolsas de yute y algod\u00f3n de colores personalizadas para la marca B2B. Ideales para pedidos al por mayor, impresi\u00f3n de logotipos y campa\u00f1as promocionales corporativas.","og_url":"https:\/\/gojuteinternational.com\/es\/coloured-tote-bags\/","og_site_name":"GoJute International","article_publisher":"https:\/\/www.facebook.com\/gojute","article_modified_time":"2025-09-16T10:45:14+00:00","twitter_card":"summary_large_image","twitter_misc":{"Tiempo de lectura":"2 minutos"},"schema":{"@context":"https:\/\/schema.org","@graph":[{"@type":"WebPage","@id":"https:\/\/gojuteinternational.com\/es\/coloured-tote-bags\/","url":"https:\/\/gojuteinternational.com\/es\/coloured-tote-bags\/","name":"Bolsas de colores personalizadas para marcas corporativas | Bolsas de yute y algod\u00f3n para B2B","isPartOf":{"@id":"https:\/\/gojuteinternational.com\/es\/#website"},"datePublished":"2025-09-16T08:12:09+00:00","dateModified":"2025-09-16T10:45:14+00:00","description":"Explora las bolsas de yute y algod\u00f3n de colores personalizadas para la marca B2B. Ideales para pedidos al por mayor, impresi\u00f3n de logotipos y campa\u00f1as promocionales corporativas.","breadcrumb":{"@id":"https:\/\/gojuteinternational.com\/es\/coloured-tote-bags\/#breadcrumb"},"inLanguage":"es","potentialAction":[{"@type":"ReadAction","target":["https:\/\/gojuteinternational.com\/es\/coloured-tote-bags\/"]}]},{"@type":"BreadcrumbList","@id":"https:\/\/gojuteinternational.com\/es\/coloured-tote-bags\/#breadcrumb","itemListElement":[{"@type":"ListItem","position":1,"name":"Home","item":"https:\/\/gojuteinternational.com\/es\/"},{"@type":"ListItem","position":2,"name":"Bolsas de colores personalizadas para la marca corporativa"}]},{"@type":"WebSite","@id":"https:\/\/gojuteinternational.com\/es\/#website","url":"https:\/\/gojuteinternational.com\/es\/","name":"GoJute International","description":"Printed bags for business","publisher":{"@id":"https:\/\/gojuteinternational.com\/es\/#organization"},"alternateName":"GoJute","potentialAction":[{"@type":"SearchAction","target":{"@type":"EntryPoint","urlTemplate":"https:\/\/gojuteinternational.com\/es\/?s={search_term_string}"},"query-input":"required name=search_term_string"}],"inLanguage":"es"},{"@type":"Organization","@id":"https:\/\/gojuteinternational.com\/es\/#organization","name":"GoJute International","alternateName":"GoJute","url":"https:\/\/gojuteinternational.com\/es\/","logo":{"@type":"ImageObject","inLanguage":"es","@id":"https:\/\/gojuteinternational.com\/es\/#\/schema\/logo\/image\/","url":"https:\/\/gojuteinternational.com\/wp-content\/uploads\/2022\/06\/GoJute-Logo-RGB.png","contentUrl":"https:\/\/gojuteinternational.com\/wp-content\/uploads\/2022\/06\/GoJute-Logo-RGB.png","width":2000,"height":1809,"caption":"GoJute International"},"image":{"@id":"https:\/\/gojuteinternational.com\/es\/#\/schema\/logo\/image\/"},"sameAs":["https:\/\/www.facebook.com\/gojute","https:\/\/www.instagram.com\/gojute\/"]}]}},"_links":{"self":[{"href":"https:\/\/gojuteinternational.com\/es\/wp-json\/wp\/v2\/pages\/91100","targetHints":{"allow":["GET"]}}],"collection":[{"href":"https:\/\/gojuteinternational.com\/es\/wp-json\/wp\/v2\/pages"}],"about":[{"href":"https:\/\/gojuteinternational.com\/es\/wp-json\/wp\/v2\/types\/page"}],"author":[{"embeddable":true,"href":"https:\/\/gojuteinternational.com\/es\/wp-json\/wp\/v2\/users\/6996"}],"replies":[{"embeddable":true,"href":"https:\/\/gojuteinternational.com\/es\/wp-json\/wp\/v2\/comments?post=91100"}],"version-history":[{"count":6,"href":"https:\/\/gojuteinternational.com\/es\/wp-json\/wp\/v2\/pages\/91100\/revisions"}],"predecessor-version":[{"id":91170,"href":"https:\/\/gojuteinternational.com\/es\/wp-json\/wp\/v2\/pages\/91100\/revisions\/91170"}],"wp:attachment":[{"href":"https:\/\/gojuteinternational.com\/es\/wp-json\/wp\/v2\/media?parent=91100"}],"curies":[{"name":"wp","href":"https:\/\/api.w.org\/{rel}","templated":true}]}}