{"id":91798,"date":"2025-11-11T07:14:14","date_gmt":"2025-11-11T06:14:14","guid":{"rendered":"https:\/\/gojuteinternational.com\/branded-bags-by-size-a-complete-guide\/"},"modified":"2025-11-25T13:05:22","modified_gmt":"2025-11-25T12:05:22","slug":"branded-bags-by-size","status":"publish","type":"page","link":"https:\/\/gojuteinternational.com\/es\/branded-bags-by-size\/","title":{"rendered":"Bolsas de marca por tallas: Una gu\u00eda completa"},"content":{"rendered":"\t\t<div data-elementor-type=\"wp-page\" data-elementor-id=\"91798\" class=\"elementor elementor-91798 elementor-91789\" data-elementor-post-type=\"page\">\n\t\t\t\t\t\t\t\t\t<section class=\"elementor-section elementor-top-section elementor-element elementor-element-ff56a3b elementor-section-boxed elementor-section-height-default elementor-section-height-default\" data-id=\"ff56a3b\" data-element_type=\"section\">\n\t\t\t\t\t\t<div class=\"elementor-container elementor-column-gap-default\">\n\t\t\t\t\t<div class=\"elementor-column elementor-col-100 elementor-top-column elementor-element elementor-element-6023c86\" data-id=\"6023c86\" data-element_type=\"column\">\n\t\t\t<div class=\"elementor-widget-wrap elementor-element-populated\">\n\t\t\t\t\t\t\t\t<div class=\"elementor-element elementor-element-b385fb3 elementor-widget elementor-widget-spacer\" data-id=\"b385fb3\" data-element_type=\"widget\" data-widget_type=\"spacer.default\">\n\t\t\t\t<div class=\"elementor-widget-container\">\n\t\t\t<style>\/*! elementor - v3.18.0 - 20-12-2023 *\/\n.elementor-column .elementor-spacer-inner{height:var(--spacer-size)}.e-con{--container-widget-width:100%}.e-con-inner>.elementor-widget-spacer,.e-con>.elementor-widget-spacer{width:var(--container-widget-width,var(--spacer-size));--align-self:var(--container-widget-align-self,initial);--flex-shrink:0}.e-con-inner>.elementor-widget-spacer>.elementor-widget-container,.e-con>.elementor-widget-spacer>.elementor-widget-container{height:100%;width:100%}.e-con-inner>.elementor-widget-spacer>.elementor-widget-container>.elementor-spacer,.e-con>.elementor-widget-spacer>.elementor-widget-container>.elementor-spacer{height:100%}.e-con-inner>.elementor-widget-spacer>.elementor-widget-container>.elementor-spacer>.elementor-spacer-inner,.e-con>.elementor-widget-spacer>.elementor-widget-container>.elementor-spacer>.elementor-spacer-inner{height:var(--container-widget-height,var(--spacer-size))}.e-con-inner>.elementor-widget-spacer.elementor-widget-empty,.e-con>.elementor-widget-spacer.elementor-widget-empty{position:relative;min-height:22px;min-width:22px}.e-con-inner>.elementor-widget-spacer.elementor-widget-empty .elementor-widget-empty-icon,.e-con>.elementor-widget-spacer.elementor-widget-empty .elementor-widget-empty-icon{position:absolute;top:0;bottom:0;left:0;right:0;margin:auto;padding:0;width:22px;height:22px}<\/style>\t\t<div class=\"elementor-spacer\">\n\t\t\t<div class=\"elementor-spacer-inner\"><\/div>\n\t\t<\/div>\n\t\t\t\t<\/div>\n\t\t\t\t<\/div>\n\t\t\t\t<div class=\"elementor-element elementor-element-90190e8 elementor-widget elementor-widget-heading\" data-id=\"90190e8\" data-element_type=\"widget\" data-widget_type=\"heading.default\">\n\t\t\t\t<div class=\"elementor-widget-container\">\n\t\t\t<style>\/*! elementor - v3.18.0 - 20-12-2023 *\/\n.elementor-heading-title{padding:0;margin:0;line-height:1}.elementor-widget-heading .elementor-heading-title[class*=elementor-size-]>a{color:inherit;font-size:inherit;line-height:inherit}.elementor-widget-heading .elementor-heading-title.elementor-size-small{font-size:15px}.elementor-widget-heading .elementor-heading-title.elementor-size-medium{font-size:19px}.elementor-widget-heading .elementor-heading-title.elementor-size-large{font-size:29px}.elementor-widget-heading .elementor-heading-title.elementor-size-xl{font-size:39px}.elementor-widget-heading .elementor-heading-title.elementor-size-xxl{font-size:59px}<\/style><h1 class=\"elementor-heading-title elementor-size-default\">Bolsas de marca por tallas: Una gu\u00eda completa<\/h1>\t\t<\/div>\n\t\t\t\t<\/div>\n\t\t\t\t<div class=\"elementor-element elementor-element-7e65025 elementor-widget elementor-widget-text-editor\" data-id=\"7e65025\" data-element_type=\"widget\" data-widget_type=\"text-editor.default\">\n\t\t\t\t<div class=\"elementor-widget-container\">\n\t\t\t<style>\/*! elementor - v3.18.0 - 20-12-2023 *\/\n.elementor-widget-text-editor.elementor-drop-cap-view-stacked .elementor-drop-cap{background-color:#69727d;color:#fff}.elementor-widget-text-editor.elementor-drop-cap-view-framed .elementor-drop-cap{color:#69727d;border:3px solid;background-color:transparent}.elementor-widget-text-editor:not(.elementor-drop-cap-view-default) .elementor-drop-cap{margin-top:8px}.elementor-widget-text-editor:not(.elementor-drop-cap-view-default) .elementor-drop-cap-letter{width:1em;height:1em}.elementor-widget-text-editor .elementor-drop-cap{float:left;text-align:center;line-height:1;font-size:50px}.elementor-widget-text-editor .elementor-drop-cap-letter{display:inline-block}<\/style>\t\t\t\t<p><span style=\"font-weight: 400;\">Elegir el tama\u00f1o adecuado para tu bolsa de marca es tan importante como seleccionar el material o el color adecuados. Tanto si est\u00e1s planeando un regalo corporativo a gran escala, una promoci\u00f3n minorista o un evento ferial, el tama\u00f1o de tu bolsa de yute o algod\u00f3n desempe\u00f1a un papel vital en la funcionalidad, la visibilidad y la presentaci\u00f3n general de la marca. <\/span><\/p>\n<p><span style=\"font-weight: 400;\">Esta gu\u00eda ayuda a las empresas a comprender c\u00f3mo cada tama\u00f1o de bolsa puede servir para un fin distinto en diferentes aplicaciones B2B, desde regalos compactos para eventos hasta espaciosos soportes para el comercio minorista.<\/span><\/p>\n<h2>Por qu\u00e9 el tama\u00f1o de la bolsa importa en la marca B2B<\/h2>\n<p><span style=\"font-weight: 400;\">En el marketing B2B, una talla no sirve para todos. El tama\u00f1o de tu bolsa determina la eficacia con la que apoya los objetivos de tu campa\u00f1a y satisface las necesidades de tu p\u00fablico. Las bolsas m\u00e1s peque\u00f1as son ideales para una imagen de marca sutil y port\u00e1til en eventos, mientras que las opciones grandes o extragrandes mejoran la visibilidad y el sentido pr\u00e1ctico en campa\u00f1as de venta al por menor o de regalos corporativos. Elegir el tama\u00f1o correcto garantiza que tu marca siga siendo funcional y memorable.   <\/span><\/p>\n<h3>Ventajas clave de elegir el tama\u00f1o adecuado<\/h3>\n<p><b>Practicidad:<\/b><span style=\"font-weight: 400;\"> Aseg\u00farate de que los clientes y socios encuentran tu bolsa \u00fatil en su vida diaria.<\/span><\/p>\n<p><b>Visibilidad:<\/b><span style=\"font-weight: 400;\"> Las bolsas m\u00e1s grandes ofrecen m\u00e1s espacio para la marca y los logotipos, mejorando la exposici\u00f3n de la marca.<\/span><\/p>\n<p><b>Rentabilidad:<\/b><span style=\"font-weight: 400;\"> Elegir el tama\u00f1o adecuado evita la sobreproducci\u00f3n o el despilfarro, aline\u00e1ndose con los objetivos de sostenibilidad.<\/span><\/p>\n<p><b>Relevancia para eventos:<\/b><span style=\"font-weight: 400;\"> Los distintos tama\u00f1os de bolsa se adaptan a fines corporativos o comerciales espec\u00edficos.<\/span><\/p>\n<h2>Explora los tama\u00f1os de nuestras bolsas<\/h2>\n<p><span style=\"font-weight: 400;\">Cada tama\u00f1o de bolsa ofrece oportunidades \u00fanicas para las campa\u00f1as de marketing B2B. A continuaci\u00f3n encontrar\u00e1s las categor\u00edas disponibles, cada una de ellas con un enlace a una p\u00e1gina detallada en la que se explican los casos de uso, las opciones de personalizaci\u00f3n y las ventajas empresariales. <\/span><\/p>\n<h3>Bolsas peque\u00f1as<\/h3>\n<p><span style=\"font-weight: 400;\">Compacta y pr\u00e1ctica, ideal para envasar productos, regalar en conferencias o muestras promocionales.<\/span><\/p>\n<p><a href=\"https:\/\/gojuteinternational.com\/es\/branded-bags-by-size\/small-bags\/\">Bolsas peque\u00f1as de yute<\/a><\/p>\n<h3>Bolsas medianas<\/h3>\n<p><span style=\"font-weight: 400;\">Equilibrada y vers\u00e1til, ideal para promociones en comercios, regalos para empleados o bolsas de la compra ecol\u00f3gicas.<\/span><\/p>\n<p><a href=\"https:\/\/gojuteinternational.com\/es\/branded-bags-by-size\/medium-bags\/\"><span style=\"font-weight: 400;\">Bolsas medianas de algod\u00f3n<\/span><\/a><\/p>\n<h3>Bolsas grandes<\/h3>\n<p><span style=\"font-weight: 400;\">Espaciosas y duraderas, adecuadas para ferias comerciales, regalos a granel o para marcar eventos corporativos.<\/span><\/p>\n<p><a href=\"https:\/\/gojuteinternational.com\/es\/branded-bags-by-size\/large-bags\/\">Bolsas grandes de yute<\/a><\/p>\n<h3>Bolsas extragrandes<\/h3>\n<p><span style=\"font-weight: 400;\">Dise\u00f1adas para un uso intensivo, por lo que son perfectas para entregas, cestas de lujo o kits corporativos de primera calidad.<\/span><\/p>\n<p><a href=\"https:\/\/gojuteinternational.com\/es\/branded-bags-by-size\/extra-large-bags\/\">Extragrande<\/a><a href=\"https:\/\/gojuteinternational.com\/es\/branded-bags-by-size\/extra-large-bags\/\"> Algod\u00f3n<\/a><a href=\"https:\/\/gojuteinternational.com\/es\/branded-bags-by-size\/extra-large-bags\/\"> Bolsas<\/a><\/p>\n<h3 dir=\"ltr\">  Bolsas de tama\u00f1o personalizado<\/h3>\n<p dir=\"ltr\">Adaptadas a tus especificaciones exactas, estas bolsas son ideales para las marcas que necesitan dimensiones \u00fanicas para campa\u00f1as especiales, envases a medida o experiencias premium para clientes.<\/p>\n<p dir=\"ltr\"><a href=\"https:\/\/gojuteinternational.com\/es\/branded-bags-by-size\/custom-size-bags\/\">Bolsas de tama\u00f1o personalizado<\/a><\/p>\n<h2>Aplicaciones B2B de todos los tama\u00f1os<\/h2>\n<p><b><br \/><\/b><span style=\"font-weight: 400;\">Diferentes tama\u00f1os de bolsa pueden alinearse con m\u00faltiples objetivos de marketing B2B. Por ejemplo: <\/span><\/p>\n<h3>Eventos de empresa y conferencias<\/h3>\n<p><span style=\"font-weight: 400;\">Bolsas medianas y grandes para folletos, regalos y merchandising de eventos.<\/span><\/p>\n<h3>Promociones para minoristas y comercio electr\u00f3nico<\/h3>\n<p><span style=\"font-weight: 400;\">Bolsas peque\u00f1as o medianas para mejorar la experiencia del cliente.<\/span><\/p>\n<h3>Regalos de empresa<\/h3>\n<p><span style=\"font-weight: 400;\">  Bolsas grandes y extragrandes para cestas o kits de embarque.<\/span><\/p>\n<h3>Campa\u00f1as de RSC y Sostenibilidad<\/h3>\n<p><span style=\"font-weight: 400;\">  Opciones ecol\u00f3gicas en todos los tama\u00f1os para reflejar los valores de tu empresa.<\/span><\/p>\n<h2>Estrategia de dimensionamiento sostenible<\/h2>\n<p><span style=\"font-weight: 400;\">Seleccionar el tama\u00f1o adecuado no es s\u00f3lo cuesti\u00f3n de comodidad, sino tambi\u00e9n de sostenibilidad. Las empresas pueden reducir los residuos y los costes de producci\u00f3n pidiendo exactamente lo que necesitan para cada campa\u00f1a. Los materiales de yute y algod\u00f3n complementan naturalmente esta estrategia, ofreciendo soluciones reutilizables y biodegradables que apoyan las iniciativas ecol\u00f3gicas.  <\/span><\/p>\n<h2>Por qu\u00e9 elegir GoJute para tus bolsas de tama\u00f1o B2B<\/h2>\n<p><span style=\"font-weight: 400;\">GoJute destaca como proveedor mundial de confianza de bolsas de yute y algod\u00f3n para empresas de todas las escalas. Nuestros clientes B2B se benefician de: <\/span><\/p>\n<ul>\n<li style=\"font-weight: 400;\" aria-level=\"1\"><b>Soluciones de tama\u00f1o a medida:<\/b><span style=\"font-weight: 400;\"> Elige las dimensiones exactas para adaptarlas a tu producto o evento.<\/span><\/li>\n<li style=\"font-weight: 400;\" aria-level=\"1\"><b>Personalizaci\u00f3n total:<\/b><span style=\"font-weight: 400;\"> A\u00f1ade logotipos, marcas de color o mensajes ecol\u00f3gicos en cualquier tama\u00f1o.<\/span><\/li>\n<li style=\"font-weight: 400;\" aria-level=\"1\"><b>Eficacia de los pedidos masivos:<\/b><span style=\"font-weight: 400;\"> Consigue precios competitivos y calidad constante para campa\u00f1as de gran volumen.<\/span><\/li>\n<li style=\"font-weight: 400;\" aria-level=\"1\"><b>Liderazgo en sostenibilidad:<\/b><span style=\"font-weight: 400;\"> As\u00f3ciate con un fabricante comprometido con el abastecimiento \u00e9tico y los materiales biodegradables.<\/span><\/li>\n<\/ul>\n<h2>\u00bfPreparado para elegir el tama\u00f1o de bolsa adecuado para tu negocio?<\/h2>\n<p><span style=\"font-weight: 400;\">GoJute ofrece una gama de bolsas de yute y algod\u00f3n adaptadas a cada necesidad B2B, peque\u00f1as, medianas, grandes y extragrandes, con opciones de personalizaci\u00f3n total. Si est\u00e1s planeando un evento, una promoci\u00f3n o una campa\u00f1a corporativa, nuestro equipo puede ayudarte a seleccionar el tama\u00f1o y el estilo perfectos para elevar la presencia de tu marca. <\/span><\/p>\n<p><span style=\"font-weight: 400;\"> <\/span><a href=\"https:\/\/gojuteinternational.com\/es\/contacte-con-nosotros\/\"><b>Contacte con nosotros<\/b><\/a><\/p>\n\t\t\t\t\t\t<\/div>\n\t\t\t\t<\/div>\n\t\t\t\t\t<\/div>\n\t\t<\/div>\n\t\t\t\t\t\t\t<\/div>\n\t\t<\/section>\n\t\t\t\t\t\t\t<\/div>\n\t\t","protected":false},"excerpt":{"rendered":"<p>Bolsas de marca por tallas: Una gu\u00eda completa Elegir el tama\u00f1o adecuado para tu bolsa de marca es tan importante como seleccionar el material o el color adecuados. Tanto si est\u00e1s planeando un regalo corporativo a gran escala, una promoci\u00f3n minorista o un evento ferial, el tama\u00f1o de tu bolsa de yute o algod\u00f3n desempe\u00f1a [&hellip;]<\/p>\n","protected":false},"author":6996,"featured_media":0,"parent":0,"menu_order":0,"comment_status":"closed","ping_status":"closed","template":"elementor_header_footer","meta":{"content-type":"","_monsterinsights_skip_tracking":false,"_monsterinsights_sitenote_active":false,"_monsterinsights_sitenote_note":"","_monsterinsights_sitenote_category":0,"footnotes":""},"class_list":["post-91798","page","type-page","status-publish","hentry"],"yoast_head":"<!-- This site is optimized with the Yoast SEO plugin v21.7 - https:\/\/yoast.com\/wordpress\/plugins\/seo\/ -->\n<title>Bolsas de marca por tama\u00f1o: Una Gu\u00eda B2B Completa | Opciones de Yute y Algod\u00f3n<\/title>\n<meta name=\"description\" content=\"Descubre las mejores bolsas de yute y algod\u00f3n por tama\u00f1o para campa\u00f1as B2B. Descubre c\u00f3mo las bolsas peque\u00f1as, medianas, grandes y extragrandes mejoran la imagen de marca, los eventos y las promociones.\" \/>\n<meta name=\"robots\" content=\"index, follow, max-snippet:-1, max-image-preview:large, max-video-preview:-1\" \/>\n<link rel=\"canonical\" href=\"https:\/\/gojuteinternational.com\/es\/branded-bags-by-size\/\" \/>\n<meta property=\"og:locale\" content=\"es_ES\" \/>\n<meta property=\"og:type\" content=\"article\" \/>\n<meta property=\"og:title\" content=\"Bolsas de marca por tama\u00f1o: Una Gu\u00eda B2B Completa | Opciones de Yute y Algod\u00f3n\" \/>\n<meta property=\"og:description\" content=\"Descubre las mejores bolsas de yute y algod\u00f3n por tama\u00f1o para campa\u00f1as B2B. Descubre c\u00f3mo las bolsas peque\u00f1as, medianas, grandes y extragrandes mejoran la imagen de marca, los eventos y las promociones.\" \/>\n<meta property=\"og:url\" content=\"https:\/\/gojuteinternational.com\/es\/branded-bags-by-size\/\" \/>\n<meta property=\"og:site_name\" content=\"GoJute International\" \/>\n<meta property=\"article:publisher\" content=\"https:\/\/www.facebook.com\/gojute\" \/>\n<meta property=\"article:modified_time\" content=\"2025-11-25T12:05:22+00:00\" \/>\n<meta name=\"twitter:card\" content=\"summary_large_image\" \/>\n<meta name=\"twitter:label1\" content=\"Tiempo de lectura\" \/>\n\t<meta name=\"twitter:data1\" content=\"4 minutos\" \/>\n<script type=\"application\/ld+json\" class=\"yoast-schema-graph\">{\"@context\":\"https:\/\/schema.org\",\"@graph\":[{\"@type\":\"WebPage\",\"@id\":\"https:\/\/gojuteinternational.com\/es\/branded-bags-by-size\/\",\"url\":\"https:\/\/gojuteinternational.com\/es\/branded-bags-by-size\/\",\"name\":\"Bolsas de marca por tama\u00f1o: Una Gu\u00eda B2B Completa | Opciones de Yute y Algod\u00f3n\",\"isPartOf\":{\"@id\":\"https:\/\/gojuteinternational.com\/es\/#website\"},\"datePublished\":\"2025-11-11T06:14:14+00:00\",\"dateModified\":\"2025-11-25T12:05:22+00:00\",\"description\":\"Descubre las mejores bolsas de yute y algod\u00f3n por tama\u00f1o para campa\u00f1as B2B. Descubre c\u00f3mo las bolsas peque\u00f1as, medianas, grandes y extragrandes mejoran la imagen de marca, los eventos y las promociones.\",\"breadcrumb\":{\"@id\":\"https:\/\/gojuteinternational.com\/es\/branded-bags-by-size\/#breadcrumb\"},\"inLanguage\":\"es\",\"potentialAction\":[{\"@type\":\"ReadAction\",\"target\":[\"https:\/\/gojuteinternational.com\/es\/branded-bags-by-size\/\"]}]},{\"@type\":\"BreadcrumbList\",\"@id\":\"https:\/\/gojuteinternational.com\/es\/branded-bags-by-size\/#breadcrumb\",\"itemListElement\":[{\"@type\":\"ListItem\",\"position\":1,\"name\":\"Home\",\"item\":\"https:\/\/gojuteinternational.com\/es\/\"},{\"@type\":\"ListItem\",\"position\":2,\"name\":\"Bolsas de marca por tallas: Una gu\u00eda completa\"}]},{\"@type\":\"WebSite\",\"@id\":\"https:\/\/gojuteinternational.com\/es\/#website\",\"url\":\"https:\/\/gojuteinternational.com\/es\/\",\"name\":\"GoJute International\",\"description\":\"Printed bags for business\",\"publisher\":{\"@id\":\"https:\/\/gojuteinternational.com\/es\/#organization\"},\"alternateName\":\"GoJute\",\"potentialAction\":[{\"@type\":\"SearchAction\",\"target\":{\"@type\":\"EntryPoint\",\"urlTemplate\":\"https:\/\/gojuteinternational.com\/es\/?s={search_term_string}\"},\"query-input\":\"required name=search_term_string\"}],\"inLanguage\":\"es\"},{\"@type\":\"Organization\",\"@id\":\"https:\/\/gojuteinternational.com\/es\/#organization\",\"name\":\"GoJute International\",\"alternateName\":\"GoJute\",\"url\":\"https:\/\/gojuteinternational.com\/es\/\",\"logo\":{\"@type\":\"ImageObject\",\"inLanguage\":\"es\",\"@id\":\"https:\/\/gojuteinternational.com\/es\/#\/schema\/logo\/image\/\",\"url\":\"https:\/\/gojuteinternational.com\/wp-content\/uploads\/2022\/06\/GoJute-Logo-RGB.png\",\"contentUrl\":\"https:\/\/gojuteinternational.com\/wp-content\/uploads\/2022\/06\/GoJute-Logo-RGB.png\",\"width\":2000,\"height\":1809,\"caption\":\"GoJute International\"},\"image\":{\"@id\":\"https:\/\/gojuteinternational.com\/es\/#\/schema\/logo\/image\/\"},\"sameAs\":[\"https:\/\/www.facebook.com\/gojute\",\"https:\/\/www.instagram.com\/gojute\/\"]}]}<\/script>\n<!-- \/ Yoast SEO plugin. -->","yoast_head_json":{"title":"Bolsas de marca por tama\u00f1o: Una Gu\u00eda B2B Completa | Opciones de Yute y Algod\u00f3n","description":"Descubre las mejores bolsas de yute y algod\u00f3n por tama\u00f1o para campa\u00f1as B2B. Descubre c\u00f3mo las bolsas peque\u00f1as, medianas, grandes y extragrandes mejoran la imagen de marca, los eventos y las promociones.","robots":{"index":"index","follow":"follow","max-snippet":"max-snippet:-1","max-image-preview":"max-image-preview:large","max-video-preview":"max-video-preview:-1"},"canonical":"https:\/\/gojuteinternational.com\/es\/branded-bags-by-size\/","og_locale":"es_ES","og_type":"article","og_title":"Bolsas de marca por tama\u00f1o: Una Gu\u00eda B2B Completa | Opciones de Yute y Algod\u00f3n","og_description":"Descubre las mejores bolsas de yute y algod\u00f3n por tama\u00f1o para campa\u00f1as B2B. Descubre c\u00f3mo las bolsas peque\u00f1as, medianas, grandes y extragrandes mejoran la imagen de marca, los eventos y las promociones.","og_url":"https:\/\/gojuteinternational.com\/es\/branded-bags-by-size\/","og_site_name":"GoJute International","article_publisher":"https:\/\/www.facebook.com\/gojute","article_modified_time":"2025-11-25T12:05:22+00:00","twitter_card":"summary_large_image","twitter_misc":{"Tiempo de lectura":"4 minutos"},"schema":{"@context":"https:\/\/schema.org","@graph":[{"@type":"WebPage","@id":"https:\/\/gojuteinternational.com\/es\/branded-bags-by-size\/","url":"https:\/\/gojuteinternational.com\/es\/branded-bags-by-size\/","name":"Bolsas de marca por tama\u00f1o: Una Gu\u00eda B2B Completa | Opciones de Yute y Algod\u00f3n","isPartOf":{"@id":"https:\/\/gojuteinternational.com\/es\/#website"},"datePublished":"2025-11-11T06:14:14+00:00","dateModified":"2025-11-25T12:05:22+00:00","description":"Descubre las mejores bolsas de yute y algod\u00f3n por tama\u00f1o para campa\u00f1as B2B. Descubre c\u00f3mo las bolsas peque\u00f1as, medianas, grandes y extragrandes mejoran la imagen de marca, los eventos y las promociones.","breadcrumb":{"@id":"https:\/\/gojuteinternational.com\/es\/branded-bags-by-size\/#breadcrumb"},"inLanguage":"es","potentialAction":[{"@type":"ReadAction","target":["https:\/\/gojuteinternational.com\/es\/branded-bags-by-size\/"]}]},{"@type":"BreadcrumbList","@id":"https:\/\/gojuteinternational.com\/es\/branded-bags-by-size\/#breadcrumb","itemListElement":[{"@type":"ListItem","position":1,"name":"Home","item":"https:\/\/gojuteinternational.com\/es\/"},{"@type":"ListItem","position":2,"name":"Bolsas de marca por tallas: Una gu\u00eda completa"}]},{"@type":"WebSite","@id":"https:\/\/gojuteinternational.com\/es\/#website","url":"https:\/\/gojuteinternational.com\/es\/","name":"GoJute International","description":"Printed bags for business","publisher":{"@id":"https:\/\/gojuteinternational.com\/es\/#organization"},"alternateName":"GoJute","potentialAction":[{"@type":"SearchAction","target":{"@type":"EntryPoint","urlTemplate":"https:\/\/gojuteinternational.com\/es\/?s={search_term_string}"},"query-input":"required name=search_term_string"}],"inLanguage":"es"},{"@type":"Organization","@id":"https:\/\/gojuteinternational.com\/es\/#organization","name":"GoJute International","alternateName":"GoJute","url":"https:\/\/gojuteinternational.com\/es\/","logo":{"@type":"ImageObject","inLanguage":"es","@id":"https:\/\/gojuteinternational.com\/es\/#\/schema\/logo\/image\/","url":"https:\/\/gojuteinternational.com\/wp-content\/uploads\/2022\/06\/GoJute-Logo-RGB.png","contentUrl":"https:\/\/gojuteinternational.com\/wp-content\/uploads\/2022\/06\/GoJute-Logo-RGB.png","width":2000,"height":1809,"caption":"GoJute International"},"image":{"@id":"https:\/\/gojuteinternational.com\/es\/#\/schema\/logo\/image\/"},"sameAs":["https:\/\/www.facebook.com\/gojute","https:\/\/www.instagram.com\/gojute\/"]}]}},"_links":{"self":[{"href":"https:\/\/gojuteinternational.com\/es\/wp-json\/wp\/v2\/pages\/91798","targetHints":{"allow":["GET"]}}],"collection":[{"href":"https:\/\/gojuteinternational.com\/es\/wp-json\/wp\/v2\/pages"}],"about":[{"href":"https:\/\/gojuteinternational.com\/es\/wp-json\/wp\/v2\/types\/page"}],"author":[{"embeddable":true,"href":"https:\/\/gojuteinternational.com\/es\/wp-json\/wp\/v2\/users\/6996"}],"replies":[{"embeddable":true,"href":"https:\/\/gojuteinternational.com\/es\/wp-json\/wp\/v2\/comments?post=91798"}],"version-history":[{"count":5,"href":"https:\/\/gojuteinternational.com\/es\/wp-json\/wp\/v2\/pages\/91798\/revisions"}],"predecessor-version":[{"id":92048,"href":"https:\/\/gojuteinternational.com\/es\/wp-json\/wp\/v2\/pages\/91798\/revisions\/92048"}],"wp:attachment":[{"href":"https:\/\/gojuteinternational.com\/es\/wp-json\/wp\/v2\/media?parent=91798"}],"curies":[{"name":"wp","href":"https:\/\/api.w.org\/{rel}","templated":true}]}}