{"id":91805,"date":"2025-11-11T07:28:38","date_gmt":"2025-11-11T06:28:38","guid":{"rendered":"https:\/\/gojuteinternational.com\/small-bags-for-b2b-marketing\/"},"modified":"2025-11-18T07:09:45","modified_gmt":"2025-11-18T06:09:45","slug":"small-bags","status":"publish","type":"page","link":"https:\/\/gojuteinternational.com\/es\/branded-bags-by-size\/small-bags\/","title":{"rendered":"Bolsas peque\u00f1as para marketing B2B"},"content":{"rendered":"\t\t<div data-elementor-type=\"wp-page\" data-elementor-id=\"91805\" class=\"elementor elementor-91805 elementor-91803\" data-elementor-post-type=\"page\">\n\t\t\t\t\t\t\t\t\t<section class=\"elementor-section elementor-top-section elementor-element elementor-element-5a7f31e elementor-section-boxed elementor-section-height-default elementor-section-height-default\" data-id=\"5a7f31e\" data-element_type=\"section\">\n\t\t\t\t\t\t<div class=\"elementor-container elementor-column-gap-default\">\n\t\t\t\t\t<div class=\"elementor-column elementor-col-100 elementor-top-column elementor-element elementor-element-c0aba59\" data-id=\"c0aba59\" data-element_type=\"column\">\n\t\t\t<div class=\"elementor-widget-wrap elementor-element-populated\">\n\t\t\t\t\t\t\t\t<div class=\"elementor-element elementor-element-4f1a86e elementor-widget elementor-widget-spacer\" data-id=\"4f1a86e\" data-element_type=\"widget\" data-widget_type=\"spacer.default\">\n\t\t\t\t<div class=\"elementor-widget-container\">\n\t\t\t<style>\/*! elementor - v3.18.0 - 20-12-2023 *\/\n.elementor-column .elementor-spacer-inner{height:var(--spacer-size)}.e-con{--container-widget-width:100%}.e-con-inner>.elementor-widget-spacer,.e-con>.elementor-widget-spacer{width:var(--container-widget-width,var(--spacer-size));--align-self:var(--container-widget-align-self,initial);--flex-shrink:0}.e-con-inner>.elementor-widget-spacer>.elementor-widget-container,.e-con>.elementor-widget-spacer>.elementor-widget-container{height:100%;width:100%}.e-con-inner>.elementor-widget-spacer>.elementor-widget-container>.elementor-spacer,.e-con>.elementor-widget-spacer>.elementor-widget-container>.elementor-spacer{height:100%}.e-con-inner>.elementor-widget-spacer>.elementor-widget-container>.elementor-spacer>.elementor-spacer-inner,.e-con>.elementor-widget-spacer>.elementor-widget-container>.elementor-spacer>.elementor-spacer-inner{height:var(--container-widget-height,var(--spacer-size))}.e-con-inner>.elementor-widget-spacer.elementor-widget-empty,.e-con>.elementor-widget-spacer.elementor-widget-empty{position:relative;min-height:22px;min-width:22px}.e-con-inner>.elementor-widget-spacer.elementor-widget-empty .elementor-widget-empty-icon,.e-con>.elementor-widget-spacer.elementor-widget-empty .elementor-widget-empty-icon{position:absolute;top:0;bottom:0;left:0;right:0;margin:auto;padding:0;width:22px;height:22px}<\/style>\t\t<div class=\"elementor-spacer\">\n\t\t\t<div class=\"elementor-spacer-inner\"><\/div>\n\t\t<\/div>\n\t\t\t\t<\/div>\n\t\t\t\t<\/div>\n\t\t\t\t<div class=\"elementor-element elementor-element-07e7fc7 elementor-widget elementor-widget-heading\" data-id=\"07e7fc7\" data-element_type=\"widget\" data-widget_type=\"heading.default\">\n\t\t\t\t<div class=\"elementor-widget-container\">\n\t\t\t<style>\/*! elementor - v3.18.0 - 20-12-2023 *\/\n.elementor-heading-title{padding:0;margin:0;line-height:1}.elementor-widget-heading .elementor-heading-title[class*=elementor-size-]>a{color:inherit;font-size:inherit;line-height:inherit}.elementor-widget-heading .elementor-heading-title.elementor-size-small{font-size:15px}.elementor-widget-heading .elementor-heading-title.elementor-size-medium{font-size:19px}.elementor-widget-heading .elementor-heading-title.elementor-size-large{font-size:29px}.elementor-widget-heading .elementor-heading-title.elementor-size-xl{font-size:39px}.elementor-widget-heading .elementor-heading-title.elementor-size-xxl{font-size:59px}<\/style><h1 class=\"elementor-heading-title elementor-size-default\">Bolsas peque\u00f1as para marketing B2B\n<\/h1>\t\t<\/div>\n\t\t\t\t<\/div>\n\t\t\t\t<div class=\"elementor-element elementor-element-4853982 elementor-widget elementor-widget-text-editor\" data-id=\"4853982\" data-element_type=\"widget\" data-widget_type=\"text-editor.default\">\n\t\t\t\t<div class=\"elementor-widget-container\">\n\t\t\t<style>\/*! elementor - v3.18.0 - 20-12-2023 *\/\n.elementor-widget-text-editor.elementor-drop-cap-view-stacked .elementor-drop-cap{background-color:#69727d;color:#fff}.elementor-widget-text-editor.elementor-drop-cap-view-framed .elementor-drop-cap{color:#69727d;border:3px solid;background-color:transparent}.elementor-widget-text-editor:not(.elementor-drop-cap-view-default) .elementor-drop-cap{margin-top:8px}.elementor-widget-text-editor:not(.elementor-drop-cap-view-default) .elementor-drop-cap-letter{width:1em;height:1em}.elementor-widget-text-editor .elementor-drop-cap{float:left;text-align:center;line-height:1;font-size:50px}.elementor-widget-text-editor .elementor-drop-cap-letter{display:inline-block}<\/style>\t\t\t\t<p><span style=\"font-weight: 400;\">Las bolsas peque\u00f1as pueden tener un tama\u00f1o compacto, pero encierran un inmenso potencial de marca. Para las empresas B2B, estas pr\u00e1cticas y ligeras bolsas de yute y algod\u00f3n son ideales para actos promocionales, campa\u00f1as de venta al por menor y regalos de empresa bien pensados. Con los materiales ecol\u00f3gicos de GoJute y sus completas opciones de personalizaci\u00f3n, las bolsas peque\u00f1as hacen que tu marca sea memorable a la vez que promueven la sostenibilidad.  <\/span><\/p>\n<h2><b><br \/><\/b>Por qu\u00e9 las bolsas peque\u00f1as son una poderosa herramienta de marketing B2B<\/h2>\n<p><span style=\"font-weight: 400;\">En un mercado competitivo, la atenci\u00f3n al detalle puede diferenciar tu negocio. Las peque\u00f1as bolsas de yute o algod\u00f3n de marca ofrecen una forma refinada de mostrar tu logotipo y tus valores sin abrumar a tu p\u00fablico. Su portabilidad las hace perfectas para conferencias, ferias comerciales y embalaje de productos, ayudando a que tu marca viaje sin esfuerzo de mano en mano.  <\/span><span style=\"font-weight: 400;\"><br \/><\/span><\/p>\n<h2>Aplicaciones B2B para bolsas peque\u00f1as<\/h2>\n<h3>Eventos corporativos y ferias comerciales<\/h3>\n<p><span style=\"font-weight: 400;\">Las bolsas peque\u00f1as son excelentes portadoras de botines en conferencias o exposiciones. Tanto si contienen folletos, muestras promocionales o peque\u00f1os regalos, crean una impresi\u00f3n duradera y refuerzan sutilmente la identidad de tu marca. <\/span><\/p>\n<h3>Regalos para empleados y clientes<\/h3>\n<p><span style=\"font-weight: 400;\">Regala a tu equipo o a tus clientes un art\u00edculo ecol\u00f3gico y reutilizable que se ajuste a los valores corporativos modernos. Estas peque\u00f1as bolsas de marca pueden personalizarse con tu logotipo, eslogan o dise\u00f1os de temporada, un gesto considerado que sirve tambi\u00e9n para reforzar la marca. <\/span><span style=\"font-weight: 400;\"><br \/><\/span><span style=\"font-weight: 400;\"><\/p>\n<p><\/span><\/p>\n<h3>Promociones minoristas y envases de productos<\/h3>\n<p><span style=\"font-weight: 400;\">Para las empresas minoristas y de comercio electr\u00f3nico, las bolsas peque\u00f1as son elegantes envoltorios para productos de boutique, cosm\u00e9ticos y accesorios. Su calidad, aspecto y naturaleza reutilizable las convierten en una parte atractiva de la experiencia del cliente. <\/span><\/p>\n<h3>Regalos para eventos y bolsas de regalo<\/h3>\n<p><span style=\"font-weight: 400;\">Distribuye peque\u00f1as bolsas de yute o algod\u00f3n con tu marca durante campa\u00f1as promocionales o actos ben\u00e9ficos. Su facilidad de uso garantiza que tu logotipo siga ganando visibilidad mucho despu\u00e9s del evento. <\/span><\/p>\n<h2>La sostenibilidad se une al estilo<\/h2>\n<p><b><br \/><\/b><span style=\"font-weight: 400;\">Las bolsas peque\u00f1as representan algo m\u00e1s que comodidad: encarnan el compromiso de tu empresa con la sostenibilidad. Fabricadas con yute y algod\u00f3n biodegradables, son una alternativa elegante y ecol\u00f3gica a los envases de un solo uso. Su durabilidad garantiza que se reutilicen a menudo, ampliando la visibilidad de tu marca y reduciendo al mismo tiempo el impacto medioambiental.  <\/span><\/p>\n<h2>\u00bfPreparado para elevar tu marketing B2B con bolsas peque\u00f1as?<\/h2>\n<p><span style=\"font-weight: 400;\">Si est\u00e1s preparado para causar una impresi\u00f3n sostenible, las peque\u00f1as bolsas de yute y algod\u00f3n de GoJute son la forma perfecta de mostrar tu marca. Ya sea para eventos, lanzamientos de productos o agradecimientos a empleados, estas bolsas de marca compactas ofrecen una visibilidad duradera a la vez que reflejan los valores ecol\u00f3gicos de tu empresa. <\/span><\/p>\n<p><span style=\"font-weight: 400;\">As\u00f3ciate con GoJute hoy mismo para dise\u00f1ar tu colecci\u00f3n ideal de bolsas peque\u00f1as, totalmente personalizadas, fabricadas de forma \u00e9tica y listas para que tu marca destaque.<\/span><\/p>\n<p><span style=\"font-weight: 400;\"> <\/span><a href=\"https:\/\/gojuteinternational.com\/es\/contacte-con-nosotros\/\"><b>Contacte con nosotros<\/b><\/a><\/p>\n\t\t\t\t\t\t<\/div>\n\t\t\t\t<\/div>\n\t\t\t\t\t<\/div>\n\t\t<\/div>\n\t\t\t\t\t\t\t<\/div>\n\t\t<\/section>\n\t\t\t\t\t\t\t<\/div>\n\t\t","protected":false},"excerpt":{"rendered":"<p>Bolsas peque\u00f1as para marketing B2B Las bolsas peque\u00f1as pueden tener un tama\u00f1o compacto, pero encierran un inmenso potencial de marca. Para las empresas B2B, estas pr\u00e1cticas y ligeras bolsas de yute y algod\u00f3n son ideales para actos promocionales, campa\u00f1as de venta al por menor y regalos de empresa bien pensados. Con los materiales ecol\u00f3gicos de [&hellip;]<\/p>\n","protected":false},"author":6996,"featured_media":0,"parent":91798,"menu_order":0,"comment_status":"closed","ping_status":"closed","template":"elementor_header_footer","meta":{"content-type":"","_monsterinsights_skip_tracking":false,"_monsterinsights_sitenote_active":false,"_monsterinsights_sitenote_note":"","_monsterinsights_sitenote_category":0,"footnotes":""},"class_list":["post-91805","page","type-page","status-publish","hentry"],"yoast_head":"<!-- This site is optimized with the Yoast SEO plugin v21.7 - https:\/\/yoast.com\/wordpress\/plugins\/seo\/ -->\n<title>Bolsas Peque\u00f1as para Marketing B2B | Soluciones Promocionales Compactas de Yute y Algod\u00f3n<\/title>\n<meta name=\"description\" content=\"Descubre c\u00f3mo las peque\u00f1as bolsas de yute y algod\u00f3n mejoran el marketing B2B. Perfectas para eventos corporativos, regalos y promociones al por menor con opciones completas de marca.\" \/>\n<meta name=\"robots\" content=\"index, follow, max-snippet:-1, max-image-preview:large, max-video-preview:-1\" \/>\n<link rel=\"canonical\" href=\"https:\/\/gojuteinternational.com\/es\/branded-bags-by-size\/small-bags\/\" \/>\n<meta property=\"og:locale\" content=\"es_ES\" \/>\n<meta property=\"og:type\" content=\"article\" \/>\n<meta property=\"og:title\" content=\"Bolsas Peque\u00f1as para Marketing B2B | Soluciones Promocionales Compactas de Yute y Algod\u00f3n\" \/>\n<meta property=\"og:description\" content=\"Descubre c\u00f3mo las peque\u00f1as bolsas de yute y algod\u00f3n mejoran el marketing B2B. Perfectas para eventos corporativos, regalos y promociones al por menor con opciones completas de marca.\" \/>\n<meta property=\"og:url\" content=\"https:\/\/gojuteinternational.com\/es\/branded-bags-by-size\/small-bags\/\" \/>\n<meta property=\"og:site_name\" content=\"GoJute International\" \/>\n<meta property=\"article:publisher\" content=\"https:\/\/www.facebook.com\/gojute\" \/>\n<meta property=\"article:modified_time\" content=\"2025-11-18T06:09:45+00:00\" \/>\n<meta name=\"twitter:card\" content=\"summary_large_image\" \/>\n<meta name=\"twitter:label1\" content=\"Tiempo de lectura\" \/>\n\t<meta name=\"twitter:data1\" content=\"3 minutos\" \/>\n<script type=\"application\/ld+json\" class=\"yoast-schema-graph\">{\"@context\":\"https:\/\/schema.org\",\"@graph\":[{\"@type\":\"WebPage\",\"@id\":\"https:\/\/gojuteinternational.com\/es\/branded-bags-by-size\/small-bags\/\",\"url\":\"https:\/\/gojuteinternational.com\/es\/branded-bags-by-size\/small-bags\/\",\"name\":\"Bolsas Peque\u00f1as para Marketing B2B | Soluciones Promocionales Compactas de Yute y Algod\u00f3n\",\"isPartOf\":{\"@id\":\"https:\/\/gojuteinternational.com\/es\/#website\"},\"datePublished\":\"2025-11-11T06:28:38+00:00\",\"dateModified\":\"2025-11-18T06:09:45+00:00\",\"description\":\"Descubre c\u00f3mo las peque\u00f1as bolsas de yute y algod\u00f3n mejoran el marketing B2B. Perfectas para eventos corporativos, regalos y promociones al por menor con opciones completas de marca.\",\"breadcrumb\":{\"@id\":\"https:\/\/gojuteinternational.com\/es\/branded-bags-by-size\/small-bags\/#breadcrumb\"},\"inLanguage\":\"es\",\"potentialAction\":[{\"@type\":\"ReadAction\",\"target\":[\"https:\/\/gojuteinternational.com\/es\/branded-bags-by-size\/small-bags\/\"]}]},{\"@type\":\"BreadcrumbList\",\"@id\":\"https:\/\/gojuteinternational.com\/es\/branded-bags-by-size\/small-bags\/#breadcrumb\",\"itemListElement\":[{\"@type\":\"ListItem\",\"position\":1,\"name\":\"Home\",\"item\":\"https:\/\/gojuteinternational.com\/es\/\"},{\"@type\":\"ListItem\",\"position\":2,\"name\":\"Bolsas peque\u00f1as para marketing B2B\"}]},{\"@type\":\"WebSite\",\"@id\":\"https:\/\/gojuteinternational.com\/es\/#website\",\"url\":\"https:\/\/gojuteinternational.com\/es\/\",\"name\":\"GoJute International\",\"description\":\"Printed bags for business\",\"publisher\":{\"@id\":\"https:\/\/gojuteinternational.com\/es\/#organization\"},\"alternateName\":\"GoJute\",\"potentialAction\":[{\"@type\":\"SearchAction\",\"target\":{\"@type\":\"EntryPoint\",\"urlTemplate\":\"https:\/\/gojuteinternational.com\/es\/?s={search_term_string}\"},\"query-input\":\"required name=search_term_string\"}],\"inLanguage\":\"es\"},{\"@type\":\"Organization\",\"@id\":\"https:\/\/gojuteinternational.com\/es\/#organization\",\"name\":\"GoJute International\",\"alternateName\":\"GoJute\",\"url\":\"https:\/\/gojuteinternational.com\/es\/\",\"logo\":{\"@type\":\"ImageObject\",\"inLanguage\":\"es\",\"@id\":\"https:\/\/gojuteinternational.com\/es\/#\/schema\/logo\/image\/\",\"url\":\"https:\/\/gojuteinternational.com\/wp-content\/uploads\/2022\/06\/GoJute-Logo-RGB.png\",\"contentUrl\":\"https:\/\/gojuteinternational.com\/wp-content\/uploads\/2022\/06\/GoJute-Logo-RGB.png\",\"width\":2000,\"height\":1809,\"caption\":\"GoJute International\"},\"image\":{\"@id\":\"https:\/\/gojuteinternational.com\/es\/#\/schema\/logo\/image\/\"},\"sameAs\":[\"https:\/\/www.facebook.com\/gojute\",\"https:\/\/www.instagram.com\/gojute\/\"]}]}<\/script>\n<!-- \/ Yoast SEO plugin. -->","yoast_head_json":{"title":"Bolsas Peque\u00f1as para Marketing B2B | Soluciones Promocionales Compactas de Yute y Algod\u00f3n","description":"Descubre c\u00f3mo las peque\u00f1as bolsas de yute y algod\u00f3n mejoran el marketing B2B. Perfectas para eventos corporativos, regalos y promociones al por menor con opciones completas de marca.","robots":{"index":"index","follow":"follow","max-snippet":"max-snippet:-1","max-image-preview":"max-image-preview:large","max-video-preview":"max-video-preview:-1"},"canonical":"https:\/\/gojuteinternational.com\/es\/branded-bags-by-size\/small-bags\/","og_locale":"es_ES","og_type":"article","og_title":"Bolsas Peque\u00f1as para Marketing B2B | Soluciones Promocionales Compactas de Yute y Algod\u00f3n","og_description":"Descubre c\u00f3mo las peque\u00f1as bolsas de yute y algod\u00f3n mejoran el marketing B2B. Perfectas para eventos corporativos, regalos y promociones al por menor con opciones completas de marca.","og_url":"https:\/\/gojuteinternational.com\/es\/branded-bags-by-size\/small-bags\/","og_site_name":"GoJute International","article_publisher":"https:\/\/www.facebook.com\/gojute","article_modified_time":"2025-11-18T06:09:45+00:00","twitter_card":"summary_large_image","twitter_misc":{"Tiempo de lectura":"3 minutos"},"schema":{"@context":"https:\/\/schema.org","@graph":[{"@type":"WebPage","@id":"https:\/\/gojuteinternational.com\/es\/branded-bags-by-size\/small-bags\/","url":"https:\/\/gojuteinternational.com\/es\/branded-bags-by-size\/small-bags\/","name":"Bolsas Peque\u00f1as para Marketing B2B | Soluciones Promocionales Compactas de Yute y Algod\u00f3n","isPartOf":{"@id":"https:\/\/gojuteinternational.com\/es\/#website"},"datePublished":"2025-11-11T06:28:38+00:00","dateModified":"2025-11-18T06:09:45+00:00","description":"Descubre c\u00f3mo las peque\u00f1as bolsas de yute y algod\u00f3n mejoran el marketing B2B. Perfectas para eventos corporativos, regalos y promociones al por menor con opciones completas de marca.","breadcrumb":{"@id":"https:\/\/gojuteinternational.com\/es\/branded-bags-by-size\/small-bags\/#breadcrumb"},"inLanguage":"es","potentialAction":[{"@type":"ReadAction","target":["https:\/\/gojuteinternational.com\/es\/branded-bags-by-size\/small-bags\/"]}]},{"@type":"BreadcrumbList","@id":"https:\/\/gojuteinternational.com\/es\/branded-bags-by-size\/small-bags\/#breadcrumb","itemListElement":[{"@type":"ListItem","position":1,"name":"Home","item":"https:\/\/gojuteinternational.com\/es\/"},{"@type":"ListItem","position":2,"name":"Bolsas peque\u00f1as para marketing B2B"}]},{"@type":"WebSite","@id":"https:\/\/gojuteinternational.com\/es\/#website","url":"https:\/\/gojuteinternational.com\/es\/","name":"GoJute International","description":"Printed bags for business","publisher":{"@id":"https:\/\/gojuteinternational.com\/es\/#organization"},"alternateName":"GoJute","potentialAction":[{"@type":"SearchAction","target":{"@type":"EntryPoint","urlTemplate":"https:\/\/gojuteinternational.com\/es\/?s={search_term_string}"},"query-input":"required name=search_term_string"}],"inLanguage":"es"},{"@type":"Organization","@id":"https:\/\/gojuteinternational.com\/es\/#organization","name":"GoJute International","alternateName":"GoJute","url":"https:\/\/gojuteinternational.com\/es\/","logo":{"@type":"ImageObject","inLanguage":"es","@id":"https:\/\/gojuteinternational.com\/es\/#\/schema\/logo\/image\/","url":"https:\/\/gojuteinternational.com\/wp-content\/uploads\/2022\/06\/GoJute-Logo-RGB.png","contentUrl":"https:\/\/gojuteinternational.com\/wp-content\/uploads\/2022\/06\/GoJute-Logo-RGB.png","width":2000,"height":1809,"caption":"GoJute International"},"image":{"@id":"https:\/\/gojuteinternational.com\/es\/#\/schema\/logo\/image\/"},"sameAs":["https:\/\/www.facebook.com\/gojute","https:\/\/www.instagram.com\/gojute\/"]}]}},"_links":{"self":[{"href":"https:\/\/gojuteinternational.com\/es\/wp-json\/wp\/v2\/pages\/91805","targetHints":{"allow":["GET"]}}],"collection":[{"href":"https:\/\/gojuteinternational.com\/es\/wp-json\/wp\/v2\/pages"}],"about":[{"href":"https:\/\/gojuteinternational.com\/es\/wp-json\/wp\/v2\/types\/page"}],"author":[{"embeddable":true,"href":"https:\/\/gojuteinternational.com\/es\/wp-json\/wp\/v2\/users\/6996"}],"replies":[{"embeddable":true,"href":"https:\/\/gojuteinternational.com\/es\/wp-json\/wp\/v2\/comments?post=91805"}],"version-history":[{"count":13,"href":"https:\/\/gojuteinternational.com\/es\/wp-json\/wp\/v2\/pages\/91805\/revisions"}],"predecessor-version":[{"id":91939,"href":"https:\/\/gojuteinternational.com\/es\/wp-json\/wp\/v2\/pages\/91805\/revisions\/91939"}],"up":[{"embeddable":true,"href":"https:\/\/gojuteinternational.com\/es\/wp-json\/wp\/v2\/pages\/91798"}],"wp:attachment":[{"href":"https:\/\/gojuteinternational.com\/es\/wp-json\/wp\/v2\/media?parent=91805"}],"curies":[{"name":"wp","href":"https:\/\/api.w.org\/{rel}","templated":true}]}}