{"id":91820,"date":"2025-11-11T07:39:01","date_gmt":"2025-11-11T06:39:01","guid":{"rendered":"https:\/\/gojuteinternational.com\/medium-bags-for-b2b-marketing\/"},"modified":"2025-11-18T07:21:25","modified_gmt":"2025-11-18T06:21:25","slug":"medium-bags","status":"publish","type":"page","link":"https:\/\/gojuteinternational.com\/es\/branded-bags-by-size\/medium-bags\/","title":{"rendered":"Bolsas medianas para marketing B2B"},"content":{"rendered":"\t\t<div data-elementor-type=\"wp-page\" data-elementor-id=\"91820\" class=\"elementor elementor-91820 elementor-91815\" data-elementor-post-type=\"page\">\n\t\t\t\t\t\t\t\t\t<section class=\"elementor-section elementor-top-section elementor-element elementor-element-ca64500 elementor-section-boxed elementor-section-height-default elementor-section-height-default\" data-id=\"ca64500\" data-element_type=\"section\">\n\t\t\t\t\t\t<div class=\"elementor-container elementor-column-gap-default\">\n\t\t\t\t\t<div class=\"elementor-column elementor-col-100 elementor-top-column elementor-element elementor-element-319b171\" data-id=\"319b171\" data-element_type=\"column\">\n\t\t\t<div class=\"elementor-widget-wrap elementor-element-populated\">\n\t\t\t\t\t\t\t\t<div class=\"elementor-element elementor-element-0c24800 elementor-widget elementor-widget-spacer\" data-id=\"0c24800\" data-element_type=\"widget\" data-widget_type=\"spacer.default\">\n\t\t\t\t<div class=\"elementor-widget-container\">\n\t\t\t<style>\/*! elementor - v3.18.0 - 20-12-2023 *\/\n.elementor-column .elementor-spacer-inner{height:var(--spacer-size)}.e-con{--container-widget-width:100%}.e-con-inner>.elementor-widget-spacer,.e-con>.elementor-widget-spacer{width:var(--container-widget-width,var(--spacer-size));--align-self:var(--container-widget-align-self,initial);--flex-shrink:0}.e-con-inner>.elementor-widget-spacer>.elementor-widget-container,.e-con>.elementor-widget-spacer>.elementor-widget-container{height:100%;width:100%}.e-con-inner>.elementor-widget-spacer>.elementor-widget-container>.elementor-spacer,.e-con>.elementor-widget-spacer>.elementor-widget-container>.elementor-spacer{height:100%}.e-con-inner>.elementor-widget-spacer>.elementor-widget-container>.elementor-spacer>.elementor-spacer-inner,.e-con>.elementor-widget-spacer>.elementor-widget-container>.elementor-spacer>.elementor-spacer-inner{height:var(--container-widget-height,var(--spacer-size))}.e-con-inner>.elementor-widget-spacer.elementor-widget-empty,.e-con>.elementor-widget-spacer.elementor-widget-empty{position:relative;min-height:22px;min-width:22px}.e-con-inner>.elementor-widget-spacer.elementor-widget-empty .elementor-widget-empty-icon,.e-con>.elementor-widget-spacer.elementor-widget-empty .elementor-widget-empty-icon{position:absolute;top:0;bottom:0;left:0;right:0;margin:auto;padding:0;width:22px;height:22px}<\/style>\t\t<div class=\"elementor-spacer\">\n\t\t\t<div class=\"elementor-spacer-inner\"><\/div>\n\t\t<\/div>\n\t\t\t\t<\/div>\n\t\t\t\t<\/div>\n\t\t\t\t<div class=\"elementor-element elementor-element-fed2136 elementor-widget elementor-widget-heading\" data-id=\"fed2136\" data-element_type=\"widget\" data-widget_type=\"heading.default\">\n\t\t\t\t<div class=\"elementor-widget-container\">\n\t\t\t<style>\/*! elementor - v3.18.0 - 20-12-2023 *\/\n.elementor-heading-title{padding:0;margin:0;line-height:1}.elementor-widget-heading .elementor-heading-title[class*=elementor-size-]>a{color:inherit;font-size:inherit;line-height:inherit}.elementor-widget-heading .elementor-heading-title.elementor-size-small{font-size:15px}.elementor-widget-heading .elementor-heading-title.elementor-size-medium{font-size:19px}.elementor-widget-heading .elementor-heading-title.elementor-size-large{font-size:29px}.elementor-widget-heading .elementor-heading-title.elementor-size-xl{font-size:39px}.elementor-widget-heading .elementor-heading-title.elementor-size-xxl{font-size:59px}<\/style><h1 class=\"elementor-heading-title elementor-size-default\">Bolsas medianas para marketing B2B\n<\/h1>\t\t<\/div>\n\t\t\t\t<\/div>\n\t\t\t\t<div class=\"elementor-element elementor-element-7db0781 elementor-widget elementor-widget-text-editor\" data-id=\"7db0781\" data-element_type=\"widget\" data-widget_type=\"text-editor.default\">\n\t\t\t\t<div class=\"elementor-widget-container\">\n\t\t\t<style>\/*! elementor - v3.18.0 - 20-12-2023 *\/\n.elementor-widget-text-editor.elementor-drop-cap-view-stacked .elementor-drop-cap{background-color:#69727d;color:#fff}.elementor-widget-text-editor.elementor-drop-cap-view-framed .elementor-drop-cap{color:#69727d;border:3px solid;background-color:transparent}.elementor-widget-text-editor:not(.elementor-drop-cap-view-default) .elementor-drop-cap{margin-top:8px}.elementor-widget-text-editor:not(.elementor-drop-cap-view-default) .elementor-drop-cap-letter{width:1em;height:1em}.elementor-widget-text-editor .elementor-drop-cap{float:left;text-align:center;line-height:1;font-size:50px}.elementor-widget-text-editor .elementor-drop-cap-letter{display:inline-block}<\/style>\t\t\t\t<p><span style=\"font-weight: 400;\">Las bolsas medianas son el equilibrio perfecto entre funcionalidad e impacto de marca. Para las empresas, estas vers\u00e1tiles bolsas de yute y algod\u00f3n ofrecen un amplio espacio para materiales promocionales, regalos o mercanc\u00edas, por lo que son ideales para ferias comerciales, conferencias y promociones minoristas. Dise\u00f1adas para ser duraderas, sostenibles y totalmente personalizables, las bolsas medianas de GoJute ayudan a tu marca a causar una impresi\u00f3n audaz pero pr\u00e1ctica.  <\/span><\/p>\n<h2>Por qu\u00e9 las bolsas medianas son perfectas para las promociones B2B<\/h2>\n<p><span style=\"font-weight: 400;\">Las bolsas medianas de yute y algod\u00f3n combinan la comodidad de las bolsas compactas con la capacidad de almacenamiento de las bolsas m\u00e1s grandes. Son la elecci\u00f3n perfecta para eventos corporativos, regalos a empleados o uso en tiendas, y permiten a las marcas ofrecer a sus clientes y socios un producto reutilizable de gran valor que refleja su compromiso con la sostenibilidad y la calidad. <\/span><span style=\"font-weight: 400;\"><br \/><\/span><\/p>\n<h2>Aplicaciones B2B para Bolsas Medianas<\/h2>\n<h3>Eventos corporativos y ferias comerciales<\/h3>\n<p><span style=\"font-weight: 400;\">Las bolsas medianas son el tama\u00f1o m\u00e1s pr\u00e1ctico para ferias, conferencias o exposiciones. Pueden contener f\u00e1cilmente documentos, muestras y obsequios promocionales, al tiempo que garantizan que tu marca permanece en primer plano durante todo el evento. <\/span><\/p>\n<h3>Regalos para empleados y clientes<\/h3>\n<p><span style=\"font-weight: 400;\">Muestra tu agradecimiento con una bolsa mediana de yute o algod\u00f3n con tu marca, que es a la vez elegante y ecol\u00f3gica. Perfectas para paquetes de regalo o kits de bienvenida, estas bolsas ofrecen a tus destinatarios un recuerdo duradero y reutilizable de tu marca. <\/span><\/p>\n<\/p>\n<h3>Mercanc\u00edas y promociones al por menor<\/h3>\n<p><span style=\"font-weight: 400;\">Para las tiendas minoristas, las bolsas medianas ofrecen una alternativa de primera calidad a los envases de pl\u00e1stico. Son lo bastante resistentes para contener varios art\u00edculos y lo bastante elegantes para complementar la imagen de tu marca, animando a los clientes a reutilizarlas mucho despu\u00e9s de la compra. <\/span><\/p>\n<h3>Regalos sostenibles<\/h3>\n<p><span style=\"font-weight: 400;\">Las bolsas medianas de yute y algod\u00f3n son perfectas para campa\u00f1as promocionales. Ya se utilicen como parte de una campa\u00f1a de sostenibilidad o como obsequios de marca, ampl\u00edan el alcance de tu marketing cada vez que se reutilizan. <\/span><\/p>\n<h2>  Sostenibilidad que refuerza el valor de la marca<\/h2>\n<p><b><br \/><\/b><span style=\"font-weight: 400;\">Cada bolsa mediana que produce GoJute est\u00e1 fabricada con yute natural o algod\u00f3n, ofreciendo una alternativa ecol\u00f3gica a los materiales sint\u00e9ticos. Su naturaleza reutilizable reduce los residuos y refuerza los valores de sostenibilidad de tu empresa. Al elegir estas bolsas, tu empresa contribuye a la responsabilidad medioambiental a largo plazo, al tiempo que se beneficia de una exposici\u00f3n continua de su marca.  <\/span><\/p>\n<h2>\u00bfListo para elevar tu marketing B2B con bolsas medianas?<\/h2>\n<p><span style=\"font-weight: 400;\">\u00bfPreparado para mejorar tu visibilidad corporativa a la vez que fomentas la sostenibilidad? Las bolsas medianas de yute y algod\u00f3n ofrecen la combinaci\u00f3n ideal de tama\u00f1o, resistencia y atractivo ecol\u00f3gico. Perfectas para conferencias, promociones minoristas o regalos, reflejan la dedicaci\u00f3n de tu marca tanto al estilo como a la responsabilidad.  <\/span><\/p>\n<p><span style=\"font-weight: 400;\">As\u00f3ciate con GoJute hoy mismo para dise\u00f1ar bolsas medianas personalizadas que lleven tu marca hacia adelante, de forma bella, \u00e9tica y eficaz.<\/span><\/p>\n<p><span style=\"font-weight: 400;\"> <\/span><a href=\"https:\/\/gojuteinternational.com\/es\/contacte-con-nosotros\/\"><b>Contacte con nosotros<\/b><\/a><\/p>\n\t\t\t\t\t\t<\/div>\n\t\t\t\t<\/div>\n\t\t\t\t\t<\/div>\n\t\t<\/div>\n\t\t\t\t\t\t\t<\/div>\n\t\t<\/section>\n\t\t\t\t\t\t\t<\/div>\n\t\t","protected":false},"excerpt":{"rendered":"<p>Bolsas medianas para marketing B2B Las bolsas medianas son el equilibrio perfecto entre funcionalidad e impacto de marca. Para las empresas, estas vers\u00e1tiles bolsas de yute y algod\u00f3n ofrecen un amplio espacio para materiales promocionales, regalos o mercanc\u00edas, por lo que son ideales para ferias comerciales, conferencias y promociones minoristas. Dise\u00f1adas para ser duraderas, sostenibles [&hellip;]<\/p>\n","protected":false},"author":6996,"featured_media":0,"parent":91798,"menu_order":0,"comment_status":"closed","ping_status":"closed","template":"elementor_header_footer","meta":{"content-type":"","_monsterinsights_skip_tracking":false,"_monsterinsights_sitenote_active":false,"_monsterinsights_sitenote_note":"","_monsterinsights_sitenote_category":0,"footnotes":""},"class_list":["post-91820","page","type-page","status-publish","hentry"],"yoast_head":"<!-- This site is optimized with the Yoast SEO plugin v21.7 - https:\/\/yoast.com\/wordpress\/plugins\/seo\/ -->\n<title>Bolsas Medianas para Marketing B2B | Soluciones de Marca Vers\u00e1tiles de Yute y Algod\u00f3n<\/title>\n<meta name=\"description\" content=\"Descubre c\u00f3mo las bolsas medianas de yute y algod\u00f3n logran el equilibrio perfecto entre estilo y practicidad para eventos B2B, regalos y promociones.\" \/>\n<meta name=\"robots\" content=\"index, follow, max-snippet:-1, max-image-preview:large, max-video-preview:-1\" \/>\n<link rel=\"canonical\" href=\"https:\/\/gojuteinternational.com\/es\/branded-bags-by-size\/medium-bags\/\" \/>\n<meta property=\"og:locale\" content=\"es_ES\" \/>\n<meta property=\"og:type\" content=\"article\" \/>\n<meta property=\"og:title\" content=\"Bolsas Medianas para Marketing B2B | Soluciones de Marca Vers\u00e1tiles de Yute y Algod\u00f3n\" \/>\n<meta property=\"og:description\" content=\"Descubre c\u00f3mo las bolsas medianas de yute y algod\u00f3n logran el equilibrio perfecto entre estilo y practicidad para eventos B2B, regalos y promociones.\" \/>\n<meta property=\"og:url\" content=\"https:\/\/gojuteinternational.com\/es\/branded-bags-by-size\/medium-bags\/\" \/>\n<meta property=\"og:site_name\" content=\"GoJute International\" \/>\n<meta property=\"article:publisher\" content=\"https:\/\/www.facebook.com\/gojute\" \/>\n<meta property=\"article:modified_time\" content=\"2025-11-18T06:21:25+00:00\" \/>\n<meta name=\"twitter:card\" content=\"summary_large_image\" \/>\n<meta name=\"twitter:label1\" content=\"Tiempo de lectura\" \/>\n\t<meta name=\"twitter:data1\" content=\"3 minutos\" \/>\n<script type=\"application\/ld+json\" class=\"yoast-schema-graph\">{\"@context\":\"https:\/\/schema.org\",\"@graph\":[{\"@type\":\"WebPage\",\"@id\":\"https:\/\/gojuteinternational.com\/es\/branded-bags-by-size\/medium-bags\/\",\"url\":\"https:\/\/gojuteinternational.com\/es\/branded-bags-by-size\/medium-bags\/\",\"name\":\"Bolsas Medianas para Marketing B2B | Soluciones de Marca Vers\u00e1tiles de Yute y Algod\u00f3n\",\"isPartOf\":{\"@id\":\"https:\/\/gojuteinternational.com\/es\/#website\"},\"datePublished\":\"2025-11-11T06:39:01+00:00\",\"dateModified\":\"2025-11-18T06:21:25+00:00\",\"description\":\"Descubre c\u00f3mo las bolsas medianas de yute y algod\u00f3n logran el equilibrio perfecto entre estilo y practicidad para eventos B2B, regalos y promociones.\",\"breadcrumb\":{\"@id\":\"https:\/\/gojuteinternational.com\/es\/branded-bags-by-size\/medium-bags\/#breadcrumb\"},\"inLanguage\":\"es\",\"potentialAction\":[{\"@type\":\"ReadAction\",\"target\":[\"https:\/\/gojuteinternational.com\/es\/branded-bags-by-size\/medium-bags\/\"]}]},{\"@type\":\"BreadcrumbList\",\"@id\":\"https:\/\/gojuteinternational.com\/es\/branded-bags-by-size\/medium-bags\/#breadcrumb\",\"itemListElement\":[{\"@type\":\"ListItem\",\"position\":1,\"name\":\"Home\",\"item\":\"https:\/\/gojuteinternational.com\/es\/\"},{\"@type\":\"ListItem\",\"position\":2,\"name\":\"Bolsas medianas para marketing B2B\"}]},{\"@type\":\"WebSite\",\"@id\":\"https:\/\/gojuteinternational.com\/es\/#website\",\"url\":\"https:\/\/gojuteinternational.com\/es\/\",\"name\":\"GoJute International\",\"description\":\"Printed bags for business\",\"publisher\":{\"@id\":\"https:\/\/gojuteinternational.com\/es\/#organization\"},\"alternateName\":\"GoJute\",\"potentialAction\":[{\"@type\":\"SearchAction\",\"target\":{\"@type\":\"EntryPoint\",\"urlTemplate\":\"https:\/\/gojuteinternational.com\/es\/?s={search_term_string}\"},\"query-input\":\"required name=search_term_string\"}],\"inLanguage\":\"es\"},{\"@type\":\"Organization\",\"@id\":\"https:\/\/gojuteinternational.com\/es\/#organization\",\"name\":\"GoJute International\",\"alternateName\":\"GoJute\",\"url\":\"https:\/\/gojuteinternational.com\/es\/\",\"logo\":{\"@type\":\"ImageObject\",\"inLanguage\":\"es\",\"@id\":\"https:\/\/gojuteinternational.com\/es\/#\/schema\/logo\/image\/\",\"url\":\"https:\/\/gojuteinternational.com\/wp-content\/uploads\/2022\/06\/GoJute-Logo-RGB.png\",\"contentUrl\":\"https:\/\/gojuteinternational.com\/wp-content\/uploads\/2022\/06\/GoJute-Logo-RGB.png\",\"width\":2000,\"height\":1809,\"caption\":\"GoJute International\"},\"image\":{\"@id\":\"https:\/\/gojuteinternational.com\/es\/#\/schema\/logo\/image\/\"},\"sameAs\":[\"https:\/\/www.facebook.com\/gojute\",\"https:\/\/www.instagram.com\/gojute\/\"]}]}<\/script>\n<!-- \/ Yoast SEO plugin. -->","yoast_head_json":{"title":"Bolsas Medianas para Marketing B2B | Soluciones de Marca Vers\u00e1tiles de Yute y Algod\u00f3n","description":"Descubre c\u00f3mo las bolsas medianas de yute y algod\u00f3n logran el equilibrio perfecto entre estilo y practicidad para eventos B2B, regalos y promociones.","robots":{"index":"index","follow":"follow","max-snippet":"max-snippet:-1","max-image-preview":"max-image-preview:large","max-video-preview":"max-video-preview:-1"},"canonical":"https:\/\/gojuteinternational.com\/es\/branded-bags-by-size\/medium-bags\/","og_locale":"es_ES","og_type":"article","og_title":"Bolsas Medianas para Marketing B2B | Soluciones de Marca Vers\u00e1tiles de Yute y Algod\u00f3n","og_description":"Descubre c\u00f3mo las bolsas medianas de yute y algod\u00f3n logran el equilibrio perfecto entre estilo y practicidad para eventos B2B, regalos y promociones.","og_url":"https:\/\/gojuteinternational.com\/es\/branded-bags-by-size\/medium-bags\/","og_site_name":"GoJute International","article_publisher":"https:\/\/www.facebook.com\/gojute","article_modified_time":"2025-11-18T06:21:25+00:00","twitter_card":"summary_large_image","twitter_misc":{"Tiempo de lectura":"3 minutos"},"schema":{"@context":"https:\/\/schema.org","@graph":[{"@type":"WebPage","@id":"https:\/\/gojuteinternational.com\/es\/branded-bags-by-size\/medium-bags\/","url":"https:\/\/gojuteinternational.com\/es\/branded-bags-by-size\/medium-bags\/","name":"Bolsas Medianas para Marketing B2B | Soluciones de Marca Vers\u00e1tiles de Yute y Algod\u00f3n","isPartOf":{"@id":"https:\/\/gojuteinternational.com\/es\/#website"},"datePublished":"2025-11-11T06:39:01+00:00","dateModified":"2025-11-18T06:21:25+00:00","description":"Descubre c\u00f3mo las bolsas medianas de yute y algod\u00f3n logran el equilibrio perfecto entre estilo y practicidad para eventos B2B, regalos y promociones.","breadcrumb":{"@id":"https:\/\/gojuteinternational.com\/es\/branded-bags-by-size\/medium-bags\/#breadcrumb"},"inLanguage":"es","potentialAction":[{"@type":"ReadAction","target":["https:\/\/gojuteinternational.com\/es\/branded-bags-by-size\/medium-bags\/"]}]},{"@type":"BreadcrumbList","@id":"https:\/\/gojuteinternational.com\/es\/branded-bags-by-size\/medium-bags\/#breadcrumb","itemListElement":[{"@type":"ListItem","position":1,"name":"Home","item":"https:\/\/gojuteinternational.com\/es\/"},{"@type":"ListItem","position":2,"name":"Bolsas medianas para marketing B2B"}]},{"@type":"WebSite","@id":"https:\/\/gojuteinternational.com\/es\/#website","url":"https:\/\/gojuteinternational.com\/es\/","name":"GoJute International","description":"Printed bags for business","publisher":{"@id":"https:\/\/gojuteinternational.com\/es\/#organization"},"alternateName":"GoJute","potentialAction":[{"@type":"SearchAction","target":{"@type":"EntryPoint","urlTemplate":"https:\/\/gojuteinternational.com\/es\/?s={search_term_string}"},"query-input":"required name=search_term_string"}],"inLanguage":"es"},{"@type":"Organization","@id":"https:\/\/gojuteinternational.com\/es\/#organization","name":"GoJute International","alternateName":"GoJute","url":"https:\/\/gojuteinternational.com\/es\/","logo":{"@type":"ImageObject","inLanguage":"es","@id":"https:\/\/gojuteinternational.com\/es\/#\/schema\/logo\/image\/","url":"https:\/\/gojuteinternational.com\/wp-content\/uploads\/2022\/06\/GoJute-Logo-RGB.png","contentUrl":"https:\/\/gojuteinternational.com\/wp-content\/uploads\/2022\/06\/GoJute-Logo-RGB.png","width":2000,"height":1809,"caption":"GoJute International"},"image":{"@id":"https:\/\/gojuteinternational.com\/es\/#\/schema\/logo\/image\/"},"sameAs":["https:\/\/www.facebook.com\/gojute","https:\/\/www.instagram.com\/gojute\/"]}]}},"_links":{"self":[{"href":"https:\/\/gojuteinternational.com\/es\/wp-json\/wp\/v2\/pages\/91820","targetHints":{"allow":["GET"]}}],"collection":[{"href":"https:\/\/gojuteinternational.com\/es\/wp-json\/wp\/v2\/pages"}],"about":[{"href":"https:\/\/gojuteinternational.com\/es\/wp-json\/wp\/v2\/types\/page"}],"author":[{"embeddable":true,"href":"https:\/\/gojuteinternational.com\/es\/wp-json\/wp\/v2\/users\/6996"}],"replies":[{"embeddable":true,"href":"https:\/\/gojuteinternational.com\/es\/wp-json\/wp\/v2\/comments?post=91820"}],"version-history":[{"count":5,"href":"https:\/\/gojuteinternational.com\/es\/wp-json\/wp\/v2\/pages\/91820\/revisions"}],"predecessor-version":[{"id":91953,"href":"https:\/\/gojuteinternational.com\/es\/wp-json\/wp\/v2\/pages\/91820\/revisions\/91953"}],"up":[{"embeddable":true,"href":"https:\/\/gojuteinternational.com\/es\/wp-json\/wp\/v2\/pages\/91798"}],"wp:attachment":[{"href":"https:\/\/gojuteinternational.com\/es\/wp-json\/wp\/v2\/media?parent=91820"}],"curies":[{"name":"wp","href":"https:\/\/api.w.org\/{rel}","templated":true}]}}