{"id":91828,"date":"2025-11-11T07:51:09","date_gmt":"2025-11-11T06:51:09","guid":{"rendered":"https:\/\/gojuteinternational.com\/large-bags-for-b2b-marketing\/"},"modified":"2025-11-18T07:26:24","modified_gmt":"2025-11-18T06:26:24","slug":"large-bags","status":"publish","type":"page","link":"https:\/\/gojuteinternational.com\/es\/branded-bags-by-size\/large-bags\/","title":{"rendered":"Bolsas grandes para marketing B2B"},"content":{"rendered":"\t\t<div data-elementor-type=\"wp-page\" data-elementor-id=\"91828\" class=\"elementor elementor-91828 elementor-91825\" data-elementor-post-type=\"page\">\n\t\t\t\t\t\t\t\t\t<section class=\"elementor-section elementor-top-section elementor-element elementor-element-e2b382a elementor-section-boxed elementor-section-height-default elementor-section-height-default\" data-id=\"e2b382a\" data-element_type=\"section\">\n\t\t\t\t\t\t<div class=\"elementor-container elementor-column-gap-default\">\n\t\t\t\t\t<div class=\"elementor-column elementor-col-100 elementor-top-column elementor-element elementor-element-0547ad7\" data-id=\"0547ad7\" data-element_type=\"column\">\n\t\t\t<div class=\"elementor-widget-wrap elementor-element-populated\">\n\t\t\t\t\t\t\t\t<div class=\"elementor-element elementor-element-8dc71db elementor-widget elementor-widget-spacer\" data-id=\"8dc71db\" data-element_type=\"widget\" data-widget_type=\"spacer.default\">\n\t\t\t\t<div class=\"elementor-widget-container\">\n\t\t\t<style>\/*! elementor - v3.18.0 - 20-12-2023 *\/\n.elementor-column .elementor-spacer-inner{height:var(--spacer-size)}.e-con{--container-widget-width:100%}.e-con-inner>.elementor-widget-spacer,.e-con>.elementor-widget-spacer{width:var(--container-widget-width,var(--spacer-size));--align-self:var(--container-widget-align-self,initial);--flex-shrink:0}.e-con-inner>.elementor-widget-spacer>.elementor-widget-container,.e-con>.elementor-widget-spacer>.elementor-widget-container{height:100%;width:100%}.e-con-inner>.elementor-widget-spacer>.elementor-widget-container>.elementor-spacer,.e-con>.elementor-widget-spacer>.elementor-widget-container>.elementor-spacer{height:100%}.e-con-inner>.elementor-widget-spacer>.elementor-widget-container>.elementor-spacer>.elementor-spacer-inner,.e-con>.elementor-widget-spacer>.elementor-widget-container>.elementor-spacer>.elementor-spacer-inner{height:var(--container-widget-height,var(--spacer-size))}.e-con-inner>.elementor-widget-spacer.elementor-widget-empty,.e-con>.elementor-widget-spacer.elementor-widget-empty{position:relative;min-height:22px;min-width:22px}.e-con-inner>.elementor-widget-spacer.elementor-widget-empty .elementor-widget-empty-icon,.e-con>.elementor-widget-spacer.elementor-widget-empty .elementor-widget-empty-icon{position:absolute;top:0;bottom:0;left:0;right:0;margin:auto;padding:0;width:22px;height:22px}<\/style>\t\t<div class=\"elementor-spacer\">\n\t\t\t<div class=\"elementor-spacer-inner\"><\/div>\n\t\t<\/div>\n\t\t\t\t<\/div>\n\t\t\t\t<\/div>\n\t\t\t\t<div class=\"elementor-element elementor-element-ade9fcc elementor-widget elementor-widget-heading\" data-id=\"ade9fcc\" data-element_type=\"widget\" data-widget_type=\"heading.default\">\n\t\t\t\t<div class=\"elementor-widget-container\">\n\t\t\t<style>\/*! elementor - v3.18.0 - 20-12-2023 *\/\n.elementor-heading-title{padding:0;margin:0;line-height:1}.elementor-widget-heading .elementor-heading-title[class*=elementor-size-]>a{color:inherit;font-size:inherit;line-height:inherit}.elementor-widget-heading .elementor-heading-title.elementor-size-small{font-size:15px}.elementor-widget-heading .elementor-heading-title.elementor-size-medium{font-size:19px}.elementor-widget-heading .elementor-heading-title.elementor-size-large{font-size:29px}.elementor-widget-heading .elementor-heading-title.elementor-size-xl{font-size:39px}.elementor-widget-heading .elementor-heading-title.elementor-size-xxl{font-size:59px}<\/style><h1 class=\"elementor-heading-title elementor-size-default\">Bolsas grandes para marketing B2B<\/h1>\t\t<\/div>\n\t\t\t\t<\/div>\n\t\t\t\t<div class=\"elementor-element elementor-element-06d1b72 elementor-widget elementor-widget-text-editor\" data-id=\"06d1b72\" data-element_type=\"widget\" data-widget_type=\"text-editor.default\">\n\t\t\t\t<div class=\"elementor-widget-container\">\n\t\t\t<style>\/*! elementor - v3.18.0 - 20-12-2023 *\/\n.elementor-widget-text-editor.elementor-drop-cap-view-stacked .elementor-drop-cap{background-color:#69727d;color:#fff}.elementor-widget-text-editor.elementor-drop-cap-view-framed .elementor-drop-cap{color:#69727d;border:3px solid;background-color:transparent}.elementor-widget-text-editor:not(.elementor-drop-cap-view-default) .elementor-drop-cap{margin-top:8px}.elementor-widget-text-editor:not(.elementor-drop-cap-view-default) .elementor-drop-cap-letter{width:1em;height:1em}.elementor-widget-text-editor .elementor-drop-cap{float:left;text-align:center;line-height:1;font-size:50px}.elementor-widget-text-editor .elementor-drop-cap-letter{display:inline-block}<\/style>\t\t\t\t<p><span style=\"font-weight: 400;\">Las bolsas grandes aportan una presencia y practicidad inigualables a las empresas que quieren hacer una fuerte declaraci\u00f3n de intenciones. Dise\u00f1adas con yute y algod\u00f3n de primera calidad, estas bolsas espaciosas son perfectas para promociones minoristas, regalos ecol\u00f3gicos y eventos corporativos a gran escala. Combinando una generosa capacidad con materiales sostenibles, las bolsas grandes de GoJute sirven como soportes duraderos y llamativos que amplifican la visibilidad de tu marca.  <\/span><\/p>\n<h2><b><br \/><\/b>Por qu\u00e9 las bolsas grandes son esenciales para el marketing B2B<\/h2>\n<p><span style=\"font-weight: 400;\">Las bolsas grandes de yute y algod\u00f3n ofrecen tanto utilidad como poder promocional. Contienen m\u00e1s, duran m\u00e1s y atraen la atenci\u00f3n all\u00e1 donde van, lo que las convierte en una opci\u00f3n excepcional para las empresas que valoran la exposici\u00f3n de su marca y las pr\u00e1cticas ecol\u00f3gicas. Su dise\u00f1o robusto garantiza un uso a largo plazo, dando a tu logotipo una visibilidad continua al tiempo que refuerza la identidad sostenible de tu empresa.  <\/span><span style=\"font-weight: 400;\"><br \/><\/span><\/p>\n<h2>Aplicaciones B2B para Bolsas Grandes<\/h2>\n<h3>Eventos de empresa y conferencias<\/h3>\n<p><span style=\"font-weight: 400;\">Causa una impresi\u00f3n duradera en ferias comerciales y reuniones corporativas con grandes bolsas de marca que transportan todo lo que necesitan los asistentes, desde folletos y regalos hasta productos. Su tama\u00f1o garantiza que tu logotipo destaque incluso en espacios abarrotados. <\/span><\/p>\n<h3>Promociones para minoristas y comercio electr\u00f3nico<\/h3>\n<p><span style=\"font-weight: 400;\">Las bolsas grandes son una excelente adici\u00f3n a las estrategias de envasado minorista, especialmente para supermercados, grandes almacenes o pedidos en l\u00ednea. Caben m\u00faltiples art\u00edculos, ofreciendo a los clientes una alternativa reutilizable de primera calidad que promociona tu marca m\u00e1s all\u00e1 del punto de venta. <\/span><span style=\"font-weight: 400;\"><br \/><\/span><span style=\"font-weight: 400;\"><br \/><\/span><span style=\"font-weight: 400;\"><\/p>\n<p><\/span><\/p>\n<h3>Regalos ecol\u00f3gicos para empleados<\/h3>\n<p><span style=\"font-weight: 400;\">Recompensa a tus empleados o socios con bolsas grandes reutilizables de yute o algod\u00f3n como parte de tu iniciativa de sostenibilidad. Perfectas para regalos navide\u00f1os, eventos de equipo o paquetes de agradecimiento, estas bolsas de marca demuestran que valoras tanto a las personas como al planeta. <\/span><\/p>\n<h3>Campa\u00f1as de Empresa Sostenible<\/h3>\n<p><span style=\"font-weight: 400;\">En los programas de RSC y los esfuerzos de marketing ecol\u00f3gico, las bolsas ecol\u00f3gicas grandes sirven como poderosos s\u00edmbolos de tu compromiso medioambiental. Su largo ciclo de vida garantiza una visibilidad continua de la marca al tiempo que contribuyen a un cambio positivo. <\/span><\/p>\n<h2>Sostenibilidad y exposici\u00f3n de la marca a largo plazo<\/h2>\n<p><b><br \/><\/b><span style=\"font-weight: 400;\">Cada bolsa grande fabricada por GoJute combina estilo, resistencia y sostenibilidad. Hechas de fibras naturales como el yute y el algod\u00f3n, estas bolsas sustituyen el pl\u00e1stico por una alternativa biodegradable y respetuosa con el medio ambiente. Su tama\u00f1o fomenta la reutilizaci\u00f3n, ya sea para ir de compras, al trabajo o de viaje, mostrando continuamente tu marca y tu mensaje a un p\u00fablico m\u00e1s amplio.  <\/span><\/p>\n<h2>\u00bfListo para elevar tu marketing B2B con bolsas grandes?<\/h2>\n<p><span style=\"font-weight: 400;\">Haz una declaraci\u00f3n que dure, tanto visual como medioambientalmente. Las bolsas grandes de yute y algod\u00f3n de GoJute est\u00e1n dise\u00f1adas para lograr la m\u00e1xima exposici\u00f3n, resistencia y sostenibilidad de la marca. Perfectas para promociones en tiendas, regalos de empresa o campa\u00f1as ecol\u00f3gicas, garantizan que tu marca se vea, se recuerde y se respete.  <\/span><\/p>\n<p><span style=\"font-weight: 400;\">Comienza hoy mismo tu viaje hacia una imagen de marca impactante y sostenible con bolsas grandes dise\u00f1adas a la medida de tu empresa.<\/span><\/p>\n<p><span style=\"font-weight: 400;\"> <\/span><a href=\"https:\/\/gojuteinternational.com\/es\/contacte-con-nosotros\/\"><b>Contacte con nosotros<\/b><\/a><\/p>\n\t\t\t\t\t\t<\/div>\n\t\t\t\t<\/div>\n\t\t\t\t\t<\/div>\n\t\t<\/div>\n\t\t\t\t\t\t\t<\/div>\n\t\t<\/section>\n\t\t\t\t\t\t\t<\/div>\n\t\t","protected":false},"excerpt":{"rendered":"<p>Bolsas grandes para marketing B2B Las bolsas grandes aportan una presencia y practicidad inigualables a las empresas que quieren hacer una fuerte declaraci\u00f3n de intenciones. Dise\u00f1adas con yute y algod\u00f3n de primera calidad, estas bolsas espaciosas son perfectas para promociones minoristas, regalos ecol\u00f3gicos y eventos corporativos a gran escala. Combinando una generosa capacidad con materiales [&hellip;]<\/p>\n","protected":false},"author":6996,"featured_media":0,"parent":91798,"menu_order":0,"comment_status":"closed","ping_status":"closed","template":"elementor_header_footer","meta":{"content-type":"","_monsterinsights_skip_tracking":false,"_monsterinsights_sitenote_active":false,"_monsterinsights_sitenote_note":"","_monsterinsights_sitenote_category":0,"footnotes":""},"class_list":["post-91828","page","type-page","status-publish","hentry"],"yoast_head":"<!-- This site is optimized with the Yoast SEO plugin v21.7 - https:\/\/yoast.com\/wordpress\/plugins\/seo\/ -->\n<title>Bolsas Grandes para Marketing B2B | Marca de Yute y Algod\u00f3n de M\u00e1ximo Impacto<\/title>\n<meta name=\"description\" content=\"Descubre c\u00f3mo las bolsas grandes de yute y algod\u00f3n mejoran el marketing B2B con gran visibilidad, durabilidad y sostenibilidad para promociones en comercios, empresas y eventos.\" \/>\n<meta name=\"robots\" content=\"index, follow, max-snippet:-1, max-image-preview:large, max-video-preview:-1\" \/>\n<link rel=\"canonical\" href=\"https:\/\/gojuteinternational.com\/es\/branded-bags-by-size\/large-bags\/\" \/>\n<meta property=\"og:locale\" content=\"es_ES\" \/>\n<meta property=\"og:type\" content=\"article\" \/>\n<meta property=\"og:title\" content=\"Bolsas Grandes para Marketing B2B | Marca de Yute y Algod\u00f3n de M\u00e1ximo Impacto\" \/>\n<meta property=\"og:description\" content=\"Descubre c\u00f3mo las bolsas grandes de yute y algod\u00f3n mejoran el marketing B2B con gran visibilidad, durabilidad y sostenibilidad para promociones en comercios, empresas y eventos.\" \/>\n<meta property=\"og:url\" content=\"https:\/\/gojuteinternational.com\/es\/branded-bags-by-size\/large-bags\/\" \/>\n<meta property=\"og:site_name\" content=\"GoJute International\" \/>\n<meta property=\"article:publisher\" content=\"https:\/\/www.facebook.com\/gojute\" \/>\n<meta property=\"article:modified_time\" content=\"2025-11-18T06:26:24+00:00\" \/>\n<meta name=\"twitter:card\" content=\"summary_large_image\" \/>\n<meta name=\"twitter:label1\" content=\"Tiempo de lectura\" \/>\n\t<meta name=\"twitter:data1\" content=\"3 minutos\" \/>\n<script type=\"application\/ld+json\" class=\"yoast-schema-graph\">{\"@context\":\"https:\/\/schema.org\",\"@graph\":[{\"@type\":\"WebPage\",\"@id\":\"https:\/\/gojuteinternational.com\/es\/branded-bags-by-size\/large-bags\/\",\"url\":\"https:\/\/gojuteinternational.com\/es\/branded-bags-by-size\/large-bags\/\",\"name\":\"Bolsas Grandes para Marketing B2B | Marca de Yute y Algod\u00f3n de M\u00e1ximo Impacto\",\"isPartOf\":{\"@id\":\"https:\/\/gojuteinternational.com\/es\/#website\"},\"datePublished\":\"2025-11-11T06:51:09+00:00\",\"dateModified\":\"2025-11-18T06:26:24+00:00\",\"description\":\"Descubre c\u00f3mo las bolsas grandes de yute y algod\u00f3n mejoran el marketing B2B con gran visibilidad, durabilidad y sostenibilidad para promociones en comercios, empresas y eventos.\",\"breadcrumb\":{\"@id\":\"https:\/\/gojuteinternational.com\/es\/branded-bags-by-size\/large-bags\/#breadcrumb\"},\"inLanguage\":\"es\",\"potentialAction\":[{\"@type\":\"ReadAction\",\"target\":[\"https:\/\/gojuteinternational.com\/es\/branded-bags-by-size\/large-bags\/\"]}]},{\"@type\":\"BreadcrumbList\",\"@id\":\"https:\/\/gojuteinternational.com\/es\/branded-bags-by-size\/large-bags\/#breadcrumb\",\"itemListElement\":[{\"@type\":\"ListItem\",\"position\":1,\"name\":\"Home\",\"item\":\"https:\/\/gojuteinternational.com\/es\/\"},{\"@type\":\"ListItem\",\"position\":2,\"name\":\"Bolsas de marca por tallas: Una gu\u00eda completa\",\"item\":\"https:\/\/gojuteinternational.com\/es\/branded-bags-by-size\/\"},{\"@type\":\"ListItem\",\"position\":3,\"name\":\"Bolsas grandes para marketing B2B\"}]},{\"@type\":\"WebSite\",\"@id\":\"https:\/\/gojuteinternational.com\/es\/#website\",\"url\":\"https:\/\/gojuteinternational.com\/es\/\",\"name\":\"GoJute International\",\"description\":\"Printed bags for business\",\"publisher\":{\"@id\":\"https:\/\/gojuteinternational.com\/es\/#organization\"},\"alternateName\":\"GoJute\",\"potentialAction\":[{\"@type\":\"SearchAction\",\"target\":{\"@type\":\"EntryPoint\",\"urlTemplate\":\"https:\/\/gojuteinternational.com\/es\/?s={search_term_string}\"},\"query-input\":\"required name=search_term_string\"}],\"inLanguage\":\"es\"},{\"@type\":\"Organization\",\"@id\":\"https:\/\/gojuteinternational.com\/es\/#organization\",\"name\":\"GoJute International\",\"alternateName\":\"GoJute\",\"url\":\"https:\/\/gojuteinternational.com\/es\/\",\"logo\":{\"@type\":\"ImageObject\",\"inLanguage\":\"es\",\"@id\":\"https:\/\/gojuteinternational.com\/es\/#\/schema\/logo\/image\/\",\"url\":\"https:\/\/gojuteinternational.com\/wp-content\/uploads\/2022\/06\/GoJute-Logo-RGB.png\",\"contentUrl\":\"https:\/\/gojuteinternational.com\/wp-content\/uploads\/2022\/06\/GoJute-Logo-RGB.png\",\"width\":2000,\"height\":1809,\"caption\":\"GoJute International\"},\"image\":{\"@id\":\"https:\/\/gojuteinternational.com\/es\/#\/schema\/logo\/image\/\"},\"sameAs\":[\"https:\/\/www.facebook.com\/gojute\",\"https:\/\/www.instagram.com\/gojute\/\"]}]}<\/script>\n<!-- \/ Yoast SEO plugin. -->","yoast_head_json":{"title":"Bolsas Grandes para Marketing B2B | Marca de Yute y Algod\u00f3n de M\u00e1ximo Impacto","description":"Descubre c\u00f3mo las bolsas grandes de yute y algod\u00f3n mejoran el marketing B2B con gran visibilidad, durabilidad y sostenibilidad para promociones en comercios, empresas y eventos.","robots":{"index":"index","follow":"follow","max-snippet":"max-snippet:-1","max-image-preview":"max-image-preview:large","max-video-preview":"max-video-preview:-1"},"canonical":"https:\/\/gojuteinternational.com\/es\/branded-bags-by-size\/large-bags\/","og_locale":"es_ES","og_type":"article","og_title":"Bolsas Grandes para Marketing B2B | Marca de Yute y Algod\u00f3n de M\u00e1ximo Impacto","og_description":"Descubre c\u00f3mo las bolsas grandes de yute y algod\u00f3n mejoran el marketing B2B con gran visibilidad, durabilidad y sostenibilidad para promociones en comercios, empresas y eventos.","og_url":"https:\/\/gojuteinternational.com\/es\/branded-bags-by-size\/large-bags\/","og_site_name":"GoJute International","article_publisher":"https:\/\/www.facebook.com\/gojute","article_modified_time":"2025-11-18T06:26:24+00:00","twitter_card":"summary_large_image","twitter_misc":{"Tiempo de lectura":"3 minutos"},"schema":{"@context":"https:\/\/schema.org","@graph":[{"@type":"WebPage","@id":"https:\/\/gojuteinternational.com\/es\/branded-bags-by-size\/large-bags\/","url":"https:\/\/gojuteinternational.com\/es\/branded-bags-by-size\/large-bags\/","name":"Bolsas Grandes para Marketing B2B | Marca de Yute y Algod\u00f3n de M\u00e1ximo Impacto","isPartOf":{"@id":"https:\/\/gojuteinternational.com\/es\/#website"},"datePublished":"2025-11-11T06:51:09+00:00","dateModified":"2025-11-18T06:26:24+00:00","description":"Descubre c\u00f3mo las bolsas grandes de yute y algod\u00f3n mejoran el marketing B2B con gran visibilidad, durabilidad y sostenibilidad para promociones en comercios, empresas y eventos.","breadcrumb":{"@id":"https:\/\/gojuteinternational.com\/es\/branded-bags-by-size\/large-bags\/#breadcrumb"},"inLanguage":"es","potentialAction":[{"@type":"ReadAction","target":["https:\/\/gojuteinternational.com\/es\/branded-bags-by-size\/large-bags\/"]}]},{"@type":"BreadcrumbList","@id":"https:\/\/gojuteinternational.com\/es\/branded-bags-by-size\/large-bags\/#breadcrumb","itemListElement":[{"@type":"ListItem","position":1,"name":"Home","item":"https:\/\/gojuteinternational.com\/es\/"},{"@type":"ListItem","position":2,"name":"Bolsas de marca por tallas: Una gu\u00eda completa","item":"https:\/\/gojuteinternational.com\/es\/branded-bags-by-size\/"},{"@type":"ListItem","position":3,"name":"Bolsas grandes para marketing B2B"}]},{"@type":"WebSite","@id":"https:\/\/gojuteinternational.com\/es\/#website","url":"https:\/\/gojuteinternational.com\/es\/","name":"GoJute International","description":"Printed bags for business","publisher":{"@id":"https:\/\/gojuteinternational.com\/es\/#organization"},"alternateName":"GoJute","potentialAction":[{"@type":"SearchAction","target":{"@type":"EntryPoint","urlTemplate":"https:\/\/gojuteinternational.com\/es\/?s={search_term_string}"},"query-input":"required name=search_term_string"}],"inLanguage":"es"},{"@type":"Organization","@id":"https:\/\/gojuteinternational.com\/es\/#organization","name":"GoJute International","alternateName":"GoJute","url":"https:\/\/gojuteinternational.com\/es\/","logo":{"@type":"ImageObject","inLanguage":"es","@id":"https:\/\/gojuteinternational.com\/es\/#\/schema\/logo\/image\/","url":"https:\/\/gojuteinternational.com\/wp-content\/uploads\/2022\/06\/GoJute-Logo-RGB.png","contentUrl":"https:\/\/gojuteinternational.com\/wp-content\/uploads\/2022\/06\/GoJute-Logo-RGB.png","width":2000,"height":1809,"caption":"GoJute International"},"image":{"@id":"https:\/\/gojuteinternational.com\/es\/#\/schema\/logo\/image\/"},"sameAs":["https:\/\/www.facebook.com\/gojute","https:\/\/www.instagram.com\/gojute\/"]}]}},"_links":{"self":[{"href":"https:\/\/gojuteinternational.com\/es\/wp-json\/wp\/v2\/pages\/91828","targetHints":{"allow":["GET"]}}],"collection":[{"href":"https:\/\/gojuteinternational.com\/es\/wp-json\/wp\/v2\/pages"}],"about":[{"href":"https:\/\/gojuteinternational.com\/es\/wp-json\/wp\/v2\/types\/page"}],"author":[{"embeddable":true,"href":"https:\/\/gojuteinternational.com\/es\/wp-json\/wp\/v2\/users\/6996"}],"replies":[{"embeddable":true,"href":"https:\/\/gojuteinternational.com\/es\/wp-json\/wp\/v2\/comments?post=91828"}],"version-history":[{"count":4,"href":"https:\/\/gojuteinternational.com\/es\/wp-json\/wp\/v2\/pages\/91828\/revisions"}],"predecessor-version":[{"id":91952,"href":"https:\/\/gojuteinternational.com\/es\/wp-json\/wp\/v2\/pages\/91828\/revisions\/91952"}],"up":[{"embeddable":true,"href":"https:\/\/gojuteinternational.com\/es\/wp-json\/wp\/v2\/pages\/91798"}],"wp:attachment":[{"href":"https:\/\/gojuteinternational.com\/es\/wp-json\/wp\/v2\/media?parent=91828"}],"curies":[{"name":"wp","href":"https:\/\/api.w.org\/{rel}","templated":true}]}}