{"id":91848,"date":"2025-11-13T12:02:31","date_gmt":"2025-11-13T11:02:31","guid":{"rendered":"https:\/\/gojuteinternational.com\/extra-large-bags-for-b2b-marketing\/"},"modified":"2025-11-18T07:18:27","modified_gmt":"2025-11-18T06:18:27","slug":"extra-large-bags","status":"publish","type":"page","link":"https:\/\/gojuteinternational.com\/es\/branded-bags-by-size\/extra-large-bags\/","title":{"rendered":"Bolsas extragrandes para marketing B2B"},"content":{"rendered":"\t\t<div data-elementor-type=\"wp-page\" data-elementor-id=\"91848\" class=\"elementor elementor-91848 elementor-91841\" data-elementor-post-type=\"page\">\n\t\t\t\t\t\t\t\t\t<section class=\"elementor-section elementor-top-section elementor-element elementor-element-f3f3305 elementor-section-boxed elementor-section-height-default elementor-section-height-default\" data-id=\"f3f3305\" data-element_type=\"section\">\n\t\t\t\t\t\t<div class=\"elementor-container elementor-column-gap-default\">\n\t\t\t\t\t<div class=\"elementor-column elementor-col-100 elementor-top-column elementor-element elementor-element-26f02eb\" data-id=\"26f02eb\" data-element_type=\"column\">\n\t\t\t<div class=\"elementor-widget-wrap elementor-element-populated\">\n\t\t\t\t\t\t\t\t<div class=\"elementor-element elementor-element-e6e7bae elementor-widget elementor-widget-spacer\" data-id=\"e6e7bae\" data-element_type=\"widget\" data-widget_type=\"spacer.default\">\n\t\t\t\t<div class=\"elementor-widget-container\">\n\t\t\t<style>\/*! elementor - v3.18.0 - 20-12-2023 *\/\n.elementor-column .elementor-spacer-inner{height:var(--spacer-size)}.e-con{--container-widget-width:100%}.e-con-inner>.elementor-widget-spacer,.e-con>.elementor-widget-spacer{width:var(--container-widget-width,var(--spacer-size));--align-self:var(--container-widget-align-self,initial);--flex-shrink:0}.e-con-inner>.elementor-widget-spacer>.elementor-widget-container,.e-con>.elementor-widget-spacer>.elementor-widget-container{height:100%;width:100%}.e-con-inner>.elementor-widget-spacer>.elementor-widget-container>.elementor-spacer,.e-con>.elementor-widget-spacer>.elementor-widget-container>.elementor-spacer{height:100%}.e-con-inner>.elementor-widget-spacer>.elementor-widget-container>.elementor-spacer>.elementor-spacer-inner,.e-con>.elementor-widget-spacer>.elementor-widget-container>.elementor-spacer>.elementor-spacer-inner{height:var(--container-widget-height,var(--spacer-size))}.e-con-inner>.elementor-widget-spacer.elementor-widget-empty,.e-con>.elementor-widget-spacer.elementor-widget-empty{position:relative;min-height:22px;min-width:22px}.e-con-inner>.elementor-widget-spacer.elementor-widget-empty .elementor-widget-empty-icon,.e-con>.elementor-widget-spacer.elementor-widget-empty .elementor-widget-empty-icon{position:absolute;top:0;bottom:0;left:0;right:0;margin:auto;padding:0;width:22px;height:22px}<\/style>\t\t<div class=\"elementor-spacer\">\n\t\t\t<div class=\"elementor-spacer-inner\"><\/div>\n\t\t<\/div>\n\t\t\t\t<\/div>\n\t\t\t\t<\/div>\n\t\t\t\t<div class=\"elementor-element elementor-element-3b2f438 elementor-widget elementor-widget-heading\" data-id=\"3b2f438\" data-element_type=\"widget\" data-widget_type=\"heading.default\">\n\t\t\t\t<div class=\"elementor-widget-container\">\n\t\t\t<style>\/*! elementor - v3.18.0 - 20-12-2023 *\/\n.elementor-heading-title{padding:0;margin:0;line-height:1}.elementor-widget-heading .elementor-heading-title[class*=elementor-size-]>a{color:inherit;font-size:inherit;line-height:inherit}.elementor-widget-heading .elementor-heading-title.elementor-size-small{font-size:15px}.elementor-widget-heading .elementor-heading-title.elementor-size-medium{font-size:19px}.elementor-widget-heading .elementor-heading-title.elementor-size-large{font-size:29px}.elementor-widget-heading .elementor-heading-title.elementor-size-xl{font-size:39px}.elementor-widget-heading .elementor-heading-title.elementor-size-xxl{font-size:59px}<\/style><h1 class=\"elementor-heading-title elementor-size-default\">Bolsas extragrandes para marketing B2B<\/h1>\t\t<\/div>\n\t\t\t\t<\/div>\n\t\t\t\t<div class=\"elementor-element elementor-element-f68fa03 elementor-widget elementor-widget-text-editor\" data-id=\"f68fa03\" data-element_type=\"widget\" data-widget_type=\"text-editor.default\">\n\t\t\t\t<div class=\"elementor-widget-container\">\n\t\t\t<style>\/*! elementor - v3.18.0 - 20-12-2023 *\/\n.elementor-widget-text-editor.elementor-drop-cap-view-stacked .elementor-drop-cap{background-color:#69727d;color:#fff}.elementor-widget-text-editor.elementor-drop-cap-view-framed .elementor-drop-cap{color:#69727d;border:3px solid;background-color:transparent}.elementor-widget-text-editor:not(.elementor-drop-cap-view-default) .elementor-drop-cap{margin-top:8px}.elementor-widget-text-editor:not(.elementor-drop-cap-view-default) .elementor-drop-cap-letter{width:1em;height:1em}.elementor-widget-text-editor .elementor-drop-cap{float:left;text-align:center;line-height:1;font-size:50px}.elementor-widget-text-editor .elementor-drop-cap-letter{display:inline-block}<\/style>\t\t\t\t<p><span style=\"font-weight: 400;\">Cuando tu empresa necesita causar una gran impresi\u00f3n, las bolsas extragrandes ofrecen una presencia y practicidad inigualables. Fabricadas con yute y algod\u00f3n de primera calidad, estas bolsas extragrandes son ideales para cestas de empresa, kits para eventos y regalos ecol\u00f3gicos a granel. Dise\u00f1adas para acomodar cargas m\u00e1s grandes manteniendo un aspecto pulido, las bolsas extragrandes de GoJute son la elecci\u00f3n definitiva para las marcas que buscan una visibilidad de gran impacto y un uso duradero.  <\/span><\/p>\n<h2>Por qu\u00e9 las bolsas extragrandes son ideales para las promociones B2B<\/h2>\n<p><span style=\"font-weight: 400;\">En el marketing B2B, la presentaci\u00f3n y la funcionalidad van de la mano. Las bolsas extragrandes de yute y algod\u00f3n proporcionan ambas cosas, ofreciendo un amplio espacio para productos, mercanc\u00edas o material promocional, al tiempo que proyectan una imagen de marca fuerte y sostenible. Su impresionante tama\u00f1o y robusto dise\u00f1o las hacen ideales para las empresas que buscan ofrecer valor y profesionalidad en cada interacci\u00f3n.  <\/span><span style=\"font-weight: 400;\"><br \/><\/span><\/p>\n<h2>Aplicaciones B2B para bolsas extragrandes<\/h2>\n<h3>Regalos a granel y campa\u00f1as promocionales<\/h3>\n<p><span style=\"font-weight: 400;\">Para eventos o campa\u00f1as de marketing a gran escala, las bolsas de marca extragrandes facilitan la distribuci\u00f3n. Son perfectas para guardar varios art\u00edculos, garantizando que los destinatarios asocien tu marca con practicidad y calidad. <\/span><\/p>\n<h3>Cestas y regalos de empresa<\/h3>\n<p><span style=\"font-weight: 400;\">Crea cestas corporativas de primera calidad o regalos festivos utilizando bolsas extragrandes de yute o algod\u00f3n. Su generoso tama\u00f1o da cabida a una gran variedad de productos, mientras que la naturaleza reutilizable de la bolsa garantiza que tu marca siga causando impresi\u00f3n mucho despu\u00e9s de recibir el regalo inicial. <\/span><\/p>\n<h3>Kits para eventos y material para conferencias<\/h3>\n<p><span style=\"font-weight: 400;\">En ferias y eventos corporativos, las bolsas extragrandes son perfectas para los delegados, ya que les permiten llevar cat\u00e1logos, muestras y otros art\u00edculos esenciales con facilidad. Su gran visibilidad garantiza que tu logotipo se muestre de forma destacada durante todo el evento. <\/span><\/p>\n<h3>Envases ecol\u00f3gicos para empresas<\/h3>\n<p><span style=\"font-weight: 400;\">Sustituye los envases tradicionales por bolsas de yute o algod\u00f3n reutilizables extragrandes para obtener una alternativa ecol\u00f3gica. Este enfoque apoya las iniciativas ecol\u00f3gicas de tu empresa al tiempo que ofrece a los clientes un producto pr\u00e1ctico y con estilo que seguir\u00e1n utilizando. <\/span><\/p>\n<h2>La sostenibilidad se une a la escala<\/h2>\n<p><b><br \/><\/b><span style=\"font-weight: 400;\">Cada bolsa extragrande de GoJute combina la responsabilidad medioambiental con una funcionalidad superior. Hechas de yute biodegradable y algod\u00f3n natural, estas bolsas son una alternativa duradera y reutilizable a los envases de pl\u00e1stico. Su longevidad significa que tu marca permanece visible durante a\u00f1os, al tiempo que ayuda a reducir los residuos y apoya las pr\u00e1cticas empresariales sostenibles.  <\/span><\/p>\n<h2>\u00bfListo para elevar tu marketing B2B con bolsas extragrandes?<\/h2>\n<p><span style=\"font-weight: 400;\">Si quieres causar una impresi\u00f3n duradera a gran escala, las bolsas de yute y algod\u00f3n extragrandes de GoJute son la soluci\u00f3n ideal. Perfectas para cestas de empresa, ferias comerciales o envases sostenibles, ayudan a tu marca a destacar, tanto en visibilidad como en responsabilidad medioambiental. <\/span><\/p>\n<p><span style=\"font-weight: 400;\">Habla hoy mismo con nuestro equipo para dise\u00f1ar tus bolsas extragrandes personalizadas que reflejen los valores de tu marca y causen impacto donde m\u00e1s importa.<\/span><\/p>\n<p><span style=\"font-weight: 400;\"> <\/span><a href=\"https:\/\/gojuteinternational.com\/es\/contacte-con-nosotros\/\"><b>Contacte con nosotros<\/b><\/a><\/p>\n\t\t\t\t\t\t<\/div>\n\t\t\t\t<\/div>\n\t\t\t\t\t<\/div>\n\t\t<\/div>\n\t\t\t\t\t\t\t<\/div>\n\t\t<\/section>\n\t\t\t\t\t\t\t<\/div>\n\t\t","protected":false},"excerpt":{"rendered":"<p>Bolsas extragrandes para marketing B2B Cuando tu empresa necesita causar una gran impresi\u00f3n, las bolsas extragrandes ofrecen una presencia y practicidad inigualables. Fabricadas con yute y algod\u00f3n de primera calidad, estas bolsas extragrandes son ideales para cestas de empresa, kits para eventos y regalos ecol\u00f3gicos a granel. Dise\u00f1adas para acomodar cargas m\u00e1s grandes manteniendo un [&hellip;]<\/p>\n","protected":false},"author":6996,"featured_media":0,"parent":91798,"menu_order":0,"comment_status":"closed","ping_status":"closed","template":"elementor_header_footer","meta":{"content-type":"","_monsterinsights_skip_tracking":false,"_monsterinsights_sitenote_active":false,"_monsterinsights_sitenote_note":"","_monsterinsights_sitenote_category":0,"footnotes":""},"class_list":["post-91848","page","type-page","status-publish","hentry"],"yoast_head":"<!-- This site is optimized with the Yoast SEO plugin v21.7 - https:\/\/yoast.com\/wordpress\/plugins\/seo\/ -->\n<title>Bolsas extragrandes para marketing B2B | Soluciones de marca sobredimensionadas de yute y algod\u00f3n<\/title>\n<meta name=\"description\" content=\"Descubre c\u00f3mo las bolsas extragrandes de yute y algod\u00f3n mejoran el marketing B2B mediante cestas corporativas, kits para eventos y envases ecol\u00f3gicos. Perfectas para regalos a granel y branding.\" \/>\n<meta name=\"robots\" content=\"index, follow, max-snippet:-1, max-image-preview:large, max-video-preview:-1\" \/>\n<link rel=\"canonical\" href=\"https:\/\/gojuteinternational.com\/es\/branded-bags-by-size\/extra-large-bags\/\" \/>\n<meta property=\"og:locale\" content=\"es_ES\" \/>\n<meta property=\"og:type\" content=\"article\" \/>\n<meta property=\"og:title\" content=\"Bolsas extragrandes para marketing B2B | Soluciones de marca sobredimensionadas de yute y algod\u00f3n\" \/>\n<meta property=\"og:description\" content=\"Descubre c\u00f3mo las bolsas extragrandes de yute y algod\u00f3n mejoran el marketing B2B mediante cestas corporativas, kits para eventos y envases ecol\u00f3gicos. Perfectas para regalos a granel y branding.\" \/>\n<meta property=\"og:url\" content=\"https:\/\/gojuteinternational.com\/es\/branded-bags-by-size\/extra-large-bags\/\" \/>\n<meta property=\"og:site_name\" content=\"GoJute International\" \/>\n<meta property=\"article:publisher\" content=\"https:\/\/www.facebook.com\/gojute\" \/>\n<meta property=\"article:modified_time\" content=\"2025-11-18T06:18:27+00:00\" \/>\n<meta name=\"twitter:card\" content=\"summary_large_image\" \/>\n<meta name=\"twitter:label1\" content=\"Tiempo de lectura\" \/>\n\t<meta name=\"twitter:data1\" content=\"3 minutos\" \/>\n<script type=\"application\/ld+json\" class=\"yoast-schema-graph\">{\"@context\":\"https:\/\/schema.org\",\"@graph\":[{\"@type\":\"WebPage\",\"@id\":\"https:\/\/gojuteinternational.com\/es\/branded-bags-by-size\/extra-large-bags\/\",\"url\":\"https:\/\/gojuteinternational.com\/es\/branded-bags-by-size\/extra-large-bags\/\",\"name\":\"Bolsas extragrandes para marketing B2B | Soluciones de marca sobredimensionadas de yute y algod\u00f3n\",\"isPartOf\":{\"@id\":\"https:\/\/gojuteinternational.com\/es\/#website\"},\"datePublished\":\"2025-11-13T11:02:31+00:00\",\"dateModified\":\"2025-11-18T06:18:27+00:00\",\"description\":\"Descubre c\u00f3mo las bolsas extragrandes de yute y algod\u00f3n mejoran el marketing B2B mediante cestas corporativas, kits para eventos y envases ecol\u00f3gicos. Perfectas para regalos a granel y branding.\",\"breadcrumb\":{\"@id\":\"https:\/\/gojuteinternational.com\/es\/branded-bags-by-size\/extra-large-bags\/#breadcrumb\"},\"inLanguage\":\"es\",\"potentialAction\":[{\"@type\":\"ReadAction\",\"target\":[\"https:\/\/gojuteinternational.com\/es\/branded-bags-by-size\/extra-large-bags\/\"]}]},{\"@type\":\"BreadcrumbList\",\"@id\":\"https:\/\/gojuteinternational.com\/es\/branded-bags-by-size\/extra-large-bags\/#breadcrumb\",\"itemListElement\":[{\"@type\":\"ListItem\",\"position\":1,\"name\":\"Home\",\"item\":\"https:\/\/gojuteinternational.com\/es\/\"},{\"@type\":\"ListItem\",\"position\":2,\"name\":\"Bolsas extragrandes para marketing B2B\"}]},{\"@type\":\"WebSite\",\"@id\":\"https:\/\/gojuteinternational.com\/es\/#website\",\"url\":\"https:\/\/gojuteinternational.com\/es\/\",\"name\":\"GoJute International\",\"description\":\"Printed bags for business\",\"publisher\":{\"@id\":\"https:\/\/gojuteinternational.com\/es\/#organization\"},\"alternateName\":\"GoJute\",\"potentialAction\":[{\"@type\":\"SearchAction\",\"target\":{\"@type\":\"EntryPoint\",\"urlTemplate\":\"https:\/\/gojuteinternational.com\/es\/?s={search_term_string}\"},\"query-input\":\"required name=search_term_string\"}],\"inLanguage\":\"es\"},{\"@type\":\"Organization\",\"@id\":\"https:\/\/gojuteinternational.com\/es\/#organization\",\"name\":\"GoJute International\",\"alternateName\":\"GoJute\",\"url\":\"https:\/\/gojuteinternational.com\/es\/\",\"logo\":{\"@type\":\"ImageObject\",\"inLanguage\":\"es\",\"@id\":\"https:\/\/gojuteinternational.com\/es\/#\/schema\/logo\/image\/\",\"url\":\"https:\/\/gojuteinternational.com\/wp-content\/uploads\/2022\/06\/GoJute-Logo-RGB.png\",\"contentUrl\":\"https:\/\/gojuteinternational.com\/wp-content\/uploads\/2022\/06\/GoJute-Logo-RGB.png\",\"width\":2000,\"height\":1809,\"caption\":\"GoJute International\"},\"image\":{\"@id\":\"https:\/\/gojuteinternational.com\/es\/#\/schema\/logo\/image\/\"},\"sameAs\":[\"https:\/\/www.facebook.com\/gojute\",\"https:\/\/www.instagram.com\/gojute\/\"]}]}<\/script>\n<!-- \/ Yoast SEO plugin. -->","yoast_head_json":{"title":"Bolsas extragrandes para marketing B2B | Soluciones de marca sobredimensionadas de yute y algod\u00f3n","description":"Descubre c\u00f3mo las bolsas extragrandes de yute y algod\u00f3n mejoran el marketing B2B mediante cestas corporativas, kits para eventos y envases ecol\u00f3gicos. Perfectas para regalos a granel y branding.","robots":{"index":"index","follow":"follow","max-snippet":"max-snippet:-1","max-image-preview":"max-image-preview:large","max-video-preview":"max-video-preview:-1"},"canonical":"https:\/\/gojuteinternational.com\/es\/branded-bags-by-size\/extra-large-bags\/","og_locale":"es_ES","og_type":"article","og_title":"Bolsas extragrandes para marketing B2B | Soluciones de marca sobredimensionadas de yute y algod\u00f3n","og_description":"Descubre c\u00f3mo las bolsas extragrandes de yute y algod\u00f3n mejoran el marketing B2B mediante cestas corporativas, kits para eventos y envases ecol\u00f3gicos. Perfectas para regalos a granel y branding.","og_url":"https:\/\/gojuteinternational.com\/es\/branded-bags-by-size\/extra-large-bags\/","og_site_name":"GoJute International","article_publisher":"https:\/\/www.facebook.com\/gojute","article_modified_time":"2025-11-18T06:18:27+00:00","twitter_card":"summary_large_image","twitter_misc":{"Tiempo de lectura":"3 minutos"},"schema":{"@context":"https:\/\/schema.org","@graph":[{"@type":"WebPage","@id":"https:\/\/gojuteinternational.com\/es\/branded-bags-by-size\/extra-large-bags\/","url":"https:\/\/gojuteinternational.com\/es\/branded-bags-by-size\/extra-large-bags\/","name":"Bolsas extragrandes para marketing B2B | Soluciones de marca sobredimensionadas de yute y algod\u00f3n","isPartOf":{"@id":"https:\/\/gojuteinternational.com\/es\/#website"},"datePublished":"2025-11-13T11:02:31+00:00","dateModified":"2025-11-18T06:18:27+00:00","description":"Descubre c\u00f3mo las bolsas extragrandes de yute y algod\u00f3n mejoran el marketing B2B mediante cestas corporativas, kits para eventos y envases ecol\u00f3gicos. Perfectas para regalos a granel y branding.","breadcrumb":{"@id":"https:\/\/gojuteinternational.com\/es\/branded-bags-by-size\/extra-large-bags\/#breadcrumb"},"inLanguage":"es","potentialAction":[{"@type":"ReadAction","target":["https:\/\/gojuteinternational.com\/es\/branded-bags-by-size\/extra-large-bags\/"]}]},{"@type":"BreadcrumbList","@id":"https:\/\/gojuteinternational.com\/es\/branded-bags-by-size\/extra-large-bags\/#breadcrumb","itemListElement":[{"@type":"ListItem","position":1,"name":"Home","item":"https:\/\/gojuteinternational.com\/es\/"},{"@type":"ListItem","position":2,"name":"Bolsas extragrandes para marketing B2B"}]},{"@type":"WebSite","@id":"https:\/\/gojuteinternational.com\/es\/#website","url":"https:\/\/gojuteinternational.com\/es\/","name":"GoJute International","description":"Printed bags for business","publisher":{"@id":"https:\/\/gojuteinternational.com\/es\/#organization"},"alternateName":"GoJute","potentialAction":[{"@type":"SearchAction","target":{"@type":"EntryPoint","urlTemplate":"https:\/\/gojuteinternational.com\/es\/?s={search_term_string}"},"query-input":"required name=search_term_string"}],"inLanguage":"es"},{"@type":"Organization","@id":"https:\/\/gojuteinternational.com\/es\/#organization","name":"GoJute International","alternateName":"GoJute","url":"https:\/\/gojuteinternational.com\/es\/","logo":{"@type":"ImageObject","inLanguage":"es","@id":"https:\/\/gojuteinternational.com\/es\/#\/schema\/logo\/image\/","url":"https:\/\/gojuteinternational.com\/wp-content\/uploads\/2022\/06\/GoJute-Logo-RGB.png","contentUrl":"https:\/\/gojuteinternational.com\/wp-content\/uploads\/2022\/06\/GoJute-Logo-RGB.png","width":2000,"height":1809,"caption":"GoJute International"},"image":{"@id":"https:\/\/gojuteinternational.com\/es\/#\/schema\/logo\/image\/"},"sameAs":["https:\/\/www.facebook.com\/gojute","https:\/\/www.instagram.com\/gojute\/"]}]}},"_links":{"self":[{"href":"https:\/\/gojuteinternational.com\/es\/wp-json\/wp\/v2\/pages\/91848","targetHints":{"allow":["GET"]}}],"collection":[{"href":"https:\/\/gojuteinternational.com\/es\/wp-json\/wp\/v2\/pages"}],"about":[{"href":"https:\/\/gojuteinternational.com\/es\/wp-json\/wp\/v2\/types\/page"}],"author":[{"embeddable":true,"href":"https:\/\/gojuteinternational.com\/es\/wp-json\/wp\/v2\/users\/6996"}],"replies":[{"embeddable":true,"href":"https:\/\/gojuteinternational.com\/es\/wp-json\/wp\/v2\/comments?post=91848"}],"version-history":[{"count":3,"href":"https:\/\/gojuteinternational.com\/es\/wp-json\/wp\/v2\/pages\/91848\/revisions"}],"predecessor-version":[{"id":91950,"href":"https:\/\/gojuteinternational.com\/es\/wp-json\/wp\/v2\/pages\/91848\/revisions\/91950"}],"up":[{"embeddable":true,"href":"https:\/\/gojuteinternational.com\/es\/wp-json\/wp\/v2\/pages\/91798"}],"wp:attachment":[{"href":"https:\/\/gojuteinternational.com\/es\/wp-json\/wp\/v2\/media?parent=91848"}],"curies":[{"name":"wp","href":"https:\/\/api.w.org\/{rel}","templated":true}]}}