{"id":91855,"date":"2025-11-13T12:19:12","date_gmt":"2025-11-13T11:19:12","guid":{"rendered":"https:\/\/gojuteinternational.com\/custom-size-bags-for-corporate-branding\/"},"modified":"2025-11-18T07:14:20","modified_gmt":"2025-11-18T06:14:20","slug":"custom-size-bags","status":"publish","type":"page","link":"https:\/\/gojuteinternational.com\/es\/branded-bags-by-size\/custom-size-bags\/","title":{"rendered":"Bolsas de tama\u00f1o personalizado para la marca corporativa"},"content":{"rendered":"\t\t<div data-elementor-type=\"wp-page\" data-elementor-id=\"91855\" class=\"elementor elementor-91855 elementor-91847\" data-elementor-post-type=\"page\">\n\t\t\t\t\t\t\t\t\t<section class=\"elementor-section elementor-top-section elementor-element elementor-element-b0dd237 elementor-section-boxed elementor-section-height-default elementor-section-height-default\" data-id=\"b0dd237\" data-element_type=\"section\">\n\t\t\t\t\t\t<div class=\"elementor-container elementor-column-gap-default\">\n\t\t\t\t\t<div class=\"elementor-column elementor-col-100 elementor-top-column elementor-element elementor-element-7b4dc52\" data-id=\"7b4dc52\" data-element_type=\"column\">\n\t\t\t<div class=\"elementor-widget-wrap elementor-element-populated\">\n\t\t\t\t\t\t\t\t<div class=\"elementor-element elementor-element-2088e1e elementor-widget elementor-widget-spacer\" data-id=\"2088e1e\" data-element_type=\"widget\" data-widget_type=\"spacer.default\">\n\t\t\t\t<div class=\"elementor-widget-container\">\n\t\t\t<style>\/*! elementor - v3.18.0 - 20-12-2023 *\/\n.elementor-column .elementor-spacer-inner{height:var(--spacer-size)}.e-con{--container-widget-width:100%}.e-con-inner>.elementor-widget-spacer,.e-con>.elementor-widget-spacer{width:var(--container-widget-width,var(--spacer-size));--align-self:var(--container-widget-align-self,initial);--flex-shrink:0}.e-con-inner>.elementor-widget-spacer>.elementor-widget-container,.e-con>.elementor-widget-spacer>.elementor-widget-container{height:100%;width:100%}.e-con-inner>.elementor-widget-spacer>.elementor-widget-container>.elementor-spacer,.e-con>.elementor-widget-spacer>.elementor-widget-container>.elementor-spacer{height:100%}.e-con-inner>.elementor-widget-spacer>.elementor-widget-container>.elementor-spacer>.elementor-spacer-inner,.e-con>.elementor-widget-spacer>.elementor-widget-container>.elementor-spacer>.elementor-spacer-inner{height:var(--container-widget-height,var(--spacer-size))}.e-con-inner>.elementor-widget-spacer.elementor-widget-empty,.e-con>.elementor-widget-spacer.elementor-widget-empty{position:relative;min-height:22px;min-width:22px}.e-con-inner>.elementor-widget-spacer.elementor-widget-empty .elementor-widget-empty-icon,.e-con>.elementor-widget-spacer.elementor-widget-empty .elementor-widget-empty-icon{position:absolute;top:0;bottom:0;left:0;right:0;margin:auto;padding:0;width:22px;height:22px}<\/style>\t\t<div class=\"elementor-spacer\">\n\t\t\t<div class=\"elementor-spacer-inner\"><\/div>\n\t\t<\/div>\n\t\t\t\t<\/div>\n\t\t\t\t<\/div>\n\t\t\t\t<div class=\"elementor-element elementor-element-38f8f0a elementor-widget elementor-widget-heading\" data-id=\"38f8f0a\" data-element_type=\"widget\" data-widget_type=\"heading.default\">\n\t\t\t\t<div class=\"elementor-widget-container\">\n\t\t\t<style>\/*! elementor - v3.18.0 - 20-12-2023 *\/\n.elementor-heading-title{padding:0;margin:0;line-height:1}.elementor-widget-heading .elementor-heading-title[class*=elementor-size-]>a{color:inherit;font-size:inherit;line-height:inherit}.elementor-widget-heading .elementor-heading-title.elementor-size-small{font-size:15px}.elementor-widget-heading .elementor-heading-title.elementor-size-medium{font-size:19px}.elementor-widget-heading .elementor-heading-title.elementor-size-large{font-size:29px}.elementor-widget-heading .elementor-heading-title.elementor-size-xl{font-size:39px}.elementor-widget-heading .elementor-heading-title.elementor-size-xxl{font-size:59px}<\/style><h1 class=\"elementor-heading-title elementor-size-default\">Bolsas de tama\u00f1o personalizado para la marca corporativa\n<\/h1>\t\t<\/div>\n\t\t\t\t<\/div>\n\t\t\t\t<div class=\"elementor-element elementor-element-e6eb8e7 elementor-widget elementor-widget-text-editor\" data-id=\"e6eb8e7\" data-element_type=\"widget\" data-widget_type=\"text-editor.default\">\n\t\t\t\t<div class=\"elementor-widget-container\">\n\t\t\t<style>\/*! elementor - v3.18.0 - 20-12-2023 *\/\n.elementor-widget-text-editor.elementor-drop-cap-view-stacked .elementor-drop-cap{background-color:#69727d;color:#fff}.elementor-widget-text-editor.elementor-drop-cap-view-framed .elementor-drop-cap{color:#69727d;border:3px solid;background-color:transparent}.elementor-widget-text-editor:not(.elementor-drop-cap-view-default) .elementor-drop-cap{margin-top:8px}.elementor-widget-text-editor:not(.elementor-drop-cap-view-default) .elementor-drop-cap-letter{width:1em;height:1em}.elementor-widget-text-editor .elementor-drop-cap{float:left;text-align:center;line-height:1;font-size:50px}.elementor-widget-text-editor .elementor-drop-cap-letter{display:inline-block}<\/style>\t\t\t\t<p><span style=\"font-weight: 400;\">Cada marca tiene necesidades \u00fanicas, y las bolsas a medida de GoJute est\u00e1n dise\u00f1adas para satisfacerlas todas. Tanto si necesitas bolsas compactas para envases minoristas como bolsas de gran tama\u00f1o para eventos corporativos, nuestras bolsas personalizadas de yute y algod\u00f3n pueden adaptarse en forma, tama\u00f1o y acabado para alinearse perfectamente con la identidad de tu marca. Para los clientes B2B, esta flexibilidad garantiza que tus productos promocionales destaquen a la vez que sirven a un prop\u00f3sito pr\u00e1ctico y sostenible.  <\/span><\/p>\n<h2>Por qu\u00e9 las bolsas a medida son una opci\u00f3n inteligente para la marca B2B<\/h2>\n<p><span style=\"font-weight: 400;\">En un panorama B2B competitivo, las soluciones de talla \u00fanica rara vez tienen impacto. Las bolsas de tama\u00f1o personalizado permiten a las empresas crear soluciones promocionales y de embalaje que se ajustan a objetivos de marketing espec\u00edficos, dimensiones del producto y requisitos del evento. Combinando el tama\u00f1o a medida con materiales sostenibles y una marca audaz, GoJute ayuda a tu empresa a presentarse con precisi\u00f3n y profesionalidad.  <\/span><span style=\"font-weight: 400;\"><br \/><\/span><\/p>\n<h2>Aplicaciones B2B para bolsas de tama\u00f1o personalizado<\/h2>\n<h3>A medida para eventos de empresa y conferencias<\/h3>\n<p><span style=\"font-weight: 400;\">Haz que tu marca destaque con bolsas de tama\u00f1o personalizado dise\u00f1adas espec\u00edficamente para material de conferencias, folletos o regalos para eventos. Ya sean peque\u00f1as y elegantes o grandes y espaciosas, estas bolsas crean una impresi\u00f3n duradera a la vez que ofrecen funcionalidad a los asistentes. <\/span><\/p>\n<h3>Embalaje para minoristas y comercio electr\u00f3nico<\/h3>\n<p><span style=\"font-weight: 400;\">Las bolsas de yute y algod\u00f3n a medida pueden sustituir los envases convencionales por una alternativa elegante y ecol\u00f3gica. Perfectamente adaptadas a tus productos, mejoran la presentaci\u00f3n, reducen los residuos y ampl\u00edan la visibilidad de tu marca m\u00e1s all\u00e1 de la venta inicial. <\/span><span style=\"font-weight: 400;\"><br \/><\/span><span style=\"font-weight: 400;\"><br \/><\/span><\/p>\n<h3>Regalos para empleados y clientes<\/h3>\n<p><span style=\"font-weight: 400;\">Las bolsas a medida son ideales para regalos de empresa, paquetes de bienvenida o cestas de productos. Cada bolsa se puede personalizar con tu logotipo y colores para reforzar el reconocimiento de la marca, al tiempo que ofrece practicidad y sostenibilidad. <\/span><\/p>\n<h3>Pedidos al por mayor para campa\u00f1as promocionales<\/h3>\n<p><span style=\"font-weight: 400;\">\u00bfNecesitas miles de bolsas para el lanzamiento de un producto, una feria o una campa\u00f1a nacional? El servicio de fabricaci\u00f3n a medida de GoJute te permite hacer pedidos al por mayor con especificaciones precisas, garantizando la coherencia de la marca en todas las bolsas. <\/span><\/p>\n<p>  Sostenibilidad y flexibilidad combinadas<b><br \/><\/b><span style=\"font-weight: 400;\">Las bolsas a medida de GoJute se fabrican con yute y algod\u00f3n de origen \u00e9tico, garantizando que cada pieza sea tan sostenible como funcional. Al ofrecer alternativas reutilizables a los envases de pl\u00e1stico, estas bolsas ayudan a las empresas a reducir su huella medioambiental al tiempo que mejoran la reputaci\u00f3n de su marca. Su adaptabilidad significa que puedes elegirlo todo, desde las dimensiones y el tipo de asa hasta el color y el m\u00e9todo de impresi\u00f3n.  <\/span><\/p>\n<h2>\u00bfListo para elevar tu marketing B2B con bolsas a medida?<\/h2>\n<p><span style=\"font-weight: 400;\">Si tu empresa necesita bolsas que se adapten perfectamente a tus productos, campa\u00f1as y visi\u00f3n, las bolsas de yute y algod\u00f3n de tama\u00f1o personalizado de GoJute son la respuesta. Dise\u00f1adas para ofrecer flexibilidad, sostenibilidad y el m\u00e1ximo impacto de marca, garantizan que tu empresa destaque en cualquier entorno, desde ferias comerciales hasta regalos corporativos. <\/span><\/p>\n<p><span style=\"font-weight: 400;\">Hagamos realidad tu idea. Ponte en contacto con nuestro equipo hoy mismo para crear la bolsa perfecta, adaptada a tu marca. <\/span><\/p>\n<p><span style=\"font-weight: 400;\"> <\/span><a href=\"https:\/\/gojuteinternational.com\/es\/contacte-con-nosotros\/\"><b>Contacte con nosotros<\/b><\/a><\/p>\n\t\t\t\t\t\t<\/div>\n\t\t\t\t<\/div>\n\t\t\t\t\t<\/div>\n\t\t<\/div>\n\t\t\t\t\t\t\t<\/div>\n\t\t<\/section>\n\t\t\t\t\t\t\t<\/div>\n\t\t","protected":false},"excerpt":{"rendered":"<p>Bolsas de tama\u00f1o personalizado para la marca corporativa Cada marca tiene necesidades \u00fanicas, y las bolsas a medida de GoJute est\u00e1n dise\u00f1adas para satisfacerlas todas. Tanto si necesitas bolsas compactas para envases minoristas como bolsas de gran tama\u00f1o para eventos corporativos, nuestras bolsas personalizadas de yute y algod\u00f3n pueden adaptarse en forma, tama\u00f1o y acabado [&hellip;]<\/p>\n","protected":false},"author":6996,"featured_media":0,"parent":91798,"menu_order":0,"comment_status":"closed","ping_status":"closed","template":"elementor_header_footer","meta":{"content-type":"","_monsterinsights_skip_tracking":false,"_monsterinsights_sitenote_active":false,"_monsterinsights_sitenote_note":"","_monsterinsights_sitenote_category":0,"footnotes":""},"class_list":["post-91855","page","type-page","status-publish","hentry"],"yoast_head":"<!-- This site is optimized with the Yoast SEO plugin v21.7 - https:\/\/yoast.com\/wordpress\/plugins\/seo\/ -->\n<title>Bolsas de tama\u00f1o personalizado para marcas corporativas | Soluciones de yute y algod\u00f3n a medida<\/title>\n<meta name=\"description\" content=\"Descubre las bolsas de yute y algod\u00f3n de tama\u00f1o personalizado de GoJute para marcas B2B. Perfectas para pedidos al por mayor, dise\u00f1os flexibles e impresi\u00f3n de logotipos que se adaptan a las necesidades de tu empresa.\" \/>\n<meta name=\"robots\" content=\"index, follow, max-snippet:-1, max-image-preview:large, max-video-preview:-1\" \/>\n<link rel=\"canonical\" href=\"https:\/\/gojuteinternational.com\/es\/branded-bags-by-size\/custom-size-bags\/\" \/>\n<meta property=\"og:locale\" content=\"es_ES\" \/>\n<meta property=\"og:type\" content=\"article\" \/>\n<meta property=\"og:title\" content=\"Bolsas de tama\u00f1o personalizado para marcas corporativas | Soluciones de yute y algod\u00f3n a medida\" \/>\n<meta property=\"og:description\" content=\"Descubre las bolsas de yute y algod\u00f3n de tama\u00f1o personalizado de GoJute para marcas B2B. Perfectas para pedidos al por mayor, dise\u00f1os flexibles e impresi\u00f3n de logotipos que se adaptan a las necesidades de tu empresa.\" \/>\n<meta property=\"og:url\" content=\"https:\/\/gojuteinternational.com\/es\/branded-bags-by-size\/custom-size-bags\/\" \/>\n<meta property=\"og:site_name\" content=\"GoJute International\" \/>\n<meta property=\"article:publisher\" content=\"https:\/\/www.facebook.com\/gojute\" \/>\n<meta property=\"article:modified_time\" content=\"2025-11-18T06:14:20+00:00\" \/>\n<meta name=\"twitter:card\" content=\"summary_large_image\" \/>\n<meta name=\"twitter:label1\" content=\"Tiempo de lectura\" \/>\n\t<meta name=\"twitter:data1\" content=\"3 minutos\" \/>\n<script type=\"application\/ld+json\" class=\"yoast-schema-graph\">{\"@context\":\"https:\/\/schema.org\",\"@graph\":[{\"@type\":\"WebPage\",\"@id\":\"https:\/\/gojuteinternational.com\/es\/branded-bags-by-size\/custom-size-bags\/\",\"url\":\"https:\/\/gojuteinternational.com\/es\/branded-bags-by-size\/custom-size-bags\/\",\"name\":\"Bolsas de tama\u00f1o personalizado para marcas corporativas | Soluciones de yute y algod\u00f3n a medida\",\"isPartOf\":{\"@id\":\"https:\/\/gojuteinternational.com\/es\/#website\"},\"datePublished\":\"2025-11-13T11:19:12+00:00\",\"dateModified\":\"2025-11-18T06:14:20+00:00\",\"description\":\"Descubre las bolsas de yute y algod\u00f3n de tama\u00f1o personalizado de GoJute para marcas B2B. Perfectas para pedidos al por mayor, dise\u00f1os flexibles e impresi\u00f3n de logotipos que se adaptan a las necesidades de tu empresa.\",\"breadcrumb\":{\"@id\":\"https:\/\/gojuteinternational.com\/es\/branded-bags-by-size\/custom-size-bags\/#breadcrumb\"},\"inLanguage\":\"es\",\"potentialAction\":[{\"@type\":\"ReadAction\",\"target\":[\"https:\/\/gojuteinternational.com\/es\/branded-bags-by-size\/custom-size-bags\/\"]}]},{\"@type\":\"BreadcrumbList\",\"@id\":\"https:\/\/gojuteinternational.com\/es\/branded-bags-by-size\/custom-size-bags\/#breadcrumb\",\"itemListElement\":[{\"@type\":\"ListItem\",\"position\":1,\"name\":\"Home\",\"item\":\"https:\/\/gojuteinternational.com\/es\/\"},{\"@type\":\"ListItem\",\"position\":2,\"name\":\"Bolsas de tama\u00f1o personalizado para la marca corporativa\"}]},{\"@type\":\"WebSite\",\"@id\":\"https:\/\/gojuteinternational.com\/es\/#website\",\"url\":\"https:\/\/gojuteinternational.com\/es\/\",\"name\":\"GoJute International\",\"description\":\"Printed bags for business\",\"publisher\":{\"@id\":\"https:\/\/gojuteinternational.com\/es\/#organization\"},\"alternateName\":\"GoJute\",\"potentialAction\":[{\"@type\":\"SearchAction\",\"target\":{\"@type\":\"EntryPoint\",\"urlTemplate\":\"https:\/\/gojuteinternational.com\/es\/?s={search_term_string}\"},\"query-input\":\"required name=search_term_string\"}],\"inLanguage\":\"es\"},{\"@type\":\"Organization\",\"@id\":\"https:\/\/gojuteinternational.com\/es\/#organization\",\"name\":\"GoJute International\",\"alternateName\":\"GoJute\",\"url\":\"https:\/\/gojuteinternational.com\/es\/\",\"logo\":{\"@type\":\"ImageObject\",\"inLanguage\":\"es\",\"@id\":\"https:\/\/gojuteinternational.com\/es\/#\/schema\/logo\/image\/\",\"url\":\"https:\/\/gojuteinternational.com\/wp-content\/uploads\/2022\/06\/GoJute-Logo-RGB.png\",\"contentUrl\":\"https:\/\/gojuteinternational.com\/wp-content\/uploads\/2022\/06\/GoJute-Logo-RGB.png\",\"width\":2000,\"height\":1809,\"caption\":\"GoJute International\"},\"image\":{\"@id\":\"https:\/\/gojuteinternational.com\/es\/#\/schema\/logo\/image\/\"},\"sameAs\":[\"https:\/\/www.facebook.com\/gojute\",\"https:\/\/www.instagram.com\/gojute\/\"]}]}<\/script>\n<!-- \/ Yoast SEO plugin. -->","yoast_head_json":{"title":"Bolsas de tama\u00f1o personalizado para marcas corporativas | Soluciones de yute y algod\u00f3n a medida","description":"Descubre las bolsas de yute y algod\u00f3n de tama\u00f1o personalizado de GoJute para marcas B2B. Perfectas para pedidos al por mayor, dise\u00f1os flexibles e impresi\u00f3n de logotipos que se adaptan a las necesidades de tu empresa.","robots":{"index":"index","follow":"follow","max-snippet":"max-snippet:-1","max-image-preview":"max-image-preview:large","max-video-preview":"max-video-preview:-1"},"canonical":"https:\/\/gojuteinternational.com\/es\/branded-bags-by-size\/custom-size-bags\/","og_locale":"es_ES","og_type":"article","og_title":"Bolsas de tama\u00f1o personalizado para marcas corporativas | Soluciones de yute y algod\u00f3n a medida","og_description":"Descubre las bolsas de yute y algod\u00f3n de tama\u00f1o personalizado de GoJute para marcas B2B. Perfectas para pedidos al por mayor, dise\u00f1os flexibles e impresi\u00f3n de logotipos que se adaptan a las necesidades de tu empresa.","og_url":"https:\/\/gojuteinternational.com\/es\/branded-bags-by-size\/custom-size-bags\/","og_site_name":"GoJute International","article_publisher":"https:\/\/www.facebook.com\/gojute","article_modified_time":"2025-11-18T06:14:20+00:00","twitter_card":"summary_large_image","twitter_misc":{"Tiempo de lectura":"3 minutos"},"schema":{"@context":"https:\/\/schema.org","@graph":[{"@type":"WebPage","@id":"https:\/\/gojuteinternational.com\/es\/branded-bags-by-size\/custom-size-bags\/","url":"https:\/\/gojuteinternational.com\/es\/branded-bags-by-size\/custom-size-bags\/","name":"Bolsas de tama\u00f1o personalizado para marcas corporativas | Soluciones de yute y algod\u00f3n a medida","isPartOf":{"@id":"https:\/\/gojuteinternational.com\/es\/#website"},"datePublished":"2025-11-13T11:19:12+00:00","dateModified":"2025-11-18T06:14:20+00:00","description":"Descubre las bolsas de yute y algod\u00f3n de tama\u00f1o personalizado de GoJute para marcas B2B. Perfectas para pedidos al por mayor, dise\u00f1os flexibles e impresi\u00f3n de logotipos que se adaptan a las necesidades de tu empresa.","breadcrumb":{"@id":"https:\/\/gojuteinternational.com\/es\/branded-bags-by-size\/custom-size-bags\/#breadcrumb"},"inLanguage":"es","potentialAction":[{"@type":"ReadAction","target":["https:\/\/gojuteinternational.com\/es\/branded-bags-by-size\/custom-size-bags\/"]}]},{"@type":"BreadcrumbList","@id":"https:\/\/gojuteinternational.com\/es\/branded-bags-by-size\/custom-size-bags\/#breadcrumb","itemListElement":[{"@type":"ListItem","position":1,"name":"Home","item":"https:\/\/gojuteinternational.com\/es\/"},{"@type":"ListItem","position":2,"name":"Bolsas de tama\u00f1o personalizado para la marca corporativa"}]},{"@type":"WebSite","@id":"https:\/\/gojuteinternational.com\/es\/#website","url":"https:\/\/gojuteinternational.com\/es\/","name":"GoJute International","description":"Printed bags for business","publisher":{"@id":"https:\/\/gojuteinternational.com\/es\/#organization"},"alternateName":"GoJute","potentialAction":[{"@type":"SearchAction","target":{"@type":"EntryPoint","urlTemplate":"https:\/\/gojuteinternational.com\/es\/?s={search_term_string}"},"query-input":"required name=search_term_string"}],"inLanguage":"es"},{"@type":"Organization","@id":"https:\/\/gojuteinternational.com\/es\/#organization","name":"GoJute International","alternateName":"GoJute","url":"https:\/\/gojuteinternational.com\/es\/","logo":{"@type":"ImageObject","inLanguage":"es","@id":"https:\/\/gojuteinternational.com\/es\/#\/schema\/logo\/image\/","url":"https:\/\/gojuteinternational.com\/wp-content\/uploads\/2022\/06\/GoJute-Logo-RGB.png","contentUrl":"https:\/\/gojuteinternational.com\/wp-content\/uploads\/2022\/06\/GoJute-Logo-RGB.png","width":2000,"height":1809,"caption":"GoJute International"},"image":{"@id":"https:\/\/gojuteinternational.com\/es\/#\/schema\/logo\/image\/"},"sameAs":["https:\/\/www.facebook.com\/gojute","https:\/\/www.instagram.com\/gojute\/"]}]}},"_links":{"self":[{"href":"https:\/\/gojuteinternational.com\/es\/wp-json\/wp\/v2\/pages\/91855","targetHints":{"allow":["GET"]}}],"collection":[{"href":"https:\/\/gojuteinternational.com\/es\/wp-json\/wp\/v2\/pages"}],"about":[{"href":"https:\/\/gojuteinternational.com\/es\/wp-json\/wp\/v2\/types\/page"}],"author":[{"embeddable":true,"href":"https:\/\/gojuteinternational.com\/es\/wp-json\/wp\/v2\/users\/6996"}],"replies":[{"embeddable":true,"href":"https:\/\/gojuteinternational.com\/es\/wp-json\/wp\/v2\/comments?post=91855"}],"version-history":[{"count":6,"href":"https:\/\/gojuteinternational.com\/es\/wp-json\/wp\/v2\/pages\/91855\/revisions"}],"predecessor-version":[{"id":91948,"href":"https:\/\/gojuteinternational.com\/es\/wp-json\/wp\/v2\/pages\/91855\/revisions\/91948"}],"up":[{"embeddable":true,"href":"https:\/\/gojuteinternational.com\/es\/wp-json\/wp\/v2\/pages\/91798"}],"wp:attachment":[{"href":"https:\/\/gojuteinternational.com\/es\/wp-json\/wp\/v2\/media?parent=91855"}],"curies":[{"name":"wp","href":"https:\/\/api.w.org\/{rel}","templated":true}]}}