{"id":34652,"date":"2022-04-05T10:19:12","date_gmt":"2022-04-05T09:19:12","guid":{"rendered":"https:\/\/gojuteinternational.com\/politique-de-confidentialite\/"},"modified":"2024-01-08T17:34:33","modified_gmt":"2024-01-08T16:34:33","slug":"politique-de-confidentialite","status":"publish","type":"page","link":"https:\/\/gojuteinternational.com\/fr\/a-propos-de-nous\/politique-de-confidentialite\/","title":{"rendered":"Politique de confidentialit\u00e9"},"content":{"rendered":"\t\t<div data-elementor-type=\"wp-page\" data-elementor-id=\"34652\" class=\"elementor elementor-34652 elementor-697\" data-elementor-post-type=\"page\">\n\t\t\t\t\t\t\t\t\t<section class=\"elementor-section elementor-top-section elementor-element elementor-element-638a529 elementor-section-boxed elementor-section-height-default elementor-section-height-default\" data-id=\"638a529\" data-element_type=\"section\" data-settings=\"{&quot;background_background&quot;:&quot;classic&quot;,&quot;shape_divider_bottom&quot;:&quot;tilt&quot;}\">\n\t\t\t\t\t<div class=\"elementor-shape elementor-shape-bottom\" data-negative=\"false\">\n\t\t\t<svg xmlns=\"http:\/\/www.w3.org\/2000\/svg\" viewBox=\"0 0 1000 100\" preserveAspectRatio=\"none\">\n\t<path class=\"elementor-shape-fill\" d=\"M0,6V0h1000v100L0,6z\"\/>\n<\/svg>\t\t<\/div>\n\t\t\t\t\t<div class=\"elementor-container elementor-column-gap-default\">\n\t\t\t\t\t<div class=\"elementor-column elementor-col-100 elementor-top-column elementor-element elementor-element-e076ab2\" data-id=\"e076ab2\" data-element_type=\"column\">\n\t\t\t<div class=\"elementor-widget-wrap elementor-element-populated\">\n\t\t\t\t\t\t\t\t<div class=\"elementor-element elementor-element-b18db86 elementor-widget elementor-widget-heading\" data-id=\"b18db86\" data-element_type=\"widget\" data-widget_type=\"heading.default\">\n\t\t\t\t<div class=\"elementor-widget-container\">\n\t\t\t<style>\/*! elementor - v3.18.0 - 20-12-2023 *\/\n.elementor-heading-title{padding:0;margin:0;line-height:1}.elementor-widget-heading .elementor-heading-title[class*=elementor-size-]>a{color:inherit;font-size:inherit;line-height:inherit}.elementor-widget-heading .elementor-heading-title.elementor-size-small{font-size:15px}.elementor-widget-heading .elementor-heading-title.elementor-size-medium{font-size:19px}.elementor-widget-heading .elementor-heading-title.elementor-size-large{font-size:29px}.elementor-widget-heading .elementor-heading-title.elementor-size-xl{font-size:39px}.elementor-widget-heading .elementor-heading-title.elementor-size-xxl{font-size:59px}<\/style><h2 class=\"elementor-heading-title elementor-size-default\">Politique de confidentialit\u00e9<\/h2>\t\t<\/div>\n\t\t\t\t<\/div>\n\t\t\t\t<div class=\"elementor-element elementor-element-a39f45e elementor-widget elementor-widget-heading\" data-id=\"a39f45e\" data-element_type=\"widget\" data-widget_type=\"heading.default\">\n\t\t\t\t<div class=\"elementor-widget-container\">\n\t\t\t<h2 class=\"elementor-heading-title elementor-size-default\">Cette politique d\u00e9finit la mani\u00e8re dont nous utilisons et prot\u00e9geons les informations vous concernant lorsque vous visitez ce site web<\/h2>\t\t<\/div>\n\t\t\t\t<\/div>\n\t\t\t\t<div class=\"elementor-element elementor-element-1d554a1 elementor-widget elementor-widget-text-editor\" data-id=\"1d554a1\" data-element_type=\"widget\" data-widget_type=\"text-editor.default\">\n\t\t\t\t<div class=\"elementor-widget-container\">\n\t\t\t<style>\/*! elementor - v3.18.0 - 20-12-2023 *\/\n.elementor-widget-text-editor.elementor-drop-cap-view-stacked .elementor-drop-cap{background-color:#69727d;color:#fff}.elementor-widget-text-editor.elementor-drop-cap-view-framed .elementor-drop-cap{color:#69727d;border:3px solid;background-color:transparent}.elementor-widget-text-editor:not(.elementor-drop-cap-view-default) .elementor-drop-cap{margin-top:8px}.elementor-widget-text-editor:not(.elementor-drop-cap-view-default) .elementor-drop-cap-letter{width:1em;height:1em}.elementor-widget-text-editor .elementor-drop-cap{float:left;text-align:center;line-height:1;font-size:50px}.elementor-widget-text-editor .elementor-drop-cap-letter{display:inline-block}<\/style>\t\t\t\t<p><strong>GoJute s&rsquo;engage \u00e0 assurer la protection de votre vie priv\u00e9e. Si nous vous demandons de fournir certaines informations permettant de vous identifier lorsque vous utilisez ce site web, vous pouvez \u00eatre assur\u00e9 qu&rsquo;elles ne seront utilis\u00e9es que conform\u00e9ment \u00e0 la pr\u00e9sente d\u00e9claration de confidentialit\u00e9. GoJute peut modifier cette politique de temps \u00e0 autre en mettant \u00e0 jour cette page. Vous devez v\u00e9rifier cette page pour vous assurer que vous \u00eates satisfait de tout changement.<\/strong><\/p>\n<p><i>La pr\u00e9sente politique entre en vigueur le 8 mai 2019.<\/i><\/p>\n\t\t\t\t\t\t<\/div>\n\t\t\t\t<\/div>\n\t\t\t\t\t<\/div>\n\t\t<\/div>\n\t\t\t\t\t\t\t<\/div>\n\t\t<\/section>\n\t\t\t\t<section class=\"elementor-section elementor-top-section elementor-element elementor-element-46ba6ada elementor-section-content-middle elementor-section-boxed elementor-section-height-default elementor-section-height-default\" data-id=\"46ba6ada\" data-element_type=\"section\">\n\t\t\t\t\t\t<div class=\"elementor-container elementor-column-gap-no\">\n\t\t\t\t\t<div class=\"elementor-column elementor-col-100 elementor-top-column elementor-element elementor-element-7b174cf1\" data-id=\"7b174cf1\" data-element_type=\"column\">\n\t\t\t<div class=\"elementor-widget-wrap elementor-element-populated\">\n\t\t\t\t\t\t\t\t<div class=\"elementor-element elementor-element-59149f9c elementor-widget elementor-widget-text-editor\" data-id=\"59149f9c\" data-element_type=\"widget\" data-widget_type=\"text-editor.default\">\n\t\t\t\t<div class=\"elementor-widget-container\">\n\t\t\t\t\t\t\t<p><strong>Quels renseignements personnels recueillons-nous ?<\/strong><\/p>\n<p>Vous trouverez ci-dessous la liste compl\u00e8te des donn\u00e9es personnelles que nous sommes susceptibles de collecter et de stocker en toute s\u00e9curit\u00e9 lorsque vous prenez contact avec GoJute par le biais de ce site web :<\/p>\n<p>Nom et pr\u00e9nom<br \/>Adresse \u00e9lectronique<br \/>Num\u00e9ro de t\u00e9l\u00e9phone<br \/>Industrie \/ Groupe d&rsquo;int\u00e9r\u00eat<\/p>\n<p>Si vous choisissez d&rsquo;effectuer un achat en ligne par l&rsquo;interm\u00e9diaire de notre boutique Shopify (www.gojute.myshopify.com), des donn\u00e9es suppl\u00e9mentaires sont collect\u00e9es et vous devez vous r\u00e9f\u00e9rer \u00e0 la politique de confidentialit\u00e9 distincte qui s&rsquo;applique \u00e0 ce site web.<\/p>\n<p><strong>Comment et pourquoi nous collectons vos donn\u00e9es personnelles<\/strong><\/p>\n<p>La plupart de nos services ne n\u00e9cessitent aucune forme de donn\u00e9es personnelles, ce qui vous permet de visiter notre site sans nous dire qui vous \u00eates. Toutefois, certains services exigent que vous nous fournissiez des donn\u00e9es personnelles.<\/p>\n<p>GoJute ne recueillera vos donn\u00e9es personnelles par le biais de ce site web que sur les formulaires ci-dessous :<\/p>\n<p>Nous contacter<br \/>Obtenir un devis<br \/>Demander un rappel<br \/>Formulaires d&rsquo;inscription \u00e0 la newsletter<\/p>\n<p>Nous limitons notre collecte de donn\u00e9es personnelles aux informations de base dont nous avons besoin pour vous proposer un devis complet et, avec votre consentement, pour vous envoyer des courriers \u00e9lectroniques mensuels. Lorsque vous remplissez l&rsquo;un de nos formulaires en ligne, vous nous autorisez \u00e0 utiliser les donn\u00e9es personnelles que vous avez fournies pour vous contacter au sujet de votre demande. Ces donn\u00e9es sont stock\u00e9es dans la base de donn\u00e9es de notre site web, qui est s\u00e9curis\u00e9e par un certificat SSL valide. Vos donn\u00e9es peuvent ensuite \u00eatre stock\u00e9es dans notre syst\u00e8me CRM interne s\u00e9curis\u00e9 afin de nous permettre de traiter votre demande.<\/p>\n<p>Si vous effectuez un achat, nous conserverons les d\u00e9tails de votre achat, notamment votre nom, votre adresse, votre adresse \u00e9lectronique, votre num\u00e9ro de t\u00e9l\u00e9phone et les informations relatives \u00e0 votre entreprise, y compris les informations financi\u00e8res de l&rsquo;entreprise, sur notre CRM interne s\u00e9curis\u00e9, le cas \u00e9ch\u00e9ant. Ces informations seront conserv\u00e9es pendant sept ans, sauf si vous nous demandez de supprimer vos donn\u00e9es.<\/p>\n<p><strong>Comment nous traitons et conservons vos donn\u00e9es personnelles<\/strong><\/p>\n<p>Toutes les donn\u00e9es personnelles que vous fournissez \u00e0 GoJute par l&rsquo;interm\u00e9diaire de gojute.co.uk, seront stock\u00e9es dans la base de donn\u00e9es de notre site web. Notre base de donn\u00e9es est s\u00e9curis\u00e9e par un certificat SSL conforme aux normes industrielles, ce qui garantit que vos donn\u00e9es sont prot\u00e9g\u00e9es et crypt\u00e9es. Seuls les membres v\u00e9rifi\u00e9s de l&rsquo;\u00e9quipe GoJute peuvent acc\u00e9der \u00e0 vos donn\u00e9es. Si vous choisissez de faire suivre votre devis, vos donn\u00e9es seront transf\u00e9r\u00e9es dans notre syst\u00e8me CRM interne s\u00e9curis\u00e9.<\/p>\n<p>Si vous choisissez de vous inscrire \u00e0 notre marketing par courriel, vos donn\u00e9es personnelles (adresse \u00e9lectronique, nom et pr\u00e9nom) seront stock\u00e9es et trait\u00e9es en toute s\u00e9curit\u00e9 par notre plateforme de marketing par courriel. Nous utilisons MailChimp comme plateforme d&rsquo;automatisation du marketing. En vous inscrivant \u00e0 notre liste de contacts, vous reconnaissez que les informations que vous fournissez seront transf\u00e9r\u00e9es \u00e0 MailChimp pour \u00eatre trait\u00e9es conform\u00e9ment \u00e0 leur politique de confidentialit\u00e9 et \u00e0 leurs conditions.<\/p>\n<p><strong>Notre proc\u00e9dure en cas de violation des donn\u00e9es<\/strong><\/p>\n<p>Si nous subissons une violation de donn\u00e9es personnelles chez GoJute, nous signalerons la violation \u00e0 l&rsquo;autorit\u00e9 de surveillance comp\u00e9tente dans les 72 heures suivant l&rsquo;incident. S&rsquo;il s&rsquo;av\u00e8re que la violation pr\u00e9sente un risque \u00e9lev\u00e9 de porter atteinte aux droits et libert\u00e9s des personnes, nous informerons \u00e9galement les personnes concern\u00e9es sans d\u00e9lai excessif.<\/p>\n<p><strong>Comment vous pouvez contr\u00f4ler vos donn\u00e9es personnelles<\/strong><\/p>\n<p>Vous pouvez mettre \u00e0 jour vos donn\u00e9es personnelles en nous contactant directement avec vos informations actualis\u00e9es. Vous pouvez \u00e9galement mettre \u00e0 jour vos pr\u00e9f\u00e9rences et vos d\u00e9tails en mati\u00e8re de marketing par courriel en s\u00e9lectionnant \u00ab\u00a0g\u00e9rer les pr\u00e9f\u00e9rences\u00a0\u00bb au bas de chaque lettre d&rsquo;information que nous envoyons. Si, \u00e0 un moment donn\u00e9, vous changez d&rsquo;avis et n&rsquo;\u00eates pas satisfait de continuer \u00e0 avoir vos coordonn\u00e9es dans notre syst\u00e8me, vous avez le droit de vous d\u00e9sabonner de notre marketing par courriel et de supprimer toutes les donn\u00e9es personnelles que nous avons stock\u00e9es. Sur demande, nous supprimerons tous les dossiers que vous<br \/>exiger.<\/p>\n<p>Veuillez nous contacter \u00e0 l&rsquo;adresse suivante : info@gojuteinternational.co.uk<\/p>\n<p><strong>Vos droits dans le cadre du GDPR<\/strong><\/p>\n<p>Le r\u00e8glement g\u00e9n\u00e9ral sur la protection des donn\u00e9es (RGPD) (r\u00e8glement (UE)2016\/679) vous prot\u00e8ge, vous et vos donn\u00e9es.<\/p>\n<p>Pour en savoir plus sur le GDPR, consultez le site web du commissaire \u00e0 l&rsquo;information.<\/p>\n<p><strong>Politique en mati\u00e8re de cookies<\/strong><\/p>\n<p>Pour que notre site fonctionne correctement, nous pla\u00e7ons parfois de petits fichiers de donn\u00e9es appel\u00e9s cookies sur votre appareil. La plupart des sites web le font.<\/p>\n<p>Que sont les cookies ?<\/p>\n<p>Un cookie est un petit fichier texte qu&rsquo;un site web enregistre sur votre ordinateur ou votre appareil mobile lorsque vous visitez le site. Il permet au site web de se souvenir de vos actions et de vos pr\u00e9f\u00e9rences (telles que la connexion, la langue, la taille de la police et d&rsquo;autres pr\u00e9f\u00e9rences d&rsquo;affichage) pendant un certain temps, afin que vous n&rsquo;ayez pas \u00e0 les saisir \u00e0 nouveau chaque fois que vous revenez sur le site ou que vous naviguez d&rsquo;une page \u00e0 l&rsquo;autre.<\/p>\n<p>Comment utilisons-nous les cookies ?<\/p>\n<p>Nous utilisons une gamme de diff\u00e9rents cookies pour nous assurer que vous avez une bonne exp\u00e9rience d&rsquo;utilisateur lorsque vous visitez gojute.co.uk. Vous trouverez ci-dessous un aper\u00e7u des types de cookies que nous utilisons.<\/p>\n<p>Cookies de performance du site<\/p>\n<p>Ce type de cookie m\u00e9morise vos pr\u00e9f\u00e9rences pour les outils trouv\u00e9s sur notre site web, de sorte que vous n&rsquo;avez pas \u00e0 les red\u00e9finir \u00e0 chaque visite.<\/p>\n<p>Cookies d&rsquo;analyse<\/p>\n<p>Ces cookies peuvent nous indiquer si vous avez d\u00e9j\u00e0 visit\u00e9 le site. Votre navigateur nous dira si vous avez ces cookies et, si ce n&rsquo;est pas le cas, nous en g\u00e9n\u00e9rons de nouveaux. Cela nous permet de surveiller la fa\u00e7on dont les clients utilisent notre site et nous aide \u00e0 am\u00e9liorer votre exp\u00e9rience.<\/p>\n<p>Cookies de marketing<\/p>\n<p>Ces cookies nous permettent de suivre le succ\u00e8s de nos campagnes de marketing. Par exemple, cela nous permet de voir les donn\u00e9es statistiques qui montrent comment nos campagnes de marketing ont entra\u00een\u00e9 une augmentation du trafic ou des ventes.<\/p>\n<p>Cookies de tiers<\/p>\n<p>Les seuls cookies que nous utilisons qui ne proviennent pas de GoJute sont \u00e9num\u00e9r\u00e9s ci-dessous.<\/p>\n<p>Google Analytics<\/p>\n<p>Ces cookies tiers nous permettent d&rsquo;\u00e9valuer les performances de notre site et de trouver de nouveaux moyens d&rsquo;am\u00e9liorer votre exp\u00e9rience.<\/p>\n<p>Contr\u00f4le des cookies<\/p>\n<p>Pour ne plus accepter les cookies de notre site, il vous suffit de cliquer sur \u00ab\u00a0cookies\u00a0\u00bb dans le coin inf\u00e9rieur gauche de n&rsquo;importe quelle page et de s\u00e9lectionner \u00ab\u00a0refuser\u00a0\u00bb. Vous pouvez \u00e9galement contr\u00f4ler et\/ou supprimer les cookies par l&rsquo;interm\u00e9diaire de votre navigateur &#8211; Pour en savoir plus, consultez le site aboutcookies.org. Vous pouvez supprimer tous les cookies qui se trouvent d\u00e9j\u00e0 sur votre ordinateur et vous pouvez param\u00e9trer la plupart des navigateurs pour qu&rsquo;ils ne soient pas plac\u00e9s. Toutefois, si vous le faites, il se peut que vous deviez ajuster manuellement certaines pr\u00e9f\u00e9rences chaque fois que vous visitez un site et que certains services et fonctionnalit\u00e9s ne fonctionnent pas.<\/p>\n<p><strong>Liens vers d&rsquo;autres sites web<\/strong><\/p>\n<p>Notre site web peut contenir des liens vers d&rsquo;autres sites web int\u00e9ressants. Toutefois, une fois que vous avez utilis\u00e9 ces liens pour quitter notre site, vous devez savoir que nous n&rsquo;avons aucun contr\u00f4le sur cet autre site web. Par cons\u00e9quent, nous ne pouvons pas \u00eatre responsables de la protection et de la confidentialit\u00e9 des informations que vous fournissez lorsque vous visitez ces sites et ces sites ne sont pas r\u00e9gis par la pr\u00e9sente d\u00e9claration de confidentialit\u00e9.<\/p>\n<p>Vous devez faire preuve de prudence et consulter la d\u00e9claration de confidentialit\u00e9 applicable au site web en question.<\/p>\n<p><strong>Enregistrement aupr\u00e8s du commissaire \u00e0 l&rsquo;information<\/strong><\/p>\n<p>GoJute Ltd est enregistr\u00e9 en tant que contr\u00f4leur de donn\u00e9es aupr\u00e8s du Commissaire \u00e0 l&rsquo;information. Il s&rsquo;agit d&rsquo;une obligation l\u00e9gale au Royaume-Uni pour les organisations qui traitent des donn\u00e9es personnelles.<\/p>\n<p>Vous pouvez trouver notre enregistrement ici : https:\/\/ico.org.uk\/esdwebpages\/search en recherchant GoJute Ltd.<\/p>\n<p>Ressources et informations compl\u00e9mentaires<br \/>Loi sur la protection des donn\u00e9es de 1998<br \/>R\u00e8glement sur la vie priv\u00e9e et les communications \u00e9lectroniques de 2003<br \/>R\u00e8glement sur la vie priv\u00e9e et les communications \u00e9lectroniques de 2003 &#8211; Le guide<br \/>Politique de confidentialit\u00e9 de Twitter<br \/>Politique de confidentialit\u00e9 de Facebook<br \/>R\u00e8gles de confidentialit\u00e9 de Google<br \/>Politique de confidentialit\u00e9 de Linkedin<br \/>Politique de confidentialit\u00e9 de Mailchimp<br \/>Nous contacter<\/p>\n<p>Si vous avez des questions concernant notre politique de protection de la vie priv\u00e9e, veuillez contacter info@gojuteinternational.co.uk<\/p>\n\t\t\t\t\t\t<\/div>\n\t\t\t\t<\/div>\n\t\t\t\t\t<\/div>\n\t\t<\/div>\n\t\t\t\t\t\t\t<\/div>\n\t\t<\/section>\n\t\t\t\t\t\t\t<\/div>\n\t\t","protected":false},"excerpt":{"rendered":"<p>Privacy Policy This policy sets out how we use and protect your information when you visit this website GoJute is committed to ensuring that your privacy is protected. Should we ask you to provide certain information by which you can be identified when using this website, then you can be assured that it will only [&hellip;]<\/p>\n","protected":false},"author":6996,"featured_media":0,"parent":34648,"menu_order":0,"comment_status":"closed","ping_status":"closed","template":"","meta":{"content-type":"","_monsterinsights_skip_tracking":false,"_monsterinsights_sitenote_active":false,"_monsterinsights_sitenote_note":"","_monsterinsights_sitenote_category":0,"footnotes":""},"class_list":["post-34652","page","type-page","status-publish","hentry"],"yoast_head":"<!-- This site is optimized with the Yoast SEO plugin v21.7 - https:\/\/yoast.com\/wordpress\/plugins\/seo\/ -->\n<title>Politique de confidentialit\u00e9 - GoJute International<\/title>\n<meta name=\"description\" content=\"Il s&#039;agit de la politique de confidentialit\u00e9 de GoJute, o\u00f9 nous expliquons comment nous collectons, traitons, stockons et utilisons vos informations personnelles conform\u00e9ment au GDPR.\" \/>\n<meta name=\"robots\" content=\"index, follow, max-snippet:-1, max-image-preview:large, max-video-preview:-1\" \/>\n<link rel=\"canonical\" href=\"https:\/\/gojuteinternational.com\/fr\/a-propos-de-nous\/politique-de-confidentialite\/\" \/>\n<meta property=\"og:locale\" content=\"fr_FR\" \/>\n<meta property=\"og:type\" content=\"article\" \/>\n<meta property=\"og:title\" content=\"Politique de confidentialit\u00e9 - GoJute International\" \/>\n<meta property=\"og:description\" content=\"Il s&#039;agit de la politique de confidentialit\u00e9 de GoJute, o\u00f9 nous expliquons comment nous collectons, traitons, stockons et utilisons vos informations personnelles conform\u00e9ment au GDPR.\" \/>\n<meta property=\"og:url\" content=\"https:\/\/gojuteinternational.com\/fr\/a-propos-de-nous\/politique-de-confidentialite\/\" \/>\n<meta property=\"og:site_name\" content=\"GoJute International\" \/>\n<meta property=\"article:publisher\" content=\"https:\/\/www.facebook.com\/gojute\" \/>\n<meta property=\"article:modified_time\" content=\"2024-01-08T16:34:33+00:00\" \/>\n<meta name=\"twitter:card\" content=\"summary_large_image\" \/>\n<meta name=\"twitter:label1\" content=\"Dur\u00e9e de lecture estim\u00e9e\" \/>\n\t<meta name=\"twitter:data1\" content=\"6 minutes\" \/>\n<script type=\"application\/ld+json\" class=\"yoast-schema-graph\">{\"@context\":\"https:\/\/schema.org\",\"@graph\":[{\"@type\":\"WebPage\",\"@id\":\"https:\/\/gojuteinternational.com\/fr\/a-propos-de-nous\/politique-de-confidentialite\/\",\"url\":\"https:\/\/gojuteinternational.com\/fr\/a-propos-de-nous\/politique-de-confidentialite\/\",\"name\":\"Politique de confidentialit\u00e9 - GoJute International\",\"isPartOf\":{\"@id\":\"https:\/\/gojuteinternational.com\/fr\/#website\"},\"datePublished\":\"2022-04-05T09:19:12+00:00\",\"dateModified\":\"2024-01-08T16:34:33+00:00\",\"description\":\"Il s'agit de la politique de confidentialit\u00e9 de GoJute, o\u00f9 nous expliquons comment nous collectons, traitons, stockons et utilisons vos informations personnelles conform\u00e9ment au GDPR.\",\"breadcrumb\":{\"@id\":\"https:\/\/gojuteinternational.com\/fr\/a-propos-de-nous\/politique-de-confidentialite\/#breadcrumb\"},\"inLanguage\":\"fr-FR\",\"potentialAction\":[{\"@type\":\"ReadAction\",\"target\":[\"https:\/\/gojuteinternational.com\/fr\/a-propos-de-nous\/politique-de-confidentialite\/\"]}]},{\"@type\":\"BreadcrumbList\",\"@id\":\"https:\/\/gojuteinternational.com\/fr\/a-propos-de-nous\/politique-de-confidentialite\/#breadcrumb\",\"itemListElement\":[{\"@type\":\"ListItem\",\"position\":1,\"name\":\"Home\",\"item\":\"https:\/\/gojuteinternational.com\/fr\/\"},{\"@type\":\"ListItem\",\"position\":2,\"name\":\"\u00c0 propos de GoJute\",\"item\":\"https:\/\/gojuteinternational.com\/fr\/about-gojute\/\"},{\"@type\":\"ListItem\",\"position\":3,\"name\":\"Politique de confidentialit\u00e9\"}]},{\"@type\":\"WebSite\",\"@id\":\"https:\/\/gojuteinternational.com\/fr\/#website\",\"url\":\"https:\/\/gojuteinternational.com\/fr\/\",\"name\":\"GoJute International\",\"description\":\"Printed bags for business\",\"publisher\":{\"@id\":\"https:\/\/gojuteinternational.com\/fr\/#organization\"},\"alternateName\":\"GoJute\",\"potentialAction\":[{\"@type\":\"SearchAction\",\"target\":{\"@type\":\"EntryPoint\",\"urlTemplate\":\"https:\/\/gojuteinternational.com\/fr\/?s={search_term_string}\"},\"query-input\":\"required name=search_term_string\"}],\"inLanguage\":\"fr-FR\"},{\"@type\":\"Organization\",\"@id\":\"https:\/\/gojuteinternational.com\/fr\/#organization\",\"name\":\"GoJute International\",\"alternateName\":\"GoJute\",\"url\":\"https:\/\/gojuteinternational.com\/fr\/\",\"logo\":{\"@type\":\"ImageObject\",\"inLanguage\":\"fr-FR\",\"@id\":\"https:\/\/gojuteinternational.com\/fr\/#\/schema\/logo\/image\/\",\"url\":\"https:\/\/gojuteinternational.com\/wp-content\/uploads\/2022\/06\/GoJute-Logo-RGB.png\",\"contentUrl\":\"https:\/\/gojuteinternational.com\/wp-content\/uploads\/2022\/06\/GoJute-Logo-RGB.png\",\"width\":2000,\"height\":1809,\"caption\":\"GoJute International\"},\"image\":{\"@id\":\"https:\/\/gojuteinternational.com\/fr\/#\/schema\/logo\/image\/\"},\"sameAs\":[\"https:\/\/www.facebook.com\/gojute\",\"https:\/\/www.instagram.com\/gojute\/\"]}]}<\/script>\n<!-- \/ Yoast SEO plugin. -->","yoast_head_json":{"title":"Politique de confidentialit\u00e9 - GoJute International","description":"Il s'agit de la politique de confidentialit\u00e9 de GoJute, o\u00f9 nous expliquons comment nous collectons, traitons, stockons et utilisons vos informations personnelles conform\u00e9ment au GDPR.","robots":{"index":"index","follow":"follow","max-snippet":"max-snippet:-1","max-image-preview":"max-image-preview:large","max-video-preview":"max-video-preview:-1"},"canonical":"https:\/\/gojuteinternational.com\/fr\/a-propos-de-nous\/politique-de-confidentialite\/","og_locale":"fr_FR","og_type":"article","og_title":"Politique de confidentialit\u00e9 - GoJute International","og_description":"Il s'agit de la politique de confidentialit\u00e9 de GoJute, o\u00f9 nous expliquons comment nous collectons, traitons, stockons et utilisons vos informations personnelles conform\u00e9ment au GDPR.","og_url":"https:\/\/gojuteinternational.com\/fr\/a-propos-de-nous\/politique-de-confidentialite\/","og_site_name":"GoJute International","article_publisher":"https:\/\/www.facebook.com\/gojute","article_modified_time":"2024-01-08T16:34:33+00:00","twitter_card":"summary_large_image","twitter_misc":{"Dur\u00e9e de lecture estim\u00e9e":"6 minutes"},"schema":{"@context":"https:\/\/schema.org","@graph":[{"@type":"WebPage","@id":"https:\/\/gojuteinternational.com\/fr\/a-propos-de-nous\/politique-de-confidentialite\/","url":"https:\/\/gojuteinternational.com\/fr\/a-propos-de-nous\/politique-de-confidentialite\/","name":"Politique de confidentialit\u00e9 - GoJute International","isPartOf":{"@id":"https:\/\/gojuteinternational.com\/fr\/#website"},"datePublished":"2022-04-05T09:19:12+00:00","dateModified":"2024-01-08T16:34:33+00:00","description":"Il s'agit de la politique de confidentialit\u00e9 de GoJute, o\u00f9 nous expliquons comment nous collectons, traitons, stockons et utilisons vos informations personnelles conform\u00e9ment au GDPR.","breadcrumb":{"@id":"https:\/\/gojuteinternational.com\/fr\/a-propos-de-nous\/politique-de-confidentialite\/#breadcrumb"},"inLanguage":"fr-FR","potentialAction":[{"@type":"ReadAction","target":["https:\/\/gojuteinternational.com\/fr\/a-propos-de-nous\/politique-de-confidentialite\/"]}]},{"@type":"BreadcrumbList","@id":"https:\/\/gojuteinternational.com\/fr\/a-propos-de-nous\/politique-de-confidentialite\/#breadcrumb","itemListElement":[{"@type":"ListItem","position":1,"name":"Home","item":"https:\/\/gojuteinternational.com\/fr\/"},{"@type":"ListItem","position":2,"name":"\u00c0 propos de GoJute","item":"https:\/\/gojuteinternational.com\/fr\/about-gojute\/"},{"@type":"ListItem","position":3,"name":"Politique de confidentialit\u00e9"}]},{"@type":"WebSite","@id":"https:\/\/gojuteinternational.com\/fr\/#website","url":"https:\/\/gojuteinternational.com\/fr\/","name":"GoJute International","description":"Printed bags for business","publisher":{"@id":"https:\/\/gojuteinternational.com\/fr\/#organization"},"alternateName":"GoJute","potentialAction":[{"@type":"SearchAction","target":{"@type":"EntryPoint","urlTemplate":"https:\/\/gojuteinternational.com\/fr\/?s={search_term_string}"},"query-input":"required name=search_term_string"}],"inLanguage":"fr-FR"},{"@type":"Organization","@id":"https:\/\/gojuteinternational.com\/fr\/#organization","name":"GoJute International","alternateName":"GoJute","url":"https:\/\/gojuteinternational.com\/fr\/","logo":{"@type":"ImageObject","inLanguage":"fr-FR","@id":"https:\/\/gojuteinternational.com\/fr\/#\/schema\/logo\/image\/","url":"https:\/\/gojuteinternational.com\/wp-content\/uploads\/2022\/06\/GoJute-Logo-RGB.png","contentUrl":"https:\/\/gojuteinternational.com\/wp-content\/uploads\/2022\/06\/GoJute-Logo-RGB.png","width":2000,"height":1809,"caption":"GoJute International"},"image":{"@id":"https:\/\/gojuteinternational.com\/fr\/#\/schema\/logo\/image\/"},"sameAs":["https:\/\/www.facebook.com\/gojute","https:\/\/www.instagram.com\/gojute\/"]}]}},"_links":{"self":[{"href":"https:\/\/gojuteinternational.com\/fr\/wp-json\/wp\/v2\/pages\/34652","targetHints":{"allow":["GET"]}}],"collection":[{"href":"https:\/\/gojuteinternational.com\/fr\/wp-json\/wp\/v2\/pages"}],"about":[{"href":"https:\/\/gojuteinternational.com\/fr\/wp-json\/wp\/v2\/types\/page"}],"author":[{"embeddable":true,"href":"https:\/\/gojuteinternational.com\/fr\/wp-json\/wp\/v2\/users\/6996"}],"replies":[{"embeddable":true,"href":"https:\/\/gojuteinternational.com\/fr\/wp-json\/wp\/v2\/comments?post=34652"}],"version-history":[{"count":11,"href":"https:\/\/gojuteinternational.com\/fr\/wp-json\/wp\/v2\/pages\/34652\/revisions"}],"predecessor-version":[{"id":79797,"href":"https:\/\/gojuteinternational.com\/fr\/wp-json\/wp\/v2\/pages\/34652\/revisions\/79797"}],"up":[{"embeddable":true,"href":"https:\/\/gojuteinternational.com\/fr\/wp-json\/wp\/v2\/pages\/34648"}],"wp:attachment":[{"href":"https:\/\/gojuteinternational.com\/fr\/wp-json\/wp\/v2\/media?parent=34652"}],"curies":[{"name":"wp","href":"https:\/\/api.w.org\/{rel}","templated":true}]}}