{"id":39879,"date":"2022-11-25T14:09:08","date_gmt":"2022-11-25T13:09:08","guid":{"rendered":"https:\/\/gojuteinternational.com\/etudes-de-cas\/etudes-de-cas-francais\/"},"modified":"2025-05-14T12:58:09","modified_gmt":"2025-05-14T11:58:09","slug":"francais","status":"publish","type":"page","link":"https:\/\/gojuteinternational.com\/fr\/etudes-de-cas\/francais\/","title":{"rendered":"\u00c9tudes de cas sur les sacs de marque : Fran\u00e7ais"},"content":{"rendered":"\t\t<div data-elementor-type=\"wp-page\" data-elementor-id=\"39879\" class=\"elementor elementor-39879 elementor-39865\" data-elementor-post-type=\"page\">\n\t\t\t\t\t\t\t\t\t<section class=\"elementor-section elementor-top-section elementor-element elementor-element-6bddc8e elementor-section-boxed elementor-section-height-default elementor-section-height-default\" data-id=\"6bddc8e\" data-element_type=\"section\" data-settings=\"{&quot;background_background&quot;:&quot;classic&quot;,&quot;shape_divider_bottom&quot;:&quot;tilt&quot;}\">\n\t\t\t\t\t<div class=\"elementor-shape elementor-shape-bottom\" data-negative=\"false\">\n\t\t\t<svg xmlns=\"http:\/\/www.w3.org\/2000\/svg\" viewBox=\"0 0 1000 100\" preserveAspectRatio=\"none\">\n\t<path class=\"elementor-shape-fill\" d=\"M0,6V0h1000v100L0,6z\"\/>\n<\/svg>\t\t<\/div>\n\t\t\t\t\t<div class=\"elementor-container elementor-column-gap-default\">\n\t\t\t\t\t<div class=\"elementor-column elementor-col-100 elementor-top-column elementor-element elementor-element-5bb4ece\" data-id=\"5bb4ece\" data-element_type=\"column\">\n\t\t\t<div class=\"elementor-widget-wrap elementor-element-populated\">\n\t\t\t\t\t\t\t\t<div class=\"elementor-element elementor-element-2c00f23 elementor-widget elementor-widget-heading\" data-id=\"2c00f23\" data-element_type=\"widget\" data-widget_type=\"heading.default\">\n\t\t\t\t<div class=\"elementor-widget-container\">\n\t\t\t<style>\/*! elementor - v3.18.0 - 20-12-2023 *\/\n.elementor-heading-title{padding:0;margin:0;line-height:1}.elementor-widget-heading .elementor-heading-title[class*=elementor-size-]>a{color:inherit;font-size:inherit;line-height:inherit}.elementor-widget-heading .elementor-heading-title.elementor-size-small{font-size:15px}.elementor-widget-heading .elementor-heading-title.elementor-size-medium{font-size:19px}.elementor-widget-heading .elementor-heading-title.elementor-size-large{font-size:29px}.elementor-widget-heading .elementor-heading-title.elementor-size-xl{font-size:39px}.elementor-widget-heading .elementor-heading-title.elementor-size-xxl{font-size:59px}<\/style><h2 class=\"elementor-heading-title elementor-size-default\">Les \u00e9tudes de cas<\/h2>\t\t<\/div>\n\t\t\t\t<\/div>\n\t\t\t\t<div class=\"elementor-element elementor-element-efa7633 elementor-widget elementor-widget-heading\" data-id=\"efa7633\" data-element_type=\"widget\" data-widget_type=\"heading.default\">\n\t\t\t\t<div class=\"elementor-widget-container\">\n\t\t\t<h2 class=\"elementor-heading-title elementor-size-default\">Laissez-vous inspirer par les campagnes cr\u00e9atives de nos clients<\/h2>\t\t<\/div>\n\t\t\t\t<\/div>\n\t\t\t\t\t<\/div>\n\t\t<\/div>\n\t\t\t\t\t\t\t<\/div>\n\t\t<\/section>\n\t\t\t\t<section class=\"elementor-section elementor-top-section elementor-element elementor-element-94019f5 elementor-section-boxed elementor-section-height-default elementor-section-height-default\" data-id=\"94019f5\" data-element_type=\"section\">\n\t\t\t\t\t\t<div class=\"elementor-container elementor-column-gap-default\">\n\t\t\t\t\t<div class=\"elementor-column elementor-col-100 elementor-top-column elementor-element elementor-element-40bc96f\" data-id=\"40bc96f\" data-element_type=\"column\">\n\t\t\t<div class=\"elementor-widget-wrap elementor-element-populated\">\n\t\t\t\t\t\t\t\t\t<\/div>\n\t\t<\/div>\n\t\t\t\t\t\t\t<\/div>\n\t\t<\/section>\n\t\t\t\t\t\t\t<\/div>\n\t\t","protected":false},"excerpt":{"rendered":"<p>Les \u00e9tudes de cas Laissez-vous inspirer par les campagnes cr\u00e9atives de nos clients<\/p>\n","protected":false},"author":6996,"featured_media":0,"parent":34639,"menu_order":5,"comment_status":"closed","ping_status":"closed","template":"","meta":{"content-type":"","_monsterinsights_skip_tracking":false,"_monsterinsights_sitenote_active":false,"_monsterinsights_sitenote_note":"","_monsterinsights_sitenote_category":0,"footnotes":""},"class_list":["post-39879","page","type-page","status-publish","hentry"],"yoast_head":"<!-- This site is optimized with the Yoast SEO plugin v21.7 - https:\/\/yoast.com\/wordpress\/plugins\/seo\/ -->\n<title>\u00c9tudes de cas sur les sacs de marque : Fran\u00e7ais - GoJute International<\/title>\n<meta name=\"description\" content=\"D\u00e9couvrez comment les supermarch\u00e9s, les pharmacies, les d\u00e9taillants et les prestataires d&#039;h\u00e9bergement de vacances fran\u00e7ais utilisent des sacs durables et \u00e9cologiques dans leur marketing.\" \/>\n<meta name=\"robots\" content=\"index, follow, max-snippet:-1, max-image-preview:large, max-video-preview:-1\" \/>\n<link rel=\"canonical\" href=\"https:\/\/gojuteinternational.com\/fr\/etudes-de-cas\/francais\/\" \/>\n<meta property=\"og:locale\" content=\"fr_FR\" \/>\n<meta property=\"og:type\" content=\"article\" \/>\n<meta property=\"og:title\" content=\"\u00c9tudes de cas sur les sacs de marque : Fran\u00e7ais - GoJute International\" \/>\n<meta property=\"og:description\" content=\"D\u00e9couvrez comment les supermarch\u00e9s, les pharmacies, les d\u00e9taillants et les prestataires d&#039;h\u00e9bergement de vacances fran\u00e7ais utilisent des sacs durables et \u00e9cologiques dans leur marketing.\" \/>\n<meta property=\"og:url\" content=\"https:\/\/gojuteinternational.com\/fr\/etudes-de-cas\/francais\/\" \/>\n<meta property=\"og:site_name\" content=\"GoJute International\" \/>\n<meta property=\"article:publisher\" content=\"https:\/\/www.facebook.com\/gojute\" \/>\n<meta property=\"article:modified_time\" content=\"2025-05-14T11:58:09+00:00\" \/>\n<meta name=\"twitter:card\" content=\"summary_large_image\" \/>\n<meta name=\"twitter:label1\" content=\"Dur\u00e9e de lecture estim\u00e9e\" \/>\n\t<meta name=\"twitter:data1\" content=\"2 minutes\" \/>\n<script type=\"application\/ld+json\" class=\"yoast-schema-graph\">{\"@context\":\"https:\/\/schema.org\",\"@graph\":[{\"@type\":\"WebPage\",\"@id\":\"https:\/\/gojuteinternational.com\/fr\/etudes-de-cas\/francais\/\",\"url\":\"https:\/\/gojuteinternational.com\/fr\/etudes-de-cas\/francais\/\",\"name\":\"\u00c9tudes de cas sur les sacs de marque : Fran\u00e7ais - GoJute International\",\"isPartOf\":{\"@id\":\"https:\/\/gojuteinternational.com\/fr\/#website\"},\"datePublished\":\"2022-11-25T13:09:08+00:00\",\"dateModified\":\"2025-05-14T11:58:09+00:00\",\"description\":\"D\u00e9couvrez comment les supermarch\u00e9s, les pharmacies, les d\u00e9taillants et les prestataires d'h\u00e9bergement de vacances fran\u00e7ais utilisent des sacs durables et \u00e9cologiques dans leur marketing.\",\"breadcrumb\":{\"@id\":\"https:\/\/gojuteinternational.com\/fr\/etudes-de-cas\/francais\/#breadcrumb\"},\"inLanguage\":\"fr-FR\",\"potentialAction\":[{\"@type\":\"ReadAction\",\"target\":[\"https:\/\/gojuteinternational.com\/fr\/etudes-de-cas\/francais\/\"]}]},{\"@type\":\"BreadcrumbList\",\"@id\":\"https:\/\/gojuteinternational.com\/fr\/etudes-de-cas\/francais\/#breadcrumb\",\"itemListElement\":[{\"@type\":\"ListItem\",\"position\":1,\"name\":\"Home\",\"item\":\"https:\/\/gojuteinternational.com\/fr\/\"},{\"@type\":\"ListItem\",\"position\":2,\"name\":\"\u00c9tudes de cas\",\"item\":\"https:\/\/gojuteinternational.com\/fr\/etudes-de-cas\/\"},{\"@type\":\"ListItem\",\"position\":3,\"name\":\"\u00c9tudes de cas sur les sacs de marque : Fran\u00e7ais\"}]},{\"@type\":\"WebSite\",\"@id\":\"https:\/\/gojuteinternational.com\/fr\/#website\",\"url\":\"https:\/\/gojuteinternational.com\/fr\/\",\"name\":\"GoJute International\",\"description\":\"Printed bags for business\",\"publisher\":{\"@id\":\"https:\/\/gojuteinternational.com\/fr\/#organization\"},\"alternateName\":\"GoJute\",\"potentialAction\":[{\"@type\":\"SearchAction\",\"target\":{\"@type\":\"EntryPoint\",\"urlTemplate\":\"https:\/\/gojuteinternational.com\/fr\/?s={search_term_string}\"},\"query-input\":\"required name=search_term_string\"}],\"inLanguage\":\"fr-FR\"},{\"@type\":\"Organization\",\"@id\":\"https:\/\/gojuteinternational.com\/fr\/#organization\",\"name\":\"GoJute International\",\"alternateName\":\"GoJute\",\"url\":\"https:\/\/gojuteinternational.com\/fr\/\",\"logo\":{\"@type\":\"ImageObject\",\"inLanguage\":\"fr-FR\",\"@id\":\"https:\/\/gojuteinternational.com\/fr\/#\/schema\/logo\/image\/\",\"url\":\"https:\/\/gojuteinternational.com\/wp-content\/uploads\/2022\/06\/GoJute-Logo-RGB.png\",\"contentUrl\":\"https:\/\/gojuteinternational.com\/wp-content\/uploads\/2022\/06\/GoJute-Logo-RGB.png\",\"width\":2000,\"height\":1809,\"caption\":\"GoJute International\"},\"image\":{\"@id\":\"https:\/\/gojuteinternational.com\/fr\/#\/schema\/logo\/image\/\"},\"sameAs\":[\"https:\/\/www.facebook.com\/gojute\",\"https:\/\/www.instagram.com\/gojute\/\"]}]}<\/script>\n<!-- \/ Yoast SEO plugin. -->","yoast_head_json":{"title":"\u00c9tudes de cas sur les sacs de marque : Fran\u00e7ais - GoJute International","description":"D\u00e9couvrez comment les supermarch\u00e9s, les pharmacies, les d\u00e9taillants et les prestataires d'h\u00e9bergement de vacances fran\u00e7ais utilisent des sacs durables et \u00e9cologiques dans leur marketing.","robots":{"index":"index","follow":"follow","max-snippet":"max-snippet:-1","max-image-preview":"max-image-preview:large","max-video-preview":"max-video-preview:-1"},"canonical":"https:\/\/gojuteinternational.com\/fr\/etudes-de-cas\/francais\/","og_locale":"fr_FR","og_type":"article","og_title":"\u00c9tudes de cas sur les sacs de marque : Fran\u00e7ais - GoJute International","og_description":"D\u00e9couvrez comment les supermarch\u00e9s, les pharmacies, les d\u00e9taillants et les prestataires d'h\u00e9bergement de vacances fran\u00e7ais utilisent des sacs durables et \u00e9cologiques dans leur marketing.","og_url":"https:\/\/gojuteinternational.com\/fr\/etudes-de-cas\/francais\/","og_site_name":"GoJute International","article_publisher":"https:\/\/www.facebook.com\/gojute","article_modified_time":"2025-05-14T11:58:09+00:00","twitter_card":"summary_large_image","twitter_misc":{"Dur\u00e9e de lecture estim\u00e9e":"2 minutes"},"schema":{"@context":"https:\/\/schema.org","@graph":[{"@type":"WebPage","@id":"https:\/\/gojuteinternational.com\/fr\/etudes-de-cas\/francais\/","url":"https:\/\/gojuteinternational.com\/fr\/etudes-de-cas\/francais\/","name":"\u00c9tudes de cas sur les sacs de marque : Fran\u00e7ais - GoJute International","isPartOf":{"@id":"https:\/\/gojuteinternational.com\/fr\/#website"},"datePublished":"2022-11-25T13:09:08+00:00","dateModified":"2025-05-14T11:58:09+00:00","description":"D\u00e9couvrez comment les supermarch\u00e9s, les pharmacies, les d\u00e9taillants et les prestataires d'h\u00e9bergement de vacances fran\u00e7ais utilisent des sacs durables et \u00e9cologiques dans leur marketing.","breadcrumb":{"@id":"https:\/\/gojuteinternational.com\/fr\/etudes-de-cas\/francais\/#breadcrumb"},"inLanguage":"fr-FR","potentialAction":[{"@type":"ReadAction","target":["https:\/\/gojuteinternational.com\/fr\/etudes-de-cas\/francais\/"]}]},{"@type":"BreadcrumbList","@id":"https:\/\/gojuteinternational.com\/fr\/etudes-de-cas\/francais\/#breadcrumb","itemListElement":[{"@type":"ListItem","position":1,"name":"Home","item":"https:\/\/gojuteinternational.com\/fr\/"},{"@type":"ListItem","position":2,"name":"\u00c9tudes de cas","item":"https:\/\/gojuteinternational.com\/fr\/etudes-de-cas\/"},{"@type":"ListItem","position":3,"name":"\u00c9tudes de cas sur les sacs de marque : Fran\u00e7ais"}]},{"@type":"WebSite","@id":"https:\/\/gojuteinternational.com\/fr\/#website","url":"https:\/\/gojuteinternational.com\/fr\/","name":"GoJute International","description":"Printed bags for business","publisher":{"@id":"https:\/\/gojuteinternational.com\/fr\/#organization"},"alternateName":"GoJute","potentialAction":[{"@type":"SearchAction","target":{"@type":"EntryPoint","urlTemplate":"https:\/\/gojuteinternational.com\/fr\/?s={search_term_string}"},"query-input":"required name=search_term_string"}],"inLanguage":"fr-FR"},{"@type":"Organization","@id":"https:\/\/gojuteinternational.com\/fr\/#organization","name":"GoJute International","alternateName":"GoJute","url":"https:\/\/gojuteinternational.com\/fr\/","logo":{"@type":"ImageObject","inLanguage":"fr-FR","@id":"https:\/\/gojuteinternational.com\/fr\/#\/schema\/logo\/image\/","url":"https:\/\/gojuteinternational.com\/wp-content\/uploads\/2022\/06\/GoJute-Logo-RGB.png","contentUrl":"https:\/\/gojuteinternational.com\/wp-content\/uploads\/2022\/06\/GoJute-Logo-RGB.png","width":2000,"height":1809,"caption":"GoJute International"},"image":{"@id":"https:\/\/gojuteinternational.com\/fr\/#\/schema\/logo\/image\/"},"sameAs":["https:\/\/www.facebook.com\/gojute","https:\/\/www.instagram.com\/gojute\/"]}]}},"_links":{"self":[{"href":"https:\/\/gojuteinternational.com\/fr\/wp-json\/wp\/v2\/pages\/39879","targetHints":{"allow":["GET"]}}],"collection":[{"href":"https:\/\/gojuteinternational.com\/fr\/wp-json\/wp\/v2\/pages"}],"about":[{"href":"https:\/\/gojuteinternational.com\/fr\/wp-json\/wp\/v2\/types\/page"}],"author":[{"embeddable":true,"href":"https:\/\/gojuteinternational.com\/fr\/wp-json\/wp\/v2\/users\/6996"}],"replies":[{"embeddable":true,"href":"https:\/\/gojuteinternational.com\/fr\/wp-json\/wp\/v2\/comments?post=39879"}],"version-history":[{"count":17,"href":"https:\/\/gojuteinternational.com\/fr\/wp-json\/wp\/v2\/pages\/39879\/revisions"}],"predecessor-version":[{"id":88109,"href":"https:\/\/gojuteinternational.com\/fr\/wp-json\/wp\/v2\/pages\/39879\/revisions\/88109"}],"up":[{"embeddable":true,"href":"https:\/\/gojuteinternational.com\/fr\/wp-json\/wp\/v2\/pages\/34639"}],"wp:attachment":[{"href":"https:\/\/gojuteinternational.com\/fr\/wp-json\/wp\/v2\/media?parent=39879"}],"curies":[{"name":"wp","href":"https:\/\/api.w.org\/{rel}","templated":true}]}}