{"id":53667,"date":"2023-08-04T09:59:40","date_gmt":"2023-08-04T08:59:40","guid":{"rendered":"https:\/\/gojuteinternational.com\/sacs-juco-imprimes\/"},"modified":"2025-05-14T12:51:38","modified_gmt":"2025-05-14T11:51:38","slug":"sacs-juco","status":"publish","type":"page","link":"https:\/\/gojuteinternational.com\/fr\/gamme-de-produits\/sacs-juco\/","title":{"rendered":"Sacs Juco"},"content":{"rendered":"\t\t<div data-elementor-type=\"wp-page\" data-elementor-id=\"53667\" class=\"elementor elementor-53667 elementor-53653\" data-elementor-post-type=\"page\">\n\t\t\t\t\t\t\t\t\t<section class=\"elementor-section elementor-top-section elementor-element elementor-element-f501934 elementor-section-boxed elementor-section-height-default elementor-section-height-default\" data-id=\"f501934\" data-element_type=\"section\" data-settings=\"{&quot;background_background&quot;:&quot;classic&quot;,&quot;shape_divider_bottom&quot;:&quot;tilt&quot;}\">\n\t\t\t\t\t<div class=\"elementor-shape elementor-shape-bottom\" data-negative=\"false\">\n\t\t\t<svg xmlns=\"http:\/\/www.w3.org\/2000\/svg\" viewBox=\"0 0 1000 100\" preserveAspectRatio=\"none\">\n\t<path class=\"elementor-shape-fill\" d=\"M0,6V0h1000v100L0,6z\"\/>\n<\/svg>\t\t<\/div>\n\t\t\t\t\t<div class=\"elementor-container elementor-column-gap-default\">\n\t\t\t\t\t<div class=\"elementor-column elementor-col-100 elementor-top-column elementor-element elementor-element-16eb7a7\" data-id=\"16eb7a7\" data-element_type=\"column\">\n\t\t\t<div class=\"elementor-widget-wrap elementor-element-populated\">\n\t\t\t\t\t\t\t\t<div class=\"elementor-element elementor-element-33a6b3a elementor-widget elementor-widget-heading\" data-id=\"33a6b3a\" data-element_type=\"widget\" data-widget_type=\"heading.default\">\n\t\t\t\t<div class=\"elementor-widget-container\">\n\t\t\t<style>\/*! elementor - v3.18.0 - 20-12-2023 *\/\n.elementor-heading-title{padding:0;margin:0;line-height:1}.elementor-widget-heading .elementor-heading-title[class*=elementor-size-]>a{color:inherit;font-size:inherit;line-height:inherit}.elementor-widget-heading .elementor-heading-title.elementor-size-small{font-size:15px}.elementor-widget-heading .elementor-heading-title.elementor-size-medium{font-size:19px}.elementor-widget-heading .elementor-heading-title.elementor-size-large{font-size:29px}.elementor-widget-heading .elementor-heading-title.elementor-size-xl{font-size:39px}.elementor-widget-heading .elementor-heading-title.elementor-size-xxl{font-size:59px}<\/style><h2 class=\"elementor-heading-title elementor-size-default\">Sacs juco<\/h2>\t\t<\/div>\n\t\t\t\t<\/div>\n\t\t\t\t<section class=\"elementor-section elementor-inner-section elementor-element elementor-element-3e11a23 elementor-section-boxed elementor-section-height-default elementor-section-height-default\" data-id=\"3e11a23\" data-element_type=\"section\">\n\t\t\t\t\t\t<div class=\"elementor-container elementor-column-gap-default\">\n\t\t\t\t\t<div class=\"elementor-column elementor-col-25 elementor-inner-column elementor-element elementor-element-da9d21a\" data-id=\"da9d21a\" data-element_type=\"column\">\n\t\t\t<div class=\"elementor-widget-wrap\">\n\t\t\t\t\t\t\t\t\t<\/div>\n\t\t<\/div>\n\t\t\t\t<div class=\"elementor-column elementor-col-25 elementor-inner-column elementor-element elementor-element-ddf5607\" data-id=\"ddf5607\" data-element_type=\"column\">\n\t\t\t<div class=\"elementor-widget-wrap elementor-element-populated\">\n\t\t\t\t\t\t\t\t<div class=\"elementor-element elementor-element-6b805ed elementor-align-right elementor-mobile-align-center elementor-widget elementor-widget-button\" data-id=\"6b805ed\" data-element_type=\"widget\" data-widget_type=\"button.default\">\n\t\t\t\t<div class=\"elementor-widget-container\">\n\t\t\t\t\t<div class=\"elementor-button-wrapper\">\n\t\t\t<a class=\"elementor-button elementor-button-link elementor-size-sm elementor-animation-pulse\" href=\"https:\/\/gojuteinternational.com\/fr\/gamme-de-produits\/sacs-de-jute\/\">\n\t\t\t\t\t\t<span class=\"elementor-button-content-wrapper\">\n\t\t\t\t\t\t<span class=\"elementor-button-text\">Sacs en jute<\/span>\n\t\t<\/span>\n\t\t\t\t\t<\/a>\n\t\t<\/div>\n\t\t\t\t<\/div>\n\t\t\t\t<\/div>\n\t\t\t\t\t<\/div>\n\t\t<\/div>\n\t\t\t\t<div class=\"elementor-column elementor-col-25 elementor-inner-column elementor-element elementor-element-7e1c019\" data-id=\"7e1c019\" data-element_type=\"column\">\n\t\t\t<div class=\"elementor-widget-wrap elementor-element-populated\">\n\t\t\t\t\t\t\t\t<div class=\"elementor-element elementor-element-9be54b1 elementor-align-left elementor-mobile-align-center elementor-widget elementor-widget-button\" data-id=\"9be54b1\" data-element_type=\"widget\" data-widget_type=\"button.default\">\n\t\t\t\t<div class=\"elementor-widget-container\">\n\t\t\t\t\t<div class=\"elementor-button-wrapper\">\n\t\t\t<a class=\"elementor-button elementor-button-link elementor-size-sm elementor-animation-pulse\" href=\"https:\/\/gojuteinternational.com\/fr\/gamme-de-produits\/sacs-en-coton\/\">\n\t\t\t\t\t\t<span class=\"elementor-button-content-wrapper\">\n\t\t\t\t\t\t<span class=\"elementor-button-text\">Sacs en coton<\/span>\n\t\t<\/span>\n\t\t\t\t\t<\/a>\n\t\t<\/div>\n\t\t\t\t<\/div>\n\t\t\t\t<\/div>\n\t\t\t\t\t<\/div>\n\t\t<\/div>\n\t\t\t\t<div class=\"elementor-column elementor-col-25 elementor-inner-column elementor-element elementor-element-bf4c7a2\" data-id=\"bf4c7a2\" data-element_type=\"column\">\n\t\t\t<div class=\"elementor-widget-wrap elementor-element-populated\">\n\t\t\t\t\t\t\t\t<div class=\"elementor-element elementor-element-bfcdcf1 elementor-widget elementor-widget-html\" data-id=\"bfcdcf1\" data-element_type=\"widget\" data-widget_type=\"html.default\">\n\t\t\t\t<div class=\"elementor-widget-container\">\n\t\t\t<!-- Hotjar Tracking Code for GoJute International -->\n<script>\n    (function(h,o,t,j,a,r){\n        h.hj=h.hj||function(){(h.hj.q=h.hj.q||[]).push(arguments)};\n        h._hjSettings={hjid:3813496,hjsv:6};\n        a=o.getElementsByTagName('head')[0];\n        r=o.createElement('script');r.async=1;\n        r.src=t+h._hjSettings.hjid+j+h._hjSettings.hjsv;\n        a.appendChild(r);\n    })(window,document,'https:\/\/static.hotjar.com\/c\/hotjar-','.js?sv=');\n<\/script>\t\t<\/div>\n\t\t\t\t<\/div>\n\t\t\t\t\t<\/div>\n\t\t<\/div>\n\t\t\t\t\t\t\t<\/div>\n\t\t<\/section>\n\t\t\t\t\t<\/div>\n\t\t<\/div>\n\t\t\t\t\t\t\t<\/div>\n\t\t<\/section>\n\t\t\t\t<section class=\"elementor-section elementor-top-section elementor-element elementor-element-e268d07 elementor-section-boxed elementor-section-height-default elementor-section-height-default\" data-id=\"e268d07\" data-element_type=\"section\" data-settings=\"{&quot;background_background&quot;:&quot;classic&quot;}\">\n\t\t\t\t\t\t<div class=\"elementor-container elementor-column-gap-default\">\n\t\t\t\t\t<div class=\"elementor-column elementor-col-100 elementor-top-column elementor-element elementor-element-6b820fb\" data-id=\"6b820fb\" data-element_type=\"column\">\n\t\t\t<div class=\"elementor-widget-wrap elementor-element-populated\">\n\t\t\t\t\t\t\t\t\t<\/div>\n\t\t<\/div>\n\t\t\t\t\t\t\t<\/div>\n\t\t<\/section>\n\t\t\t\t\t\t\t<\/div>\n\t\t","protected":false},"excerpt":{"rendered":"<p>Sacs juco Sacs en jute Sacs en coton<\/p>\n","protected":false},"author":6996,"featured_media":52061,"parent":52937,"menu_order":3,"comment_status":"closed","ping_status":"closed","template":"","meta":{"content-type":"","_monsterinsights_skip_tracking":false,"_monsterinsights_sitenote_active":false,"_monsterinsights_sitenote_note":"","_monsterinsights_sitenote_category":0,"footnotes":""},"class_list":["post-53667","page","type-page","status-publish","has-post-thumbnail","hentry"],"yoast_head":"<!-- This site is optimized with the Yoast SEO plugin v21.7 - https:\/\/yoast.com\/wordpress\/plugins\/seo\/ -->\n<title>Sacs Juco | B2B Wholesale Juco Bags | Wholesale Juco Bags<\/title>\n<meta name=\"description\" content=\"Go Jute propose des sacs en juco qui vous permettent, en tant que marque, d&#039;adopter une mode respectueuse de l&#039;environnement sans faire de compromis sur le style ! Affichez votre marque avec fiert\u00e9 gr\u00e2ce \u00e0 nos sacs juco.\" \/>\n<meta name=\"robots\" content=\"index, follow, max-snippet:-1, max-image-preview:large, max-video-preview:-1\" \/>\n<link rel=\"canonical\" href=\"https:\/\/gojuteinternational.com\/fr\/gamme-de-produits\/sacs-juco\/\" \/>\n<meta property=\"og:locale\" content=\"fr_FR\" \/>\n<meta property=\"og:type\" content=\"article\" \/>\n<meta property=\"og:title\" content=\"Sacs Juco | B2B Wholesale Juco Bags | Wholesale Juco Bags\" \/>\n<meta property=\"og:description\" content=\"Go Jute propose des sacs en juco qui vous permettent, en tant que marque, d&#039;adopter une mode respectueuse de l&#039;environnement sans faire de compromis sur le style ! Affichez votre marque avec fiert\u00e9 gr\u00e2ce \u00e0 nos sacs juco.\" \/>\n<meta property=\"og:url\" content=\"https:\/\/gojuteinternational.com\/fr\/gamme-de-produits\/sacs-juco\/\" \/>\n<meta property=\"og:site_name\" content=\"GoJute International\" \/>\n<meta property=\"article:publisher\" content=\"https:\/\/www.facebook.com\/gojute\" \/>\n<meta property=\"article:modified_time\" content=\"2025-05-14T11:51:38+00:00\" \/>\n<meta property=\"og:image\" content=\"https:\/\/gojuteinternational.com\/wp-content\/uploads\/2023\/07\/Juco-Bag-product-category-20230713-133425-jpg.webp\" \/>\n\t<meta property=\"og:image:width\" content=\"1157\" \/>\n\t<meta property=\"og:image:height\" content=\"1200\" \/>\n\t<meta property=\"og:image:type\" content=\"image\/jpeg\" \/>\n<meta name=\"twitter:card\" content=\"summary_large_image\" \/>\n<meta name=\"twitter:label1\" content=\"Dur\u00e9e de lecture estim\u00e9e\" \/>\n\t<meta name=\"twitter:data1\" content=\"1 minute\" \/>\n<script type=\"application\/ld+json\" class=\"yoast-schema-graph\">{\"@context\":\"https:\/\/schema.org\",\"@graph\":[{\"@type\":\"WebPage\",\"@id\":\"https:\/\/gojuteinternational.com\/fr\/gamme-de-produits\/sacs-juco\/\",\"url\":\"https:\/\/gojuteinternational.com\/fr\/gamme-de-produits\/sacs-juco\/\",\"name\":\"Sacs Juco | B2B Wholesale Juco Bags | Wholesale Juco Bags\",\"isPartOf\":{\"@id\":\"https:\/\/gojuteinternational.com\/fr\/#website\"},\"datePublished\":\"2023-08-04T08:59:40+00:00\",\"dateModified\":\"2025-05-14T11:51:38+00:00\",\"description\":\"Go Jute propose des sacs en juco qui vous permettent, en tant que marque, d'adopter une mode respectueuse de l'environnement sans faire de compromis sur le style ! Affichez votre marque avec fiert\u00e9 gr\u00e2ce \u00e0 nos sacs juco.\",\"breadcrumb\":{\"@id\":\"https:\/\/gojuteinternational.com\/fr\/gamme-de-produits\/sacs-juco\/#breadcrumb\"},\"inLanguage\":\"fr-FR\",\"potentialAction\":[{\"@type\":\"ReadAction\",\"target\":[\"https:\/\/gojuteinternational.com\/fr\/gamme-de-produits\/sacs-juco\/\"]}]},{\"@type\":\"BreadcrumbList\",\"@id\":\"https:\/\/gojuteinternational.com\/fr\/gamme-de-produits\/sacs-juco\/#breadcrumb\",\"itemListElement\":[{\"@type\":\"ListItem\",\"position\":1,\"name\":\"Home\",\"item\":\"https:\/\/gojuteinternational.com\/fr\/\"},{\"@type\":\"ListItem\",\"position\":2,\"name\":\"Produits\",\"item\":\"https:\/\/gojuteinternational.com\/fr\/gama-de-productos\/\"},{\"@type\":\"ListItem\",\"position\":3,\"name\":\"Sacs Juco\"}]},{\"@type\":\"WebSite\",\"@id\":\"https:\/\/gojuteinternational.com\/fr\/#website\",\"url\":\"https:\/\/gojuteinternational.com\/fr\/\",\"name\":\"GoJute International\",\"description\":\"Printed bags for business\",\"publisher\":{\"@id\":\"https:\/\/gojuteinternational.com\/fr\/#organization\"},\"alternateName\":\"GoJute\",\"potentialAction\":[{\"@type\":\"SearchAction\",\"target\":{\"@type\":\"EntryPoint\",\"urlTemplate\":\"https:\/\/gojuteinternational.com\/fr\/?s={search_term_string}\"},\"query-input\":\"required name=search_term_string\"}],\"inLanguage\":\"fr-FR\"},{\"@type\":\"Organization\",\"@id\":\"https:\/\/gojuteinternational.com\/fr\/#organization\",\"name\":\"GoJute International\",\"alternateName\":\"GoJute\",\"url\":\"https:\/\/gojuteinternational.com\/fr\/\",\"logo\":{\"@type\":\"ImageObject\",\"inLanguage\":\"fr-FR\",\"@id\":\"https:\/\/gojuteinternational.com\/fr\/#\/schema\/logo\/image\/\",\"url\":\"https:\/\/gojuteinternational.com\/wp-content\/uploads\/2022\/06\/GoJute-Logo-RGB.png\",\"contentUrl\":\"https:\/\/gojuteinternational.com\/wp-content\/uploads\/2022\/06\/GoJute-Logo-RGB.png\",\"width\":2000,\"height\":1809,\"caption\":\"GoJute International\"},\"image\":{\"@id\":\"https:\/\/gojuteinternational.com\/fr\/#\/schema\/logo\/image\/\"},\"sameAs\":[\"https:\/\/www.facebook.com\/gojute\",\"https:\/\/www.instagram.com\/gojute\/\"]}]}<\/script>\n<!-- \/ Yoast SEO plugin. -->","yoast_head_json":{"title":"Sacs Juco | B2B Wholesale Juco Bags | Wholesale Juco Bags","description":"Go Jute propose des sacs en juco qui vous permettent, en tant que marque, d'adopter une mode respectueuse de l'environnement sans faire de compromis sur le style ! Affichez votre marque avec fiert\u00e9 gr\u00e2ce \u00e0 nos sacs juco.","robots":{"index":"index","follow":"follow","max-snippet":"max-snippet:-1","max-image-preview":"max-image-preview:large","max-video-preview":"max-video-preview:-1"},"canonical":"https:\/\/gojuteinternational.com\/fr\/gamme-de-produits\/sacs-juco\/","og_locale":"fr_FR","og_type":"article","og_title":"Sacs Juco | B2B Wholesale Juco Bags | Wholesale Juco Bags","og_description":"Go Jute propose des sacs en juco qui vous permettent, en tant que marque, d'adopter une mode respectueuse de l'environnement sans faire de compromis sur le style ! Affichez votre marque avec fiert\u00e9 gr\u00e2ce \u00e0 nos sacs juco.","og_url":"https:\/\/gojuteinternational.com\/fr\/gamme-de-produits\/sacs-juco\/","og_site_name":"GoJute International","article_publisher":"https:\/\/www.facebook.com\/gojute","article_modified_time":"2025-05-14T11:51:38+00:00","og_image":[{"width":1157,"height":1200,"url":"https:\/\/gojuteinternational.com\/wp-content\/uploads\/2023\/07\/Juco-Bag-product-category-20230713-133425-jpg.webp","type":"image\/jpeg"}],"twitter_card":"summary_large_image","twitter_misc":{"Dur\u00e9e de lecture estim\u00e9e":"1 minute"},"schema":{"@context":"https:\/\/schema.org","@graph":[{"@type":"WebPage","@id":"https:\/\/gojuteinternational.com\/fr\/gamme-de-produits\/sacs-juco\/","url":"https:\/\/gojuteinternational.com\/fr\/gamme-de-produits\/sacs-juco\/","name":"Sacs Juco | B2B Wholesale Juco Bags | Wholesale Juco Bags","isPartOf":{"@id":"https:\/\/gojuteinternational.com\/fr\/#website"},"datePublished":"2023-08-04T08:59:40+00:00","dateModified":"2025-05-14T11:51:38+00:00","description":"Go Jute propose des sacs en juco qui vous permettent, en tant que marque, d'adopter une mode respectueuse de l'environnement sans faire de compromis sur le style ! Affichez votre marque avec fiert\u00e9 gr\u00e2ce \u00e0 nos sacs juco.","breadcrumb":{"@id":"https:\/\/gojuteinternational.com\/fr\/gamme-de-produits\/sacs-juco\/#breadcrumb"},"inLanguage":"fr-FR","potentialAction":[{"@type":"ReadAction","target":["https:\/\/gojuteinternational.com\/fr\/gamme-de-produits\/sacs-juco\/"]}]},{"@type":"BreadcrumbList","@id":"https:\/\/gojuteinternational.com\/fr\/gamme-de-produits\/sacs-juco\/#breadcrumb","itemListElement":[{"@type":"ListItem","position":1,"name":"Home","item":"https:\/\/gojuteinternational.com\/fr\/"},{"@type":"ListItem","position":2,"name":"Produits","item":"https:\/\/gojuteinternational.com\/fr\/gama-de-productos\/"},{"@type":"ListItem","position":3,"name":"Sacs Juco"}]},{"@type":"WebSite","@id":"https:\/\/gojuteinternational.com\/fr\/#website","url":"https:\/\/gojuteinternational.com\/fr\/","name":"GoJute International","description":"Printed bags for business","publisher":{"@id":"https:\/\/gojuteinternational.com\/fr\/#organization"},"alternateName":"GoJute","potentialAction":[{"@type":"SearchAction","target":{"@type":"EntryPoint","urlTemplate":"https:\/\/gojuteinternational.com\/fr\/?s={search_term_string}"},"query-input":"required name=search_term_string"}],"inLanguage":"fr-FR"},{"@type":"Organization","@id":"https:\/\/gojuteinternational.com\/fr\/#organization","name":"GoJute International","alternateName":"GoJute","url":"https:\/\/gojuteinternational.com\/fr\/","logo":{"@type":"ImageObject","inLanguage":"fr-FR","@id":"https:\/\/gojuteinternational.com\/fr\/#\/schema\/logo\/image\/","url":"https:\/\/gojuteinternational.com\/wp-content\/uploads\/2022\/06\/GoJute-Logo-RGB.png","contentUrl":"https:\/\/gojuteinternational.com\/wp-content\/uploads\/2022\/06\/GoJute-Logo-RGB.png","width":2000,"height":1809,"caption":"GoJute International"},"image":{"@id":"https:\/\/gojuteinternational.com\/fr\/#\/schema\/logo\/image\/"},"sameAs":["https:\/\/www.facebook.com\/gojute","https:\/\/www.instagram.com\/gojute\/"]}]}},"_links":{"self":[{"href":"https:\/\/gojuteinternational.com\/fr\/wp-json\/wp\/v2\/pages\/53667","targetHints":{"allow":["GET"]}}],"collection":[{"href":"https:\/\/gojuteinternational.com\/fr\/wp-json\/wp\/v2\/pages"}],"about":[{"href":"https:\/\/gojuteinternational.com\/fr\/wp-json\/wp\/v2\/types\/page"}],"author":[{"embeddable":true,"href":"https:\/\/gojuteinternational.com\/fr\/wp-json\/wp\/v2\/users\/6996"}],"replies":[{"embeddable":true,"href":"https:\/\/gojuteinternational.com\/fr\/wp-json\/wp\/v2\/comments?post=53667"}],"version-history":[{"count":34,"href":"https:\/\/gojuteinternational.com\/fr\/wp-json\/wp\/v2\/pages\/53667\/revisions"}],"predecessor-version":[{"id":88090,"href":"https:\/\/gojuteinternational.com\/fr\/wp-json\/wp\/v2\/pages\/53667\/revisions\/88090"}],"up":[{"embeddable":true,"href":"https:\/\/gojuteinternational.com\/fr\/wp-json\/wp\/v2\/pages\/52937"}],"wp:featuredmedia":[{"embeddable":true,"href":"https:\/\/gojuteinternational.com\/fr\/wp-json\/wp\/v2\/media\/52061"}],"wp:attachment":[{"href":"https:\/\/gojuteinternational.com\/fr\/wp-json\/wp\/v2\/media?parent=53667"}],"curies":[{"name":"wp","href":"https:\/\/api.w.org\/{rel}","templated":true}]}}