{"id":85235,"date":"2025-02-11T12:10:27","date_gmt":"2025-02-11T11:10:27","guid":{"rendered":"https:\/\/gojuteinternational.com\/sustainability-certification\/"},"modified":"2025-02-11T12:20:08","modified_gmt":"2025-02-11T11:20:08","slug":"sustainability-certification","status":"publish","type":"page","link":"https:\/\/gojuteinternational.com\/fr\/sustainability-certification\/","title":{"rendered":"Durabilit\u00e9 et certification"},"content":{"rendered":"\t\t<div data-elementor-type=\"wp-page\" data-elementor-id=\"85235\" class=\"elementor elementor-85235 elementor-85233\" data-elementor-post-type=\"page\">\n\t\t\t\t\t\t\t\t\t<section class=\"elementor-section elementor-top-section elementor-element elementor-element-5570bb2 elementor-section-boxed elementor-section-height-default elementor-section-height-default\" data-id=\"5570bb2\" data-element_type=\"section\">\n\t\t\t\t\t\t<div class=\"elementor-container elementor-column-gap-default\">\n\t\t\t\t\t<div class=\"elementor-column elementor-col-100 elementor-top-column elementor-element elementor-element-65e25f7\" data-id=\"65e25f7\" data-element_type=\"column\">\n\t\t\t<div class=\"elementor-widget-wrap elementor-element-populated\">\n\t\t\t\t\t\t\t\t<div class=\"elementor-element elementor-element-1f615c3 elementor-widget elementor-widget-spacer\" data-id=\"1f615c3\" data-element_type=\"widget\" data-widget_type=\"spacer.default\">\n\t\t\t\t<div class=\"elementor-widget-container\">\n\t\t\t<style>\/*! elementor - v3.18.0 - 20-12-2023 *\/\n.elementor-column .elementor-spacer-inner{height:var(--spacer-size)}.e-con{--container-widget-width:100%}.e-con-inner>.elementor-widget-spacer,.e-con>.elementor-widget-spacer{width:var(--container-widget-width,var(--spacer-size));--align-self:var(--container-widget-align-self,initial);--flex-shrink:0}.e-con-inner>.elementor-widget-spacer>.elementor-widget-container,.e-con>.elementor-widget-spacer>.elementor-widget-container{height:100%;width:100%}.e-con-inner>.elementor-widget-spacer>.elementor-widget-container>.elementor-spacer,.e-con>.elementor-widget-spacer>.elementor-widget-container>.elementor-spacer{height:100%}.e-con-inner>.elementor-widget-spacer>.elementor-widget-container>.elementor-spacer>.elementor-spacer-inner,.e-con>.elementor-widget-spacer>.elementor-widget-container>.elementor-spacer>.elementor-spacer-inner{height:var(--container-widget-height,var(--spacer-size))}.e-con-inner>.elementor-widget-spacer.elementor-widget-empty,.e-con>.elementor-widget-spacer.elementor-widget-empty{position:relative;min-height:22px;min-width:22px}.e-con-inner>.elementor-widget-spacer.elementor-widget-empty .elementor-widget-empty-icon,.e-con>.elementor-widget-spacer.elementor-widget-empty .elementor-widget-empty-icon{position:absolute;top:0;bottom:0;left:0;right:0;margin:auto;padding:0;width:22px;height:22px}<\/style>\t\t<div class=\"elementor-spacer\">\n\t\t\t<div class=\"elementor-spacer-inner\"><\/div>\n\t\t<\/div>\n\t\t\t\t<\/div>\n\t\t\t\t<\/div>\n\t\t\t\t\t<\/div>\n\t\t<\/div>\n\t\t\t\t\t\t\t<\/div>\n\t\t<\/section>\n\t\t\t\t<section class=\"elementor-section elementor-top-section elementor-element elementor-element-9b8df9a elementor-section-boxed elementor-section-height-default elementor-section-height-default\" data-id=\"9b8df9a\" data-element_type=\"section\">\n\t\t\t\t\t\t<div class=\"elementor-container elementor-column-gap-default\">\n\t\t\t\t\t<div class=\"elementor-column elementor-col-100 elementor-top-column elementor-element elementor-element-cd20e83\" data-id=\"cd20e83\" data-element_type=\"column\">\n\t\t\t<div class=\"elementor-widget-wrap elementor-element-populated\">\n\t\t\t\t\t\t\t\t<div class=\"elementor-element elementor-element-a4f6cab elementor-widget elementor-widget-heading\" data-id=\"a4f6cab\" data-element_type=\"widget\" data-widget_type=\"heading.default\">\n\t\t\t\t<div class=\"elementor-widget-container\">\n\t\t\t<style>\/*! elementor - v3.18.0 - 20-12-2023 *\/\n.elementor-heading-title{padding:0;margin:0;line-height:1}.elementor-widget-heading .elementor-heading-title[class*=elementor-size-]>a{color:inherit;font-size:inherit;line-height:inherit}.elementor-widget-heading .elementor-heading-title.elementor-size-small{font-size:15px}.elementor-widget-heading .elementor-heading-title.elementor-size-medium{font-size:19px}.elementor-widget-heading .elementor-heading-title.elementor-size-large{font-size:29px}.elementor-widget-heading .elementor-heading-title.elementor-size-xl{font-size:39px}.elementor-widget-heading .elementor-heading-title.elementor-size-xxl{font-size:59px}<\/style><h1 class=\"elementor-heading-title elementor-size-default\"><p class=\"MsoNormal\"><span style=\"font-family:Montserrat;mso-fareast-font-family: Montserrat;mso-bidi-font-family:Montserrat\">Papier certifi\u00e9 FSC : Pourquoi c'est important\npour un emballage durable<o:p><\/o:p><\/span><\/p>\n\n<\/h1>\t\t<\/div>\n\t\t\t\t<\/div>\n\t\t\t\t<div class=\"elementor-element elementor-element-0935cbd elementor-widget elementor-widget-text-editor\" data-id=\"0935cbd\" data-element_type=\"widget\" data-widget_type=\"text-editor.default\">\n\t\t\t\t<div class=\"elementor-widget-container\">\n\t\t\t<style>\/*! elementor - v3.18.0 - 20-12-2023 *\/\n.elementor-widget-text-editor.elementor-drop-cap-view-stacked .elementor-drop-cap{background-color:#69727d;color:#fff}.elementor-widget-text-editor.elementor-drop-cap-view-framed .elementor-drop-cap{color:#69727d;border:3px solid;background-color:transparent}.elementor-widget-text-editor:not(.elementor-drop-cap-view-default) .elementor-drop-cap{margin-top:8px}.elementor-widget-text-editor:not(.elementor-drop-cap-view-default) .elementor-drop-cap-letter{width:1em;height:1em}.elementor-widget-text-editor .elementor-drop-cap{float:left;text-align:center;line-height:1;font-size:50px}.elementor-widget-text-editor .elementor-drop-cap-letter{display:inline-block}<\/style>\t\t\t\t<ul>\n<li>\n<p>Les entreprises et les consommateurs \u00e9tant de plus en plus soucieux de l&rsquo;environnement, l&rsquo;origine et la durabilit\u00e9 des mat\u00e9riaux d&#8217;emballage n&rsquo;ont jamais \u00e9t\u00e9 aussi importantes. L&rsquo;un des labels que vous pouvez voir appara\u00eetre sur les produits en papier est la certification FSC, accord\u00e9e par le Forest Stewardship Council (Conseil de bonne gestion foresti\u00e8re). Dans cet article, nous vous expliquons ce qu&rsquo;est la certification FSC, pourquoi elle est importante et comment elle garantit que vos sacs en papier ou vos choix d&#8217;emballage sont plus respectueux de la plan\u00e8te.  <\/p>\n<h2> <\/h2>\n<h3>Qu&rsquo;est-ce que le Forest Stewardship Council (FSC) ?<\/h3>\n<ul>\n<li>Organisation mondiale : Le FSC est un organisme international \u00e0 but non lucratif qui \u00e9tablit des normes pour la gestion responsable des for\u00eats.<\/li>\n<li>Prot\u00e9ger la biodiversit\u00e9 : Leur certification garantit que les for\u00eats sont g\u00e9r\u00e9es de mani\u00e8re \u00e0 pr\u00e9server la diversit\u00e9 biologique et \u00e0 b\u00e9n\u00e9ficier aux communaut\u00e9s locales.<\/li>\n<li>Cha\u00eene de contr\u00f4le : Chaque \u00e9tape de la cha\u00eene d&rsquo;approvisionnement &#8211; de la for\u00eat \u00e0 l&rsquo;usine de papier &#8211; doit r\u00e9pondre aux normes du FSC.<\/li>\n<\/ul>\n<\/p>\n<h3>Pourquoi la certification FSC est-elle importante ?<\/h3>\n<ul>\n<li>Int\u00e9grit\u00e9 environnementale : Les for\u00eats certifi\u00e9es FSC sont exploit\u00e9es \u00e0 un rythme qui leur permet de se r\u00e9g\u00e9n\u00e9rer naturellement sans provoquer de d\u00e9forestation.<\/li>\n<li>Responsabilit\u00e9 sociale : Les communaut\u00e9s qui d\u00e9pendent de ces for\u00eats pour leur subsistance re\u00e7oivent une compensation et des avantages \u00e9quitables.<\/li>\n<li>Normes de haute qualit\u00e9 : Le papier certifi\u00e9 FSC r\u00e9pond \u00e0 des directives strictes, ce qui se traduit souvent par un produit final plus durable et plus fiable.<\/li>\n<\/ul>\n<\/p>\n<h3>Comment identifier le papier certifi\u00e9 FSC<\/h3>\n<ul>\n<li>Recherchez le logo FSC : Une coche en forme d&rsquo;arbre.<\/li>\n<li>Diff\u00e9rents labels : FSC 100%, FSC Recycl\u00e9, ou FSC Mix &#8211; chacun avec des pourcentages variables de contenu certifi\u00e9 ou recycl\u00e9.<\/li>\n<li>V\u00e9rifiez le certificat : En cas de doute, v\u00e9rifiez le code unique du certificat FSC du produit dans la base de donn\u00e9es officielle du FSC.<\/li>\n<\/ul>\n<\/p>\n<h3>Les avantages pour les entreprises<\/h3>\n<ul>\n<li>Renforcer l&rsquo;image de marque : D\u00e9montre un engagement en faveur de la gestion de l&rsquo;environnement.<\/li>\n<li>Confiance des consommateurs : Les consommateurs soucieux de l&rsquo;environnement recherchent activement des produits certifi\u00e9s.<\/li>\n<li>Avantage concurrentiel : diff\u00e9rencie votre marque sur un march\u00e9 encombr\u00e9 o\u00f9 la durabilit\u00e9 est au c\u0153ur des pr\u00e9occupations.<\/li>\n<\/ul>\n<\/p>\n<h2>Conclusion<\/h2>\n<p>En optant pour du papier certifi\u00e9 FSC pour vos sacs ou vos emballages, vous vous assurez que vos choix soutiennent une sylviculture responsable et le bien-\u00eatre des communaut\u00e9s. C&rsquo;est un moyen tangible d&rsquo;aligner votre marque sur des initiatives positives pour la plan\u00e8te, ce qui en fait une solution gagnante \u00e0 la fois pour les entreprises et pour l&rsquo;environnement. <\/p>\n<\/li>\n<\/ul>\n\t\t\t\t\t\t<\/div>\n\t\t\t\t<\/div>\n\t\t\t\t\t<\/div>\n\t\t<\/div>\n\t\t\t\t\t\t\t<\/div>\n\t\t<\/section>\n\t\t\t\t<section class=\"elementor-section elementor-top-section elementor-element elementor-element-adffcbe elementor-section-boxed elementor-section-height-default elementor-section-height-default\" data-id=\"adffcbe\" data-element_type=\"section\">\n\t\t\t\t\t\t<div class=\"elementor-container elementor-column-gap-default\">\n\t\t\t\t\t<div class=\"elementor-column elementor-col-100 elementor-top-column elementor-element elementor-element-c92bd00\" data-id=\"c92bd00\" data-element_type=\"column\">\n\t\t\t<div class=\"elementor-widget-wrap\">\n\t\t\t\t\t\t\t\t\t<\/div>\n\t\t<\/div>\n\t\t\t\t\t\t\t<\/div>\n\t\t<\/section>\n\t\t\t\t\t\t\t<\/div>\n\t\t","protected":false},"excerpt":{"rendered":"<p>Papier certifi\u00e9 FSC : Pourquoi c&rsquo;est important pour un emballage durable Les entreprises et les consommateurs \u00e9tant de plus en plus soucieux de l&rsquo;environnement, l&rsquo;origine et la durabilit\u00e9 des mat\u00e9riaux d&#8217;emballage n&rsquo;ont jamais \u00e9t\u00e9 aussi importantes. L&rsquo;un des labels que vous pouvez voir appara\u00eetre sur les produits en papier est la certification FSC, accord\u00e9e par [&hellip;]<\/p>\n","protected":false},"author":6996,"featured_media":0,"parent":0,"menu_order":0,"comment_status":"closed","ping_status":"closed","template":"elementor_header_footer","meta":{"content-type":"","_monsterinsights_skip_tracking":false,"_monsterinsights_sitenote_active":false,"_monsterinsights_sitenote_note":"","_monsterinsights_sitenote_category":0,"footnotes":""},"class_list":["post-85235","page","type-page","status-publish","hentry"],"yoast_head":"<!-- This site is optimized with the Yoast SEO plugin v21.7 - https:\/\/yoast.com\/wordpress\/plugins\/seo\/ -->\n<title>Papier certifi\u00e9 FSC : L&#039;importance de l&#039;emballage durable<\/title>\n<meta name=\"description\" content=\"D\u00e9couvrez comment la certification FSC prot\u00e8ge les for\u00eats, soutient les communaut\u00e9s et garantit des produits en papier de haute qualit\u00e9 pour des emballages vraiment \u00e9cologiques.\" \/>\n<meta name=\"robots\" content=\"index, follow, max-snippet:-1, max-image-preview:large, max-video-preview:-1\" \/>\n<link rel=\"canonical\" href=\"https:\/\/gojuteinternational.com\/fr\/sustainability-certification\/\" \/>\n<meta property=\"og:locale\" content=\"fr_FR\" \/>\n<meta property=\"og:type\" content=\"article\" \/>\n<meta property=\"og:title\" content=\"Papier certifi\u00e9 FSC : L&#039;importance de l&#039;emballage durable\" \/>\n<meta property=\"og:description\" content=\"D\u00e9couvrez comment la certification FSC prot\u00e8ge les for\u00eats, soutient les communaut\u00e9s et garantit des produits en papier de haute qualit\u00e9 pour des emballages vraiment \u00e9cologiques.\" \/>\n<meta property=\"og:url\" content=\"https:\/\/gojuteinternational.com\/fr\/sustainability-certification\/\" \/>\n<meta property=\"og:site_name\" content=\"GoJute International\" \/>\n<meta property=\"article:publisher\" content=\"https:\/\/www.facebook.com\/gojute\" \/>\n<meta property=\"article:modified_time\" content=\"2025-02-11T11:20:08+00:00\" \/>\n<meta name=\"twitter:card\" content=\"summary_large_image\" \/>\n<meta name=\"twitter:label1\" content=\"Dur\u00e9e de lecture estim\u00e9e\" \/>\n\t<meta name=\"twitter:data1\" content=\"2 minutes\" \/>\n<script type=\"application\/ld+json\" class=\"yoast-schema-graph\">{\"@context\":\"https:\/\/schema.org\",\"@graph\":[{\"@type\":\"WebPage\",\"@id\":\"https:\/\/gojuteinternational.com\/fr\/sustainability-certification\/\",\"url\":\"https:\/\/gojuteinternational.com\/fr\/sustainability-certification\/\",\"name\":\"Papier certifi\u00e9 FSC : L'importance de l'emballage durable\",\"isPartOf\":{\"@id\":\"https:\/\/gojuteinternational.com\/fr\/#website\"},\"datePublished\":\"2025-02-11T11:10:27+00:00\",\"dateModified\":\"2025-02-11T11:20:08+00:00\",\"description\":\"D\u00e9couvrez comment la certification FSC prot\u00e8ge les for\u00eats, soutient les communaut\u00e9s et garantit des produits en papier de haute qualit\u00e9 pour des emballages vraiment \u00e9cologiques.\",\"breadcrumb\":{\"@id\":\"https:\/\/gojuteinternational.com\/fr\/sustainability-certification\/#breadcrumb\"},\"inLanguage\":\"fr-FR\",\"potentialAction\":[{\"@type\":\"ReadAction\",\"target\":[\"https:\/\/gojuteinternational.com\/fr\/sustainability-certification\/\"]}]},{\"@type\":\"BreadcrumbList\",\"@id\":\"https:\/\/gojuteinternational.com\/fr\/sustainability-certification\/#breadcrumb\",\"itemListElement\":[{\"@type\":\"ListItem\",\"position\":1,\"name\":\"Home\",\"item\":\"https:\/\/gojuteinternational.com\/fr\/\"},{\"@type\":\"ListItem\",\"position\":2,\"name\":\"Durabilit\u00e9 et certification\"}]},{\"@type\":\"WebSite\",\"@id\":\"https:\/\/gojuteinternational.com\/fr\/#website\",\"url\":\"https:\/\/gojuteinternational.com\/fr\/\",\"name\":\"GoJute International\",\"description\":\"Printed bags for business\",\"publisher\":{\"@id\":\"https:\/\/gojuteinternational.com\/fr\/#organization\"},\"alternateName\":\"GoJute\",\"potentialAction\":[{\"@type\":\"SearchAction\",\"target\":{\"@type\":\"EntryPoint\",\"urlTemplate\":\"https:\/\/gojuteinternational.com\/fr\/?s={search_term_string}\"},\"query-input\":\"required name=search_term_string\"}],\"inLanguage\":\"fr-FR\"},{\"@type\":\"Organization\",\"@id\":\"https:\/\/gojuteinternational.com\/fr\/#organization\",\"name\":\"GoJute International\",\"alternateName\":\"GoJute\",\"url\":\"https:\/\/gojuteinternational.com\/fr\/\",\"logo\":{\"@type\":\"ImageObject\",\"inLanguage\":\"fr-FR\",\"@id\":\"https:\/\/gojuteinternational.com\/fr\/#\/schema\/logo\/image\/\",\"url\":\"https:\/\/gojuteinternational.com\/wp-content\/uploads\/2022\/06\/GoJute-Logo-RGB.png\",\"contentUrl\":\"https:\/\/gojuteinternational.com\/wp-content\/uploads\/2022\/06\/GoJute-Logo-RGB.png\",\"width\":2000,\"height\":1809,\"caption\":\"GoJute International\"},\"image\":{\"@id\":\"https:\/\/gojuteinternational.com\/fr\/#\/schema\/logo\/image\/\"},\"sameAs\":[\"https:\/\/www.facebook.com\/gojute\",\"https:\/\/www.instagram.com\/gojute\/\"]}]}<\/script>\n<!-- \/ Yoast SEO plugin. -->","yoast_head_json":{"title":"Papier certifi\u00e9 FSC : L'importance de l'emballage durable","description":"D\u00e9couvrez comment la certification FSC prot\u00e8ge les for\u00eats, soutient les communaut\u00e9s et garantit des produits en papier de haute qualit\u00e9 pour des emballages vraiment \u00e9cologiques.","robots":{"index":"index","follow":"follow","max-snippet":"max-snippet:-1","max-image-preview":"max-image-preview:large","max-video-preview":"max-video-preview:-1"},"canonical":"https:\/\/gojuteinternational.com\/fr\/sustainability-certification\/","og_locale":"fr_FR","og_type":"article","og_title":"Papier certifi\u00e9 FSC : L'importance de l'emballage durable","og_description":"D\u00e9couvrez comment la certification FSC prot\u00e8ge les for\u00eats, soutient les communaut\u00e9s et garantit des produits en papier de haute qualit\u00e9 pour des emballages vraiment \u00e9cologiques.","og_url":"https:\/\/gojuteinternational.com\/fr\/sustainability-certification\/","og_site_name":"GoJute International","article_publisher":"https:\/\/www.facebook.com\/gojute","article_modified_time":"2025-02-11T11:20:08+00:00","twitter_card":"summary_large_image","twitter_misc":{"Dur\u00e9e de lecture estim\u00e9e":"2 minutes"},"schema":{"@context":"https:\/\/schema.org","@graph":[{"@type":"WebPage","@id":"https:\/\/gojuteinternational.com\/fr\/sustainability-certification\/","url":"https:\/\/gojuteinternational.com\/fr\/sustainability-certification\/","name":"Papier certifi\u00e9 FSC : L'importance de l'emballage durable","isPartOf":{"@id":"https:\/\/gojuteinternational.com\/fr\/#website"},"datePublished":"2025-02-11T11:10:27+00:00","dateModified":"2025-02-11T11:20:08+00:00","description":"D\u00e9couvrez comment la certification FSC prot\u00e8ge les for\u00eats, soutient les communaut\u00e9s et garantit des produits en papier de haute qualit\u00e9 pour des emballages vraiment \u00e9cologiques.","breadcrumb":{"@id":"https:\/\/gojuteinternational.com\/fr\/sustainability-certification\/#breadcrumb"},"inLanguage":"fr-FR","potentialAction":[{"@type":"ReadAction","target":["https:\/\/gojuteinternational.com\/fr\/sustainability-certification\/"]}]},{"@type":"BreadcrumbList","@id":"https:\/\/gojuteinternational.com\/fr\/sustainability-certification\/#breadcrumb","itemListElement":[{"@type":"ListItem","position":1,"name":"Home","item":"https:\/\/gojuteinternational.com\/fr\/"},{"@type":"ListItem","position":2,"name":"Durabilit\u00e9 et certification"}]},{"@type":"WebSite","@id":"https:\/\/gojuteinternational.com\/fr\/#website","url":"https:\/\/gojuteinternational.com\/fr\/","name":"GoJute International","description":"Printed bags for business","publisher":{"@id":"https:\/\/gojuteinternational.com\/fr\/#organization"},"alternateName":"GoJute","potentialAction":[{"@type":"SearchAction","target":{"@type":"EntryPoint","urlTemplate":"https:\/\/gojuteinternational.com\/fr\/?s={search_term_string}"},"query-input":"required name=search_term_string"}],"inLanguage":"fr-FR"},{"@type":"Organization","@id":"https:\/\/gojuteinternational.com\/fr\/#organization","name":"GoJute International","alternateName":"GoJute","url":"https:\/\/gojuteinternational.com\/fr\/","logo":{"@type":"ImageObject","inLanguage":"fr-FR","@id":"https:\/\/gojuteinternational.com\/fr\/#\/schema\/logo\/image\/","url":"https:\/\/gojuteinternational.com\/wp-content\/uploads\/2022\/06\/GoJute-Logo-RGB.png","contentUrl":"https:\/\/gojuteinternational.com\/wp-content\/uploads\/2022\/06\/GoJute-Logo-RGB.png","width":2000,"height":1809,"caption":"GoJute International"},"image":{"@id":"https:\/\/gojuteinternational.com\/fr\/#\/schema\/logo\/image\/"},"sameAs":["https:\/\/www.facebook.com\/gojute","https:\/\/www.instagram.com\/gojute\/"]}]}},"_links":{"self":[{"href":"https:\/\/gojuteinternational.com\/fr\/wp-json\/wp\/v2\/pages\/85235","targetHints":{"allow":["GET"]}}],"collection":[{"href":"https:\/\/gojuteinternational.com\/fr\/wp-json\/wp\/v2\/pages"}],"about":[{"href":"https:\/\/gojuteinternational.com\/fr\/wp-json\/wp\/v2\/types\/page"}],"author":[{"embeddable":true,"href":"https:\/\/gojuteinternational.com\/fr\/wp-json\/wp\/v2\/users\/6996"}],"replies":[{"embeddable":true,"href":"https:\/\/gojuteinternational.com\/fr\/wp-json\/wp\/v2\/comments?post=85235"}],"version-history":[{"count":4,"href":"https:\/\/gojuteinternational.com\/fr\/wp-json\/wp\/v2\/pages\/85235\/revisions"}],"predecessor-version":[{"id":85258,"href":"https:\/\/gojuteinternational.com\/fr\/wp-json\/wp\/v2\/pages\/85235\/revisions\/85258"}],"wp:attachment":[{"href":"https:\/\/gojuteinternational.com\/fr\/wp-json\/wp\/v2\/media?parent=85235"}],"curies":[{"name":"wp","href":"https:\/\/api.w.org\/{rel}","templated":true}]}}