{"id":85265,"date":"2025-02-11T12:26:21","date_gmt":"2025-02-11T11:26:21","guid":{"rendered":"https:\/\/gojuteinternational.com\/care-maintenance\/"},"modified":"2025-02-25T06:59:11","modified_gmt":"2025-02-25T05:59:11","slug":"how-to-care-for-your-cotton-tote-bags","status":"publish","type":"page","link":"https:\/\/gojuteinternational.com\/fr\/how-to-care-for-your-cotton-tote-bags\/","title":{"rendered":"Comment entretenir vos sacs en coton"},"content":{"rendered":"\t\t<div data-elementor-type=\"wp-page\" data-elementor-id=\"85265\" class=\"elementor elementor-85265 elementor-85262\" data-elementor-post-type=\"page\">\n\t\t\t\t\t\t\t\t\t<section class=\"elementor-section elementor-top-section elementor-element elementor-element-451f917 elementor-section-boxed elementor-section-height-default elementor-section-height-default\" data-id=\"451f917\" data-element_type=\"section\">\n\t\t\t\t\t\t<div class=\"elementor-container elementor-column-gap-default\">\n\t\t\t\t\t<div class=\"elementor-column elementor-col-100 elementor-top-column elementor-element elementor-element-af8eef5\" data-id=\"af8eef5\" data-element_type=\"column\">\n\t\t\t<div class=\"elementor-widget-wrap elementor-element-populated\">\n\t\t\t\t\t\t\t\t<div class=\"elementor-element elementor-element-ed0e0fb elementor-widget elementor-widget-spacer\" data-id=\"ed0e0fb\" data-element_type=\"widget\" data-widget_type=\"spacer.default\">\n\t\t\t\t<div class=\"elementor-widget-container\">\n\t\t\t<style>\/*! elementor - v3.18.0 - 20-12-2023 *\/\n.elementor-column .elementor-spacer-inner{height:var(--spacer-size)}.e-con{--container-widget-width:100%}.e-con-inner>.elementor-widget-spacer,.e-con>.elementor-widget-spacer{width:var(--container-widget-width,var(--spacer-size));--align-self:var(--container-widget-align-self,initial);--flex-shrink:0}.e-con-inner>.elementor-widget-spacer>.elementor-widget-container,.e-con>.elementor-widget-spacer>.elementor-widget-container{height:100%;width:100%}.e-con-inner>.elementor-widget-spacer>.elementor-widget-container>.elementor-spacer,.e-con>.elementor-widget-spacer>.elementor-widget-container>.elementor-spacer{height:100%}.e-con-inner>.elementor-widget-spacer>.elementor-widget-container>.elementor-spacer>.elementor-spacer-inner,.e-con>.elementor-widget-spacer>.elementor-widget-container>.elementor-spacer>.elementor-spacer-inner{height:var(--container-widget-height,var(--spacer-size))}.e-con-inner>.elementor-widget-spacer.elementor-widget-empty,.e-con>.elementor-widget-spacer.elementor-widget-empty{position:relative;min-height:22px;min-width:22px}.e-con-inner>.elementor-widget-spacer.elementor-widget-empty .elementor-widget-empty-icon,.e-con>.elementor-widget-spacer.elementor-widget-empty .elementor-widget-empty-icon{position:absolute;top:0;bottom:0;left:0;right:0;margin:auto;padding:0;width:22px;height:22px}<\/style>\t\t<div class=\"elementor-spacer\">\n\t\t\t<div class=\"elementor-spacer-inner\"><\/div>\n\t\t<\/div>\n\t\t\t\t<\/div>\n\t\t\t\t<\/div>\n\t\t\t\t\t<\/div>\n\t\t<\/div>\n\t\t\t\t\t\t\t<\/div>\n\t\t<\/section>\n\t\t\t\t<section class=\"elementor-section elementor-top-section elementor-element elementor-element-5abcac4 elementor-section-boxed elementor-section-height-default elementor-section-height-default\" data-id=\"5abcac4\" data-element_type=\"section\">\n\t\t\t\t\t\t<div class=\"elementor-container elementor-column-gap-default\">\n\t\t\t\t\t<div class=\"elementor-column elementor-col-100 elementor-top-column elementor-element elementor-element-8817060\" data-id=\"8817060\" data-element_type=\"column\">\n\t\t\t<div class=\"elementor-widget-wrap elementor-element-populated\">\n\t\t\t\t\t\t\t\t<div class=\"elementor-element elementor-element-033a5d4 elementor-widget elementor-widget-heading\" data-id=\"033a5d4\" data-element_type=\"widget\" data-widget_type=\"heading.default\">\n\t\t\t\t<div class=\"elementor-widget-container\">\n\t\t\t<style>\/*! elementor - v3.18.0 - 20-12-2023 *\/\n.elementor-heading-title{padding:0;margin:0;line-height:1}.elementor-widget-heading .elementor-heading-title[class*=elementor-size-]>a{color:inherit;font-size:inherit;line-height:inherit}.elementor-widget-heading .elementor-heading-title.elementor-size-small{font-size:15px}.elementor-widget-heading .elementor-heading-title.elementor-size-medium{font-size:19px}.elementor-widget-heading .elementor-heading-title.elementor-size-large{font-size:29px}.elementor-widget-heading .elementor-heading-title.elementor-size-xl{font-size:39px}.elementor-widget-heading .elementor-heading-title.elementor-size-xxl{font-size:59px}<\/style><h1 class=\"elementor-heading-title elementor-size-default\">Entretien des fourre-tout en coton 101 : lavage,\nS\u00e9chage et plus encore\n<\/h1>\t\t<\/div>\n\t\t\t\t<\/div>\n\t\t\t\t\t<\/div>\n\t\t<\/div>\n\t\t\t\t\t\t\t<\/div>\n\t\t<\/section>\n\t\t\t\t<section class=\"elementor-section elementor-top-section elementor-element elementor-element-bc0ef1b elementor-section-boxed elementor-section-height-default elementor-section-height-default\" data-id=\"bc0ef1b\" data-element_type=\"section\">\n\t\t\t\t\t\t<div class=\"elementor-container elementor-column-gap-default\">\n\t\t\t\t\t<div class=\"elementor-column elementor-col-100 elementor-top-column elementor-element elementor-element-5c25e5d\" data-id=\"5c25e5d\" data-element_type=\"column\">\n\t\t\t<div class=\"elementor-widget-wrap elementor-element-populated\">\n\t\t\t\t\t\t\t\t<div class=\"elementor-element elementor-element-422542d elementor-widget elementor-widget-text-editor\" data-id=\"422542d\" data-element_type=\"widget\" data-widget_type=\"text-editor.default\">\n\t\t\t\t<div class=\"elementor-widget-container\">\n\t\t\t<style>\/*! elementor - v3.18.0 - 20-12-2023 *\/\n.elementor-widget-text-editor.elementor-drop-cap-view-stacked .elementor-drop-cap{background-color:#69727d;color:#fff}.elementor-widget-text-editor.elementor-drop-cap-view-framed .elementor-drop-cap{color:#69727d;border:3px solid;background-color:transparent}.elementor-widget-text-editor:not(.elementor-drop-cap-view-default) .elementor-drop-cap{margin-top:8px}.elementor-widget-text-editor:not(.elementor-drop-cap-view-default) .elementor-drop-cap-letter{width:1em;height:1em}.elementor-widget-text-editor .elementor-drop-cap{float:left;text-align:center;line-height:1;font-size:50px}.elementor-widget-text-editor .elementor-drop-cap-letter{display:inline-block}<\/style>\t\t\t\t<p>Les sacs fourre-tout en coton constituent une option polyvalente et lavable pour un usage quotidien. Qu&rsquo;il s&rsquo;agisse de provisions ou de mat\u00e9riel de sport, ils sont con\u00e7us pour r\u00e9sister \u00e0 des manipulations fr\u00e9quentes. Cependant, quelques bonnes pratiques permettent de pr\u00e9server le tissu et les motifs que vous avez pu y imprimer. Voyons comment nettoyer et entretenir vos sacs fourre-tout en coton pour qu&rsquo;ils restent frais et fonctionnels.   <\/p>\n<h2> <\/h2>\n<h3>Lignes directrices pour le lavage en machine<\/h3>\n<ul>\n<li>V\u00e9rifiez l&rsquo;\u00e9tiquette : Si votre fourre-tout en coton comporte une \u00e9tiquette d&rsquo;entretien, suivez d&rsquo;abord les instructions qui y figurent.<\/li>\n<li>Utilisez un d\u00e9tergent doux : Les produits chimiques puissants ou l&rsquo;eau de Javel peuvent d\u00e9colorer les impressions et d\u00e9grader les fibres.<\/li>\n<li>Temp\u00e9rature de l&rsquo;eau : L&rsquo;eau froide ou ti\u00e8de est g\u00e9n\u00e9ralement la meilleure solution pour \u00e9viter le r\u00e9tr\u00e9cissement et la d\u00e9coloration.<\/li>\n<\/ul>\n<h3> <\/h3>\n<h3>M\u00e9thodes de s\u00e9chage<\/h3>\n<ul>\n<li>S\u00e9chez \u00e0 l&rsquo;air libre lorsque c&rsquo;est possible : Suspendez votre fourre-tout sur une corde \u00e0 linge ou sur une grille de s\u00e9chage pour une approche plus douce.<\/li>\n<li>S\u00e9chage par culbutage \u00e0 basse temp\u00e9rature : Si vous \u00eates press\u00e9, optez pour un s\u00e9chage \u00e0 basse temp\u00e9rature, mais faites attention au risque de r\u00e9tr\u00e9cissement.<\/li>\n<li>Repassez avec pr\u00e9caution : Si vous devez repasser, faites-le \u00e0 l&rsquo;envers, surtout s&rsquo;il s&rsquo;agit d&rsquo;un motif imprim\u00e9.<\/li>\n<\/ul>\n<h3> <\/h3>\n<h3>Conseils pour l&rsquo;\u00e9limination des taches<\/h3>\n<ul>\n<li>Traitement des taches : Pr\u00e9traitez les taches tenaces (comme le vin ou le caf\u00e9) avec un d\u00e9tachant doux avant le lavage.<\/li>\n<li>Solutions naturelles : Pour le coton biologique, envisagez des m\u00e9thodes \u00e9cologiques (comme une p\u00e2te de bicarbonate de soude) pour venir \u00e0 bout des taches.<\/li>\n<\/ul>\n<h3> <\/h3>\n<h3>Stockage ad\u00e9quat<\/h3>\n<ul>\n<li>Plier proprement : Conservez-les dans un endroit frais et sec, en les pliant pour \u00e9viter qu&rsquo;ils ne se froissent.<\/li>\n<li>\u00c9vitez la lumi\u00e8re directe du soleil : Une exposition prolong\u00e9e peut alt\u00e9rer les couleurs au fil du temps, en particulier sur les motifs imprim\u00e9s.<\/li>\n<\/ul>\n<h2> <\/h2>\n<h2>Conclusion<\/h2>\n<p>Les sacs en coton sont incroyablement faciles \u00e0 entretenir &#8211; n&rsquo;oubliez pas de maintenir la temp\u00e9rature de l&rsquo;eau \u00e0 un niveau mod\u00e9r\u00e9, d&rsquo;utiliser un d\u00e9tergent doux et de laisser s\u00e9cher \u00e0 l&rsquo;air libre lorsque cela est possible. Avec un entretien ad\u00e9quat, votre sac en coton restera lumineux, doux et pr\u00eat pour vos prochaines courses ou vos d\u00e9placements quotidiens. <\/p>\n\t\t\t\t\t\t<\/div>\n\t\t\t\t<\/div>\n\t\t\t\t\t<\/div>\n\t\t<\/div>\n\t\t\t\t\t\t\t<\/div>\n\t\t<\/section>\n\t\t\t\t\t\t\t<\/div>\n\t\t","protected":false},"excerpt":{"rendered":"<p>Entretien des fourre-tout en coton 101 : lavage, S\u00e9chage et plus encore Les sacs fourre-tout en coton constituent une option polyvalente et lavable pour un usage quotidien. Qu&rsquo;il s&rsquo;agisse de provisions ou de mat\u00e9riel de sport, ils sont con\u00e7us pour r\u00e9sister \u00e0 des manipulations fr\u00e9quentes. Cependant, quelques bonnes pratiques permettent de pr\u00e9server le tissu et [&hellip;]<\/p>\n","protected":false},"author":6996,"featured_media":0,"parent":0,"menu_order":0,"comment_status":"closed","ping_status":"closed","template":"elementor_header_footer","meta":{"content-type":"","_monsterinsights_skip_tracking":false,"_monsterinsights_sitenote_active":false,"_monsterinsights_sitenote_note":"","_monsterinsights_sitenote_category":0,"footnotes":""},"class_list":["post-85265","page","type-page","status-publish","hentry"],"yoast_head":"<!-- This site is optimized with the Yoast SEO plugin v21.7 - https:\/\/yoast.com\/wordpress\/plugins\/seo\/ -->\n<title>Entretien des fourre-tout en coton : Lavage, s\u00e9chage et d\u00e9tachage<\/title>\n<meta name=\"description\" content=\"D\u00e9couvrez les \u00e9tapes faciles pour nettoyer et ranger votre sac en coton. Apprenez les meilleures pratiques de lavage, les conseils de s\u00e9chage et les traitements des taches pour un sac qui dure plus longtemps.\" \/>\n<meta name=\"robots\" content=\"index, follow, max-snippet:-1, max-image-preview:large, max-video-preview:-1\" \/>\n<link rel=\"canonical\" href=\"https:\/\/gojuteinternational.com\/fr\/how-to-care-for-your-cotton-tote-bags\/\" \/>\n<meta property=\"og:locale\" content=\"fr_FR\" \/>\n<meta property=\"og:type\" content=\"article\" \/>\n<meta property=\"og:title\" content=\"Entretien des fourre-tout en coton : Lavage, s\u00e9chage et d\u00e9tachage\" \/>\n<meta property=\"og:description\" content=\"D\u00e9couvrez les \u00e9tapes faciles pour nettoyer et ranger votre sac en coton. Apprenez les meilleures pratiques de lavage, les conseils de s\u00e9chage et les traitements des taches pour un sac qui dure plus longtemps.\" \/>\n<meta property=\"og:url\" content=\"https:\/\/gojuteinternational.com\/fr\/how-to-care-for-your-cotton-tote-bags\/\" \/>\n<meta property=\"og:site_name\" content=\"GoJute International\" \/>\n<meta property=\"article:publisher\" content=\"https:\/\/www.facebook.com\/gojute\" \/>\n<meta property=\"article:modified_time\" content=\"2025-02-25T05:59:11+00:00\" \/>\n<meta name=\"twitter:card\" content=\"summary_large_image\" \/>\n<meta name=\"twitter:label1\" content=\"Dur\u00e9e de lecture estim\u00e9e\" \/>\n\t<meta name=\"twitter:data1\" content=\"2 minutes\" \/>\n<script type=\"application\/ld+json\" class=\"yoast-schema-graph\">{\"@context\":\"https:\/\/schema.org\",\"@graph\":[{\"@type\":\"WebPage\",\"@id\":\"https:\/\/gojuteinternational.com\/fr\/how-to-care-for-your-cotton-tote-bags\/\",\"url\":\"https:\/\/gojuteinternational.com\/fr\/how-to-care-for-your-cotton-tote-bags\/\",\"name\":\"Entretien des fourre-tout en coton : Lavage, s\u00e9chage et d\u00e9tachage\",\"isPartOf\":{\"@id\":\"https:\/\/gojuteinternational.com\/fr\/#website\"},\"datePublished\":\"2025-02-11T11:26:21+00:00\",\"dateModified\":\"2025-02-25T05:59:11+00:00\",\"description\":\"D\u00e9couvrez les \u00e9tapes faciles pour nettoyer et ranger votre sac en coton. Apprenez les meilleures pratiques de lavage, les conseils de s\u00e9chage et les traitements des taches pour un sac qui dure plus longtemps.\",\"breadcrumb\":{\"@id\":\"https:\/\/gojuteinternational.com\/fr\/how-to-care-for-your-cotton-tote-bags\/#breadcrumb\"},\"inLanguage\":\"fr-FR\",\"potentialAction\":[{\"@type\":\"ReadAction\",\"target\":[\"https:\/\/gojuteinternational.com\/fr\/how-to-care-for-your-cotton-tote-bags\/\"]}]},{\"@type\":\"BreadcrumbList\",\"@id\":\"https:\/\/gojuteinternational.com\/fr\/how-to-care-for-your-cotton-tote-bags\/#breadcrumb\",\"itemListElement\":[{\"@type\":\"ListItem\",\"position\":1,\"name\":\"Home\",\"item\":\"https:\/\/gojuteinternational.com\/fr\/\"},{\"@type\":\"ListItem\",\"position\":2,\"name\":\"Comment entretenir vos sacs en coton\"}]},{\"@type\":\"WebSite\",\"@id\":\"https:\/\/gojuteinternational.com\/fr\/#website\",\"url\":\"https:\/\/gojuteinternational.com\/fr\/\",\"name\":\"GoJute International\",\"description\":\"Printed bags for business\",\"publisher\":{\"@id\":\"https:\/\/gojuteinternational.com\/fr\/#organization\"},\"alternateName\":\"GoJute\",\"potentialAction\":[{\"@type\":\"SearchAction\",\"target\":{\"@type\":\"EntryPoint\",\"urlTemplate\":\"https:\/\/gojuteinternational.com\/fr\/?s={search_term_string}\"},\"query-input\":\"required name=search_term_string\"}],\"inLanguage\":\"fr-FR\"},{\"@type\":\"Organization\",\"@id\":\"https:\/\/gojuteinternational.com\/fr\/#organization\",\"name\":\"GoJute International\",\"alternateName\":\"GoJute\",\"url\":\"https:\/\/gojuteinternational.com\/fr\/\",\"logo\":{\"@type\":\"ImageObject\",\"inLanguage\":\"fr-FR\",\"@id\":\"https:\/\/gojuteinternational.com\/fr\/#\/schema\/logo\/image\/\",\"url\":\"https:\/\/gojuteinternational.com\/wp-content\/uploads\/2022\/06\/GoJute-Logo-RGB.png\",\"contentUrl\":\"https:\/\/gojuteinternational.com\/wp-content\/uploads\/2022\/06\/GoJute-Logo-RGB.png\",\"width\":2000,\"height\":1809,\"caption\":\"GoJute International\"},\"image\":{\"@id\":\"https:\/\/gojuteinternational.com\/fr\/#\/schema\/logo\/image\/\"},\"sameAs\":[\"https:\/\/www.facebook.com\/gojute\",\"https:\/\/www.instagram.com\/gojute\/\"]}]}<\/script>\n<!-- \/ Yoast SEO plugin. -->","yoast_head_json":{"title":"Entretien des fourre-tout en coton : Lavage, s\u00e9chage et d\u00e9tachage","description":"D\u00e9couvrez les \u00e9tapes faciles pour nettoyer et ranger votre sac en coton. Apprenez les meilleures pratiques de lavage, les conseils de s\u00e9chage et les traitements des taches pour un sac qui dure plus longtemps.","robots":{"index":"index","follow":"follow","max-snippet":"max-snippet:-1","max-image-preview":"max-image-preview:large","max-video-preview":"max-video-preview:-1"},"canonical":"https:\/\/gojuteinternational.com\/fr\/how-to-care-for-your-cotton-tote-bags\/","og_locale":"fr_FR","og_type":"article","og_title":"Entretien des fourre-tout en coton : Lavage, s\u00e9chage et d\u00e9tachage","og_description":"D\u00e9couvrez les \u00e9tapes faciles pour nettoyer et ranger votre sac en coton. Apprenez les meilleures pratiques de lavage, les conseils de s\u00e9chage et les traitements des taches pour un sac qui dure plus longtemps.","og_url":"https:\/\/gojuteinternational.com\/fr\/how-to-care-for-your-cotton-tote-bags\/","og_site_name":"GoJute International","article_publisher":"https:\/\/www.facebook.com\/gojute","article_modified_time":"2025-02-25T05:59:11+00:00","twitter_card":"summary_large_image","twitter_misc":{"Dur\u00e9e de lecture estim\u00e9e":"2 minutes"},"schema":{"@context":"https:\/\/schema.org","@graph":[{"@type":"WebPage","@id":"https:\/\/gojuteinternational.com\/fr\/how-to-care-for-your-cotton-tote-bags\/","url":"https:\/\/gojuteinternational.com\/fr\/how-to-care-for-your-cotton-tote-bags\/","name":"Entretien des fourre-tout en coton : Lavage, s\u00e9chage et d\u00e9tachage","isPartOf":{"@id":"https:\/\/gojuteinternational.com\/fr\/#website"},"datePublished":"2025-02-11T11:26:21+00:00","dateModified":"2025-02-25T05:59:11+00:00","description":"D\u00e9couvrez les \u00e9tapes faciles pour nettoyer et ranger votre sac en coton. Apprenez les meilleures pratiques de lavage, les conseils de s\u00e9chage et les traitements des taches pour un sac qui dure plus longtemps.","breadcrumb":{"@id":"https:\/\/gojuteinternational.com\/fr\/how-to-care-for-your-cotton-tote-bags\/#breadcrumb"},"inLanguage":"fr-FR","potentialAction":[{"@type":"ReadAction","target":["https:\/\/gojuteinternational.com\/fr\/how-to-care-for-your-cotton-tote-bags\/"]}]},{"@type":"BreadcrumbList","@id":"https:\/\/gojuteinternational.com\/fr\/how-to-care-for-your-cotton-tote-bags\/#breadcrumb","itemListElement":[{"@type":"ListItem","position":1,"name":"Home","item":"https:\/\/gojuteinternational.com\/fr\/"},{"@type":"ListItem","position":2,"name":"Comment entretenir vos sacs en coton"}]},{"@type":"WebSite","@id":"https:\/\/gojuteinternational.com\/fr\/#website","url":"https:\/\/gojuteinternational.com\/fr\/","name":"GoJute International","description":"Printed bags for business","publisher":{"@id":"https:\/\/gojuteinternational.com\/fr\/#organization"},"alternateName":"GoJute","potentialAction":[{"@type":"SearchAction","target":{"@type":"EntryPoint","urlTemplate":"https:\/\/gojuteinternational.com\/fr\/?s={search_term_string}"},"query-input":"required name=search_term_string"}],"inLanguage":"fr-FR"},{"@type":"Organization","@id":"https:\/\/gojuteinternational.com\/fr\/#organization","name":"GoJute International","alternateName":"GoJute","url":"https:\/\/gojuteinternational.com\/fr\/","logo":{"@type":"ImageObject","inLanguage":"fr-FR","@id":"https:\/\/gojuteinternational.com\/fr\/#\/schema\/logo\/image\/","url":"https:\/\/gojuteinternational.com\/wp-content\/uploads\/2022\/06\/GoJute-Logo-RGB.png","contentUrl":"https:\/\/gojuteinternational.com\/wp-content\/uploads\/2022\/06\/GoJute-Logo-RGB.png","width":2000,"height":1809,"caption":"GoJute International"},"image":{"@id":"https:\/\/gojuteinternational.com\/fr\/#\/schema\/logo\/image\/"},"sameAs":["https:\/\/www.facebook.com\/gojute","https:\/\/www.instagram.com\/gojute\/"]}]}},"_links":{"self":[{"href":"https:\/\/gojuteinternational.com\/fr\/wp-json\/wp\/v2\/pages\/85265","targetHints":{"allow":["GET"]}}],"collection":[{"href":"https:\/\/gojuteinternational.com\/fr\/wp-json\/wp\/v2\/pages"}],"about":[{"href":"https:\/\/gojuteinternational.com\/fr\/wp-json\/wp\/v2\/types\/page"}],"author":[{"embeddable":true,"href":"https:\/\/gojuteinternational.com\/fr\/wp-json\/wp\/v2\/users\/6996"}],"replies":[{"embeddable":true,"href":"https:\/\/gojuteinternational.com\/fr\/wp-json\/wp\/v2\/comments?post=85265"}],"version-history":[{"count":6,"href":"https:\/\/gojuteinternational.com\/fr\/wp-json\/wp\/v2\/pages\/85265\/revisions"}],"predecessor-version":[{"id":86066,"href":"https:\/\/gojuteinternational.com\/fr\/wp-json\/wp\/v2\/pages\/85265\/revisions\/86066"}],"wp:attachment":[{"href":"https:\/\/gojuteinternational.com\/fr\/wp-json\/wp\/v2\/media?parent=85265"}],"curies":[{"name":"wp","href":"https:\/\/api.w.org\/{rel}","templated":true}]}}