{"id":85324,"date":"2025-02-11T13:09:02","date_gmt":"2025-02-11T12:09:02","guid":{"rendered":"https:\/\/gojuteinternational.com\/all-about-jute-bags\/"},"modified":"2025-05-05T17:19:52","modified_gmt":"2025-05-05T16:19:52","slug":"tout-sur-le-sac-en-jute","status":"publish","type":"page","link":"https:\/\/gojuteinternational.com\/fr\/tout-sur-le-sac-en-jute\/","title":{"rendered":"Tout sur Le Sac en Jute"},"content":{"rendered":"\t\t<div data-elementor-type=\"wp-page\" data-elementor-id=\"85324\" class=\"elementor elementor-85324 elementor-85321\" data-elementor-post-type=\"page\">\n\t\t\t\t\t\t\t\t\t<section class=\"elementor-section elementor-top-section elementor-element elementor-element-293eae5 elementor-section-boxed elementor-section-height-default elementor-section-height-default\" data-id=\"293eae5\" data-element_type=\"section\">\n\t\t\t\t\t\t<div class=\"elementor-container elementor-column-gap-default\">\n\t\t\t\t\t<div class=\"elementor-column elementor-col-100 elementor-top-column elementor-element elementor-element-abb4f3e\" data-id=\"abb4f3e\" data-element_type=\"column\">\n\t\t\t<div class=\"elementor-widget-wrap elementor-element-populated\">\n\t\t\t\t\t\t\t\t<div class=\"elementor-element elementor-element-ff20f28 elementor-widget elementor-widget-image\" data-id=\"ff20f28\" data-element_type=\"widget\" data-widget_type=\"image.default\">\n\t\t\t\t<div class=\"elementor-widget-container\">\n\t\t\t<style>\/*! elementor - v3.18.0 - 20-12-2023 *\/\n.elementor-widget-image{text-align:center}.elementor-widget-image a{display:inline-block}.elementor-widget-image a img[src$=\".svg\"]{width:48px}.elementor-widget-image img{vertical-align:middle;display:inline-block}<\/style>\t\t\t\t\t\t\t\t\t\t\t\t<img fetchpriority=\"high\" decoding=\"async\" width=\"2560\" height=\"1707\" src=\"https:\/\/gojuteinternational.com\/wp-content\/uploads\/2025\/02\/Multiple-Bags-GJ019-Natural-In-Situ-scaled.jpg\" class=\"attachment-full size-full wp-image-85418\" alt=\"\" srcset=\"https:\/\/gojuteinternational.com\/wp-content\/uploads\/2025\/02\/Multiple-Bags-GJ019-Natural-In-Situ-scaled.jpg 2560w, https:\/\/gojuteinternational.com\/wp-content\/uploads\/2025\/02\/Multiple-Bags-GJ019-Natural-In-Situ-300x200.jpg 300w, https:\/\/gojuteinternational.com\/wp-content\/uploads\/2025\/02\/Multiple-Bags-GJ019-Natural-In-Situ-1024x683.jpg 1024w, https:\/\/gojuteinternational.com\/wp-content\/uploads\/2025\/02\/Multiple-Bags-GJ019-Natural-In-Situ-768x512.jpg 768w, https:\/\/gojuteinternational.com\/wp-content\/uploads\/2025\/02\/Multiple-Bags-GJ019-Natural-In-Situ-1536x1024.jpg 1536w, https:\/\/gojuteinternational.com\/wp-content\/uploads\/2025\/02\/Multiple-Bags-GJ019-Natural-In-Situ-2048x1365.jpg 2048w\" sizes=\"(max-width: 2560px) 100vw, 2560px\" \/>\t\t\t\t\t\t\t\t\t\t\t\t\t\t\t<\/div>\n\t\t\t\t<\/div>\n\t\t\t\t\t<\/div>\n\t\t<\/div>\n\t\t\t\t\t\t\t<\/div>\n\t\t<\/section>\n\t\t\t\t<section class=\"elementor-section elementor-top-section elementor-element elementor-element-0d2f2d4 elementor-section-boxed elementor-section-height-default elementor-section-height-default\" data-id=\"0d2f2d4\" data-element_type=\"section\">\n\t\t\t\t\t\t<div class=\"elementor-container elementor-column-gap-default\">\n\t\t\t\t\t<div class=\"elementor-column elementor-col-100 elementor-top-column elementor-element elementor-element-59b2935\" data-id=\"59b2935\" data-element_type=\"column\">\n\t\t\t<div class=\"elementor-widget-wrap elementor-element-populated\">\n\t\t\t\t\t\t\t\t<div class=\"elementor-element elementor-element-efd04ce elementor-widget elementor-widget-spacer\" data-id=\"efd04ce\" data-element_type=\"widget\" data-widget_type=\"spacer.default\">\n\t\t\t\t<div class=\"elementor-widget-container\">\n\t\t\t<style>\/*! elementor - v3.18.0 - 20-12-2023 *\/\n.elementor-column .elementor-spacer-inner{height:var(--spacer-size)}.e-con{--container-widget-width:100%}.e-con-inner>.elementor-widget-spacer,.e-con>.elementor-widget-spacer{width:var(--container-widget-width,var(--spacer-size));--align-self:var(--container-widget-align-self,initial);--flex-shrink:0}.e-con-inner>.elementor-widget-spacer>.elementor-widget-container,.e-con>.elementor-widget-spacer>.elementor-widget-container{height:100%;width:100%}.e-con-inner>.elementor-widget-spacer>.elementor-widget-container>.elementor-spacer,.e-con>.elementor-widget-spacer>.elementor-widget-container>.elementor-spacer{height:100%}.e-con-inner>.elementor-widget-spacer>.elementor-widget-container>.elementor-spacer>.elementor-spacer-inner,.e-con>.elementor-widget-spacer>.elementor-widget-container>.elementor-spacer>.elementor-spacer-inner{height:var(--container-widget-height,var(--spacer-size))}.e-con-inner>.elementor-widget-spacer.elementor-widget-empty,.e-con>.elementor-widget-spacer.elementor-widget-empty{position:relative;min-height:22px;min-width:22px}.e-con-inner>.elementor-widget-spacer.elementor-widget-empty .elementor-widget-empty-icon,.e-con>.elementor-widget-spacer.elementor-widget-empty .elementor-widget-empty-icon{position:absolute;top:0;bottom:0;left:0;right:0;margin:auto;padding:0;width:22px;height:22px}<\/style>\t\t<div class=\"elementor-spacer\">\n\t\t\t<div class=\"elementor-spacer-inner\"><\/div>\n\t\t<\/div>\n\t\t\t\t<\/div>\n\t\t\t\t<\/div>\n\t\t\t\t\t<\/div>\n\t\t<\/div>\n\t\t\t\t\t\t\t<\/div>\n\t\t<\/section>\n\t\t\t\t<section class=\"elementor-section elementor-top-section elementor-element elementor-element-3a43b02 elementor-section-boxed elementor-section-height-default elementor-section-height-default\" data-id=\"3a43b02\" data-element_type=\"section\">\n\t\t\t\t\t\t<div class=\"elementor-container elementor-column-gap-default\">\n\t\t\t\t\t<div class=\"elementor-column elementor-col-100 elementor-top-column elementor-element elementor-element-0eadb37\" data-id=\"0eadb37\" data-element_type=\"column\">\n\t\t\t<div class=\"elementor-widget-wrap elementor-element-populated\">\n\t\t\t\t\t\t\t\t<div class=\"elementor-element elementor-element-72f3c68 elementor-widget elementor-widget-heading\" data-id=\"72f3c68\" data-element_type=\"widget\" data-widget_type=\"heading.default\">\n\t\t\t\t<div class=\"elementor-widget-container\">\n\t\t\t<style>\/*! elementor - v3.18.0 - 20-12-2023 *\/\n.elementor-heading-title{padding:0;margin:0;line-height:1}.elementor-widget-heading .elementor-heading-title[class*=elementor-size-]>a{color:inherit;font-size:inherit;line-height:inherit}.elementor-widget-heading .elementor-heading-title.elementor-size-small{font-size:15px}.elementor-widget-heading .elementor-heading-title.elementor-size-medium{font-size:19px}.elementor-widget-heading .elementor-heading-title.elementor-size-large{font-size:29px}.elementor-widget-heading .elementor-heading-title.elementor-size-xl{font-size:39px}.elementor-widget-heading .elementor-heading-title.elementor-size-xxl{font-size:59px}<\/style><h1 class=\"elementor-heading-title elementor-size-default\">Tout savoir sur les sacs en jute : la r\u00e9volution du tote bag \u00e9cologique\n\n<\/h1>\t\t<\/div>\n\t\t\t\t<\/div>\n\t\t\t\t\t<\/div>\n\t\t<\/div>\n\t\t\t\t\t\t\t<\/div>\n\t\t<\/section>\n\t\t\t\t<section class=\"elementor-section elementor-top-section elementor-element elementor-element-39cfd8f elementor-section-boxed elementor-section-height-default elementor-section-height-default\" data-id=\"39cfd8f\" data-element_type=\"section\">\n\t\t\t\t\t\t<div class=\"elementor-container elementor-column-gap-default\">\n\t\t\t\t\t<div class=\"elementor-column elementor-col-100 elementor-top-column elementor-element elementor-element-b8c41c8\" data-id=\"b8c41c8\" data-element_type=\"column\">\n\t\t\t<div class=\"elementor-widget-wrap elementor-element-populated\">\n\t\t\t\t\t\t\t\t<div class=\"elementor-element elementor-element-cde2408 elementor-widget elementor-widget-text-editor\" data-id=\"cde2408\" data-element_type=\"widget\" data-widget_type=\"text-editor.default\">\n\t\t\t\t<div class=\"elementor-widget-container\">\n\t\t\t<style>\/*! elementor - v3.18.0 - 20-12-2023 *\/\n.elementor-widget-text-editor.elementor-drop-cap-view-stacked .elementor-drop-cap{background-color:#69727d;color:#fff}.elementor-widget-text-editor.elementor-drop-cap-view-framed .elementor-drop-cap{color:#69727d;border:3px solid;background-color:transparent}.elementor-widget-text-editor:not(.elementor-drop-cap-view-default) .elementor-drop-cap{margin-top:8px}.elementor-widget-text-editor:not(.elementor-drop-cap-view-default) .elementor-drop-cap-letter{width:1em;height:1em}.elementor-widget-text-editor .elementor-drop-cap{float:left;text-align:center;line-height:1;font-size:50px}.elementor-widget-text-editor .elementor-drop-cap-letter{display:inline-block}<\/style>\t\t\t\t<p>Les sacs en jute, qui ont acquis une notori\u00e9t\u00e9 consid\u00e9rable aupr\u00e8s des consommateurs \u00e9coresponsables, des commer\u00e7ants et des entreprises d\u00e9sireuses de restreindre leur utilisation de mati\u00e8res plastiques, sont plus en vogue que jamais. Mais qu&rsquo;entend-on exactement par \u00ab jute \u00bb, et pour quelle raison est-il si pris\u00e9 dans le milieu de la durabilit\u00e9 ? Dans cet article, notre grossiste de sacs en jute vous propose un tour d\u2019horizon de l\u2019origine du jute, de ses atouts \u00e9cologiques, et des conseils pour bien entretenir vos sacs personnalis\u00e9s afin qu\u2019ils restent comme neufs longtemps. <\/p>\n<\/p>\n<h2>Qu&rsquo;est-Ce Que Le Jute ?<\/h2>\n<p>Le jute est une fibre naturelle issue de la tige de la plante du m\u00eame nom. Elle est principalement cultiv\u00e9e dans des r\u00e9gions chaudes et humides telles que l\u2019Inde et le Bangladesh. Cette fibre est \u00e0 la fois robuste, respirante, et poss\u00e8de un aspect rustique tr\u00e8s distinctif. Traditionnellement, on l&rsquo;utilise pour fabriquer des cordes ou des sacs de rangement. Aujourd&rsquo;hui, elle est pl\u00e9biscit\u00e9e par tout fabricant de sacs en jute personnalisables. Cela permet de cr\u00e9er des sacs modernes, r\u00e9sistants et \u00e9cologiques.   <\/p>\n<\/p>\n<h3>Le Jute En Bref<\/h3>\n<ul>\n<li>Croissance rapide : les plantes de jute atteignent leur maturit\u00e9 en seulement 4 \u00e0 6 mois.<\/li>\n<\/ul>\n<p>Faible utilisation de produits chimiques : elles n\u00e9cessitent peu de pesticides et d&rsquo;engrais.<\/p>\n<ul>\n<li>100 % biod\u00e9gradable : les fibres de jute se d\u00e9composent naturellement, r\u00e9duisant ainsi l&rsquo;impact environnemental des d\u00e9charges.<\/li>\n<\/ul>\n<h2>Pourquoi Le Jute Est-Il Un Choix \u00c9cologique ?<\/h2>\n<ul>\n<li>Faible empreinte hydrique : la culture du jute consomme beaucoup moins d\u2019eau que celle du coton.<\/li>\n<li>R\u00e9duction des \u00e9missions de CO\u2082 : en tant que plante, le jute absorbe du dioxyde de carbone et lib\u00e8re de l\u2019oxyg\u00e8ne pendant sa croissance.<\/li>\n<li>Biod\u00e9gradable : contrairement au plastique, un sac en jute usag\u00e9 se d\u00e9compose sans polluer.<\/li>\n<\/ul>\n<h2>Les Avantages Majeurs Du Sac En Jute<\/h2>\n<ul>\n<li>Grande durabilit\u00e9 : les fibres de jute supportent des charges lourdes, ce qui les rend parfaites pour les courses, les livres ou les objets du quotidien.<\/li>\n<li>Style polyvalent : bien que naturellement rustique, le jute peut \u00eatre transform\u00e9 gr\u00e2ce \u00e0 des impressions, des teintures ou des finitions pour un look plus moderne.<\/li>\n<li>Excellente visibilit\u00e9 de marque : pour les entreprises, le jute est un support id\u00e9al pour la personnalisation de sacs avec logo, notamment lors d\u2019\u00e9v\u00e9nements promotionnels.<\/li>\n<\/ul>\n<h2>Personnalisation Des Sacs En Jute<\/h2>\n<ul>\n<li>La s\u00e9rigraphie, une m\u00e9thode populaire pour imprimer logos et motifs.<\/li>\n<li>La broderie, quant \u00e0 elle, apporte une touche haut de gamme avec du relief.<\/li>\n<li>Les poign\u00e9es, telles que des poign\u00e9es en corde de coton, des anses plates ou encore des poign\u00e9es en bambou, s\u2019accordent parfaitement \u00e0 l\u2019esth\u00e9tique naturelle du jute.<\/li>\n<\/ul>\n<h2>Comment Entretenir Vos Sacs De Jute<\/h2>\n<ul>\n<li>Nettoyage localis\u00e9 : utilisez un chiffon humide et un savon doux. Ne trempez jamais compl\u00e8tement le sac. <\/li>\n<li>S\u00e9chage \u00e0 l\u2019air libre : si le sac est mouill\u00e9, suspendez le dans un endroit ventil\u00e9.<\/li>\n<li>Stockage ad\u00e9quat : Conservez les sacs de jute dans un endroit sec pour \u00e9viter les moisissures. Une a\u00e9ration occasionnelle peut aider \u00e0 \u00e9liminer les odeurs de moisi. <\/li>\n<\/ul>\n<h2>Conclusion<\/h2>\n<p>Les sacs en jute sont un choix judicieux. Ils sont durables, biod\u00e9gradables et esth\u00e9tiques. Ils conviennent aux particuliers comme aux entreprises. Que vous soyez un fournisseur ou un grossiste de sacs en jute, ou un professionnel souhaitant promouvoir son image \u00e9coresponsable, le jute coche toutes les cases. Opter pour des sacs en jute personnalis\u00e9s permet d\u2019allier responsabilit\u00e9 \u00e9cologique, praticit\u00e9 et communication visuelle efficace.  <\/p>\n\t\t\t\t\t\t<\/div>\n\t\t\t\t<\/div>\n\t\t\t\t\t<\/div>\n\t\t<\/div>\n\t\t\t\t\t\t\t<\/div>\n\t\t<\/section>\n\t\t\t\t\t\t\t<\/div>\n\t\t","protected":false},"excerpt":{"rendered":"<p>Tout savoir sur les sacs en jute : la r\u00e9volution du tote bag \u00e9cologique Les sacs en jute, qui ont acquis une notori\u00e9t\u00e9 consid\u00e9rable aupr\u00e8s des consommateurs \u00e9coresponsables, des commer\u00e7ants et des entreprises d\u00e9sireuses de restreindre leur utilisation de mati\u00e8res plastiques, sont plus en vogue que jamais. Mais qu&rsquo;entend-on exactement par \u00ab jute \u00bb, et [&hellip;]<\/p>\n","protected":false},"author":6996,"featured_media":85418,"parent":0,"menu_order":0,"comment_status":"closed","ping_status":"closed","template":"elementor_header_footer","meta":{"content-type":"","_monsterinsights_skip_tracking":false,"_monsterinsights_sitenote_active":false,"_monsterinsights_sitenote_note":"","_monsterinsights_sitenote_category":0,"footnotes":""},"class_list":["post-85324","page","type-page","status-publish","has-post-thumbnail","hentry"],"yoast_head":"<!-- This site is optimized with the Yoast SEO plugin v21.7 - https:\/\/yoast.com\/wordpress\/plugins\/seo\/ -->\n<title>Sacs en Jute : Tout Savoir du Tote Bag \u00c9colo<\/title>\n<meta name=\"description\" content=\"Solides et \u00e9cologiques, les sacs en jute s\u2019imposent comme une alternative durable. D\u00e9couvrez leur fabrication, leurs atouts verts et comment les entretenir.\" \/>\n<meta name=\"robots\" content=\"index, follow, max-snippet:-1, max-image-preview:large, max-video-preview:-1\" \/>\n<link rel=\"canonical\" href=\"https:\/\/gojuteinternational.com\/fr\/tout-sur-le-sac-en-jute\/\" \/>\n<meta property=\"og:locale\" content=\"fr_FR\" \/>\n<meta property=\"og:type\" content=\"article\" \/>\n<meta property=\"og:title\" content=\"Sacs en Jute : Tout Savoir du Tote Bag \u00c9colo\" \/>\n<meta property=\"og:description\" content=\"Solides et \u00e9cologiques, les sacs en jute s\u2019imposent comme une alternative durable. D\u00e9couvrez leur fabrication, leurs atouts verts et comment les entretenir.\" \/>\n<meta property=\"og:url\" content=\"https:\/\/gojuteinternational.com\/fr\/tout-sur-le-sac-en-jute\/\" \/>\n<meta property=\"og:site_name\" content=\"GoJute International\" \/>\n<meta property=\"article:publisher\" content=\"https:\/\/www.facebook.com\/gojute\" \/>\n<meta property=\"article:modified_time\" content=\"2025-05-05T16:19:52+00:00\" \/>\n<meta property=\"og:image\" content=\"https:\/\/gojuteinternational.com\/wp-content\/uploads\/2025\/02\/Multiple-Bags-GJ019-Natural-In-Situ-scaled.jpg\" \/>\n\t<meta property=\"og:image:width\" content=\"2560\" \/>\n\t<meta property=\"og:image:height\" content=\"1707\" \/>\n\t<meta property=\"og:image:type\" content=\"image\/jpeg\" \/>\n<meta name=\"twitter:card\" content=\"summary_large_image\" \/>\n<meta name=\"twitter:label1\" content=\"Dur\u00e9e de lecture estim\u00e9e\" \/>\n\t<meta name=\"twitter:data1\" content=\"3 minutes\" \/>\n<script type=\"application\/ld+json\" class=\"yoast-schema-graph\">{\"@context\":\"https:\/\/schema.org\",\"@graph\":[{\"@type\":\"WebPage\",\"@id\":\"https:\/\/gojuteinternational.com\/fr\/tout-sur-le-sac-en-jute\/\",\"url\":\"https:\/\/gojuteinternational.com\/fr\/tout-sur-le-sac-en-jute\/\",\"name\":\"Sacs en Jute : Tout Savoir du Tote Bag \u00c9colo\",\"isPartOf\":{\"@id\":\"https:\/\/gojuteinternational.com\/fr\/#website\"},\"datePublished\":\"2025-02-11T12:09:02+00:00\",\"dateModified\":\"2025-05-05T16:19:52+00:00\",\"description\":\"Solides et \u00e9cologiques, les sacs en jute s\u2019imposent comme une alternative durable. D\u00e9couvrez leur fabrication, leurs atouts verts et comment les entretenir.\",\"breadcrumb\":{\"@id\":\"https:\/\/gojuteinternational.com\/fr\/tout-sur-le-sac-en-jute\/#breadcrumb\"},\"inLanguage\":\"fr-FR\",\"potentialAction\":[{\"@type\":\"ReadAction\",\"target\":[\"https:\/\/gojuteinternational.com\/fr\/tout-sur-le-sac-en-jute\/\"]}]},{\"@type\":\"BreadcrumbList\",\"@id\":\"https:\/\/gojuteinternational.com\/fr\/tout-sur-le-sac-en-jute\/#breadcrumb\",\"itemListElement\":[{\"@type\":\"ListItem\",\"position\":1,\"name\":\"Home\",\"item\":\"https:\/\/gojuteinternational.com\/fr\/\"},{\"@type\":\"ListItem\",\"position\":2,\"name\":\"Tout sur Le Sac en Jute\"}]},{\"@type\":\"WebSite\",\"@id\":\"https:\/\/gojuteinternational.com\/fr\/#website\",\"url\":\"https:\/\/gojuteinternational.com\/fr\/\",\"name\":\"GoJute International\",\"description\":\"Printed bags for business\",\"publisher\":{\"@id\":\"https:\/\/gojuteinternational.com\/fr\/#organization\"},\"alternateName\":\"GoJute\",\"potentialAction\":[{\"@type\":\"SearchAction\",\"target\":{\"@type\":\"EntryPoint\",\"urlTemplate\":\"https:\/\/gojuteinternational.com\/fr\/?s={search_term_string}\"},\"query-input\":\"required name=search_term_string\"}],\"inLanguage\":\"fr-FR\"},{\"@type\":\"Organization\",\"@id\":\"https:\/\/gojuteinternational.com\/fr\/#organization\",\"name\":\"GoJute International\",\"alternateName\":\"GoJute\",\"url\":\"https:\/\/gojuteinternational.com\/fr\/\",\"logo\":{\"@type\":\"ImageObject\",\"inLanguage\":\"fr-FR\",\"@id\":\"https:\/\/gojuteinternational.com\/fr\/#\/schema\/logo\/image\/\",\"url\":\"https:\/\/gojuteinternational.com\/wp-content\/uploads\/2022\/06\/GoJute-Logo-RGB.png\",\"contentUrl\":\"https:\/\/gojuteinternational.com\/wp-content\/uploads\/2022\/06\/GoJute-Logo-RGB.png\",\"width\":2000,\"height\":1809,\"caption\":\"GoJute International\"},\"image\":{\"@id\":\"https:\/\/gojuteinternational.com\/fr\/#\/schema\/logo\/image\/\"},\"sameAs\":[\"https:\/\/www.facebook.com\/gojute\",\"https:\/\/www.instagram.com\/gojute\/\"]}]}<\/script>\n<!-- \/ Yoast SEO plugin. -->","yoast_head_json":{"title":"Sacs en Jute : Tout Savoir du Tote Bag \u00c9colo","description":"Solides et \u00e9cologiques, les sacs en jute s\u2019imposent comme une alternative durable. D\u00e9couvrez leur fabrication, leurs atouts verts et comment les entretenir.","robots":{"index":"index","follow":"follow","max-snippet":"max-snippet:-1","max-image-preview":"max-image-preview:large","max-video-preview":"max-video-preview:-1"},"canonical":"https:\/\/gojuteinternational.com\/fr\/tout-sur-le-sac-en-jute\/","og_locale":"fr_FR","og_type":"article","og_title":"Sacs en Jute : Tout Savoir du Tote Bag \u00c9colo","og_description":"Solides et \u00e9cologiques, les sacs en jute s\u2019imposent comme une alternative durable. D\u00e9couvrez leur fabrication, leurs atouts verts et comment les entretenir.","og_url":"https:\/\/gojuteinternational.com\/fr\/tout-sur-le-sac-en-jute\/","og_site_name":"GoJute International","article_publisher":"https:\/\/www.facebook.com\/gojute","article_modified_time":"2025-05-05T16:19:52+00:00","og_image":[{"width":2560,"height":1707,"url":"https:\/\/gojuteinternational.com\/wp-content\/uploads\/2025\/02\/Multiple-Bags-GJ019-Natural-In-Situ-scaled.jpg","type":"image\/jpeg"}],"twitter_card":"summary_large_image","twitter_misc":{"Dur\u00e9e de lecture estim\u00e9e":"3 minutes"},"schema":{"@context":"https:\/\/schema.org","@graph":[{"@type":"WebPage","@id":"https:\/\/gojuteinternational.com\/fr\/tout-sur-le-sac-en-jute\/","url":"https:\/\/gojuteinternational.com\/fr\/tout-sur-le-sac-en-jute\/","name":"Sacs en Jute : Tout Savoir du Tote Bag \u00c9colo","isPartOf":{"@id":"https:\/\/gojuteinternational.com\/fr\/#website"},"datePublished":"2025-02-11T12:09:02+00:00","dateModified":"2025-05-05T16:19:52+00:00","description":"Solides et \u00e9cologiques, les sacs en jute s\u2019imposent comme une alternative durable. D\u00e9couvrez leur fabrication, leurs atouts verts et comment les entretenir.","breadcrumb":{"@id":"https:\/\/gojuteinternational.com\/fr\/tout-sur-le-sac-en-jute\/#breadcrumb"},"inLanguage":"fr-FR","potentialAction":[{"@type":"ReadAction","target":["https:\/\/gojuteinternational.com\/fr\/tout-sur-le-sac-en-jute\/"]}]},{"@type":"BreadcrumbList","@id":"https:\/\/gojuteinternational.com\/fr\/tout-sur-le-sac-en-jute\/#breadcrumb","itemListElement":[{"@type":"ListItem","position":1,"name":"Home","item":"https:\/\/gojuteinternational.com\/fr\/"},{"@type":"ListItem","position":2,"name":"Tout sur Le Sac en Jute"}]},{"@type":"WebSite","@id":"https:\/\/gojuteinternational.com\/fr\/#website","url":"https:\/\/gojuteinternational.com\/fr\/","name":"GoJute International","description":"Printed bags for business","publisher":{"@id":"https:\/\/gojuteinternational.com\/fr\/#organization"},"alternateName":"GoJute","potentialAction":[{"@type":"SearchAction","target":{"@type":"EntryPoint","urlTemplate":"https:\/\/gojuteinternational.com\/fr\/?s={search_term_string}"},"query-input":"required name=search_term_string"}],"inLanguage":"fr-FR"},{"@type":"Organization","@id":"https:\/\/gojuteinternational.com\/fr\/#organization","name":"GoJute International","alternateName":"GoJute","url":"https:\/\/gojuteinternational.com\/fr\/","logo":{"@type":"ImageObject","inLanguage":"fr-FR","@id":"https:\/\/gojuteinternational.com\/fr\/#\/schema\/logo\/image\/","url":"https:\/\/gojuteinternational.com\/wp-content\/uploads\/2022\/06\/GoJute-Logo-RGB.png","contentUrl":"https:\/\/gojuteinternational.com\/wp-content\/uploads\/2022\/06\/GoJute-Logo-RGB.png","width":2000,"height":1809,"caption":"GoJute International"},"image":{"@id":"https:\/\/gojuteinternational.com\/fr\/#\/schema\/logo\/image\/"},"sameAs":["https:\/\/www.facebook.com\/gojute","https:\/\/www.instagram.com\/gojute\/"]}]}},"_links":{"self":[{"href":"https:\/\/gojuteinternational.com\/fr\/wp-json\/wp\/v2\/pages\/85324","targetHints":{"allow":["GET"]}}],"collection":[{"href":"https:\/\/gojuteinternational.com\/fr\/wp-json\/wp\/v2\/pages"}],"about":[{"href":"https:\/\/gojuteinternational.com\/fr\/wp-json\/wp\/v2\/types\/page"}],"author":[{"embeddable":true,"href":"https:\/\/gojuteinternational.com\/fr\/wp-json\/wp\/v2\/users\/6996"}],"replies":[{"embeddable":true,"href":"https:\/\/gojuteinternational.com\/fr\/wp-json\/wp\/v2\/comments?post=85324"}],"version-history":[{"count":8,"href":"https:\/\/gojuteinternational.com\/fr\/wp-json\/wp\/v2\/pages\/85324\/revisions"}],"predecessor-version":[{"id":87655,"href":"https:\/\/gojuteinternational.com\/fr\/wp-json\/wp\/v2\/pages\/85324\/revisions\/87655"}],"wp:featuredmedia":[{"embeddable":true,"href":"https:\/\/gojuteinternational.com\/fr\/wp-json\/wp\/v2\/media\/85418"}],"wp:attachment":[{"href":"https:\/\/gojuteinternational.com\/fr\/wp-json\/wp\/v2\/media?parent=85324"}],"curies":[{"name":"wp","href":"https:\/\/api.w.org\/{rel}","templated":true}]}}