{"id":85344,"date":"2025-02-11T13:22:17","date_gmt":"2025-02-11T12:22:17","guid":{"rendered":"https:\/\/gojuteinternational.com\/paper-bags-for-sustainable-packaging\/"},"modified":"2025-06-24T10:52:36","modified_gmt":"2025-06-24T09:52:36","slug":"sacs-en-papier-emballage-ecoresponsable","status":"publish","type":"page","link":"https:\/\/gojuteinternational.com\/fr\/sacs-en-papier-emballage-ecoresponsable\/","title":{"rendered":"Sacs en Papier pour une Solution d&#8217;emballage Durable"},"content":{"rendered":"\t\t<div data-elementor-type=\"wp-page\" data-elementor-id=\"85344\" class=\"elementor elementor-85344 elementor-85342\" data-elementor-post-type=\"page\">\n\t\t\t\t\t\t\t\t\t<section class=\"elementor-section elementor-top-section elementor-element elementor-element-25a9ec8 elementor-section-boxed elementor-section-height-default elementor-section-height-default\" data-id=\"25a9ec8\" data-element_type=\"section\">\n\t\t\t\t\t\t<div class=\"elementor-container elementor-column-gap-default\">\n\t\t\t\t\t<div class=\"elementor-column elementor-col-100 elementor-top-column elementor-element elementor-element-9243577\" data-id=\"9243577\" data-element_type=\"column\">\n\t\t\t<div class=\"elementor-widget-wrap elementor-element-populated\">\n\t\t\t\t\t\t\t\t<div class=\"elementor-element elementor-element-3227b98 elementor-widget elementor-widget-spacer\" data-id=\"3227b98\" data-element_type=\"widget\" data-widget_type=\"spacer.default\">\n\t\t\t\t<div class=\"elementor-widget-container\">\n\t\t\t<style>\/*! elementor - v3.18.0 - 20-12-2023 *\/\n.elementor-column .elementor-spacer-inner{height:var(--spacer-size)}.e-con{--container-widget-width:100%}.e-con-inner>.elementor-widget-spacer,.e-con>.elementor-widget-spacer{width:var(--container-widget-width,var(--spacer-size));--align-self:var(--container-widget-align-self,initial);--flex-shrink:0}.e-con-inner>.elementor-widget-spacer>.elementor-widget-container,.e-con>.elementor-widget-spacer>.elementor-widget-container{height:100%;width:100%}.e-con-inner>.elementor-widget-spacer>.elementor-widget-container>.elementor-spacer,.e-con>.elementor-widget-spacer>.elementor-widget-container>.elementor-spacer{height:100%}.e-con-inner>.elementor-widget-spacer>.elementor-widget-container>.elementor-spacer>.elementor-spacer-inner,.e-con>.elementor-widget-spacer>.elementor-widget-container>.elementor-spacer>.elementor-spacer-inner{height:var(--container-widget-height,var(--spacer-size))}.e-con-inner>.elementor-widget-spacer.elementor-widget-empty,.e-con>.elementor-widget-spacer.elementor-widget-empty{position:relative;min-height:22px;min-width:22px}.e-con-inner>.elementor-widget-spacer.elementor-widget-empty .elementor-widget-empty-icon,.e-con>.elementor-widget-spacer.elementor-widget-empty .elementor-widget-empty-icon{position:absolute;top:0;bottom:0;left:0;right:0;margin:auto;padding:0;width:22px;height:22px}<\/style>\t\t<div class=\"elementor-spacer\">\n\t\t\t<div class=\"elementor-spacer-inner\"><\/div>\n\t\t<\/div>\n\t\t\t\t<\/div>\n\t\t\t\t<\/div>\n\t\t\t\t\t<\/div>\n\t\t<\/div>\n\t\t\t\t\t\t\t<\/div>\n\t\t<\/section>\n\t\t\t\t<section class=\"elementor-section elementor-top-section elementor-element elementor-element-daf8e95 elementor-section-boxed elementor-section-height-default elementor-section-height-default\" data-id=\"daf8e95\" data-element_type=\"section\">\n\t\t\t\t\t\t<div class=\"elementor-container elementor-column-gap-default\">\n\t\t\t\t\t<div class=\"elementor-column elementor-col-100 elementor-top-column elementor-element elementor-element-7807a0e\" data-id=\"7807a0e\" data-element_type=\"column\">\n\t\t\t<div class=\"elementor-widget-wrap elementor-element-populated\">\n\t\t\t\t\t\t\t\t<div class=\"elementor-element elementor-element-530da53 elementor-widget elementor-widget-heading\" data-id=\"530da53\" data-element_type=\"widget\" data-widget_type=\"heading.default\">\n\t\t\t\t<div class=\"elementor-widget-container\">\n\t\t\t<style>\/*! elementor - v3.18.0 - 20-12-2023 *\/\n.elementor-heading-title{padding:0;margin:0;line-height:1}.elementor-widget-heading .elementor-heading-title[class*=elementor-size-]>a{color:inherit;font-size:inherit;line-height:inherit}.elementor-widget-heading .elementor-heading-title.elementor-size-small{font-size:15px}.elementor-widget-heading .elementor-heading-title.elementor-size-medium{font-size:19px}.elementor-widget-heading .elementor-heading-title.elementor-size-large{font-size:29px}.elementor-widget-heading .elementor-heading-title.elementor-size-xl{font-size:39px}.elementor-widget-heading .elementor-heading-title.elementor-size-xxl{font-size:59px}<\/style><h1 class=\"elementor-heading-title elementor-size-default\">Sacs en Papier : Le Choix d'Emballage Simple et Durable\n\n<\/h1>\t\t<\/div>\n\t\t\t\t<\/div>\n\t\t\t\t\t<\/div>\n\t\t<\/div>\n\t\t\t\t\t\t\t<\/div>\n\t\t<\/section>\n\t\t\t\t<section class=\"elementor-section elementor-top-section elementor-element elementor-element-aa0f23a elementor-section-boxed elementor-section-height-default elementor-section-height-default\" data-id=\"aa0f23a\" data-element_type=\"section\">\n\t\t\t\t\t\t<div class=\"elementor-container elementor-column-gap-default\">\n\t\t\t\t\t<div class=\"elementor-column elementor-col-100 elementor-top-column elementor-element elementor-element-e456b5a\" data-id=\"e456b5a\" data-element_type=\"column\">\n\t\t\t<div class=\"elementor-widget-wrap elementor-element-populated\">\n\t\t\t\t\t\t\t\t<div class=\"elementor-element elementor-element-ae0f43e elementor-widget elementor-widget-text-editor\" data-id=\"ae0f43e\" data-element_type=\"widget\" data-widget_type=\"text-editor.default\">\n\t\t\t\t<div class=\"elementor-widget-container\">\n\t\t\t<style>\/*! elementor - v3.18.0 - 20-12-2023 *\/\n.elementor-widget-text-editor.elementor-drop-cap-view-stacked .elementor-drop-cap{background-color:#69727d;color:#fff}.elementor-widget-text-editor.elementor-drop-cap-view-framed .elementor-drop-cap{color:#69727d;border:3px solid;background-color:transparent}.elementor-widget-text-editor:not(.elementor-drop-cap-view-default) .elementor-drop-cap{margin-top:8px}.elementor-widget-text-editor:not(.elementor-drop-cap-view-default) .elementor-drop-cap-letter{width:1em;height:1em}.elementor-widget-text-editor .elementor-drop-cap{float:left;text-align:center;line-height:1;font-size:50px}.elementor-widget-text-editor .elementor-drop-cap-letter{display:inline-block}<\/style>\t\t\t\t<p>Les sacs en papier sont un incontournable des commerces de d\u00e9tail et des \u00e9piceries depuis des d\u00e9cennies. \u00c0 l\u2019heure o\u00f9 la conscience environnementale progresse, ils reviennent sur le devant de la sc\u00e8ne comme une alternative simple, durable et accessible au plastique. Cet article explore les diff\u00e9rents types de sacs en papier, leurs atouts \u00e9cologiques et les meilleures fa\u00e7ons de les utiliser, que vous soyez consommateur ou professionnel.  <\/p>\n<h2> <\/h2>\n<h2>Types de Sacs en Papier<\/h2>\n<ul>\n<li>Sacs en Papier Kraft : Fabriqu\u00e9s \u00e0 partir de p\u00e2te de bois, ils sont r\u00e9put\u00e9s pour leur solidit\u00e9 et leur couleur brune naturelle.<\/li>\n<li>Sacs en Papier d&rsquo;Art : Ils pr\u00e9sentent souvent une finition de qualit\u00e9 sup\u00e9rieure, id\u00e9ale pour les marques de luxe ou l&#8217;emballage de cadeaux.<\/li>\n<li>Sacs en Papier Recycl\u00e9 : Incorporent des d\u00e9chets de post-consommation, r\u00e9duisant ainsi le besoin de mat\u00e9riaux vierges.<\/li>\n<\/ul>\n<\/p>\n<h2>Pourquoi Choisir le Papier ?<\/h2>\n<ul>\n<li>Recyclables et Biod\u00e9gradables : Les sacs en papier peuvent \u00eatre recycl\u00e9s et m\u00eame compost\u00e9s, selon les installations locales.<\/li>\n<li>Id\u00e9al pour l\u2019Image de Marque : Une surface lisse, facile \u00e0 personnaliser, offrant un impact visuel soign\u00e9.<\/li>\n<li>Confiance des Consommateurs : De nombreux clients consid\u00e8rent les emballages en papier comme un choix plus respectueux de l&rsquo;environnement, ce qui renforce l&rsquo;image de la marque.<\/li>\n<\/ul>\n<\/p>\n<h2>Facteurs de Durabilit\u00e9<\/h2>\n<ul>\n<li>Certification FSC : Recherchez les labels du Forest Stewardship Council (FSC) pour vous assurer que le papier provient d&rsquo;une source responsable.<\/li>\n<li>Contenu Recycl\u00e9 : En optant pour du papier recycl\u00e9, vous r\u00e9duisez la pression exerc\u00e9e sur les for\u00eats et les d\u00e9charges.<\/li>\n<li>Utilisations Multiples : Encouragez vos clients \u00e0 r\u00e9utiliser les sacs en papier avant de les recycler afin de maximiser leur dur\u00e9e de vie.<\/li>\n<\/ul>\n<\/p>\n<h2>Personnalisation et Conception<\/h2>\n<ul>\n<li>Impression de logos : Qu\u2019il s\u2019agisse de designs minimalistes ou de cr\u00e9ations color\u00e9es, le papier offre une grande flexibilit\u00e9 pour tous les styles de marquage.<\/li>\n<li>Types de Poign\u00e9es : poign\u00e9es torsad\u00e9es, plates, en corde ou d\u00e9coup\u00e9es &#8211; chaque option peut s\u2019adapter \u00e0 l\u2019esth\u00e9tique et \u00e0 l\u2019image de votre marque.<\/li>\n<li>Finitions : Les pelliculages mats ou brillants, l&rsquo;estampage de feuilles ou les UV ponctuels peuvent conf\u00e9rer un aspect haut de gamme &#8211; gardez toutefois \u00e0 l&rsquo;esprit le caract\u00e8re recyclable de ces ajouts.<\/li>\n<\/ul>\n<\/p>\n<h2>Entretien des Sacs en Papier<\/h2>\n<ul>\n<li>R\u00e9utilisez-les Lorsque c&rsquo;est Possible : Renforcez les poign\u00e9es ou les coins avec du ruban adh\u00e9sif s&rsquo;ils commencent \u00e0 s&rsquo;user.<\/li>\n<li>Stockez-les \u00e0 Plat : \u00c9vitez les plis et les d\u00e9chirures en les empilant proprement dans un endroit sec.<\/li>\n<li>Recyclez Correctement : Veillez \u00e0 ce que les rubans ou les \u00e9tiquettes en plastique soient retir\u00e9s avant de jeter le sac dans la poubelle de recyclage.<\/li>\n<\/ul>\n<\/p>\n<h2>Conclusion<\/h2>\n<p>Les sacs en papier offrent une solution simple, mais efficace pour r\u00e9duire les d\u00e9chets plastiques. Que vous soyez un commer\u00e7ant en qu\u00eate d\u2019un emballage plus respectueux de l\u2019environnement ou un consommateur soucieux de son impact, ils allient fonctionnalit\u00e9 et durabilit\u00e9. Con\u00e7us de mani\u00e8re responsable et issus d\u2019un approvisionnement r\u00e9fl\u00e9chi, les sacs en papier peuvent facilement s\u2019int\u00e9grer \u00e0 un mode de vie plus \u00e9cologique.  <\/p><\/p>\n\t\t\t\t\t\t<\/div>\n\t\t\t\t<\/div>\n\t\t\t\t\t<\/div>\n\t\t<\/div>\n\t\t\t\t\t\t\t<\/div>\n\t\t<\/section>\n\t\t\t\t\t\t\t<\/div>\n\t\t","protected":false},"excerpt":{"rendered":"<p>Sacs en Papier : Le Choix d&rsquo;Emballage Simple et Durable Les sacs en papier sont un incontournable des commerces de d\u00e9tail et des \u00e9piceries depuis des d\u00e9cennies. \u00c0 l\u2019heure o\u00f9 la conscience environnementale progresse, ils reviennent sur le devant de la sc\u00e8ne comme une alternative simple, durable et accessible au plastique. Cet article explore les [&hellip;]<\/p>\n","protected":false},"author":6996,"featured_media":0,"parent":0,"menu_order":0,"comment_status":"closed","ping_status":"closed","template":"elementor_header_footer","meta":{"content-type":"","_monsterinsights_skip_tracking":false,"_monsterinsights_sitenote_active":false,"_monsterinsights_sitenote_note":"","_monsterinsights_sitenote_category":0,"footnotes":""},"class_list":["post-85344","page","type-page","status-publish","hentry"],"yoast_head":"<!-- This site is optimized with the Yoast SEO plugin v21.7 - https:\/\/yoast.com\/wordpress\/plugins\/seo\/ -->\n<title>Sacs en papier : une alternative d&#039;emballage \u00e0 la fois simple et responsable<\/title>\n<meta name=\"description\" content=\"D\u00e9couvrez pourquoi les sacs en papier sont une option recyclable, biod\u00e9gradable et facilement personnalisable. Comparez les diff\u00e9rents mod\u00e8les, explorez les \u00e9co-certifications et adoptez des astuces simples pour les r\u00e9utiliser intelligemment.\" \/>\n<meta name=\"robots\" content=\"index, follow, max-snippet:-1, max-image-preview:large, max-video-preview:-1\" \/>\n<link rel=\"canonical\" href=\"https:\/\/gojuteinternational.com\/fr\/sacs-en-papier-emballage-ecoresponsable\/\" \/>\n<meta property=\"og:locale\" content=\"fr_FR\" \/>\n<meta property=\"og:type\" content=\"article\" \/>\n<meta property=\"og:title\" content=\"Sacs en papier : une alternative d&#039;emballage \u00e0 la fois simple et responsable\" \/>\n<meta property=\"og:description\" content=\"D\u00e9couvrez pourquoi les sacs en papier sont une option recyclable, biod\u00e9gradable et facilement personnalisable. Comparez les diff\u00e9rents mod\u00e8les, explorez les \u00e9co-certifications et adoptez des astuces simples pour les r\u00e9utiliser intelligemment.\" \/>\n<meta property=\"og:url\" content=\"https:\/\/gojuteinternational.com\/fr\/sacs-en-papier-emballage-ecoresponsable\/\" \/>\n<meta property=\"og:site_name\" content=\"GoJute International\" \/>\n<meta property=\"article:publisher\" content=\"https:\/\/www.facebook.com\/gojute\" \/>\n<meta property=\"article:modified_time\" content=\"2025-06-24T09:52:36+00:00\" \/>\n<meta name=\"twitter:card\" content=\"summary_large_image\" \/>\n<meta name=\"twitter:label1\" content=\"Dur\u00e9e de lecture estim\u00e9e\" \/>\n\t<meta name=\"twitter:data1\" content=\"3 minutes\" \/>\n<script type=\"application\/ld+json\" class=\"yoast-schema-graph\">{\"@context\":\"https:\/\/schema.org\",\"@graph\":[{\"@type\":\"WebPage\",\"@id\":\"https:\/\/gojuteinternational.com\/fr\/sacs-en-papier-emballage-ecoresponsable\/\",\"url\":\"https:\/\/gojuteinternational.com\/fr\/sacs-en-papier-emballage-ecoresponsable\/\",\"name\":\"Sacs en papier : une alternative d'emballage \u00e0 la fois simple et responsable\",\"isPartOf\":{\"@id\":\"https:\/\/gojuteinternational.com\/fr\/#website\"},\"datePublished\":\"2025-02-11T12:22:17+00:00\",\"dateModified\":\"2025-06-24T09:52:36+00:00\",\"description\":\"D\u00e9couvrez pourquoi les sacs en papier sont une option recyclable, biod\u00e9gradable et facilement personnalisable. Comparez les diff\u00e9rents mod\u00e8les, explorez les \u00e9co-certifications et adoptez des astuces simples pour les r\u00e9utiliser intelligemment.\",\"breadcrumb\":{\"@id\":\"https:\/\/gojuteinternational.com\/fr\/sacs-en-papier-emballage-ecoresponsable\/#breadcrumb\"},\"inLanguage\":\"fr-FR\",\"potentialAction\":[{\"@type\":\"ReadAction\",\"target\":[\"https:\/\/gojuteinternational.com\/fr\/sacs-en-papier-emballage-ecoresponsable\/\"]}]},{\"@type\":\"BreadcrumbList\",\"@id\":\"https:\/\/gojuteinternational.com\/fr\/sacs-en-papier-emballage-ecoresponsable\/#breadcrumb\",\"itemListElement\":[{\"@type\":\"ListItem\",\"position\":1,\"name\":\"Home\",\"item\":\"https:\/\/gojuteinternational.com\/fr\/\"},{\"@type\":\"ListItem\",\"position\":2,\"name\":\"Sacs en Papier pour une Solution d&#8217;emballage Durable\"}]},{\"@type\":\"WebSite\",\"@id\":\"https:\/\/gojuteinternational.com\/fr\/#website\",\"url\":\"https:\/\/gojuteinternational.com\/fr\/\",\"name\":\"GoJute International\",\"description\":\"Printed bags for business\",\"publisher\":{\"@id\":\"https:\/\/gojuteinternational.com\/fr\/#organization\"},\"alternateName\":\"GoJute\",\"potentialAction\":[{\"@type\":\"SearchAction\",\"target\":{\"@type\":\"EntryPoint\",\"urlTemplate\":\"https:\/\/gojuteinternational.com\/fr\/?s={search_term_string}\"},\"query-input\":\"required name=search_term_string\"}],\"inLanguage\":\"fr-FR\"},{\"@type\":\"Organization\",\"@id\":\"https:\/\/gojuteinternational.com\/fr\/#organization\",\"name\":\"GoJute International\",\"alternateName\":\"GoJute\",\"url\":\"https:\/\/gojuteinternational.com\/fr\/\",\"logo\":{\"@type\":\"ImageObject\",\"inLanguage\":\"fr-FR\",\"@id\":\"https:\/\/gojuteinternational.com\/fr\/#\/schema\/logo\/image\/\",\"url\":\"https:\/\/gojuteinternational.com\/wp-content\/uploads\/2022\/06\/GoJute-Logo-RGB.png\",\"contentUrl\":\"https:\/\/gojuteinternational.com\/wp-content\/uploads\/2022\/06\/GoJute-Logo-RGB.png\",\"width\":2000,\"height\":1809,\"caption\":\"GoJute International\"},\"image\":{\"@id\":\"https:\/\/gojuteinternational.com\/fr\/#\/schema\/logo\/image\/\"},\"sameAs\":[\"https:\/\/www.facebook.com\/gojute\",\"https:\/\/www.instagram.com\/gojute\/\"]}]}<\/script>\n<!-- \/ Yoast SEO plugin. -->","yoast_head_json":{"title":"Sacs en papier : une alternative d'emballage \u00e0 la fois simple et responsable","description":"D\u00e9couvrez pourquoi les sacs en papier sont une option recyclable, biod\u00e9gradable et facilement personnalisable. Comparez les diff\u00e9rents mod\u00e8les, explorez les \u00e9co-certifications et adoptez des astuces simples pour les r\u00e9utiliser intelligemment.","robots":{"index":"index","follow":"follow","max-snippet":"max-snippet:-1","max-image-preview":"max-image-preview:large","max-video-preview":"max-video-preview:-1"},"canonical":"https:\/\/gojuteinternational.com\/fr\/sacs-en-papier-emballage-ecoresponsable\/","og_locale":"fr_FR","og_type":"article","og_title":"Sacs en papier : une alternative d'emballage \u00e0 la fois simple et responsable","og_description":"D\u00e9couvrez pourquoi les sacs en papier sont une option recyclable, biod\u00e9gradable et facilement personnalisable. Comparez les diff\u00e9rents mod\u00e8les, explorez les \u00e9co-certifications et adoptez des astuces simples pour les r\u00e9utiliser intelligemment.","og_url":"https:\/\/gojuteinternational.com\/fr\/sacs-en-papier-emballage-ecoresponsable\/","og_site_name":"GoJute International","article_publisher":"https:\/\/www.facebook.com\/gojute","article_modified_time":"2025-06-24T09:52:36+00:00","twitter_card":"summary_large_image","twitter_misc":{"Dur\u00e9e de lecture estim\u00e9e":"3 minutes"},"schema":{"@context":"https:\/\/schema.org","@graph":[{"@type":"WebPage","@id":"https:\/\/gojuteinternational.com\/fr\/sacs-en-papier-emballage-ecoresponsable\/","url":"https:\/\/gojuteinternational.com\/fr\/sacs-en-papier-emballage-ecoresponsable\/","name":"Sacs en papier : une alternative d'emballage \u00e0 la fois simple et responsable","isPartOf":{"@id":"https:\/\/gojuteinternational.com\/fr\/#website"},"datePublished":"2025-02-11T12:22:17+00:00","dateModified":"2025-06-24T09:52:36+00:00","description":"D\u00e9couvrez pourquoi les sacs en papier sont une option recyclable, biod\u00e9gradable et facilement personnalisable. Comparez les diff\u00e9rents mod\u00e8les, explorez les \u00e9co-certifications et adoptez des astuces simples pour les r\u00e9utiliser intelligemment.","breadcrumb":{"@id":"https:\/\/gojuteinternational.com\/fr\/sacs-en-papier-emballage-ecoresponsable\/#breadcrumb"},"inLanguage":"fr-FR","potentialAction":[{"@type":"ReadAction","target":["https:\/\/gojuteinternational.com\/fr\/sacs-en-papier-emballage-ecoresponsable\/"]}]},{"@type":"BreadcrumbList","@id":"https:\/\/gojuteinternational.com\/fr\/sacs-en-papier-emballage-ecoresponsable\/#breadcrumb","itemListElement":[{"@type":"ListItem","position":1,"name":"Home","item":"https:\/\/gojuteinternational.com\/fr\/"},{"@type":"ListItem","position":2,"name":"Sacs en Papier pour une Solution d&#8217;emballage Durable"}]},{"@type":"WebSite","@id":"https:\/\/gojuteinternational.com\/fr\/#website","url":"https:\/\/gojuteinternational.com\/fr\/","name":"GoJute International","description":"Printed bags for business","publisher":{"@id":"https:\/\/gojuteinternational.com\/fr\/#organization"},"alternateName":"GoJute","potentialAction":[{"@type":"SearchAction","target":{"@type":"EntryPoint","urlTemplate":"https:\/\/gojuteinternational.com\/fr\/?s={search_term_string}"},"query-input":"required name=search_term_string"}],"inLanguage":"fr-FR"},{"@type":"Organization","@id":"https:\/\/gojuteinternational.com\/fr\/#organization","name":"GoJute International","alternateName":"GoJute","url":"https:\/\/gojuteinternational.com\/fr\/","logo":{"@type":"ImageObject","inLanguage":"fr-FR","@id":"https:\/\/gojuteinternational.com\/fr\/#\/schema\/logo\/image\/","url":"https:\/\/gojuteinternational.com\/wp-content\/uploads\/2022\/06\/GoJute-Logo-RGB.png","contentUrl":"https:\/\/gojuteinternational.com\/wp-content\/uploads\/2022\/06\/GoJute-Logo-RGB.png","width":2000,"height":1809,"caption":"GoJute International"},"image":{"@id":"https:\/\/gojuteinternational.com\/fr\/#\/schema\/logo\/image\/"},"sameAs":["https:\/\/www.facebook.com\/gojute","https:\/\/www.instagram.com\/gojute\/"]}]}},"_links":{"self":[{"href":"https:\/\/gojuteinternational.com\/fr\/wp-json\/wp\/v2\/pages\/85344","targetHints":{"allow":["GET"]}}],"collection":[{"href":"https:\/\/gojuteinternational.com\/fr\/wp-json\/wp\/v2\/pages"}],"about":[{"href":"https:\/\/gojuteinternational.com\/fr\/wp-json\/wp\/v2\/types\/page"}],"author":[{"embeddable":true,"href":"https:\/\/gojuteinternational.com\/fr\/wp-json\/wp\/v2\/users\/6996"}],"replies":[{"embeddable":true,"href":"https:\/\/gojuteinternational.com\/fr\/wp-json\/wp\/v2\/comments?post=85344"}],"version-history":[{"count":5,"href":"https:\/\/gojuteinternational.com\/fr\/wp-json\/wp\/v2\/pages\/85344\/revisions"}],"predecessor-version":[{"id":89094,"href":"https:\/\/gojuteinternational.com\/fr\/wp-json\/wp\/v2\/pages\/85344\/revisions\/89094"}],"wp:attachment":[{"href":"https:\/\/gojuteinternational.com\/fr\/wp-json\/wp\/v2\/media?parent=85344"}],"curies":[{"name":"wp","href":"https:\/\/api.w.org\/{rel}","templated":true}]}}