{"id":85356,"date":"2025-02-11T13:25:04","date_gmt":"2025-02-11T12:25:04","guid":{"rendered":"https:\/\/gojuteinternational.com\/budget-friendly-non-woven-pp-bags\/"},"modified":"2025-02-25T06:53:03","modified_gmt":"2025-02-25T05:53:03","slug":"budget-friendly-non-woven-pp-bags","status":"publish","type":"page","link":"https:\/\/gojuteinternational.com\/fr\/budget-friendly-non-woven-pp-bags\/","title":{"rendered":"Sacs PP non tiss\u00e9s \u00e0 prix avantageux"},"content":{"rendered":"\t\t<div data-elementor-type=\"wp-page\" data-elementor-id=\"85356\" class=\"elementor elementor-85356 elementor-85353\" data-elementor-post-type=\"page\">\n\t\t\t\t\t\t\t\t\t<section class=\"elementor-section elementor-top-section elementor-element elementor-element-f3bc466 elementor-section-boxed elementor-section-height-default elementor-section-height-default\" data-id=\"f3bc466\" data-element_type=\"section\">\n\t\t\t\t\t\t<div class=\"elementor-container elementor-column-gap-default\">\n\t\t\t\t\t<div class=\"elementor-column elementor-col-100 elementor-top-column elementor-element elementor-element-3bd29c4\" data-id=\"3bd29c4\" data-element_type=\"column\">\n\t\t\t<div class=\"elementor-widget-wrap elementor-element-populated\">\n\t\t\t\t\t\t\t\t<div class=\"elementor-element elementor-element-90eb02b elementor-widget elementor-widget-spacer\" data-id=\"90eb02b\" data-element_type=\"widget\" data-widget_type=\"spacer.default\">\n\t\t\t\t<div class=\"elementor-widget-container\">\n\t\t\t<style>\/*! elementor - v3.18.0 - 20-12-2023 *\/\n.elementor-column .elementor-spacer-inner{height:var(--spacer-size)}.e-con{--container-widget-width:100%}.e-con-inner>.elementor-widget-spacer,.e-con>.elementor-widget-spacer{width:var(--container-widget-width,var(--spacer-size));--align-self:var(--container-widget-align-self,initial);--flex-shrink:0}.e-con-inner>.elementor-widget-spacer>.elementor-widget-container,.e-con>.elementor-widget-spacer>.elementor-widget-container{height:100%;width:100%}.e-con-inner>.elementor-widget-spacer>.elementor-widget-container>.elementor-spacer,.e-con>.elementor-widget-spacer>.elementor-widget-container>.elementor-spacer{height:100%}.e-con-inner>.elementor-widget-spacer>.elementor-widget-container>.elementor-spacer>.elementor-spacer-inner,.e-con>.elementor-widget-spacer>.elementor-widget-container>.elementor-spacer>.elementor-spacer-inner{height:var(--container-widget-height,var(--spacer-size))}.e-con-inner>.elementor-widget-spacer.elementor-widget-empty,.e-con>.elementor-widget-spacer.elementor-widget-empty{position:relative;min-height:22px;min-width:22px}.e-con-inner>.elementor-widget-spacer.elementor-widget-empty .elementor-widget-empty-icon,.e-con>.elementor-widget-spacer.elementor-widget-empty .elementor-widget-empty-icon{position:absolute;top:0;bottom:0;left:0;right:0;margin:auto;padding:0;width:22px;height:22px}<\/style>\t\t<div class=\"elementor-spacer\">\n\t\t\t<div class=\"elementor-spacer-inner\"><\/div>\n\t\t<\/div>\n\t\t\t\t<\/div>\n\t\t\t\t<\/div>\n\t\t\t\t\t<\/div>\n\t\t<\/div>\n\t\t\t\t\t\t\t<\/div>\n\t\t<\/section>\n\t\t\t\t<section class=\"elementor-section elementor-top-section elementor-element elementor-element-0be93f9 elementor-section-boxed elementor-section-height-default elementor-section-height-default\" data-id=\"0be93f9\" data-element_type=\"section\">\n\t\t\t\t\t\t<div class=\"elementor-container elementor-column-gap-default\">\n\t\t\t\t\t<div class=\"elementor-column elementor-col-100 elementor-top-column elementor-element elementor-element-dd37c0a\" data-id=\"dd37c0a\" data-element_type=\"column\">\n\t\t\t<div class=\"elementor-widget-wrap elementor-element-populated\">\n\t\t\t\t\t\t\t\t<div class=\"elementor-element elementor-element-89df2b4 elementor-widget elementor-widget-heading\" data-id=\"89df2b4\" data-element_type=\"widget\" data-widget_type=\"heading.default\">\n\t\t\t\t<div class=\"elementor-widget-container\">\n\t\t\t<style>\/*! elementor - v3.18.0 - 20-12-2023 *\/\n.elementor-heading-title{padding:0;margin:0;line-height:1}.elementor-widget-heading .elementor-heading-title[class*=elementor-size-]>a{color:inherit;font-size:inherit;line-height:inherit}.elementor-widget-heading .elementor-heading-title.elementor-size-small{font-size:15px}.elementor-widget-heading .elementor-heading-title.elementor-size-medium{font-size:19px}.elementor-widget-heading .elementor-heading-title.elementor-size-large{font-size:29px}.elementor-widget-heading .elementor-heading-title.elementor-size-xl{font-size:39px}.elementor-widget-heading .elementor-heading-title.elementor-size-xxl{font-size:59px}<\/style><h1 class=\"elementor-heading-title elementor-size-default\">Sacs PP non tiss\u00e9s \u00e0 prix avantageux<\/h1>\t\t<\/div>\n\t\t\t\t<\/div>\n\t\t\t\t\t<\/div>\n\t\t<\/div>\n\t\t\t\t\t\t\t<\/div>\n\t\t<\/section>\n\t\t\t\t<section class=\"elementor-section elementor-top-section elementor-element elementor-element-bccab6a elementor-section-boxed elementor-section-height-default elementor-section-height-default\" data-id=\"bccab6a\" data-element_type=\"section\">\n\t\t\t\t\t\t<div class=\"elementor-container elementor-column-gap-default\">\n\t\t\t\t\t<div class=\"elementor-column elementor-col-100 elementor-top-column elementor-element elementor-element-a702952\" data-id=\"a702952\" data-element_type=\"column\">\n\t\t\t<div class=\"elementor-widget-wrap elementor-element-populated\">\n\t\t\t\t\t\t\t\t<div class=\"elementor-element elementor-element-9291601 elementor-widget elementor-widget-text-editor\" data-id=\"9291601\" data-element_type=\"widget\" data-widget_type=\"text-editor.default\">\n\t\t\t\t<div class=\"elementor-widget-container\">\n\t\t\t<style>\/*! elementor - v3.18.0 - 20-12-2023 *\/\n.elementor-widget-text-editor.elementor-drop-cap-view-stacked .elementor-drop-cap{background-color:#69727d;color:#fff}.elementor-widget-text-editor.elementor-drop-cap-view-framed .elementor-drop-cap{color:#69727d;border:3px solid;background-color:transparent}.elementor-widget-text-editor:not(.elementor-drop-cap-view-default) .elementor-drop-cap{margin-top:8px}.elementor-widget-text-editor:not(.elementor-drop-cap-view-default) .elementor-drop-cap-letter{width:1em;height:1em}.elementor-widget-text-editor .elementor-drop-cap{float:left;text-align:center;line-height:1;font-size:50px}.elementor-widget-text-editor .elementor-drop-cap-letter{display:inline-block}<\/style>\t\t\t\t<p>Pour les entreprises et les particuliers qui cherchent une alternative \u00e9conomique au plastique \u00e0 usage unique, les sacs en polypropyl\u00e8ne non tiss\u00e9 (PP) sont devenus un choix populaire. Ces sacs l\u00e9gers mais durables sont parfaits pour tous les usages, des courses \u00e0 l&rsquo;\u00e9picerie aux cadeaux d&rsquo;entreprise. Dans cet article, nous verrons ce qu&rsquo;est le PP non tiss\u00e9, pourquoi il s&rsquo;agit d&rsquo;une option plus \u00e9cologique que le plastique jetable et comment prolonger son utilisation.  <\/p>\n<h2> <\/h2>\n<h2>Qu&rsquo;est-ce que le polypropyl\u00e8ne non tiss\u00e9 ?<\/h2>\n<p>Contrairement aux tissus, les mat\u00e9riaux non tiss\u00e9s sont fabriqu\u00e9s en liant des fibres de polypropyl\u00e8ne ensemble &#8211; m\u00e9caniquement, chimiquement ou thermiquement &#8211; ce qui donne une feuille semblable \u00e0 un tissu. Ce processus utilise moins de mat\u00e9riaux et d&rsquo;\u00e9nergie que la cr\u00e9ation de tissus, ce qui fait du PP non tiss\u00e9 une option \u00e9conomique et pouvant \u00eatre produite en masse. <\/p>\n<\/p>\n<h3>Caract\u00e9ristiques principales<\/h3>\n<ul>\n<li>L\u00e9ger : Facile \u00e0 transporter et \u00e0 plier pour le stockage.<\/li>\n<li>R\u00e9sistant \u00e0 l&rsquo;eau : id\u00e9al pour les courses mouill\u00e9es ou les conditions humides.<\/li>\n<li>Abordable : Id\u00e9al pour les grandes campagnes promotionnelles ou les \u00e9v\u00e9nements n\u00e9cessitant un grand nombre de sacs.<\/li>\n<\/ul>\n<\/p>\n<h2>Avantages pour l&rsquo;environnement (par rapport aux plastiques \u00e0 usage unique)<\/h2>\n<ul>\n<li>R\u00e9utilisable : M\u00eame si le PP non tiss\u00e9 reste du plastique, il est con\u00e7u pour un usage r\u00e9p\u00e9t\u00e9, ce qui r\u00e9duit le nombre de sacs jetables qui finissent dans les d\u00e9charges.<\/li>\n<li>Faible impact sur la fabrication : La production de PP non tiss\u00e9 consomme g\u00e9n\u00e9ralement moins d&rsquo;\u00e9nergie que la fabrication de tissus traditionnels.<\/li>\n<li>Potentiel de recyclage : Certaines installations de recyclage peuvent traiter le polypropyl\u00e8ne, mais la disponibilit\u00e9 varie selon les r\u00e9gions.<\/li>\n<\/ul>\n<\/p>\n<h2>Utilisations id\u00e9ales des sacs en PP non tiss\u00e9<\/h2>\n<ul>\n<li>Cadeaux promotionnels : Parce qu&rsquo;ils sont rentables, les sacs en PP non tiss\u00e9 sont souvent distribu\u00e9s lors de salons et d&rsquo;\u00e9v\u00e9nements.<\/li>\n<li>Achats quotidiens : Leur l\u00e9g\u00e8ret\u00e9 les rend pratiques pour les courses rapides.<\/li>\n<li>Rangement et organisation : Gardez-les dans la maison pour organiser les objets dans les placards ou les garde-manger.<\/li>\n<\/ul>\n<\/p>\n<h2>Entretien et maintenance<\/h2>\n<ul>\n<li>Essuyez r\u00e9guli\u00e8rement : Utilisez un chiffon humide ou un savon doux pour nettoyer la surface.<\/li>\n<li>S\u00e9chez compl\u00e8tement \u00e0 l&rsquo;air libre : Pr\u00e9venez les moisissures en vous assurant que le sac est compl\u00e8tement sec avant de le ranger.<\/li>\n<li>\u00c9vitez les surcharges : Bien que durables, les coutures peuvent se d\u00e9chirer sous l&rsquo;effet d&rsquo;un poids excessif.<\/li>\n<\/ul>\n<\/p>\n<h2>Conclusion<\/h2>\n<p>Les sacs en polypropyl\u00e8ne non tiss\u00e9 offrent un \u00e9quilibre entre prix abordable et durabilit\u00e9. Bien qu&rsquo;ils ne soient pas aussi biod\u00e9gradables que les fibres naturelles comme le jute ou le coton, leur r\u00e9utilisation les rend plus performants que les plastiques \u00e0 usage unique. Avec un entretien appropri\u00e9, ces sacs peuvent r\u00e9sister \u00e0 un usage r\u00e9p\u00e9t\u00e9, ce qui en fait une option pratique tant pour les entreprises que pour les consommateurs ordinaires.  <\/p><\/p>\n\t\t\t\t\t\t<\/div>\n\t\t\t\t<\/div>\n\t\t\t\t\t<\/div>\n\t\t<\/div>\n\t\t\t\t\t\t\t<\/div>\n\t\t<\/section>\n\t\t\t\t\t\t\t<\/div>\n\t\t","protected":false},"excerpt":{"rendered":"<p>Sacs PP non tiss\u00e9s \u00e0 prix avantageux Pour les entreprises et les particuliers qui cherchent une alternative \u00e9conomique au plastique \u00e0 usage unique, les sacs en polypropyl\u00e8ne non tiss\u00e9 (PP) sont devenus un choix populaire. Ces sacs l\u00e9gers mais durables sont parfaits pour tous les usages, des courses \u00e0 l&rsquo;\u00e9picerie aux cadeaux d&rsquo;entreprise. Dans cet [&hellip;]<\/p>\n","protected":false},"author":6996,"featured_media":0,"parent":0,"menu_order":0,"comment_status":"closed","ping_status":"closed","template":"elementor_header_footer","meta":{"content-type":"","_monsterinsights_skip_tracking":false,"_monsterinsights_sitenote_active":false,"_monsterinsights_sitenote_note":"","_monsterinsights_sitenote_category":0,"footnotes":""},"class_list":["post-85356","page","type-page","status-publish","hentry"],"yoast_head":"<!-- This site is optimized with the Yoast SEO plugin v21.7 - https:\/\/yoast.com\/wordpress\/plugins\/seo\/ -->\n<title>Sacs PP non tiss\u00e9s : Le choix r\u00e9utilisable et \u00e9conomique<\/title>\n<meta name=\"description\" content=\"D\u00e9couvrez comment les sacs en polypropyl\u00e8ne non tiss\u00e9 permettent de lutter contre les d\u00e9chets plastiques tout en respectant votre budget. D\u00e9couvrez leurs caract\u00e9ristiques, leurs utilisations id\u00e9ales et les conseils d&#039;entretien.\" \/>\n<meta name=\"robots\" content=\"index, follow, max-snippet:-1, max-image-preview:large, max-video-preview:-1\" \/>\n<link rel=\"canonical\" href=\"https:\/\/gojuteinternational.com\/fr\/budget-friendly-non-woven-pp-bags\/\" \/>\n<meta property=\"og:locale\" content=\"fr_FR\" \/>\n<meta property=\"og:type\" content=\"article\" \/>\n<meta property=\"og:title\" content=\"Sacs PP non tiss\u00e9s : Le choix r\u00e9utilisable et \u00e9conomique\" \/>\n<meta property=\"og:description\" content=\"D\u00e9couvrez comment les sacs en polypropyl\u00e8ne non tiss\u00e9 permettent de lutter contre les d\u00e9chets plastiques tout en respectant votre budget. D\u00e9couvrez leurs caract\u00e9ristiques, leurs utilisations id\u00e9ales et les conseils d&#039;entretien.\" \/>\n<meta property=\"og:url\" content=\"https:\/\/gojuteinternational.com\/fr\/budget-friendly-non-woven-pp-bags\/\" \/>\n<meta property=\"og:site_name\" content=\"GoJute International\" \/>\n<meta property=\"article:publisher\" content=\"https:\/\/www.facebook.com\/gojute\" \/>\n<meta property=\"article:modified_time\" content=\"2025-02-25T05:53:03+00:00\" \/>\n<meta name=\"twitter:card\" content=\"summary_large_image\" \/>\n<meta name=\"twitter:label1\" content=\"Dur\u00e9e de lecture estim\u00e9e\" \/>\n\t<meta name=\"twitter:data1\" content=\"2 minutes\" \/>\n<script type=\"application\/ld+json\" class=\"yoast-schema-graph\">{\"@context\":\"https:\/\/schema.org\",\"@graph\":[{\"@type\":\"WebPage\",\"@id\":\"https:\/\/gojuteinternational.com\/fr\/budget-friendly-non-woven-pp-bags\/\",\"url\":\"https:\/\/gojuteinternational.com\/fr\/budget-friendly-non-woven-pp-bags\/\",\"name\":\"Sacs PP non tiss\u00e9s : Le choix r\u00e9utilisable et \u00e9conomique\",\"isPartOf\":{\"@id\":\"https:\/\/gojuteinternational.com\/fr\/#website\"},\"datePublished\":\"2025-02-11T12:25:04+00:00\",\"dateModified\":\"2025-02-25T05:53:03+00:00\",\"description\":\"D\u00e9couvrez comment les sacs en polypropyl\u00e8ne non tiss\u00e9 permettent de lutter contre les d\u00e9chets plastiques tout en respectant votre budget. D\u00e9couvrez leurs caract\u00e9ristiques, leurs utilisations id\u00e9ales et les conseils d'entretien.\",\"breadcrumb\":{\"@id\":\"https:\/\/gojuteinternational.com\/fr\/budget-friendly-non-woven-pp-bags\/#breadcrumb\"},\"inLanguage\":\"fr-FR\",\"potentialAction\":[{\"@type\":\"ReadAction\",\"target\":[\"https:\/\/gojuteinternational.com\/fr\/budget-friendly-non-woven-pp-bags\/\"]}]},{\"@type\":\"BreadcrumbList\",\"@id\":\"https:\/\/gojuteinternational.com\/fr\/budget-friendly-non-woven-pp-bags\/#breadcrumb\",\"itemListElement\":[{\"@type\":\"ListItem\",\"position\":1,\"name\":\"Home\",\"item\":\"https:\/\/gojuteinternational.com\/fr\/\"},{\"@type\":\"ListItem\",\"position\":2,\"name\":\"Sacs PP non tiss\u00e9s \u00e0 prix avantageux\"}]},{\"@type\":\"WebSite\",\"@id\":\"https:\/\/gojuteinternational.com\/fr\/#website\",\"url\":\"https:\/\/gojuteinternational.com\/fr\/\",\"name\":\"GoJute International\",\"description\":\"Printed bags for business\",\"publisher\":{\"@id\":\"https:\/\/gojuteinternational.com\/fr\/#organization\"},\"alternateName\":\"GoJute\",\"potentialAction\":[{\"@type\":\"SearchAction\",\"target\":{\"@type\":\"EntryPoint\",\"urlTemplate\":\"https:\/\/gojuteinternational.com\/fr\/?s={search_term_string}\"},\"query-input\":\"required name=search_term_string\"}],\"inLanguage\":\"fr-FR\"},{\"@type\":\"Organization\",\"@id\":\"https:\/\/gojuteinternational.com\/fr\/#organization\",\"name\":\"GoJute International\",\"alternateName\":\"GoJute\",\"url\":\"https:\/\/gojuteinternational.com\/fr\/\",\"logo\":{\"@type\":\"ImageObject\",\"inLanguage\":\"fr-FR\",\"@id\":\"https:\/\/gojuteinternational.com\/fr\/#\/schema\/logo\/image\/\",\"url\":\"https:\/\/gojuteinternational.com\/wp-content\/uploads\/2022\/06\/GoJute-Logo-RGB.png\",\"contentUrl\":\"https:\/\/gojuteinternational.com\/wp-content\/uploads\/2022\/06\/GoJute-Logo-RGB.png\",\"width\":2000,\"height\":1809,\"caption\":\"GoJute International\"},\"image\":{\"@id\":\"https:\/\/gojuteinternational.com\/fr\/#\/schema\/logo\/image\/\"},\"sameAs\":[\"https:\/\/www.facebook.com\/gojute\",\"https:\/\/www.instagram.com\/gojute\/\"]}]}<\/script>\n<!-- \/ Yoast SEO plugin. -->","yoast_head_json":{"title":"Sacs PP non tiss\u00e9s : Le choix r\u00e9utilisable et \u00e9conomique","description":"D\u00e9couvrez comment les sacs en polypropyl\u00e8ne non tiss\u00e9 permettent de lutter contre les d\u00e9chets plastiques tout en respectant votre budget. D\u00e9couvrez leurs caract\u00e9ristiques, leurs utilisations id\u00e9ales et les conseils d'entretien.","robots":{"index":"index","follow":"follow","max-snippet":"max-snippet:-1","max-image-preview":"max-image-preview:large","max-video-preview":"max-video-preview:-1"},"canonical":"https:\/\/gojuteinternational.com\/fr\/budget-friendly-non-woven-pp-bags\/","og_locale":"fr_FR","og_type":"article","og_title":"Sacs PP non tiss\u00e9s : Le choix r\u00e9utilisable et \u00e9conomique","og_description":"D\u00e9couvrez comment les sacs en polypropyl\u00e8ne non tiss\u00e9 permettent de lutter contre les d\u00e9chets plastiques tout en respectant votre budget. D\u00e9couvrez leurs caract\u00e9ristiques, leurs utilisations id\u00e9ales et les conseils d'entretien.","og_url":"https:\/\/gojuteinternational.com\/fr\/budget-friendly-non-woven-pp-bags\/","og_site_name":"GoJute International","article_publisher":"https:\/\/www.facebook.com\/gojute","article_modified_time":"2025-02-25T05:53:03+00:00","twitter_card":"summary_large_image","twitter_misc":{"Dur\u00e9e de lecture estim\u00e9e":"2 minutes"},"schema":{"@context":"https:\/\/schema.org","@graph":[{"@type":"WebPage","@id":"https:\/\/gojuteinternational.com\/fr\/budget-friendly-non-woven-pp-bags\/","url":"https:\/\/gojuteinternational.com\/fr\/budget-friendly-non-woven-pp-bags\/","name":"Sacs PP non tiss\u00e9s : Le choix r\u00e9utilisable et \u00e9conomique","isPartOf":{"@id":"https:\/\/gojuteinternational.com\/fr\/#website"},"datePublished":"2025-02-11T12:25:04+00:00","dateModified":"2025-02-25T05:53:03+00:00","description":"D\u00e9couvrez comment les sacs en polypropyl\u00e8ne non tiss\u00e9 permettent de lutter contre les d\u00e9chets plastiques tout en respectant votre budget. D\u00e9couvrez leurs caract\u00e9ristiques, leurs utilisations id\u00e9ales et les conseils d'entretien.","breadcrumb":{"@id":"https:\/\/gojuteinternational.com\/fr\/budget-friendly-non-woven-pp-bags\/#breadcrumb"},"inLanguage":"fr-FR","potentialAction":[{"@type":"ReadAction","target":["https:\/\/gojuteinternational.com\/fr\/budget-friendly-non-woven-pp-bags\/"]}]},{"@type":"BreadcrumbList","@id":"https:\/\/gojuteinternational.com\/fr\/budget-friendly-non-woven-pp-bags\/#breadcrumb","itemListElement":[{"@type":"ListItem","position":1,"name":"Home","item":"https:\/\/gojuteinternational.com\/fr\/"},{"@type":"ListItem","position":2,"name":"Sacs PP non tiss\u00e9s \u00e0 prix avantageux"}]},{"@type":"WebSite","@id":"https:\/\/gojuteinternational.com\/fr\/#website","url":"https:\/\/gojuteinternational.com\/fr\/","name":"GoJute International","description":"Printed bags for business","publisher":{"@id":"https:\/\/gojuteinternational.com\/fr\/#organization"},"alternateName":"GoJute","potentialAction":[{"@type":"SearchAction","target":{"@type":"EntryPoint","urlTemplate":"https:\/\/gojuteinternational.com\/fr\/?s={search_term_string}"},"query-input":"required name=search_term_string"}],"inLanguage":"fr-FR"},{"@type":"Organization","@id":"https:\/\/gojuteinternational.com\/fr\/#organization","name":"GoJute International","alternateName":"GoJute","url":"https:\/\/gojuteinternational.com\/fr\/","logo":{"@type":"ImageObject","inLanguage":"fr-FR","@id":"https:\/\/gojuteinternational.com\/fr\/#\/schema\/logo\/image\/","url":"https:\/\/gojuteinternational.com\/wp-content\/uploads\/2022\/06\/GoJute-Logo-RGB.png","contentUrl":"https:\/\/gojuteinternational.com\/wp-content\/uploads\/2022\/06\/GoJute-Logo-RGB.png","width":2000,"height":1809,"caption":"GoJute International"},"image":{"@id":"https:\/\/gojuteinternational.com\/fr\/#\/schema\/logo\/image\/"},"sameAs":["https:\/\/www.facebook.com\/gojute","https:\/\/www.instagram.com\/gojute\/"]}]}},"_links":{"self":[{"href":"https:\/\/gojuteinternational.com\/fr\/wp-json\/wp\/v2\/pages\/85356","targetHints":{"allow":["GET"]}}],"collection":[{"href":"https:\/\/gojuteinternational.com\/fr\/wp-json\/wp\/v2\/pages"}],"about":[{"href":"https:\/\/gojuteinternational.com\/fr\/wp-json\/wp\/v2\/types\/page"}],"author":[{"embeddable":true,"href":"https:\/\/gojuteinternational.com\/fr\/wp-json\/wp\/v2\/users\/6996"}],"replies":[{"embeddable":true,"href":"https:\/\/gojuteinternational.com\/fr\/wp-json\/wp\/v2\/comments?post=85356"}],"version-history":[{"count":3,"href":"https:\/\/gojuteinternational.com\/fr\/wp-json\/wp\/v2\/pages\/85356\/revisions"}],"predecessor-version":[{"id":86035,"href":"https:\/\/gojuteinternational.com\/fr\/wp-json\/wp\/v2\/pages\/85356\/revisions\/86035"}],"wp:attachment":[{"href":"https:\/\/gojuteinternational.com\/fr\/wp-json\/wp\/v2\/media?parent=85356"}],"curies":[{"name":"wp","href":"https:\/\/api.w.org\/{rel}","templated":true}]}}